{"id":359,"date":"2023-05-22T11:00:06","date_gmt":"2023-05-22T08:00:06","guid":{"rendered":"https:\/\/sey.fi\/nuoret\/?page_id=359"},"modified":"2023-08-16T15:23:25","modified_gmt":"2023-08-16T12:23:25","slug":"uutishaukka","status":"publish","type":"page","link":"https:\/\/sey.fi\/nuoret\/uutishaukka\/","title":{"rendered":"Uutishaukka \u2013 SEYn uutiskirje nuorille"},"content":{"rendered":"<div class=\"wp-block-image\">\n<figure class=\"aligncenter size-full is-resized\"><img loading=\"lazy\" decoding=\"async\" src=\"https:\/\/sey.fi\/wp-content\/uploads\/sites\/51\/2023\/08\/sey-nuoret-vinjetti.png\" alt=\"Logo, jossa lukee: SEYn nuorten vapaaethoisten tekem\u00e4 sivusto nuorille\" class=\"wp-image-740\" width=\"200\" height=\"200\" srcset=\"https:\/\/sey.fi\/wp-content\/uploads\/sites\/51\/2023\/08\/sey-nuoret-vinjetti.png 500w, https:\/\/sey.fi\/wp-content\/uploads\/sites\/51\/2023\/08\/sey-nuoret-vinjetti-300x300.png 300w, https:\/\/sey.fi\/wp-content\/uploads\/sites\/51\/2023\/08\/sey-nuoret-vinjetti-150x150.png 150w, https:\/\/sey.fi\/wp-content\/uploads\/sites\/51\/2023\/08\/sey-nuoret-vinjetti-160x160.png 160w\" sizes=\"auto, (max-width: 200px) 100vw, 200px\" \/><\/figure><\/div>\n\n\n<figure class=\"wp-block-image size-large\"><img loading=\"lazy\" decoding=\"async\" width=\"1024\" height=\"577\" src=\"https:\/\/sey.fi\/wp-content\/uploads\/sites\/51\/2023\/05\/Tilaa-uutishaukka-kopio-1024x577.jpg\" alt=\"Tilaa uutishaukka - SEYn uutiskirje nuorille\" class=\"wp-image-413\" srcset=\"https:\/\/sey.fi\/wp-content\/uploads\/sites\/51\/2023\/05\/Tilaa-uutishaukka-kopio-1024x577.jpg 1024w, https:\/\/sey.fi\/wp-content\/uploads\/sites\/51\/2023\/05\/Tilaa-uutishaukka-kopio-300x169.jpg 300w, https:\/\/sey.fi\/wp-content\/uploads\/sites\/51\/2023\/05\/Tilaa-uutishaukka-kopio-768x433.jpg 768w, https:\/\/sey.fi\/wp-content\/uploads\/sites\/51\/2023\/05\/Tilaa-uutishaukka-kopio.jpg 1131w\" sizes=\"auto, (max-width: 1024px) 100vw, 1024px\" \/><\/figure>\n\n\n\n<h3 class=\"wp-block-heading\">Hei 13-20-vuotias nuori, tilaa SEYn UUTISHAUKKA!<\/h3>\n\n\n\n<p>Uutishaukka uutiskirje on tarkoitettu el\u00e4imist\u00e4 ja el\u00e4insuojelusta kiinnostuneille nuorille. El\u00e4insuojelu ja el\u00e4inten hyvinvoinnin turvaaminen on t\u00e4rke\u00e4\u00e4, ja my\u00f6s nuoret voivat tehd\u00e4 tekoja&nbsp;el\u00e4imille paremman maailman&nbsp;puolesta.&nbsp;Tule sin\u00e4kin mukaan!<\/p>\n\n\n\n<h2 class=\"wp-block-heading has-text-align-center\"><a href=\"https:\/\/sey.fi\/osallistu-ja-vaikuta\/nuorille\/tilaa-uutishaukka\/\" target=\"_blank\" rel=\"noreferrer noopener\">Tilaa Uutishaukka t\u00e4st\u00e4!<\/a><\/h2>\n\n\n\n<hr class=\"wp-block-separator has-alpha-channel-opacity\" \/>\n\n\n\n<p>Uutishaukan tilaajana\u00a0saat\u00a0s\u00e4hk\u00f6postiisi\u00a0tietoa el\u00e4inten hyvinvoinnista noin kerran kuukaudessa. Saat my\u00f6s vinkkej\u00e4 vaikuttamiseen. Halutessasi p\u00e4\u00e4set Uutishaukan kautta vaikuttamaan SEYn toimintaan muun muassa kyselyiden kautta. Uutishaukan tilaaminen ei sido mihink\u00e4\u00e4n, ja voit\u00a0perua uutiskirjeen tilauksen koska tahansa.\u00a0\u00a0<\/p>\n\n\n\n<p><strong>Kun olet tilannut Uutishaukan, saat linkin SEYn nuorten Discord-serverille. Discord-serverill\u00e4 p\u00e4\u00e4set juttelemaan muiden samanhenkisten nuorten kanssa.<\/strong> Serverill\u00e4 j\u00e4rjestet\u00e4\u00e4n my\u00f6s el\u00e4imiin ja el\u00e4intensuojeluun liittyvi\u00e4 tapahtumia ja pieni\u00e4 kilpailuita, joihin jokainen on tervetullut.<\/p>\n\n\n\n<p>Meille on t\u00e4rke\u00e4\u00e4, ett\u00e4 el\u00e4insuojelu sis\u00e4lt\u00e4\u00e4 toimintaa, johon my\u00f6s nuoret p\u00e4\u00e4sev\u00e4t mukaan. Kehit\u00e4mme jatkuvasti uutta toimintaa nuorille, joten kannattaa pysy\u00e4 kuulolla!<\/p>\n\n\n\n<hr class=\"wp-block-separator has-alpha-channel-opacity\" \/>\n","protected":false},"excerpt":{"rendered":"<p>Hei 13-20-vuotias nuori, tilaa SEYn UUTISHAUKKA! Uutishaukka uutiskirje on tarkoitettu el\u00e4imist\u00e4 ja el\u00e4insuojelusta kiinnostuneille nuorille. El\u00e4insuojelu ja el\u00e4inten hyvinvoinnin turvaaminen on t\u00e4rke\u00e4\u00e4, ja my\u00f6s nuoret voivat tehd\u00e4 tekoja&nbsp;el\u00e4imille paremman maailman&nbsp;puolesta.&nbsp;Tule sin\u00e4kin mukaan! Tilaa Uutishaukka t\u00e4st\u00e4! Uutishaukan tilaajana\u00a0saat\u00a0s\u00e4hk\u00f6postiisi\u00a0tietoa el\u00e4inten hyvinvoinnista noin kerran kuukaudessa. Saat my\u00f6s vinkkej\u00e4 vaikuttamiseen. Halutessasi p\u00e4\u00e4set Uutishaukan kautta vaikuttamaan SEYn toimintaan muun muassa [&hellip;]<\/p>\n","protected":false},"author":67,"featured_media":0,"parent":0,"menu_order":0,"comment_status":"closed","ping_status":"closed","template":"","meta":{"_acf_changed":false,"footnotes":""},"class_list":["post-359","page","type-page","status-publish","hentry"],"acf":[],"yoast_head":"<!-- This site is optimized with the Yoast SEO plugin v27.1.1 - https:\/\/yoast.com\/product\/yoast-seo-wordpress\/ -->\n<title>Uutishaukka \u2013 SEYn uutiskirje nuorille - Nuorten el\u00e4insuojelutoiminnan opas<\/title>\n<meta name=\"description\" content=\"Uutishaukka on SEYn uutiskirje nuorille. El\u00e4insuojelu ja el\u00e4inten hyvinvoinnin turvaaminen on t\u00e4rke\u00e4\u00e4, ja my\u00f6s nuoret voivat tehd\u00e4 tekoja\u00a0el\u00e4imille paremman maailman\u00a0puolesta.\u00a0Tule sin\u00e4kin mukaan!\" \/>\n<meta name=\"robots\" content=\"index, follow, max-snippet:-1, max-image-preview:large, max-video-preview:-1\" \/>\n<link rel=\"canonical\" href=\"https:\/\/sey.fi\/nuoret\/uutishaukka\/\" \/>\n<meta property=\"og:locale\" content=\"fi_FI\" \/>\n<meta property=\"og:type\" content=\"article\" \/>\n<meta property=\"og:title\" content=\"Uutishaukka - SEYn uutiskirje nuorille\" \/>\n<meta property=\"og:description\" content=\"Hei 13-20-vuotias nuori, tilaa SEY:n UUTISHAUKKA!El\u00e4insuojelu ja el\u00e4inten hyvinvoinnin turvaaminen on t\u00e4rke\u00e4\u00e4, ja my\u00f6s nuoret voivat tehd\u00e4 tekoja\u00a0el\u00e4imille paremman maailman\u00a0puolesta.\u00a0Tule sin\u00e4kin mukaan!\" \/>\n<meta property=\"og:url\" content=\"https:\/\/sey.fi\/nuoret\/uutishaukka\/\" \/>\n<meta property=\"og:site_name\" content=\"Nuorten el\u00e4insuojelutoiminnan opas\" \/>\n<meta property=\"article:modified_time\" content=\"2023-08-16T12:23:25+00:00\" \/>\n<meta property=\"og:image\" content=\"https:\/\/sey.fi\/wp-content\/uploads\/sites\/51\/2023\/05\/Tilaa-uutishaukka-kopio.jpg\" \/>\n\t<meta property=\"og:image:width\" content=\"1131\" \/>\n\t<meta property=\"og:image:height\" content=\"637\" \/>\n\t<meta property=\"og:image:type\" content=\"image\/jpeg\" \/>\n<meta name=\"twitter:card\" content=\"summary_large_image\" \/>\n<meta name=\"twitter:title\" content=\"Uutishaukka - SEYn uutiskirje nuorille\" \/>\n<meta name=\"twitter:description\" content=\"Hei 13-20-vuotias nuori, tilaa SEY:n UUTISHAUKKA! El\u00e4insuojelu ja el\u00e4inten hyvinvoinnin turvaaminen on t\u00e4rke\u00e4\u00e4, ja my\u00f6s nuoret voivat tehd\u00e4 tekoja\u00a0el\u00e4imille paremman maailman\u00a0puolesta.\u00a0Tule sin\u00e4kin mukaan!\" \/>\n<meta name=\"twitter:image\" content=\"https:\/\/sey.fi\/wp-content\/uploads\/sites\/51\/2023\/05\/Tilaa-uutishaukka-kopio.jpg\" \/>\n<meta name=\"twitter:label1\" content=\"Arvioitu lukuaika\" \/>\n\t<meta name=\"twitter:data1\" content=\"2 minuuttia\" \/>\n<script type=\"application\/ld+json\" class=\"yoast-schema-graph\">{\"@context\":\"https:\/\/schema.org\",\"@graph\":[{\"@type\":\"WebPage\",\"@id\":\"https:\/\/sey.fi\/nuoret\/uutishaukka\/\",\"url\":\"https:\/\/sey.fi\/nuoret\/uutishaukka\/\",\"name\":\"Uutishaukka \u2013 SEYn uutiskirje nuorille - Nuorten el\u00e4insuojelutoiminnan opas\",\"isPartOf\":{\"@id\":\"https:\/\/sey.fi\/nuoret\/#website\"},\"primaryImageOfPage\":{\"@id\":\"https:\/\/sey.fi\/nuoret\/uutishaukka\/#primaryimage\"},\"image\":{\"@id\":\"https:\/\/sey.fi\/nuoret\/uutishaukka\/#primaryimage\"},\"thumbnailUrl\":\"https:\/\/sey.fi\/wp-content\/uploads\/sites\/51\/2023\/08\/sey-nuoret-vinjetti.png\",\"datePublished\":\"2023-05-22T08:00:06+00:00\",\"dateModified\":\"2023-08-16T12:23:25+00:00\",\"description\":\"Uutishaukka on SEYn uutiskirje nuorille. El\u00e4insuojelu ja el\u00e4inten hyvinvoinnin turvaaminen on t\u00e4rke\u00e4\u00e4, ja my\u00f6s nuoret voivat tehd\u00e4 tekoja\u00a0el\u00e4imille paremman maailman\u00a0puolesta.\u00a0Tule sin\u00e4kin mukaan!\",\"breadcrumb\":{\"@id\":\"https:\/\/sey.fi\/nuoret\/uutishaukka\/#breadcrumb\"},\"inLanguage\":\"fi\",\"potentialAction\":[{\"@type\":\"ReadAction\",\"target\":[\"https:\/\/sey.fi\/nuoret\/uutishaukka\/\"]}]},{\"@type\":\"ImageObject\",\"inLanguage\":\"fi\",\"@id\":\"https:\/\/sey.fi\/nuoret\/uutishaukka\/#primaryimage\",\"url\":\"https:\/\/sey.fi\/wp-content\/uploads\/sites\/51\/2023\/08\/sey-nuoret-vinjetti.png\",\"contentUrl\":\"https:\/\/sey.fi\/wp-content\/uploads\/sites\/51\/2023\/08\/sey-nuoret-vinjetti.png\"},{\"@type\":\"BreadcrumbList\",\"@id\":\"https:\/\/sey.fi\/nuoret\/uutishaukka\/#breadcrumb\",\"itemListElement\":[{\"@type\":\"ListItem\",\"position\":1,\"name\":\"Home\",\"item\":\"https:\/\/sey.fi\/nuoret\/\"},{\"@type\":\"ListItem\",\"position\":2,\"name\":\"Uutishaukka \u2013 SEYn uutiskirje nuorille\"}]},{\"@type\":\"WebSite\",\"@id\":\"https:\/\/sey.fi\/nuoret\/#website\",\"url\":\"https:\/\/sey.fi\/nuoret\/\",\"name\":\"Nuorten el\u00e4insuojelutoiminnan opas\",\"description\":\"SEY nuortet\",\"potentialAction\":[{\"@type\":\"SearchAction\",\"target\":{\"@type\":\"EntryPoint\",\"urlTemplate\":\"https:\/\/sey.fi\/nuoret\/?s={search_term_string}\"},\"query-input\":{\"@type\":\"PropertyValueSpecification\",\"valueRequired\":true,\"valueName\":\"search_term_string\"}}],\"inLanguage\":\"fi\"}]}<\/script>\n<!-- \/ Yoast SEO plugin. -->","yoast_head_json":{"title":"Uutishaukka \u2013 SEYn uutiskirje nuorille - Nuorten el\u00e4insuojelutoiminnan opas","description":"Uutishaukka on SEYn uutiskirje nuorille. El\u00e4insuojelu ja el\u00e4inten hyvinvoinnin turvaaminen on t\u00e4rke\u00e4\u00e4, ja my\u00f6s nuoret voivat tehd\u00e4 tekoja\u00a0el\u00e4imille paremman maailman\u00a0puolesta.\u00a0Tule sin\u00e4kin mukaan!","robots":{"index":"index","follow":"follow","max-snippet":"max-snippet:-1","max-image-preview":"max-image-preview:large","max-video-preview":"max-video-preview:-1"},"canonical":"https:\/\/sey.fi\/nuoret\/uutishaukka\/","og_locale":"fi_FI","og_type":"article","og_title":"Uutishaukka - SEYn uutiskirje nuorille","og_description":"Hei 13-20-vuotias nuori, tilaa SEY:n UUTISHAUKKA!El\u00e4insuojelu ja el\u00e4inten hyvinvoinnin turvaaminen on t\u00e4rke\u00e4\u00e4, ja my\u00f6s nuoret voivat tehd\u00e4 tekoja\u00a0el\u00e4imille paremman maailman\u00a0puolesta.\u00a0Tule sin\u00e4kin mukaan!","og_url":"https:\/\/sey.fi\/nuoret\/uutishaukka\/","og_site_name":"Nuorten el\u00e4insuojelutoiminnan opas","article_modified_time":"2023-08-16T12:23:25+00:00","og_image":[{"width":1131,"height":637,"url":"https:\/\/sey.fi\/wp-content\/uploads\/sites\/51\/2023\/05\/Tilaa-uutishaukka-kopio.jpg","type":"image\/jpeg"}],"twitter_card":"summary_large_image","twitter_title":"Uutishaukka - SEYn uutiskirje nuorille","twitter_description":"Hei 13-20-vuotias nuori, tilaa SEY:n UUTISHAUKKA! El\u00e4insuojelu ja el\u00e4inten hyvinvoinnin turvaaminen on t\u00e4rke\u00e4\u00e4, ja my\u00f6s nuoret voivat tehd\u00e4 tekoja\u00a0el\u00e4imille paremman maailman\u00a0puolesta.\u00a0Tule sin\u00e4kin mukaan!","twitter_image":"https:\/\/sey.fi\/wp-content\/uploads\/sites\/51\/2023\/05\/Tilaa-uutishaukka-kopio.jpg","twitter_misc":{"Arvioitu lukuaika":"2 minuuttia"},"schema":{"@context":"https:\/\/schema.org","@graph":[{"@type":"WebPage","@id":"https:\/\/sey.fi\/nuoret\/uutishaukka\/","url":"https:\/\/sey.fi\/nuoret\/uutishaukka\/","name":"Uutishaukka \u2013 SEYn uutiskirje nuorille - Nuorten el\u00e4insuojelutoiminnan opas","isPartOf":{"@id":"https:\/\/sey.fi\/nuoret\/#website"},"primaryImageOfPage":{"@id":"https:\/\/sey.fi\/nuoret\/uutishaukka\/#primaryimage"},"image":{"@id":"https:\/\/sey.fi\/nuoret\/uutishaukka\/#primaryimage"},"thumbnailUrl":"https:\/\/sey.fi\/wp-content\/uploads\/sites\/51\/2023\/08\/sey-nuoret-vinjetti.png","datePublished":"2023-05-22T08:00:06+00:00","dateModified":"2023-08-16T12:23:25+00:00","description":"Uutishaukka on SEYn uutiskirje nuorille. El\u00e4insuojelu ja el\u00e4inten hyvinvoinnin turvaaminen on t\u00e4rke\u00e4\u00e4, ja my\u00f6s nuoret voivat tehd\u00e4 tekoja\u00a0el\u00e4imille paremman maailman\u00a0puolesta.\u00a0Tule sin\u00e4kin mukaan!","breadcrumb":{"@id":"https:\/\/sey.fi\/nuoret\/uutishaukka\/#breadcrumb"},"inLanguage":"fi","potentialAction":[{"@type":"ReadAction","target":["https:\/\/sey.fi\/nuoret\/uutishaukka\/"]}]},{"@type":"ImageObject","inLanguage":"fi","@id":"https:\/\/sey.fi\/nuoret\/uutishaukka\/#primaryimage","url":"https:\/\/sey.fi\/wp-content\/uploads\/sites\/51\/2023\/08\/sey-nuoret-vinjetti.png","contentUrl":"https:\/\/sey.fi\/wp-content\/uploads\/sites\/51\/2023\/08\/sey-nuoret-vinjetti.png"},{"@type":"BreadcrumbList","@id":"https:\/\/sey.fi\/nuoret\/uutishaukka\/#breadcrumb","itemListElement":[{"@type":"ListItem","position":1,"name":"Home","item":"https:\/\/sey.fi\/nuoret\/"},{"@type":"ListItem","position":2,"name":"Uutishaukka \u2013 SEYn uutiskirje nuorille"}]},{"@type":"WebSite","@id":"https:\/\/sey.fi\/nuoret\/#website","url":"https:\/\/sey.fi\/nuoret\/","name":"Nuorten el\u00e4insuojelutoiminnan opas","description":"SEY nuortet","potentialAction":[{"@type":"SearchAction","target":{"@type":"EntryPoint","urlTemplate":"https:\/\/sey.fi\/nuoret\/?s={search_term_string}"},"query-input":{"@type":"PropertyValueSpecification","valueRequired":true,"valueName":"search_term_string"}}],"inLanguage":"fi"}]}},"_links":{"self":[{"href":"https:\/\/sey.fi\/nuoret\/wp-json\/wp\/v2\/pages\/359","targetHints":{"allow":["GET"]}}],"collection":[{"href":"https:\/\/sey.fi\/nuoret\/wp-json\/wp\/v2\/pages"}],"about":[{"href":"https:\/\/sey.fi\/nuoret\/wp-json\/wp\/v2\/types\/page"}],"author":[{"embeddable":true,"href":"https:\/\/sey.fi\/nuoret\/wp-json\/wp\/v2\/users\/67"}],"replies":[{"embeddable":true,"href":"https:\/\/sey.fi\/nuoret\/wp-json\/wp\/v2\/comments?post=359"}],"version-history":[{"count":21,"href":"https:\/\/sey.fi\/nuoret\/wp-json\/wp\/v2\/pages\/359\/revisions"}],"predecessor-version":[{"id":809,"href":"https:\/\/sey.fi\/nuoret\/wp-json\/wp\/v2\/pages\/359\/revisions\/809"}],"wp:attachment":[{"href":"https:\/\/sey.fi\/nuoret\/wp-json\/wp\/v2\/media?parent=359"}],"curies":[{"name":"wp","href":"https:\/\/api.w.org\/{rel}","templated":true}]}}