{"id":420,"date":"2023-05-22T11:17:48","date_gmt":"2023-05-22T08:17:48","guid":{"rendered":"https:\/\/sey.fi\/nuoret\/?page_id=420"},"modified":"2023-08-17T10:54:37","modified_gmt":"2023-08-17T07:54:37","slug":"elainsuojeluyhdistykset","status":"publish","type":"page","link":"https:\/\/sey.fi\/nuoret\/elainsuojeluyhdistykset\/","title":{"rendered":"El\u00e4insuojeluyhdistykset"},"content":{"rendered":"<div class=\"wp-block-image\">\n<figure class=\"aligncenter size-full is-resized\"><img loading=\"lazy\" decoding=\"async\" src=\"https:\/\/sey.fi\/wp-content\/uploads\/sites\/51\/2023\/08\/sey-nuoret-vinjetti.png\" alt=\"Logo, jossa lukee: SEYn nuorten vapaaethoisten tekem\u00e4 sivusto nuorille\" class=\"wp-image-740\" width=\"200\" height=\"200\" srcset=\"https:\/\/sey.fi\/wp-content\/uploads\/sites\/51\/2023\/08\/sey-nuoret-vinjetti.png 500w, https:\/\/sey.fi\/wp-content\/uploads\/sites\/51\/2023\/08\/sey-nuoret-vinjetti-300x300.png 300w, https:\/\/sey.fi\/wp-content\/uploads\/sites\/51\/2023\/08\/sey-nuoret-vinjetti-150x150.png 150w, https:\/\/sey.fi\/wp-content\/uploads\/sites\/51\/2023\/08\/sey-nuoret-vinjetti-160x160.png 160w\" sizes=\"auto, (max-width: 200px) 100vw, 200px\" \/><\/figure><\/div>\n\n\n<figure class=\"wp-block-image size-large\"><img loading=\"lazy\" decoding=\"async\" width=\"1024\" height=\"512\" src=\"https:\/\/sey.fi\/wp-content\/uploads\/sites\/51\/2023\/05\/sey-jasenyhdistykset-kissa-1024x512.jpg\" alt=\"Ruskea kissa, jolla on vihre\u00e4t silm\u00e4t.\" class=\"wp-image-421\" srcset=\"https:\/\/sey.fi\/wp-content\/uploads\/sites\/51\/2023\/05\/sey-jasenyhdistykset-kissa-1024x512.jpg 1024w, https:\/\/sey.fi\/wp-content\/uploads\/sites\/51\/2023\/05\/sey-jasenyhdistykset-kissa-300x150.jpg 300w, https:\/\/sey.fi\/wp-content\/uploads\/sites\/51\/2023\/05\/sey-jasenyhdistykset-kissa-768x384.jpg 768w, https:\/\/sey.fi\/wp-content\/uploads\/sites\/51\/2023\/05\/sey-jasenyhdistykset-kissa-640x320.jpg 640w, https:\/\/sey.fi\/wp-content\/uploads\/sites\/51\/2023\/05\/sey-jasenyhdistykset-kissa-320x160.jpg 320w, https:\/\/sey.fi\/wp-content\/uploads\/sites\/51\/2023\/05\/sey-jasenyhdistykset-kissa.jpg 1280w\" sizes=\"auto, (max-width: 1024px) 100vw, 1024px\" \/><\/figure>\n\n\n\n<p>El\u00e4insuojeluyhdistykset tekev\u00e4t t\u00e4rke\u00e4\u00e4 ty\u00f6t\u00e4 el\u00e4inten hyv\u00e4ksi. Useimmat yhdistykset tekev\u00e4t t\u00f6it\u00e4 l\u00f6yt\u00f6- ja kodittomien el\u00e4inten sek\u00e4 luonnonvaraisten el\u00e4inten hyv\u00e4ksi ja osalla yhdistyksist\u00e4 on oma l\u00f6yt\u00f6el\u00e4intalo. El\u00e4insuojeluyhdistykset toimivat my\u00f6s alueensa el\u00e4insuojelun asiantuntijoina ja heilt\u00e4 voi saada apua ongelmatilanteissa.<\/p>\n\n\n\n<p>El\u00e4insuojeluyhdistykset j\u00e4rjest\u00e4v\u00e4t leikkaus-, rokotus- ja tunnistusmerkint\u00e4kampanjoita, varainkeruutempauksia, ruokaker\u00e4yksi\u00e4 ja monia muita tapahtumia. Yhdistykset tarvitsevat vapaaehtoisia ja muuta apua toimintansa kehitt\u00e4miseksi. Voitko sin\u00e4 auttaa? Ota yhteytt\u00e4 l\u00e4himp\u00e4\u00e4n el\u00e4insuojeluyhdistykseesi, ja kysy, millaista toiminta heill\u00e4 on ja kerro millaisesta vapaaehtoistoiminnasta olet kiinnostunut.<\/p>\n\n\n\n<p>SEY Suomen el\u00e4insuojeluun kuuluu noin 40 eri puolilla Suomea sijaitsevaa j\u00e4senyhdistyst\u00e4. Osa yhdistyksist\u00e4 tarjoaa vapaaehtoisteht\u00e4vi\u00e4 my\u00f6s alaik\u00e4isille. <a href=\"https:\/\/sey.fi\/jasenyhdistykset\/\">Etsi l\u00e4hin j\u00e4senyhdistyksesi<\/a>\u00a0ja kysy, miten p\u00e4\u00e4set mukaan toimintaan!<\/p>\n","protected":false},"excerpt":{"rendered":"<p>El\u00e4insuojeluyhdistykset tekev\u00e4t t\u00e4rke\u00e4\u00e4 ty\u00f6t\u00e4 el\u00e4inten hyv\u00e4ksi. Useimmat yhdistykset tekev\u00e4t t\u00f6it\u00e4 l\u00f6yt\u00f6- ja kodittomien el\u00e4inten sek\u00e4 luonnonvaraisten el\u00e4inten hyv\u00e4ksi ja osalla yhdistyksist\u00e4 on oma l\u00f6yt\u00f6el\u00e4intalo. El\u00e4insuojeluyhdistykset toimivat my\u00f6s alueensa el\u00e4insuojelun asiantuntijoina ja heilt\u00e4 voi saada apua ongelmatilanteissa. El\u00e4insuojeluyhdistykset j\u00e4rjest\u00e4v\u00e4t leikkaus-, rokotus- ja tunnistusmerkint\u00e4kampanjoita, varainkeruutempauksia, ruokaker\u00e4yksi\u00e4 ja monia muita tapahtumia. Yhdistykset tarvitsevat vapaaehtoisia ja muuta apua toimintansa [&hellip;]<\/p>\n","protected":false},"author":60,"featured_media":0,"parent":0,"menu_order":0,"comment_status":"closed","ping_status":"closed","template":"","meta":{"_acf_changed":false,"footnotes":""},"class_list":["post-420","page","type-page","status-publish","hentry"],"acf":[],"yoast_head":"<!-- This site is optimized with the Yoast SEO plugin v27.1.1 - https:\/\/yoast.com\/product\/yoast-seo-wordpress\/ -->\n<title>El\u00e4insuojeluyhdistykset - Nuorten el\u00e4insuojelutoiminnan opas<\/title>\n<meta name=\"description\" content=\"El\u00e4insuojeluyhdistykset tekev\u00e4t t\u00e4rke\u00e4\u00e4 ty\u00f6t\u00e4 el\u00e4inten hyv\u00e4ksi. Useimmat yhdistykset tekev\u00e4t t\u00f6it\u00e4 l\u00f6yt\u00f6- ja kodittomien el\u00e4inten hyv\u00e4ksi.\" \/>\n<meta name=\"robots\" content=\"index, follow, max-snippet:-1, max-image-preview:large, max-video-preview:-1\" \/>\n<link rel=\"canonical\" href=\"https:\/\/sey.fi\/nuoret\/elainsuojeluyhdistykset\/\" \/>\n<meta property=\"og:locale\" content=\"fi_FI\" \/>\n<meta property=\"og:type\" content=\"article\" \/>\n<meta property=\"og:title\" content=\"El\u00e4insuojeluyhdistykset - Nuorten el\u00e4insuojelutoiminnan opas\" \/>\n<meta property=\"og:description\" content=\"El\u00e4insuojeluyhdistykset tekev\u00e4t t\u00e4rke\u00e4\u00e4 ty\u00f6t\u00e4 el\u00e4inten hyv\u00e4ksi. Useimmat yhdistykset tekev\u00e4t t\u00f6it\u00e4 l\u00f6yt\u00f6- ja kodittomien el\u00e4inten hyv\u00e4ksi.\" \/>\n<meta property=\"og:url\" content=\"https:\/\/sey.fi\/nuoret\/elainsuojeluyhdistykset\/\" \/>\n<meta property=\"og:site_name\" content=\"Nuorten el\u00e4insuojelutoiminnan opas\" \/>\n<meta property=\"article:modified_time\" content=\"2023-08-17T07:54:37+00:00\" \/>\n<meta property=\"og:image\" content=\"https:\/\/sey.fi\/wp-content\/uploads\/sites\/51\/2023\/08\/sey-nuoret-vinjetti.png\" \/>\n<meta name=\"twitter:card\" content=\"summary_large_image\" \/>\n<meta name=\"twitter:label1\" content=\"Arvioitu lukuaika\" \/>\n\t<meta name=\"twitter:data1\" content=\"2 minuuttia\" \/>\n<script type=\"application\/ld+json\" class=\"yoast-schema-graph\">{\"@context\":\"https:\/\/schema.org\",\"@graph\":[{\"@type\":\"WebPage\",\"@id\":\"https:\/\/sey.fi\/nuoret\/elainsuojeluyhdistykset\/\",\"url\":\"https:\/\/sey.fi\/nuoret\/elainsuojeluyhdistykset\/\",\"name\":\"El\u00e4insuojeluyhdistykset - Nuorten el\u00e4insuojelutoiminnan opas\",\"isPartOf\":{\"@id\":\"https:\/\/sey.fi\/nuoret\/#website\"},\"primaryImageOfPage\":{\"@id\":\"https:\/\/sey.fi\/nuoret\/elainsuojeluyhdistykset\/#primaryimage\"},\"image\":{\"@id\":\"https:\/\/sey.fi\/nuoret\/elainsuojeluyhdistykset\/#primaryimage\"},\"thumbnailUrl\":\"https:\/\/sey.fi\/wp-content\/uploads\/sites\/51\/2023\/08\/sey-nuoret-vinjetti.png\",\"datePublished\":\"2023-05-22T08:17:48+00:00\",\"dateModified\":\"2023-08-17T07:54:37+00:00\",\"description\":\"El\u00e4insuojeluyhdistykset tekev\u00e4t t\u00e4rke\u00e4\u00e4 ty\u00f6t\u00e4 el\u00e4inten hyv\u00e4ksi. Useimmat yhdistykset tekev\u00e4t t\u00f6it\u00e4 l\u00f6yt\u00f6- ja kodittomien el\u00e4inten hyv\u00e4ksi.\",\"breadcrumb\":{\"@id\":\"https:\/\/sey.fi\/nuoret\/elainsuojeluyhdistykset\/#breadcrumb\"},\"inLanguage\":\"fi\",\"potentialAction\":[{\"@type\":\"ReadAction\",\"target\":[\"https:\/\/sey.fi\/nuoret\/elainsuojeluyhdistykset\/\"]}]},{\"@type\":\"ImageObject\",\"inLanguage\":\"fi\",\"@id\":\"https:\/\/sey.fi\/nuoret\/elainsuojeluyhdistykset\/#primaryimage\",\"url\":\"https:\/\/sey.fi\/wp-content\/uploads\/sites\/51\/2023\/08\/sey-nuoret-vinjetti.png\",\"contentUrl\":\"https:\/\/sey.fi\/wp-content\/uploads\/sites\/51\/2023\/08\/sey-nuoret-vinjetti.png\"},{\"@type\":\"BreadcrumbList\",\"@id\":\"https:\/\/sey.fi\/nuoret\/elainsuojeluyhdistykset\/#breadcrumb\",\"itemListElement\":[{\"@type\":\"ListItem\",\"position\":1,\"name\":\"Home\",\"item\":\"https:\/\/sey.fi\/nuoret\/\"},{\"@type\":\"ListItem\",\"position\":2,\"name\":\"El\u00e4insuojeluyhdistykset\"}]},{\"@type\":\"WebSite\",\"@id\":\"https:\/\/sey.fi\/nuoret\/#website\",\"url\":\"https:\/\/sey.fi\/nuoret\/\",\"name\":\"Nuorten el\u00e4insuojelutoiminnan opas\",\"description\":\"SEY nuortet\",\"potentialAction\":[{\"@type\":\"SearchAction\",\"target\":{\"@type\":\"EntryPoint\",\"urlTemplate\":\"https:\/\/sey.fi\/nuoret\/?s={search_term_string}\"},\"query-input\":{\"@type\":\"PropertyValueSpecification\",\"valueRequired\":true,\"valueName\":\"search_term_string\"}}],\"inLanguage\":\"fi\"}]}<\/script>\n<!-- \/ Yoast SEO plugin. -->","yoast_head_json":{"title":"El\u00e4insuojeluyhdistykset - Nuorten el\u00e4insuojelutoiminnan opas","description":"El\u00e4insuojeluyhdistykset tekev\u00e4t t\u00e4rke\u00e4\u00e4 ty\u00f6t\u00e4 el\u00e4inten hyv\u00e4ksi. Useimmat yhdistykset tekev\u00e4t t\u00f6it\u00e4 l\u00f6yt\u00f6- ja kodittomien el\u00e4inten hyv\u00e4ksi.","robots":{"index":"index","follow":"follow","max-snippet":"max-snippet:-1","max-image-preview":"max-image-preview:large","max-video-preview":"max-video-preview:-1"},"canonical":"https:\/\/sey.fi\/nuoret\/elainsuojeluyhdistykset\/","og_locale":"fi_FI","og_type":"article","og_title":"El\u00e4insuojeluyhdistykset - Nuorten el\u00e4insuojelutoiminnan opas","og_description":"El\u00e4insuojeluyhdistykset tekev\u00e4t t\u00e4rke\u00e4\u00e4 ty\u00f6t\u00e4 el\u00e4inten hyv\u00e4ksi. Useimmat yhdistykset tekev\u00e4t t\u00f6it\u00e4 l\u00f6yt\u00f6- ja kodittomien el\u00e4inten hyv\u00e4ksi.","og_url":"https:\/\/sey.fi\/nuoret\/elainsuojeluyhdistykset\/","og_site_name":"Nuorten el\u00e4insuojelutoiminnan opas","article_modified_time":"2023-08-17T07:54:37+00:00","og_image":[{"url":"https:\/\/sey.fi\/wp-content\/uploads\/sites\/51\/2023\/08\/sey-nuoret-vinjetti.png","type":"","width":"","height":""}],"twitter_card":"summary_large_image","twitter_misc":{"Arvioitu lukuaika":"2 minuuttia"},"schema":{"@context":"https:\/\/schema.org","@graph":[{"@type":"WebPage","@id":"https:\/\/sey.fi\/nuoret\/elainsuojeluyhdistykset\/","url":"https:\/\/sey.fi\/nuoret\/elainsuojeluyhdistykset\/","name":"El\u00e4insuojeluyhdistykset - Nuorten el\u00e4insuojelutoiminnan opas","isPartOf":{"@id":"https:\/\/sey.fi\/nuoret\/#website"},"primaryImageOfPage":{"@id":"https:\/\/sey.fi\/nuoret\/elainsuojeluyhdistykset\/#primaryimage"},"image":{"@id":"https:\/\/sey.fi\/nuoret\/elainsuojeluyhdistykset\/#primaryimage"},"thumbnailUrl":"https:\/\/sey.fi\/wp-content\/uploads\/sites\/51\/2023\/08\/sey-nuoret-vinjetti.png","datePublished":"2023-05-22T08:17:48+00:00","dateModified":"2023-08-17T07:54:37+00:00","description":"El\u00e4insuojeluyhdistykset tekev\u00e4t t\u00e4rke\u00e4\u00e4 ty\u00f6t\u00e4 el\u00e4inten hyv\u00e4ksi. Useimmat yhdistykset tekev\u00e4t t\u00f6it\u00e4 l\u00f6yt\u00f6- ja kodittomien el\u00e4inten hyv\u00e4ksi.","breadcrumb":{"@id":"https:\/\/sey.fi\/nuoret\/elainsuojeluyhdistykset\/#breadcrumb"},"inLanguage":"fi","potentialAction":[{"@type":"ReadAction","target":["https:\/\/sey.fi\/nuoret\/elainsuojeluyhdistykset\/"]}]},{"@type":"ImageObject","inLanguage":"fi","@id":"https:\/\/sey.fi\/nuoret\/elainsuojeluyhdistykset\/#primaryimage","url":"https:\/\/sey.fi\/wp-content\/uploads\/sites\/51\/2023\/08\/sey-nuoret-vinjetti.png","contentUrl":"https:\/\/sey.fi\/wp-content\/uploads\/sites\/51\/2023\/08\/sey-nuoret-vinjetti.png"},{"@type":"BreadcrumbList","@id":"https:\/\/sey.fi\/nuoret\/elainsuojeluyhdistykset\/#breadcrumb","itemListElement":[{"@type":"ListItem","position":1,"name":"Home","item":"https:\/\/sey.fi\/nuoret\/"},{"@type":"ListItem","position":2,"name":"El\u00e4insuojeluyhdistykset"}]},{"@type":"WebSite","@id":"https:\/\/sey.fi\/nuoret\/#website","url":"https:\/\/sey.fi\/nuoret\/","name":"Nuorten el\u00e4insuojelutoiminnan opas","description":"SEY nuortet","potentialAction":[{"@type":"SearchAction","target":{"@type":"EntryPoint","urlTemplate":"https:\/\/sey.fi\/nuoret\/?s={search_term_string}"},"query-input":{"@type":"PropertyValueSpecification","valueRequired":true,"valueName":"search_term_string"}}],"inLanguage":"fi"}]}},"_links":{"self":[{"href":"https:\/\/sey.fi\/nuoret\/wp-json\/wp\/v2\/pages\/420","targetHints":{"allow":["GET"]}}],"collection":[{"href":"https:\/\/sey.fi\/nuoret\/wp-json\/wp\/v2\/pages"}],"about":[{"href":"https:\/\/sey.fi\/nuoret\/wp-json\/wp\/v2\/types\/page"}],"author":[{"embeddable":true,"href":"https:\/\/sey.fi\/nuoret\/wp-json\/wp\/v2\/users\/60"}],"replies":[{"embeddable":true,"href":"https:\/\/sey.fi\/nuoret\/wp-json\/wp\/v2\/comments?post=420"}],"version-history":[{"count":8,"href":"https:\/\/sey.fi\/nuoret\/wp-json\/wp\/v2\/pages\/420\/revisions"}],"predecessor-version":[{"id":820,"href":"https:\/\/sey.fi\/nuoret\/wp-json\/wp\/v2\/pages\/420\/revisions\/820"}],"wp:attachment":[{"href":"https:\/\/sey.fi\/nuoret\/wp-json\/wp\/v2\/media?parent=420"}],"curies":[{"name":"wp","href":"https:\/\/api.w.org\/{rel}","templated":true}]}}