{"id":507,"date":"2023-05-15T15:45:00","date_gmt":"2023-05-15T12:45:00","guid":{"rendered":"https:\/\/sey.fi\/nuoret\/?page_id=507"},"modified":"2023-08-16T15:35:59","modified_gmt":"2023-08-16T12:35:59","slug":"eettinen-hevosharrastus","status":"publish","type":"page","link":"https:\/\/sey.fi\/nuoret\/eettinen-hevosharrastus\/","title":{"rendered":"Eettinen hevosharrastus"},"content":{"rendered":"<div class=\"wp-block-image\">\n<figure class=\"aligncenter size-full is-resized\"><img loading=\"lazy\" decoding=\"async\" src=\"https:\/\/sey.fi\/wp-content\/uploads\/sites\/51\/2023\/08\/sey-nuoret-vinjetti.png\" alt=\"Logo, jossa lukee: SEYn nuorten vapaaethoisten tekem\u00e4 sivusto nuorille\" class=\"wp-image-740\" width=\"200\" height=\"200\" srcset=\"https:\/\/sey.fi\/wp-content\/uploads\/sites\/51\/2023\/08\/sey-nuoret-vinjetti.png 500w, https:\/\/sey.fi\/wp-content\/uploads\/sites\/51\/2023\/08\/sey-nuoret-vinjetti-300x300.png 300w, https:\/\/sey.fi\/wp-content\/uploads\/sites\/51\/2023\/08\/sey-nuoret-vinjetti-150x150.png 150w, https:\/\/sey.fi\/wp-content\/uploads\/sites\/51\/2023\/08\/sey-nuoret-vinjetti-160x160.png 160w\" sizes=\"auto, (max-width: 200px) 100vw, 200px\" \/><\/figure><\/div>\n\n\n<p>Kun tuet eettisesti toimivia hevosalan palveluntarjoajia, voit vaikuttaa siihen, millaisia palveluita hevosalalla tulevaisuudessa tarjotaan. <br>Jos mahdollista, valitse talli, jossa hevosen lajityypillisiin olosuhteisiin panostetaan ja hevosen k\u00e4sittelyss\u00e4 sek\u00e4 opetuksessa k\u00e4ytet\u00e4\u00e4n hevosyst\u00e4v\u00e4llisi\u00e4 toimintatapoja. <\/p>\n\n\n\n<figure class=\"wp-block-image size-full is-resized\"><img loading=\"lazy\" decoding=\"async\" src=\"https:\/\/sey.fi\/wp-content\/uploads\/sites\/51\/2023\/05\/IMG_2371-2.png\" alt=\"kimo suomenhevonen ulkona\" class=\"wp-image-379\" width=\"368\" height=\"245\" srcset=\"https:\/\/sey.fi\/wp-content\/uploads\/sites\/51\/2023\/05\/IMG_2371-2.png 750w, https:\/\/sey.fi\/wp-content\/uploads\/sites\/51\/2023\/05\/IMG_2371-2-300x199.png 300w\" sizes=\"auto, (max-width: 368px) 100vw, 368px\" \/><\/figure>\n\n\n\n<p>Aina ratsastuskoulun tai tallin vaihtaminen hevosyst\u00e4v\u00e4llisemp\u00e4\u00e4n ei ole mahdollista monesta eri syyst\u00e4. Silloin voit mietti\u00e4, miten omalla toiminnallaan voit vaikuttaa hevosten olosuhteisiin. <\/p>\n\n\n\n<p>Voitko itse tehd\u00e4 jotain muutoksia hevosesi arjessa? Pystytk\u00f6 kielt\u00e4ytym\u00e4\u00e4n v\u00e4kivaltaisesta toiminnasta hevosia kohtaan? Esimerkiksi ratsailta alas tuleminen ei ole luovuttamista, vaan joskus v\u00e4ltt\u00e4m\u00e4t\u00f6nt\u00e4 hevosen hyvinvoinnin kannalta. My\u00f6s pienemmill\u00e4 muutoksilla voit saada aikaan parannusta hevosten olosuhteissa.<\/p>\n\n\n\n<p><br>Miten voit tunnistaa eettisen hevosalan palveluntarjoaja? Ent\u00e4 mitk\u00e4 edes ovat eettisen hevostoiminnan periaatteet? Muun muassa n\u00e4ihin kysymyksiin l\u00f6yd\u00e4t kattavat vastaukset <a href=\"https:\/\/hevosvallankumous.fi\/\" target=\"_blank\" rel=\"noreferrer noopener\">Hevosv\u00e4kivallankumous<\/a> -kampanjan sivulta. Sivustolta l\u00f6ytyy my\u00f6s paljon muuta aiheeseen liittyv\u00e4\u00e4!<\/p>\n","protected":false},"excerpt":{"rendered":"<p>Kun tuet eettisesti toimivia hevosalan palveluntarjoajia, voit vaikuttaa siihen, millaisia palveluita hevosalalla tulevaisuudessa tarjotaan. Jos mahdollista, valitse talli, jossa hevosen lajityypillisiin olosuhteisiin panostetaan ja hevosen k\u00e4sittelyss\u00e4 sek\u00e4 opetuksessa k\u00e4ytet\u00e4\u00e4n hevosyst\u00e4v\u00e4llisi\u00e4 toimintatapoja. Aina ratsastuskoulun tai tallin vaihtaminen hevosyst\u00e4v\u00e4llisemp\u00e4\u00e4n ei ole mahdollista monesta eri syyst\u00e4. Silloin voit mietti\u00e4, miten omalla toiminnallaan voit vaikuttaa hevosten olosuhteisiin. Voitko itse [&hellip;]<\/p>\n","protected":false},"author":67,"featured_media":0,"parent":0,"menu_order":0,"comment_status":"closed","ping_status":"closed","template":"","meta":{"_acf_changed":false,"footnotes":""},"class_list":["post-507","page","type-page","status-publish","hentry"],"acf":[],"yoast_head":"<!-- This site is optimized with the Yoast SEO plugin v27.1.1 - https:\/\/yoast.com\/product\/yoast-seo-wordpress\/ -->\n<title>Eettinen hevosharrastus - Nuorten el\u00e4insuojelutoiminnan opas<\/title>\n<meta name=\"description\" content=\"Tukemalla eettisesti toimivia hevosalan palveluntarjoajia, voit vaikuttaa siihen, millaisia palveluita hevosalalla tarjotaan.\" \/>\n<meta name=\"robots\" content=\"index, follow, max-snippet:-1, max-image-preview:large, max-video-preview:-1\" \/>\n<link rel=\"canonical\" href=\"https:\/\/sey.fi\/nuoret\/eettinen-hevosharrastus\/\" \/>\n<meta property=\"og:locale\" content=\"fi_FI\" \/>\n<meta property=\"og:type\" content=\"article\" \/>\n<meta property=\"og:title\" content=\"Eettinen hevosharrastus - Nuorten el\u00e4insuojelutoiminnan opas\" \/>\n<meta property=\"og:description\" content=\"Tukemalla eettisesti toimivia hevosalan palveluntarjoajia, voit vaikuttaa siihen, millaisia palveluita hevosalalla tarjotaan.\" \/>\n<meta property=\"og:url\" content=\"https:\/\/sey.fi\/nuoret\/eettinen-hevosharrastus\/\" \/>\n<meta property=\"og:site_name\" content=\"Nuorten el\u00e4insuojelutoiminnan opas\" \/>\n<meta property=\"article:modified_time\" content=\"2023-08-16T12:35:59+00:00\" \/>\n<meta property=\"og:image\" content=\"https:\/\/sey.fi\/wp-content\/uploads\/sites\/51\/2023\/08\/sey-nuoret-vinjetti.png\" \/>\n<meta name=\"twitter:card\" content=\"summary_large_image\" \/>\n<meta name=\"twitter:label1\" content=\"Arvioitu lukuaika\" \/>\n\t<meta name=\"twitter:data1\" content=\"2 minuuttia\" \/>\n<script type=\"application\/ld+json\" class=\"yoast-schema-graph\">{\"@context\":\"https:\/\/schema.org\",\"@graph\":[{\"@type\":\"WebPage\",\"@id\":\"https:\/\/sey.fi\/nuoret\/eettinen-hevosharrastus\/\",\"url\":\"https:\/\/sey.fi\/nuoret\/eettinen-hevosharrastus\/\",\"name\":\"Eettinen hevosharrastus - Nuorten el\u00e4insuojelutoiminnan opas\",\"isPartOf\":{\"@id\":\"https:\/\/sey.fi\/nuoret\/#website\"},\"primaryImageOfPage\":{\"@id\":\"https:\/\/sey.fi\/nuoret\/eettinen-hevosharrastus\/#primaryimage\"},\"image\":{\"@id\":\"https:\/\/sey.fi\/nuoret\/eettinen-hevosharrastus\/#primaryimage\"},\"thumbnailUrl\":\"https:\/\/sey.fi\/wp-content\/uploads\/sites\/51\/2023\/08\/sey-nuoret-vinjetti.png\",\"datePublished\":\"2023-05-15T12:45:00+00:00\",\"dateModified\":\"2023-08-16T12:35:59+00:00\",\"description\":\"Tukemalla eettisesti toimivia hevosalan palveluntarjoajia, voit vaikuttaa siihen, millaisia palveluita hevosalalla tarjotaan.\",\"breadcrumb\":{\"@id\":\"https:\/\/sey.fi\/nuoret\/eettinen-hevosharrastus\/#breadcrumb\"},\"inLanguage\":\"fi\",\"potentialAction\":[{\"@type\":\"ReadAction\",\"target\":[\"https:\/\/sey.fi\/nuoret\/eettinen-hevosharrastus\/\"]}]},{\"@type\":\"ImageObject\",\"inLanguage\":\"fi\",\"@id\":\"https:\/\/sey.fi\/nuoret\/eettinen-hevosharrastus\/#primaryimage\",\"url\":\"https:\/\/sey.fi\/wp-content\/uploads\/sites\/51\/2023\/08\/sey-nuoret-vinjetti.png\",\"contentUrl\":\"https:\/\/sey.fi\/wp-content\/uploads\/sites\/51\/2023\/08\/sey-nuoret-vinjetti.png\"},{\"@type\":\"BreadcrumbList\",\"@id\":\"https:\/\/sey.fi\/nuoret\/eettinen-hevosharrastus\/#breadcrumb\",\"itemListElement\":[{\"@type\":\"ListItem\",\"position\":1,\"name\":\"Home\",\"item\":\"https:\/\/sey.fi\/nuoret\/\"},{\"@type\":\"ListItem\",\"position\":2,\"name\":\"Eettinen hevosharrastus\"}]},{\"@type\":\"WebSite\",\"@id\":\"https:\/\/sey.fi\/nuoret\/#website\",\"url\":\"https:\/\/sey.fi\/nuoret\/\",\"name\":\"Nuorten el\u00e4insuojelutoiminnan opas\",\"description\":\"SEY nuortet\",\"potentialAction\":[{\"@type\":\"SearchAction\",\"target\":{\"@type\":\"EntryPoint\",\"urlTemplate\":\"https:\/\/sey.fi\/nuoret\/?s={search_term_string}\"},\"query-input\":{\"@type\":\"PropertyValueSpecification\",\"valueRequired\":true,\"valueName\":\"search_term_string\"}}],\"inLanguage\":\"fi\"}]}<\/script>\n<!-- \/ Yoast SEO plugin. -->","yoast_head_json":{"title":"Eettinen hevosharrastus - Nuorten el\u00e4insuojelutoiminnan opas","description":"Tukemalla eettisesti toimivia hevosalan palveluntarjoajia, voit vaikuttaa siihen, millaisia palveluita hevosalalla tarjotaan.","robots":{"index":"index","follow":"follow","max-snippet":"max-snippet:-1","max-image-preview":"max-image-preview:large","max-video-preview":"max-video-preview:-1"},"canonical":"https:\/\/sey.fi\/nuoret\/eettinen-hevosharrastus\/","og_locale":"fi_FI","og_type":"article","og_title":"Eettinen hevosharrastus - Nuorten el\u00e4insuojelutoiminnan opas","og_description":"Tukemalla eettisesti toimivia hevosalan palveluntarjoajia, voit vaikuttaa siihen, millaisia palveluita hevosalalla tarjotaan.","og_url":"https:\/\/sey.fi\/nuoret\/eettinen-hevosharrastus\/","og_site_name":"Nuorten el\u00e4insuojelutoiminnan opas","article_modified_time":"2023-08-16T12:35:59+00:00","og_image":[{"url":"https:\/\/sey.fi\/wp-content\/uploads\/sites\/51\/2023\/08\/sey-nuoret-vinjetti.png","type":"","width":"","height":""}],"twitter_card":"summary_large_image","twitter_misc":{"Arvioitu lukuaika":"2 minuuttia"},"schema":{"@context":"https:\/\/schema.org","@graph":[{"@type":"WebPage","@id":"https:\/\/sey.fi\/nuoret\/eettinen-hevosharrastus\/","url":"https:\/\/sey.fi\/nuoret\/eettinen-hevosharrastus\/","name":"Eettinen hevosharrastus - Nuorten el\u00e4insuojelutoiminnan opas","isPartOf":{"@id":"https:\/\/sey.fi\/nuoret\/#website"},"primaryImageOfPage":{"@id":"https:\/\/sey.fi\/nuoret\/eettinen-hevosharrastus\/#primaryimage"},"image":{"@id":"https:\/\/sey.fi\/nuoret\/eettinen-hevosharrastus\/#primaryimage"},"thumbnailUrl":"https:\/\/sey.fi\/wp-content\/uploads\/sites\/51\/2023\/08\/sey-nuoret-vinjetti.png","datePublished":"2023-05-15T12:45:00+00:00","dateModified":"2023-08-16T12:35:59+00:00","description":"Tukemalla eettisesti toimivia hevosalan palveluntarjoajia, voit vaikuttaa siihen, millaisia palveluita hevosalalla tarjotaan.","breadcrumb":{"@id":"https:\/\/sey.fi\/nuoret\/eettinen-hevosharrastus\/#breadcrumb"},"inLanguage":"fi","potentialAction":[{"@type":"ReadAction","target":["https:\/\/sey.fi\/nuoret\/eettinen-hevosharrastus\/"]}]},{"@type":"ImageObject","inLanguage":"fi","@id":"https:\/\/sey.fi\/nuoret\/eettinen-hevosharrastus\/#primaryimage","url":"https:\/\/sey.fi\/wp-content\/uploads\/sites\/51\/2023\/08\/sey-nuoret-vinjetti.png","contentUrl":"https:\/\/sey.fi\/wp-content\/uploads\/sites\/51\/2023\/08\/sey-nuoret-vinjetti.png"},{"@type":"BreadcrumbList","@id":"https:\/\/sey.fi\/nuoret\/eettinen-hevosharrastus\/#breadcrumb","itemListElement":[{"@type":"ListItem","position":1,"name":"Home","item":"https:\/\/sey.fi\/nuoret\/"},{"@type":"ListItem","position":2,"name":"Eettinen hevosharrastus"}]},{"@type":"WebSite","@id":"https:\/\/sey.fi\/nuoret\/#website","url":"https:\/\/sey.fi\/nuoret\/","name":"Nuorten el\u00e4insuojelutoiminnan opas","description":"SEY nuortet","potentialAction":[{"@type":"SearchAction","target":{"@type":"EntryPoint","urlTemplate":"https:\/\/sey.fi\/nuoret\/?s={search_term_string}"},"query-input":{"@type":"PropertyValueSpecification","valueRequired":true,"valueName":"search_term_string"}}],"inLanguage":"fi"}]}},"_links":{"self":[{"href":"https:\/\/sey.fi\/nuoret\/wp-json\/wp\/v2\/pages\/507","targetHints":{"allow":["GET"]}}],"collection":[{"href":"https:\/\/sey.fi\/nuoret\/wp-json\/wp\/v2\/pages"}],"about":[{"href":"https:\/\/sey.fi\/nuoret\/wp-json\/wp\/v2\/types\/page"}],"author":[{"embeddable":true,"href":"https:\/\/sey.fi\/nuoret\/wp-json\/wp\/v2\/users\/67"}],"replies":[{"embeddable":true,"href":"https:\/\/sey.fi\/nuoret\/wp-json\/wp\/v2\/comments?post=507"}],"version-history":[{"count":14,"href":"https:\/\/sey.fi\/nuoret\/wp-json\/wp\/v2\/pages\/507\/revisions"}],"predecessor-version":[{"id":816,"href":"https:\/\/sey.fi\/nuoret\/wp-json\/wp\/v2\/pages\/507\/revisions\/816"}],"wp:attachment":[{"href":"https:\/\/sey.fi\/nuoret\/wp-json\/wp\/v2\/media?parent=507"}],"curies":[{"name":"wp","href":"https:\/\/api.w.org\/{rel}","templated":true}]}}