{"id":838,"date":"2025-06-12T14:04:37","date_gmt":"2025-06-12T11:04:37","guid":{"rendered":"https:\/\/sey.fi\/nuoret\/?page_id=838"},"modified":"2025-06-12T14:05:42","modified_gmt":"2025-06-12T11:05:42","slug":"tietosuojaseloste","status":"publish","type":"page","link":"https:\/\/sey.fi\/nuoret\/tietosuojaseloste\/","title":{"rendered":"Tietosuojaseloste"},"content":{"rendered":"\n<ol class=\"wp-block-list\">\n<li><strong>Rekisterinpit\u00e4j\u00e4<\/strong><\/li>\n<\/ol>\n\n\n\n<p>Rekisterinpit\u00e4j\u00e4: Animal Youth Society ry (\u201dYhdistys\u201d)<\/p>\n\n\n\n<p>S\u00e4hk\u00f6posti: <em>animalyouthsociety@gmail.com<\/em><\/p>\n\n\n\n<p>2. <strong>Rekister\u00f6idyt<\/strong><\/p>\n\n\n\n<p>Rekisteriss\u00e4 k\u00e4sitell\u00e4\u00e4n Yhdistyksen j\u00e4senien ja sen entisten j\u00e4senien henkil\u00f6tietoja (\u201dRekister\u00f6ity\u201d).<\/p>\n\n\n\n<p>3. <strong>Henkil\u00f6tietojen k\u00e4sittelyn peruste ja k\u00e4ytt\u00f6tarkoitus<\/strong><\/p>\n\n\n\n<p>Rekisterin k\u00e4ytt\u00f6tarkoituksena on Rekister\u00f6ityjen henkil\u00f6tietojen ajantasainen hallinta j\u00e4senyyden aikana, sen yll\u00e4pito ja kehitt\u00e4minen sek\u00e4 markkinointi ja my\u00f6s p\u00e4\u00e4ttyneiden j\u00e4senyyksien dokumentaation hallinta henkil\u00f6tietoj\u00e4rjestelm\u00e4ss\u00e4 (\u201dJ\u00e4rjestelm\u00e4\u201d).<\/p>\n\n\n\n<p>Henkil\u00f6tietojen k\u00e4sittely perustuu Yhdistyksen lains\u00e4\u00e4d\u00e4nn\u00f6lliseen velvoitteeseen yll\u00e4pit\u00e4\u00e4 j\u00e4senrekisteri\u00e4 sek\u00e4 tietyiss\u00e4 tapauksissa sopimuksen t\u00e4yt\u00e4nt\u00f6\u00f6npanoon.<\/p>\n\n\n\n<p>4. <strong>K\u00e4sitelt\u00e4v\u00e4t henkil\u00f6tiedot<\/strong><\/p>\n\n\n\n<p>Rekisteriss\u00e4 k\u00e4sitell\u00e4\u00e4n Yhdistyksen j\u00e4senien henkil\u00f6- ja yhteystietoja sek\u00e4 muita j\u00e4senyyteen liittyvi\u00e4 tarpeellisia tietoja. N\u00e4it\u00e4 tietoja ovat:<\/p>\n\n\n\n<ul class=\"wp-block-list\">\n<li>Rekister\u00f6idyn etu- ja sukunimi;<\/li>\n\n\n\n<li>Rekister\u00f6idyn kotiosoite;<\/li>\n\n\n\n<li>Rekister\u00f6idyn kotipaikka;<\/li>\n\n\n\n<li>Rekister\u00f6idyn s\u00e4hk\u00f6postiosoite;<\/li>\n\n\n\n<li>Rekister\u00f6idyn puhelinnumero;<\/li>\n\n\n\n<li>Rekister\u00f6idyn syntym\u00e4aika;<\/li>\n\n\n\n<li>Rekister\u00f6idyn liittymisajankohta;<\/li>\n\n\n\n<li>S\u00e4hk\u00f6isen viestinn\u00e4n tunnistetiedot;<\/li>\n<\/ul>\n\n\n\n<p>Henkil\u00f6tietoja ker\u00e4t\u00e4\u00e4n Rekister\u00f6idylt\u00e4 itselt\u00e4\u00e4n.<\/p>\n\n\n\n<p>5. <strong>Henkil\u00f6tietojen suojaaminen ja tietoturva<\/strong><\/p>\n\n\n\n<p>Digitaalisesti k\u00e4sitelt\u00e4v\u00e4t henkil\u00f6tiedot on suojattu ja tallennettu Yhdistyksen J\u00e4rjestelm\u00e4\u00e4n, johon on rajattu p\u00e4\u00e4sy vain sellaisilla henkil\u00f6ill\u00e4, jotka tarvitsevat kyseisi\u00e4 tietoja ty\u00f6teht\u00e4viens\u00e4 hoitamiseksi.<\/p>\n\n\n\n<p>6. <strong>Henkil\u00f6tietojen s\u00e4\u00e4nn\u00f6nmukaiset luovutukset ja siirrot<\/strong><\/p>\n\n\n\n<p>Henkil\u00f6tietoja voidaan luovuttaa Yhdistyksen yhteisty\u00f6kumppaneille Yhdistyksen j\u00e4senyyteen liittyvien toimenpiteiden ja palveluiden toteuttamiseksi.<\/p>\n\n\n\n<p>Henkil\u00f6tietoja voidaan siirt\u00e4\u00e4 my\u00f6s muille palveluntarjoajille J\u00e4rjestelm\u00e4n toteuttamiseksi. Henkil\u00f6rekisterin teknisen yll\u00e4pidon toteuttava rekisterinpit\u00e4j\u00e4n yhteisty\u00f6kumppani voi siirt\u00e4\u00e4 henkil\u00f6tietoja soveltuvan yksityisyyden suojaa koskevan lains\u00e4\u00e4d\u00e4nn\u00f6n ja t\u00e4m\u00e4n tietosuojaselosteen mukaisesti.<\/p>\n\n\n\n<p>7. <strong>Henkil\u00f6tietojen siirrot Euroopan unionin tai Euroopan talousalueen ulkopuolelle<\/strong><\/p>\n\n\n\n<p>Yhdistys voi k\u00e4ytt\u00e4\u00e4 henkil\u00f6tietojen k\u00e4sittelyss\u00e4 my\u00f6s muita palveluntarjoajia, jotka sijaitsevat Euroopan unionin tai Euroopan talousalueen ulkopuolella. Henkil\u00f6tietojen siirto Euroopan unionin tai Euroopan talousalueen ulkopuolelle toteutetaan aina jollakin alla mainitulla, lainmukaisella perusteella:<\/p>\n\n\n\n<ul class=\"wp-block-list\">\n<li>Euroopan komissio on p\u00e4\u00e4tt\u00e4nyt, ett\u00e4 kyseisess\u00e4 vastaanottajamaassa on varmistettu riitt\u00e4v\u00e4 tietosuojan taso;<\/li>\n\n\n\n<li>Yhdistys on toteuttanut asianmukaiset suojatoimet henkil\u00f6tietojen siirt\u00e4miseksi k\u00e4ytt\u00e4m\u00e4ll\u00e4 Euroopan komission hyv\u00e4ksymi\u00e4 tietosuojaa koskevia vakiolausekkeita. Rekister\u00f6idyll\u00e4 on t\u00e4ll\u00f6in oikeus saada j\u00e4ljenn\u00f6s kyseisist\u00e4 vakiolausekkeista ottamalla Yhdistykseen yhteytt\u00e4 Yhteydenotot-kohdassa kuvatun mukaisesti; tai<\/li>\n\n\n\n<li>Rekister\u00f6ity on antanut nimenomaisen suostumuksensa henkil\u00f6tietojensa siirt\u00e4miseksi, tai henkil\u00f6tietojen siirt\u00e4miselle on olemassa muu lainmukainen peruste.<\/li>\n<\/ul>\n\n\n\n<p>Henkil\u00f6tietoihin ei anneta p\u00e4\u00e4sy\u00e4 enemp\u00e4\u00e4 kuin on v\u00e4ltt\u00e4m\u00e4t\u00f6nt\u00e4 palveluiden toteuttamiseksi. Henkil\u00f6tietojen siirto Euroopan unionin tai Euroopan talousalueen ulkopuolelle perustuu aina voimassa olevaan henkil\u00f6tietojen k\u00e4sittely\u00e4 koskevaan lains\u00e4\u00e4d\u00e4nt\u00f6\u00f6n ja toteutetaan kyseisen lains\u00e4\u00e4d\u00e4nn\u00f6n mukaisesti.<\/p>\n\n\n\n<p>8. <strong>Henkil\u00f6tietojen s\u00e4ilytysaika<\/strong><\/p>\n\n\n\n<p>Henkil\u00f6tiedot s\u00e4ilytet\u00e4\u00e4n rekisteriss\u00e4 niin kauan kuin Rekister\u00f6ity on Yhdistyksen j\u00e4sen. J\u00e4senyyden p\u00e4\u00e4ttymisen j\u00e4lkeen henkil\u00f6tietoja s\u00e4ilytet\u00e4\u00e4n enint\u00e4\u00e4n kymmenen vuoden ajan j\u00e4senyyden p\u00e4\u00e4ttymisest\u00e4 Yhdistyksen oikeutetun edun perusteella, ts. mahdollisiin oikeusvaateisiin puolustautumisen takia (KKO 2017:15). Henkil\u00f6tiedot voidaan s\u00e4ilytt\u00e4\u00e4 my\u00f6s t\u00e4t\u00e4 kauemmin, jos sovellettava lains\u00e4\u00e4d\u00e4nt\u00f6 tai Yhdistyksen sopimusvelvoitteet kolmansia kohtaan edellytt\u00e4v\u00e4t pidemp\u00e4\u00e4 s\u00e4ilytysaikaa.<\/p>\n\n\n\n<p>9. <strong>Rekister\u00f6idyn oikeudet<\/strong><\/p>\n\n\n\n<p>Rekister\u00f6idyll\u00e4 on oikeus koska tahansa vastustaa henkil\u00f6tietojensa k\u00e4sittely\u00e4 suoramarkkinointitarkoituksiin. Rekister\u00f6ity voi antaa Yhdistykselle kanavakohtaisia suoramarkkinointia koskevia suostumuksia ja kieltoja (esimerkiksi kielt\u00e4\u00e4 s\u00e4hk\u00f6postitse l\u00e4hetett\u00e4v\u00e4t markkinointiviestit).<\/p>\n\n\n\n<p>Lis\u00e4ksi rekister\u00f6idyll\u00e4 on l\u00e4ht\u00f6kohtaisesti oikeus soveltuvan tietosuojalains\u00e4\u00e4d\u00e4nn\u00f6n mukaisesti milloin tahansa:<\/p>\n\n\n\n<ul class=\"wp-block-list\">\n<li>saada tieto henkil\u00f6tietojensa k\u00e4sittelyst\u00e4;<\/li>\n\n\n\n<li>saada p\u00e4\u00e4sy omiin tietoihinsa ja tarkastaa itse\u00e4\u00e4n koskevat Yhdistyksen k\u00e4sittelem\u00e4t henkil\u00f6tiedot;<\/li>\n\n\n\n<li>vaatia ep\u00e4tarkan ja virheellisen henkil\u00f6tiedon oikaisua ja tietojen t\u00e4ydent\u00e4mist\u00e4;<\/li>\n\n\n\n<li>vaatia henkil\u00f6tietojensa poistamista;<\/li>\n\n\n\n<li>peruuttaa suostumuksensa ja vastustaa henkil\u00f6tietojensa k\u00e4sittely\u00e4 silt\u00e4 osin kuin henkil\u00f6tietojen k\u00e4sittely perustuu rekister\u00f6idyn suostumukseen;<\/li>\n\n\n\n<li>vastustaa henkil\u00f6tietojensa k\u00e4sittely\u00e4 henkil\u00f6kohtaiseen erityiseen tilanteeseensa liittyv\u00e4ll\u00e4 perusteella silt\u00e4 osin kuin henkil\u00f6tietojen k\u00e4sittelyperusteena on Yhdistyksen oikeutettu etu;<\/li>\n\n\n\n<li>saada henkil\u00f6tietonsa koneluettavassa muodossa ja siirt\u00e4\u00e4 kyseiset tiedot toiselle rekisterinpit\u00e4j\u00e4lle edellytt\u00e4en, ett\u00e4 rekister\u00f6ity on itse toimittanut kyseiset henkil\u00f6tiedot Yhdistykselle, Yhdistys k\u00e4sittelee kyseisi\u00e4 henkil\u00f6tietoja rekister\u00f6idyn suostumuksen perusteella ja k\u00e4sittely suoritetaan automaattisesti; ja<\/li>\n\n\n\n<li>vaatia henkil\u00f6tietojensa k\u00e4sittelyn rajoittamista.<\/li>\n<\/ul>\n\n\n\n<p>Rekister\u00f6idyn tulee esitt\u00e4\u00e4 edell\u00e4 mainitun oikeuden toteuttamista koskeva pyynt\u00f6 t\u00e4m\u00e4n tietosuojaselosteen Yhteydenotot-kohdan mukaisesti. Yhdistys voi pyyt\u00e4\u00e4 rekister\u00f6ity\u00e4 tarkentamaan pyynt\u00f6\u00e4\u00e4n kirjallisesti ja varmentamaan rekister\u00f6idyn henkil\u00f6llisyyden ennen pyynn\u00f6n k\u00e4sittelemist\u00e4. Yhdistys voi kielt\u00e4yty\u00e4 pyynn\u00f6n toteuttamisesta sovellettavassa laissa s\u00e4\u00e4detyll\u00e4 perusteella.<\/p>\n\n\n\n<p>10. <strong>Oikeus valittaa valvontaviranomaiselle<\/strong><\/p>\n\n\n\n<p>Jokaisella Rekister\u00f6idyll\u00e4 on oikeus tehd\u00e4 valitus asianomaiselle valvontaviranomaiselle taikka sen Euroopan unionin j\u00e4senvaltion valvontaviranomaiselle, jossa Rekister\u00f6idyn asuinpaikka tai ty\u00f6paikka sijaitsee, mik\u00e4li Rekister\u00f6ity katsoo, ett\u00e4 h\u00e4nen henkil\u00f6tietojaan ei ole k\u00e4sitelty soveltuvan tietosuojalains\u00e4\u00e4d\u00e4nn\u00f6n mukaisesti.<\/p>\n\n\n\n<p>11. <strong>Yhteydenotot<\/strong><\/p>\n\n\n\n<p>Rekister\u00f6idyn oikeuksien k\u00e4ytt\u00e4mist\u00e4 koskevat pyynn\u00f6t, kysymykset t\u00e4st\u00e4 tietosuojaselosteesta ja muut yhteydenotot tulee tehd\u00e4 s\u00e4hk\u00f6postitse osoitteeseen <em>animalyouthsociety@gmail.com<\/em><\/p>\n\n\n\n<p>12. <strong>Muutokset t\u00e4h\u00e4n tietosuojaselosteeseen<\/strong><\/p>\n\n\n\n<p>T\u00e4t\u00e4 tietosuojaselostetta voidaan p\u00e4ivitt\u00e4\u00e4 aika ajoin esimerkiksi lains\u00e4\u00e4d\u00e4nn\u00f6n muuttuessa. T\u00e4m\u00e4 tietosuojaseloste on viimeksi p\u00e4ivitetty 12.6.2025.<\/p>\n","protected":false},"excerpt":{"rendered":"<p>Rekisterinpit\u00e4j\u00e4: Animal Youth Society ry (\u201dYhdistys\u201d) S\u00e4hk\u00f6posti: animalyouthsociety@gmail.com 2. Rekister\u00f6idyt Rekisteriss\u00e4 k\u00e4sitell\u00e4\u00e4n Yhdistyksen j\u00e4senien ja sen entisten j\u00e4senien henkil\u00f6tietoja (\u201dRekister\u00f6ity\u201d). 3. Henkil\u00f6tietojen k\u00e4sittelyn peruste ja k\u00e4ytt\u00f6tarkoitus Rekisterin k\u00e4ytt\u00f6tarkoituksena on Rekister\u00f6ityjen henkil\u00f6tietojen ajantasainen hallinta j\u00e4senyyden aikana, sen yll\u00e4pito ja kehitt\u00e4minen sek\u00e4 markkinointi ja my\u00f6s p\u00e4\u00e4ttyneiden j\u00e4senyyksien dokumentaation hallinta henkil\u00f6tietoj\u00e4rjestelm\u00e4ss\u00e4 (\u201dJ\u00e4rjestelm\u00e4\u201d). Henkil\u00f6tietojen k\u00e4sittely perustuu Yhdistyksen lains\u00e4\u00e4d\u00e4nn\u00f6lliseen velvoitteeseen [&hellip;]<\/p>\n","protected":false},"author":60,"featured_media":0,"parent":0,"menu_order":0,"comment_status":"closed","ping_status":"closed","template":"","meta":{"_acf_changed":false,"footnotes":""},"class_list":["post-838","page","type-page","status-publish","hentry"],"acf":[],"yoast_head":"<!-- This site is optimized with the Yoast SEO plugin v27.1.1 - https:\/\/yoast.com\/product\/yoast-seo-wordpress\/ -->\n<title>Tietosuojaseloste - Nuorten el\u00e4insuojelutoiminnan opas<\/title>\n<meta name=\"robots\" content=\"index, follow, max-snippet:-1, max-image-preview:large, max-video-preview:-1\" \/>\n<link rel=\"canonical\" href=\"https:\/\/sey.fi\/nuoret\/tietosuojaseloste\/\" \/>\n<meta property=\"og:locale\" content=\"fi_FI\" \/>\n<meta property=\"og:type\" content=\"article\" \/>\n<meta property=\"og:title\" content=\"Tietosuojaseloste - Nuorten el\u00e4insuojelutoiminnan opas\" \/>\n<meta property=\"og:description\" content=\"Rekisterinpit\u00e4j\u00e4: Animal Youth Society ry (\u201dYhdistys\u201d) S\u00e4hk\u00f6posti: animalyouthsociety@gmail.com 2. Rekister\u00f6idyt Rekisteriss\u00e4 k\u00e4sitell\u00e4\u00e4n Yhdistyksen j\u00e4senien ja sen entisten j\u00e4senien henkil\u00f6tietoja (\u201dRekister\u00f6ity\u201d). 3. Henkil\u00f6tietojen k\u00e4sittelyn peruste ja k\u00e4ytt\u00f6tarkoitus Rekisterin k\u00e4ytt\u00f6tarkoituksena on Rekister\u00f6ityjen henkil\u00f6tietojen ajantasainen hallinta j\u00e4senyyden aikana, sen yll\u00e4pito ja kehitt\u00e4minen sek\u00e4 markkinointi ja my\u00f6s p\u00e4\u00e4ttyneiden j\u00e4senyyksien dokumentaation hallinta henkil\u00f6tietoj\u00e4rjestelm\u00e4ss\u00e4 (\u201dJ\u00e4rjestelm\u00e4\u201d). Henkil\u00f6tietojen k\u00e4sittely perustuu Yhdistyksen lains\u00e4\u00e4d\u00e4nn\u00f6lliseen velvoitteeseen [&hellip;]\" \/>\n<meta property=\"og:url\" content=\"https:\/\/sey.fi\/nuoret\/tietosuojaseloste\/\" \/>\n<meta property=\"og:site_name\" content=\"Nuorten el\u00e4insuojelutoiminnan opas\" \/>\n<meta property=\"article:modified_time\" content=\"2025-06-12T11:05:42+00:00\" \/>\n<meta name=\"twitter:card\" content=\"summary_large_image\" \/>\n<meta name=\"twitter:label1\" content=\"Arvioitu lukuaika\" \/>\n\t<meta name=\"twitter:data1\" content=\"4 minuuttia\" \/>\n<script type=\"application\/ld+json\" class=\"yoast-schema-graph\">{\"@context\":\"https:\/\/schema.org\",\"@graph\":[{\"@type\":\"WebPage\",\"@id\":\"https:\/\/sey.fi\/nuoret\/tietosuojaseloste\/\",\"url\":\"https:\/\/sey.fi\/nuoret\/tietosuojaseloste\/\",\"name\":\"Tietosuojaseloste - Nuorten el\u00e4insuojelutoiminnan opas\",\"isPartOf\":{\"@id\":\"https:\/\/sey.fi\/nuoret\/#website\"},\"datePublished\":\"2025-06-12T11:04:37+00:00\",\"dateModified\":\"2025-06-12T11:05:42+00:00\",\"breadcrumb\":{\"@id\":\"https:\/\/sey.fi\/nuoret\/tietosuojaseloste\/#breadcrumb\"},\"inLanguage\":\"fi\",\"potentialAction\":[{\"@type\":\"ReadAction\",\"target\":[\"https:\/\/sey.fi\/nuoret\/tietosuojaseloste\/\"]}]},{\"@type\":\"BreadcrumbList\",\"@id\":\"https:\/\/sey.fi\/nuoret\/tietosuojaseloste\/#breadcrumb\",\"itemListElement\":[{\"@type\":\"ListItem\",\"position\":1,\"name\":\"Home\",\"item\":\"https:\/\/sey.fi\/nuoret\/\"},{\"@type\":\"ListItem\",\"position\":2,\"name\":\"Tietosuojaseloste\"}]},{\"@type\":\"WebSite\",\"@id\":\"https:\/\/sey.fi\/nuoret\/#website\",\"url\":\"https:\/\/sey.fi\/nuoret\/\",\"name\":\"Nuorten el\u00e4insuojelutoiminnan opas\",\"description\":\"SEY nuortet\",\"potentialAction\":[{\"@type\":\"SearchAction\",\"target\":{\"@type\":\"EntryPoint\",\"urlTemplate\":\"https:\/\/sey.fi\/nuoret\/?s={search_term_string}\"},\"query-input\":{\"@type\":\"PropertyValueSpecification\",\"valueRequired\":true,\"valueName\":\"search_term_string\"}}],\"inLanguage\":\"fi\"}]}<\/script>\n<!-- \/ Yoast SEO plugin. -->","yoast_head_json":{"title":"Tietosuojaseloste - Nuorten el\u00e4insuojelutoiminnan opas","robots":{"index":"index","follow":"follow","max-snippet":"max-snippet:-1","max-image-preview":"max-image-preview:large","max-video-preview":"max-video-preview:-1"},"canonical":"https:\/\/sey.fi\/nuoret\/tietosuojaseloste\/","og_locale":"fi_FI","og_type":"article","og_title":"Tietosuojaseloste - Nuorten el\u00e4insuojelutoiminnan opas","og_description":"Rekisterinpit\u00e4j\u00e4: Animal Youth Society ry (\u201dYhdistys\u201d) S\u00e4hk\u00f6posti: animalyouthsociety@gmail.com 2. Rekister\u00f6idyt Rekisteriss\u00e4 k\u00e4sitell\u00e4\u00e4n Yhdistyksen j\u00e4senien ja sen entisten j\u00e4senien henkil\u00f6tietoja (\u201dRekister\u00f6ity\u201d). 3. Henkil\u00f6tietojen k\u00e4sittelyn peruste ja k\u00e4ytt\u00f6tarkoitus Rekisterin k\u00e4ytt\u00f6tarkoituksena on Rekister\u00f6ityjen henkil\u00f6tietojen ajantasainen hallinta j\u00e4senyyden aikana, sen yll\u00e4pito ja kehitt\u00e4minen sek\u00e4 markkinointi ja my\u00f6s p\u00e4\u00e4ttyneiden j\u00e4senyyksien dokumentaation hallinta henkil\u00f6tietoj\u00e4rjestelm\u00e4ss\u00e4 (\u201dJ\u00e4rjestelm\u00e4\u201d). Henkil\u00f6tietojen k\u00e4sittely perustuu Yhdistyksen lains\u00e4\u00e4d\u00e4nn\u00f6lliseen velvoitteeseen [&hellip;]","og_url":"https:\/\/sey.fi\/nuoret\/tietosuojaseloste\/","og_site_name":"Nuorten el\u00e4insuojelutoiminnan opas","article_modified_time":"2025-06-12T11:05:42+00:00","twitter_card":"summary_large_image","twitter_misc":{"Arvioitu lukuaika":"4 minuuttia"},"schema":{"@context":"https:\/\/schema.org","@graph":[{"@type":"WebPage","@id":"https:\/\/sey.fi\/nuoret\/tietosuojaseloste\/","url":"https:\/\/sey.fi\/nuoret\/tietosuojaseloste\/","name":"Tietosuojaseloste - Nuorten el\u00e4insuojelutoiminnan opas","isPartOf":{"@id":"https:\/\/sey.fi\/nuoret\/#website"},"datePublished":"2025-06-12T11:04:37+00:00","dateModified":"2025-06-12T11:05:42+00:00","breadcrumb":{"@id":"https:\/\/sey.fi\/nuoret\/tietosuojaseloste\/#breadcrumb"},"inLanguage":"fi","potentialAction":[{"@type":"ReadAction","target":["https:\/\/sey.fi\/nuoret\/tietosuojaseloste\/"]}]},{"@type":"BreadcrumbList","@id":"https:\/\/sey.fi\/nuoret\/tietosuojaseloste\/#breadcrumb","itemListElement":[{"@type":"ListItem","position":1,"name":"Home","item":"https:\/\/sey.fi\/nuoret\/"},{"@type":"ListItem","position":2,"name":"Tietosuojaseloste"}]},{"@type":"WebSite","@id":"https:\/\/sey.fi\/nuoret\/#website","url":"https:\/\/sey.fi\/nuoret\/","name":"Nuorten el\u00e4insuojelutoiminnan opas","description":"SEY nuortet","potentialAction":[{"@type":"SearchAction","target":{"@type":"EntryPoint","urlTemplate":"https:\/\/sey.fi\/nuoret\/?s={search_term_string}"},"query-input":{"@type":"PropertyValueSpecification","valueRequired":true,"valueName":"search_term_string"}}],"inLanguage":"fi"}]}},"_links":{"self":[{"href":"https:\/\/sey.fi\/nuoret\/wp-json\/wp\/v2\/pages\/838","targetHints":{"allow":["GET"]}}],"collection":[{"href":"https:\/\/sey.fi\/nuoret\/wp-json\/wp\/v2\/pages"}],"about":[{"href":"https:\/\/sey.fi\/nuoret\/wp-json\/wp\/v2\/types\/page"}],"author":[{"embeddable":true,"href":"https:\/\/sey.fi\/nuoret\/wp-json\/wp\/v2\/users\/60"}],"replies":[{"embeddable":true,"href":"https:\/\/sey.fi\/nuoret\/wp-json\/wp\/v2\/comments?post=838"}],"version-history":[{"count":3,"href":"https:\/\/sey.fi\/nuoret\/wp-json\/wp\/v2\/pages\/838\/revisions"}],"predecessor-version":[{"id":842,"href":"https:\/\/sey.fi\/nuoret\/wp-json\/wp\/v2\/pages\/838\/revisions\/842"}],"wp:attachment":[{"href":"https:\/\/sey.fi\/nuoret\/wp-json\/wp\/v2\/media?parent=838"}],"curies":[{"name":"wp","href":"https:\/\/api.w.org\/{rel}","templated":true}]}}