{"id":17,"date":"2022-09-01T13:48:10","date_gmt":"2022-09-01T10:48:10","guid":{"rendered":"https:\/\/sey.fi\/oulainen\/?page_id=17"},"modified":"2024-12-12T12:04:13","modified_gmt":"2024-12-12T10:04:13","slug":"yhdistys","status":"publish","type":"page","link":"https:\/\/sey.fi\/oulainen\/yhdistys\/","title":{"rendered":"Yhdistys"},"content":{"rendered":"\n<p>Oulaisten Seudun El\u00e4insuojeluyhdistys on perustettu 11.06.1969, koska perustavan kokouksen p\u00f6yt\u00e4kirjan mukaan \u201dyleist\u00e4 valistusta tarvitaan niin koti- kuin luonnonel\u00e4imiin kohdistuvaan k\u00e4ytt\u00e4ytymiseen. Vallankin nuorison kohdalla rakkautta luontoon pit\u00e4\u00e4 saada viritetyksi enemm\u00e4n.\u201d<br><br>Yhdistyksen toiminta-alueena ovat Oulaisten lis\u00e4ksi my\u00f6s Merij\u00e4rvi.<br><br>Oulaisten Seudun El\u00e4insuojeluyhdistys Ry on Suomen El\u00e4insuojeluyhdistysten liiton j\u00e4senj\u00e4rjest\u00f6, jonka liittovaltuustossa yhdistyst\u00e4mme edustaa\u00a0Merja Rautio.<br><br>Aikoinaan Oulaisten Seudun El\u00e4insuojeluyhdistyksen perustajien toive oli, ett\u00e4 yhdistys toiminnallaan tekisi itsens\u00e4 tarpeettomaksi.<br><br>N\u00e4in ei ole valitettavasti k\u00e4ynyt. Sen sijaan el\u00e4insuojeluty\u00f6n haasteet t\u00e4ss\u00e4 kovien arvojen maailmassa n\u00e4ytt\u00e4v\u00e4t vain kasvavan.N\u00e4ist\u00e4 haasteista selvi\u00e4minen edellytt\u00e4\u00e4 entist\u00e4kin tiiviimp\u00e4\u00e4 toimintaa, johon toivomme uusia idearikkaita j\u00e4seni\u00e4 mukaan.<\/p>\n","protected":false},"excerpt":{"rendered":"<p>Oulaisten Seudun El\u00e4insuojeluyhdistys on perustettu 11.06.1969, koska perustavan kokouksen p\u00f6yt\u00e4kirjan mukaan \u201dyleist\u00e4 valistusta tarvitaan niin koti- kuin luonnonel\u00e4imiin kohdistuvaan k\u00e4ytt\u00e4ytymiseen. Vallankin nuorison kohdalla rakkautta luontoon pit\u00e4\u00e4 saada viritetyksi enemm\u00e4n.\u201d Yhdistyksen toiminta-alueena ovat Oulaisten lis\u00e4ksi my\u00f6s Merij\u00e4rvi. Oulaisten Seudun El\u00e4insuojeluyhdistys Ry on Suomen El\u00e4insuojeluyhdistysten liiton j\u00e4senj\u00e4rjest\u00f6, jonka liittovaltuustossa yhdistyst\u00e4mme edustaa\u00a0Merja Rautio. Aikoinaan Oulaisten Seudun El\u00e4insuojeluyhdistyksen perustajien [&hellip;]<\/p>\n","protected":false},"author":1,"featured_media":0,"parent":0,"menu_order":0,"comment_status":"closed","ping_status":"closed","template":"","meta":{"_acf_changed":false,"footnotes":""},"class_list":["post-17","page","type-page","status-publish","hentry"],"acf":[],"yoast_head":"<!-- This site is optimized with the Yoast SEO plugin v27.1.1 - https:\/\/yoast.com\/product\/yoast-seo-wordpress\/ -->\n<title>Yhdistys - Oulaisten seudun el\u00e4insuojeluyhdistys ry<\/title>\n<meta name=\"robots\" content=\"index, follow, max-snippet:-1, max-image-preview:large, max-video-preview:-1\" \/>\n<link rel=\"canonical\" href=\"https:\/\/sey.fi\/oulainen\/yhdistys\/\" \/>\n<meta property=\"og:locale\" content=\"fi_FI\" \/>\n<meta property=\"og:type\" content=\"article\" \/>\n<meta property=\"og:title\" content=\"Yhdistys - Oulaisten seudun el\u00e4insuojeluyhdistys ry\" \/>\n<meta property=\"og:description\" content=\"Oulaisten Seudun El\u00e4insuojeluyhdistys on perustettu 11.06.1969, koska perustavan kokouksen p\u00f6yt\u00e4kirjan mukaan \u201dyleist\u00e4 valistusta tarvitaan niin koti- kuin luonnonel\u00e4imiin kohdistuvaan k\u00e4ytt\u00e4ytymiseen. Vallankin nuorison kohdalla rakkautta luontoon pit\u00e4\u00e4 saada viritetyksi enemm\u00e4n.\u201d Yhdistyksen toiminta-alueena ovat Oulaisten lis\u00e4ksi my\u00f6s Merij\u00e4rvi. Oulaisten Seudun El\u00e4insuojeluyhdistys Ry on Suomen El\u00e4insuojeluyhdistysten liiton j\u00e4senj\u00e4rjest\u00f6, jonka liittovaltuustossa yhdistyst\u00e4mme edustaa\u00a0Merja Rautio. Aikoinaan Oulaisten Seudun El\u00e4insuojeluyhdistyksen perustajien [&hellip;]\" \/>\n<meta property=\"og:url\" content=\"https:\/\/sey.fi\/oulainen\/yhdistys\/\" \/>\n<meta property=\"og:site_name\" content=\"Oulaisten seudun el\u00e4insuojeluyhdistys ry\" \/>\n<meta property=\"article:modified_time\" content=\"2024-12-12T10:04:13+00:00\" \/>\n<meta name=\"twitter:card\" content=\"summary_large_image\" \/>\n<meta name=\"twitter:label1\" content=\"Arvioitu lukuaika\" \/>\n\t<meta name=\"twitter:data1\" content=\"1 minuutti\" \/>\n<script type=\"application\/ld+json\" class=\"yoast-schema-graph\">{\"@context\":\"https:\/\/schema.org\",\"@graph\":[{\"@type\":\"WebPage\",\"@id\":\"https:\/\/sey.fi\/oulainen\/yhdistys\/\",\"url\":\"https:\/\/sey.fi\/oulainen\/yhdistys\/\",\"name\":\"Yhdistys - Oulaisten seudun el\u00e4insuojeluyhdistys ry\",\"isPartOf\":{\"@id\":\"https:\/\/sey.fi\/oulainen\/#website\"},\"datePublished\":\"2022-09-01T10:48:10+00:00\",\"dateModified\":\"2024-12-12T10:04:13+00:00\",\"breadcrumb\":{\"@id\":\"https:\/\/sey.fi\/oulainen\/yhdistys\/#breadcrumb\"},\"inLanguage\":\"fi\",\"potentialAction\":[{\"@type\":\"ReadAction\",\"target\":[\"https:\/\/sey.fi\/oulainen\/yhdistys\/\"]}]},{\"@type\":\"BreadcrumbList\",\"@id\":\"https:\/\/sey.fi\/oulainen\/yhdistys\/#breadcrumb\",\"itemListElement\":[{\"@type\":\"ListItem\",\"position\":1,\"name\":\"Home\",\"item\":\"https:\/\/sey.fi\/oulainen\/\"},{\"@type\":\"ListItem\",\"position\":2,\"name\":\"Yhdistys\"}]},{\"@type\":\"WebSite\",\"@id\":\"https:\/\/sey.fi\/oulainen\/#website\",\"url\":\"https:\/\/sey.fi\/oulainen\/\",\"name\":\"Oulaisten seudun el\u00e4insuojeluyhdistys ry\",\"description\":\"Uusi SEY J\u00e4senyhdistykset -sivusto\",\"potentialAction\":[{\"@type\":\"SearchAction\",\"target\":{\"@type\":\"EntryPoint\",\"urlTemplate\":\"https:\/\/sey.fi\/oulainen\/?s={search_term_string}\"},\"query-input\":{\"@type\":\"PropertyValueSpecification\",\"valueRequired\":true,\"valueName\":\"search_term_string\"}}],\"inLanguage\":\"fi\"}]}<\/script>\n<!-- \/ Yoast SEO plugin. -->","yoast_head_json":{"title":"Yhdistys - Oulaisten seudun el\u00e4insuojeluyhdistys ry","robots":{"index":"index","follow":"follow","max-snippet":"max-snippet:-1","max-image-preview":"max-image-preview:large","max-video-preview":"max-video-preview:-1"},"canonical":"https:\/\/sey.fi\/oulainen\/yhdistys\/","og_locale":"fi_FI","og_type":"article","og_title":"Yhdistys - Oulaisten seudun el\u00e4insuojeluyhdistys ry","og_description":"Oulaisten Seudun El\u00e4insuojeluyhdistys on perustettu 11.06.1969, koska perustavan kokouksen p\u00f6yt\u00e4kirjan mukaan \u201dyleist\u00e4 valistusta tarvitaan niin koti- kuin luonnonel\u00e4imiin kohdistuvaan k\u00e4ytt\u00e4ytymiseen. Vallankin nuorison kohdalla rakkautta luontoon pit\u00e4\u00e4 saada viritetyksi enemm\u00e4n.\u201d Yhdistyksen toiminta-alueena ovat Oulaisten lis\u00e4ksi my\u00f6s Merij\u00e4rvi. Oulaisten Seudun El\u00e4insuojeluyhdistys Ry on Suomen El\u00e4insuojeluyhdistysten liiton j\u00e4senj\u00e4rjest\u00f6, jonka liittovaltuustossa yhdistyst\u00e4mme edustaa\u00a0Merja Rautio. Aikoinaan Oulaisten Seudun El\u00e4insuojeluyhdistyksen perustajien [&hellip;]","og_url":"https:\/\/sey.fi\/oulainen\/yhdistys\/","og_site_name":"Oulaisten seudun el\u00e4insuojeluyhdistys ry","article_modified_time":"2024-12-12T10:04:13+00:00","twitter_card":"summary_large_image","twitter_misc":{"Arvioitu lukuaika":"1 minuutti"},"schema":{"@context":"https:\/\/schema.org","@graph":[{"@type":"WebPage","@id":"https:\/\/sey.fi\/oulainen\/yhdistys\/","url":"https:\/\/sey.fi\/oulainen\/yhdistys\/","name":"Yhdistys - Oulaisten seudun el\u00e4insuojeluyhdistys ry","isPartOf":{"@id":"https:\/\/sey.fi\/oulainen\/#website"},"datePublished":"2022-09-01T10:48:10+00:00","dateModified":"2024-12-12T10:04:13+00:00","breadcrumb":{"@id":"https:\/\/sey.fi\/oulainen\/yhdistys\/#breadcrumb"},"inLanguage":"fi","potentialAction":[{"@type":"ReadAction","target":["https:\/\/sey.fi\/oulainen\/yhdistys\/"]}]},{"@type":"BreadcrumbList","@id":"https:\/\/sey.fi\/oulainen\/yhdistys\/#breadcrumb","itemListElement":[{"@type":"ListItem","position":1,"name":"Home","item":"https:\/\/sey.fi\/oulainen\/"},{"@type":"ListItem","position":2,"name":"Yhdistys"}]},{"@type":"WebSite","@id":"https:\/\/sey.fi\/oulainen\/#website","url":"https:\/\/sey.fi\/oulainen\/","name":"Oulaisten seudun el\u00e4insuojeluyhdistys ry","description":"Uusi SEY J\u00e4senyhdistykset -sivusto","potentialAction":[{"@type":"SearchAction","target":{"@type":"EntryPoint","urlTemplate":"https:\/\/sey.fi\/oulainen\/?s={search_term_string}"},"query-input":{"@type":"PropertyValueSpecification","valueRequired":true,"valueName":"search_term_string"}}],"inLanguage":"fi"}]}},"_links":{"self":[{"href":"https:\/\/sey.fi\/oulainen\/wp-json\/wp\/v2\/pages\/17","targetHints":{"allow":["GET"]}}],"collection":[{"href":"https:\/\/sey.fi\/oulainen\/wp-json\/wp\/v2\/pages"}],"about":[{"href":"https:\/\/sey.fi\/oulainen\/wp-json\/wp\/v2\/types\/page"}],"author":[{"embeddable":true,"href":"https:\/\/sey.fi\/oulainen\/wp-json\/wp\/v2\/users\/1"}],"replies":[{"embeddable":true,"href":"https:\/\/sey.fi\/oulainen\/wp-json\/wp\/v2\/comments?post=17"}],"version-history":[{"count":7,"href":"https:\/\/sey.fi\/oulainen\/wp-json\/wp\/v2\/pages\/17\/revisions"}],"predecessor-version":[{"id":111,"href":"https:\/\/sey.fi\/oulainen\/wp-json\/wp\/v2\/pages\/17\/revisions\/111"}],"wp:attachment":[{"href":"https:\/\/sey.fi\/oulainen\/wp-json\/wp\/v2\/media?parent=17"}],"curies":[{"name":"wp","href":"https:\/\/api.w.org\/{rel}","templated":true}]}}