{"id":19,"date":"2022-09-01T13:49:31","date_gmt":"2022-09-01T10:49:31","guid":{"rendered":"https:\/\/sey.fi\/oulainen\/?page_id=19"},"modified":"2022-09-01T14:51:19","modified_gmt":"2022-09-01T11:51:19","slug":"toiminta","status":"publish","type":"page","link":"https:\/\/sey.fi\/oulainen\/yhdistys\/toiminta\/","title":{"rendered":"Toiminta"},"content":{"rendered":"\n<p>Koko toimintansa ajan yhdistyksemme on pit\u00e4nyt t\u00e4rke\u00e4n\u00e4 levitt\u00e4\u00e4 eri tavoin el\u00e4insuojeluvalistusta toimialueellaan.<br><br>On kirjoitettu paikallislehtiin, hankittu alueemme kirjastoihin esille el\u00e4insuojeluaiheiset kansiot, pidetty kouluissa ja p\u00e4iv\u00e4kodeissa el\u00e4insuojelutunteja sek\u00e4 el\u00e4inaiheisia piirustus- ja kirjoituskilpailuja, osallistuttu erilaisiin tapahtumiin jne.<br><br>Mahdollisuuksien mukaan olemme my\u00f6s tukeneet alueellamme toimivien el\u00e4insuojeluvalvojien ty\u00f6t\u00e4 heid\u00e4n puolustaessaan el\u00e4inten oikeuksia jokap\u00e4iv\u00e4isess\u00e4 arjessaan.<br><br>Tuemme lintujen talviruokintaa ja j\u00e4rjest\u00e4mme kissojen leikkauskampanjoita.<br><br>Pid\u00e4mme useita kokouksia ja palavereja vuodessa sek\u00e4 j\u00e4rjest\u00e4mme koulutusta ja tuemme j\u00e4sentemme kouluttautumista.<\/p>\n","protected":false},"excerpt":{"rendered":"<p>Koko toimintansa ajan yhdistyksemme on pit\u00e4nyt t\u00e4rke\u00e4n\u00e4 levitt\u00e4\u00e4 eri tavoin el\u00e4insuojeluvalistusta toimialueellaan. On kirjoitettu paikallislehtiin, hankittu alueemme kirjastoihin esille el\u00e4insuojeluaiheiset kansiot, pidetty kouluissa ja p\u00e4iv\u00e4kodeissa el\u00e4insuojelutunteja sek\u00e4 el\u00e4inaiheisia piirustus- ja kirjoituskilpailuja, osallistuttu erilaisiin tapahtumiin jne. Mahdollisuuksien mukaan olemme my\u00f6s tukeneet alueellamme toimivien el\u00e4insuojeluvalvojien ty\u00f6t\u00e4 heid\u00e4n puolustaessaan el\u00e4inten oikeuksia jokap\u00e4iv\u00e4isess\u00e4 arjessaan. Tuemme lintujen talviruokintaa ja j\u00e4rjest\u00e4mme [&hellip;]<\/p>\n","protected":false},"author":1,"featured_media":0,"parent":17,"menu_order":0,"comment_status":"closed","ping_status":"closed","template":"","meta":{"_acf_changed":false,"footnotes":""},"class_list":["post-19","page","type-page","status-publish","hentry"],"acf":[],"yoast_head":"<!-- This site is optimized with the Yoast SEO plugin v27.1.1 - https:\/\/yoast.com\/product\/yoast-seo-wordpress\/ -->\n<title>Toiminta - Oulaisten seudun el\u00e4insuojeluyhdistys ry<\/title>\n<meta name=\"robots\" content=\"index, follow, max-snippet:-1, max-image-preview:large, max-video-preview:-1\" \/>\n<link rel=\"canonical\" href=\"https:\/\/sey.fi\/oulainen\/yhdistys\/toiminta\/\" \/>\n<meta property=\"og:locale\" content=\"fi_FI\" \/>\n<meta property=\"og:type\" content=\"article\" \/>\n<meta property=\"og:title\" content=\"Toiminta - Oulaisten seudun el\u00e4insuojeluyhdistys ry\" \/>\n<meta property=\"og:description\" content=\"Koko toimintansa ajan yhdistyksemme on pit\u00e4nyt t\u00e4rke\u00e4n\u00e4 levitt\u00e4\u00e4 eri tavoin el\u00e4insuojeluvalistusta toimialueellaan. On kirjoitettu paikallislehtiin, hankittu alueemme kirjastoihin esille el\u00e4insuojeluaiheiset kansiot, pidetty kouluissa ja p\u00e4iv\u00e4kodeissa el\u00e4insuojelutunteja sek\u00e4 el\u00e4inaiheisia piirustus- ja kirjoituskilpailuja, osallistuttu erilaisiin tapahtumiin jne. Mahdollisuuksien mukaan olemme my\u00f6s tukeneet alueellamme toimivien el\u00e4insuojeluvalvojien ty\u00f6t\u00e4 heid\u00e4n puolustaessaan el\u00e4inten oikeuksia jokap\u00e4iv\u00e4isess\u00e4 arjessaan. Tuemme lintujen talviruokintaa ja j\u00e4rjest\u00e4mme [&hellip;]\" \/>\n<meta property=\"og:url\" content=\"https:\/\/sey.fi\/oulainen\/yhdistys\/toiminta\/\" \/>\n<meta property=\"og:site_name\" content=\"Oulaisten seudun el\u00e4insuojeluyhdistys ry\" \/>\n<meta property=\"article:modified_time\" content=\"2022-09-01T11:51:19+00:00\" \/>\n<meta name=\"twitter:card\" content=\"summary_large_image\" \/>\n<meta name=\"twitter:label1\" content=\"Arvioitu lukuaika\" \/>\n\t<meta name=\"twitter:data1\" content=\"1 minuutti\" \/>\n<script type=\"application\/ld+json\" class=\"yoast-schema-graph\">{\"@context\":\"https:\/\/schema.org\",\"@graph\":[{\"@type\":\"WebPage\",\"@id\":\"https:\/\/sey.fi\/oulainen\/yhdistys\/toiminta\/\",\"url\":\"https:\/\/sey.fi\/oulainen\/yhdistys\/toiminta\/\",\"name\":\"Toiminta - Oulaisten seudun el\u00e4insuojeluyhdistys ry\",\"isPartOf\":{\"@id\":\"https:\/\/sey.fi\/oulainen\/#website\"},\"datePublished\":\"2022-09-01T10:49:31+00:00\",\"dateModified\":\"2022-09-01T11:51:19+00:00\",\"breadcrumb\":{\"@id\":\"https:\/\/sey.fi\/oulainen\/yhdistys\/toiminta\/#breadcrumb\"},\"inLanguage\":\"fi\",\"potentialAction\":[{\"@type\":\"ReadAction\",\"target\":[\"https:\/\/sey.fi\/oulainen\/yhdistys\/toiminta\/\"]}]},{\"@type\":\"BreadcrumbList\",\"@id\":\"https:\/\/sey.fi\/oulainen\/yhdistys\/toiminta\/#breadcrumb\",\"itemListElement\":[{\"@type\":\"ListItem\",\"position\":1,\"name\":\"Home\",\"item\":\"https:\/\/sey.fi\/oulainen\/\"},{\"@type\":\"ListItem\",\"position\":2,\"name\":\"Yhdistys\",\"item\":\"https:\/\/sey.fi\/oulainen\/yhdistys\/\"},{\"@type\":\"ListItem\",\"position\":3,\"name\":\"Toiminta\"}]},{\"@type\":\"WebSite\",\"@id\":\"https:\/\/sey.fi\/oulainen\/#website\",\"url\":\"https:\/\/sey.fi\/oulainen\/\",\"name\":\"Oulaisten seudun el\u00e4insuojeluyhdistys ry\",\"description\":\"Uusi SEY J\u00e4senyhdistykset -sivusto\",\"potentialAction\":[{\"@type\":\"SearchAction\",\"target\":{\"@type\":\"EntryPoint\",\"urlTemplate\":\"https:\/\/sey.fi\/oulainen\/?s={search_term_string}\"},\"query-input\":{\"@type\":\"PropertyValueSpecification\",\"valueRequired\":true,\"valueName\":\"search_term_string\"}}],\"inLanguage\":\"fi\"}]}<\/script>\n<!-- \/ Yoast SEO plugin. -->","yoast_head_json":{"title":"Toiminta - Oulaisten seudun el\u00e4insuojeluyhdistys ry","robots":{"index":"index","follow":"follow","max-snippet":"max-snippet:-1","max-image-preview":"max-image-preview:large","max-video-preview":"max-video-preview:-1"},"canonical":"https:\/\/sey.fi\/oulainen\/yhdistys\/toiminta\/","og_locale":"fi_FI","og_type":"article","og_title":"Toiminta - Oulaisten seudun el\u00e4insuojeluyhdistys ry","og_description":"Koko toimintansa ajan yhdistyksemme on pit\u00e4nyt t\u00e4rke\u00e4n\u00e4 levitt\u00e4\u00e4 eri tavoin el\u00e4insuojeluvalistusta toimialueellaan. On kirjoitettu paikallislehtiin, hankittu alueemme kirjastoihin esille el\u00e4insuojeluaiheiset kansiot, pidetty kouluissa ja p\u00e4iv\u00e4kodeissa el\u00e4insuojelutunteja sek\u00e4 el\u00e4inaiheisia piirustus- ja kirjoituskilpailuja, osallistuttu erilaisiin tapahtumiin jne. Mahdollisuuksien mukaan olemme my\u00f6s tukeneet alueellamme toimivien el\u00e4insuojeluvalvojien ty\u00f6t\u00e4 heid\u00e4n puolustaessaan el\u00e4inten oikeuksia jokap\u00e4iv\u00e4isess\u00e4 arjessaan. Tuemme lintujen talviruokintaa ja j\u00e4rjest\u00e4mme [&hellip;]","og_url":"https:\/\/sey.fi\/oulainen\/yhdistys\/toiminta\/","og_site_name":"Oulaisten seudun el\u00e4insuojeluyhdistys ry","article_modified_time":"2022-09-01T11:51:19+00:00","twitter_card":"summary_large_image","twitter_misc":{"Arvioitu lukuaika":"1 minuutti"},"schema":{"@context":"https:\/\/schema.org","@graph":[{"@type":"WebPage","@id":"https:\/\/sey.fi\/oulainen\/yhdistys\/toiminta\/","url":"https:\/\/sey.fi\/oulainen\/yhdistys\/toiminta\/","name":"Toiminta - Oulaisten seudun el\u00e4insuojeluyhdistys ry","isPartOf":{"@id":"https:\/\/sey.fi\/oulainen\/#website"},"datePublished":"2022-09-01T10:49:31+00:00","dateModified":"2022-09-01T11:51:19+00:00","breadcrumb":{"@id":"https:\/\/sey.fi\/oulainen\/yhdistys\/toiminta\/#breadcrumb"},"inLanguage":"fi","potentialAction":[{"@type":"ReadAction","target":["https:\/\/sey.fi\/oulainen\/yhdistys\/toiminta\/"]}]},{"@type":"BreadcrumbList","@id":"https:\/\/sey.fi\/oulainen\/yhdistys\/toiminta\/#breadcrumb","itemListElement":[{"@type":"ListItem","position":1,"name":"Home","item":"https:\/\/sey.fi\/oulainen\/"},{"@type":"ListItem","position":2,"name":"Yhdistys","item":"https:\/\/sey.fi\/oulainen\/yhdistys\/"},{"@type":"ListItem","position":3,"name":"Toiminta"}]},{"@type":"WebSite","@id":"https:\/\/sey.fi\/oulainen\/#website","url":"https:\/\/sey.fi\/oulainen\/","name":"Oulaisten seudun el\u00e4insuojeluyhdistys ry","description":"Uusi SEY J\u00e4senyhdistykset -sivusto","potentialAction":[{"@type":"SearchAction","target":{"@type":"EntryPoint","urlTemplate":"https:\/\/sey.fi\/oulainen\/?s={search_term_string}"},"query-input":{"@type":"PropertyValueSpecification","valueRequired":true,"valueName":"search_term_string"}}],"inLanguage":"fi"}]}},"_links":{"self":[{"href":"https:\/\/sey.fi\/oulainen\/wp-json\/wp\/v2\/pages\/19","targetHints":{"allow":["GET"]}}],"collection":[{"href":"https:\/\/sey.fi\/oulainen\/wp-json\/wp\/v2\/pages"}],"about":[{"href":"https:\/\/sey.fi\/oulainen\/wp-json\/wp\/v2\/types\/page"}],"author":[{"embeddable":true,"href":"https:\/\/sey.fi\/oulainen\/wp-json\/wp\/v2\/users\/1"}],"replies":[{"embeddable":true,"href":"https:\/\/sey.fi\/oulainen\/wp-json\/wp\/v2\/comments?post=19"}],"version-history":[{"count":3,"href":"https:\/\/sey.fi\/oulainen\/wp-json\/wp\/v2\/pages\/19\/revisions"}],"predecessor-version":[{"id":81,"href":"https:\/\/sey.fi\/oulainen\/wp-json\/wp\/v2\/pages\/19\/revisions\/81"}],"up":[{"embeddable":true,"href":"https:\/\/sey.fi\/oulainen\/wp-json\/wp\/v2\/pages\/17"}],"wp:attachment":[{"href":"https:\/\/sey.fi\/oulainen\/wp-json\/wp\/v2\/media?parent=19"}],"curies":[{"name":"wp","href":"https:\/\/api.w.org\/{rel}","templated":true}]}}