{"id":25,"date":"2022-09-01T13:54:05","date_gmt":"2022-09-01T10:54:05","guid":{"rendered":"https:\/\/sey.fi\/oulainen\/?page_id=25"},"modified":"2022-09-01T14:54:16","modified_gmt":"2022-09-01T11:54:16","slug":"jasenyys","status":"publish","type":"page","link":"https:\/\/sey.fi\/oulainen\/yhdistys\/jasenyys\/","title":{"rendered":"J\u00e4senyys"},"content":{"rendered":"\n<p>Mik\u00e4li olet kiinnostunut liittym\u00e4\u00e4n j\u00e4seneksi,\u00a0t\u00e4yt\u00e4<a href=\"https:\/\/sey.fi\/osallistu-ja-vaikuta\/liity-jaseneksi\/\"> SEYN j\u00e4senhakulomake<\/a>. <br><br>Samalla liityt paikallisyhdistyksen j\u00e4seneksi. Liittym\u00e4ll\u00e4 j\u00e4seneksi saat El\u00e4intenyst\u00e4v\u00e4- lehden. <br><br>Mik\u00e4li olet kiinnostunut yhdistyksemme toiminnasta tai sinulla on j\u00e4senyyteen liittyvi\u00e4 kysymyksi\u00e4, sihteerimme\u00a0Mirva Paakkonen\u00a0on henkil\u00f6, johon <a href=\"https:\/\/sey.fi\/oulainen\/yhteystiedot\/\">ottaa yhteytt\u00e4<\/a>.<\/p>\n","protected":false},"excerpt":{"rendered":"<p>Mik\u00e4li olet kiinnostunut liittym\u00e4\u00e4n j\u00e4seneksi,\u00a0t\u00e4yt\u00e4 SEYN j\u00e4senhakulomake. Samalla liityt paikallisyhdistyksen j\u00e4seneksi. Liittym\u00e4ll\u00e4 j\u00e4seneksi saat El\u00e4intenyst\u00e4v\u00e4- lehden. Mik\u00e4li olet kiinnostunut yhdistyksemme toiminnasta tai sinulla on j\u00e4senyyteen liittyvi\u00e4 kysymyksi\u00e4, sihteerimme\u00a0Mirva Paakkonen\u00a0on henkil\u00f6, johon ottaa yhteytt\u00e4.<\/p>\n","protected":false},"author":1,"featured_media":0,"parent":17,"menu_order":1,"comment_status":"closed","ping_status":"closed","template":"","meta":{"_acf_changed":false,"footnotes":""},"class_list":["post-25","page","type-page","status-publish","hentry"],"acf":[],"yoast_head":"<!-- This site is optimized with the Yoast SEO plugin v27.1.1 - https:\/\/yoast.com\/product\/yoast-seo-wordpress\/ -->\n<title>J\u00e4senyys - Oulaisten seudun el\u00e4insuojeluyhdistys ry<\/title>\n<meta name=\"robots\" content=\"index, follow, max-snippet:-1, max-image-preview:large, max-video-preview:-1\" \/>\n<link rel=\"canonical\" href=\"https:\/\/sey.fi\/oulainen\/yhdistys\/jasenyys\/\" \/>\n<meta property=\"og:locale\" content=\"fi_FI\" \/>\n<meta property=\"og:type\" content=\"article\" \/>\n<meta property=\"og:title\" content=\"J\u00e4senyys - Oulaisten seudun el\u00e4insuojeluyhdistys ry\" \/>\n<meta property=\"og:description\" content=\"Mik\u00e4li olet kiinnostunut liittym\u00e4\u00e4n j\u00e4seneksi,\u00a0t\u00e4yt\u00e4 SEYN j\u00e4senhakulomake. Samalla liityt paikallisyhdistyksen j\u00e4seneksi. Liittym\u00e4ll\u00e4 j\u00e4seneksi saat El\u00e4intenyst\u00e4v\u00e4- lehden. Mik\u00e4li olet kiinnostunut yhdistyksemme toiminnasta tai sinulla on j\u00e4senyyteen liittyvi\u00e4 kysymyksi\u00e4, sihteerimme\u00a0Mirva Paakkonen\u00a0on henkil\u00f6, johon ottaa yhteytt\u00e4.\" \/>\n<meta property=\"og:url\" content=\"https:\/\/sey.fi\/oulainen\/yhdistys\/jasenyys\/\" \/>\n<meta property=\"og:site_name\" content=\"Oulaisten seudun el\u00e4insuojeluyhdistys ry\" \/>\n<meta property=\"article:modified_time\" content=\"2022-09-01T11:54:16+00:00\" \/>\n<meta name=\"twitter:card\" content=\"summary_large_image\" \/>\n<meta name=\"twitter:label1\" content=\"Arvioitu lukuaika\" \/>\n\t<meta name=\"twitter:data1\" content=\"1 minuutti\" \/>\n<script type=\"application\/ld+json\" class=\"yoast-schema-graph\">{\"@context\":\"https:\/\/schema.org\",\"@graph\":[{\"@type\":\"WebPage\",\"@id\":\"https:\/\/sey.fi\/oulainen\/yhdistys\/jasenyys\/\",\"url\":\"https:\/\/sey.fi\/oulainen\/yhdistys\/jasenyys\/\",\"name\":\"J\u00e4senyys - Oulaisten seudun el\u00e4insuojeluyhdistys ry\",\"isPartOf\":{\"@id\":\"https:\/\/sey.fi\/oulainen\/#website\"},\"datePublished\":\"2022-09-01T10:54:05+00:00\",\"dateModified\":\"2022-09-01T11:54:16+00:00\",\"breadcrumb\":{\"@id\":\"https:\/\/sey.fi\/oulainen\/yhdistys\/jasenyys\/#breadcrumb\"},\"inLanguage\":\"fi\",\"potentialAction\":[{\"@type\":\"ReadAction\",\"target\":[\"https:\/\/sey.fi\/oulainen\/yhdistys\/jasenyys\/\"]}]},{\"@type\":\"BreadcrumbList\",\"@id\":\"https:\/\/sey.fi\/oulainen\/yhdistys\/jasenyys\/#breadcrumb\",\"itemListElement\":[{\"@type\":\"ListItem\",\"position\":1,\"name\":\"Home\",\"item\":\"https:\/\/sey.fi\/oulainen\/\"},{\"@type\":\"ListItem\",\"position\":2,\"name\":\"Yhdistys\",\"item\":\"https:\/\/sey.fi\/oulainen\/yhdistys\/\"},{\"@type\":\"ListItem\",\"position\":3,\"name\":\"J\u00e4senyys\"}]},{\"@type\":\"WebSite\",\"@id\":\"https:\/\/sey.fi\/oulainen\/#website\",\"url\":\"https:\/\/sey.fi\/oulainen\/\",\"name\":\"Oulaisten seudun el\u00e4insuojeluyhdistys ry\",\"description\":\"Uusi SEY J\u00e4senyhdistykset -sivusto\",\"potentialAction\":[{\"@type\":\"SearchAction\",\"target\":{\"@type\":\"EntryPoint\",\"urlTemplate\":\"https:\/\/sey.fi\/oulainen\/?s={search_term_string}\"},\"query-input\":{\"@type\":\"PropertyValueSpecification\",\"valueRequired\":true,\"valueName\":\"search_term_string\"}}],\"inLanguage\":\"fi\"}]}<\/script>\n<!-- \/ Yoast SEO plugin. -->","yoast_head_json":{"title":"J\u00e4senyys - Oulaisten seudun el\u00e4insuojeluyhdistys ry","robots":{"index":"index","follow":"follow","max-snippet":"max-snippet:-1","max-image-preview":"max-image-preview:large","max-video-preview":"max-video-preview:-1"},"canonical":"https:\/\/sey.fi\/oulainen\/yhdistys\/jasenyys\/","og_locale":"fi_FI","og_type":"article","og_title":"J\u00e4senyys - Oulaisten seudun el\u00e4insuojeluyhdistys ry","og_description":"Mik\u00e4li olet kiinnostunut liittym\u00e4\u00e4n j\u00e4seneksi,\u00a0t\u00e4yt\u00e4 SEYN j\u00e4senhakulomake. Samalla liityt paikallisyhdistyksen j\u00e4seneksi. Liittym\u00e4ll\u00e4 j\u00e4seneksi saat El\u00e4intenyst\u00e4v\u00e4- lehden. Mik\u00e4li olet kiinnostunut yhdistyksemme toiminnasta tai sinulla on j\u00e4senyyteen liittyvi\u00e4 kysymyksi\u00e4, sihteerimme\u00a0Mirva Paakkonen\u00a0on henkil\u00f6, johon ottaa yhteytt\u00e4.","og_url":"https:\/\/sey.fi\/oulainen\/yhdistys\/jasenyys\/","og_site_name":"Oulaisten seudun el\u00e4insuojeluyhdistys ry","article_modified_time":"2022-09-01T11:54:16+00:00","twitter_card":"summary_large_image","twitter_misc":{"Arvioitu lukuaika":"1 minuutti"},"schema":{"@context":"https:\/\/schema.org","@graph":[{"@type":"WebPage","@id":"https:\/\/sey.fi\/oulainen\/yhdistys\/jasenyys\/","url":"https:\/\/sey.fi\/oulainen\/yhdistys\/jasenyys\/","name":"J\u00e4senyys - Oulaisten seudun el\u00e4insuojeluyhdistys ry","isPartOf":{"@id":"https:\/\/sey.fi\/oulainen\/#website"},"datePublished":"2022-09-01T10:54:05+00:00","dateModified":"2022-09-01T11:54:16+00:00","breadcrumb":{"@id":"https:\/\/sey.fi\/oulainen\/yhdistys\/jasenyys\/#breadcrumb"},"inLanguage":"fi","potentialAction":[{"@type":"ReadAction","target":["https:\/\/sey.fi\/oulainen\/yhdistys\/jasenyys\/"]}]},{"@type":"BreadcrumbList","@id":"https:\/\/sey.fi\/oulainen\/yhdistys\/jasenyys\/#breadcrumb","itemListElement":[{"@type":"ListItem","position":1,"name":"Home","item":"https:\/\/sey.fi\/oulainen\/"},{"@type":"ListItem","position":2,"name":"Yhdistys","item":"https:\/\/sey.fi\/oulainen\/yhdistys\/"},{"@type":"ListItem","position":3,"name":"J\u00e4senyys"}]},{"@type":"WebSite","@id":"https:\/\/sey.fi\/oulainen\/#website","url":"https:\/\/sey.fi\/oulainen\/","name":"Oulaisten seudun el\u00e4insuojeluyhdistys ry","description":"Uusi SEY J\u00e4senyhdistykset -sivusto","potentialAction":[{"@type":"SearchAction","target":{"@type":"EntryPoint","urlTemplate":"https:\/\/sey.fi\/oulainen\/?s={search_term_string}"},"query-input":{"@type":"PropertyValueSpecification","valueRequired":true,"valueName":"search_term_string"}}],"inLanguage":"fi"}]}},"_links":{"self":[{"href":"https:\/\/sey.fi\/oulainen\/wp-json\/wp\/v2\/pages\/25","targetHints":{"allow":["GET"]}}],"collection":[{"href":"https:\/\/sey.fi\/oulainen\/wp-json\/wp\/v2\/pages"}],"about":[{"href":"https:\/\/sey.fi\/oulainen\/wp-json\/wp\/v2\/types\/page"}],"author":[{"embeddable":true,"href":"https:\/\/sey.fi\/oulainen\/wp-json\/wp\/v2\/users\/1"}],"replies":[{"embeddable":true,"href":"https:\/\/sey.fi\/oulainen\/wp-json\/wp\/v2\/comments?post=25"}],"version-history":[{"count":2,"href":"https:\/\/sey.fi\/oulainen\/wp-json\/wp\/v2\/pages\/25\/revisions"}],"predecessor-version":[{"id":84,"href":"https:\/\/sey.fi\/oulainen\/wp-json\/wp\/v2\/pages\/25\/revisions\/84"}],"up":[{"embeddable":true,"href":"https:\/\/sey.fi\/oulainen\/wp-json\/wp\/v2\/pages\/17"}],"wp:attachment":[{"href":"https:\/\/sey.fi\/oulainen\/wp-json\/wp\/v2\/media?parent=25"}],"curies":[{"name":"wp","href":"https:\/\/api.w.org\/{rel}","templated":true}]}}