{"id":28,"date":"2022-09-01T13:55:56","date_gmt":"2022-09-01T10:55:56","guid":{"rendered":"https:\/\/sey.fi\/oulainen\/?page_id=28"},"modified":"2024-12-12T11:59:10","modified_gmt":"2024-12-12T09:59:10","slug":"sijaiskotitoiminta","status":"publish","type":"page","link":"https:\/\/sey.fi\/oulainen\/yhdistys\/sijaiskotitoiminta\/","title":{"rendered":"Sijaiskotitoiminta"},"content":{"rendered":"\n<p>Sijaiskodissa el\u00e4int\u00e4 hoidetaan kuten omaa, sill\u00e4 erotuksella ett\u00e4 el\u00e4in on vain tilap\u00e4isesti odottamassa omaa pysyv\u00e4\u00e4 kotia.<br><br>Sijaiskodin tarve on yleens\u00e4 muutamasta viikosta muutamaan kuukauteen. El\u00e4imen hyvinvoinnin kannalta kodinvaihdokset eiv\u00e4t ole suotavia, joten sijaiskodin t\u00e4ytyy sitoutua hoitamaan el\u00e4int\u00e4 niin kauan kuin tarve on. Siksi toivomme ett\u00e4 ennen sijaiskodiksi ryhtymist\u00e4 asiaa on harkittu huolella, my\u00f6s niit\u00e4 negatiivisia puolia.<br><br>Sijaiskotiin tulevat el\u00e4imet voivat olla kotia vaihtavia tai kissojen kohdalla hyl\u00e4ttyj\u00e4\/populaatio-kissoja. Niill\u00e4 voi olla k\u00e4yt\u00f6sh\u00e4iri\u00f6it\u00e4, sis\u00e4siisteysongelmia ym. Mieti siis rehellisesti, oletko valmis hoitamaan el\u00e4int\u00e4 vaikka sen kanssa alkuun olisikin haasteita. Osa kissoista vaatii karanteenitilat, koska niiss\u00e4 voi olla loisia ym. Kissoja ei saa p\u00e4\u00e4st\u00e4\u00e4 ulkoilemaan vapaasti ja sijaiskodin on huolehdittava, ettei el\u00e4in p\u00e4\u00e4se karkaamaan.<br><br>Sijaiskodin pit\u00e4\u00e4 sitoutua toimimaan yhdistyksen periaatteiden mukaisesti. Ennen el\u00e4imen sijoittamista esyn edustajat k\u00e4yv\u00e4t viel\u00e4 paikan p\u00e4\u00e4ll\u00e4 juttelemassa sijaiskodin kanssa k\u00e4yt\u00e4nn\u00f6n ty\u00f6st\u00e4<br><br>Mik\u00e4li kiinnostuit sijaiskotitoiminnasta, l\u00e4het\u00e4 lyhyt esittely itsest\u00e4si s\u00e4hk\u00f6postitse osoitteeseen <strong>oulaistenesy(at)gmail.com<\/strong>. Kerro esittelyss\u00e4 ainakin el\u00e4m\u00e4ntilanteesi, asuinpaikka, mit\u00e4 el\u00e4imi\u00e4 voit majoittaa ja kuinka monta (v\u00e4lill\u00e4 tarve on esim. em\u00e4kissalle ja sen pennuille), onko sinulla omia lemmikkej\u00e4, ja mink\u00e4lainen kokemus sinulla on el\u00e4imist\u00e4.<\/p>\n","protected":false},"excerpt":{"rendered":"<p>Sijaiskodissa el\u00e4int\u00e4 hoidetaan kuten omaa, sill\u00e4 erotuksella ett\u00e4 el\u00e4in on vain tilap\u00e4isesti odottamassa omaa pysyv\u00e4\u00e4 kotia. Sijaiskodin tarve on yleens\u00e4 muutamasta viikosta muutamaan kuukauteen. El\u00e4imen hyvinvoinnin kannalta kodinvaihdokset eiv\u00e4t ole suotavia, joten sijaiskodin t\u00e4ytyy sitoutua hoitamaan el\u00e4int\u00e4 niin kauan kuin tarve on. Siksi toivomme ett\u00e4 ennen sijaiskodiksi ryhtymist\u00e4 asiaa on harkittu huolella, my\u00f6s niit\u00e4 negatiivisia [&hellip;]<\/p>\n","protected":false},"author":1,"featured_media":0,"parent":17,"menu_order":2,"comment_status":"closed","ping_status":"closed","template":"","meta":{"_acf_changed":false,"footnotes":""},"class_list":["post-28","page","type-page","status-publish","hentry"],"acf":[],"yoast_head":"<!-- This site is optimized with the Yoast SEO plugin v27.1.1 - https:\/\/yoast.com\/product\/yoast-seo-wordpress\/ -->\n<title>Sijaiskotitoiminta - Oulaisten seudun el\u00e4insuojeluyhdistys ry<\/title>\n<meta name=\"robots\" content=\"index, follow, max-snippet:-1, max-image-preview:large, max-video-preview:-1\" \/>\n<link rel=\"canonical\" href=\"https:\/\/sey.fi\/oulainen\/yhdistys\/sijaiskotitoiminta\/\" \/>\n<meta property=\"og:locale\" content=\"fi_FI\" \/>\n<meta property=\"og:type\" content=\"article\" \/>\n<meta property=\"og:title\" content=\"Sijaiskotitoiminta - Oulaisten seudun el\u00e4insuojeluyhdistys ry\" \/>\n<meta property=\"og:description\" content=\"Sijaiskodissa el\u00e4int\u00e4 hoidetaan kuten omaa, sill\u00e4 erotuksella ett\u00e4 el\u00e4in on vain tilap\u00e4isesti odottamassa omaa pysyv\u00e4\u00e4 kotia. Sijaiskodin tarve on yleens\u00e4 muutamasta viikosta muutamaan kuukauteen. El\u00e4imen hyvinvoinnin kannalta kodinvaihdokset eiv\u00e4t ole suotavia, joten sijaiskodin t\u00e4ytyy sitoutua hoitamaan el\u00e4int\u00e4 niin kauan kuin tarve on. Siksi toivomme ett\u00e4 ennen sijaiskodiksi ryhtymist\u00e4 asiaa on harkittu huolella, my\u00f6s niit\u00e4 negatiivisia [&hellip;]\" \/>\n<meta property=\"og:url\" content=\"https:\/\/sey.fi\/oulainen\/yhdistys\/sijaiskotitoiminta\/\" \/>\n<meta property=\"og:site_name\" content=\"Oulaisten seudun el\u00e4insuojeluyhdistys ry\" \/>\n<meta property=\"article:modified_time\" content=\"2024-12-12T09:59:10+00:00\" \/>\n<meta name=\"twitter:card\" content=\"summary_large_image\" \/>\n<meta name=\"twitter:label1\" content=\"Arvioitu lukuaika\" \/>\n\t<meta name=\"twitter:data1\" content=\"2 minuuttia\" \/>\n<script type=\"application\/ld+json\" class=\"yoast-schema-graph\">{\"@context\":\"https:\/\/schema.org\",\"@graph\":[{\"@type\":\"WebPage\",\"@id\":\"https:\/\/sey.fi\/oulainen\/yhdistys\/sijaiskotitoiminta\/\",\"url\":\"https:\/\/sey.fi\/oulainen\/yhdistys\/sijaiskotitoiminta\/\",\"name\":\"Sijaiskotitoiminta - Oulaisten seudun el\u00e4insuojeluyhdistys ry\",\"isPartOf\":{\"@id\":\"https:\/\/sey.fi\/oulainen\/#website\"},\"datePublished\":\"2022-09-01T10:55:56+00:00\",\"dateModified\":\"2024-12-12T09:59:10+00:00\",\"breadcrumb\":{\"@id\":\"https:\/\/sey.fi\/oulainen\/yhdistys\/sijaiskotitoiminta\/#breadcrumb\"},\"inLanguage\":\"fi\",\"potentialAction\":[{\"@type\":\"ReadAction\",\"target\":[\"https:\/\/sey.fi\/oulainen\/yhdistys\/sijaiskotitoiminta\/\"]}]},{\"@type\":\"BreadcrumbList\",\"@id\":\"https:\/\/sey.fi\/oulainen\/yhdistys\/sijaiskotitoiminta\/#breadcrumb\",\"itemListElement\":[{\"@type\":\"ListItem\",\"position\":1,\"name\":\"Home\",\"item\":\"https:\/\/sey.fi\/oulainen\/\"},{\"@type\":\"ListItem\",\"position\":2,\"name\":\"Yhdistys\",\"item\":\"https:\/\/sey.fi\/oulainen\/yhdistys\/\"},{\"@type\":\"ListItem\",\"position\":3,\"name\":\"Sijaiskotitoiminta\"}]},{\"@type\":\"WebSite\",\"@id\":\"https:\/\/sey.fi\/oulainen\/#website\",\"url\":\"https:\/\/sey.fi\/oulainen\/\",\"name\":\"Oulaisten seudun el\u00e4insuojeluyhdistys ry\",\"description\":\"Uusi SEY J\u00e4senyhdistykset -sivusto\",\"potentialAction\":[{\"@type\":\"SearchAction\",\"target\":{\"@type\":\"EntryPoint\",\"urlTemplate\":\"https:\/\/sey.fi\/oulainen\/?s={search_term_string}\"},\"query-input\":{\"@type\":\"PropertyValueSpecification\",\"valueRequired\":true,\"valueName\":\"search_term_string\"}}],\"inLanguage\":\"fi\"}]}<\/script>\n<!-- \/ Yoast SEO plugin. -->","yoast_head_json":{"title":"Sijaiskotitoiminta - Oulaisten seudun el\u00e4insuojeluyhdistys ry","robots":{"index":"index","follow":"follow","max-snippet":"max-snippet:-1","max-image-preview":"max-image-preview:large","max-video-preview":"max-video-preview:-1"},"canonical":"https:\/\/sey.fi\/oulainen\/yhdistys\/sijaiskotitoiminta\/","og_locale":"fi_FI","og_type":"article","og_title":"Sijaiskotitoiminta - Oulaisten seudun el\u00e4insuojeluyhdistys ry","og_description":"Sijaiskodissa el\u00e4int\u00e4 hoidetaan kuten omaa, sill\u00e4 erotuksella ett\u00e4 el\u00e4in on vain tilap\u00e4isesti odottamassa omaa pysyv\u00e4\u00e4 kotia. Sijaiskodin tarve on yleens\u00e4 muutamasta viikosta muutamaan kuukauteen. El\u00e4imen hyvinvoinnin kannalta kodinvaihdokset eiv\u00e4t ole suotavia, joten sijaiskodin t\u00e4ytyy sitoutua hoitamaan el\u00e4int\u00e4 niin kauan kuin tarve on. Siksi toivomme ett\u00e4 ennen sijaiskodiksi ryhtymist\u00e4 asiaa on harkittu huolella, my\u00f6s niit\u00e4 negatiivisia [&hellip;]","og_url":"https:\/\/sey.fi\/oulainen\/yhdistys\/sijaiskotitoiminta\/","og_site_name":"Oulaisten seudun el\u00e4insuojeluyhdistys ry","article_modified_time":"2024-12-12T09:59:10+00:00","twitter_card":"summary_large_image","twitter_misc":{"Arvioitu lukuaika":"2 minuuttia"},"schema":{"@context":"https:\/\/schema.org","@graph":[{"@type":"WebPage","@id":"https:\/\/sey.fi\/oulainen\/yhdistys\/sijaiskotitoiminta\/","url":"https:\/\/sey.fi\/oulainen\/yhdistys\/sijaiskotitoiminta\/","name":"Sijaiskotitoiminta - Oulaisten seudun el\u00e4insuojeluyhdistys ry","isPartOf":{"@id":"https:\/\/sey.fi\/oulainen\/#website"},"datePublished":"2022-09-01T10:55:56+00:00","dateModified":"2024-12-12T09:59:10+00:00","breadcrumb":{"@id":"https:\/\/sey.fi\/oulainen\/yhdistys\/sijaiskotitoiminta\/#breadcrumb"},"inLanguage":"fi","potentialAction":[{"@type":"ReadAction","target":["https:\/\/sey.fi\/oulainen\/yhdistys\/sijaiskotitoiminta\/"]}]},{"@type":"BreadcrumbList","@id":"https:\/\/sey.fi\/oulainen\/yhdistys\/sijaiskotitoiminta\/#breadcrumb","itemListElement":[{"@type":"ListItem","position":1,"name":"Home","item":"https:\/\/sey.fi\/oulainen\/"},{"@type":"ListItem","position":2,"name":"Yhdistys","item":"https:\/\/sey.fi\/oulainen\/yhdistys\/"},{"@type":"ListItem","position":3,"name":"Sijaiskotitoiminta"}]},{"@type":"WebSite","@id":"https:\/\/sey.fi\/oulainen\/#website","url":"https:\/\/sey.fi\/oulainen\/","name":"Oulaisten seudun el\u00e4insuojeluyhdistys ry","description":"Uusi SEY J\u00e4senyhdistykset -sivusto","potentialAction":[{"@type":"SearchAction","target":{"@type":"EntryPoint","urlTemplate":"https:\/\/sey.fi\/oulainen\/?s={search_term_string}"},"query-input":{"@type":"PropertyValueSpecification","valueRequired":true,"valueName":"search_term_string"}}],"inLanguage":"fi"}]}},"_links":{"self":[{"href":"https:\/\/sey.fi\/oulainen\/wp-json\/wp\/v2\/pages\/28","targetHints":{"allow":["GET"]}}],"collection":[{"href":"https:\/\/sey.fi\/oulainen\/wp-json\/wp\/v2\/pages"}],"about":[{"href":"https:\/\/sey.fi\/oulainen\/wp-json\/wp\/v2\/types\/page"}],"author":[{"embeddable":true,"href":"https:\/\/sey.fi\/oulainen\/wp-json\/wp\/v2\/users\/1"}],"replies":[{"embeddable":true,"href":"https:\/\/sey.fi\/oulainen\/wp-json\/wp\/v2\/comments?post=28"}],"version-history":[{"count":3,"href":"https:\/\/sey.fi\/oulainen\/wp-json\/wp\/v2\/pages\/28\/revisions"}],"predecessor-version":[{"id":109,"href":"https:\/\/sey.fi\/oulainen\/wp-json\/wp\/v2\/pages\/28\/revisions\/109"}],"up":[{"embeddable":true,"href":"https:\/\/sey.fi\/oulainen\/wp-json\/wp\/v2\/pages\/17"}],"wp:attachment":[{"href":"https:\/\/sey.fi\/oulainen\/wp-json\/wp\/v2\/media?parent=28"}],"curies":[{"name":"wp","href":"https:\/\/api.w.org\/{rel}","templated":true}]}}