{"id":33,"date":"2022-09-01T14:01:42","date_gmt":"2022-09-01T11:01:42","guid":{"rendered":"https:\/\/sey.fi\/oulainen\/?page_id=33"},"modified":"2024-12-12T12:03:34","modified_gmt":"2024-12-12T10:03:34","slug":"yhteystiedot","status":"publish","type":"page","link":"https:\/\/sey.fi\/oulainen\/yhteystiedot\/","title":{"rendered":"Yhteystiedot"},"content":{"rendered":"\n<h2 class=\"wp-block-heading\">Hallitus 2024-2025<\/h2>\n\n\n\n<p><strong>Puheenjohtaja<br><\/strong>Merja Rautio<br>merjarautio85@gmail.com<br>040-7647905<\/p>\n\n\n\n<p><strong>Varapuheenjohtaja<\/strong><br>Reeta Isola<br>isola.reeta@gmail.com<br><br><strong>Sihteeri<\/strong><br>Mirva Paakkonen<br>oulaistenesy@gmail.com<\/p>\n\n\n\n<p><strong>Rahastonhoitaja<\/strong><br>Tero Paakkonen<br>oulaistenesy@gmail.com<\/p>\n\n\n\n<p><strong>Muut hallituksen j\u00e4senet<\/strong><br>Anu Talus<br>Heikki Meht\u00e4talo<br>Tiia Paakkonen<\/p>\n\n\n\n<p><strong>Varaj\u00e4senet<\/strong><br>Helka Hautala<br>Jatta Haapala-Putila<\/p>\n\n\n\n<p><a href=\"https:\/\/sey.fi\/oulainen\/elainsuojelun-valvontatehtavia-hoitaa\/\">El\u00e4insuojelu<\/a><br><a href=\"https:\/\/sey.fi\/oulainen\/loytoelaimet\/\">L\u00f6yt\u00f6el\u00e4imet<\/a><br><a href=\"https:\/\/sey.fi\/oulainen\/pienelainhautausmaa\/\">Pienel\u00e4inhautausmaa<\/a><\/p>\n","protected":false},"excerpt":{"rendered":"<p>Hallitus 2024-2025 PuheenjohtajaMerja Rautiomerjarautio85@gmail.com040-7647905 VarapuheenjohtajaReeta Isolaisola.reeta@gmail.com SihteeriMirva Paakkonenoulaistenesy@gmail.com RahastonhoitajaTero Paakkonenoulaistenesy@gmail.com Muut hallituksen j\u00e4senetAnu TalusHeikki Meht\u00e4taloTiia Paakkonen Varaj\u00e4senetHelka HautalaJatta Haapala-Putila El\u00e4insuojeluL\u00f6yt\u00f6el\u00e4imetPienel\u00e4inhautausmaa<\/p>\n","protected":false},"author":1,"featured_media":0,"parent":0,"menu_order":0,"comment_status":"closed","ping_status":"closed","template":"","meta":{"_acf_changed":false,"footnotes":""},"class_list":["post-33","page","type-page","status-publish","hentry"],"acf":[],"yoast_head":"<!-- This site is optimized with the Yoast SEO plugin v27.1.1 - https:\/\/yoast.com\/product\/yoast-seo-wordpress\/ -->\n<title>Yhteystiedot - Oulaisten seudun el\u00e4insuojeluyhdistys ry<\/title>\n<meta name=\"robots\" content=\"index, follow, max-snippet:-1, max-image-preview:large, max-video-preview:-1\" \/>\n<link rel=\"canonical\" href=\"https:\/\/sey.fi\/oulainen\/yhteystiedot\/\" \/>\n<meta property=\"og:locale\" content=\"fi_FI\" \/>\n<meta property=\"og:type\" content=\"article\" \/>\n<meta property=\"og:title\" content=\"Yhteystiedot - Oulaisten seudun el\u00e4insuojeluyhdistys ry\" \/>\n<meta property=\"og:description\" content=\"Hallitus 2024-2025 PuheenjohtajaMerja Rautiomerjarautio85@gmail.com040-7647905 VarapuheenjohtajaReeta Isolaisola.reeta@gmail.com SihteeriMirva Paakkonenoulaistenesy@gmail.com RahastonhoitajaTero Paakkonenoulaistenesy@gmail.com Muut hallituksen j\u00e4senetAnu TalusHeikki Meht\u00e4taloTiia Paakkonen Varaj\u00e4senetHelka HautalaJatta Haapala-Putila El\u00e4insuojeluL\u00f6yt\u00f6el\u00e4imetPienel\u00e4inhautausmaa\" \/>\n<meta property=\"og:url\" content=\"https:\/\/sey.fi\/oulainen\/yhteystiedot\/\" \/>\n<meta property=\"og:site_name\" content=\"Oulaisten seudun el\u00e4insuojeluyhdistys ry\" \/>\n<meta property=\"article:modified_time\" content=\"2024-12-12T10:03:34+00:00\" \/>\n<meta name=\"twitter:card\" content=\"summary_large_image\" \/>\n<meta name=\"twitter:label1\" content=\"Arvioitu lukuaika\" \/>\n\t<meta name=\"twitter:data1\" content=\"1 minuutti\" \/>\n<script type=\"application\/ld+json\" class=\"yoast-schema-graph\">{\"@context\":\"https:\/\/schema.org\",\"@graph\":[{\"@type\":\"WebPage\",\"@id\":\"https:\/\/sey.fi\/oulainen\/yhteystiedot\/\",\"url\":\"https:\/\/sey.fi\/oulainen\/yhteystiedot\/\",\"name\":\"Yhteystiedot - Oulaisten seudun el\u00e4insuojeluyhdistys ry\",\"isPartOf\":{\"@id\":\"https:\/\/sey.fi\/oulainen\/#website\"},\"datePublished\":\"2022-09-01T11:01:42+00:00\",\"dateModified\":\"2024-12-12T10:03:34+00:00\",\"breadcrumb\":{\"@id\":\"https:\/\/sey.fi\/oulainen\/yhteystiedot\/#breadcrumb\"},\"inLanguage\":\"fi\",\"potentialAction\":[{\"@type\":\"ReadAction\",\"target\":[\"https:\/\/sey.fi\/oulainen\/yhteystiedot\/\"]}]},{\"@type\":\"BreadcrumbList\",\"@id\":\"https:\/\/sey.fi\/oulainen\/yhteystiedot\/#breadcrumb\",\"itemListElement\":[{\"@type\":\"ListItem\",\"position\":1,\"name\":\"Home\",\"item\":\"https:\/\/sey.fi\/oulainen\/\"},{\"@type\":\"ListItem\",\"position\":2,\"name\":\"Yhteystiedot\"}]},{\"@type\":\"WebSite\",\"@id\":\"https:\/\/sey.fi\/oulainen\/#website\",\"url\":\"https:\/\/sey.fi\/oulainen\/\",\"name\":\"Oulaisten seudun el\u00e4insuojeluyhdistys ry\",\"description\":\"Uusi SEY J\u00e4senyhdistykset -sivusto\",\"potentialAction\":[{\"@type\":\"SearchAction\",\"target\":{\"@type\":\"EntryPoint\",\"urlTemplate\":\"https:\/\/sey.fi\/oulainen\/?s={search_term_string}\"},\"query-input\":{\"@type\":\"PropertyValueSpecification\",\"valueRequired\":true,\"valueName\":\"search_term_string\"}}],\"inLanguage\":\"fi\"}]}<\/script>\n<!-- \/ Yoast SEO plugin. -->","yoast_head_json":{"title":"Yhteystiedot - Oulaisten seudun el\u00e4insuojeluyhdistys ry","robots":{"index":"index","follow":"follow","max-snippet":"max-snippet:-1","max-image-preview":"max-image-preview:large","max-video-preview":"max-video-preview:-1"},"canonical":"https:\/\/sey.fi\/oulainen\/yhteystiedot\/","og_locale":"fi_FI","og_type":"article","og_title":"Yhteystiedot - Oulaisten seudun el\u00e4insuojeluyhdistys ry","og_description":"Hallitus 2024-2025 PuheenjohtajaMerja Rautiomerjarautio85@gmail.com040-7647905 VarapuheenjohtajaReeta Isolaisola.reeta@gmail.com SihteeriMirva Paakkonenoulaistenesy@gmail.com RahastonhoitajaTero Paakkonenoulaistenesy@gmail.com Muut hallituksen j\u00e4senetAnu TalusHeikki Meht\u00e4taloTiia Paakkonen Varaj\u00e4senetHelka HautalaJatta Haapala-Putila El\u00e4insuojeluL\u00f6yt\u00f6el\u00e4imetPienel\u00e4inhautausmaa","og_url":"https:\/\/sey.fi\/oulainen\/yhteystiedot\/","og_site_name":"Oulaisten seudun el\u00e4insuojeluyhdistys ry","article_modified_time":"2024-12-12T10:03:34+00:00","twitter_card":"summary_large_image","twitter_misc":{"Arvioitu lukuaika":"1 minuutti"},"schema":{"@context":"https:\/\/schema.org","@graph":[{"@type":"WebPage","@id":"https:\/\/sey.fi\/oulainen\/yhteystiedot\/","url":"https:\/\/sey.fi\/oulainen\/yhteystiedot\/","name":"Yhteystiedot - Oulaisten seudun el\u00e4insuojeluyhdistys ry","isPartOf":{"@id":"https:\/\/sey.fi\/oulainen\/#website"},"datePublished":"2022-09-01T11:01:42+00:00","dateModified":"2024-12-12T10:03:34+00:00","breadcrumb":{"@id":"https:\/\/sey.fi\/oulainen\/yhteystiedot\/#breadcrumb"},"inLanguage":"fi","potentialAction":[{"@type":"ReadAction","target":["https:\/\/sey.fi\/oulainen\/yhteystiedot\/"]}]},{"@type":"BreadcrumbList","@id":"https:\/\/sey.fi\/oulainen\/yhteystiedot\/#breadcrumb","itemListElement":[{"@type":"ListItem","position":1,"name":"Home","item":"https:\/\/sey.fi\/oulainen\/"},{"@type":"ListItem","position":2,"name":"Yhteystiedot"}]},{"@type":"WebSite","@id":"https:\/\/sey.fi\/oulainen\/#website","url":"https:\/\/sey.fi\/oulainen\/","name":"Oulaisten seudun el\u00e4insuojeluyhdistys ry","description":"Uusi SEY J\u00e4senyhdistykset -sivusto","potentialAction":[{"@type":"SearchAction","target":{"@type":"EntryPoint","urlTemplate":"https:\/\/sey.fi\/oulainen\/?s={search_term_string}"},"query-input":{"@type":"PropertyValueSpecification","valueRequired":true,"valueName":"search_term_string"}}],"inLanguage":"fi"}]}},"_links":{"self":[{"href":"https:\/\/sey.fi\/oulainen\/wp-json\/wp\/v2\/pages\/33","targetHints":{"allow":["GET"]}}],"collection":[{"href":"https:\/\/sey.fi\/oulainen\/wp-json\/wp\/v2\/pages"}],"about":[{"href":"https:\/\/sey.fi\/oulainen\/wp-json\/wp\/v2\/types\/page"}],"author":[{"embeddable":true,"href":"https:\/\/sey.fi\/oulainen\/wp-json\/wp\/v2\/users\/1"}],"replies":[{"embeddable":true,"href":"https:\/\/sey.fi\/oulainen\/wp-json\/wp\/v2\/comments?post=33"}],"version-history":[{"count":7,"href":"https:\/\/sey.fi\/oulainen\/wp-json\/wp\/v2\/pages\/33\/revisions"}],"predecessor-version":[{"id":110,"href":"https:\/\/sey.fi\/oulainen\/wp-json\/wp\/v2\/pages\/33\/revisions\/110"}],"wp:attachment":[{"href":"https:\/\/sey.fi\/oulainen\/wp-json\/wp\/v2\/media?parent=33"}],"curies":[{"name":"wp","href":"https:\/\/api.w.org\/{rel}","templated":true}]}}