{"id":35,"date":"2022-09-01T14:05:41","date_gmt":"2022-09-01T11:05:41","guid":{"rendered":"https:\/\/sey.fi\/oulainen\/?page_id=35"},"modified":"2023-08-20T12:55:24","modified_gmt":"2023-08-20T09:55:24","slug":"elainsuojelun-valvontatehtavia-hoitaa","status":"publish","type":"page","link":"https:\/\/sey.fi\/oulainen\/elainsuojelun-valvontatehtavia-hoitaa\/","title":{"rendered":"El\u00e4insuojelu"},"content":{"rendered":"\n<h2 class=\"wp-block-heading\">El\u00e4insuojelun valvontateht\u00e4vi\u00e4 hoitaa valvontael\u00e4inl\u00e4\u00e4k\u00e4ri<\/h2>\n\n\n\n<p><br>Valvontael\u00e4inl\u00e4\u00e4k\u00e4ri Sirkka Hankonen, puh. 044-7591 472 (Oulainen)<br>Valvontael\u00e4inl\u00e4\u00e4k\u00e4ri Serina Malmberg, puh. 044-7591 454 (Oulainen)<br>S\u00e4hk\u00f6postiosoite on muotoa etunimi.sukunimi(at)haapavesi.fi<br><br>Valvontael\u00e4inl\u00e4\u00e4k\u00e4ri Laura Sedrik, puh. 044-4691 747 (Merij\u00e4rvi)<br>S\u00e4hk\u00f6postiosoite on muotoa etunimi.sukunimi(at)kalajoki.fi<br><br>El\u00e4inl\u00e4\u00e4k\u00e4rit p\u00e4ivystysaikana arkip\u00e4ivisin kello 16-08, sek\u00e4<br>viikonloppuisin perjantaista kello 16 seuraavaan maanantaihin kello 8<\/p>\n\n\n\n<p>Kiireellisiss\u00e4 tapauksissa virka-ajan ulkopuolella ota yhteytt\u00e4 alueesi p\u00e4ivyst\u00e4v\u00e4\u00e4n el\u00e4inl\u00e4\u00e4k\u00e4riin tai poliisiin.<\/p>\n","protected":false},"excerpt":{"rendered":"<p>El\u00e4insuojelun valvontateht\u00e4vi\u00e4 hoitaa valvontael\u00e4inl\u00e4\u00e4k\u00e4ri Valvontael\u00e4inl\u00e4\u00e4k\u00e4ri Sirkka Hankonen, puh. 044-7591 472 (Oulainen)Valvontael\u00e4inl\u00e4\u00e4k\u00e4ri Serina Malmberg, puh. 044-7591 454 (Oulainen)S\u00e4hk\u00f6postiosoite on muotoa etunimi.sukunimi(at)haapavesi.fi Valvontael\u00e4inl\u00e4\u00e4k\u00e4ri Laura Sedrik, puh. 044-4691 747 (Merij\u00e4rvi)S\u00e4hk\u00f6postiosoite on muotoa etunimi.sukunimi(at)kalajoki.fi El\u00e4inl\u00e4\u00e4k\u00e4rit p\u00e4ivystysaikana arkip\u00e4ivisin kello 16-08, sek\u00e4viikonloppuisin perjantaista kello 16 seuraavaan maanantaihin kello 8 Kiireellisiss\u00e4 tapauksissa virka-ajan ulkopuolella ota yhteytt\u00e4 alueesi p\u00e4ivyst\u00e4v\u00e4\u00e4n el\u00e4inl\u00e4\u00e4k\u00e4riin tai poliisiin.<\/p>\n","protected":false},"author":1,"featured_media":0,"parent":0,"menu_order":0,"comment_status":"closed","ping_status":"closed","template":"","meta":{"_acf_changed":false,"footnotes":""},"class_list":["post-35","page","type-page","status-publish","hentry"],"acf":[],"yoast_head":"<!-- This site is optimized with the Yoast SEO plugin v27.1.1 - https:\/\/yoast.com\/product\/yoast-seo-wordpress\/ -->\n<title>El\u00e4insuojelu - Oulaisten seudun el\u00e4insuojeluyhdistys ry<\/title>\n<meta name=\"robots\" content=\"index, follow, max-snippet:-1, max-image-preview:large, max-video-preview:-1\" \/>\n<link rel=\"canonical\" href=\"https:\/\/sey.fi\/oulainen\/elainsuojelun-valvontatehtavia-hoitaa\/\" \/>\n<meta property=\"og:locale\" content=\"fi_FI\" \/>\n<meta property=\"og:type\" content=\"article\" \/>\n<meta property=\"og:title\" content=\"El\u00e4insuojelu - Oulaisten seudun el\u00e4insuojeluyhdistys ry\" \/>\n<meta property=\"og:description\" content=\"El\u00e4insuojelun valvontateht\u00e4vi\u00e4 hoitaa valvontael\u00e4inl\u00e4\u00e4k\u00e4ri Valvontael\u00e4inl\u00e4\u00e4k\u00e4ri Sirkka Hankonen, puh. 044-7591 472 (Oulainen)Valvontael\u00e4inl\u00e4\u00e4k\u00e4ri Serina Malmberg, puh. 044-7591 454 (Oulainen)S\u00e4hk\u00f6postiosoite on muotoa etunimi.sukunimi(at)haapavesi.fi Valvontael\u00e4inl\u00e4\u00e4k\u00e4ri Laura Sedrik, puh. 044-4691 747 (Merij\u00e4rvi)S\u00e4hk\u00f6postiosoite on muotoa etunimi.sukunimi(at)kalajoki.fi El\u00e4inl\u00e4\u00e4k\u00e4rit p\u00e4ivystysaikana arkip\u00e4ivisin kello 16-08, sek\u00e4viikonloppuisin perjantaista kello 16 seuraavaan maanantaihin kello 8 Kiireellisiss\u00e4 tapauksissa virka-ajan ulkopuolella ota yhteytt\u00e4 alueesi p\u00e4ivyst\u00e4v\u00e4\u00e4n el\u00e4inl\u00e4\u00e4k\u00e4riin tai poliisiin.\" \/>\n<meta property=\"og:url\" content=\"https:\/\/sey.fi\/oulainen\/elainsuojelun-valvontatehtavia-hoitaa\/\" \/>\n<meta property=\"og:site_name\" content=\"Oulaisten seudun el\u00e4insuojeluyhdistys ry\" \/>\n<meta property=\"article:modified_time\" content=\"2023-08-20T09:55:24+00:00\" \/>\n<meta name=\"twitter:card\" content=\"summary_large_image\" \/>\n<meta name=\"twitter:label1\" content=\"Arvioitu lukuaika\" \/>\n\t<meta name=\"twitter:data1\" content=\"1 minuutti\" \/>\n<script type=\"application\/ld+json\" class=\"yoast-schema-graph\">{\"@context\":\"https:\/\/schema.org\",\"@graph\":[{\"@type\":\"WebPage\",\"@id\":\"https:\/\/sey.fi\/oulainen\/elainsuojelun-valvontatehtavia-hoitaa\/\",\"url\":\"https:\/\/sey.fi\/oulainen\/elainsuojelun-valvontatehtavia-hoitaa\/\",\"name\":\"El\u00e4insuojelu - Oulaisten seudun el\u00e4insuojeluyhdistys ry\",\"isPartOf\":{\"@id\":\"https:\/\/sey.fi\/oulainen\/#website\"},\"datePublished\":\"2022-09-01T11:05:41+00:00\",\"dateModified\":\"2023-08-20T09:55:24+00:00\",\"breadcrumb\":{\"@id\":\"https:\/\/sey.fi\/oulainen\/elainsuojelun-valvontatehtavia-hoitaa\/#breadcrumb\"},\"inLanguage\":\"fi\",\"potentialAction\":[{\"@type\":\"ReadAction\",\"target\":[\"https:\/\/sey.fi\/oulainen\/elainsuojelun-valvontatehtavia-hoitaa\/\"]}]},{\"@type\":\"BreadcrumbList\",\"@id\":\"https:\/\/sey.fi\/oulainen\/elainsuojelun-valvontatehtavia-hoitaa\/#breadcrumb\",\"itemListElement\":[{\"@type\":\"ListItem\",\"position\":1,\"name\":\"Home\",\"item\":\"https:\/\/sey.fi\/oulainen\/\"},{\"@type\":\"ListItem\",\"position\":2,\"name\":\"El\u00e4insuojelu\"}]},{\"@type\":\"WebSite\",\"@id\":\"https:\/\/sey.fi\/oulainen\/#website\",\"url\":\"https:\/\/sey.fi\/oulainen\/\",\"name\":\"Oulaisten seudun el\u00e4insuojeluyhdistys ry\",\"description\":\"Uusi SEY J\u00e4senyhdistykset -sivusto\",\"potentialAction\":[{\"@type\":\"SearchAction\",\"target\":{\"@type\":\"EntryPoint\",\"urlTemplate\":\"https:\/\/sey.fi\/oulainen\/?s={search_term_string}\"},\"query-input\":{\"@type\":\"PropertyValueSpecification\",\"valueRequired\":true,\"valueName\":\"search_term_string\"}}],\"inLanguage\":\"fi\"}]}<\/script>\n<!-- \/ Yoast SEO plugin. -->","yoast_head_json":{"title":"El\u00e4insuojelu - Oulaisten seudun el\u00e4insuojeluyhdistys ry","robots":{"index":"index","follow":"follow","max-snippet":"max-snippet:-1","max-image-preview":"max-image-preview:large","max-video-preview":"max-video-preview:-1"},"canonical":"https:\/\/sey.fi\/oulainen\/elainsuojelun-valvontatehtavia-hoitaa\/","og_locale":"fi_FI","og_type":"article","og_title":"El\u00e4insuojelu - Oulaisten seudun el\u00e4insuojeluyhdistys ry","og_description":"El\u00e4insuojelun valvontateht\u00e4vi\u00e4 hoitaa valvontael\u00e4inl\u00e4\u00e4k\u00e4ri Valvontael\u00e4inl\u00e4\u00e4k\u00e4ri Sirkka Hankonen, puh. 044-7591 472 (Oulainen)Valvontael\u00e4inl\u00e4\u00e4k\u00e4ri Serina Malmberg, puh. 044-7591 454 (Oulainen)S\u00e4hk\u00f6postiosoite on muotoa etunimi.sukunimi(at)haapavesi.fi Valvontael\u00e4inl\u00e4\u00e4k\u00e4ri Laura Sedrik, puh. 044-4691 747 (Merij\u00e4rvi)S\u00e4hk\u00f6postiosoite on muotoa etunimi.sukunimi(at)kalajoki.fi El\u00e4inl\u00e4\u00e4k\u00e4rit p\u00e4ivystysaikana arkip\u00e4ivisin kello 16-08, sek\u00e4viikonloppuisin perjantaista kello 16 seuraavaan maanantaihin kello 8 Kiireellisiss\u00e4 tapauksissa virka-ajan ulkopuolella ota yhteytt\u00e4 alueesi p\u00e4ivyst\u00e4v\u00e4\u00e4n el\u00e4inl\u00e4\u00e4k\u00e4riin tai poliisiin.","og_url":"https:\/\/sey.fi\/oulainen\/elainsuojelun-valvontatehtavia-hoitaa\/","og_site_name":"Oulaisten seudun el\u00e4insuojeluyhdistys ry","article_modified_time":"2023-08-20T09:55:24+00:00","twitter_card":"summary_large_image","twitter_misc":{"Arvioitu lukuaika":"1 minuutti"},"schema":{"@context":"https:\/\/schema.org","@graph":[{"@type":"WebPage","@id":"https:\/\/sey.fi\/oulainen\/elainsuojelun-valvontatehtavia-hoitaa\/","url":"https:\/\/sey.fi\/oulainen\/elainsuojelun-valvontatehtavia-hoitaa\/","name":"El\u00e4insuojelu - Oulaisten seudun el\u00e4insuojeluyhdistys ry","isPartOf":{"@id":"https:\/\/sey.fi\/oulainen\/#website"},"datePublished":"2022-09-01T11:05:41+00:00","dateModified":"2023-08-20T09:55:24+00:00","breadcrumb":{"@id":"https:\/\/sey.fi\/oulainen\/elainsuojelun-valvontatehtavia-hoitaa\/#breadcrumb"},"inLanguage":"fi","potentialAction":[{"@type":"ReadAction","target":["https:\/\/sey.fi\/oulainen\/elainsuojelun-valvontatehtavia-hoitaa\/"]}]},{"@type":"BreadcrumbList","@id":"https:\/\/sey.fi\/oulainen\/elainsuojelun-valvontatehtavia-hoitaa\/#breadcrumb","itemListElement":[{"@type":"ListItem","position":1,"name":"Home","item":"https:\/\/sey.fi\/oulainen\/"},{"@type":"ListItem","position":2,"name":"El\u00e4insuojelu"}]},{"@type":"WebSite","@id":"https:\/\/sey.fi\/oulainen\/#website","url":"https:\/\/sey.fi\/oulainen\/","name":"Oulaisten seudun el\u00e4insuojeluyhdistys ry","description":"Uusi SEY J\u00e4senyhdistykset -sivusto","potentialAction":[{"@type":"SearchAction","target":{"@type":"EntryPoint","urlTemplate":"https:\/\/sey.fi\/oulainen\/?s={search_term_string}"},"query-input":{"@type":"PropertyValueSpecification","valueRequired":true,"valueName":"search_term_string"}}],"inLanguage":"fi"}]}},"_links":{"self":[{"href":"https:\/\/sey.fi\/oulainen\/wp-json\/wp\/v2\/pages\/35","targetHints":{"allow":["GET"]}}],"collection":[{"href":"https:\/\/sey.fi\/oulainen\/wp-json\/wp\/v2\/pages"}],"about":[{"href":"https:\/\/sey.fi\/oulainen\/wp-json\/wp\/v2\/types\/page"}],"author":[{"embeddable":true,"href":"https:\/\/sey.fi\/oulainen\/wp-json\/wp\/v2\/users\/1"}],"replies":[{"embeddable":true,"href":"https:\/\/sey.fi\/oulainen\/wp-json\/wp\/v2\/comments?post=35"}],"version-history":[{"count":7,"href":"https:\/\/sey.fi\/oulainen\/wp-json\/wp\/v2\/pages\/35\/revisions"}],"predecessor-version":[{"id":102,"href":"https:\/\/sey.fi\/oulainen\/wp-json\/wp\/v2\/pages\/35\/revisions\/102"}],"wp:attachment":[{"href":"https:\/\/sey.fi\/oulainen\/wp-json\/wp\/v2\/media?parent=35"}],"curies":[{"name":"wp","href":"https:\/\/api.w.org\/{rel}","templated":true}]}}