{"id":47,"date":"2022-09-01T14:28:42","date_gmt":"2022-09-01T11:28:42","guid":{"rendered":"https:\/\/sey.fi\/oulainen\/?page_id=47"},"modified":"2024-12-12T12:10:00","modified_gmt":"2024-12-12T10:10:00","slug":"loytoelaimet","status":"publish","type":"page","link":"https:\/\/sey.fi\/oulainen\/loytoelaimet\/","title":{"rendered":"L\u00f6yt\u00f6el\u00e4imet"},"content":{"rendered":"\n<p>Oulaisten kaupungin el\u00e4insuojelulain mukaiset l\u00f6yt\u00f6el\u00e4imet hoitaa 1.9.2024 alkaen Kalajoen L\u00f6yt\u00f6el\u00e4inkoti.<\/p>\n\n\n\n<p><strong>L\u00f6yt\u00f6el\u00e4inilmoitukset ja -tiedustelut:<\/strong><br><br>0405906394\/Jenni<br>0451626002\/Marja<br>0405728733\/Minna<br>jos numero ei vastaa, l\u00e4het\u00e4 viesti<br><br><a href=\"https:\/\/www.facebook.com\/profile.php?id=100081785415369\" target=\"_blank\" rel=\"noreferrer noopener\">Facebook<\/a><\/p>\n","protected":false},"excerpt":{"rendered":"<p>Oulaisten kaupungin el\u00e4insuojelulain mukaiset l\u00f6yt\u00f6el\u00e4imet hoitaa 1.9.2024 alkaen Kalajoen L\u00f6yt\u00f6el\u00e4inkoti. L\u00f6yt\u00f6el\u00e4inilmoitukset ja -tiedustelut: 0405906394\/Jenni0451626002\/Marja0405728733\/Minnajos numero ei vastaa, l\u00e4het\u00e4 viesti Facebook<\/p>\n","protected":false},"author":1,"featured_media":0,"parent":0,"menu_order":0,"comment_status":"closed","ping_status":"closed","template":"","meta":{"_acf_changed":false,"footnotes":""},"class_list":["post-47","page","type-page","status-publish","hentry"],"acf":[],"yoast_head":"<!-- This site is optimized with the Yoast SEO plugin v27.1.1 - https:\/\/yoast.com\/product\/yoast-seo-wordpress\/ -->\n<title>L\u00f6yt\u00f6el\u00e4imet - Oulaisten seudun el\u00e4insuojeluyhdistys ry<\/title>\n<meta name=\"robots\" content=\"index, follow, max-snippet:-1, max-image-preview:large, max-video-preview:-1\" \/>\n<link rel=\"canonical\" href=\"https:\/\/sey.fi\/oulainen\/loytoelaimet\/\" \/>\n<meta property=\"og:locale\" content=\"fi_FI\" \/>\n<meta property=\"og:type\" content=\"article\" \/>\n<meta property=\"og:title\" content=\"L\u00f6yt\u00f6el\u00e4imet - Oulaisten seudun el\u00e4insuojeluyhdistys ry\" \/>\n<meta property=\"og:description\" content=\"Oulaisten kaupungin el\u00e4insuojelulain mukaiset l\u00f6yt\u00f6el\u00e4imet hoitaa 1.9.2024 alkaen Kalajoen L\u00f6yt\u00f6el\u00e4inkoti. L\u00f6yt\u00f6el\u00e4inilmoitukset ja -tiedustelut: 0405906394\/Jenni0451626002\/Marja0405728733\/Minnajos numero ei vastaa, l\u00e4het\u00e4 viesti Facebook\" \/>\n<meta property=\"og:url\" content=\"https:\/\/sey.fi\/oulainen\/loytoelaimet\/\" \/>\n<meta property=\"og:site_name\" content=\"Oulaisten seudun el\u00e4insuojeluyhdistys ry\" \/>\n<meta property=\"article:modified_time\" content=\"2024-12-12T10:10:00+00:00\" \/>\n<meta name=\"twitter:card\" content=\"summary_large_image\" \/>\n<meta name=\"twitter:label1\" content=\"Arvioitu lukuaika\" \/>\n\t<meta name=\"twitter:data1\" content=\"1 minuutti\" \/>\n<script type=\"application\/ld+json\" class=\"yoast-schema-graph\">{\"@context\":\"https:\/\/schema.org\",\"@graph\":[{\"@type\":\"WebPage\",\"@id\":\"https:\/\/sey.fi\/oulainen\/loytoelaimet\/\",\"url\":\"https:\/\/sey.fi\/oulainen\/loytoelaimet\/\",\"name\":\"L\u00f6yt\u00f6el\u00e4imet - Oulaisten seudun el\u00e4insuojeluyhdistys ry\",\"isPartOf\":{\"@id\":\"https:\/\/sey.fi\/oulainen\/#website\"},\"datePublished\":\"2022-09-01T11:28:42+00:00\",\"dateModified\":\"2024-12-12T10:10:00+00:00\",\"breadcrumb\":{\"@id\":\"https:\/\/sey.fi\/oulainen\/loytoelaimet\/#breadcrumb\"},\"inLanguage\":\"fi\",\"potentialAction\":[{\"@type\":\"ReadAction\",\"target\":[\"https:\/\/sey.fi\/oulainen\/loytoelaimet\/\"]}]},{\"@type\":\"BreadcrumbList\",\"@id\":\"https:\/\/sey.fi\/oulainen\/loytoelaimet\/#breadcrumb\",\"itemListElement\":[{\"@type\":\"ListItem\",\"position\":1,\"name\":\"Home\",\"item\":\"https:\/\/sey.fi\/oulainen\/\"},{\"@type\":\"ListItem\",\"position\":2,\"name\":\"L\u00f6yt\u00f6el\u00e4imet\"}]},{\"@type\":\"WebSite\",\"@id\":\"https:\/\/sey.fi\/oulainen\/#website\",\"url\":\"https:\/\/sey.fi\/oulainen\/\",\"name\":\"Oulaisten seudun el\u00e4insuojeluyhdistys ry\",\"description\":\"Uusi SEY J\u00e4senyhdistykset -sivusto\",\"potentialAction\":[{\"@type\":\"SearchAction\",\"target\":{\"@type\":\"EntryPoint\",\"urlTemplate\":\"https:\/\/sey.fi\/oulainen\/?s={search_term_string}\"},\"query-input\":{\"@type\":\"PropertyValueSpecification\",\"valueRequired\":true,\"valueName\":\"search_term_string\"}}],\"inLanguage\":\"fi\"}]}<\/script>\n<!-- \/ Yoast SEO plugin. -->","yoast_head_json":{"title":"L\u00f6yt\u00f6el\u00e4imet - Oulaisten seudun el\u00e4insuojeluyhdistys ry","robots":{"index":"index","follow":"follow","max-snippet":"max-snippet:-1","max-image-preview":"max-image-preview:large","max-video-preview":"max-video-preview:-1"},"canonical":"https:\/\/sey.fi\/oulainen\/loytoelaimet\/","og_locale":"fi_FI","og_type":"article","og_title":"L\u00f6yt\u00f6el\u00e4imet - Oulaisten seudun el\u00e4insuojeluyhdistys ry","og_description":"Oulaisten kaupungin el\u00e4insuojelulain mukaiset l\u00f6yt\u00f6el\u00e4imet hoitaa 1.9.2024 alkaen Kalajoen L\u00f6yt\u00f6el\u00e4inkoti. L\u00f6yt\u00f6el\u00e4inilmoitukset ja -tiedustelut: 0405906394\/Jenni0451626002\/Marja0405728733\/Minnajos numero ei vastaa, l\u00e4het\u00e4 viesti Facebook","og_url":"https:\/\/sey.fi\/oulainen\/loytoelaimet\/","og_site_name":"Oulaisten seudun el\u00e4insuojeluyhdistys ry","article_modified_time":"2024-12-12T10:10:00+00:00","twitter_card":"summary_large_image","twitter_misc":{"Arvioitu lukuaika":"1 minuutti"},"schema":{"@context":"https:\/\/schema.org","@graph":[{"@type":"WebPage","@id":"https:\/\/sey.fi\/oulainen\/loytoelaimet\/","url":"https:\/\/sey.fi\/oulainen\/loytoelaimet\/","name":"L\u00f6yt\u00f6el\u00e4imet - Oulaisten seudun el\u00e4insuojeluyhdistys ry","isPartOf":{"@id":"https:\/\/sey.fi\/oulainen\/#website"},"datePublished":"2022-09-01T11:28:42+00:00","dateModified":"2024-12-12T10:10:00+00:00","breadcrumb":{"@id":"https:\/\/sey.fi\/oulainen\/loytoelaimet\/#breadcrumb"},"inLanguage":"fi","potentialAction":[{"@type":"ReadAction","target":["https:\/\/sey.fi\/oulainen\/loytoelaimet\/"]}]},{"@type":"BreadcrumbList","@id":"https:\/\/sey.fi\/oulainen\/loytoelaimet\/#breadcrumb","itemListElement":[{"@type":"ListItem","position":1,"name":"Home","item":"https:\/\/sey.fi\/oulainen\/"},{"@type":"ListItem","position":2,"name":"L\u00f6yt\u00f6el\u00e4imet"}]},{"@type":"WebSite","@id":"https:\/\/sey.fi\/oulainen\/#website","url":"https:\/\/sey.fi\/oulainen\/","name":"Oulaisten seudun el\u00e4insuojeluyhdistys ry","description":"Uusi SEY J\u00e4senyhdistykset -sivusto","potentialAction":[{"@type":"SearchAction","target":{"@type":"EntryPoint","urlTemplate":"https:\/\/sey.fi\/oulainen\/?s={search_term_string}"},"query-input":{"@type":"PropertyValueSpecification","valueRequired":true,"valueName":"search_term_string"}}],"inLanguage":"fi"}]}},"_links":{"self":[{"href":"https:\/\/sey.fi\/oulainen\/wp-json\/wp\/v2\/pages\/47","targetHints":{"allow":["GET"]}}],"collection":[{"href":"https:\/\/sey.fi\/oulainen\/wp-json\/wp\/v2\/pages"}],"about":[{"href":"https:\/\/sey.fi\/oulainen\/wp-json\/wp\/v2\/types\/page"}],"author":[{"embeddable":true,"href":"https:\/\/sey.fi\/oulainen\/wp-json\/wp\/v2\/users\/1"}],"replies":[{"embeddable":true,"href":"https:\/\/sey.fi\/oulainen\/wp-json\/wp\/v2\/comments?post=47"}],"version-history":[{"count":4,"href":"https:\/\/sey.fi\/oulainen\/wp-json\/wp\/v2\/pages\/47\/revisions"}],"predecessor-version":[{"id":114,"href":"https:\/\/sey.fi\/oulainen\/wp-json\/wp\/v2\/pages\/47\/revisions\/114"}],"wp:attachment":[{"href":"https:\/\/sey.fi\/oulainen\/wp-json\/wp\/v2\/media?parent=47"}],"curies":[{"name":"wp","href":"https:\/\/api.w.org\/{rel}","templated":true}]}}