{"id":50,"date":"2022-09-01T14:37:00","date_gmt":"2022-09-01T11:37:00","guid":{"rendered":"https:\/\/sey.fi\/oulainen\/?page_id=50"},"modified":"2024-03-18T19:14:17","modified_gmt":"2024-03-18T17:14:17","slug":"ajankohtaista","status":"publish","type":"page","link":"https:\/\/sey.fi\/oulainen\/ajankohtaista\/","title":{"rendered":"Ajankohtaista"},"content":{"rendered":"\n<p>Tarvitsemme uusia vapaaehtoisia \u2013 Voitko sin\u00e4 auttaa?<br><br>Vapaaehtoisemme mahdollistavat el\u00e4inten auttamisen alueellamme. Mit\u00e4 enemm\u00e4n joukossamme on<br>tekij\u00f6it\u00e4, sit\u00e4 useampaa el\u00e4int\u00e4 voimme auttaa. Tule siis sin\u00e4kin mukaan! Kaikille l\u00f6ytyy sopiva tapa auttaa ja kaikkien apua tarvitaan. Teht\u00e4v\u00e4t ovat erilaisia: osa vaatii enemm\u00e4n ajank\u00e4ytt\u00f6\u00e4, osa v\u00e4hemm\u00e4n. Monia<br>teht\u00e4vi\u00e4 voit hoitaa ainakin osittain kotoa k\u00e4sin.<br>Teht\u00e4v\u00e4\u00e4n saa perehdytyksen ja tukea \u2013 yksin ei tarvitse j\u00e4\u00e4d\u00e4!<br>Voisitko sin\u00e4 auttaa? Tarvitsemme esimerkiksi:<\/p>\n\n\n\n<ul class=\"wp-block-list\">\n<li>sijaiskoteja<\/li>\n\n\n\n<li>tapahtumanj\u00e4rjest\u00e4ji\u00e4 ja tapahtumien ty\u00f6ntekij\u00f6it\u00e4<\/li>\n\n\n\n<li>infop\u00f6yd\u00e4n pit\u00e4ji\u00e4<\/li>\n\n\n\n<li>kampanjoiden suunnittelijoita<\/li>\n\n\n\n<li>infomateriaalin jakajia<\/li>\n\n\n\n<li>kouluvierailijoita<\/li>\n\n\n\n<li>kuvapankin kartuttajia<\/li>\n<\/ul>\n\n\n\n<p>Vapaaehtoisena toimiminen vaatii<\/p>\n\n\n\n<ul class=\"wp-block-list\">\n<li>sitoutumista<\/li>\n\n\n\n<li>t\u00e4ysi-ik\u00e4isyytt\u00e4<\/li>\n\n\n\n<li>hyvi\u00e4 yhteisty\u00f6taitoja ja kyky\u00e4 noudattaa saatuja ohjeita.<\/li>\n<\/ul>\n\n\n\n<p>Vapaaehtoisena toimiminen antaa<\/p>\n\n\n\n<ul class=\"wp-block-list\">\n<li>el\u00e4in- ja ihmisyst\u00e4vi\u00e4<\/li>\n\n\n\n<li>mahdollisuuden vaikuttaa el\u00e4insuojeluongelmiin<\/li>\n\n\n\n<li>mielek\u00e4st\u00e4 tekemist\u00e4 ja uusia kokemuksia<\/li>\n\n\n\n<li>uutta tietoa ja osaamista<\/li>\n\n\n\n<li>hyv\u00e4n mielen.<br>N\u00e4in p\u00e4\u00e4set mukaan:<br>P\u00e4\u00e4set mukaan l\u00e4hett\u00e4m\u00e4ll\u00e4 viestin osoitteeseen oulaistenesy@gmail.com.<br>Kerro viestiss\u00e4si itsest\u00e4si sek\u00e4 siit\u00e4, millainen vapaaehtoisty\u00f6 sinua kiinnostaisi.<br>L\u00e4mpim\u00e4sti tervetuloa mukaan \u2013 odotamme, ett\u00e4 saamme kuulla sinusta!<\/li>\n<\/ul>\n\n\n\n<p><\/p>\n","protected":false},"excerpt":{"rendered":"<p>Tarvitsemme uusia vapaaehtoisia \u2013 Voitko sin\u00e4 auttaa? Vapaaehtoisemme mahdollistavat el\u00e4inten auttamisen alueellamme. Mit\u00e4 enemm\u00e4n joukossamme ontekij\u00f6it\u00e4, sit\u00e4 useampaa el\u00e4int\u00e4 voimme auttaa. Tule siis sin\u00e4kin mukaan! Kaikille l\u00f6ytyy sopiva tapa auttaa ja kaikkien apua tarvitaan. Teht\u00e4v\u00e4t ovat erilaisia: osa vaatii enemm\u00e4n ajank\u00e4ytt\u00f6\u00e4, osa v\u00e4hemm\u00e4n. Moniateht\u00e4vi\u00e4 voit hoitaa ainakin osittain kotoa k\u00e4sin.Teht\u00e4v\u00e4\u00e4n saa perehdytyksen ja tukea \u2013 [&hellip;]<\/p>\n","protected":false},"author":1,"featured_media":0,"parent":0,"menu_order":0,"comment_status":"closed","ping_status":"closed","template":"","meta":{"_acf_changed":false,"footnotes":""},"class_list":["post-50","page","type-page","status-publish","hentry"],"acf":[],"yoast_head":"<!-- This site is optimized with the Yoast SEO plugin v27.1.1 - https:\/\/yoast.com\/product\/yoast-seo-wordpress\/ -->\n<title>Ajankohtaista - Oulaisten seudun el\u00e4insuojeluyhdistys ry<\/title>\n<meta name=\"robots\" content=\"index, follow, max-snippet:-1, max-image-preview:large, max-video-preview:-1\" \/>\n<link rel=\"canonical\" href=\"https:\/\/sey.fi\/oulainen\/ajankohtaista\/\" \/>\n<meta property=\"og:locale\" content=\"fi_FI\" \/>\n<meta property=\"og:type\" content=\"article\" \/>\n<meta property=\"og:title\" content=\"Ajankohtaista - Oulaisten seudun el\u00e4insuojeluyhdistys ry\" \/>\n<meta property=\"og:description\" content=\"Tarvitsemme uusia vapaaehtoisia \u2013 Voitko sin\u00e4 auttaa? Vapaaehtoisemme mahdollistavat el\u00e4inten auttamisen alueellamme. Mit\u00e4 enemm\u00e4n joukossamme ontekij\u00f6it\u00e4, sit\u00e4 useampaa el\u00e4int\u00e4 voimme auttaa. Tule siis sin\u00e4kin mukaan! Kaikille l\u00f6ytyy sopiva tapa auttaa ja kaikkien apua tarvitaan. Teht\u00e4v\u00e4t ovat erilaisia: osa vaatii enemm\u00e4n ajank\u00e4ytt\u00f6\u00e4, osa v\u00e4hemm\u00e4n. Moniateht\u00e4vi\u00e4 voit hoitaa ainakin osittain kotoa k\u00e4sin.Teht\u00e4v\u00e4\u00e4n saa perehdytyksen ja tukea \u2013 [&hellip;]\" \/>\n<meta property=\"og:url\" content=\"https:\/\/sey.fi\/oulainen\/ajankohtaista\/\" \/>\n<meta property=\"og:site_name\" content=\"Oulaisten seudun el\u00e4insuojeluyhdistys ry\" \/>\n<meta property=\"article:modified_time\" content=\"2024-03-18T17:14:17+00:00\" \/>\n<meta name=\"twitter:card\" content=\"summary_large_image\" \/>\n<meta name=\"twitter:label1\" content=\"Arvioitu lukuaika\" \/>\n\t<meta name=\"twitter:data1\" content=\"1 minuutti\" \/>\n<script type=\"application\/ld+json\" class=\"yoast-schema-graph\">{\"@context\":\"https:\/\/schema.org\",\"@graph\":[{\"@type\":\"WebPage\",\"@id\":\"https:\/\/sey.fi\/oulainen\/ajankohtaista\/\",\"url\":\"https:\/\/sey.fi\/oulainen\/ajankohtaista\/\",\"name\":\"Ajankohtaista - Oulaisten seudun el\u00e4insuojeluyhdistys ry\",\"isPartOf\":{\"@id\":\"https:\/\/sey.fi\/oulainen\/#website\"},\"datePublished\":\"2022-09-01T11:37:00+00:00\",\"dateModified\":\"2024-03-18T17:14:17+00:00\",\"breadcrumb\":{\"@id\":\"https:\/\/sey.fi\/oulainen\/ajankohtaista\/#breadcrumb\"},\"inLanguage\":\"fi\",\"potentialAction\":[{\"@type\":\"ReadAction\",\"target\":[\"https:\/\/sey.fi\/oulainen\/ajankohtaista\/\"]}]},{\"@type\":\"BreadcrumbList\",\"@id\":\"https:\/\/sey.fi\/oulainen\/ajankohtaista\/#breadcrumb\",\"itemListElement\":[{\"@type\":\"ListItem\",\"position\":1,\"name\":\"Home\",\"item\":\"https:\/\/sey.fi\/oulainen\/\"},{\"@type\":\"ListItem\",\"position\":2,\"name\":\"Ajankohtaista\"}]},{\"@type\":\"WebSite\",\"@id\":\"https:\/\/sey.fi\/oulainen\/#website\",\"url\":\"https:\/\/sey.fi\/oulainen\/\",\"name\":\"Oulaisten seudun el\u00e4insuojeluyhdistys ry\",\"description\":\"Uusi SEY J\u00e4senyhdistykset -sivusto\",\"potentialAction\":[{\"@type\":\"SearchAction\",\"target\":{\"@type\":\"EntryPoint\",\"urlTemplate\":\"https:\/\/sey.fi\/oulainen\/?s={search_term_string}\"},\"query-input\":{\"@type\":\"PropertyValueSpecification\",\"valueRequired\":true,\"valueName\":\"search_term_string\"}}],\"inLanguage\":\"fi\"}]}<\/script>\n<!-- \/ Yoast SEO plugin. -->","yoast_head_json":{"title":"Ajankohtaista - Oulaisten seudun el\u00e4insuojeluyhdistys ry","robots":{"index":"index","follow":"follow","max-snippet":"max-snippet:-1","max-image-preview":"max-image-preview:large","max-video-preview":"max-video-preview:-1"},"canonical":"https:\/\/sey.fi\/oulainen\/ajankohtaista\/","og_locale":"fi_FI","og_type":"article","og_title":"Ajankohtaista - Oulaisten seudun el\u00e4insuojeluyhdistys ry","og_description":"Tarvitsemme uusia vapaaehtoisia \u2013 Voitko sin\u00e4 auttaa? Vapaaehtoisemme mahdollistavat el\u00e4inten auttamisen alueellamme. Mit\u00e4 enemm\u00e4n joukossamme ontekij\u00f6it\u00e4, sit\u00e4 useampaa el\u00e4int\u00e4 voimme auttaa. Tule siis sin\u00e4kin mukaan! Kaikille l\u00f6ytyy sopiva tapa auttaa ja kaikkien apua tarvitaan. Teht\u00e4v\u00e4t ovat erilaisia: osa vaatii enemm\u00e4n ajank\u00e4ytt\u00f6\u00e4, osa v\u00e4hemm\u00e4n. Moniateht\u00e4vi\u00e4 voit hoitaa ainakin osittain kotoa k\u00e4sin.Teht\u00e4v\u00e4\u00e4n saa perehdytyksen ja tukea \u2013 [&hellip;]","og_url":"https:\/\/sey.fi\/oulainen\/ajankohtaista\/","og_site_name":"Oulaisten seudun el\u00e4insuojeluyhdistys ry","article_modified_time":"2024-03-18T17:14:17+00:00","twitter_card":"summary_large_image","twitter_misc":{"Arvioitu lukuaika":"1 minuutti"},"schema":{"@context":"https:\/\/schema.org","@graph":[{"@type":"WebPage","@id":"https:\/\/sey.fi\/oulainen\/ajankohtaista\/","url":"https:\/\/sey.fi\/oulainen\/ajankohtaista\/","name":"Ajankohtaista - Oulaisten seudun el\u00e4insuojeluyhdistys ry","isPartOf":{"@id":"https:\/\/sey.fi\/oulainen\/#website"},"datePublished":"2022-09-01T11:37:00+00:00","dateModified":"2024-03-18T17:14:17+00:00","breadcrumb":{"@id":"https:\/\/sey.fi\/oulainen\/ajankohtaista\/#breadcrumb"},"inLanguage":"fi","potentialAction":[{"@type":"ReadAction","target":["https:\/\/sey.fi\/oulainen\/ajankohtaista\/"]}]},{"@type":"BreadcrumbList","@id":"https:\/\/sey.fi\/oulainen\/ajankohtaista\/#breadcrumb","itemListElement":[{"@type":"ListItem","position":1,"name":"Home","item":"https:\/\/sey.fi\/oulainen\/"},{"@type":"ListItem","position":2,"name":"Ajankohtaista"}]},{"@type":"WebSite","@id":"https:\/\/sey.fi\/oulainen\/#website","url":"https:\/\/sey.fi\/oulainen\/","name":"Oulaisten seudun el\u00e4insuojeluyhdistys ry","description":"Uusi SEY J\u00e4senyhdistykset -sivusto","potentialAction":[{"@type":"SearchAction","target":{"@type":"EntryPoint","urlTemplate":"https:\/\/sey.fi\/oulainen\/?s={search_term_string}"},"query-input":{"@type":"PropertyValueSpecification","valueRequired":true,"valueName":"search_term_string"}}],"inLanguage":"fi"}]}},"_links":{"self":[{"href":"https:\/\/sey.fi\/oulainen\/wp-json\/wp\/v2\/pages\/50","targetHints":{"allow":["GET"]}}],"collection":[{"href":"https:\/\/sey.fi\/oulainen\/wp-json\/wp\/v2\/pages"}],"about":[{"href":"https:\/\/sey.fi\/oulainen\/wp-json\/wp\/v2\/types\/page"}],"author":[{"embeddable":true,"href":"https:\/\/sey.fi\/oulainen\/wp-json\/wp\/v2\/users\/1"}],"replies":[{"embeddable":true,"href":"https:\/\/sey.fi\/oulainen\/wp-json\/wp\/v2\/comments?post=50"}],"version-history":[{"count":2,"href":"https:\/\/sey.fi\/oulainen\/wp-json\/wp\/v2\/pages\/50\/revisions"}],"predecessor-version":[{"id":105,"href":"https:\/\/sey.fi\/oulainen\/wp-json\/wp\/v2\/pages\/50\/revisions\/105"}],"wp:attachment":[{"href":"https:\/\/sey.fi\/oulainen\/wp-json\/wp\/v2\/media?parent=50"}],"curies":[{"name":"wp","href":"https:\/\/api.w.org\/{rel}","templated":true}]}}