{"id":10,"date":"2019-11-04T13:50:18","date_gmt":"2019-11-04T11:50:18","guid":{"rendered":"http:\/\/srvr10.xetpoint.com\/~seyfi\/oulu\/?page_id=10"},"modified":"2019-11-04T13:50:19","modified_gmt":"2019-11-04T11:50:19","slug":"milloin-luonnonvarainen-elain-tarvitsee-ihmisen-apua","status":"publish","type":"page","link":"https:\/\/sey.fi\/oulu\/oulun-seudun-elainsuojeluyhdistys\/milloin-luonnonvarainen-elain-tarvitsee-ihmisen-apua\/","title":{"rendered":"Milloin luonnonvarainen el\u00e4in tarvitsee ihmisen apua?"},"content":{"rendered":"\n<p><strong>Kev\u00e4\u00e4ll\u00e4 el\u00e4insuojeluneuvojan puhelin pirisee tiuhaan tahtiin: milloin on oravan poikanen tippunut pes\u00e4st\u00e4, milloin siili makaa voipuneena tien pientareella. Nykyisin ihmiset onneksi osaavat kysy\u00e4 neuvoja, kun kohtaavat luonnossa tai pihapiiriss\u00e4 apua tarvitsevan el\u00e4imen.<\/strong><\/p>\n\n\n\n<p>Paljon keskustellaan siit\u00e4, tulisiko ihmisen puuttua luonnon kiertokulkuun auttamalla pulassa olevaa luonnonvaraista el\u00e4int\u00e4. Lain nojalla asia on yksiselitteinen. El\u00e4insuojelulain 14\u00a7 mukaan sairasta, vahingoittunutta tai muuten avuttomassa tilassa olevaa luonnonvaraista el\u00e4int\u00e4 on pyritt\u00e4v\u00e4 auttamaan.<\/p>\n\n\n\n<p>Jos el\u00e4in on kuitenkin sellaisessa tilassa, ett\u00e4 sen hengiss\u00e4 pit\u00e4minen on ilmeist\u00e4 julmuutta, el\u00e4in on lopetettava tai on huolehdittava siit\u00e4, ett\u00e4 se lopetetaan.<\/p>\n\n\n\n<p><strong>Seuraa tilannetta ensin<\/strong><\/p>\n\n\n\n<p>Hyl\u00e4tylt\u00e4 vaikuttava poikanen ei aina v\u00e4ltt\u00e4m\u00e4tt\u00e4 ole sit\u00e4. On hyv\u00e4 seurata hetki el\u00e4int\u00e4 ja kartoittaa tilanne ennen sen kiinniottamista. Turha k\u00e4sittely aiheuttaa luonnonvaraiselle el\u00e4imelle stressi\u00e4 ja heikent\u00e4\u00e4 sen selviytymismahdollisuuksia.<\/p>\n\n\n\n<p>Monet emot j\u00e4tt\u00e4v\u00e4t poikasensa yksin ravinnonhankinnan ajaksi. Esimerkiksi rusakko k\u00e4y imett\u00e4m\u00e4ss\u00e4 poikasiaan vain pari kertaa vuorokaudessa. Muun ajan poikaset pysyttelev\u00e4t piiloissaan. Yksin\u00e4inen rusakonpoikanen tarvitsee siis vain harvoin ihmisen apua.<\/p>\n\n\n\n<p>On aika tavallista, ett\u00e4 oravanpoikanen tipahtaa pes\u00e4st\u00e4 harjoitellessaan kiipeily\u00e4. Emo yleens\u00e4 k\u00e4y noutamassa poikasen takaisin pes\u00e4\u00e4n, kun sille annetaan mahdollisuus tehd\u00e4 se rauhassa.<\/p>\n\n\n\n<p>Jos n\u00e4in ei tapahdu kohtuullisen ajan kuluessa, on poikanen syyt\u00e4 siirt\u00e4\u00e4 sis\u00e4tiloihin suojaan muilta el\u00e4imilt\u00e4. Pipo on hyv\u00e4 varapes\u00e4 ensi alkuun, kunnes saat lis\u00e4ohjeita.<\/p>\n\n\n\n<p><strong>Siilille kissan m\u00e4rk\u00e4ruokaa<\/strong><\/p>\n\n\n\n<p>Siili on aina avun tarpeessa silloin, kun se on liikkeell\u00e4 aikaisin kev\u00e4\u00e4ll\u00e4 tai my\u00f6h\u00e4\u00e4n syksyll\u00e4, maan ollessa j\u00e4\u00e4ss\u00e4. Se ei l\u00f6yd\u00e4 ravintoa mist\u00e4\u00e4n, joten ilman apua sen kohtalo voi olla ik\u00e4v\u00e4.<\/p>\n\n\n\n<p>Kuivana ja kuumana, mutta my\u00f6s liian sateisena kes\u00e4n\u00e4 siilien luontainen ravinto on v\u00e4hiss\u00e4, ja heikkokuntoisia siilej\u00e4 l\u00f6ytyy huonojen s\u00e4\u00e4olosuhteiden aikaan paljon. Jos siili pystyy liikkumaan, ensiavuksi riitt\u00e4\u00e4 kun tarjoaa sille raikasta vett\u00e4 ja kissan m\u00e4rk\u00e4ruokaa.<\/p>\n\n\n\n<p>Jos siili ei pysy tolpillaan, on se otettava pahvilaatikkoon ja siirrett\u00e4v\u00e4 l\u00e4mpim\u00e4\u00e4n. Laatikon pohjalle voi laittaa sanomalehti\u00e4 ja vanhan pyyhkeen. Tarjoa haaleaa vett\u00e4 ja muussattua kissan m\u00e4rk\u00e4ruokaa. Toimita siili mahdollisimman pian asiantuntevaan hoitoon.<\/p>\n\n\n\n<p>Ensiapua lukuun ottamatta \u00e4l\u00e4 yrit\u00e4 hoitaa luonnonvaraista el\u00e4int\u00e4 ilman asiantuntevaa ohjeistusta. V\u00e4\u00e4r\u00e4nlaisella hoidolla tai ravinnolla el\u00e4imen terveydentila voi romahtaa, ja usein el\u00e4in joudutaan lopettamaan.<\/p>\n\n\n\n<p><em>El\u00e4insuojeluneuvoja Mervi Valjus<\/em><\/p>\n\n\n\n<p><strong>Luonnonvarainen el\u00e4in tarvitsee apua, kun:<\/strong><\/p>\n\n\n\n<p><strong>&#8211; el\u00e4in on tajuton tai kouristelee<\/strong><\/p>\n\n\n\n<p><strong>&#8211; el\u00e4in vuotaa verta<\/strong><\/p>\n\n\n\n<p><strong>&#8211; el\u00e4imen raaja on murtunut<\/strong><\/p>\n\n\n\n<p><strong>&#8211; el\u00e4in yskii tai oksentelee<\/strong><\/p>\n\n\n\n<p><strong>&#8211; aikuinen el\u00e4in kyyh\u00f6tt\u00e4\u00e4 paikoillaan ja on eritt\u00e4in helposti kiinniotettava<\/strong><\/p>\n\n\n\n<p><strong>&#8211; avuton el\u00e4in on vaarassa joutua muiden el\u00e4inten hy\u00f6kk\u00e4yksen kohteeksi<\/strong><\/p>\n\n\n\n<p><strong>&#8211; el\u00e4in on \u00f6ljyyntynyt<\/strong><\/p>\n\n\n\n<p><strong>&#8211; el\u00e4in on j\u00e4\u00e4nyt loukkuun esimerkiksi rakennukseen<\/strong><\/p>\n\n\n\n<p><strong>&#8211; el\u00e4in on takertunut siimaan, koukkuun tai muuhun vastaavaan<\/strong><\/p>\n\n\n\n<p><strong>&#8211; ilman emoa l\u00f6ydetty poikanen tarvitsee apua silloin, kun poikanen on m\u00e4rk\u00e4 ja kylm\u00e4, tai pes\u00e4poikasen emo on varmuudella kuollut tai loukkaantunut<\/strong><\/p>\n\n\n\n<p><strong>Jos kohtaat apua tarvitsevan el\u00e4imen, muttet luota omaan arvioosi tilanteesta, kannattaa kysy\u00e4 neuvoa el\u00e4insuojeluyhdistykselt\u00e4 tai el\u00e4insuojeluuneuvojalta. Autamme mielell\u00e4mme!<\/strong><\/p>\n","protected":false},"excerpt":{"rendered":"<p>Kev\u00e4\u00e4ll\u00e4 el\u00e4insuojeluneuvojan puhelin pirisee tiuhaan tahtiin: milloin on oravan poikanen tippunut pes\u00e4st\u00e4, milloin siili makaa voipuneena tien pientareella. Nykyisin ihmiset onneksi osaavat kysy\u00e4 neuvoja, kun kohtaavat luonnossa tai pihapiiriss\u00e4 apua tarvitsevan el\u00e4imen. Paljon keskustellaan siit\u00e4, tulisiko ihmisen puuttua luonnon kiertokulkuun auttamalla pulassa olevaa luonnonvaraista el\u00e4int\u00e4. Lain nojalla asia on yksiselitteinen. El\u00e4insuojelulain 14\u00a7 mukaan sairasta, vahingoittunutta [&hellip;]<\/p>\n","protected":false},"author":8,"featured_media":0,"parent":2,"menu_order":0,"comment_status":"closed","ping_status":"closed","template":"","meta":{"_acf_changed":false,"footnotes":""},"class_list":["post-10","page","type-page","status-publish","hentry"],"acf":[],"yoast_head":"<!-- This site is optimized with the Yoast SEO plugin v27.1.1 - https:\/\/yoast.com\/product\/yoast-seo-wordpress\/ -->\n<title>Milloin luonnonvarainen el\u00e4in tarvitsee ihmisen apua? - Oulun seudun el\u00e4insuojeluyhdistys<\/title>\n<meta name=\"robots\" content=\"index, follow, max-snippet:-1, max-image-preview:large, max-video-preview:-1\" \/>\n<link rel=\"canonical\" href=\"https:\/\/sey.fi\/oulu\/oulun-seudun-elainsuojeluyhdistys\/milloin-luonnonvarainen-elain-tarvitsee-ihmisen-apua\/\" \/>\n<meta property=\"og:locale\" content=\"fi_FI\" \/>\n<meta property=\"og:type\" content=\"article\" \/>\n<meta property=\"og:title\" content=\"Milloin luonnonvarainen el\u00e4in tarvitsee ihmisen apua? - Oulun seudun el\u00e4insuojeluyhdistys\" \/>\n<meta property=\"og:description\" content=\"Kev\u00e4\u00e4ll\u00e4 el\u00e4insuojeluneuvojan puhelin pirisee tiuhaan tahtiin: milloin on oravan poikanen tippunut pes\u00e4st\u00e4, milloin siili makaa voipuneena tien pientareella. Nykyisin ihmiset onneksi osaavat kysy\u00e4 neuvoja, kun kohtaavat luonnossa tai pihapiiriss\u00e4 apua tarvitsevan el\u00e4imen. Paljon keskustellaan siit\u00e4, tulisiko ihmisen puuttua luonnon kiertokulkuun auttamalla pulassa olevaa luonnonvaraista el\u00e4int\u00e4. Lain nojalla asia on yksiselitteinen. El\u00e4insuojelulain 14\u00a7 mukaan sairasta, vahingoittunutta [&hellip;]\" \/>\n<meta property=\"og:url\" content=\"https:\/\/sey.fi\/oulu\/oulun-seudun-elainsuojeluyhdistys\/milloin-luonnonvarainen-elain-tarvitsee-ihmisen-apua\/\" \/>\n<meta property=\"og:site_name\" content=\"Oulun seudun el\u00e4insuojeluyhdistys\" \/>\n<meta property=\"article:modified_time\" content=\"2019-11-04T11:50:19+00:00\" \/>\n<meta name=\"twitter:card\" content=\"summary_large_image\" \/>\n<meta name=\"twitter:label1\" content=\"Arvioitu lukuaika\" \/>\n\t<meta name=\"twitter:data1\" content=\"3 minuuttia\" \/>\n<script type=\"application\/ld+json\" class=\"yoast-schema-graph\">{\"@context\":\"https:\/\/schema.org\",\"@graph\":[{\"@type\":\"WebPage\",\"@id\":\"https:\/\/sey.fi\/oulu\/oulun-seudun-elainsuojeluyhdistys\/milloin-luonnonvarainen-elain-tarvitsee-ihmisen-apua\/\",\"url\":\"https:\/\/sey.fi\/oulu\/oulun-seudun-elainsuojeluyhdistys\/milloin-luonnonvarainen-elain-tarvitsee-ihmisen-apua\/\",\"name\":\"Milloin luonnonvarainen el\u00e4in tarvitsee ihmisen apua? - Oulun seudun el\u00e4insuojeluyhdistys\",\"isPartOf\":{\"@id\":\"https:\/\/sey.fi\/oulu\/#website\"},\"datePublished\":\"2019-11-04T11:50:18+00:00\",\"dateModified\":\"2019-11-04T11:50:19+00:00\",\"breadcrumb\":{\"@id\":\"https:\/\/sey.fi\/oulu\/oulun-seudun-elainsuojeluyhdistys\/milloin-luonnonvarainen-elain-tarvitsee-ihmisen-apua\/#breadcrumb\"},\"inLanguage\":\"fi\",\"potentialAction\":[{\"@type\":\"ReadAction\",\"target\":[\"https:\/\/sey.fi\/oulu\/oulun-seudun-elainsuojeluyhdistys\/milloin-luonnonvarainen-elain-tarvitsee-ihmisen-apua\/\"]}]},{\"@type\":\"BreadcrumbList\",\"@id\":\"https:\/\/sey.fi\/oulu\/oulun-seudun-elainsuojeluyhdistys\/milloin-luonnonvarainen-elain-tarvitsee-ihmisen-apua\/#breadcrumb\",\"itemListElement\":[{\"@type\":\"ListItem\",\"position\":1,\"name\":\"Home\",\"item\":\"https:\/\/sey.fi\/oulu\/\"},{\"@type\":\"ListItem\",\"position\":2,\"name\":\"Oulun seudun el\u00e4insuojeluyhdistys\",\"item\":\"https:\/\/sey.fi\/oulu\/\"},{\"@type\":\"ListItem\",\"position\":3,\"name\":\"Milloin luonnonvarainen el\u00e4in tarvitsee ihmisen apua?\"}]},{\"@type\":\"WebSite\",\"@id\":\"https:\/\/sey.fi\/oulu\/#website\",\"url\":\"https:\/\/sey.fi\/oulu\/\",\"name\":\"Oulun seudun el\u00e4insuojeluyhdistys\",\"description\":\"Uusi SEY J\u00e4senyhdistykset -sivusto\",\"potentialAction\":[{\"@type\":\"SearchAction\",\"target\":{\"@type\":\"EntryPoint\",\"urlTemplate\":\"https:\/\/sey.fi\/oulu\/?s={search_term_string}\"},\"query-input\":{\"@type\":\"PropertyValueSpecification\",\"valueRequired\":true,\"valueName\":\"search_term_string\"}}],\"inLanguage\":\"fi\"}]}<\/script>\n<!-- \/ Yoast SEO plugin. -->","yoast_head_json":{"title":"Milloin luonnonvarainen el\u00e4in tarvitsee ihmisen apua? - Oulun seudun el\u00e4insuojeluyhdistys","robots":{"index":"index","follow":"follow","max-snippet":"max-snippet:-1","max-image-preview":"max-image-preview:large","max-video-preview":"max-video-preview:-1"},"canonical":"https:\/\/sey.fi\/oulu\/oulun-seudun-elainsuojeluyhdistys\/milloin-luonnonvarainen-elain-tarvitsee-ihmisen-apua\/","og_locale":"fi_FI","og_type":"article","og_title":"Milloin luonnonvarainen el\u00e4in tarvitsee ihmisen apua? - Oulun seudun el\u00e4insuojeluyhdistys","og_description":"Kev\u00e4\u00e4ll\u00e4 el\u00e4insuojeluneuvojan puhelin pirisee tiuhaan tahtiin: milloin on oravan poikanen tippunut pes\u00e4st\u00e4, milloin siili makaa voipuneena tien pientareella. Nykyisin ihmiset onneksi osaavat kysy\u00e4 neuvoja, kun kohtaavat luonnossa tai pihapiiriss\u00e4 apua tarvitsevan el\u00e4imen. Paljon keskustellaan siit\u00e4, tulisiko ihmisen puuttua luonnon kiertokulkuun auttamalla pulassa olevaa luonnonvaraista el\u00e4int\u00e4. Lain nojalla asia on yksiselitteinen. El\u00e4insuojelulain 14\u00a7 mukaan sairasta, vahingoittunutta [&hellip;]","og_url":"https:\/\/sey.fi\/oulu\/oulun-seudun-elainsuojeluyhdistys\/milloin-luonnonvarainen-elain-tarvitsee-ihmisen-apua\/","og_site_name":"Oulun seudun el\u00e4insuojeluyhdistys","article_modified_time":"2019-11-04T11:50:19+00:00","twitter_card":"summary_large_image","twitter_misc":{"Arvioitu lukuaika":"3 minuuttia"},"schema":{"@context":"https:\/\/schema.org","@graph":[{"@type":"WebPage","@id":"https:\/\/sey.fi\/oulu\/oulun-seudun-elainsuojeluyhdistys\/milloin-luonnonvarainen-elain-tarvitsee-ihmisen-apua\/","url":"https:\/\/sey.fi\/oulu\/oulun-seudun-elainsuojeluyhdistys\/milloin-luonnonvarainen-elain-tarvitsee-ihmisen-apua\/","name":"Milloin luonnonvarainen el\u00e4in tarvitsee ihmisen apua? - Oulun seudun el\u00e4insuojeluyhdistys","isPartOf":{"@id":"https:\/\/sey.fi\/oulu\/#website"},"datePublished":"2019-11-04T11:50:18+00:00","dateModified":"2019-11-04T11:50:19+00:00","breadcrumb":{"@id":"https:\/\/sey.fi\/oulu\/oulun-seudun-elainsuojeluyhdistys\/milloin-luonnonvarainen-elain-tarvitsee-ihmisen-apua\/#breadcrumb"},"inLanguage":"fi","potentialAction":[{"@type":"ReadAction","target":["https:\/\/sey.fi\/oulu\/oulun-seudun-elainsuojeluyhdistys\/milloin-luonnonvarainen-elain-tarvitsee-ihmisen-apua\/"]}]},{"@type":"BreadcrumbList","@id":"https:\/\/sey.fi\/oulu\/oulun-seudun-elainsuojeluyhdistys\/milloin-luonnonvarainen-elain-tarvitsee-ihmisen-apua\/#breadcrumb","itemListElement":[{"@type":"ListItem","position":1,"name":"Home","item":"https:\/\/sey.fi\/oulu\/"},{"@type":"ListItem","position":2,"name":"Oulun seudun el\u00e4insuojeluyhdistys","item":"https:\/\/sey.fi\/oulu\/"},{"@type":"ListItem","position":3,"name":"Milloin luonnonvarainen el\u00e4in tarvitsee ihmisen apua?"}]},{"@type":"WebSite","@id":"https:\/\/sey.fi\/oulu\/#website","url":"https:\/\/sey.fi\/oulu\/","name":"Oulun seudun el\u00e4insuojeluyhdistys","description":"Uusi SEY J\u00e4senyhdistykset -sivusto","potentialAction":[{"@type":"SearchAction","target":{"@type":"EntryPoint","urlTemplate":"https:\/\/sey.fi\/oulu\/?s={search_term_string}"},"query-input":{"@type":"PropertyValueSpecification","valueRequired":true,"valueName":"search_term_string"}}],"inLanguage":"fi"}]}},"_links":{"self":[{"href":"https:\/\/sey.fi\/oulu\/wp-json\/wp\/v2\/pages\/10","targetHints":{"allow":["GET"]}}],"collection":[{"href":"https:\/\/sey.fi\/oulu\/wp-json\/wp\/v2\/pages"}],"about":[{"href":"https:\/\/sey.fi\/oulu\/wp-json\/wp\/v2\/types\/page"}],"author":[{"embeddable":true,"href":"https:\/\/sey.fi\/oulu\/wp-json\/wp\/v2\/users\/8"}],"replies":[{"embeddable":true,"href":"https:\/\/sey.fi\/oulu\/wp-json\/wp\/v2\/comments?post=10"}],"version-history":[{"count":1,"href":"https:\/\/sey.fi\/oulu\/wp-json\/wp\/v2\/pages\/10\/revisions"}],"predecessor-version":[{"id":11,"href":"https:\/\/sey.fi\/oulu\/wp-json\/wp\/v2\/pages\/10\/revisions\/11"}],"up":[{"embeddable":true,"href":"https:\/\/sey.fi\/oulu\/wp-json\/wp\/v2\/pages\/2"}],"wp:attachment":[{"href":"https:\/\/sey.fi\/oulu\/wp-json\/wp\/v2\/media?parent=10"}],"curies":[{"name":"wp","href":"https:\/\/api.w.org\/{rel}","templated":true}]}}