{"id":135,"date":"2021-03-24T20:22:13","date_gmt":"2021-03-24T18:22:13","guid":{"rendered":"https:\/\/sey.fi\/oulu\/?page_id=135"},"modified":"2026-04-27T21:22:58","modified_gmt":"2026-04-27T18:22:58","slug":"yhdistyksen-saannot","status":"publish","type":"page","link":"https:\/\/sey.fi\/oulu\/oulun-seudun-elainsuojeluyhdistys\/yhteystiedot\/yhdistyksen-saannot\/","title":{"rendered":"Yhdistyksen s\u00e4\u00e4nn\u00f6t"},"content":{"rendered":"\n<p>Uudistetut s\u00e4\u00e4nn\u00f6t on hyv\u00e4ksytty yhdistyksen j\u00e4senkokouksessa 3.4.2022.<\/p>\n\n\n\n<p><\/p>\n\n\n\n<p><strong>OULUN SEUDUN EL\u00c4INSUOJELUYHDISTYS RY<br>S\u00c4\u00c4NN\u00d6T<\/strong><\/p>\n\n\n\n<p><\/p>\n\n\n\n<p>1 \u00a7<\/p>\n\n\n\n<p>Yhdistyksen nimi ja toimipaikka<\/p>\n\n\n\n<p>Yhdistyksen nimi on Oulun Seudun El\u00e4insuojeluyhdistys ry, josta ep\u00e4virallisesti k\u00e4ytet\u00e4\u00e4n lyhennett\u00e4 Oulun esy. Sen kotipaikka on Oulun kaupunki. Yhdistyksen toiminta-alue k\u00e4sitt\u00e4\u00e4 Oulun kaupungin ymp\u00e4rist\u00f6ineen. Yhdistys on SEY Suomen el\u00e4insuojelu ry:n j\u00e4senyhdistys.<\/p>\n\n\n\n<p>2 \u00a7<\/p>\n\n\n\n<p>Tarkoitus ja toiminnan laatu<\/p>\n\n\n\n<p>Yhdistyksen tarkoituksena on edist\u00e4\u00e4 el\u00e4insuojelua ja suojella el\u00e4imi\u00e4 parhaalla mahdollisella tavalla k\u00e4rsimykselt\u00e4, kivulta ja tuskalta sek\u00e4 edist\u00e4\u00e4 el\u00e4inten hyvinvointia ja hyv\u00e4\u00e4 kohtelua.<\/p>\n\n\n\n<p>Tarkoituksensa toteuttamiseksi yhdistys<\/p>\n\n\n\n<p>&#8211; &nbsp;&nbsp;&nbsp;&nbsp;&nbsp;&nbsp;&nbsp;&nbsp;&nbsp;&nbsp;&nbsp;&nbsp;&nbsp;&nbsp;&nbsp;&nbsp;&nbsp;&nbsp;&nbsp;&nbsp;&nbsp;&nbsp;&nbsp;&nbsp; pyrkii vaikuttamaan el\u00e4insuojelulains\u00e4\u00e4d\u00e4nt\u00f6\u00f6n sek\u00e4 viranomaisten p\u00e4\u00e4t\u00f6ksiin ja toimintaan antamalla lausuntoja, ehdotuksia ja kannanottoja, jotka edist\u00e4v\u00e4t el\u00e4inten hyv\u00e4\u00e4 kohtelua<\/p>\n\n\n\n<p>&#8211; &nbsp;&nbsp;&nbsp;&nbsp;&nbsp;&nbsp;&nbsp;&nbsp;&nbsp;&nbsp;&nbsp;&nbsp;&nbsp;&nbsp;&nbsp;&nbsp;&nbsp;&nbsp;&nbsp;&nbsp;&nbsp;&nbsp;&nbsp;&nbsp;&nbsp; neuvoo ja opastaa el\u00e4intenomistajia toimimaan tavalla, joka edist\u00e4\u00e4 el\u00e4inten hyvinvointia<\/p>\n\n\n\n<p>&nbsp;&#8211; &nbsp;&nbsp;&nbsp;&nbsp;&nbsp;&nbsp;&nbsp;&nbsp;&nbsp;&nbsp;&nbsp;&nbsp;&nbsp;&nbsp;&nbsp;&nbsp;&nbsp;&nbsp;&nbsp;&nbsp;&nbsp;&nbsp;&nbsp;&nbsp; harjoittaa tarkoitusperiens\u00e4 mukaista nuorisotoimintaa<\/p>\n\n\n\n<p>&#8211; &nbsp;&nbsp;&nbsp;&nbsp;&nbsp;&nbsp;&nbsp;&nbsp;&nbsp;&nbsp;&nbsp;&nbsp;&nbsp;&nbsp;&nbsp;&nbsp;&nbsp;&nbsp;&nbsp;&nbsp;&nbsp;&nbsp;&nbsp;&nbsp;&nbsp; harjoittaa julkaisu-, valistus- ja koulutustoimintaa<\/p>\n\n\n\n<p>&nbsp;&#8211; &nbsp;&nbsp;&nbsp;&nbsp;&nbsp;&nbsp;&nbsp;&nbsp;&nbsp;&nbsp;&nbsp;&nbsp;&nbsp;&nbsp;&nbsp;&nbsp;&nbsp;&nbsp;&nbsp;&nbsp;&nbsp;&nbsp;&nbsp;&nbsp; j\u00e4rjest\u00e4\u00e4 esitelm\u00e4tilaisuuksia, kokouksia, leirej\u00e4, kursseja ja muita samantapaisia tilaisuuksia<\/p>\n\n\n\n<p>&#8211; &nbsp;&nbsp;&nbsp;&nbsp;&nbsp;&nbsp;&nbsp;&nbsp;&nbsp;&nbsp;&nbsp;&nbsp;&nbsp;&nbsp;&nbsp;&nbsp;&nbsp;&nbsp;&nbsp;&nbsp;&nbsp;&nbsp;&nbsp;&nbsp;&nbsp; ottaa palvelukseensa puhujia, neuvojia, valvojia ja palkattuja ty\u00f6ntekij\u00f6it\u00e4<\/p>\n\n\n\n<p>&#8211; &nbsp;&nbsp;&nbsp;&nbsp;&nbsp;&nbsp;&nbsp;&nbsp;&nbsp;&nbsp;&nbsp;&nbsp;&nbsp;&nbsp;&nbsp;&nbsp;&nbsp;&nbsp;&nbsp;&nbsp;&nbsp;&nbsp;&nbsp;&nbsp;&nbsp; toimii muillakin vastaavilla tavoilla, jotta el\u00e4inten hyv\u00e4 kohtelu ja tieto el\u00e4imist\u00e4 lis\u00e4\u00e4ntyisiv\u00e4t<\/p>\n\n\n\n<p>&#8211;&nbsp;&nbsp;&nbsp;&nbsp;&nbsp;&nbsp;&nbsp;&nbsp;&nbsp;&nbsp;&nbsp;&nbsp;&nbsp;&nbsp;&nbsp;&nbsp;&nbsp;&nbsp;&nbsp;&nbsp;&nbsp;&nbsp;&nbsp;&nbsp; yll\u00e4pit\u00e4\u00e4 rekister\u00f6im\u00e4tt\u00f6mi\u00e4 alajaostoja, kuten esimerkiksi varainkeruu-, k\u00e4sity\u00f6-, sijaiskoti-,<\/p>\n\n\n\n<p>&nbsp;&nbsp;&nbsp;&nbsp;&nbsp;&nbsp;&nbsp;&nbsp;&nbsp;&nbsp;&nbsp;&nbsp;&nbsp;&nbsp;&nbsp;&nbsp;&nbsp;&nbsp;&nbsp;&nbsp;&nbsp;&nbsp;&nbsp;&nbsp;&nbsp; luonnonvaraisten el\u00e4inten auttamis-, koulutus-, tiedotus- ja tapahtumajaosto<\/p>\n\n\n\n<p>Toimintansa tukemiseksi yhdistys voi<\/p>\n\n\n\n<p>&#8211; &nbsp;&nbsp;&nbsp;&nbsp;&nbsp;&nbsp;&nbsp;&nbsp;&nbsp;&nbsp;&nbsp;&nbsp;&nbsp;&nbsp;&nbsp;&nbsp;&nbsp;&nbsp;&nbsp;&nbsp;&nbsp;&nbsp;&nbsp;&nbsp;&nbsp; ottaa vastaan lahjoituksia ja testamentteja sek\u00e4 hankkia ja omistaa toimintaansa varten tarpeellista kiinte\u00e4\u00e4 ja irtainta omaisuutta<\/p>\n\n\n\n<p>&#8211; &nbsp;&nbsp;&nbsp;&nbsp;&nbsp;&nbsp;&nbsp;&nbsp;&nbsp;&nbsp;&nbsp;&nbsp;&nbsp;&nbsp;&nbsp;&nbsp;&nbsp;&nbsp;&nbsp;&nbsp;&nbsp;&nbsp;&nbsp;&nbsp;&nbsp; j\u00e4rjest\u00e4\u00e4 myyj\u00e4isi\u00e4, arpajaisia ja varainker\u00e4yksi\u00e4<\/p>\n\n\n\n<p>&#8211; &nbsp;&nbsp;&nbsp;&nbsp;&nbsp;&nbsp;&nbsp;&nbsp;&nbsp;&nbsp;&nbsp;&nbsp;&nbsp;&nbsp;&nbsp;&nbsp;&nbsp;&nbsp;&nbsp;&nbsp;&nbsp;&nbsp;&nbsp;&nbsp;&nbsp; ostaa ja v\u00e4litt\u00e4\u00e4 j\u00e4senilleen el\u00e4intenhoitoon liittyvi\u00e4 tarvikkeita sek\u00e4 myyd\u00e4 merkkej\u00e4, kortteja ja adresseja sek\u00e4 harjoittaa kioskitoimintaa<\/p>\n\n\n\n<p>Tarvittaessa yhdistys hankkii toimintaansa varten asianmukaisen luvan.<\/p>\n\n\n\n<p>3 \u00a7<\/p>\n\n\n\n<p>J\u00e4senet<\/p>\n\n\n\n<p>Yhdistyksell\u00e4 on varsinaisia j\u00e4seni\u00e4 sek\u00e4 nuoriso-, kannatus-, ainais- ja kunniaj\u00e4seni\u00e4 ja kunniapuheenjohtajia.<\/p>\n\n\n\n<p>Yhdistyksen varsinaiseksi ja ainaisj\u00e4seneksi voidaan hyv\u00e4ksy\u00e4 henkil\u00f6, joka hyv\u00e4ksyy yhdistyksen tarkoituksen. Henkil\u00f6, joka ei ole t\u00e4ytt\u00e4nyt viitt\u00e4toista vuotta, hyv\u00e4ksyt\u00e4\u00e4n nuorisoj\u00e4seneksi.<\/p>\n\n\n\n<p>Kannatusj\u00e4seneksi voidaan hyv\u00e4ksy\u00e4 yksityinen henkil\u00f6 tai oikeustoimikelpoinen yhteis\u00f6, joka haluaa tukea yhdistyksen tarkoitusta ja toimintaa.<\/p>\n\n\n\n<p>Varsinaiset j\u00e4senet sek\u00e4 ainais-, nuoriso- ja kannatusj\u00e4senet hyv\u00e4ksyy hakemuksesta yhdistyksen hallitus.<\/p>\n\n\n\n<p>Kunniapuheenjohtajaksi tai kunniaj\u00e4seneksi voidaan hallituksen esityksest\u00e4 yhdistyksen kokouksessa kutsua henkil\u00f6, joka on huomattavasti edist\u00e4nyt ja tukenut yhdistyksen toimintaa.<\/p>\n\n\n\n<p>4 \u00a7<\/p>\n\n\n\n<p>J\u00e4senen eroaminen ja erottaminen<\/p>\n\n\n\n<p>J\u00e4senell\u00e4 on oikeus erota yhdistyksest\u00e4 ilmoittamalla siit\u00e4 kirjallisesti hallitukselle tai sen puheenjohtajalle taikka ilmoittamalla erosta yhdistyksen kokouksessa merkitt\u00e4v\u00e4ksi p\u00f6yt\u00e4kirjaan.<\/p>\n\n\n\n<p>Hallitus voi erottaa j\u00e4senen yhdistyksest\u00e4, jos j\u00e4sen on j\u00e4tt\u00e4nyt er\u00e4\u00e4ntyneen j\u00e4senmaksunsa maksamatta tai muuten j\u00e4tt\u00e4nyt t\u00e4ytt\u00e4m\u00e4tt\u00e4 ne velvoitteet, joihin h\u00e4n on yhdistykseen liittym\u00e4ll\u00e4 sitoutunut tai on menettelyll\u00e4\u00e4n yhdistyksess\u00e4 tai sen ulkopuolella vahingoittanut yhdistyst\u00e4 tai ei en\u00e4\u00e4 t\u00e4yt\u00e4 laissa taikka yhdistyksen s\u00e4\u00e4nn\u00f6iss\u00e4 mainittuja j\u00e4senyyden ehtoja.<\/p>\n\n\n\n<p>5 \u00a7<\/p>\n\n\n\n<p>J\u00e4senrekisterin pit\u00e4minen<\/p>\n\n\n\n<p>Yhdistyksen hallituksen teht\u00e4v\u00e4n\u00e4 on pit\u00e4\u00e4 j\u00e4senrekisteri\u00e4. Yhdistyksen kokous voi p\u00e4\u00e4tt\u00e4\u00e4, ett\u00e4 yhdistyksen j\u00e4senrekisterin pit\u00e4minen annetaan SEY Suomen el\u00e4insuojelu ry:n teht\u00e4v\u00e4ksi.<\/p>\n\n\n\n<p>6 \u00a7<\/p>\n\n\n\n<p>Liittymis- ja j\u00e4senmaksu<\/p>\n\n\n\n<p>Varsinaisilta j\u00e4senilt\u00e4 sek\u00e4 nuoriso- ja kannatusj\u00e4senilt\u00e4 peritt\u00e4v\u00e4n liittymismaksun ja vuotuisen j\u00e4senmaksun suuruudesta erikseen kullekin j\u00e4senryhm\u00e4lle p\u00e4\u00e4tt\u00e4\u00e4 vuosikokous. Ainaisj\u00e4senilt\u00e4 peritt\u00e4v\u00e4n liittymismaksun ja kertasuoritteisenainaisj\u00e4senmaksun suuruuden vahvistaa vuosikokous. Ainaisj\u00e4sen on t\u00e4m\u00e4n j\u00e4lkeen vapaa j\u00e4senmaksuvelvollisuudesta.<\/p>\n\n\n\n<p>Kunniapuheenjohtajat ja kunniaj\u00e4senet eiv\u00e4t suorita j\u00e4senmaksuja.<\/p>\n\n\n\n<p>7 \u00a7<\/p>\n\n\n\n<p>Hallitus<\/p>\n\n\n\n<p>Yhdistyksen asioita hoitaa hallitus, joka valitaan yhdistyksen vuosikokouksessa. Hallitukseen kuuluu seitsem\u00e4n (7) varsinaista j\u00e4sent\u00e4 sek\u00e4 kolmesta-kuuteen (3-6) varaj\u00e4sent\u00e4. Puheenjohtajan ja varaj\u00e4senten toimikausi on vuosikokousten v\u00e4linen aika. Hallituksen varsinaisten j\u00e4senten toimikausi on kaksi kalenterivuotta siten, ett\u00e4 vuosittain kolme j\u00e4senist\u00e4 on erovuorossa. Ensimm\u00e4isell\u00e4 kerralla erovuoroiset arvotaan. Erovuorossa olleet j\u00e4senet voidaan valita uudelleen.<\/p>\n\n\n\n<p>Varaj\u00e4senet eiv\u00e4t ole henkil\u00f6kohtaisia.<\/p>\n\n\n\n<p>Hallituksen kokouksissa varsinaisella j\u00e4senell\u00e4 on l\u00e4sn\u00e4olo-, puhe- ja \u00e4\u00e4nioikeus.<\/p>\n\n\n\n<p>Varaj\u00e4senell\u00e4 on l\u00e4sn\u00e4olo- ja puheoikeus sek\u00e4 \u00e4\u00e4nioikeus silloin kun h\u00e4n arvottuna sijaistaa varsinaista j\u00e4sent\u00e4 kyseisess\u00e4 kokouksessa.<\/p>\n\n\n\n<p>Jos hallituksen varsinainen j\u00e4sen kuolee tai eroaa kesken toimikautensa, hallitus valitsee \u00e4\u00e4nest\u00e4m\u00e4ll\u00e4 h\u00e4nen tilalleen toisen henkil\u00f6n varaj\u00e4senist\u00e4 j\u00e4ljell\u00e4 olevaksi toimikaudeksi. Hallitus valitsee j\u00e4rjest\u00e4ytymiskokouksessa keskuudestaan puheenjohtajan, varapuheenjohtajan sek\u00e4 ottaa keskuudestaan tai ulkopuoleltaan sihteerin, rahastonhoitajan ja muut tarvittavat toimihenkil\u00f6t.<\/p>\n\n\n\n<p>Hallitus kokoontuu puheenjohtajan tai h\u00e4nen estyneen\u00e4 ollessaan varapuheenjohtajan kutsusta, kun he katsovat siihen olevan aihetta tai kun v\u00e4hint\u00e4\u00e4n puolet hallituksen j\u00e4senist\u00e4 sit\u00e4 vaatii.<\/p>\n\n\n\n<p>Hallitus on p\u00e4\u00e4t\u00f6svaltainen, kun puolet hallituksen j\u00e4senist\u00e4 ja lis\u00e4ksi puheenjohtaja tai varapuheenjohtaja ovat l\u00e4sn\u00e4. \u00c4\u00e4nestykset ratkaistaan ehdottomalla enemmist\u00f6ll\u00e4. \u00c4\u00e4nten menness\u00e4 tasan ratkaisee puheenjohtajan \u00e4\u00e4ni, vaaleissa kuitenkin arpa.<\/p>\n\n\n\n<p>Puheenjohtajan, varapuheenjohtajan ja hallituksen j\u00e4senten tulee olla sek\u00e4 SEY:n (SEY Suomen el\u00e4insuojelu ry) ett\u00e4 Oulun esyn (Oulun Seudun El\u00e4insuojeluyhdistys ry) j\u00e4seni\u00e4. <\/p>\n\n\n\n<p>Hallituksen kokoukset j\u00e4rjestet\u00e4\u00e4n niin, ett\u00e4 hallituksen j\u00e4senet voivat valintansa mukaan osallistua kokouksiin joko paikan p\u00e4\u00e4ll\u00e4 fyysisesti l\u00e4sn\u00e4olevina tai et\u00e4yhteydell\u00e4. Tilanteen niin vaatiessa ja edellytt\u00e4en, ett\u00e4 j\u00e4rjestely sopii kaikille hallituksen j\u00e4senille, hallituksen kokoukset voidaan j\u00e4rjest\u00e4\u00e4 my\u00f6s pelk\u00e4st\u00e4\u00e4n et\u00e4yhteydell\u00e4. Et\u00e4yhteyksien toteuttamisessa voidaan hy\u00f6dynt\u00e4\u00e4 sosiaalisen median kanavia, s\u00e4hk\u00f6postia, puhelinta tai muita k\u00e4ytt\u00f6kelpoisia sovelluksia ja v\u00e4lineit\u00e4.<\/p>\n\n\n\n<p>8 \u00a7<\/p>\n\n\n\n<p>Yhdistyksen nimen kirjoittaminen<\/p>\n\n\n\n<p>Yhdistyksen nimen kirjoittaa hallituksen puheenjohtaja, sihteeri tai rahastonhoitaja, kaksi yhdess\u00e4.<\/p>\n\n\n\n<p>9 \u00a7<\/p>\n\n\n\n<p>Tilikausi ja tilintarkastus<\/p>\n\n\n\n<p>Yhdistyksen tilikausi on kalenterivuosi.<\/p>\n\n\n\n<p>Tilinp\u00e4\u00e4t\u00f6s tarvittavine asiakirjoineen ja hallituksen vuosikertomus on annettava tilintarkastajille viimeist\u00e4\u00e4n kolme viikkoa ennen vuosikokousta. Tilintarkastajien tulee antaa kirjallinen lausuntonsa viimeist\u00e4\u00e4n kaksi viikkoa ennen vuosikokousta hallitukselle.<\/p>\n\n\n\n<p>10 \u00a7<\/p>\n\n\n\n<p>Yhdistyksen kokoukset<\/p>\n\n\n\n<p>Yhdistyksen vuosikokous pidet\u00e4\u00e4n vuosittain hallituksen m\u00e4\u00e4r\u00e4\u00e4m\u00e4n\u00e4 p\u00e4iv\u00e4n\u00e4 tammi-toukokuussa.<\/p>\n\n\n\n<p>Ylim\u00e4\u00e4r\u00e4inen kokous pidet\u00e4\u00e4n, kun yhdistyksen kokous niin p\u00e4\u00e4tt\u00e4\u00e4 tai kun hallitus katsoo siihen olevan aihetta tai kun v\u00e4hint\u00e4\u00e4n kymmenesosa (1\/10) yhdistyksen \u00e4\u00e4nioikeutetuista j\u00e4senist\u00e4 sit\u00e4 hallitukselta erityisesti ilmoitettua asiaa varten kirjallisesti vaatii. Kokous on pidett\u00e4v\u00e4 kolmenkymmenen (30) vuorokauden kuluessa siit\u00e4, kun vaatimus sen pit\u00e4misest\u00e4 on esitetty hallitukselle.<\/p>\n\n\n\n<p>Yhdistyksen kokouksissa on jokaisella varsinaisella j\u00e4senell\u00e4, ainaisj\u00e4senell\u00e4, kunniapuheenjohtajalla ja kunniaj\u00e4senell\u00e4 yksi \u00e4\u00e4ni. Kannatus- ja nuorisoj\u00e4senell\u00e4 on kokouksessa vain l\u00e4sn\u00e4olo- ja puheoikeus.<\/p>\n\n\n\n<p>Yhdistyksen kokouksen p\u00e4\u00e4t\u00f6kseksi tulee, ellei s\u00e4\u00e4nn\u00f6iss\u00e4 ole toisin m\u00e4\u00e4r\u00e4tty, se mielipide, jota on kannattanut yli puolet annetuista \u00e4\u00e4nist\u00e4. \u00c4\u00e4nten menness\u00e4 tasan ratkaisee kokouksen puheenjohtajan \u00e4\u00e4ni, vaaleissa kuitenkin arpa.<\/p>\n\n\n\n<p>Yhdistyksen kokoukset j\u00e4rjestet\u00e4\u00e4n niin, ett\u00e4 yhdistyksen j\u00e4senet voivat valintansa mukaan osallistua kokouksiin joko paikan p\u00e4\u00e4ll\u00e4 fyysisesti l\u00e4sn\u00e4olevina tai et\u00e4yhteydell\u00e4. Et\u00e4yhteys j\u00e4rjestet\u00e4\u00e4n siihen parhaiten soveltuvan tietoliikenneyhteyden tai muun teknisen apuv\u00e4lineen avulla.<\/p>\n\n\n\n<p>11 \u00a7<\/p>\n\n\n\n<p>Yhdistyksen kokouksen koollekutsuminen<\/p>\n\n\n\n<p>Hallituksen on kutsuttava yhdistyksen kokoukset koolle v\u00e4hint\u00e4\u00e4n seitsem\u00e4n (7) vuorokautta ennen kokousta j\u00e4senille postitetuilla kirjeill\u00e4 siihen osoitteeseen, jonka he ovat yhdistykselle osoitteekseen ilmoittaneet tai yhdistyksen kotipaikkakunnalla ilmestyv\u00e4ss\u00e4 sanomalehdess\u00e4 tai s\u00e4hk\u00f6postitse tai ilmoittamalla kokouksesta yhdistyksen internetkotisivuilla tai sosiaalisessa mediassa.<\/p>\n\n\n\n<p>12 \u00a7<\/p>\n\n\n\n<p>Vuosikokous<\/p>\n\n\n\n<p>Yhdistyksen vuosikokouksessa k\u00e4sitell\u00e4\u00e4n seuraavat asiat:<br>1 Kokouksen avaus<br>2 Valitaan kokouksen puheenjohtaja, sihteeri, kaksi p\u00f6yt\u00e4kirjantarkastajaa ja tarvittaessa<br>kaksi \u00e4\u00e4ntenlaskijaa<br>3 Todetaan kokouksen laillisuus ja p\u00e4\u00e4t\u00f6svaltaisuus<br>4 Hyv\u00e4ksyt\u00e4\u00e4n kokouksen esityslista<br>5 Esitet\u00e4\u00e4n tilinp\u00e4\u00e4t\u00f6s, vuosikertomus ja tilintarkastajien lausunto<br>6 P\u00e4\u00e4tet\u00e4\u00e4n tilinp\u00e4\u00e4t\u00f6ksen vahvistamisesta ja vastuuvapauden my\u00f6nt\u00e4misest\u00e4 hallitukselle<br>ja muille vastuuvelvollisille<br>7 Vahvistetaan toimintasuunnitelma, tulo- ja menoarvio sek\u00e4 liittymis- ja j\u00e4senmaksujen sek\u00e4<br>ainaisj\u00e4senmaksujen suuruudet<br>8 P\u00e4\u00e4tet\u00e4\u00e4n j\u00e4senrekisterin pit\u00e4misest\u00e4<br>9 Valitaan hallituksen varsinaiset- ja varaj\u00e4senet<br>10 Valitaan yksi tai kaksi tilintarkastajaa ja heille varatilintarkastajat<br>11 K\u00e4sitell\u00e4\u00e4n muut kokouskutsussa mainitut asiat<\/p>\n\n\n\n<p>13 \u00a7<\/p>\n\n\n\n<p>S\u00e4\u00e4nt\u00f6jen muuttaminen ja yhdistyksen purkaminen<\/p>\n\n\n\n<p>P\u00e4\u00e4t\u00f6s s\u00e4\u00e4nt\u00f6jen muuttamisesta ja yhdistyksen purkamisesta on teht\u00e4v\u00e4 yhdistyksen kokouksessa v\u00e4hint\u00e4\u00e4n kolmen nelj\u00e4sosan (3\/4) enemmist\u00f6ll\u00e4 annetuista \u00e4\u00e4nist\u00e4. Kokouskutsussa on mainittava s\u00e4\u00e4nt\u00f6jen muuttamisesta tai yhdistyksen purkamisesta.<\/p>\n\n\n\n<p>Yhdistyksen purkautuessa k\u00e4ytet\u00e4\u00e4n yhdistyksen varat yhdistyksen tarkoituksen edist\u00e4miseen purkamisesta p\u00e4\u00e4tt\u00e4v\u00e4n kokouksen m\u00e4\u00e4r\u00e4\u00e4m\u00e4ll\u00e4 tavalla. Yhdistyksen tullessa lakkautetuksi k\u00e4ytet\u00e4\u00e4n sen varat samaan tarkoitukseen.<\/p>\n\n\n\n<p>14 \u00a7<\/p>\n\n\n\n<p>Saavutetut j\u00e4senoikeudet s\u00e4ilyv\u00e4t<\/p>\n","protected":false},"excerpt":{"rendered":"<p>Uudistetut s\u00e4\u00e4nn\u00f6t on hyv\u00e4ksytty yhdistyksen j\u00e4senkokouksessa 3.4.2022. OULUN SEUDUN EL\u00c4INSUOJELUYHDISTYS RYS\u00c4\u00c4NN\u00d6T 1 \u00a7 Yhdistyksen nimi ja toimipaikka Yhdistyksen nimi on Oulun Seudun El\u00e4insuojeluyhdistys ry, josta ep\u00e4virallisesti k\u00e4ytet\u00e4\u00e4n lyhennett\u00e4 Oulun esy. Sen kotipaikka on Oulun kaupunki. Yhdistyksen toiminta-alue k\u00e4sitt\u00e4\u00e4 Oulun kaupungin ymp\u00e4rist\u00f6ineen. Yhdistys on SEY Suomen el\u00e4insuojelu ry:n j\u00e4senyhdistys. 2 \u00a7 Tarkoitus ja toiminnan laatu Yhdistyksen [&hellip;]<\/p>\n","protected":false},"author":19,"featured_media":0,"parent":55,"menu_order":0,"comment_status":"closed","ping_status":"closed","template":"","meta":{"_acf_changed":false,"footnotes":""},"class_list":["post-135","page","type-page","status-publish","hentry"],"acf":[],"yoast_head":"<!-- This site is optimized with the Yoast SEO plugin v27.1.1 - https:\/\/yoast.com\/product\/yoast-seo-wordpress\/ -->\n<title>Yhdistyksen s\u00e4\u00e4nn\u00f6t - Oulun seudun el\u00e4insuojeluyhdistys<\/title>\n<meta name=\"robots\" content=\"index, follow, max-snippet:-1, max-image-preview:large, max-video-preview:-1\" \/>\n<link rel=\"canonical\" href=\"https:\/\/sey.fi\/oulu\/oulun-seudun-elainsuojeluyhdistys\/yhteystiedot\/yhdistyksen-saannot\/\" \/>\n<meta property=\"og:locale\" content=\"fi_FI\" \/>\n<meta property=\"og:type\" content=\"article\" \/>\n<meta property=\"og:title\" content=\"Yhdistyksen s\u00e4\u00e4nn\u00f6t - Oulun seudun el\u00e4insuojeluyhdistys\" \/>\n<meta property=\"og:description\" content=\"Uudistetut s\u00e4\u00e4nn\u00f6t on hyv\u00e4ksytty yhdistyksen j\u00e4senkokouksessa 3.4.2022. OULUN SEUDUN EL\u00c4INSUOJELUYHDISTYS RYS\u00c4\u00c4NN\u00d6T 1 \u00a7 Yhdistyksen nimi ja toimipaikka Yhdistyksen nimi on Oulun Seudun El\u00e4insuojeluyhdistys ry, josta ep\u00e4virallisesti k\u00e4ytet\u00e4\u00e4n lyhennett\u00e4 Oulun esy. Sen kotipaikka on Oulun kaupunki. Yhdistyksen toiminta-alue k\u00e4sitt\u00e4\u00e4 Oulun kaupungin ymp\u00e4rist\u00f6ineen. Yhdistys on SEY Suomen el\u00e4insuojelu ry:n j\u00e4senyhdistys. 2 \u00a7 Tarkoitus ja toiminnan laatu Yhdistyksen [&hellip;]\" \/>\n<meta property=\"og:url\" content=\"https:\/\/sey.fi\/oulu\/oulun-seudun-elainsuojeluyhdistys\/yhteystiedot\/yhdistyksen-saannot\/\" \/>\n<meta property=\"og:site_name\" content=\"Oulun seudun el\u00e4insuojeluyhdistys\" \/>\n<meta property=\"article:modified_time\" content=\"2026-04-27T18:22:58+00:00\" \/>\n<meta name=\"twitter:card\" content=\"summary_large_image\" \/>\n<meta name=\"twitter:label1\" content=\"Arvioitu lukuaika\" \/>\n\t<meta name=\"twitter:data1\" content=\"7 minuuttia\" \/>\n<script type=\"application\/ld+json\" class=\"yoast-schema-graph\">{\"@context\":\"https:\/\/schema.org\",\"@graph\":[{\"@type\":\"WebPage\",\"@id\":\"https:\/\/sey.fi\/oulu\/oulun-seudun-elainsuojeluyhdistys\/yhteystiedot\/yhdistyksen-saannot\/\",\"url\":\"https:\/\/sey.fi\/oulu\/oulun-seudun-elainsuojeluyhdistys\/yhteystiedot\/yhdistyksen-saannot\/\",\"name\":\"Yhdistyksen s\u00e4\u00e4nn\u00f6t - Oulun seudun el\u00e4insuojeluyhdistys\",\"isPartOf\":{\"@id\":\"https:\/\/sey.fi\/oulu\/#website\"},\"datePublished\":\"2021-03-24T18:22:13+00:00\",\"dateModified\":\"2026-04-27T18:22:58+00:00\",\"breadcrumb\":{\"@id\":\"https:\/\/sey.fi\/oulu\/oulun-seudun-elainsuojeluyhdistys\/yhteystiedot\/yhdistyksen-saannot\/#breadcrumb\"},\"inLanguage\":\"fi\",\"potentialAction\":[{\"@type\":\"ReadAction\",\"target\":[\"https:\/\/sey.fi\/oulu\/oulun-seudun-elainsuojeluyhdistys\/yhteystiedot\/yhdistyksen-saannot\/\"]}]},{\"@type\":\"BreadcrumbList\",\"@id\":\"https:\/\/sey.fi\/oulu\/oulun-seudun-elainsuojeluyhdistys\/yhteystiedot\/yhdistyksen-saannot\/#breadcrumb\",\"itemListElement\":[{\"@type\":\"ListItem\",\"position\":1,\"name\":\"Home\",\"item\":\"https:\/\/sey.fi\/oulu\/\"},{\"@type\":\"ListItem\",\"position\":2,\"name\":\"Oulun seudun el\u00e4insuojeluyhdistys\",\"item\":\"https:\/\/sey.fi\/oulu\/\"},{\"@type\":\"ListItem\",\"position\":3,\"name\":\"Yhteystiedot\",\"item\":\"https:\/\/sey.fi\/oulu\/oulun-seudun-elainsuojeluyhdistys\/yhteystiedot\/\"},{\"@type\":\"ListItem\",\"position\":4,\"name\":\"Yhdistyksen s\u00e4\u00e4nn\u00f6t\"}]},{\"@type\":\"WebSite\",\"@id\":\"https:\/\/sey.fi\/oulu\/#website\",\"url\":\"https:\/\/sey.fi\/oulu\/\",\"name\":\"Oulun seudun el\u00e4insuojeluyhdistys\",\"description\":\"Uusi SEY J\u00e4senyhdistykset -sivusto\",\"potentialAction\":[{\"@type\":\"SearchAction\",\"target\":{\"@type\":\"EntryPoint\",\"urlTemplate\":\"https:\/\/sey.fi\/oulu\/?s={search_term_string}\"},\"query-input\":{\"@type\":\"PropertyValueSpecification\",\"valueRequired\":true,\"valueName\":\"search_term_string\"}}],\"inLanguage\":\"fi\"}]}<\/script>\n<!-- \/ Yoast SEO plugin. -->","yoast_head_json":{"title":"Yhdistyksen s\u00e4\u00e4nn\u00f6t - Oulun seudun el\u00e4insuojeluyhdistys","robots":{"index":"index","follow":"follow","max-snippet":"max-snippet:-1","max-image-preview":"max-image-preview:large","max-video-preview":"max-video-preview:-1"},"canonical":"https:\/\/sey.fi\/oulu\/oulun-seudun-elainsuojeluyhdistys\/yhteystiedot\/yhdistyksen-saannot\/","og_locale":"fi_FI","og_type":"article","og_title":"Yhdistyksen s\u00e4\u00e4nn\u00f6t - Oulun seudun el\u00e4insuojeluyhdistys","og_description":"Uudistetut s\u00e4\u00e4nn\u00f6t on hyv\u00e4ksytty yhdistyksen j\u00e4senkokouksessa 3.4.2022. OULUN SEUDUN EL\u00c4INSUOJELUYHDISTYS RYS\u00c4\u00c4NN\u00d6T 1 \u00a7 Yhdistyksen nimi ja toimipaikka Yhdistyksen nimi on Oulun Seudun El\u00e4insuojeluyhdistys ry, josta ep\u00e4virallisesti k\u00e4ytet\u00e4\u00e4n lyhennett\u00e4 Oulun esy. Sen kotipaikka on Oulun kaupunki. Yhdistyksen toiminta-alue k\u00e4sitt\u00e4\u00e4 Oulun kaupungin ymp\u00e4rist\u00f6ineen. Yhdistys on SEY Suomen el\u00e4insuojelu ry:n j\u00e4senyhdistys. 2 \u00a7 Tarkoitus ja toiminnan laatu Yhdistyksen [&hellip;]","og_url":"https:\/\/sey.fi\/oulu\/oulun-seudun-elainsuojeluyhdistys\/yhteystiedot\/yhdistyksen-saannot\/","og_site_name":"Oulun seudun el\u00e4insuojeluyhdistys","article_modified_time":"2026-04-27T18:22:58+00:00","twitter_card":"summary_large_image","twitter_misc":{"Arvioitu lukuaika":"7 minuuttia"},"schema":{"@context":"https:\/\/schema.org","@graph":[{"@type":"WebPage","@id":"https:\/\/sey.fi\/oulu\/oulun-seudun-elainsuojeluyhdistys\/yhteystiedot\/yhdistyksen-saannot\/","url":"https:\/\/sey.fi\/oulu\/oulun-seudun-elainsuojeluyhdistys\/yhteystiedot\/yhdistyksen-saannot\/","name":"Yhdistyksen s\u00e4\u00e4nn\u00f6t - Oulun seudun el\u00e4insuojeluyhdistys","isPartOf":{"@id":"https:\/\/sey.fi\/oulu\/#website"},"datePublished":"2021-03-24T18:22:13+00:00","dateModified":"2026-04-27T18:22:58+00:00","breadcrumb":{"@id":"https:\/\/sey.fi\/oulu\/oulun-seudun-elainsuojeluyhdistys\/yhteystiedot\/yhdistyksen-saannot\/#breadcrumb"},"inLanguage":"fi","potentialAction":[{"@type":"ReadAction","target":["https:\/\/sey.fi\/oulu\/oulun-seudun-elainsuojeluyhdistys\/yhteystiedot\/yhdistyksen-saannot\/"]}]},{"@type":"BreadcrumbList","@id":"https:\/\/sey.fi\/oulu\/oulun-seudun-elainsuojeluyhdistys\/yhteystiedot\/yhdistyksen-saannot\/#breadcrumb","itemListElement":[{"@type":"ListItem","position":1,"name":"Home","item":"https:\/\/sey.fi\/oulu\/"},{"@type":"ListItem","position":2,"name":"Oulun seudun el\u00e4insuojeluyhdistys","item":"https:\/\/sey.fi\/oulu\/"},{"@type":"ListItem","position":3,"name":"Yhteystiedot","item":"https:\/\/sey.fi\/oulu\/oulun-seudun-elainsuojeluyhdistys\/yhteystiedot\/"},{"@type":"ListItem","position":4,"name":"Yhdistyksen s\u00e4\u00e4nn\u00f6t"}]},{"@type":"WebSite","@id":"https:\/\/sey.fi\/oulu\/#website","url":"https:\/\/sey.fi\/oulu\/","name":"Oulun seudun el\u00e4insuojeluyhdistys","description":"Uusi SEY J\u00e4senyhdistykset -sivusto","potentialAction":[{"@type":"SearchAction","target":{"@type":"EntryPoint","urlTemplate":"https:\/\/sey.fi\/oulu\/?s={search_term_string}"},"query-input":{"@type":"PropertyValueSpecification","valueRequired":true,"valueName":"search_term_string"}}],"inLanguage":"fi"}]}},"_links":{"self":[{"href":"https:\/\/sey.fi\/oulu\/wp-json\/wp\/v2\/pages\/135","targetHints":{"allow":["GET"]}}],"collection":[{"href":"https:\/\/sey.fi\/oulu\/wp-json\/wp\/v2\/pages"}],"about":[{"href":"https:\/\/sey.fi\/oulu\/wp-json\/wp\/v2\/types\/page"}],"author":[{"embeddable":true,"href":"https:\/\/sey.fi\/oulu\/wp-json\/wp\/v2\/users\/19"}],"replies":[{"embeddable":true,"href":"https:\/\/sey.fi\/oulu\/wp-json\/wp\/v2\/comments?post=135"}],"version-history":[{"count":6,"href":"https:\/\/sey.fi\/oulu\/wp-json\/wp\/v2\/pages\/135\/revisions"}],"predecessor-version":[{"id":383,"href":"https:\/\/sey.fi\/oulu\/wp-json\/wp\/v2\/pages\/135\/revisions\/383"}],"up":[{"embeddable":true,"href":"https:\/\/sey.fi\/oulu\/wp-json\/wp\/v2\/pages\/55"}],"wp:attachment":[{"href":"https:\/\/sey.fi\/oulu\/wp-json\/wp\/v2\/media?parent=135"}],"curies":[{"name":"wp","href":"https:\/\/api.w.org\/{rel}","templated":true}]}}