{"id":14,"date":"2019-11-04T13:52:52","date_gmt":"2019-11-04T11:52:52","guid":{"rendered":"http:\/\/srvr10.xetpoint.com\/~seyfi\/oulu\/?page_id=14"},"modified":"2023-05-07T19:25:06","modified_gmt":"2023-05-07T16:25:06","slug":"toimintamme","status":"publish","type":"page","link":"https:\/\/sey.fi\/oulu\/oulun-seudun-elainsuojeluyhdistys\/toimintamme\/","title":{"rendered":"Toimintamme"},"content":{"rendered":"\n<h3 class=\"wp-block-heading\">Oulun El\u00e4insuojeluyhdistys toimii el\u00e4inten hyv\u00e4ksi<\/h3>\n\n\n\n<p>Yhdistyksemme toimii el\u00e4inten hyv\u00e4ksi monella saralla. Yhdistyksen py\u00f6ritt\u00e4m\u00e4 sijaiskotitoiminta auttaa huostaanotettuja tai muista sosiaalisista syist\u00e4 kodittomiksi j\u00e4\u00e4neit\u00e4 el\u00e4imi\u00e4. T\u00e4rkeimpi\u00e4 el\u00e4insuojeluty\u00f6n muotojamme on vapaaehtoinen el\u00e4insuojeluneuvonta.\u00a0<\/p>\n\n\n\n<p>El\u00e4insuojeluty\u00f6 ja el\u00e4insuojeluty\u00f6n yll\u00e4pit\u00e4minen vaativat my\u00f6s paljon muuta ty\u00f6t\u00e4 kuin vain k\u00e4yt\u00e4nn\u00f6n ty\u00f6n el\u00e4inten parissa. Oulun seudun el\u00e4insuojeluyhdistys on melko suuri, t\u00e4ysin vapaaehtoisvoimin toimiva yhdistys, joten erilaiset paperity\u00f6t, toimiston yll\u00e4pit\u00e4minen, tiedottaminen, raha-asioiden hoitaminen ja asioista p\u00e4\u00e4tt\u00e4minen vaativat paljon ty\u00f6tunteja. El\u00e4insuojeluty\u00f6t\u00e4 voi tehd\u00e4 monella tavalla!<\/p>\n","protected":false},"excerpt":{"rendered":"<p>Oulun El\u00e4insuojeluyhdistys toimii el\u00e4inten hyv\u00e4ksi Yhdistyksemme toimii el\u00e4inten hyv\u00e4ksi monella saralla. Yhdistyksen py\u00f6ritt\u00e4m\u00e4 sijaiskotitoiminta auttaa huostaanotettuja tai muista sosiaalisista syist\u00e4 kodittomiksi j\u00e4\u00e4neit\u00e4 el\u00e4imi\u00e4. T\u00e4rkeimpi\u00e4 el\u00e4insuojeluty\u00f6n muotojamme on vapaaehtoinen el\u00e4insuojeluneuvonta.\u00a0 El\u00e4insuojeluty\u00f6 ja el\u00e4insuojeluty\u00f6n yll\u00e4pit\u00e4minen vaativat my\u00f6s paljon muuta ty\u00f6t\u00e4 kuin vain k\u00e4yt\u00e4nn\u00f6n ty\u00f6n el\u00e4inten parissa. Oulun seudun el\u00e4insuojeluyhdistys on melko suuri, t\u00e4ysin vapaaehtoisvoimin toimiva yhdistys, joten [&hellip;]<\/p>\n","protected":false},"author":8,"featured_media":0,"parent":2,"menu_order":0,"comment_status":"closed","ping_status":"closed","template":"","meta":{"_acf_changed":false,"footnotes":""},"class_list":["post-14","page","type-page","status-publish","hentry"],"acf":[],"yoast_head":"<!-- This site is optimized with the Yoast SEO plugin v27.1.1 - https:\/\/yoast.com\/product\/yoast-seo-wordpress\/ -->\n<title>Toimintamme - Oulun seudun el\u00e4insuojeluyhdistys<\/title>\n<meta name=\"robots\" content=\"index, follow, max-snippet:-1, max-image-preview:large, max-video-preview:-1\" \/>\n<link rel=\"canonical\" href=\"https:\/\/sey.fi\/oulu\/oulun-seudun-elainsuojeluyhdistys\/toimintamme\/\" \/>\n<meta property=\"og:locale\" content=\"fi_FI\" \/>\n<meta property=\"og:type\" content=\"article\" \/>\n<meta property=\"og:title\" content=\"Toimintamme - Oulun seudun el\u00e4insuojeluyhdistys\" \/>\n<meta property=\"og:description\" content=\"Oulun El\u00e4insuojeluyhdistys toimii el\u00e4inten hyv\u00e4ksi Yhdistyksemme toimii el\u00e4inten hyv\u00e4ksi monella saralla. Yhdistyksen py\u00f6ritt\u00e4m\u00e4 sijaiskotitoiminta auttaa huostaanotettuja tai muista sosiaalisista syist\u00e4 kodittomiksi j\u00e4\u00e4neit\u00e4 el\u00e4imi\u00e4. T\u00e4rkeimpi\u00e4 el\u00e4insuojeluty\u00f6n muotojamme on vapaaehtoinen el\u00e4insuojeluneuvonta.\u00a0 El\u00e4insuojeluty\u00f6 ja el\u00e4insuojeluty\u00f6n yll\u00e4pit\u00e4minen vaativat my\u00f6s paljon muuta ty\u00f6t\u00e4 kuin vain k\u00e4yt\u00e4nn\u00f6n ty\u00f6n el\u00e4inten parissa. Oulun seudun el\u00e4insuojeluyhdistys on melko suuri, t\u00e4ysin vapaaehtoisvoimin toimiva yhdistys, joten [&hellip;]\" \/>\n<meta property=\"og:url\" content=\"https:\/\/sey.fi\/oulu\/oulun-seudun-elainsuojeluyhdistys\/toimintamme\/\" \/>\n<meta property=\"og:site_name\" content=\"Oulun seudun el\u00e4insuojeluyhdistys\" \/>\n<meta property=\"article:modified_time\" content=\"2023-05-07T16:25:06+00:00\" \/>\n<meta name=\"twitter:card\" content=\"summary_large_image\" \/>\n<meta name=\"twitter:label1\" content=\"Arvioitu lukuaika\" \/>\n\t<meta name=\"twitter:data1\" content=\"1 minuutti\" \/>\n<script type=\"application\/ld+json\" class=\"yoast-schema-graph\">{\"@context\":\"https:\/\/schema.org\",\"@graph\":[{\"@type\":\"WebPage\",\"@id\":\"https:\/\/sey.fi\/oulu\/oulun-seudun-elainsuojeluyhdistys\/toimintamme\/\",\"url\":\"https:\/\/sey.fi\/oulu\/oulun-seudun-elainsuojeluyhdistys\/toimintamme\/\",\"name\":\"Toimintamme - Oulun seudun el\u00e4insuojeluyhdistys\",\"isPartOf\":{\"@id\":\"https:\/\/sey.fi\/oulu\/#website\"},\"datePublished\":\"2019-11-04T11:52:52+00:00\",\"dateModified\":\"2023-05-07T16:25:06+00:00\",\"breadcrumb\":{\"@id\":\"https:\/\/sey.fi\/oulu\/oulun-seudun-elainsuojeluyhdistys\/toimintamme\/#breadcrumb\"},\"inLanguage\":\"fi\",\"potentialAction\":[{\"@type\":\"ReadAction\",\"target\":[\"https:\/\/sey.fi\/oulu\/oulun-seudun-elainsuojeluyhdistys\/toimintamme\/\"]}]},{\"@type\":\"BreadcrumbList\",\"@id\":\"https:\/\/sey.fi\/oulu\/oulun-seudun-elainsuojeluyhdistys\/toimintamme\/#breadcrumb\",\"itemListElement\":[{\"@type\":\"ListItem\",\"position\":1,\"name\":\"Home\",\"item\":\"https:\/\/sey.fi\/oulu\/\"},{\"@type\":\"ListItem\",\"position\":2,\"name\":\"Oulun seudun el\u00e4insuojeluyhdistys\",\"item\":\"https:\/\/sey.fi\/oulu\/\"},{\"@type\":\"ListItem\",\"position\":3,\"name\":\"Toimintamme\"}]},{\"@type\":\"WebSite\",\"@id\":\"https:\/\/sey.fi\/oulu\/#website\",\"url\":\"https:\/\/sey.fi\/oulu\/\",\"name\":\"Oulun seudun el\u00e4insuojeluyhdistys\",\"description\":\"Uusi SEY J\u00e4senyhdistykset -sivusto\",\"potentialAction\":[{\"@type\":\"SearchAction\",\"target\":{\"@type\":\"EntryPoint\",\"urlTemplate\":\"https:\/\/sey.fi\/oulu\/?s={search_term_string}\"},\"query-input\":{\"@type\":\"PropertyValueSpecification\",\"valueRequired\":true,\"valueName\":\"search_term_string\"}}],\"inLanguage\":\"fi\"}]}<\/script>\n<!-- \/ Yoast SEO plugin. -->","yoast_head_json":{"title":"Toimintamme - Oulun seudun el\u00e4insuojeluyhdistys","robots":{"index":"index","follow":"follow","max-snippet":"max-snippet:-1","max-image-preview":"max-image-preview:large","max-video-preview":"max-video-preview:-1"},"canonical":"https:\/\/sey.fi\/oulu\/oulun-seudun-elainsuojeluyhdistys\/toimintamme\/","og_locale":"fi_FI","og_type":"article","og_title":"Toimintamme - Oulun seudun el\u00e4insuojeluyhdistys","og_description":"Oulun El\u00e4insuojeluyhdistys toimii el\u00e4inten hyv\u00e4ksi Yhdistyksemme toimii el\u00e4inten hyv\u00e4ksi monella saralla. Yhdistyksen py\u00f6ritt\u00e4m\u00e4 sijaiskotitoiminta auttaa huostaanotettuja tai muista sosiaalisista syist\u00e4 kodittomiksi j\u00e4\u00e4neit\u00e4 el\u00e4imi\u00e4. T\u00e4rkeimpi\u00e4 el\u00e4insuojeluty\u00f6n muotojamme on vapaaehtoinen el\u00e4insuojeluneuvonta.\u00a0 El\u00e4insuojeluty\u00f6 ja el\u00e4insuojeluty\u00f6n yll\u00e4pit\u00e4minen vaativat my\u00f6s paljon muuta ty\u00f6t\u00e4 kuin vain k\u00e4yt\u00e4nn\u00f6n ty\u00f6n el\u00e4inten parissa. Oulun seudun el\u00e4insuojeluyhdistys on melko suuri, t\u00e4ysin vapaaehtoisvoimin toimiva yhdistys, joten [&hellip;]","og_url":"https:\/\/sey.fi\/oulu\/oulun-seudun-elainsuojeluyhdistys\/toimintamme\/","og_site_name":"Oulun seudun el\u00e4insuojeluyhdistys","article_modified_time":"2023-05-07T16:25:06+00:00","twitter_card":"summary_large_image","twitter_misc":{"Arvioitu lukuaika":"1 minuutti"},"schema":{"@context":"https:\/\/schema.org","@graph":[{"@type":"WebPage","@id":"https:\/\/sey.fi\/oulu\/oulun-seudun-elainsuojeluyhdistys\/toimintamme\/","url":"https:\/\/sey.fi\/oulu\/oulun-seudun-elainsuojeluyhdistys\/toimintamme\/","name":"Toimintamme - Oulun seudun el\u00e4insuojeluyhdistys","isPartOf":{"@id":"https:\/\/sey.fi\/oulu\/#website"},"datePublished":"2019-11-04T11:52:52+00:00","dateModified":"2023-05-07T16:25:06+00:00","breadcrumb":{"@id":"https:\/\/sey.fi\/oulu\/oulun-seudun-elainsuojeluyhdistys\/toimintamme\/#breadcrumb"},"inLanguage":"fi","potentialAction":[{"@type":"ReadAction","target":["https:\/\/sey.fi\/oulu\/oulun-seudun-elainsuojeluyhdistys\/toimintamme\/"]}]},{"@type":"BreadcrumbList","@id":"https:\/\/sey.fi\/oulu\/oulun-seudun-elainsuojeluyhdistys\/toimintamme\/#breadcrumb","itemListElement":[{"@type":"ListItem","position":1,"name":"Home","item":"https:\/\/sey.fi\/oulu\/"},{"@type":"ListItem","position":2,"name":"Oulun seudun el\u00e4insuojeluyhdistys","item":"https:\/\/sey.fi\/oulu\/"},{"@type":"ListItem","position":3,"name":"Toimintamme"}]},{"@type":"WebSite","@id":"https:\/\/sey.fi\/oulu\/#website","url":"https:\/\/sey.fi\/oulu\/","name":"Oulun seudun el\u00e4insuojeluyhdistys","description":"Uusi SEY J\u00e4senyhdistykset -sivusto","potentialAction":[{"@type":"SearchAction","target":{"@type":"EntryPoint","urlTemplate":"https:\/\/sey.fi\/oulu\/?s={search_term_string}"},"query-input":{"@type":"PropertyValueSpecification","valueRequired":true,"valueName":"search_term_string"}}],"inLanguage":"fi"}]}},"_links":{"self":[{"href":"https:\/\/sey.fi\/oulu\/wp-json\/wp\/v2\/pages\/14","targetHints":{"allow":["GET"]}}],"collection":[{"href":"https:\/\/sey.fi\/oulu\/wp-json\/wp\/v2\/pages"}],"about":[{"href":"https:\/\/sey.fi\/oulu\/wp-json\/wp\/v2\/types\/page"}],"author":[{"embeddable":true,"href":"https:\/\/sey.fi\/oulu\/wp-json\/wp\/v2\/users\/8"}],"replies":[{"embeddable":true,"href":"https:\/\/sey.fi\/oulu\/wp-json\/wp\/v2\/comments?post=14"}],"version-history":[{"count":2,"href":"https:\/\/sey.fi\/oulu\/wp-json\/wp\/v2\/pages\/14\/revisions"}],"predecessor-version":[{"id":270,"href":"https:\/\/sey.fi\/oulu\/wp-json\/wp\/v2\/pages\/14\/revisions\/270"}],"up":[{"embeddable":true,"href":"https:\/\/sey.fi\/oulu\/wp-json\/wp\/v2\/pages\/2"}],"wp:attachment":[{"href":"https:\/\/sey.fi\/oulu\/wp-json\/wp\/v2\/media?parent=14"}],"curies":[{"name":"wp","href":"https:\/\/api.w.org\/{rel}","templated":true}]}}