{"id":167,"date":"2021-11-09T19:48:26","date_gmt":"2021-11-09T17:48:26","guid":{"rendered":"https:\/\/sey.fi\/oulu\/?page_id=167"},"modified":"2026-02-12T22:30:20","modified_gmt":"2026-02-12T20:30:20","slug":"aineettomat-lahjat","status":"publish","type":"page","link":"https:\/\/sey.fi\/oulu\/oulun-seudun-elainsuojeluyhdistys\/osallistu\/aineettomat-lahjat\/","title":{"rendered":"Aineettomat lahjat"},"content":{"rendered":"\n<blockquote class=\"wp-block-quote is-layout-flow wp-block-quote-is-layout-flow\">\n<p> Anna aineeton lahja el\u00e4inten hyv\u00e4ksi! Suloisilla korteillamme ilahdutat  lahjan saajaa ja teet samalla lahjoituksen Oulun seudun  el\u00e4insuojeluty\u00f6lle.  <\/p>\n<\/blockquote>\n\n\n\n<p><\/p>\n\n\n\n<p><strong>Toimi n\u00e4in:<\/strong><\/p>\n\n\n\n<p><strong>1.<\/strong> Tee lahjoitus haluamallasi summalla Oulun esyn tilille:<\/p>\n\n\n\n<ul class=\"wp-block-list\">\n<li>Joko suoraan tilille FI29 5742 3120 0363 44 \/ OKOYFIHH. Kirjoita viestikentt\u00e4\u00e4n: Lahjakortti.<\/li>\n\n\n\n<li>tai Mobilepaylla: Mobilepay-lyhytnumero lahjoituksia varten on 81828. Kirjoita lyhytnumero kentt\u00e4\u00e4n &#8221;Etsi nimell\u00e4 tai numerolla&#8221;, sy\u00f6t\u00e4 haluamasi summa ja hyv\u00e4ksy maksu. Viestikentt\u00e4\u00e4n voit kirjoittaa &#8221;Lahjakortti&#8221;.<\/li>\n<\/ul>\n\n\n\n<p><strong>2.<\/strong> Valitse alla olevista korteista mieleinen ja tallenna se tietokoneellesi tai puhelimellesi. Voit joko tulostaa kortin tai l\u00e4hett\u00e4\u00e4 sen lahjan saajalle esim. s\u00e4hk\u00f6postitse tai pikaviestipalvelussa, kuten WhatsAppissa. Kiitos tuestasi!<\/p>\n\n\n\n<hr class=\"wp-block-separator has-css-opacity\" \/>\n\n\n\n<p><\/p>\n\n\n\n<p><strong>Korttivaihtoehdot<\/strong><\/p>\n\n\n\n<p><\/p>\n\n\n\n<div class=\"wp-block-file\"><a id=\"wp-block-file--media-b3e682c1-be31-4a10-b6cf-3a2830f04f5a\" href=\"https:\/\/sey.fi\/wp-content\/uploads\/sites\/21\/2026\/02\/aineeton-lahja-kissanpennut.jpg\">Onnea! (kissanpennut)<\/a><a href=\"https:\/\/sey.fi\/wp-content\/uploads\/sites\/21\/2026\/02\/aineeton-lahja-kissanpennut.jpg\" class=\"wp-block-file__button wp-element-button\" download aria-describedby=\"wp-block-file--media-b3e682c1-be31-4a10-b6cf-3a2830f04f5a\">Lataa<\/a><\/div>\n\n\n\n<div class=\"wp-block-file\"><a id=\"wp-block-file--media-d94f5609-bf42-4777-93d3-c09af7bf88f4\" href=\"https:\/\/sey.fi\/wp-content\/uploads\/sites\/21\/2026\/02\/aineeton-lahja-koira.jpg\">Onnittelut! (koira)<\/a><a href=\"https:\/\/sey.fi\/wp-content\/uploads\/sites\/21\/2026\/02\/aineeton-lahja-koira.jpg\" class=\"wp-block-file__button wp-element-button\" download aria-describedby=\"wp-block-file--media-d94f5609-bf42-4777-93d3-c09af7bf88f4\">Lataa<\/a><\/div>\n\n\n\n<div class=\"wp-block-file\"><a id=\"wp-block-file--media-15ab2bce-b60c-438d-a7c2-6e3d430a157b\" href=\"https:\/\/sey.fi\/wp-content\/uploads\/sites\/21\/2026\/02\/aineeton-lahja-kani.jpg\">Onnittelut! (kani)<\/a><a href=\"https:\/\/sey.fi\/wp-content\/uploads\/sites\/21\/2026\/02\/aineeton-lahja-kani.jpg\" class=\"wp-block-file__button wp-element-button\" download aria-describedby=\"wp-block-file--media-15ab2bce-b60c-438d-a7c2-6e3d430a157b\">Lataa<\/a><\/div>\n\n\n\n<div class=\"wp-block-file\"><a id=\"wp-block-file--media-e3396ad4-2a19-49ec-a795-4780053d3325\" href=\"https:\/\/sey.fi\/wp-content\/uploads\/sites\/21\/2026\/02\/aineeton-lahja-kanarialinnut.jpg\">Onnittelut! (kanarialinnut)<\/a><a href=\"https:\/\/sey.fi\/wp-content\/uploads\/sites\/21\/2026\/02\/aineeton-lahja-kanarialinnut.jpg\" class=\"wp-block-file__button wp-element-button\" download aria-describedby=\"wp-block-file--media-e3396ad4-2a19-49ec-a795-4780053d3325\">Lataa<\/a><\/div>\n\n\n\n<div class=\"wp-block-file\"><a id=\"wp-block-file--media-b9c062f8-06f8-4ff8-b836-bff9f88359dd\" href=\"https:\/\/sey.fi\/wp-content\/uploads\/sites\/21\/2026\/02\/aineeton-lahja-aitienpaiva.jpg\">Hyv\u00e4\u00e4 \u00e4itienp\u00e4iv\u00e4\u00e4!<\/a><a href=\"https:\/\/sey.fi\/wp-content\/uploads\/sites\/21\/2026\/02\/aineeton-lahja-aitienpaiva.jpg\" class=\"wp-block-file__button wp-element-button\" download aria-describedby=\"wp-block-file--media-b9c062f8-06f8-4ff8-b836-bff9f88359dd\">Lataa<\/a><\/div>\n\n\n\n<div class=\"wp-block-file\"><a id=\"wp-block-file--media-af8a5756-6c1b-4d76-959b-0a50060ca121\" href=\"https:\/\/sey.fi\/wp-content\/uploads\/sites\/21\/2026\/02\/aineeton-lahja-isanpaiva.jpg\">Hyv\u00e4\u00e4 is\u00e4np\u00e4iv\u00e4\u00e4!<\/a><a href=\"https:\/\/sey.fi\/wp-content\/uploads\/sites\/21\/2026\/02\/aineeton-lahja-isanpaiva.jpg\" class=\"wp-block-file__button wp-element-button\" download aria-describedby=\"wp-block-file--media-af8a5756-6c1b-4d76-959b-0a50060ca121\">Lataa<\/a><\/div>\n\n\n\n<div class=\"wp-block-file\"><a id=\"wp-block-file--media-5145374f-16c0-4b0e-ab8b-42d0eec5e847\" href=\"https:\/\/sey.fi\/wp-content\/uploads\/sites\/21\/2026\/02\/aineeton-lahja-ystavanpaiva.jpg\">Hyv\u00e4\u00e4 yst\u00e4v\u00e4np\u00e4iv\u00e4\u00e4!<\/a><a href=\"https:\/\/sey.fi\/wp-content\/uploads\/sites\/21\/2026\/02\/aineeton-lahja-ystavanpaiva.jpg\" class=\"wp-block-file__button wp-element-button\" download aria-describedby=\"wp-block-file--media-5145374f-16c0-4b0e-ab8b-42d0eec5e847\">Lataa<\/a><\/div>\n","protected":false},"excerpt":{"rendered":"<p>Anna aineeton lahja el\u00e4inten hyv\u00e4ksi! Suloisilla korteillamme ilahdutat lahjan saajaa ja teet samalla lahjoituksen Oulun seudun el\u00e4insuojeluty\u00f6lle. Toimi n\u00e4in: 1. Tee lahjoitus haluamallasi summalla Oulun esyn tilille: 2. Valitse alla olevista korteista mieleinen ja tallenna se tietokoneellesi tai puhelimellesi. Voit joko tulostaa kortin tai l\u00e4hett\u00e4\u00e4 sen lahjan saajalle esim. s\u00e4hk\u00f6postitse tai pikaviestipalvelussa, kuten WhatsAppissa. Kiitos [&hellip;]<\/p>\n","protected":false},"author":19,"featured_media":0,"parent":45,"menu_order":0,"comment_status":"closed","ping_status":"closed","template":"","meta":{"_acf_changed":false,"footnotes":""},"class_list":["post-167","page","type-page","status-publish","hentry"],"acf":[],"yoast_head":"<!-- This site is optimized with the Yoast SEO plugin v27.1.1 - https:\/\/yoast.com\/product\/yoast-seo-wordpress\/ -->\n<title>Aineettomat lahjat - Oulun seudun el\u00e4insuojeluyhdistys<\/title>\n<meta name=\"robots\" content=\"index, follow, max-snippet:-1, max-image-preview:large, max-video-preview:-1\" \/>\n<link rel=\"canonical\" href=\"https:\/\/sey.fi\/oulu\/oulun-seudun-elainsuojeluyhdistys\/osallistu\/aineettomat-lahjat\/\" \/>\n<meta property=\"og:locale\" content=\"fi_FI\" \/>\n<meta property=\"og:type\" content=\"article\" \/>\n<meta property=\"og:title\" content=\"Aineettomat lahjat - Oulun seudun el\u00e4insuojeluyhdistys\" \/>\n<meta property=\"og:description\" content=\"Anna aineeton lahja el\u00e4inten hyv\u00e4ksi! Suloisilla korteillamme ilahdutat lahjan saajaa ja teet samalla lahjoituksen Oulun seudun el\u00e4insuojeluty\u00f6lle. Toimi n\u00e4in: 1. Tee lahjoitus haluamallasi summalla Oulun esyn tilille: 2. Valitse alla olevista korteista mieleinen ja tallenna se tietokoneellesi tai puhelimellesi. Voit joko tulostaa kortin tai l\u00e4hett\u00e4\u00e4 sen lahjan saajalle esim. s\u00e4hk\u00f6postitse tai pikaviestipalvelussa, kuten WhatsAppissa. Kiitos [&hellip;]\" \/>\n<meta property=\"og:url\" content=\"https:\/\/sey.fi\/oulu\/oulun-seudun-elainsuojeluyhdistys\/osallistu\/aineettomat-lahjat\/\" \/>\n<meta property=\"og:site_name\" content=\"Oulun seudun el\u00e4insuojeluyhdistys\" \/>\n<meta property=\"article:modified_time\" content=\"2026-02-12T20:30:20+00:00\" \/>\n<meta name=\"twitter:card\" content=\"summary_large_image\" \/>\n<meta name=\"twitter:label1\" content=\"Arvioitu lukuaika\" \/>\n\t<meta name=\"twitter:data1\" content=\"1 minuutti\" \/>\n<script type=\"application\/ld+json\" class=\"yoast-schema-graph\">{\"@context\":\"https:\/\/schema.org\",\"@graph\":[{\"@type\":\"WebPage\",\"@id\":\"https:\/\/sey.fi\/oulu\/oulun-seudun-elainsuojeluyhdistys\/osallistu\/aineettomat-lahjat\/\",\"url\":\"https:\/\/sey.fi\/oulu\/oulun-seudun-elainsuojeluyhdistys\/osallistu\/aineettomat-lahjat\/\",\"name\":\"Aineettomat lahjat - Oulun seudun el\u00e4insuojeluyhdistys\",\"isPartOf\":{\"@id\":\"https:\/\/sey.fi\/oulu\/#website\"},\"datePublished\":\"2021-11-09T17:48:26+00:00\",\"dateModified\":\"2026-02-12T20:30:20+00:00\",\"breadcrumb\":{\"@id\":\"https:\/\/sey.fi\/oulu\/oulun-seudun-elainsuojeluyhdistys\/osallistu\/aineettomat-lahjat\/#breadcrumb\"},\"inLanguage\":\"fi\",\"potentialAction\":[{\"@type\":\"ReadAction\",\"target\":[\"https:\/\/sey.fi\/oulu\/oulun-seudun-elainsuojeluyhdistys\/osallistu\/aineettomat-lahjat\/\"]}]},{\"@type\":\"BreadcrumbList\",\"@id\":\"https:\/\/sey.fi\/oulu\/oulun-seudun-elainsuojeluyhdistys\/osallistu\/aineettomat-lahjat\/#breadcrumb\",\"itemListElement\":[{\"@type\":\"ListItem\",\"position\":1,\"name\":\"Home\",\"item\":\"https:\/\/sey.fi\/oulu\/\"},{\"@type\":\"ListItem\",\"position\":2,\"name\":\"Oulun seudun el\u00e4insuojeluyhdistys\",\"item\":\"https:\/\/sey.fi\/oulu\/\"},{\"@type\":\"ListItem\",\"position\":3,\"name\":\"Osallistu\",\"item\":\"https:\/\/sey.fi\/oulu\/oulun-seudun-elainsuojeluyhdistys\/osallistu\/\"},{\"@type\":\"ListItem\",\"position\":4,\"name\":\"Aineettomat lahjat\"}]},{\"@type\":\"WebSite\",\"@id\":\"https:\/\/sey.fi\/oulu\/#website\",\"url\":\"https:\/\/sey.fi\/oulu\/\",\"name\":\"Oulun seudun el\u00e4insuojeluyhdistys\",\"description\":\"Uusi SEY J\u00e4senyhdistykset -sivusto\",\"potentialAction\":[{\"@type\":\"SearchAction\",\"target\":{\"@type\":\"EntryPoint\",\"urlTemplate\":\"https:\/\/sey.fi\/oulu\/?s={search_term_string}\"},\"query-input\":{\"@type\":\"PropertyValueSpecification\",\"valueRequired\":true,\"valueName\":\"search_term_string\"}}],\"inLanguage\":\"fi\"}]}<\/script>\n<!-- \/ Yoast SEO plugin. -->","yoast_head_json":{"title":"Aineettomat lahjat - Oulun seudun el\u00e4insuojeluyhdistys","robots":{"index":"index","follow":"follow","max-snippet":"max-snippet:-1","max-image-preview":"max-image-preview:large","max-video-preview":"max-video-preview:-1"},"canonical":"https:\/\/sey.fi\/oulu\/oulun-seudun-elainsuojeluyhdistys\/osallistu\/aineettomat-lahjat\/","og_locale":"fi_FI","og_type":"article","og_title":"Aineettomat lahjat - Oulun seudun el\u00e4insuojeluyhdistys","og_description":"Anna aineeton lahja el\u00e4inten hyv\u00e4ksi! Suloisilla korteillamme ilahdutat lahjan saajaa ja teet samalla lahjoituksen Oulun seudun el\u00e4insuojeluty\u00f6lle. Toimi n\u00e4in: 1. Tee lahjoitus haluamallasi summalla Oulun esyn tilille: 2. Valitse alla olevista korteista mieleinen ja tallenna se tietokoneellesi tai puhelimellesi. Voit joko tulostaa kortin tai l\u00e4hett\u00e4\u00e4 sen lahjan saajalle esim. s\u00e4hk\u00f6postitse tai pikaviestipalvelussa, kuten WhatsAppissa. Kiitos [&hellip;]","og_url":"https:\/\/sey.fi\/oulu\/oulun-seudun-elainsuojeluyhdistys\/osallistu\/aineettomat-lahjat\/","og_site_name":"Oulun seudun el\u00e4insuojeluyhdistys","article_modified_time":"2026-02-12T20:30:20+00:00","twitter_card":"summary_large_image","twitter_misc":{"Arvioitu lukuaika":"1 minuutti"},"schema":{"@context":"https:\/\/schema.org","@graph":[{"@type":"WebPage","@id":"https:\/\/sey.fi\/oulu\/oulun-seudun-elainsuojeluyhdistys\/osallistu\/aineettomat-lahjat\/","url":"https:\/\/sey.fi\/oulu\/oulun-seudun-elainsuojeluyhdistys\/osallistu\/aineettomat-lahjat\/","name":"Aineettomat lahjat - Oulun seudun el\u00e4insuojeluyhdistys","isPartOf":{"@id":"https:\/\/sey.fi\/oulu\/#website"},"datePublished":"2021-11-09T17:48:26+00:00","dateModified":"2026-02-12T20:30:20+00:00","breadcrumb":{"@id":"https:\/\/sey.fi\/oulu\/oulun-seudun-elainsuojeluyhdistys\/osallistu\/aineettomat-lahjat\/#breadcrumb"},"inLanguage":"fi","potentialAction":[{"@type":"ReadAction","target":["https:\/\/sey.fi\/oulu\/oulun-seudun-elainsuojeluyhdistys\/osallistu\/aineettomat-lahjat\/"]}]},{"@type":"BreadcrumbList","@id":"https:\/\/sey.fi\/oulu\/oulun-seudun-elainsuojeluyhdistys\/osallistu\/aineettomat-lahjat\/#breadcrumb","itemListElement":[{"@type":"ListItem","position":1,"name":"Home","item":"https:\/\/sey.fi\/oulu\/"},{"@type":"ListItem","position":2,"name":"Oulun seudun el\u00e4insuojeluyhdistys","item":"https:\/\/sey.fi\/oulu\/"},{"@type":"ListItem","position":3,"name":"Osallistu","item":"https:\/\/sey.fi\/oulu\/oulun-seudun-elainsuojeluyhdistys\/osallistu\/"},{"@type":"ListItem","position":4,"name":"Aineettomat lahjat"}]},{"@type":"WebSite","@id":"https:\/\/sey.fi\/oulu\/#website","url":"https:\/\/sey.fi\/oulu\/","name":"Oulun seudun el\u00e4insuojeluyhdistys","description":"Uusi SEY J\u00e4senyhdistykset -sivusto","potentialAction":[{"@type":"SearchAction","target":{"@type":"EntryPoint","urlTemplate":"https:\/\/sey.fi\/oulu\/?s={search_term_string}"},"query-input":{"@type":"PropertyValueSpecification","valueRequired":true,"valueName":"search_term_string"}}],"inLanguage":"fi"}]}},"_links":{"self":[{"href":"https:\/\/sey.fi\/oulu\/wp-json\/wp\/v2\/pages\/167","targetHints":{"allow":["GET"]}}],"collection":[{"href":"https:\/\/sey.fi\/oulu\/wp-json\/wp\/v2\/pages"}],"about":[{"href":"https:\/\/sey.fi\/oulu\/wp-json\/wp\/v2\/types\/page"}],"author":[{"embeddable":true,"href":"https:\/\/sey.fi\/oulu\/wp-json\/wp\/v2\/users\/19"}],"replies":[{"embeddable":true,"href":"https:\/\/sey.fi\/oulu\/wp-json\/wp\/v2\/comments?post=167"}],"version-history":[{"count":10,"href":"https:\/\/sey.fi\/oulu\/wp-json\/wp\/v2\/pages\/167\/revisions"}],"predecessor-version":[{"id":372,"href":"https:\/\/sey.fi\/oulu\/wp-json\/wp\/v2\/pages\/167\/revisions\/372"}],"up":[{"embeddable":true,"href":"https:\/\/sey.fi\/oulu\/wp-json\/wp\/v2\/pages\/45"}],"wp:attachment":[{"href":"https:\/\/sey.fi\/oulu\/wp-json\/wp\/v2\/media?parent=167"}],"curies":[{"name":"wp","href":"https:\/\/api.w.org\/{rel}","templated":true}]}}