{"id":20,"date":"2019-11-04T13:58:46","date_gmt":"2019-11-04T11:58:46","guid":{"rendered":"http:\/\/srvr10.xetpoint.com\/~seyfi\/oulu\/?page_id=20"},"modified":"2025-09-28T10:33:19","modified_gmt":"2025-09-28T07:33:19","slug":"elainten-hautausmaa","status":"publish","type":"page","link":"https:\/\/sey.fi\/oulu\/oulun-seudun-elainsuojeluyhdistys\/toimintamme\/elainten-hautausmaa\/","title":{"rendered":"El\u00e4inten hautausmaa"},"content":{"rendered":"\n<p>Lemmikkiel\u00e4inten hautausmaa on otettu k\u00e4ytt\u00f6\u00f6n 1.7.1993. Hautausmaa sijaitsee Sanginsuussa, Mikonkankaalla. Kaikki hautausmaan tuotot k\u00e4ytet\u00e4\u00e4n yhdistyksen toimintaan. Hautausmaalle on opastus Oulujoen pohjoispuolen tielt\u00e4.<\/p>\n\n\n\n<p><\/p>\n\n\n\n<h2 class=\"wp-block-heading\">Hautausmaata hoitaa<\/h2>\n\n\n\n<p>Mikko Lantto<br>040 705 5867<\/p>\n\n\n\n<h2 class=\"wp-block-heading\">Hautojen hinnat<\/h2>\n\n\n\n<h3 class=\"wp-block-heading\">Kissat, koirat, pienel\u00e4imet:<\/h3>\n\n\n\n<p>100 euroa<br>Hinta sis\u00e4lt\u00e4\u00e4 hautapaikan 10 vuodeksi ja haudan avauksen.<\/p>\n\n\n\n<h3 class=\"wp-block-heading\">Hevoset:<\/h3>\n\n\n\n<p>300 euroa<br>Hinta sis\u00e4lt\u00e4\u00e4 hautapaikan 10 vuodeksi. Hinta ei sis\u00e4ll\u00e4 mahdollisia kuljetus- ja hautauskuluja, eik\u00e4 hautojen avauskuluja. N\u00e4ist\u00e4 sovitaan erikseen hautausmaan hoitajan kanssa.<\/p>\n\n\n\n<h2 class=\"wp-block-heading\">Maksu haudasta<\/h2>\n\n\n\n<p>Kaikki hautapaikat (hevoset, kissat, koirat ja pienel\u00e4imet) maksetaan el\u00e4insuojeluyhdistyksen tilille&nbsp;<strong>FI29 5742 3120 0363 44<\/strong>. Tilisiirron viestiksi merkit\u00e4\u00e4n hautaajan nimi ja hautapaikan numero. Maksu tulee suorittaa viikon sis\u00e4ll\u00e4 hautauksesta.<\/p>\n\n\n\n<h2 class=\"wp-block-heading\">Hautausohjeet<\/h2>\n\n\n\n<p>Hautausmaalla on aina valmiina auki kaivettuja pienel\u00e4inten hautoja. Hauta on pitk\u00e4 oja, josta otetaan lemmikin kokoinen pala. Voit haudata lemmikkisi omatoimisesti.<\/p>\n\n\n\n<p><strong>HUOM!<\/strong>&nbsp;L\u00f6yt\u00e4\u00e4ksesi avatut hautapaikat, mene sis\u00e4\u00e4n&nbsp;p\u00e4\u00e4portin kautta! Avatut haudat l\u00f6ytyv\u00e4t hevoshautojen takaa.<\/p>\n\n\n\n<ul class=\"wp-block-list\">\n<li>Ota ensin numerokeppi, se on hautapaikkasi numero. Numerolla l\u00f6yd\u00e4t paikan my\u00f6hemmin ja yhdistys saa tiedon hautauksesta.<\/li>\n\n\n\n<li>\u00c4l\u00e4 hukkaa numeroa my\u00f6hemmink\u00e4\u00e4n &#8211; voit tarvita sit\u00e4 esimerkiksi jos haluat maksaa hautapaikkamaksun uudestaan 10 vuoden kuluttua.<\/li>\n\n\n\n<li>Siirr\u00e4 haudan rajana olevaa vaneria kun olet ottanut ojasta sopivanmittaisen p\u00e4tk\u00e4n omalle lemmikillesi. Hautausmaan lapioita ja haravia saa k\u00e4ytt\u00e4\u00e4.<\/li>\n\n\n\n<li>Talvella kun haudan peitt\u00e4miseen ei ole muuta kuin lunta, ota mukaan mielell\u00e4\u00e4n esimerkiksi hiekoitusmursketta tai hiekkaa jolla voit peitt\u00e4\u00e4 haudan, sen p\u00e4\u00e4lle voit levitt\u00e4\u00e4 lunta.<\/li>\n\n\n\n<li>Laita lopuksi numerokeppi hautakummulle.<\/li>\n\n\n\n<li>Maksa hauta viikon kuluessa.<\/li>\n\n\n\n<li>Ilmoita yhdistykselle s\u00e4hk\u00f6postitse hautauksesta (oulunesy@gmail.com): oma nimesi ja puhelinnumerosi, el\u00e4imen\u00a0nimi ja laji, hautausp\u00e4iv\u00e4m\u00e4\u00e4r\u00e4, haudan numero.<\/li>\n<\/ul>\n\n\n\n<h2 class=\"wp-block-heading\">Ajo-ohjeet hautausmaalle<\/h2>\n\n\n\n<ul class=\"wp-block-list\">\n<li>Aja Vaalantiet\u00e4 (Oulun keskustasta noin 15km)<\/li>\n\n\n\n<li>K\u00e4\u00e4nny Vaalantielt\u00e4 Mikonm\u00e4entielle<\/li>\n\n\n\n<li>Aja noin 200m, k\u00e4\u00e4nny vasemmalle mets\u00e4tielle El\u00e4inten hautausmaa -kyltin mukaan<\/li>\n\n\n\n<li>Tie mutkittelee mets\u00e4ss\u00e4, seuraa opasteita El\u00e4inten hautausmaalle<\/li>\n\n\n\n<li>Voit my\u00f6s laittaa navigaattoriin osoitteeksi Mikonm\u00e4entie, Oulu ja seurata El\u00e4nten hautausmaa -opasteita<\/li>\n<\/ul>\n\n\n\n<p><br><a href=\"https:\/\/www.google.fi\/maps?f=q&amp;source=embed&amp;hl=fi&amp;geocode=&amp;q=mikonm%C3%A4entie&amp;aq=&amp;sll=64.968884,25.674276&amp;sspn=0.007517,0.027874&amp;ie=UTF8&amp;hq=&amp;hnear=Mikonm%C3%A4entie&amp;t=m&amp;layer=c&amp;cbll=64.968884,25.674285&amp;panoid=ZiWq3gy7CbpSPd5TB41QxQ&amp;cbp=13,0,,0,0&amp;ll=64.965606,25.674276&amp;spn=0.011405,0.048237&amp;z=14\">N\u00e4yt\u00e4 suurempi kartta<\/a><\/p>\n","protected":false},"excerpt":{"rendered":"<p>Lemmikkiel\u00e4inten hautausmaa on otettu k\u00e4ytt\u00f6\u00f6n 1.7.1993. Hautausmaa sijaitsee Sanginsuussa, Mikonkankaalla. Kaikki hautausmaan tuotot k\u00e4ytet\u00e4\u00e4n yhdistyksen toimintaan. Hautausmaalle on opastus Oulujoen pohjoispuolen tielt\u00e4. Hautausmaata hoitaa Mikko Lantto040 705 5867 Hautojen hinnat Kissat, koirat, pienel\u00e4imet: 100 euroaHinta sis\u00e4lt\u00e4\u00e4 hautapaikan 10 vuodeksi ja haudan avauksen. Hevoset: 300 euroaHinta sis\u00e4lt\u00e4\u00e4 hautapaikan 10 vuodeksi. Hinta ei sis\u00e4ll\u00e4 mahdollisia kuljetus- ja [&hellip;]<\/p>\n","protected":false},"author":8,"featured_media":0,"parent":14,"menu_order":0,"comment_status":"closed","ping_status":"closed","template":"","meta":{"_acf_changed":false,"footnotes":""},"class_list":["post-20","page","type-page","status-publish","hentry"],"acf":[],"yoast_head":"<!-- This site is optimized with the Yoast SEO plugin v27.1.1 - https:\/\/yoast.com\/product\/yoast-seo-wordpress\/ -->\n<title>El\u00e4inten hautausmaa - Oulun seudun el\u00e4insuojeluyhdistys<\/title>\n<meta name=\"robots\" content=\"index, follow, max-snippet:-1, max-image-preview:large, max-video-preview:-1\" \/>\n<link rel=\"canonical\" href=\"https:\/\/sey.fi\/oulu\/oulun-seudun-elainsuojeluyhdistys\/toimintamme\/elainten-hautausmaa\/\" \/>\n<meta property=\"og:locale\" content=\"fi_FI\" \/>\n<meta property=\"og:type\" content=\"article\" \/>\n<meta property=\"og:title\" content=\"El\u00e4inten hautausmaa - Oulun seudun el\u00e4insuojeluyhdistys\" \/>\n<meta property=\"og:description\" content=\"Lemmikkiel\u00e4inten hautausmaa on otettu k\u00e4ytt\u00f6\u00f6n 1.7.1993. Hautausmaa sijaitsee Sanginsuussa, Mikonkankaalla. Kaikki hautausmaan tuotot k\u00e4ytet\u00e4\u00e4n yhdistyksen toimintaan. Hautausmaalle on opastus Oulujoen pohjoispuolen tielt\u00e4. Hautausmaata hoitaa Mikko Lantto040 705 5867 Hautojen hinnat Kissat, koirat, pienel\u00e4imet: 100 euroaHinta sis\u00e4lt\u00e4\u00e4 hautapaikan 10 vuodeksi ja haudan avauksen. Hevoset: 300 euroaHinta sis\u00e4lt\u00e4\u00e4 hautapaikan 10 vuodeksi. Hinta ei sis\u00e4ll\u00e4 mahdollisia kuljetus- ja [&hellip;]\" \/>\n<meta property=\"og:url\" content=\"https:\/\/sey.fi\/oulu\/oulun-seudun-elainsuojeluyhdistys\/toimintamme\/elainten-hautausmaa\/\" \/>\n<meta property=\"og:site_name\" content=\"Oulun seudun el\u00e4insuojeluyhdistys\" \/>\n<meta property=\"article:modified_time\" content=\"2025-09-28T07:33:19+00:00\" \/>\n<meta name=\"twitter:card\" content=\"summary_large_image\" \/>\n<meta name=\"twitter:label1\" content=\"Arvioitu lukuaika\" \/>\n\t<meta name=\"twitter:data1\" content=\"2 minuuttia\" \/>\n<script type=\"application\/ld+json\" class=\"yoast-schema-graph\">{\"@context\":\"https:\/\/schema.org\",\"@graph\":[{\"@type\":\"WebPage\",\"@id\":\"https:\/\/sey.fi\/oulu\/oulun-seudun-elainsuojeluyhdistys\/toimintamme\/elainten-hautausmaa\/\",\"url\":\"https:\/\/sey.fi\/oulu\/oulun-seudun-elainsuojeluyhdistys\/toimintamme\/elainten-hautausmaa\/\",\"name\":\"El\u00e4inten hautausmaa - Oulun seudun el\u00e4insuojeluyhdistys\",\"isPartOf\":{\"@id\":\"https:\/\/sey.fi\/oulu\/#website\"},\"datePublished\":\"2019-11-04T11:58:46+00:00\",\"dateModified\":\"2025-09-28T07:33:19+00:00\",\"breadcrumb\":{\"@id\":\"https:\/\/sey.fi\/oulu\/oulun-seudun-elainsuojeluyhdistys\/toimintamme\/elainten-hautausmaa\/#breadcrumb\"},\"inLanguage\":\"fi\",\"potentialAction\":[{\"@type\":\"ReadAction\",\"target\":[\"https:\/\/sey.fi\/oulu\/oulun-seudun-elainsuojeluyhdistys\/toimintamme\/elainten-hautausmaa\/\"]}]},{\"@type\":\"BreadcrumbList\",\"@id\":\"https:\/\/sey.fi\/oulu\/oulun-seudun-elainsuojeluyhdistys\/toimintamme\/elainten-hautausmaa\/#breadcrumb\",\"itemListElement\":[{\"@type\":\"ListItem\",\"position\":1,\"name\":\"Home\",\"item\":\"https:\/\/sey.fi\/oulu\/\"},{\"@type\":\"ListItem\",\"position\":2,\"name\":\"Oulun seudun el\u00e4insuojeluyhdistys\",\"item\":\"https:\/\/sey.fi\/oulu\/\"},{\"@type\":\"ListItem\",\"position\":3,\"name\":\"Toimintamme\",\"item\":\"https:\/\/sey.fi\/oulu\/oulun-seudun-elainsuojeluyhdistys\/toimintamme\/\"},{\"@type\":\"ListItem\",\"position\":4,\"name\":\"El\u00e4inten hautausmaa\"}]},{\"@type\":\"WebSite\",\"@id\":\"https:\/\/sey.fi\/oulu\/#website\",\"url\":\"https:\/\/sey.fi\/oulu\/\",\"name\":\"Oulun seudun el\u00e4insuojeluyhdistys\",\"description\":\"Uusi SEY J\u00e4senyhdistykset -sivusto\",\"potentialAction\":[{\"@type\":\"SearchAction\",\"target\":{\"@type\":\"EntryPoint\",\"urlTemplate\":\"https:\/\/sey.fi\/oulu\/?s={search_term_string}\"},\"query-input\":{\"@type\":\"PropertyValueSpecification\",\"valueRequired\":true,\"valueName\":\"search_term_string\"}}],\"inLanguage\":\"fi\"}]}<\/script>\n<!-- \/ Yoast SEO plugin. -->","yoast_head_json":{"title":"El\u00e4inten hautausmaa - Oulun seudun el\u00e4insuojeluyhdistys","robots":{"index":"index","follow":"follow","max-snippet":"max-snippet:-1","max-image-preview":"max-image-preview:large","max-video-preview":"max-video-preview:-1"},"canonical":"https:\/\/sey.fi\/oulu\/oulun-seudun-elainsuojeluyhdistys\/toimintamme\/elainten-hautausmaa\/","og_locale":"fi_FI","og_type":"article","og_title":"El\u00e4inten hautausmaa - Oulun seudun el\u00e4insuojeluyhdistys","og_description":"Lemmikkiel\u00e4inten hautausmaa on otettu k\u00e4ytt\u00f6\u00f6n 1.7.1993. Hautausmaa sijaitsee Sanginsuussa, Mikonkankaalla. Kaikki hautausmaan tuotot k\u00e4ytet\u00e4\u00e4n yhdistyksen toimintaan. Hautausmaalle on opastus Oulujoen pohjoispuolen tielt\u00e4. Hautausmaata hoitaa Mikko Lantto040 705 5867 Hautojen hinnat Kissat, koirat, pienel\u00e4imet: 100 euroaHinta sis\u00e4lt\u00e4\u00e4 hautapaikan 10 vuodeksi ja haudan avauksen. Hevoset: 300 euroaHinta sis\u00e4lt\u00e4\u00e4 hautapaikan 10 vuodeksi. Hinta ei sis\u00e4ll\u00e4 mahdollisia kuljetus- ja [&hellip;]","og_url":"https:\/\/sey.fi\/oulu\/oulun-seudun-elainsuojeluyhdistys\/toimintamme\/elainten-hautausmaa\/","og_site_name":"Oulun seudun el\u00e4insuojeluyhdistys","article_modified_time":"2025-09-28T07:33:19+00:00","twitter_card":"summary_large_image","twitter_misc":{"Arvioitu lukuaika":"2 minuuttia"},"schema":{"@context":"https:\/\/schema.org","@graph":[{"@type":"WebPage","@id":"https:\/\/sey.fi\/oulu\/oulun-seudun-elainsuojeluyhdistys\/toimintamme\/elainten-hautausmaa\/","url":"https:\/\/sey.fi\/oulu\/oulun-seudun-elainsuojeluyhdistys\/toimintamme\/elainten-hautausmaa\/","name":"El\u00e4inten hautausmaa - Oulun seudun el\u00e4insuojeluyhdistys","isPartOf":{"@id":"https:\/\/sey.fi\/oulu\/#website"},"datePublished":"2019-11-04T11:58:46+00:00","dateModified":"2025-09-28T07:33:19+00:00","breadcrumb":{"@id":"https:\/\/sey.fi\/oulu\/oulun-seudun-elainsuojeluyhdistys\/toimintamme\/elainten-hautausmaa\/#breadcrumb"},"inLanguage":"fi","potentialAction":[{"@type":"ReadAction","target":["https:\/\/sey.fi\/oulu\/oulun-seudun-elainsuojeluyhdistys\/toimintamme\/elainten-hautausmaa\/"]}]},{"@type":"BreadcrumbList","@id":"https:\/\/sey.fi\/oulu\/oulun-seudun-elainsuojeluyhdistys\/toimintamme\/elainten-hautausmaa\/#breadcrumb","itemListElement":[{"@type":"ListItem","position":1,"name":"Home","item":"https:\/\/sey.fi\/oulu\/"},{"@type":"ListItem","position":2,"name":"Oulun seudun el\u00e4insuojeluyhdistys","item":"https:\/\/sey.fi\/oulu\/"},{"@type":"ListItem","position":3,"name":"Toimintamme","item":"https:\/\/sey.fi\/oulu\/oulun-seudun-elainsuojeluyhdistys\/toimintamme\/"},{"@type":"ListItem","position":4,"name":"El\u00e4inten hautausmaa"}]},{"@type":"WebSite","@id":"https:\/\/sey.fi\/oulu\/#website","url":"https:\/\/sey.fi\/oulu\/","name":"Oulun seudun el\u00e4insuojeluyhdistys","description":"Uusi SEY J\u00e4senyhdistykset -sivusto","potentialAction":[{"@type":"SearchAction","target":{"@type":"EntryPoint","urlTemplate":"https:\/\/sey.fi\/oulu\/?s={search_term_string}"},"query-input":{"@type":"PropertyValueSpecification","valueRequired":true,"valueName":"search_term_string"}}],"inLanguage":"fi"}]}},"_links":{"self":[{"href":"https:\/\/sey.fi\/oulu\/wp-json\/wp\/v2\/pages\/20","targetHints":{"allow":["GET"]}}],"collection":[{"href":"https:\/\/sey.fi\/oulu\/wp-json\/wp\/v2\/pages"}],"about":[{"href":"https:\/\/sey.fi\/oulu\/wp-json\/wp\/v2\/types\/page"}],"author":[{"embeddable":true,"href":"https:\/\/sey.fi\/oulu\/wp-json\/wp\/v2\/users\/8"}],"replies":[{"embeddable":true,"href":"https:\/\/sey.fi\/oulu\/wp-json\/wp\/v2\/comments?post=20"}],"version-history":[{"count":4,"href":"https:\/\/sey.fi\/oulu\/wp-json\/wp\/v2\/pages\/20\/revisions"}],"predecessor-version":[{"id":354,"href":"https:\/\/sey.fi\/oulu\/wp-json\/wp\/v2\/pages\/20\/revisions\/354"}],"up":[{"embeddable":true,"href":"https:\/\/sey.fi\/oulu\/wp-json\/wp\/v2\/pages\/14"}],"wp:attachment":[{"href":"https:\/\/sey.fi\/oulu\/wp-json\/wp\/v2\/media?parent=20"}],"curies":[{"name":"wp","href":"https:\/\/api.w.org\/{rel}","templated":true}]}}