{"id":29,"date":"2019-11-04T14:05:33","date_gmt":"2019-11-04T12:05:33","guid":{"rendered":"http:\/\/srvr10.xetpoint.com\/~seyfi\/oulu\/?page_id=29"},"modified":"2024-09-16T16:36:52","modified_gmt":"2024-09-16T13:36:52","slug":"ohjeita","status":"publish","type":"page","link":"https:\/\/sey.fi\/oulu\/oulun-seudun-elainsuojeluyhdistys\/ohjeita\/","title":{"rendered":"Ohjeita"},"content":{"rendered":"\n<h2 class=\"wp-block-heading\">Mihin ottaa yhteytt\u00e4?<\/h2>\n\n\n\n<p>Oikean reunan linkkeihin olemme ker\u00e4nneet paketin yhteystietoja eri tahoille eri tapauksia varten.<\/p>\n\n\n\n<p>Kiireelliset ilmoitukset el\u00e4inten huonosta kohtelusta tehd\u00e4\u00e4n aina suoraan&nbsp;<strong><a href=\"https:\/\/sey.fi\/oulu\/oulun-seudun-elainsuojeluyhdistys\/ohjeita\/elainsuojeluviranomaiset\/\" target=\"_blank\" rel=\"noreferrer noopener\">viranomaiselle<\/a><\/strong>, joko<br>valvontael\u00e4inl\u00e4\u00e4k\u00e4rille tai poliisille! Kiireett\u00f6m\u00e4mmiss\u00e4 tapauksissa voit olla yhteydess\u00e4 SEYn&nbsp;<strong><a href=\"https:\/\/sey.fi\/oulu\/oulun-seudun-elainsuojeluyhdistys\/ohjeita\/oulun-seudun-elainsuojeluneuvojat\/\" target=\"_blank\" rel=\"noreferrer noopener\">vapaaehtoisiin el\u00e4insuojeluneuvojiin<\/a><\/strong>.<br><\/p>\n\n\n\n<h2 class=\"wp-block-heading\"><sup>N\u00e4in el\u00e4int\u00e4 kohdeltavan huonosti. Mit\u00e4 voin tehd\u00e4?<\/sup><\/h2>\n\n\n\n<p class=\"has-medium-font-size\"><sup>Jos n\u00e4kee jonkun kohtelevan el\u00e4int\u00e4 huonosti, pit\u00e4isi menn\u00e4 est\u00e4m\u00e4\u00e4n pahoinpitely. Mik\u00e4li t\u00e4m\u00e4 ei ole mahdollista, tai el\u00e4imen huonon kohtelun huomaa vasta j\u00e4lkik\u00e4teen, kannattaa ottaa pikaisesti yhteytt\u00e4 paikkakunnan el\u00e4insuojeluneuvojaan.&nbsp;Ilmoituksen Seyn el\u00e4insuojeluneuvojalle voi tehd\u00e4 nimett\u00f6m\u00e4n\u00e4<em>.<\/em><\/sup><\/p>\n\n\n\n<p class=\"has-medium-font-size\"><sup>El\u00e4insuojeluvalvonta Suomessa kuuluu periaatteessa viranomaisten hoidettavaksi, mutta k\u00e4yt\u00e4nn\u00f6ss\u00e4 vapaaehtoinenkin toiminta on v\u00e4ltt\u00e4m\u00e4t\u00f6nt\u00e4. Viranomaisilla on ylen m\u00e4\u00e4rin muitakin teht\u00e4vi\u00e4, ja el\u00e4insuojeluk\u00e4ynneill\u00e4 on vaara j\u00e4\u00e4d\u00e4 muun ty\u00f6n jalkoihin. Seyn vapaaehtoiset el\u00e4insuojeluneuvojat tekev\u00e4t t\u00e4rke\u00e4\u00e4 ty\u00f6t\u00e4 el\u00e4insuojelun ja el\u00e4inten hyvinvoinnin edist\u00e4miseksi. Ilman Sey:n el\u00e4insuojeluneuvojia viranomaiset tikahtuisivat el\u00e4insuojeluilmoituksiin \u2014 tai sitten el\u00e4inten olojen valvonta olisi paljon huonommassa jamassa.<\/sup><br><\/p>\n\n\n\n<h2 class=\"wp-block-heading\"><sup>Mit\u00e4 teen kun kohtaan hyl\u00e4tyn el\u00e4imen?<\/sup><\/h2>\n\n\n\n<p class=\"has-medium-font-size\"><sup>Kun kohtaa lemmikin, joka n\u00e4ytt\u00e4\u00e4 hyl\u00e4tylt\u00e4, kannattaa l\u00e4hesty\u00e4 sit\u00e4 varovasti ja yritt\u00e4\u00e4 saada se rauhallisin ottein kiinni. Kun el\u00e4imen on saanut kiinni, sen voi toimittaa oman paikkakunnan l\u00f6yt\u00f6el\u00e4inkotiin. Kaikilla l\u00f6yt\u00f6el\u00e4inkodeilla ei ole mahdollisuutta hakea l\u00f6ydetty\u00e4 el\u00e4int\u00e4, joten toivottavaa olisi, ett\u00e4 el\u00e4imen l\u00f6yt\u00e4j\u00e4 my\u00f6s toimittaisi el\u00e4imen l\u00f6yt\u00f6el\u00e4inkotiin.<\/sup><br><\/p>\n\n\n\n<h2 class=\"wp-block-heading\"><sup>Mit\u00e4 l\u00f6yt\u00e4m\u00e4lleni el\u00e4imelle tapahtuu?<\/sup><\/h2>\n\n\n\n<p class=\"has-medium-font-size\"><sup>El\u00e4insuojelulain (2. luku 15 \u00a7) mukaan kunnan on huolehdittava alueellaan irrallaan tavattujen ja talteen otettujen koirien ja kissojen sek\u00e4 muiden vastaavien pienikokoisten seura- ja harrastusel\u00e4inten tilap\u00e4isen hoidon j\u00e4rjest\u00e4misest\u00e4. Talteen otettua el\u00e4int\u00e4 on s\u00e4ilytett\u00e4v\u00e4 v\u00e4hint\u00e4\u00e4n 15 p\u00e4iv\u00e4n ajan, mink\u00e4 j\u00e4lkeen kunnalla on oikeus myyd\u00e4, muutoin luovuttaa tai lopettaa el\u00e4in.<\/sup><\/p>\n\n\n\n<p class=\"has-medium-font-size\"><sup>Kaikki l\u00f6yt\u00f6el\u00e4imet eiv\u00e4t kuitenkaan ole hyl\u00e4ttyj\u00e4. Karkureita l\u00f6ytyy niin kissoista, koirista kuin linnuistakin. Oman rakkaan lemmikin takaisin saamista helpottaa suuresti, jos el\u00e4in on merkitty joko tatuoinnilla tai mikrosirulla. Usein omistajan nimi tai puhelinnumero selvi\u00e4\u00e4 kaulapannastakin, mutta monesti panta on h\u00e4vinnyt matkan varrella.<\/sup><\/p>\n\n\n\n<p><sup>L\u00e4hde: sey.fi<\/sup><\/p>\n","protected":false},"excerpt":{"rendered":"<p>Mihin ottaa yhteytt\u00e4? Oikean reunan linkkeihin olemme ker\u00e4nneet paketin yhteystietoja eri tahoille eri tapauksia varten. Kiireelliset ilmoitukset el\u00e4inten huonosta kohtelusta tehd\u00e4\u00e4n aina suoraan&nbsp;viranomaiselle, jokovalvontael\u00e4inl\u00e4\u00e4k\u00e4rille tai poliisille! Kiireett\u00f6m\u00e4mmiss\u00e4 tapauksissa voit olla yhteydess\u00e4 SEYn&nbsp;vapaaehtoisiin el\u00e4insuojeluneuvojiin. N\u00e4in el\u00e4int\u00e4 kohdeltavan huonosti. Mit\u00e4 voin tehd\u00e4? Jos n\u00e4kee jonkun kohtelevan el\u00e4int\u00e4 huonosti, pit\u00e4isi menn\u00e4 est\u00e4m\u00e4\u00e4n pahoinpitely. Mik\u00e4li t\u00e4m\u00e4 ei ole mahdollista, [&hellip;]<\/p>\n","protected":false},"author":8,"featured_media":0,"parent":2,"menu_order":0,"comment_status":"closed","ping_status":"closed","template":"","meta":{"_acf_changed":false,"footnotes":""},"class_list":["post-29","page","type-page","status-publish","hentry"],"acf":[],"yoast_head":"<!-- This site is optimized with the Yoast SEO plugin v27.1.1 - https:\/\/yoast.com\/product\/yoast-seo-wordpress\/ -->\n<title>Ohjeita - Oulun seudun el\u00e4insuojeluyhdistys<\/title>\n<meta name=\"robots\" content=\"index, follow, max-snippet:-1, max-image-preview:large, max-video-preview:-1\" \/>\n<link rel=\"canonical\" href=\"https:\/\/sey.fi\/oulu\/oulun-seudun-elainsuojeluyhdistys\/ohjeita\/\" \/>\n<meta property=\"og:locale\" content=\"fi_FI\" \/>\n<meta property=\"og:type\" content=\"article\" \/>\n<meta property=\"og:title\" content=\"Ohjeita - Oulun seudun el\u00e4insuojeluyhdistys\" \/>\n<meta property=\"og:description\" content=\"Mihin ottaa yhteytt\u00e4? Oikean reunan linkkeihin olemme ker\u00e4nneet paketin yhteystietoja eri tahoille eri tapauksia varten. Kiireelliset ilmoitukset el\u00e4inten huonosta kohtelusta tehd\u00e4\u00e4n aina suoraan&nbsp;viranomaiselle, jokovalvontael\u00e4inl\u00e4\u00e4k\u00e4rille tai poliisille! Kiireett\u00f6m\u00e4mmiss\u00e4 tapauksissa voit olla yhteydess\u00e4 SEYn&nbsp;vapaaehtoisiin el\u00e4insuojeluneuvojiin. N\u00e4in el\u00e4int\u00e4 kohdeltavan huonosti. Mit\u00e4 voin tehd\u00e4? Jos n\u00e4kee jonkun kohtelevan el\u00e4int\u00e4 huonosti, pit\u00e4isi menn\u00e4 est\u00e4m\u00e4\u00e4n pahoinpitely. Mik\u00e4li t\u00e4m\u00e4 ei ole mahdollista, [&hellip;]\" \/>\n<meta property=\"og:url\" content=\"https:\/\/sey.fi\/oulu\/oulun-seudun-elainsuojeluyhdistys\/ohjeita\/\" \/>\n<meta property=\"og:site_name\" content=\"Oulun seudun el\u00e4insuojeluyhdistys\" \/>\n<meta property=\"article:modified_time\" content=\"2024-09-16T13:36:52+00:00\" \/>\n<meta name=\"twitter:card\" content=\"summary_large_image\" \/>\n<meta name=\"twitter:label1\" content=\"Arvioitu lukuaika\" \/>\n\t<meta name=\"twitter:data1\" content=\"2 minuuttia\" \/>\n<script type=\"application\/ld+json\" class=\"yoast-schema-graph\">{\"@context\":\"https:\/\/schema.org\",\"@graph\":[{\"@type\":\"WebPage\",\"@id\":\"https:\/\/sey.fi\/oulu\/oulun-seudun-elainsuojeluyhdistys\/ohjeita\/\",\"url\":\"https:\/\/sey.fi\/oulu\/oulun-seudun-elainsuojeluyhdistys\/ohjeita\/\",\"name\":\"Ohjeita - Oulun seudun el\u00e4insuojeluyhdistys\",\"isPartOf\":{\"@id\":\"https:\/\/sey.fi\/oulu\/#website\"},\"datePublished\":\"2019-11-04T12:05:33+00:00\",\"dateModified\":\"2024-09-16T13:36:52+00:00\",\"breadcrumb\":{\"@id\":\"https:\/\/sey.fi\/oulu\/oulun-seudun-elainsuojeluyhdistys\/ohjeita\/#breadcrumb\"},\"inLanguage\":\"fi\",\"potentialAction\":[{\"@type\":\"ReadAction\",\"target\":[\"https:\/\/sey.fi\/oulu\/oulun-seudun-elainsuojeluyhdistys\/ohjeita\/\"]}]},{\"@type\":\"BreadcrumbList\",\"@id\":\"https:\/\/sey.fi\/oulu\/oulun-seudun-elainsuojeluyhdistys\/ohjeita\/#breadcrumb\",\"itemListElement\":[{\"@type\":\"ListItem\",\"position\":1,\"name\":\"Home\",\"item\":\"https:\/\/sey.fi\/oulu\/\"},{\"@type\":\"ListItem\",\"position\":2,\"name\":\"Oulun seudun el\u00e4insuojeluyhdistys\",\"item\":\"https:\/\/sey.fi\/oulu\/\"},{\"@type\":\"ListItem\",\"position\":3,\"name\":\"Ohjeita\"}]},{\"@type\":\"WebSite\",\"@id\":\"https:\/\/sey.fi\/oulu\/#website\",\"url\":\"https:\/\/sey.fi\/oulu\/\",\"name\":\"Oulun seudun el\u00e4insuojeluyhdistys\",\"description\":\"Uusi SEY J\u00e4senyhdistykset -sivusto\",\"potentialAction\":[{\"@type\":\"SearchAction\",\"target\":{\"@type\":\"EntryPoint\",\"urlTemplate\":\"https:\/\/sey.fi\/oulu\/?s={search_term_string}\"},\"query-input\":{\"@type\":\"PropertyValueSpecification\",\"valueRequired\":true,\"valueName\":\"search_term_string\"}}],\"inLanguage\":\"fi\"}]}<\/script>\n<!-- \/ Yoast SEO plugin. -->","yoast_head_json":{"title":"Ohjeita - Oulun seudun el\u00e4insuojeluyhdistys","robots":{"index":"index","follow":"follow","max-snippet":"max-snippet:-1","max-image-preview":"max-image-preview:large","max-video-preview":"max-video-preview:-1"},"canonical":"https:\/\/sey.fi\/oulu\/oulun-seudun-elainsuojeluyhdistys\/ohjeita\/","og_locale":"fi_FI","og_type":"article","og_title":"Ohjeita - Oulun seudun el\u00e4insuojeluyhdistys","og_description":"Mihin ottaa yhteytt\u00e4? Oikean reunan linkkeihin olemme ker\u00e4nneet paketin yhteystietoja eri tahoille eri tapauksia varten. Kiireelliset ilmoitukset el\u00e4inten huonosta kohtelusta tehd\u00e4\u00e4n aina suoraan&nbsp;viranomaiselle, jokovalvontael\u00e4inl\u00e4\u00e4k\u00e4rille tai poliisille! Kiireett\u00f6m\u00e4mmiss\u00e4 tapauksissa voit olla yhteydess\u00e4 SEYn&nbsp;vapaaehtoisiin el\u00e4insuojeluneuvojiin. N\u00e4in el\u00e4int\u00e4 kohdeltavan huonosti. Mit\u00e4 voin tehd\u00e4? Jos n\u00e4kee jonkun kohtelevan el\u00e4int\u00e4 huonosti, pit\u00e4isi menn\u00e4 est\u00e4m\u00e4\u00e4n pahoinpitely. Mik\u00e4li t\u00e4m\u00e4 ei ole mahdollista, [&hellip;]","og_url":"https:\/\/sey.fi\/oulu\/oulun-seudun-elainsuojeluyhdistys\/ohjeita\/","og_site_name":"Oulun seudun el\u00e4insuojeluyhdistys","article_modified_time":"2024-09-16T13:36:52+00:00","twitter_card":"summary_large_image","twitter_misc":{"Arvioitu lukuaika":"2 minuuttia"},"schema":{"@context":"https:\/\/schema.org","@graph":[{"@type":"WebPage","@id":"https:\/\/sey.fi\/oulu\/oulun-seudun-elainsuojeluyhdistys\/ohjeita\/","url":"https:\/\/sey.fi\/oulu\/oulun-seudun-elainsuojeluyhdistys\/ohjeita\/","name":"Ohjeita - Oulun seudun el\u00e4insuojeluyhdistys","isPartOf":{"@id":"https:\/\/sey.fi\/oulu\/#website"},"datePublished":"2019-11-04T12:05:33+00:00","dateModified":"2024-09-16T13:36:52+00:00","breadcrumb":{"@id":"https:\/\/sey.fi\/oulu\/oulun-seudun-elainsuojeluyhdistys\/ohjeita\/#breadcrumb"},"inLanguage":"fi","potentialAction":[{"@type":"ReadAction","target":["https:\/\/sey.fi\/oulu\/oulun-seudun-elainsuojeluyhdistys\/ohjeita\/"]}]},{"@type":"BreadcrumbList","@id":"https:\/\/sey.fi\/oulu\/oulun-seudun-elainsuojeluyhdistys\/ohjeita\/#breadcrumb","itemListElement":[{"@type":"ListItem","position":1,"name":"Home","item":"https:\/\/sey.fi\/oulu\/"},{"@type":"ListItem","position":2,"name":"Oulun seudun el\u00e4insuojeluyhdistys","item":"https:\/\/sey.fi\/oulu\/"},{"@type":"ListItem","position":3,"name":"Ohjeita"}]},{"@type":"WebSite","@id":"https:\/\/sey.fi\/oulu\/#website","url":"https:\/\/sey.fi\/oulu\/","name":"Oulun seudun el\u00e4insuojeluyhdistys","description":"Uusi SEY J\u00e4senyhdistykset -sivusto","potentialAction":[{"@type":"SearchAction","target":{"@type":"EntryPoint","urlTemplate":"https:\/\/sey.fi\/oulu\/?s={search_term_string}"},"query-input":{"@type":"PropertyValueSpecification","valueRequired":true,"valueName":"search_term_string"}}],"inLanguage":"fi"}]}},"_links":{"self":[{"href":"https:\/\/sey.fi\/oulu\/wp-json\/wp\/v2\/pages\/29","targetHints":{"allow":["GET"]}}],"collection":[{"href":"https:\/\/sey.fi\/oulu\/wp-json\/wp\/v2\/pages"}],"about":[{"href":"https:\/\/sey.fi\/oulu\/wp-json\/wp\/v2\/types\/page"}],"author":[{"embeddable":true,"href":"https:\/\/sey.fi\/oulu\/wp-json\/wp\/v2\/users\/8"}],"replies":[{"embeddable":true,"href":"https:\/\/sey.fi\/oulu\/wp-json\/wp\/v2\/comments?post=29"}],"version-history":[{"count":4,"href":"https:\/\/sey.fi\/oulu\/wp-json\/wp\/v2\/pages\/29\/revisions"}],"predecessor-version":[{"id":326,"href":"https:\/\/sey.fi\/oulu\/wp-json\/wp\/v2\/pages\/29\/revisions\/326"}],"up":[{"embeddable":true,"href":"https:\/\/sey.fi\/oulu\/wp-json\/wp\/v2\/pages\/2"}],"wp:attachment":[{"href":"https:\/\/sey.fi\/oulu\/wp-json\/wp\/v2\/media?parent=29"}],"curies":[{"name":"wp","href":"https:\/\/api.w.org\/{rel}","templated":true}]}}