{"id":33,"date":"2019-11-04T14:08:07","date_gmt":"2019-11-04T12:08:07","guid":{"rendered":"http:\/\/srvr10.xetpoint.com\/~seyfi\/oulu\/?page_id=33"},"modified":"2026-03-25T16:26:49","modified_gmt":"2026-03-25T14:26:49","slug":"oulun-seudun-elainsuojeluneuvojat","status":"publish","type":"page","link":"https:\/\/sey.fi\/oulu\/oulun-seudun-elainsuojeluyhdistys\/ohjeita\/oulun-seudun-elainsuojeluneuvojat\/","title":{"rendered":"Oulun seudun el\u00e4insuojeluneuvojat"},"content":{"rendered":"\n<p>Vapaaehtoiset el\u00e4insuojeluneuvojat antavat neuvoja ja tietoa el\u00e4inten hoidosta. Neuvojille voi my\u00f6s puhelimitse ilmoittaa el\u00e4inten hoitoon ja pitoon liittyvist\u00e4 ep\u00e4kohdista. Neuvojiin voit ottaa yhteytt\u00e4 halutessasi ilmoittaa el\u00e4inten huonosta kohtelusta, kun h\u00e4t\u00e4 ei ole v\u00e4lit\u00f6n. Ilmoita tuotantoel\u00e4inasiat suoraan viranomaiselle.<\/p>\n\n\n\n<p><a href=\"http:\/\/www.sey.fi\/seytoimii\/elainsuojeluneuvonta\">SEY:n vapaaehtoiset el\u00e4insuojeluneuvojat<\/a>&nbsp;-lista SEY:n nettisivuilla<\/p>\n\n\n\n<h1 class=\"wp-block-heading\"><\/h1>\n\n\n\n<h3 class=\"wp-block-heading\"><strong>Neuvonta sek\u00e4 neuvontak\u00e4ynnit (Oulu ja Kempele)<\/strong><\/h3>\n\n\n\n<p>Marjo Mettovaara<br>040 718 1462<br>etunimi.sukunimi@sey.fi<\/p>\n\n\n\n<h3 class=\"wp-block-heading\"><strong>Neuvonta sek\u00e4 neuvontak\u00e4ynnit (Tyrn\u00e4v\u00e4)<\/strong><\/h3>\n\n\n\n<p>Minna Ahonen<br>040 0584208<br>etunimi.sukunimi@sey.fi<br><\/p>\n","protected":false},"excerpt":{"rendered":"<p>Vapaaehtoiset el\u00e4insuojeluneuvojat antavat neuvoja ja tietoa el\u00e4inten hoidosta. Neuvojille voi my\u00f6s puhelimitse ilmoittaa el\u00e4inten hoitoon ja pitoon liittyvist\u00e4 ep\u00e4kohdista. Neuvojiin voit ottaa yhteytt\u00e4 halutessasi ilmoittaa el\u00e4inten huonosta kohtelusta, kun h\u00e4t\u00e4 ei ole v\u00e4lit\u00f6n. Ilmoita tuotantoel\u00e4inasiat suoraan viranomaiselle. SEY:n vapaaehtoiset el\u00e4insuojeluneuvojat&nbsp;-lista SEY:n nettisivuilla Neuvonta sek\u00e4 neuvontak\u00e4ynnit (Oulu ja Kempele) Marjo Mettovaara040 718 1462etunimi.sukunimi@sey.fi Neuvonta sek\u00e4 neuvontak\u00e4ynnit [&hellip;]<\/p>\n","protected":false},"author":8,"featured_media":0,"parent":29,"menu_order":0,"comment_status":"closed","ping_status":"closed","template":"","meta":{"_acf_changed":false,"footnotes":""},"class_list":["post-33","page","type-page","status-publish","hentry"],"acf":[],"yoast_head":"<!-- This site is optimized with the Yoast SEO plugin v27.1.1 - https:\/\/yoast.com\/product\/yoast-seo-wordpress\/ -->\n<title>Oulun seudun el\u00e4insuojeluneuvojat - Oulun seudun el\u00e4insuojeluyhdistys<\/title>\n<meta name=\"robots\" content=\"index, follow, max-snippet:-1, max-image-preview:large, max-video-preview:-1\" \/>\n<link rel=\"canonical\" href=\"https:\/\/sey.fi\/oulu\/oulun-seudun-elainsuojeluyhdistys\/ohjeita\/oulun-seudun-elainsuojeluneuvojat\/\" \/>\n<meta property=\"og:locale\" content=\"fi_FI\" \/>\n<meta property=\"og:type\" content=\"article\" \/>\n<meta property=\"og:title\" content=\"Oulun seudun el\u00e4insuojeluneuvojat - Oulun seudun el\u00e4insuojeluyhdistys\" \/>\n<meta property=\"og:description\" content=\"Vapaaehtoiset el\u00e4insuojeluneuvojat antavat neuvoja ja tietoa el\u00e4inten hoidosta. Neuvojille voi my\u00f6s puhelimitse ilmoittaa el\u00e4inten hoitoon ja pitoon liittyvist\u00e4 ep\u00e4kohdista. Neuvojiin voit ottaa yhteytt\u00e4 halutessasi ilmoittaa el\u00e4inten huonosta kohtelusta, kun h\u00e4t\u00e4 ei ole v\u00e4lit\u00f6n. Ilmoita tuotantoel\u00e4inasiat suoraan viranomaiselle. SEY:n vapaaehtoiset el\u00e4insuojeluneuvojat&nbsp;-lista SEY:n nettisivuilla Neuvonta sek\u00e4 neuvontak\u00e4ynnit (Oulu ja Kempele) Marjo Mettovaara040 718 1462etunimi.sukunimi@sey.fi Neuvonta sek\u00e4 neuvontak\u00e4ynnit [&hellip;]\" \/>\n<meta property=\"og:url\" content=\"https:\/\/sey.fi\/oulu\/oulun-seudun-elainsuojeluyhdistys\/ohjeita\/oulun-seudun-elainsuojeluneuvojat\/\" \/>\n<meta property=\"og:site_name\" content=\"Oulun seudun el\u00e4insuojeluyhdistys\" \/>\n<meta property=\"article:modified_time\" content=\"2026-03-25T14:26:49+00:00\" \/>\n<meta name=\"twitter:card\" content=\"summary_large_image\" \/>\n<meta name=\"twitter:label1\" content=\"Arvioitu lukuaika\" \/>\n\t<meta name=\"twitter:data1\" content=\"1 minuutti\" \/>\n<script type=\"application\/ld+json\" class=\"yoast-schema-graph\">{\"@context\":\"https:\/\/schema.org\",\"@graph\":[{\"@type\":\"WebPage\",\"@id\":\"https:\/\/sey.fi\/oulu\/oulun-seudun-elainsuojeluyhdistys\/ohjeita\/oulun-seudun-elainsuojeluneuvojat\/\",\"url\":\"https:\/\/sey.fi\/oulu\/oulun-seudun-elainsuojeluyhdistys\/ohjeita\/oulun-seudun-elainsuojeluneuvojat\/\",\"name\":\"Oulun seudun el\u00e4insuojeluneuvojat - Oulun seudun el\u00e4insuojeluyhdistys\",\"isPartOf\":{\"@id\":\"https:\/\/sey.fi\/oulu\/#website\"},\"datePublished\":\"2019-11-04T12:08:07+00:00\",\"dateModified\":\"2026-03-25T14:26:49+00:00\",\"breadcrumb\":{\"@id\":\"https:\/\/sey.fi\/oulu\/oulun-seudun-elainsuojeluyhdistys\/ohjeita\/oulun-seudun-elainsuojeluneuvojat\/#breadcrumb\"},\"inLanguage\":\"fi\",\"potentialAction\":[{\"@type\":\"ReadAction\",\"target\":[\"https:\/\/sey.fi\/oulu\/oulun-seudun-elainsuojeluyhdistys\/ohjeita\/oulun-seudun-elainsuojeluneuvojat\/\"]}]},{\"@type\":\"BreadcrumbList\",\"@id\":\"https:\/\/sey.fi\/oulu\/oulun-seudun-elainsuojeluyhdistys\/ohjeita\/oulun-seudun-elainsuojeluneuvojat\/#breadcrumb\",\"itemListElement\":[{\"@type\":\"ListItem\",\"position\":1,\"name\":\"Home\",\"item\":\"https:\/\/sey.fi\/oulu\/\"},{\"@type\":\"ListItem\",\"position\":2,\"name\":\"Oulun seudun el\u00e4insuojeluyhdistys\",\"item\":\"https:\/\/sey.fi\/oulu\/\"},{\"@type\":\"ListItem\",\"position\":3,\"name\":\"Ohjeita\",\"item\":\"https:\/\/sey.fi\/oulu\/oulun-seudun-elainsuojeluyhdistys\/ohjeita\/\"},{\"@type\":\"ListItem\",\"position\":4,\"name\":\"Oulun seudun el\u00e4insuojeluneuvojat\"}]},{\"@type\":\"WebSite\",\"@id\":\"https:\/\/sey.fi\/oulu\/#website\",\"url\":\"https:\/\/sey.fi\/oulu\/\",\"name\":\"Oulun seudun el\u00e4insuojeluyhdistys\",\"description\":\"Uusi SEY J\u00e4senyhdistykset -sivusto\",\"potentialAction\":[{\"@type\":\"SearchAction\",\"target\":{\"@type\":\"EntryPoint\",\"urlTemplate\":\"https:\/\/sey.fi\/oulu\/?s={search_term_string}\"},\"query-input\":{\"@type\":\"PropertyValueSpecification\",\"valueRequired\":true,\"valueName\":\"search_term_string\"}}],\"inLanguage\":\"fi\"}]}<\/script>\n<!-- \/ Yoast SEO plugin. -->","yoast_head_json":{"title":"Oulun seudun el\u00e4insuojeluneuvojat - Oulun seudun el\u00e4insuojeluyhdistys","robots":{"index":"index","follow":"follow","max-snippet":"max-snippet:-1","max-image-preview":"max-image-preview:large","max-video-preview":"max-video-preview:-1"},"canonical":"https:\/\/sey.fi\/oulu\/oulun-seudun-elainsuojeluyhdistys\/ohjeita\/oulun-seudun-elainsuojeluneuvojat\/","og_locale":"fi_FI","og_type":"article","og_title":"Oulun seudun el\u00e4insuojeluneuvojat - Oulun seudun el\u00e4insuojeluyhdistys","og_description":"Vapaaehtoiset el\u00e4insuojeluneuvojat antavat neuvoja ja tietoa el\u00e4inten hoidosta. Neuvojille voi my\u00f6s puhelimitse ilmoittaa el\u00e4inten hoitoon ja pitoon liittyvist\u00e4 ep\u00e4kohdista. Neuvojiin voit ottaa yhteytt\u00e4 halutessasi ilmoittaa el\u00e4inten huonosta kohtelusta, kun h\u00e4t\u00e4 ei ole v\u00e4lit\u00f6n. Ilmoita tuotantoel\u00e4inasiat suoraan viranomaiselle. SEY:n vapaaehtoiset el\u00e4insuojeluneuvojat&nbsp;-lista SEY:n nettisivuilla Neuvonta sek\u00e4 neuvontak\u00e4ynnit (Oulu ja Kempele) Marjo Mettovaara040 718 1462etunimi.sukunimi@sey.fi Neuvonta sek\u00e4 neuvontak\u00e4ynnit [&hellip;]","og_url":"https:\/\/sey.fi\/oulu\/oulun-seudun-elainsuojeluyhdistys\/ohjeita\/oulun-seudun-elainsuojeluneuvojat\/","og_site_name":"Oulun seudun el\u00e4insuojeluyhdistys","article_modified_time":"2026-03-25T14:26:49+00:00","twitter_card":"summary_large_image","twitter_misc":{"Arvioitu lukuaika":"1 minuutti"},"schema":{"@context":"https:\/\/schema.org","@graph":[{"@type":"WebPage","@id":"https:\/\/sey.fi\/oulu\/oulun-seudun-elainsuojeluyhdistys\/ohjeita\/oulun-seudun-elainsuojeluneuvojat\/","url":"https:\/\/sey.fi\/oulu\/oulun-seudun-elainsuojeluyhdistys\/ohjeita\/oulun-seudun-elainsuojeluneuvojat\/","name":"Oulun seudun el\u00e4insuojeluneuvojat - Oulun seudun el\u00e4insuojeluyhdistys","isPartOf":{"@id":"https:\/\/sey.fi\/oulu\/#website"},"datePublished":"2019-11-04T12:08:07+00:00","dateModified":"2026-03-25T14:26:49+00:00","breadcrumb":{"@id":"https:\/\/sey.fi\/oulu\/oulun-seudun-elainsuojeluyhdistys\/ohjeita\/oulun-seudun-elainsuojeluneuvojat\/#breadcrumb"},"inLanguage":"fi","potentialAction":[{"@type":"ReadAction","target":["https:\/\/sey.fi\/oulu\/oulun-seudun-elainsuojeluyhdistys\/ohjeita\/oulun-seudun-elainsuojeluneuvojat\/"]}]},{"@type":"BreadcrumbList","@id":"https:\/\/sey.fi\/oulu\/oulun-seudun-elainsuojeluyhdistys\/ohjeita\/oulun-seudun-elainsuojeluneuvojat\/#breadcrumb","itemListElement":[{"@type":"ListItem","position":1,"name":"Home","item":"https:\/\/sey.fi\/oulu\/"},{"@type":"ListItem","position":2,"name":"Oulun seudun el\u00e4insuojeluyhdistys","item":"https:\/\/sey.fi\/oulu\/"},{"@type":"ListItem","position":3,"name":"Ohjeita","item":"https:\/\/sey.fi\/oulu\/oulun-seudun-elainsuojeluyhdistys\/ohjeita\/"},{"@type":"ListItem","position":4,"name":"Oulun seudun el\u00e4insuojeluneuvojat"}]},{"@type":"WebSite","@id":"https:\/\/sey.fi\/oulu\/#website","url":"https:\/\/sey.fi\/oulu\/","name":"Oulun seudun el\u00e4insuojeluyhdistys","description":"Uusi SEY J\u00e4senyhdistykset -sivusto","potentialAction":[{"@type":"SearchAction","target":{"@type":"EntryPoint","urlTemplate":"https:\/\/sey.fi\/oulu\/?s={search_term_string}"},"query-input":{"@type":"PropertyValueSpecification","valueRequired":true,"valueName":"search_term_string"}}],"inLanguage":"fi"}]}},"_links":{"self":[{"href":"https:\/\/sey.fi\/oulu\/wp-json\/wp\/v2\/pages\/33","targetHints":{"allow":["GET"]}}],"collection":[{"href":"https:\/\/sey.fi\/oulu\/wp-json\/wp\/v2\/pages"}],"about":[{"href":"https:\/\/sey.fi\/oulu\/wp-json\/wp\/v2\/types\/page"}],"author":[{"embeddable":true,"href":"https:\/\/sey.fi\/oulu\/wp-json\/wp\/v2\/users\/8"}],"replies":[{"embeddable":true,"href":"https:\/\/sey.fi\/oulu\/wp-json\/wp\/v2\/comments?post=33"}],"version-history":[{"count":6,"href":"https:\/\/sey.fi\/oulu\/wp-json\/wp\/v2\/pages\/33\/revisions"}],"predecessor-version":[{"id":378,"href":"https:\/\/sey.fi\/oulu\/wp-json\/wp\/v2\/pages\/33\/revisions\/378"}],"up":[{"embeddable":true,"href":"https:\/\/sey.fi\/oulu\/wp-json\/wp\/v2\/pages\/29"}],"wp:attachment":[{"href":"https:\/\/sey.fi\/oulu\/wp-json\/wp\/v2\/media?parent=33"}],"curies":[{"name":"wp","href":"https:\/\/api.w.org\/{rel}","templated":true}]}}