{"id":35,"date":"2019-11-04T15:00:29","date_gmt":"2019-11-04T13:00:29","guid":{"rendered":"http:\/\/srvr10.xetpoint.com\/~seyfi\/oulu\/?page_id=35"},"modified":"2024-06-02T14:19:14","modified_gmt":"2024-06-02T11:19:14","slug":"lemmikki-karkuteilla","status":"publish","type":"page","link":"https:\/\/sey.fi\/oulu\/oulun-seudun-elainsuojeluyhdistys\/ohjeita\/lemmikki-karkuteilla\/","title":{"rendered":"Lemmikki karkuteill\u00e4"},"content":{"rendered":"\n<p>Yhdistyksemme lainaa loukkuja karanneen lemmikin tai pihalla liikkuvan irtokissan kiinni saamiseksi. Loukun lainaamiseksi vaaditaan panttimaksu, joka palautetaan lainaajalle, kun loukku tuodaan ehj\u00e4n\u00e4 ja siistin\u00e4 takaisin. Panttimaksu vain k\u00e4teisell\u00e4.<\/p>\n\n\n\n<p>Kissanloukun panttihinta on&nbsp;<strong>40\u20ac<\/strong>.<\/p>\n\n\n\n<p>Koiranloukun panttihinta on&nbsp;<strong>70\u20ac<\/strong>. Otathan huomioon, ett\u00e4 koiranloukku on kookas (noin 163\u00d780\u00d780cm) ja loukun siirt\u00e4miseen vaaditaan joko pakettiauto tai per\u00e4k\u00e4rry.<\/p>\n\n\n\n<p>Ota yhteytt\u00e4 s\u00e4hk\u00f6postilla os. <a href=\"mailto:oulunesy@gmail.com\">oulunesy@gmail.com<\/a>.<\/p>\n","protected":false},"excerpt":{"rendered":"<p>Yhdistyksemme lainaa loukkuja karanneen lemmikin tai pihalla liikkuvan irtokissan kiinni saamiseksi. Loukun lainaamiseksi vaaditaan panttimaksu, joka palautetaan lainaajalle, kun loukku tuodaan ehj\u00e4n\u00e4 ja siistin\u00e4 takaisin. Panttimaksu vain k\u00e4teisell\u00e4. Kissanloukun panttihinta on&nbsp;40\u20ac. Koiranloukun panttihinta on&nbsp;70\u20ac. Otathan huomioon, ett\u00e4 koiranloukku on kookas (noin 163\u00d780\u00d780cm) ja loukun siirt\u00e4miseen vaaditaan joko pakettiauto tai per\u00e4k\u00e4rry. Ota yhteytt\u00e4 s\u00e4hk\u00f6postilla os. oulunesy@gmail.com.<\/p>\n","protected":false},"author":8,"featured_media":0,"parent":29,"menu_order":0,"comment_status":"closed","ping_status":"closed","template":"","meta":{"_acf_changed":false,"footnotes":""},"class_list":["post-35","page","type-page","status-publish","hentry"],"acf":[],"yoast_head":"<!-- This site is optimized with the Yoast SEO plugin v27.1.1 - https:\/\/yoast.com\/product\/yoast-seo-wordpress\/ -->\n<title>Lemmikki karkuteill\u00e4 - Oulun seudun el\u00e4insuojeluyhdistys<\/title>\n<meta name=\"robots\" content=\"index, follow, max-snippet:-1, max-image-preview:large, max-video-preview:-1\" \/>\n<link rel=\"canonical\" href=\"https:\/\/sey.fi\/oulu\/oulun-seudun-elainsuojeluyhdistys\/ohjeita\/lemmikki-karkuteilla\/\" \/>\n<meta property=\"og:locale\" content=\"fi_FI\" \/>\n<meta property=\"og:type\" content=\"article\" \/>\n<meta property=\"og:title\" content=\"Lemmikki karkuteill\u00e4 - Oulun seudun el\u00e4insuojeluyhdistys\" \/>\n<meta property=\"og:description\" content=\"Yhdistyksemme lainaa loukkuja karanneen lemmikin tai pihalla liikkuvan irtokissan kiinni saamiseksi. Loukun lainaamiseksi vaaditaan panttimaksu, joka palautetaan lainaajalle, kun loukku tuodaan ehj\u00e4n\u00e4 ja siistin\u00e4 takaisin. Panttimaksu vain k\u00e4teisell\u00e4. Kissanloukun panttihinta on&nbsp;40\u20ac. Koiranloukun panttihinta on&nbsp;70\u20ac. Otathan huomioon, ett\u00e4 koiranloukku on kookas (noin 163\u00d780\u00d780cm) ja loukun siirt\u00e4miseen vaaditaan joko pakettiauto tai per\u00e4k\u00e4rry. Ota yhteytt\u00e4 s\u00e4hk\u00f6postilla os. oulunesy@gmail.com.\" \/>\n<meta property=\"og:url\" content=\"https:\/\/sey.fi\/oulu\/oulun-seudun-elainsuojeluyhdistys\/ohjeita\/lemmikki-karkuteilla\/\" \/>\n<meta property=\"og:site_name\" content=\"Oulun seudun el\u00e4insuojeluyhdistys\" \/>\n<meta property=\"article:modified_time\" content=\"2024-06-02T11:19:14+00:00\" \/>\n<meta name=\"twitter:card\" content=\"summary_large_image\" \/>\n<meta name=\"twitter:label1\" content=\"Arvioitu lukuaika\" \/>\n\t<meta name=\"twitter:data1\" content=\"1 minuutti\" \/>\n<script type=\"application\/ld+json\" class=\"yoast-schema-graph\">{\"@context\":\"https:\/\/schema.org\",\"@graph\":[{\"@type\":\"WebPage\",\"@id\":\"https:\/\/sey.fi\/oulu\/oulun-seudun-elainsuojeluyhdistys\/ohjeita\/lemmikki-karkuteilla\/\",\"url\":\"https:\/\/sey.fi\/oulu\/oulun-seudun-elainsuojeluyhdistys\/ohjeita\/lemmikki-karkuteilla\/\",\"name\":\"Lemmikki karkuteill\u00e4 - Oulun seudun el\u00e4insuojeluyhdistys\",\"isPartOf\":{\"@id\":\"https:\/\/sey.fi\/oulu\/#website\"},\"datePublished\":\"2019-11-04T13:00:29+00:00\",\"dateModified\":\"2024-06-02T11:19:14+00:00\",\"breadcrumb\":{\"@id\":\"https:\/\/sey.fi\/oulu\/oulun-seudun-elainsuojeluyhdistys\/ohjeita\/lemmikki-karkuteilla\/#breadcrumb\"},\"inLanguage\":\"fi\",\"potentialAction\":[{\"@type\":\"ReadAction\",\"target\":[\"https:\/\/sey.fi\/oulu\/oulun-seudun-elainsuojeluyhdistys\/ohjeita\/lemmikki-karkuteilla\/\"]}]},{\"@type\":\"BreadcrumbList\",\"@id\":\"https:\/\/sey.fi\/oulu\/oulun-seudun-elainsuojeluyhdistys\/ohjeita\/lemmikki-karkuteilla\/#breadcrumb\",\"itemListElement\":[{\"@type\":\"ListItem\",\"position\":1,\"name\":\"Home\",\"item\":\"https:\/\/sey.fi\/oulu\/\"},{\"@type\":\"ListItem\",\"position\":2,\"name\":\"Oulun seudun el\u00e4insuojeluyhdistys\",\"item\":\"https:\/\/sey.fi\/oulu\/\"},{\"@type\":\"ListItem\",\"position\":3,\"name\":\"Ohjeita\",\"item\":\"https:\/\/sey.fi\/oulu\/oulun-seudun-elainsuojeluyhdistys\/ohjeita\/\"},{\"@type\":\"ListItem\",\"position\":4,\"name\":\"Lemmikki karkuteill\u00e4\"}]},{\"@type\":\"WebSite\",\"@id\":\"https:\/\/sey.fi\/oulu\/#website\",\"url\":\"https:\/\/sey.fi\/oulu\/\",\"name\":\"Oulun seudun el\u00e4insuojeluyhdistys\",\"description\":\"Uusi SEY J\u00e4senyhdistykset -sivusto\",\"potentialAction\":[{\"@type\":\"SearchAction\",\"target\":{\"@type\":\"EntryPoint\",\"urlTemplate\":\"https:\/\/sey.fi\/oulu\/?s={search_term_string}\"},\"query-input\":{\"@type\":\"PropertyValueSpecification\",\"valueRequired\":true,\"valueName\":\"search_term_string\"}}],\"inLanguage\":\"fi\"}]}<\/script>\n<!-- \/ Yoast SEO plugin. -->","yoast_head_json":{"title":"Lemmikki karkuteill\u00e4 - Oulun seudun el\u00e4insuojeluyhdistys","robots":{"index":"index","follow":"follow","max-snippet":"max-snippet:-1","max-image-preview":"max-image-preview:large","max-video-preview":"max-video-preview:-1"},"canonical":"https:\/\/sey.fi\/oulu\/oulun-seudun-elainsuojeluyhdistys\/ohjeita\/lemmikki-karkuteilla\/","og_locale":"fi_FI","og_type":"article","og_title":"Lemmikki karkuteill\u00e4 - Oulun seudun el\u00e4insuojeluyhdistys","og_description":"Yhdistyksemme lainaa loukkuja karanneen lemmikin tai pihalla liikkuvan irtokissan kiinni saamiseksi. Loukun lainaamiseksi vaaditaan panttimaksu, joka palautetaan lainaajalle, kun loukku tuodaan ehj\u00e4n\u00e4 ja siistin\u00e4 takaisin. Panttimaksu vain k\u00e4teisell\u00e4. Kissanloukun panttihinta on&nbsp;40\u20ac. Koiranloukun panttihinta on&nbsp;70\u20ac. Otathan huomioon, ett\u00e4 koiranloukku on kookas (noin 163\u00d780\u00d780cm) ja loukun siirt\u00e4miseen vaaditaan joko pakettiauto tai per\u00e4k\u00e4rry. Ota yhteytt\u00e4 s\u00e4hk\u00f6postilla os. oulunesy@gmail.com.","og_url":"https:\/\/sey.fi\/oulu\/oulun-seudun-elainsuojeluyhdistys\/ohjeita\/lemmikki-karkuteilla\/","og_site_name":"Oulun seudun el\u00e4insuojeluyhdistys","article_modified_time":"2024-06-02T11:19:14+00:00","twitter_card":"summary_large_image","twitter_misc":{"Arvioitu lukuaika":"1 minuutti"},"schema":{"@context":"https:\/\/schema.org","@graph":[{"@type":"WebPage","@id":"https:\/\/sey.fi\/oulu\/oulun-seudun-elainsuojeluyhdistys\/ohjeita\/lemmikki-karkuteilla\/","url":"https:\/\/sey.fi\/oulu\/oulun-seudun-elainsuojeluyhdistys\/ohjeita\/lemmikki-karkuteilla\/","name":"Lemmikki karkuteill\u00e4 - Oulun seudun el\u00e4insuojeluyhdistys","isPartOf":{"@id":"https:\/\/sey.fi\/oulu\/#website"},"datePublished":"2019-11-04T13:00:29+00:00","dateModified":"2024-06-02T11:19:14+00:00","breadcrumb":{"@id":"https:\/\/sey.fi\/oulu\/oulun-seudun-elainsuojeluyhdistys\/ohjeita\/lemmikki-karkuteilla\/#breadcrumb"},"inLanguage":"fi","potentialAction":[{"@type":"ReadAction","target":["https:\/\/sey.fi\/oulu\/oulun-seudun-elainsuojeluyhdistys\/ohjeita\/lemmikki-karkuteilla\/"]}]},{"@type":"BreadcrumbList","@id":"https:\/\/sey.fi\/oulu\/oulun-seudun-elainsuojeluyhdistys\/ohjeita\/lemmikki-karkuteilla\/#breadcrumb","itemListElement":[{"@type":"ListItem","position":1,"name":"Home","item":"https:\/\/sey.fi\/oulu\/"},{"@type":"ListItem","position":2,"name":"Oulun seudun el\u00e4insuojeluyhdistys","item":"https:\/\/sey.fi\/oulu\/"},{"@type":"ListItem","position":3,"name":"Ohjeita","item":"https:\/\/sey.fi\/oulu\/oulun-seudun-elainsuojeluyhdistys\/ohjeita\/"},{"@type":"ListItem","position":4,"name":"Lemmikki karkuteill\u00e4"}]},{"@type":"WebSite","@id":"https:\/\/sey.fi\/oulu\/#website","url":"https:\/\/sey.fi\/oulu\/","name":"Oulun seudun el\u00e4insuojeluyhdistys","description":"Uusi SEY J\u00e4senyhdistykset -sivusto","potentialAction":[{"@type":"SearchAction","target":{"@type":"EntryPoint","urlTemplate":"https:\/\/sey.fi\/oulu\/?s={search_term_string}"},"query-input":{"@type":"PropertyValueSpecification","valueRequired":true,"valueName":"search_term_string"}}],"inLanguage":"fi"}]}},"_links":{"self":[{"href":"https:\/\/sey.fi\/oulu\/wp-json\/wp\/v2\/pages\/35","targetHints":{"allow":["GET"]}}],"collection":[{"href":"https:\/\/sey.fi\/oulu\/wp-json\/wp\/v2\/pages"}],"about":[{"href":"https:\/\/sey.fi\/oulu\/wp-json\/wp\/v2\/types\/page"}],"author":[{"embeddable":true,"href":"https:\/\/sey.fi\/oulu\/wp-json\/wp\/v2\/users\/8"}],"replies":[{"embeddable":true,"href":"https:\/\/sey.fi\/oulu\/wp-json\/wp\/v2\/comments?post=35"}],"version-history":[{"count":5,"href":"https:\/\/sey.fi\/oulu\/wp-json\/wp\/v2\/pages\/35\/revisions"}],"predecessor-version":[{"id":304,"href":"https:\/\/sey.fi\/oulu\/wp-json\/wp\/v2\/pages\/35\/revisions\/304"}],"up":[{"embeddable":true,"href":"https:\/\/sey.fi\/oulu\/wp-json\/wp\/v2\/pages\/29"}],"wp:attachment":[{"href":"https:\/\/sey.fi\/oulu\/wp-json\/wp\/v2\/media?parent=35"}],"curies":[{"name":"wp","href":"https:\/\/api.w.org\/{rel}","templated":true}]}}