{"id":37,"date":"2019-11-04T15:00:53","date_gmt":"2019-11-04T13:00:53","guid":{"rendered":"http:\/\/srvr10.xetpoint.com\/~seyfi\/oulu\/?page_id=37"},"modified":"2025-08-13T16:50:52","modified_gmt":"2025-08-13T13:50:52","slug":"loukkaantuneet-elaimet","status":"publish","type":"page","link":"https:\/\/sey.fi\/oulu\/oulun-seudun-elainsuojeluyhdistys\/ohjeita\/loukkaantuneet-elaimet\/","title":{"rendered":"Luonnonvaraiset el\u00e4imet"},"content":{"rendered":"\n<h1 class=\"wp-block-heading\">L\u00f6ysitk\u00f6 loukkaantuneen luonnonvaraisen el\u00e4imen?<\/h1>\n\n\n\n<p>El\u00e4intenpelastusteht\u00e4v\u00e4t kuuluvat kunnalliselle pelastuslaitokselle. Voit ilmoittaa loukkaantuneesta luonnonel\u00e4imest\u00e4 my\u00f6s l\u00e4himp\u00e4\u00e4n el\u00e4inhoitolaan, el\u00e4insairaalaan, el\u00e4inpuistoon, poliisille tai palolaitokselle. Suurista riistael\u00e4imist\u00e4 ja ihmisen turvallisuutta&nbsp;uhkaavista el\u00e4imist\u00e4 voi ilmoittaa my\u00f6s h\u00e4t\u00e4numeroon.<\/p>\n\n\n\n<p>Katso <a href=\"https:\/\/sey.fi\/oulu\/oulun-seudun-elainsuojeluyhdistys\/milloin-luonnonvarainen-elain-tarvitsee-ihmisen-apua\/\" target=\"_blank\" rel=\"noreferrer noopener\">t\u00e4\u00e4lt\u00e4<\/a>, milloin luonnonvarainen el\u00e4in tarvitsee ihmisen apua.<\/p>\n\n\n\n<h1 class=\"wp-block-heading\">Loukkaantuneet linnut<\/h1>\n\n\n\n<p>Loukkaantuneiden luonnonvaraisten lintujen tapauksessa voit ottaa yhteytt\u00e4&nbsp;<strong>Pohjois-Pohjanmaan lintutieteelliseen yhdistykseen<\/strong>. Hoito-ohjeita sek\u00e4 lista puhelinnumeroista l\u00f6ytyy <a href=\"https:\/\/www.pply.fi\/suojelu-ja-tutkimus\/loukkaantuneet-linnut\/\" target=\"_blank\" rel=\"noreferrer noopener\">PPLY:n sivuilta<\/a>.<\/p>\n\n\n\n<h1 class=\"wp-block-heading\">Loukkaantuneet muut luonnonvaraiset el\u00e4imet<\/h1>\n\n\n\n<p>Muita kuin lintuja (lajeista esim. j\u00e4nis, rusakko, siili, orava, kettu, sisilisko) hoitaa Luonnonel\u00e4inten puolella <strong>Luopu ry<\/strong>. Puhelinnumero:\u00a0045\u00a07837 9601.<\/p>\n\n\n\n<p><\/p>\n","protected":false},"excerpt":{"rendered":"<p>L\u00f6ysitk\u00f6 loukkaantuneen luonnonvaraisen el\u00e4imen? El\u00e4intenpelastusteht\u00e4v\u00e4t kuuluvat kunnalliselle pelastuslaitokselle. Voit ilmoittaa loukkaantuneesta luonnonel\u00e4imest\u00e4 my\u00f6s l\u00e4himp\u00e4\u00e4n el\u00e4inhoitolaan, el\u00e4insairaalaan, el\u00e4inpuistoon, poliisille tai palolaitokselle. Suurista riistael\u00e4imist\u00e4 ja ihmisen turvallisuutta&nbsp;uhkaavista el\u00e4imist\u00e4 voi ilmoittaa my\u00f6s h\u00e4t\u00e4numeroon. Katso t\u00e4\u00e4lt\u00e4, milloin luonnonvarainen el\u00e4in tarvitsee ihmisen apua. Loukkaantuneet linnut Loukkaantuneiden luonnonvaraisten lintujen tapauksessa voit ottaa yhteytt\u00e4&nbsp;Pohjois-Pohjanmaan lintutieteelliseen yhdistykseen. Hoito-ohjeita sek\u00e4 lista puhelinnumeroista l\u00f6ytyy PPLY:n [&hellip;]<\/p>\n","protected":false},"author":8,"featured_media":0,"parent":29,"menu_order":0,"comment_status":"closed","ping_status":"closed","template":"","meta":{"_acf_changed":false,"footnotes":""},"class_list":["post-37","page","type-page","status-publish","hentry"],"acf":[],"yoast_head":"<!-- This site is optimized with the Yoast SEO plugin v27.1.1 - https:\/\/yoast.com\/product\/yoast-seo-wordpress\/ -->\n<title>Luonnonvaraiset el\u00e4imet - Oulun seudun el\u00e4insuojeluyhdistys<\/title>\n<meta name=\"robots\" content=\"index, follow, max-snippet:-1, max-image-preview:large, max-video-preview:-1\" \/>\n<link rel=\"canonical\" href=\"https:\/\/sey.fi\/oulu\/oulun-seudun-elainsuojeluyhdistys\/ohjeita\/loukkaantuneet-elaimet\/\" \/>\n<meta property=\"og:locale\" content=\"fi_FI\" \/>\n<meta property=\"og:type\" content=\"article\" \/>\n<meta property=\"og:title\" content=\"Luonnonvaraiset el\u00e4imet - Oulun seudun el\u00e4insuojeluyhdistys\" \/>\n<meta property=\"og:description\" content=\"L\u00f6ysitk\u00f6 loukkaantuneen luonnonvaraisen el\u00e4imen? El\u00e4intenpelastusteht\u00e4v\u00e4t kuuluvat kunnalliselle pelastuslaitokselle. Voit ilmoittaa loukkaantuneesta luonnonel\u00e4imest\u00e4 my\u00f6s l\u00e4himp\u00e4\u00e4n el\u00e4inhoitolaan, el\u00e4insairaalaan, el\u00e4inpuistoon, poliisille tai palolaitokselle. Suurista riistael\u00e4imist\u00e4 ja ihmisen turvallisuutta&nbsp;uhkaavista el\u00e4imist\u00e4 voi ilmoittaa my\u00f6s h\u00e4t\u00e4numeroon. Katso t\u00e4\u00e4lt\u00e4, milloin luonnonvarainen el\u00e4in tarvitsee ihmisen apua. Loukkaantuneet linnut Loukkaantuneiden luonnonvaraisten lintujen tapauksessa voit ottaa yhteytt\u00e4&nbsp;Pohjois-Pohjanmaan lintutieteelliseen yhdistykseen. Hoito-ohjeita sek\u00e4 lista puhelinnumeroista l\u00f6ytyy PPLY:n [&hellip;]\" \/>\n<meta property=\"og:url\" content=\"https:\/\/sey.fi\/oulu\/oulun-seudun-elainsuojeluyhdistys\/ohjeita\/loukkaantuneet-elaimet\/\" \/>\n<meta property=\"og:site_name\" content=\"Oulun seudun el\u00e4insuojeluyhdistys\" \/>\n<meta property=\"article:modified_time\" content=\"2025-08-13T13:50:52+00:00\" \/>\n<meta name=\"twitter:card\" content=\"summary_large_image\" \/>\n<meta name=\"twitter:label1\" content=\"Arvioitu lukuaika\" \/>\n\t<meta name=\"twitter:data1\" content=\"1 minuutti\" \/>\n<script type=\"application\/ld+json\" class=\"yoast-schema-graph\">{\"@context\":\"https:\/\/schema.org\",\"@graph\":[{\"@type\":\"WebPage\",\"@id\":\"https:\/\/sey.fi\/oulu\/oulun-seudun-elainsuojeluyhdistys\/ohjeita\/loukkaantuneet-elaimet\/\",\"url\":\"https:\/\/sey.fi\/oulu\/oulun-seudun-elainsuojeluyhdistys\/ohjeita\/loukkaantuneet-elaimet\/\",\"name\":\"Luonnonvaraiset el\u00e4imet - Oulun seudun el\u00e4insuojeluyhdistys\",\"isPartOf\":{\"@id\":\"https:\/\/sey.fi\/oulu\/#website\"},\"datePublished\":\"2019-11-04T13:00:53+00:00\",\"dateModified\":\"2025-08-13T13:50:52+00:00\",\"breadcrumb\":{\"@id\":\"https:\/\/sey.fi\/oulu\/oulun-seudun-elainsuojeluyhdistys\/ohjeita\/loukkaantuneet-elaimet\/#breadcrumb\"},\"inLanguage\":\"fi\",\"potentialAction\":[{\"@type\":\"ReadAction\",\"target\":[\"https:\/\/sey.fi\/oulu\/oulun-seudun-elainsuojeluyhdistys\/ohjeita\/loukkaantuneet-elaimet\/\"]}]},{\"@type\":\"BreadcrumbList\",\"@id\":\"https:\/\/sey.fi\/oulu\/oulun-seudun-elainsuojeluyhdistys\/ohjeita\/loukkaantuneet-elaimet\/#breadcrumb\",\"itemListElement\":[{\"@type\":\"ListItem\",\"position\":1,\"name\":\"Home\",\"item\":\"https:\/\/sey.fi\/oulu\/\"},{\"@type\":\"ListItem\",\"position\":2,\"name\":\"Oulun seudun el\u00e4insuojeluyhdistys\",\"item\":\"https:\/\/sey.fi\/oulu\/\"},{\"@type\":\"ListItem\",\"position\":3,\"name\":\"Ohjeita\",\"item\":\"https:\/\/sey.fi\/oulu\/oulun-seudun-elainsuojeluyhdistys\/ohjeita\/\"},{\"@type\":\"ListItem\",\"position\":4,\"name\":\"Luonnonvaraiset el\u00e4imet\"}]},{\"@type\":\"WebSite\",\"@id\":\"https:\/\/sey.fi\/oulu\/#website\",\"url\":\"https:\/\/sey.fi\/oulu\/\",\"name\":\"Oulun seudun el\u00e4insuojeluyhdistys\",\"description\":\"Uusi SEY J\u00e4senyhdistykset -sivusto\",\"potentialAction\":[{\"@type\":\"SearchAction\",\"target\":{\"@type\":\"EntryPoint\",\"urlTemplate\":\"https:\/\/sey.fi\/oulu\/?s={search_term_string}\"},\"query-input\":{\"@type\":\"PropertyValueSpecification\",\"valueRequired\":true,\"valueName\":\"search_term_string\"}}],\"inLanguage\":\"fi\"}]}<\/script>\n<!-- \/ Yoast SEO plugin. -->","yoast_head_json":{"title":"Luonnonvaraiset el\u00e4imet - Oulun seudun el\u00e4insuojeluyhdistys","robots":{"index":"index","follow":"follow","max-snippet":"max-snippet:-1","max-image-preview":"max-image-preview:large","max-video-preview":"max-video-preview:-1"},"canonical":"https:\/\/sey.fi\/oulu\/oulun-seudun-elainsuojeluyhdistys\/ohjeita\/loukkaantuneet-elaimet\/","og_locale":"fi_FI","og_type":"article","og_title":"Luonnonvaraiset el\u00e4imet - Oulun seudun el\u00e4insuojeluyhdistys","og_description":"L\u00f6ysitk\u00f6 loukkaantuneen luonnonvaraisen el\u00e4imen? El\u00e4intenpelastusteht\u00e4v\u00e4t kuuluvat kunnalliselle pelastuslaitokselle. Voit ilmoittaa loukkaantuneesta luonnonel\u00e4imest\u00e4 my\u00f6s l\u00e4himp\u00e4\u00e4n el\u00e4inhoitolaan, el\u00e4insairaalaan, el\u00e4inpuistoon, poliisille tai palolaitokselle. Suurista riistael\u00e4imist\u00e4 ja ihmisen turvallisuutta&nbsp;uhkaavista el\u00e4imist\u00e4 voi ilmoittaa my\u00f6s h\u00e4t\u00e4numeroon. Katso t\u00e4\u00e4lt\u00e4, milloin luonnonvarainen el\u00e4in tarvitsee ihmisen apua. Loukkaantuneet linnut Loukkaantuneiden luonnonvaraisten lintujen tapauksessa voit ottaa yhteytt\u00e4&nbsp;Pohjois-Pohjanmaan lintutieteelliseen yhdistykseen. Hoito-ohjeita sek\u00e4 lista puhelinnumeroista l\u00f6ytyy PPLY:n [&hellip;]","og_url":"https:\/\/sey.fi\/oulu\/oulun-seudun-elainsuojeluyhdistys\/ohjeita\/loukkaantuneet-elaimet\/","og_site_name":"Oulun seudun el\u00e4insuojeluyhdistys","article_modified_time":"2025-08-13T13:50:52+00:00","twitter_card":"summary_large_image","twitter_misc":{"Arvioitu lukuaika":"1 minuutti"},"schema":{"@context":"https:\/\/schema.org","@graph":[{"@type":"WebPage","@id":"https:\/\/sey.fi\/oulu\/oulun-seudun-elainsuojeluyhdistys\/ohjeita\/loukkaantuneet-elaimet\/","url":"https:\/\/sey.fi\/oulu\/oulun-seudun-elainsuojeluyhdistys\/ohjeita\/loukkaantuneet-elaimet\/","name":"Luonnonvaraiset el\u00e4imet - Oulun seudun el\u00e4insuojeluyhdistys","isPartOf":{"@id":"https:\/\/sey.fi\/oulu\/#website"},"datePublished":"2019-11-04T13:00:53+00:00","dateModified":"2025-08-13T13:50:52+00:00","breadcrumb":{"@id":"https:\/\/sey.fi\/oulu\/oulun-seudun-elainsuojeluyhdistys\/ohjeita\/loukkaantuneet-elaimet\/#breadcrumb"},"inLanguage":"fi","potentialAction":[{"@type":"ReadAction","target":["https:\/\/sey.fi\/oulu\/oulun-seudun-elainsuojeluyhdistys\/ohjeita\/loukkaantuneet-elaimet\/"]}]},{"@type":"BreadcrumbList","@id":"https:\/\/sey.fi\/oulu\/oulun-seudun-elainsuojeluyhdistys\/ohjeita\/loukkaantuneet-elaimet\/#breadcrumb","itemListElement":[{"@type":"ListItem","position":1,"name":"Home","item":"https:\/\/sey.fi\/oulu\/"},{"@type":"ListItem","position":2,"name":"Oulun seudun el\u00e4insuojeluyhdistys","item":"https:\/\/sey.fi\/oulu\/"},{"@type":"ListItem","position":3,"name":"Ohjeita","item":"https:\/\/sey.fi\/oulu\/oulun-seudun-elainsuojeluyhdistys\/ohjeita\/"},{"@type":"ListItem","position":4,"name":"Luonnonvaraiset el\u00e4imet"}]},{"@type":"WebSite","@id":"https:\/\/sey.fi\/oulu\/#website","url":"https:\/\/sey.fi\/oulu\/","name":"Oulun seudun el\u00e4insuojeluyhdistys","description":"Uusi SEY J\u00e4senyhdistykset -sivusto","potentialAction":[{"@type":"SearchAction","target":{"@type":"EntryPoint","urlTemplate":"https:\/\/sey.fi\/oulu\/?s={search_term_string}"},"query-input":{"@type":"PropertyValueSpecification","valueRequired":true,"valueName":"search_term_string"}}],"inLanguage":"fi"}]}},"_links":{"self":[{"href":"https:\/\/sey.fi\/oulu\/wp-json\/wp\/v2\/pages\/37","targetHints":{"allow":["GET"]}}],"collection":[{"href":"https:\/\/sey.fi\/oulu\/wp-json\/wp\/v2\/pages"}],"about":[{"href":"https:\/\/sey.fi\/oulu\/wp-json\/wp\/v2\/types\/page"}],"author":[{"embeddable":true,"href":"https:\/\/sey.fi\/oulu\/wp-json\/wp\/v2\/users\/8"}],"replies":[{"embeddable":true,"href":"https:\/\/sey.fi\/oulu\/wp-json\/wp\/v2\/comments?post=37"}],"version-history":[{"count":9,"href":"https:\/\/sey.fi\/oulu\/wp-json\/wp\/v2\/pages\/37\/revisions"}],"predecessor-version":[{"id":352,"href":"https:\/\/sey.fi\/oulu\/wp-json\/wp\/v2\/pages\/37\/revisions\/352"}],"up":[{"embeddable":true,"href":"https:\/\/sey.fi\/oulu\/wp-json\/wp\/v2\/pages\/29"}],"wp:attachment":[{"href":"https:\/\/sey.fi\/oulu\/wp-json\/wp\/v2\/media?parent=37"}],"curies":[{"name":"wp","href":"https:\/\/api.w.org\/{rel}","templated":true}]}}