{"id":39,"date":"2019-11-04T15:01:41","date_gmt":"2019-11-04T13:01:41","guid":{"rendered":"http:\/\/srvr10.xetpoint.com\/~seyfi\/oulu\/?page_id=39"},"modified":"2024-09-16T16:40:40","modified_gmt":"2024-09-16T13:40:40","slug":"sijaiskoti-tarpeessa","status":"publish","type":"page","link":"https:\/\/sey.fi\/oulu\/oulun-seudun-elainsuojeluyhdistys\/ohjeita\/sijaiskoti-tarpeessa\/","title":{"rendered":"Sijaiskodin tarpeessa"},"content":{"rendered":"\n<h1 class=\"wp-block-heading\">Kun tarvitset el\u00e4imellesi sijaiskotia<\/h1>\n\n\n\n<p>Yhdistyksell\u00e4mme on sijaiskoteja erilaisista sosiaalisista syist\u00e4 kodittomaksi j\u00e4\u00e4neille el\u00e4imille. Jos omistaja on esimerkiksi sairaalahoidossa tai jopa kuollut, eik\u00e4 sukulaisia ole, yhdistys voi j\u00e4rjest\u00e4\u00e4 el\u00e4imelle turvapaikan siksi aikaa ett\u00e4 el\u00e4in l\u00f6yt\u00e4\u00e4 uuden kodin tai palautuu takaisin omistajalleen. Sijaiskodin tarpeessa ota yhteytt\u00e4 meihin s\u00e4hk\u00f6postilla <a href=\"mailto:oulunesy@gmail.com\">oulunesy@gmail.com<\/a>.<\/p>\n","protected":false},"excerpt":{"rendered":"<p>Kun tarvitset el\u00e4imellesi sijaiskotia Yhdistyksell\u00e4mme on sijaiskoteja erilaisista sosiaalisista syist\u00e4 kodittomaksi j\u00e4\u00e4neille el\u00e4imille. Jos omistaja on esimerkiksi sairaalahoidossa tai jopa kuollut, eik\u00e4 sukulaisia ole, yhdistys voi j\u00e4rjest\u00e4\u00e4 el\u00e4imelle turvapaikan siksi aikaa ett\u00e4 el\u00e4in l\u00f6yt\u00e4\u00e4 uuden kodin tai palautuu takaisin omistajalleen. Sijaiskodin tarpeessa ota yhteytt\u00e4 meihin s\u00e4hk\u00f6postilla oulunesy@gmail.com.<\/p>\n","protected":false},"author":8,"featured_media":0,"parent":29,"menu_order":0,"comment_status":"closed","ping_status":"closed","template":"","meta":{"_acf_changed":false,"footnotes":""},"class_list":["post-39","page","type-page","status-publish","hentry"],"acf":[],"yoast_head":"<!-- This site is optimized with the Yoast SEO plugin v27.1.1 - https:\/\/yoast.com\/product\/yoast-seo-wordpress\/ -->\n<title>Sijaiskodin tarpeessa - Oulun seudun el\u00e4insuojeluyhdistys<\/title>\n<meta name=\"robots\" content=\"index, follow, max-snippet:-1, max-image-preview:large, max-video-preview:-1\" \/>\n<link rel=\"canonical\" href=\"https:\/\/sey.fi\/oulu\/oulun-seudun-elainsuojeluyhdistys\/ohjeita\/sijaiskoti-tarpeessa\/\" \/>\n<meta property=\"og:locale\" content=\"fi_FI\" \/>\n<meta property=\"og:type\" content=\"article\" \/>\n<meta property=\"og:title\" content=\"Sijaiskodin tarpeessa - Oulun seudun el\u00e4insuojeluyhdistys\" \/>\n<meta property=\"og:description\" content=\"Kun tarvitset el\u00e4imellesi sijaiskotia Yhdistyksell\u00e4mme on sijaiskoteja erilaisista sosiaalisista syist\u00e4 kodittomaksi j\u00e4\u00e4neille el\u00e4imille. Jos omistaja on esimerkiksi sairaalahoidossa tai jopa kuollut, eik\u00e4 sukulaisia ole, yhdistys voi j\u00e4rjest\u00e4\u00e4 el\u00e4imelle turvapaikan siksi aikaa ett\u00e4 el\u00e4in l\u00f6yt\u00e4\u00e4 uuden kodin tai palautuu takaisin omistajalleen. Sijaiskodin tarpeessa ota yhteytt\u00e4 meihin s\u00e4hk\u00f6postilla oulunesy@gmail.com.\" \/>\n<meta property=\"og:url\" content=\"https:\/\/sey.fi\/oulu\/oulun-seudun-elainsuojeluyhdistys\/ohjeita\/sijaiskoti-tarpeessa\/\" \/>\n<meta property=\"og:site_name\" content=\"Oulun seudun el\u00e4insuojeluyhdistys\" \/>\n<meta property=\"article:modified_time\" content=\"2024-09-16T13:40:40+00:00\" \/>\n<meta name=\"twitter:card\" content=\"summary_large_image\" \/>\n<meta name=\"twitter:label1\" content=\"Arvioitu lukuaika\" \/>\n\t<meta name=\"twitter:data1\" content=\"1 minuutti\" \/>\n<script type=\"application\/ld+json\" class=\"yoast-schema-graph\">{\"@context\":\"https:\/\/schema.org\",\"@graph\":[{\"@type\":\"WebPage\",\"@id\":\"https:\/\/sey.fi\/oulu\/oulun-seudun-elainsuojeluyhdistys\/ohjeita\/sijaiskoti-tarpeessa\/\",\"url\":\"https:\/\/sey.fi\/oulu\/oulun-seudun-elainsuojeluyhdistys\/ohjeita\/sijaiskoti-tarpeessa\/\",\"name\":\"Sijaiskodin tarpeessa - Oulun seudun el\u00e4insuojeluyhdistys\",\"isPartOf\":{\"@id\":\"https:\/\/sey.fi\/oulu\/#website\"},\"datePublished\":\"2019-11-04T13:01:41+00:00\",\"dateModified\":\"2024-09-16T13:40:40+00:00\",\"breadcrumb\":{\"@id\":\"https:\/\/sey.fi\/oulu\/oulun-seudun-elainsuojeluyhdistys\/ohjeita\/sijaiskoti-tarpeessa\/#breadcrumb\"},\"inLanguage\":\"fi\",\"potentialAction\":[{\"@type\":\"ReadAction\",\"target\":[\"https:\/\/sey.fi\/oulu\/oulun-seudun-elainsuojeluyhdistys\/ohjeita\/sijaiskoti-tarpeessa\/\"]}]},{\"@type\":\"BreadcrumbList\",\"@id\":\"https:\/\/sey.fi\/oulu\/oulun-seudun-elainsuojeluyhdistys\/ohjeita\/sijaiskoti-tarpeessa\/#breadcrumb\",\"itemListElement\":[{\"@type\":\"ListItem\",\"position\":1,\"name\":\"Home\",\"item\":\"https:\/\/sey.fi\/oulu\/\"},{\"@type\":\"ListItem\",\"position\":2,\"name\":\"Oulun seudun el\u00e4insuojeluyhdistys\",\"item\":\"https:\/\/sey.fi\/oulu\/\"},{\"@type\":\"ListItem\",\"position\":3,\"name\":\"Ohjeita\",\"item\":\"https:\/\/sey.fi\/oulu\/oulun-seudun-elainsuojeluyhdistys\/ohjeita\/\"},{\"@type\":\"ListItem\",\"position\":4,\"name\":\"Sijaiskodin tarpeessa\"}]},{\"@type\":\"WebSite\",\"@id\":\"https:\/\/sey.fi\/oulu\/#website\",\"url\":\"https:\/\/sey.fi\/oulu\/\",\"name\":\"Oulun seudun el\u00e4insuojeluyhdistys\",\"description\":\"Uusi SEY J\u00e4senyhdistykset -sivusto\",\"potentialAction\":[{\"@type\":\"SearchAction\",\"target\":{\"@type\":\"EntryPoint\",\"urlTemplate\":\"https:\/\/sey.fi\/oulu\/?s={search_term_string}\"},\"query-input\":{\"@type\":\"PropertyValueSpecification\",\"valueRequired\":true,\"valueName\":\"search_term_string\"}}],\"inLanguage\":\"fi\"}]}<\/script>\n<!-- \/ Yoast SEO plugin. -->","yoast_head_json":{"title":"Sijaiskodin tarpeessa - Oulun seudun el\u00e4insuojeluyhdistys","robots":{"index":"index","follow":"follow","max-snippet":"max-snippet:-1","max-image-preview":"max-image-preview:large","max-video-preview":"max-video-preview:-1"},"canonical":"https:\/\/sey.fi\/oulu\/oulun-seudun-elainsuojeluyhdistys\/ohjeita\/sijaiskoti-tarpeessa\/","og_locale":"fi_FI","og_type":"article","og_title":"Sijaiskodin tarpeessa - Oulun seudun el\u00e4insuojeluyhdistys","og_description":"Kun tarvitset el\u00e4imellesi sijaiskotia Yhdistyksell\u00e4mme on sijaiskoteja erilaisista sosiaalisista syist\u00e4 kodittomaksi j\u00e4\u00e4neille el\u00e4imille. Jos omistaja on esimerkiksi sairaalahoidossa tai jopa kuollut, eik\u00e4 sukulaisia ole, yhdistys voi j\u00e4rjest\u00e4\u00e4 el\u00e4imelle turvapaikan siksi aikaa ett\u00e4 el\u00e4in l\u00f6yt\u00e4\u00e4 uuden kodin tai palautuu takaisin omistajalleen. Sijaiskodin tarpeessa ota yhteytt\u00e4 meihin s\u00e4hk\u00f6postilla oulunesy@gmail.com.","og_url":"https:\/\/sey.fi\/oulu\/oulun-seudun-elainsuojeluyhdistys\/ohjeita\/sijaiskoti-tarpeessa\/","og_site_name":"Oulun seudun el\u00e4insuojeluyhdistys","article_modified_time":"2024-09-16T13:40:40+00:00","twitter_card":"summary_large_image","twitter_misc":{"Arvioitu lukuaika":"1 minuutti"},"schema":{"@context":"https:\/\/schema.org","@graph":[{"@type":"WebPage","@id":"https:\/\/sey.fi\/oulu\/oulun-seudun-elainsuojeluyhdistys\/ohjeita\/sijaiskoti-tarpeessa\/","url":"https:\/\/sey.fi\/oulu\/oulun-seudun-elainsuojeluyhdistys\/ohjeita\/sijaiskoti-tarpeessa\/","name":"Sijaiskodin tarpeessa - Oulun seudun el\u00e4insuojeluyhdistys","isPartOf":{"@id":"https:\/\/sey.fi\/oulu\/#website"},"datePublished":"2019-11-04T13:01:41+00:00","dateModified":"2024-09-16T13:40:40+00:00","breadcrumb":{"@id":"https:\/\/sey.fi\/oulu\/oulun-seudun-elainsuojeluyhdistys\/ohjeita\/sijaiskoti-tarpeessa\/#breadcrumb"},"inLanguage":"fi","potentialAction":[{"@type":"ReadAction","target":["https:\/\/sey.fi\/oulu\/oulun-seudun-elainsuojeluyhdistys\/ohjeita\/sijaiskoti-tarpeessa\/"]}]},{"@type":"BreadcrumbList","@id":"https:\/\/sey.fi\/oulu\/oulun-seudun-elainsuojeluyhdistys\/ohjeita\/sijaiskoti-tarpeessa\/#breadcrumb","itemListElement":[{"@type":"ListItem","position":1,"name":"Home","item":"https:\/\/sey.fi\/oulu\/"},{"@type":"ListItem","position":2,"name":"Oulun seudun el\u00e4insuojeluyhdistys","item":"https:\/\/sey.fi\/oulu\/"},{"@type":"ListItem","position":3,"name":"Ohjeita","item":"https:\/\/sey.fi\/oulu\/oulun-seudun-elainsuojeluyhdistys\/ohjeita\/"},{"@type":"ListItem","position":4,"name":"Sijaiskodin tarpeessa"}]},{"@type":"WebSite","@id":"https:\/\/sey.fi\/oulu\/#website","url":"https:\/\/sey.fi\/oulu\/","name":"Oulun seudun el\u00e4insuojeluyhdistys","description":"Uusi SEY J\u00e4senyhdistykset -sivusto","potentialAction":[{"@type":"SearchAction","target":{"@type":"EntryPoint","urlTemplate":"https:\/\/sey.fi\/oulu\/?s={search_term_string}"},"query-input":{"@type":"PropertyValueSpecification","valueRequired":true,"valueName":"search_term_string"}}],"inLanguage":"fi"}]}},"_links":{"self":[{"href":"https:\/\/sey.fi\/oulu\/wp-json\/wp\/v2\/pages\/39","targetHints":{"allow":["GET"]}}],"collection":[{"href":"https:\/\/sey.fi\/oulu\/wp-json\/wp\/v2\/pages"}],"about":[{"href":"https:\/\/sey.fi\/oulu\/wp-json\/wp\/v2\/types\/page"}],"author":[{"embeddable":true,"href":"https:\/\/sey.fi\/oulu\/wp-json\/wp\/v2\/users\/8"}],"replies":[{"embeddable":true,"href":"https:\/\/sey.fi\/oulu\/wp-json\/wp\/v2\/comments?post=39"}],"version-history":[{"count":4,"href":"https:\/\/sey.fi\/oulu\/wp-json\/wp\/v2\/pages\/39\/revisions"}],"predecessor-version":[{"id":329,"href":"https:\/\/sey.fi\/oulu\/wp-json\/wp\/v2\/pages\/39\/revisions\/329"}],"up":[{"embeddable":true,"href":"https:\/\/sey.fi\/oulu\/wp-json\/wp\/v2\/pages\/29"}],"wp:attachment":[{"href":"https:\/\/sey.fi\/oulu\/wp-json\/wp\/v2\/media?parent=39"}],"curies":[{"name":"wp","href":"https:\/\/api.w.org\/{rel}","templated":true}]}}