{"id":41,"date":"2019-11-04T15:02:02","date_gmt":"2019-11-04T13:02:02","guid":{"rendered":"http:\/\/srvr10.xetpoint.com\/~seyfi\/oulu\/?page_id=41"},"modified":"2025-10-29T17:07:43","modified_gmt":"2025-10-29T15:07:43","slug":"loytoelaimet","status":"publish","type":"page","link":"https:\/\/sey.fi\/oulu\/oulun-seudun-elainsuojeluyhdistys\/ohjeita\/loytoelaimet\/","title":{"rendered":"L\u00f6yt\u00f6el\u00e4imet"},"content":{"rendered":"\n<p>Oulun ymp\u00e4rist\u00f6kunnissa toimii useita l\u00f6yt\u00f6el\u00e4inkoteja. El\u00e4inkodit ovat yksityisyrityksi\u00e4, jotka ovat sopineet l\u00f6yt\u00f6el\u00e4inten hoidosta kunnan kanssa.&nbsp;<strong>Oulun El\u00e4insuojeluyhdistys ei suoraan ota vastaan l\u00f6yt\u00f6el\u00e4imi\u00e4.<\/strong><\/p>\n\n\n\n<p><\/p>\n\n\n\n<p>Pohjois-Pohjanmaalla l\u00f6yt\u00f6el\u00e4imi\u00e4 hoitaa:<\/p>\n\n\n\n<h2 class=\"wp-block-heading\">Oulu ja ymp\u00e4rist\u00f6kunnat (Haukipudas, Kello, Yli-Ii, Kiiminki, Ylikiiminki, J\u00e4\u00e4li, Muhos, Liminka, Lumijoki ja Tyrn\u00e4v\u00e4)<\/h2>\n\n\n\n<p><strong>Lemmikkihoitola Vierashuone<\/strong><br>044 9700 699<br><a href=\"http:\/\/vierashuone.fi\/\" target=\"_blank\" rel=\"noreferrer noopener\">http:\/\/vierashuone.fi\/<\/a><\/p>\n\n\n\n<h2 class=\"wp-block-heading\">Kempele, Oulunsalo ja Hailuoto<\/h2>\n\n\n\n<p><strong>Oulun el\u00e4inkoti<\/strong><br>044 069 0371<br><a href=\"https:\/\/www.oulunelainkoti.fi\/\" target=\"_blank\" rel=\"noreferrer noopener\">https:\/\/www.oulunelainkoti.fi\/<\/a><\/p>\n\n\n\n<h2 class=\"wp-block-heading\">Ii, Simo<\/h2>\n\n\n\n<p><strong>Kuivaniemen koirahoitola<\/strong><br><strong>Kari Meril\u00e4inen<\/strong><br>Kuusistontie 15, 95110 Kuivaniemi<br>puh. 040 720 0506<\/p>\n\n\n\n<h2 class=\"wp-block-heading\">Pudasj\u00e4rvi<\/h2>\n\n\n\n<p><strong>Christa van der Vegt<\/strong><br>Konttilantie 898, 93190 Yli-Siurua<br>Puh. 046 657 4161<br><a href=\"mailto:loytoelaimet.pudasjarvi@gmail.com\">loytoelaimet.pudasjarvi@gmail.com<\/a><\/p>\n\n\n\n<h2 class=\"wp-block-heading\">Utaj\u00e4rvi, Vaala ja Puolanka<\/h2>\n\n\n\n<p><strong>Sari Lukkari<\/strong><br>Kortteentie 73, 91730 Kankari<br>puh. 050 554 7508<\/p>\n\n\n\n<h2 class=\"wp-block-heading\">Yli-Ii<\/h2>\n\n\n\n<p><strong>Pekka M\u00e4kel\u00e4<\/strong><br>040 019 9200<\/p>\n","protected":false},"excerpt":{"rendered":"<p>Oulun ymp\u00e4rist\u00f6kunnissa toimii useita l\u00f6yt\u00f6el\u00e4inkoteja. El\u00e4inkodit ovat yksityisyrityksi\u00e4, jotka ovat sopineet l\u00f6yt\u00f6el\u00e4inten hoidosta kunnan kanssa.&nbsp;Oulun El\u00e4insuojeluyhdistys ei suoraan ota vastaan l\u00f6yt\u00f6el\u00e4imi\u00e4. Pohjois-Pohjanmaalla l\u00f6yt\u00f6el\u00e4imi\u00e4 hoitaa: Oulu ja ymp\u00e4rist\u00f6kunnat (Haukipudas, Kello, Yli-Ii, Kiiminki, Ylikiiminki, J\u00e4\u00e4li, Muhos, Liminka, Lumijoki ja Tyrn\u00e4v\u00e4) Lemmikkihoitola Vierashuone044 9700 699http:\/\/vierashuone.fi\/ Kempele, Oulunsalo ja Hailuoto Oulun el\u00e4inkoti044 069 0371https:\/\/www.oulunelainkoti.fi\/ Ii, Simo Kuivaniemen koirahoitolaKari Meril\u00e4inenKuusistontie [&hellip;]<\/p>\n","protected":false},"author":8,"featured_media":0,"parent":29,"menu_order":0,"comment_status":"closed","ping_status":"closed","template":"","meta":{"_acf_changed":false,"footnotes":""},"class_list":["post-41","page","type-page","status-publish","hentry"],"acf":[],"yoast_head":"<!-- This site is optimized with the Yoast SEO plugin v27.1.1 - https:\/\/yoast.com\/product\/yoast-seo-wordpress\/ -->\n<title>L\u00f6yt\u00f6el\u00e4imet - Oulun seudun el\u00e4insuojeluyhdistys<\/title>\n<meta name=\"robots\" content=\"index, follow, max-snippet:-1, max-image-preview:large, max-video-preview:-1\" \/>\n<link rel=\"canonical\" href=\"https:\/\/sey.fi\/oulu\/oulun-seudun-elainsuojeluyhdistys\/ohjeita\/loytoelaimet\/\" \/>\n<meta property=\"og:locale\" content=\"fi_FI\" \/>\n<meta property=\"og:type\" content=\"article\" \/>\n<meta property=\"og:title\" content=\"L\u00f6yt\u00f6el\u00e4imet - Oulun seudun el\u00e4insuojeluyhdistys\" \/>\n<meta property=\"og:description\" content=\"Oulun ymp\u00e4rist\u00f6kunnissa toimii useita l\u00f6yt\u00f6el\u00e4inkoteja. El\u00e4inkodit ovat yksityisyrityksi\u00e4, jotka ovat sopineet l\u00f6yt\u00f6el\u00e4inten hoidosta kunnan kanssa.&nbsp;Oulun El\u00e4insuojeluyhdistys ei suoraan ota vastaan l\u00f6yt\u00f6el\u00e4imi\u00e4. Pohjois-Pohjanmaalla l\u00f6yt\u00f6el\u00e4imi\u00e4 hoitaa: Oulu ja ymp\u00e4rist\u00f6kunnat (Haukipudas, Kello, Yli-Ii, Kiiminki, Ylikiiminki, J\u00e4\u00e4li, Muhos, Liminka, Lumijoki ja Tyrn\u00e4v\u00e4) Lemmikkihoitola Vierashuone044 9700 699http:\/\/vierashuone.fi\/ Kempele, Oulunsalo ja Hailuoto Oulun el\u00e4inkoti044 069 0371https:\/\/www.oulunelainkoti.fi\/ Ii, Simo Kuivaniemen koirahoitolaKari Meril\u00e4inenKuusistontie [&hellip;]\" \/>\n<meta property=\"og:url\" content=\"https:\/\/sey.fi\/oulu\/oulun-seudun-elainsuojeluyhdistys\/ohjeita\/loytoelaimet\/\" \/>\n<meta property=\"og:site_name\" content=\"Oulun seudun el\u00e4insuojeluyhdistys\" \/>\n<meta property=\"article:modified_time\" content=\"2025-10-29T15:07:43+00:00\" \/>\n<meta name=\"twitter:card\" content=\"summary_large_image\" \/>\n<meta name=\"twitter:label1\" content=\"Arvioitu lukuaika\" \/>\n\t<meta name=\"twitter:data1\" content=\"1 minuutti\" \/>\n<script type=\"application\/ld+json\" class=\"yoast-schema-graph\">{\"@context\":\"https:\/\/schema.org\",\"@graph\":[{\"@type\":\"WebPage\",\"@id\":\"https:\/\/sey.fi\/oulu\/oulun-seudun-elainsuojeluyhdistys\/ohjeita\/loytoelaimet\/\",\"url\":\"https:\/\/sey.fi\/oulu\/oulun-seudun-elainsuojeluyhdistys\/ohjeita\/loytoelaimet\/\",\"name\":\"L\u00f6yt\u00f6el\u00e4imet - Oulun seudun el\u00e4insuojeluyhdistys\",\"isPartOf\":{\"@id\":\"https:\/\/sey.fi\/oulu\/#website\"},\"datePublished\":\"2019-11-04T13:02:02+00:00\",\"dateModified\":\"2025-10-29T15:07:43+00:00\",\"breadcrumb\":{\"@id\":\"https:\/\/sey.fi\/oulu\/oulun-seudun-elainsuojeluyhdistys\/ohjeita\/loytoelaimet\/#breadcrumb\"},\"inLanguage\":\"fi\",\"potentialAction\":[{\"@type\":\"ReadAction\",\"target\":[\"https:\/\/sey.fi\/oulu\/oulun-seudun-elainsuojeluyhdistys\/ohjeita\/loytoelaimet\/\"]}]},{\"@type\":\"BreadcrumbList\",\"@id\":\"https:\/\/sey.fi\/oulu\/oulun-seudun-elainsuojeluyhdistys\/ohjeita\/loytoelaimet\/#breadcrumb\",\"itemListElement\":[{\"@type\":\"ListItem\",\"position\":1,\"name\":\"Home\",\"item\":\"https:\/\/sey.fi\/oulu\/\"},{\"@type\":\"ListItem\",\"position\":2,\"name\":\"Oulun seudun el\u00e4insuojeluyhdistys\",\"item\":\"https:\/\/sey.fi\/oulu\/\"},{\"@type\":\"ListItem\",\"position\":3,\"name\":\"Ohjeita\",\"item\":\"https:\/\/sey.fi\/oulu\/oulun-seudun-elainsuojeluyhdistys\/ohjeita\/\"},{\"@type\":\"ListItem\",\"position\":4,\"name\":\"L\u00f6yt\u00f6el\u00e4imet\"}]},{\"@type\":\"WebSite\",\"@id\":\"https:\/\/sey.fi\/oulu\/#website\",\"url\":\"https:\/\/sey.fi\/oulu\/\",\"name\":\"Oulun seudun el\u00e4insuojeluyhdistys\",\"description\":\"Uusi SEY J\u00e4senyhdistykset -sivusto\",\"potentialAction\":[{\"@type\":\"SearchAction\",\"target\":{\"@type\":\"EntryPoint\",\"urlTemplate\":\"https:\/\/sey.fi\/oulu\/?s={search_term_string}\"},\"query-input\":{\"@type\":\"PropertyValueSpecification\",\"valueRequired\":true,\"valueName\":\"search_term_string\"}}],\"inLanguage\":\"fi\"}]}<\/script>\n<!-- \/ Yoast SEO plugin. -->","yoast_head_json":{"title":"L\u00f6yt\u00f6el\u00e4imet - Oulun seudun el\u00e4insuojeluyhdistys","robots":{"index":"index","follow":"follow","max-snippet":"max-snippet:-1","max-image-preview":"max-image-preview:large","max-video-preview":"max-video-preview:-1"},"canonical":"https:\/\/sey.fi\/oulu\/oulun-seudun-elainsuojeluyhdistys\/ohjeita\/loytoelaimet\/","og_locale":"fi_FI","og_type":"article","og_title":"L\u00f6yt\u00f6el\u00e4imet - Oulun seudun el\u00e4insuojeluyhdistys","og_description":"Oulun ymp\u00e4rist\u00f6kunnissa toimii useita l\u00f6yt\u00f6el\u00e4inkoteja. El\u00e4inkodit ovat yksityisyrityksi\u00e4, jotka ovat sopineet l\u00f6yt\u00f6el\u00e4inten hoidosta kunnan kanssa.&nbsp;Oulun El\u00e4insuojeluyhdistys ei suoraan ota vastaan l\u00f6yt\u00f6el\u00e4imi\u00e4. Pohjois-Pohjanmaalla l\u00f6yt\u00f6el\u00e4imi\u00e4 hoitaa: Oulu ja ymp\u00e4rist\u00f6kunnat (Haukipudas, Kello, Yli-Ii, Kiiminki, Ylikiiminki, J\u00e4\u00e4li, Muhos, Liminka, Lumijoki ja Tyrn\u00e4v\u00e4) Lemmikkihoitola Vierashuone044 9700 699http:\/\/vierashuone.fi\/ Kempele, Oulunsalo ja Hailuoto Oulun el\u00e4inkoti044 069 0371https:\/\/www.oulunelainkoti.fi\/ Ii, Simo Kuivaniemen koirahoitolaKari Meril\u00e4inenKuusistontie [&hellip;]","og_url":"https:\/\/sey.fi\/oulu\/oulun-seudun-elainsuojeluyhdistys\/ohjeita\/loytoelaimet\/","og_site_name":"Oulun seudun el\u00e4insuojeluyhdistys","article_modified_time":"2025-10-29T15:07:43+00:00","twitter_card":"summary_large_image","twitter_misc":{"Arvioitu lukuaika":"1 minuutti"},"schema":{"@context":"https:\/\/schema.org","@graph":[{"@type":"WebPage","@id":"https:\/\/sey.fi\/oulu\/oulun-seudun-elainsuojeluyhdistys\/ohjeita\/loytoelaimet\/","url":"https:\/\/sey.fi\/oulu\/oulun-seudun-elainsuojeluyhdistys\/ohjeita\/loytoelaimet\/","name":"L\u00f6yt\u00f6el\u00e4imet - Oulun seudun el\u00e4insuojeluyhdistys","isPartOf":{"@id":"https:\/\/sey.fi\/oulu\/#website"},"datePublished":"2019-11-04T13:02:02+00:00","dateModified":"2025-10-29T15:07:43+00:00","breadcrumb":{"@id":"https:\/\/sey.fi\/oulu\/oulun-seudun-elainsuojeluyhdistys\/ohjeita\/loytoelaimet\/#breadcrumb"},"inLanguage":"fi","potentialAction":[{"@type":"ReadAction","target":["https:\/\/sey.fi\/oulu\/oulun-seudun-elainsuojeluyhdistys\/ohjeita\/loytoelaimet\/"]}]},{"@type":"BreadcrumbList","@id":"https:\/\/sey.fi\/oulu\/oulun-seudun-elainsuojeluyhdistys\/ohjeita\/loytoelaimet\/#breadcrumb","itemListElement":[{"@type":"ListItem","position":1,"name":"Home","item":"https:\/\/sey.fi\/oulu\/"},{"@type":"ListItem","position":2,"name":"Oulun seudun el\u00e4insuojeluyhdistys","item":"https:\/\/sey.fi\/oulu\/"},{"@type":"ListItem","position":3,"name":"Ohjeita","item":"https:\/\/sey.fi\/oulu\/oulun-seudun-elainsuojeluyhdistys\/ohjeita\/"},{"@type":"ListItem","position":4,"name":"L\u00f6yt\u00f6el\u00e4imet"}]},{"@type":"WebSite","@id":"https:\/\/sey.fi\/oulu\/#website","url":"https:\/\/sey.fi\/oulu\/","name":"Oulun seudun el\u00e4insuojeluyhdistys","description":"Uusi SEY J\u00e4senyhdistykset -sivusto","potentialAction":[{"@type":"SearchAction","target":{"@type":"EntryPoint","urlTemplate":"https:\/\/sey.fi\/oulu\/?s={search_term_string}"},"query-input":{"@type":"PropertyValueSpecification","valueRequired":true,"valueName":"search_term_string"}}],"inLanguage":"fi"}]}},"_links":{"self":[{"href":"https:\/\/sey.fi\/oulu\/wp-json\/wp\/v2\/pages\/41","targetHints":{"allow":["GET"]}}],"collection":[{"href":"https:\/\/sey.fi\/oulu\/wp-json\/wp\/v2\/pages"}],"about":[{"href":"https:\/\/sey.fi\/oulu\/wp-json\/wp\/v2\/types\/page"}],"author":[{"embeddable":true,"href":"https:\/\/sey.fi\/oulu\/wp-json\/wp\/v2\/users\/8"}],"replies":[{"embeddable":true,"href":"https:\/\/sey.fi\/oulu\/wp-json\/wp\/v2\/comments?post=41"}],"version-history":[{"count":5,"href":"https:\/\/sey.fi\/oulu\/wp-json\/wp\/v2\/pages\/41\/revisions"}],"predecessor-version":[{"id":360,"href":"https:\/\/sey.fi\/oulu\/wp-json\/wp\/v2\/pages\/41\/revisions\/360"}],"up":[{"embeddable":true,"href":"https:\/\/sey.fi\/oulu\/wp-json\/wp\/v2\/pages\/29"}],"wp:attachment":[{"href":"https:\/\/sey.fi\/oulu\/wp-json\/wp\/v2\/media?parent=41"}],"curies":[{"name":"wp","href":"https:\/\/api.w.org\/{rel}","templated":true}]}}