{"id":45,"date":"2019-11-04T15:03:41","date_gmt":"2019-11-04T13:03:41","guid":{"rendered":"http:\/\/srvr10.xetpoint.com\/~seyfi\/oulu\/?page_id=45"},"modified":"2025-06-18T18:55:11","modified_gmt":"2025-06-18T15:55:11","slug":"osallistu","status":"publish","type":"page","link":"https:\/\/sey.fi\/oulu\/oulun-seudun-elainsuojeluyhdistys\/osallistu\/","title":{"rendered":"Osallistu"},"content":{"rendered":"\n<h1 class=\"wp-block-heading\">Tule mukaan toimintaamme!<\/h1>\n\n\n\n<p>Yhdistyksell\u00e4mme on tarjota monia erilaisia vapaaehtoistoiminnan muotoja, joilla voit osallistua paikalliseen el\u00e4insuojeluty\u00f6h\u00f6n. Vapaaehtoisella ei tarvitse olla mit\u00e4\u00e4n erityistaitoja. Auttaa voi monella tavalla ja jokaisella on jotakin annettavaa!<br><br><\/p>\n\n\n\n<h2 class=\"wp-block-heading\">N\u00e4in voit osallistua:<\/h2>\n\n\n\n<ul class=\"wp-block-list\">\n<li><a href=\"https:\/\/sey.fi\/oulu\/oulun-seudun-elainsuojeluyhdistys\/osallistu\/liity-jaseneksi\/\">Liity j\u00e4seneksi<\/a> &#8211; jo j\u00e4senmaksun maksaminen auttaa el\u00e4imi\u00e4!<\/li>\n\n\n\n<li>Tarjoa v\u00e4liaikainen&nbsp;<a href=\"https:\/\/sey.fi\/oulu\/oulun-seudun-elainsuojeluyhdistys\/toimintamme\/sijaiskotitoiminta\/\">sijaiskoti<\/a>&nbsp;kodittomalle el\u00e4imelle &#8211; autat konkreettisesti yht\u00e4 tai useampaa el\u00e4int\u00e4 l\u00f6yt\u00e4m\u00e4\u00e4n uuden kodin.<\/li>\n\n\n\n<li>Jos et itse voi ottaa el\u00e4int\u00e4 kotiisi, voit olla avuksi sijaiskotiel\u00e4imelle:\n<ul class=\"wp-block-list\">\n<li>lahjoittamalla ruokaa, kuivikkeita, tarvikkeita, leluja tai matol\u00e4\u00e4kkeit\u00e4.<\/li>\n\n\n\n<li>auttamalla uuden kodin etsinn\u00e4ss\u00e4 levitt\u00e4m\u00e4ll\u00e4 kodinhakuilmoitusta sosiaalisessa mediassa.<\/li>\n<\/ul>\n<\/li>\n\n\n\n<li>J\u00e4rjest\u00e4 lahjoitustapahtuma tai ker\u00e4ys yhdistyksen toiminnan tukemiseksi (my\u00f6s sosiaalisessa mediassa) *<\/li>\n\n\n\n<li>Tule yhdistyksemme infop\u00f6yd\u00e4n taakse erilaisiin tapahtumiin levitt\u00e4m\u00e4\u00e4n tietoa toiminnasta ja ker\u00e4\u00e4m\u00e4\u00e4n varoja.<\/li>\n\n\n\n<li>Toimi apuna erilaisissa el\u00e4inten kuljetusteht\u00e4viss\u00e4 (luonnonvaraiset el\u00e4imet, loukutetut kissat ym.) omalla autollasi.<\/li>\n\n\n\n<li>Lahjoita tekemi\u00e4si k\u00e4sit\u00f6it\u00e4, koruja, postikortteja, taidetta yms., jotka myym\u00e4ll\u00e4 yhdistyksemme saa varoja toimintaan, tai piirr\u00e4 kuvia joita voimme k\u00e4ytt\u00e4\u00e4 myyntituotteissa tai kampanjoissa. *<\/li>\n\n\n\n<li>K\u00e4y kertomassa el\u00e4insuojelusta ja el\u00e4inten hyv\u00e4st\u00e4 kohtelusta kerhoissa, kouluilla ja oppilaitoksissa (SEYn kouluvierailija), j\u00e4rjest\u00e4 Ellu-kursseja nuorille tai lapsille (SEYn el\u00e4intaitokouluttaja). **<\/li>\n<\/ul>\n\n\n\n<p>* voit osallistua vaikka et olisi t\u00e4ysi-ik\u00e4inen<br>** sinun t\u00e4ytyy olla SEY:n j\u00e4sen voidaksesi osallistua<\/p>\n\n\n\n<p><br>Jos kiinnostuit jostain auttamisen muodosta, voit ilmoittautua vapaaehtoiseksi os. <a href=\"mailto:oulunesy@gmail.com\">oulunesy@gmail.com<\/a>.  S\u00e4hk\u00f6postilla voit my\u00f6s tiedustella olisiko el\u00e4imi\u00e4 mahdollisesti sijaiskodissa sinun kaupunginosassasi.<\/p>\n\n\n\n<p>On my\u00f6s hyv\u00e4 muistaa, ett\u00e4 meist\u00e4 jokainen voi edist\u00e4\u00e4 el\u00e4inten hyvinvointia joka p\u00e4iv\u00e4 omilla teoillaan ja valinnoillaan.<\/p>\n","protected":false},"excerpt":{"rendered":"<p>Tule mukaan toimintaamme! Yhdistyksell\u00e4mme on tarjota monia erilaisia vapaaehtoistoiminnan muotoja, joilla voit osallistua paikalliseen el\u00e4insuojeluty\u00f6h\u00f6n. Vapaaehtoisella ei tarvitse olla mit\u00e4\u00e4n erityistaitoja. Auttaa voi monella tavalla ja jokaisella on jotakin annettavaa! N\u00e4in voit osallistua: * voit osallistua vaikka et olisi t\u00e4ysi-ik\u00e4inen** sinun t\u00e4ytyy olla SEY:n j\u00e4sen voidaksesi osallistua Jos kiinnostuit jostain auttamisen muodosta, voit ilmoittautua vapaaehtoiseksi [&hellip;]<\/p>\n","protected":false},"author":8,"featured_media":0,"parent":2,"menu_order":0,"comment_status":"closed","ping_status":"closed","template":"","meta":{"_acf_changed":false,"footnotes":""},"class_list":["post-45","page","type-page","status-publish","hentry"],"acf":[],"yoast_head":"<!-- This site is optimized with the Yoast SEO plugin v27.1.1 - https:\/\/yoast.com\/product\/yoast-seo-wordpress\/ -->\n<title>Osallistu - Oulun seudun el\u00e4insuojeluyhdistys<\/title>\n<meta name=\"robots\" content=\"index, follow, max-snippet:-1, max-image-preview:large, max-video-preview:-1\" \/>\n<link rel=\"canonical\" href=\"https:\/\/sey.fi\/oulu\/oulun-seudun-elainsuojeluyhdistys\/osallistu\/\" \/>\n<meta property=\"og:locale\" content=\"fi_FI\" \/>\n<meta property=\"og:type\" content=\"article\" \/>\n<meta property=\"og:title\" content=\"Osallistu - Oulun seudun el\u00e4insuojeluyhdistys\" \/>\n<meta property=\"og:description\" content=\"Tule mukaan toimintaamme! Yhdistyksell\u00e4mme on tarjota monia erilaisia vapaaehtoistoiminnan muotoja, joilla voit osallistua paikalliseen el\u00e4insuojeluty\u00f6h\u00f6n. Vapaaehtoisella ei tarvitse olla mit\u00e4\u00e4n erityistaitoja. Auttaa voi monella tavalla ja jokaisella on jotakin annettavaa! N\u00e4in voit osallistua: * voit osallistua vaikka et olisi t\u00e4ysi-ik\u00e4inen** sinun t\u00e4ytyy olla SEY:n j\u00e4sen voidaksesi osallistua Jos kiinnostuit jostain auttamisen muodosta, voit ilmoittautua vapaaehtoiseksi [&hellip;]\" \/>\n<meta property=\"og:url\" content=\"https:\/\/sey.fi\/oulu\/oulun-seudun-elainsuojeluyhdistys\/osallistu\/\" \/>\n<meta property=\"og:site_name\" content=\"Oulun seudun el\u00e4insuojeluyhdistys\" \/>\n<meta property=\"article:modified_time\" content=\"2025-06-18T15:55:11+00:00\" \/>\n<meta name=\"twitter:card\" content=\"summary_large_image\" \/>\n<meta name=\"twitter:label1\" content=\"Arvioitu lukuaika\" \/>\n\t<meta name=\"twitter:data1\" content=\"2 minuuttia\" \/>\n<script type=\"application\/ld+json\" class=\"yoast-schema-graph\">{\"@context\":\"https:\/\/schema.org\",\"@graph\":[{\"@type\":\"WebPage\",\"@id\":\"https:\/\/sey.fi\/oulu\/oulun-seudun-elainsuojeluyhdistys\/osallistu\/\",\"url\":\"https:\/\/sey.fi\/oulu\/oulun-seudun-elainsuojeluyhdistys\/osallistu\/\",\"name\":\"Osallistu - Oulun seudun el\u00e4insuojeluyhdistys\",\"isPartOf\":{\"@id\":\"https:\/\/sey.fi\/oulu\/#website\"},\"datePublished\":\"2019-11-04T13:03:41+00:00\",\"dateModified\":\"2025-06-18T15:55:11+00:00\",\"breadcrumb\":{\"@id\":\"https:\/\/sey.fi\/oulu\/oulun-seudun-elainsuojeluyhdistys\/osallistu\/#breadcrumb\"},\"inLanguage\":\"fi\",\"potentialAction\":[{\"@type\":\"ReadAction\",\"target\":[\"https:\/\/sey.fi\/oulu\/oulun-seudun-elainsuojeluyhdistys\/osallistu\/\"]}]},{\"@type\":\"BreadcrumbList\",\"@id\":\"https:\/\/sey.fi\/oulu\/oulun-seudun-elainsuojeluyhdistys\/osallistu\/#breadcrumb\",\"itemListElement\":[{\"@type\":\"ListItem\",\"position\":1,\"name\":\"Home\",\"item\":\"https:\/\/sey.fi\/oulu\/\"},{\"@type\":\"ListItem\",\"position\":2,\"name\":\"Oulun seudun el\u00e4insuojeluyhdistys\",\"item\":\"https:\/\/sey.fi\/oulu\/\"},{\"@type\":\"ListItem\",\"position\":3,\"name\":\"Osallistu\"}]},{\"@type\":\"WebSite\",\"@id\":\"https:\/\/sey.fi\/oulu\/#website\",\"url\":\"https:\/\/sey.fi\/oulu\/\",\"name\":\"Oulun seudun el\u00e4insuojeluyhdistys\",\"description\":\"Uusi SEY J\u00e4senyhdistykset -sivusto\",\"potentialAction\":[{\"@type\":\"SearchAction\",\"target\":{\"@type\":\"EntryPoint\",\"urlTemplate\":\"https:\/\/sey.fi\/oulu\/?s={search_term_string}\"},\"query-input\":{\"@type\":\"PropertyValueSpecification\",\"valueRequired\":true,\"valueName\":\"search_term_string\"}}],\"inLanguage\":\"fi\"}]}<\/script>\n<!-- \/ Yoast SEO plugin. -->","yoast_head_json":{"title":"Osallistu - Oulun seudun el\u00e4insuojeluyhdistys","robots":{"index":"index","follow":"follow","max-snippet":"max-snippet:-1","max-image-preview":"max-image-preview:large","max-video-preview":"max-video-preview:-1"},"canonical":"https:\/\/sey.fi\/oulu\/oulun-seudun-elainsuojeluyhdistys\/osallistu\/","og_locale":"fi_FI","og_type":"article","og_title":"Osallistu - Oulun seudun el\u00e4insuojeluyhdistys","og_description":"Tule mukaan toimintaamme! Yhdistyksell\u00e4mme on tarjota monia erilaisia vapaaehtoistoiminnan muotoja, joilla voit osallistua paikalliseen el\u00e4insuojeluty\u00f6h\u00f6n. Vapaaehtoisella ei tarvitse olla mit\u00e4\u00e4n erityistaitoja. Auttaa voi monella tavalla ja jokaisella on jotakin annettavaa! N\u00e4in voit osallistua: * voit osallistua vaikka et olisi t\u00e4ysi-ik\u00e4inen** sinun t\u00e4ytyy olla SEY:n j\u00e4sen voidaksesi osallistua Jos kiinnostuit jostain auttamisen muodosta, voit ilmoittautua vapaaehtoiseksi [&hellip;]","og_url":"https:\/\/sey.fi\/oulu\/oulun-seudun-elainsuojeluyhdistys\/osallistu\/","og_site_name":"Oulun seudun el\u00e4insuojeluyhdistys","article_modified_time":"2025-06-18T15:55:11+00:00","twitter_card":"summary_large_image","twitter_misc":{"Arvioitu lukuaika":"2 minuuttia"},"schema":{"@context":"https:\/\/schema.org","@graph":[{"@type":"WebPage","@id":"https:\/\/sey.fi\/oulu\/oulun-seudun-elainsuojeluyhdistys\/osallistu\/","url":"https:\/\/sey.fi\/oulu\/oulun-seudun-elainsuojeluyhdistys\/osallistu\/","name":"Osallistu - Oulun seudun el\u00e4insuojeluyhdistys","isPartOf":{"@id":"https:\/\/sey.fi\/oulu\/#website"},"datePublished":"2019-11-04T13:03:41+00:00","dateModified":"2025-06-18T15:55:11+00:00","breadcrumb":{"@id":"https:\/\/sey.fi\/oulu\/oulun-seudun-elainsuojeluyhdistys\/osallistu\/#breadcrumb"},"inLanguage":"fi","potentialAction":[{"@type":"ReadAction","target":["https:\/\/sey.fi\/oulu\/oulun-seudun-elainsuojeluyhdistys\/osallistu\/"]}]},{"@type":"BreadcrumbList","@id":"https:\/\/sey.fi\/oulu\/oulun-seudun-elainsuojeluyhdistys\/osallistu\/#breadcrumb","itemListElement":[{"@type":"ListItem","position":1,"name":"Home","item":"https:\/\/sey.fi\/oulu\/"},{"@type":"ListItem","position":2,"name":"Oulun seudun el\u00e4insuojeluyhdistys","item":"https:\/\/sey.fi\/oulu\/"},{"@type":"ListItem","position":3,"name":"Osallistu"}]},{"@type":"WebSite","@id":"https:\/\/sey.fi\/oulu\/#website","url":"https:\/\/sey.fi\/oulu\/","name":"Oulun seudun el\u00e4insuojeluyhdistys","description":"Uusi SEY J\u00e4senyhdistykset -sivusto","potentialAction":[{"@type":"SearchAction","target":{"@type":"EntryPoint","urlTemplate":"https:\/\/sey.fi\/oulu\/?s={search_term_string}"},"query-input":{"@type":"PropertyValueSpecification","valueRequired":true,"valueName":"search_term_string"}}],"inLanguage":"fi"}]}},"_links":{"self":[{"href":"https:\/\/sey.fi\/oulu\/wp-json\/wp\/v2\/pages\/45","targetHints":{"allow":["GET"]}}],"collection":[{"href":"https:\/\/sey.fi\/oulu\/wp-json\/wp\/v2\/pages"}],"about":[{"href":"https:\/\/sey.fi\/oulu\/wp-json\/wp\/v2\/types\/page"}],"author":[{"embeddable":true,"href":"https:\/\/sey.fi\/oulu\/wp-json\/wp\/v2\/users\/8"}],"replies":[{"embeddable":true,"href":"https:\/\/sey.fi\/oulu\/wp-json\/wp\/v2\/comments?post=45"}],"version-history":[{"count":3,"href":"https:\/\/sey.fi\/oulu\/wp-json\/wp\/v2\/pages\/45\/revisions"}],"predecessor-version":[{"id":349,"href":"https:\/\/sey.fi\/oulu\/wp-json\/wp\/v2\/pages\/45\/revisions\/349"}],"up":[{"embeddable":true,"href":"https:\/\/sey.fi\/oulu\/wp-json\/wp\/v2\/pages\/2"}],"wp:attachment":[{"href":"https:\/\/sey.fi\/oulu\/wp-json\/wp\/v2\/media?parent=45"}],"curies":[{"name":"wp","href":"https:\/\/api.w.org\/{rel}","templated":true}]}}