{"id":47,"date":"2019-11-04T15:04:10","date_gmt":"2019-11-04T13:04:10","guid":{"rendered":"http:\/\/srvr10.xetpoint.com\/~seyfi\/oulu\/?page_id=47"},"modified":"2026-03-25T18:04:34","modified_gmt":"2026-03-25T16:04:34","slug":"haluatko-sijaiskodiksi","status":"publish","type":"page","link":"https:\/\/sey.fi\/oulu\/oulun-seudun-elainsuojeluyhdistys\/osallistu\/haluatko-sijaiskodiksi\/","title":{"rendered":"Sijaiskodiksi?"},"content":{"rendered":"\n<p><\/p>\n\n\n\n<p>Oulun esy etsii huostaanotettaville tai muista syist\u00e4 kodittomaksi j\u00e4\u00e4neille el\u00e4imille (erityisesti kissoille, mutta my\u00f6s koirille ja kaneille) el\u00e4inrakkaita ja vastuuntuntoisia sijaiskoteja Oulun seudulta. Yhdistys maksaa ruoka-, l\u00e4\u00e4kint\u00e4-, kissanhiekka-, ym. kulut. Oma lemmikki ei ole esteen\u00e4 sijaiskotiudelle, jos el\u00e4imen rokotukset ovat kunnossa.<\/p>\n\n\n\n<p>Uusia sijaiskoteja tarvitaan jatkuvasti. Sopisitko sin\u00e4 sijaiskodiksi? Ota yhteytt\u00e4 meihin&nbsp;os. <a href=\"mailto:oulunesy@gmail.com\">oulunesy@gmail.com<\/a>, niin jutellaan lis\u00e4\u00e4.<\/p>\n\n\n\n<h2 class=\"wp-block-heading\">Sijaiskodilta vaaditaan<\/h2>\n\n\n\n<ul class=\"wp-block-list\">\n<li>valmiutta ottaa el\u00e4in mahdollisesti hyvin lyhyell\u00e4kin varoitusajalla<\/li>\n\n\n\n<li>sitoutumista el\u00e4imen hoitoon ennalta-arvaamattomaksi ajaksi (viikkoja\/kuukausia, joskus jopa vuosi)<\/li>\n\n\n\n<li>aktiivisuutta yhteydenpitoon el\u00e4insuojeluyhdistyksen kanssa<\/li>\n\n\n\n<li>aikaa vastata el\u00e4int\u00e4 koskeviin tiedusteluihin (s\u00e4hk\u00f6postitse\/puhelimitse)<\/li>\n\n\n\n<li>ihmistuntemusta, jotta osaa luovuttaa el\u00e4imen eteenp\u00e4in hyv\u00e4\u00e4n kotiin<\/li>\n\n\n\n<li>halua huolehtia el\u00e4imest\u00e4 kuin omastaan<\/li>\n\n\n\n<li>mahdollisuutta vied\u00e4 el\u00e4in el\u00e4inl\u00e4\u00e4k\u00e4riin (eli jos et omista autoa, saat kyydin naapurilta&nbsp;tai kuljet jouhevasti&nbsp;bussilla)<\/li>\n\n\n\n<li>kyky\u00e4 luopua el\u00e4imest\u00e4 kun aika koittaa<\/li>\n\n\n\n<li>sijaiskotisopimuksen noudattamista ja allekirjoittajan t\u00e4ysi-ik\u00e4isyytt\u00e4<\/li>\n<\/ul>\n\n\n\n<h2 class=\"wp-block-heading\">Sijaiskotitoiminta antaa<\/h2>\n\n\n\n<ul class=\"wp-block-list\">\n<li>auttamisen riemun<\/li>\n\n\n\n<li>el\u00e4inyst\u00e4v\u00e4n<\/li>\n\n\n\n<li>vertaistukea sek\u00e4 k\u00e4yt\u00e4nn\u00f6n apua muista sijaiskodeista<\/li>\n\n\n\n<li>uusia yst\u00e4vi\u00e4 samanhenkisist\u00e4 ihmisist\u00e4<\/li>\n\n\n\n<li>vapauden, kun el\u00e4in p\u00e4\u00e4see uuteen kotiin (vrt. omasta lemmikist\u00e4 voit olla vastuussa 15-20 vuotta kerrallaan, sijaiskotiel\u00e4imest\u00e4 esim. 5 kuukautta tai 3 viikkoa.)<\/li>\n<\/ul>\n\n\n\n<p>Sijaiskotitoiminta on vapaaehtoista k\u00e4yt\u00e4nn\u00f6n el\u00e4insuojeluty\u00f6t\u00e4 parhaimmillaan!<\/p>\n\n\n\n<p><a href=\"https:\/\/oulunesy.blogspot.com\/2025\/04\/haluaisitko-sijaiskodiksi-oulun-esylle.html#:~:text=Kerro%20sijaiskotihakemuksessa%20kattavasti%20esim.%20seuraavaa%3A%C2%A0\" id=\"https:\/\/oulunesy.blogspot.com\/2025\/04\/haluaisitko-sijaiskodiksi-oulun-esylle.html#:~:text=Kerro%20sijaiskotihakemuksessa%20kattavasti%20esim.%20seuraavaa%3A%C2%A0\">Blogistamme<\/a> l\u00f6yd\u00e4t apukysymyksi\u00e4 kattavan sijaiskotihakemuksen kirjoittamiseen. \ud83d\ude42<\/p>\n\n\n\n<h3 class=\"wp-block-heading\"><\/h3>\n","protected":false},"excerpt":{"rendered":"<p>Oulun esy etsii huostaanotettaville tai muista syist\u00e4 kodittomaksi j\u00e4\u00e4neille el\u00e4imille (erityisesti kissoille, mutta my\u00f6s koirille ja kaneille) el\u00e4inrakkaita ja vastuuntuntoisia sijaiskoteja Oulun seudulta. Yhdistys maksaa ruoka-, l\u00e4\u00e4kint\u00e4-, kissanhiekka-, ym. kulut. Oma lemmikki ei ole esteen\u00e4 sijaiskotiudelle, jos el\u00e4imen rokotukset ovat kunnossa. Uusia sijaiskoteja tarvitaan jatkuvasti. Sopisitko sin\u00e4 sijaiskodiksi? Ota yhteytt\u00e4 meihin&nbsp;os. oulunesy@gmail.com, niin jutellaan lis\u00e4\u00e4. [&hellip;]<\/p>\n","protected":false},"author":8,"featured_media":0,"parent":45,"menu_order":0,"comment_status":"closed","ping_status":"closed","template":"","meta":{"_acf_changed":false,"footnotes":""},"class_list":["post-47","page","type-page","status-publish","hentry"],"acf":[],"yoast_head":"<!-- This site is optimized with the Yoast SEO plugin v27.1.1 - https:\/\/yoast.com\/product\/yoast-seo-wordpress\/ -->\n<title>Sijaiskodiksi? - Oulun seudun el\u00e4insuojeluyhdistys<\/title>\n<meta name=\"robots\" content=\"index, follow, max-snippet:-1, max-image-preview:large, max-video-preview:-1\" \/>\n<link rel=\"canonical\" href=\"https:\/\/sey.fi\/oulu\/oulun-seudun-elainsuojeluyhdistys\/osallistu\/haluatko-sijaiskodiksi\/\" \/>\n<meta property=\"og:locale\" content=\"fi_FI\" \/>\n<meta property=\"og:type\" content=\"article\" \/>\n<meta property=\"og:title\" content=\"Sijaiskodiksi? - Oulun seudun el\u00e4insuojeluyhdistys\" \/>\n<meta property=\"og:description\" content=\"Oulun esy etsii huostaanotettaville tai muista syist\u00e4 kodittomaksi j\u00e4\u00e4neille el\u00e4imille (erityisesti kissoille, mutta my\u00f6s koirille ja kaneille) el\u00e4inrakkaita ja vastuuntuntoisia sijaiskoteja Oulun seudulta. Yhdistys maksaa ruoka-, l\u00e4\u00e4kint\u00e4-, kissanhiekka-, ym. kulut. Oma lemmikki ei ole esteen\u00e4 sijaiskotiudelle, jos el\u00e4imen rokotukset ovat kunnossa. Uusia sijaiskoteja tarvitaan jatkuvasti. Sopisitko sin\u00e4 sijaiskodiksi? Ota yhteytt\u00e4 meihin&nbsp;os. oulunesy@gmail.com, niin jutellaan lis\u00e4\u00e4. [&hellip;]\" \/>\n<meta property=\"og:url\" content=\"https:\/\/sey.fi\/oulu\/oulun-seudun-elainsuojeluyhdistys\/osallistu\/haluatko-sijaiskodiksi\/\" \/>\n<meta property=\"og:site_name\" content=\"Oulun seudun el\u00e4insuojeluyhdistys\" \/>\n<meta property=\"article:modified_time\" content=\"2026-03-25T16:04:34+00:00\" \/>\n<meta name=\"twitter:card\" content=\"summary_large_image\" \/>\n<meta name=\"twitter:label1\" content=\"Arvioitu lukuaika\" \/>\n\t<meta name=\"twitter:data1\" content=\"2 minuuttia\" \/>\n<script type=\"application\/ld+json\" class=\"yoast-schema-graph\">{\"@context\":\"https:\/\/schema.org\",\"@graph\":[{\"@type\":\"WebPage\",\"@id\":\"https:\/\/sey.fi\/oulu\/oulun-seudun-elainsuojeluyhdistys\/osallistu\/haluatko-sijaiskodiksi\/\",\"url\":\"https:\/\/sey.fi\/oulu\/oulun-seudun-elainsuojeluyhdistys\/osallistu\/haluatko-sijaiskodiksi\/\",\"name\":\"Sijaiskodiksi? - Oulun seudun el\u00e4insuojeluyhdistys\",\"isPartOf\":{\"@id\":\"https:\/\/sey.fi\/oulu\/#website\"},\"datePublished\":\"2019-11-04T13:04:10+00:00\",\"dateModified\":\"2026-03-25T16:04:34+00:00\",\"breadcrumb\":{\"@id\":\"https:\/\/sey.fi\/oulu\/oulun-seudun-elainsuojeluyhdistys\/osallistu\/haluatko-sijaiskodiksi\/#breadcrumb\"},\"inLanguage\":\"fi\",\"potentialAction\":[{\"@type\":\"ReadAction\",\"target\":[\"https:\/\/sey.fi\/oulu\/oulun-seudun-elainsuojeluyhdistys\/osallistu\/haluatko-sijaiskodiksi\/\"]}]},{\"@type\":\"BreadcrumbList\",\"@id\":\"https:\/\/sey.fi\/oulu\/oulun-seudun-elainsuojeluyhdistys\/osallistu\/haluatko-sijaiskodiksi\/#breadcrumb\",\"itemListElement\":[{\"@type\":\"ListItem\",\"position\":1,\"name\":\"Home\",\"item\":\"https:\/\/sey.fi\/oulu\/\"},{\"@type\":\"ListItem\",\"position\":2,\"name\":\"Oulun seudun el\u00e4insuojeluyhdistys\",\"item\":\"https:\/\/sey.fi\/oulu\/\"},{\"@type\":\"ListItem\",\"position\":3,\"name\":\"Osallistu\",\"item\":\"https:\/\/sey.fi\/oulu\/oulun-seudun-elainsuojeluyhdistys\/osallistu\/\"},{\"@type\":\"ListItem\",\"position\":4,\"name\":\"Sijaiskodiksi?\"}]},{\"@type\":\"WebSite\",\"@id\":\"https:\/\/sey.fi\/oulu\/#website\",\"url\":\"https:\/\/sey.fi\/oulu\/\",\"name\":\"Oulun seudun el\u00e4insuojeluyhdistys\",\"description\":\"Uusi SEY J\u00e4senyhdistykset -sivusto\",\"potentialAction\":[{\"@type\":\"SearchAction\",\"target\":{\"@type\":\"EntryPoint\",\"urlTemplate\":\"https:\/\/sey.fi\/oulu\/?s={search_term_string}\"},\"query-input\":{\"@type\":\"PropertyValueSpecification\",\"valueRequired\":true,\"valueName\":\"search_term_string\"}}],\"inLanguage\":\"fi\"}]}<\/script>\n<!-- \/ Yoast SEO plugin. -->","yoast_head_json":{"title":"Sijaiskodiksi? - Oulun seudun el\u00e4insuojeluyhdistys","robots":{"index":"index","follow":"follow","max-snippet":"max-snippet:-1","max-image-preview":"max-image-preview:large","max-video-preview":"max-video-preview:-1"},"canonical":"https:\/\/sey.fi\/oulu\/oulun-seudun-elainsuojeluyhdistys\/osallistu\/haluatko-sijaiskodiksi\/","og_locale":"fi_FI","og_type":"article","og_title":"Sijaiskodiksi? - Oulun seudun el\u00e4insuojeluyhdistys","og_description":"Oulun esy etsii huostaanotettaville tai muista syist\u00e4 kodittomaksi j\u00e4\u00e4neille el\u00e4imille (erityisesti kissoille, mutta my\u00f6s koirille ja kaneille) el\u00e4inrakkaita ja vastuuntuntoisia sijaiskoteja Oulun seudulta. Yhdistys maksaa ruoka-, l\u00e4\u00e4kint\u00e4-, kissanhiekka-, ym. kulut. Oma lemmikki ei ole esteen\u00e4 sijaiskotiudelle, jos el\u00e4imen rokotukset ovat kunnossa. Uusia sijaiskoteja tarvitaan jatkuvasti. Sopisitko sin\u00e4 sijaiskodiksi? Ota yhteytt\u00e4 meihin&nbsp;os. oulunesy@gmail.com, niin jutellaan lis\u00e4\u00e4. [&hellip;]","og_url":"https:\/\/sey.fi\/oulu\/oulun-seudun-elainsuojeluyhdistys\/osallistu\/haluatko-sijaiskodiksi\/","og_site_name":"Oulun seudun el\u00e4insuojeluyhdistys","article_modified_time":"2026-03-25T16:04:34+00:00","twitter_card":"summary_large_image","twitter_misc":{"Arvioitu lukuaika":"2 minuuttia"},"schema":{"@context":"https:\/\/schema.org","@graph":[{"@type":"WebPage","@id":"https:\/\/sey.fi\/oulu\/oulun-seudun-elainsuojeluyhdistys\/osallistu\/haluatko-sijaiskodiksi\/","url":"https:\/\/sey.fi\/oulu\/oulun-seudun-elainsuojeluyhdistys\/osallistu\/haluatko-sijaiskodiksi\/","name":"Sijaiskodiksi? - Oulun seudun el\u00e4insuojeluyhdistys","isPartOf":{"@id":"https:\/\/sey.fi\/oulu\/#website"},"datePublished":"2019-11-04T13:04:10+00:00","dateModified":"2026-03-25T16:04:34+00:00","breadcrumb":{"@id":"https:\/\/sey.fi\/oulu\/oulun-seudun-elainsuojeluyhdistys\/osallistu\/haluatko-sijaiskodiksi\/#breadcrumb"},"inLanguage":"fi","potentialAction":[{"@type":"ReadAction","target":["https:\/\/sey.fi\/oulu\/oulun-seudun-elainsuojeluyhdistys\/osallistu\/haluatko-sijaiskodiksi\/"]}]},{"@type":"BreadcrumbList","@id":"https:\/\/sey.fi\/oulu\/oulun-seudun-elainsuojeluyhdistys\/osallistu\/haluatko-sijaiskodiksi\/#breadcrumb","itemListElement":[{"@type":"ListItem","position":1,"name":"Home","item":"https:\/\/sey.fi\/oulu\/"},{"@type":"ListItem","position":2,"name":"Oulun seudun el\u00e4insuojeluyhdistys","item":"https:\/\/sey.fi\/oulu\/"},{"@type":"ListItem","position":3,"name":"Osallistu","item":"https:\/\/sey.fi\/oulu\/oulun-seudun-elainsuojeluyhdistys\/osallistu\/"},{"@type":"ListItem","position":4,"name":"Sijaiskodiksi?"}]},{"@type":"WebSite","@id":"https:\/\/sey.fi\/oulu\/#website","url":"https:\/\/sey.fi\/oulu\/","name":"Oulun seudun el\u00e4insuojeluyhdistys","description":"Uusi SEY J\u00e4senyhdistykset -sivusto","potentialAction":[{"@type":"SearchAction","target":{"@type":"EntryPoint","urlTemplate":"https:\/\/sey.fi\/oulu\/?s={search_term_string}"},"query-input":{"@type":"PropertyValueSpecification","valueRequired":true,"valueName":"search_term_string"}}],"inLanguage":"fi"}]}},"_links":{"self":[{"href":"https:\/\/sey.fi\/oulu\/wp-json\/wp\/v2\/pages\/47","targetHints":{"allow":["GET"]}}],"collection":[{"href":"https:\/\/sey.fi\/oulu\/wp-json\/wp\/v2\/pages"}],"about":[{"href":"https:\/\/sey.fi\/oulu\/wp-json\/wp\/v2\/types\/page"}],"author":[{"embeddable":true,"href":"https:\/\/sey.fi\/oulu\/wp-json\/wp\/v2\/users\/8"}],"replies":[{"embeddable":true,"href":"https:\/\/sey.fi\/oulu\/wp-json\/wp\/v2\/comments?post=47"}],"version-history":[{"count":7,"href":"https:\/\/sey.fi\/oulu\/wp-json\/wp\/v2\/pages\/47\/revisions"}],"predecessor-version":[{"id":379,"href":"https:\/\/sey.fi\/oulu\/wp-json\/wp\/v2\/pages\/47\/revisions\/379"}],"up":[{"embeddable":true,"href":"https:\/\/sey.fi\/oulu\/wp-json\/wp\/v2\/pages\/45"}],"wp:attachment":[{"href":"https:\/\/sey.fi\/oulu\/wp-json\/wp\/v2\/media?parent=47"}],"curies":[{"name":"wp","href":"https:\/\/api.w.org\/{rel}","templated":true}]}}