{"id":53,"date":"2019-11-04T15:06:34","date_gmt":"2019-11-04T13:06:34","guid":{"rendered":"http:\/\/srvr10.xetpoint.com\/~seyfi\/oulu\/?page_id=53"},"modified":"2024-04-25T18:09:40","modified_gmt":"2024-04-25T15:09:40","slug":"lahjoita","status":"publish","type":"page","link":"https:\/\/sey.fi\/oulu\/oulun-seudun-elainsuojeluyhdistys\/osallistu\/lahjoita\/","title":{"rendered":"Lahjoita"},"content":{"rendered":"\n<h2 class=\"wp-block-heading\">Rahaa<\/h2>\n\n\n\n<p>Voit lahjoittaa yhdistyksellemme rahaa joka k\u00e4ytet\u00e4\u00e4n lyhent\u00e4m\u00e4tt\u00f6m\u00e4n\u00e4 el\u00e4insuojeluty\u00f6h\u00f6n. Lis\u00e4ksi meill\u00e4 on ker\u00e4yslippaita tapahtumissa, el\u00e4inkaupoissa ja el\u00e4inl\u00e4\u00e4k\u00e4riasemilla.<\/p>\n\n\n\n<p>Voit my\u00f6s lahjoittaa suoraan tilillemme tilisiirron tai Mobilepayn kautta.<\/p>\n\n\n\n<ul class=\"wp-block-list\">\n<li>Oulun esyn tilinumero on\u00a0<strong>FI29 5742 3120 0363 44<\/strong>, BIC: OKOYIFF\u00a0<\/li>\n<\/ul>\n\n\n\n<ul class=\"wp-block-list\">\n<li>Mobilepay-lyhytnumero lahjoituksia varten on <strong>81828<\/strong>. Kirjoita lyhytnumero sovelluksessa kentt\u00e4\u00e4n \u201dEtsi nimell\u00e4 tai numerolla\u201d, sy\u00f6t\u00e4 haluamasi summa ja hyv\u00e4ksy maksu.<\/li>\n<\/ul>\n\n\n\n<p>Oulun el\u00e4insuojeluyhdistyksell\u00e4 on voimassaoleva rahanker\u00e4yslupa nro&nbsp;RA\/2020\/1487. Luvan on my\u00f6nt\u00e4nyt Oulun poliisilaitos ja lupa on voimassa toistaiseksi 23.11.2020 alkaen.<br><br>Varat k\u00e4ytet\u00e4\u00e4n lyhent\u00e4m\u00e4tt\u00e4 el\u00e4insuojelutoimintaan, esim. el\u00e4insuojeluneuvonta, el\u00e4insuojeluvalvonta, luonnonvaraisten el\u00e4inten ruokinta, el\u00e4inten sijaiskotitoiminta, nuorten kerhot ja kouluvierailut. Ker\u00e4tt\u00e4v\u00e4t varat k\u00e4ytet\u00e4\u00e4n yhdistyksen s\u00e4\u00e4nt\u00f6jen mukaan el\u00e4insuojelutoiminnan valistutusty\u00f6h\u00f6n ja h\u00e4d\u00e4nalaisten el\u00e4inten ruokintaan ja l\u00e4\u00e4kint\u00e4kuluihin. Varoja k\u00e4ytet\u00e4\u00e4n sit\u00e4 mukaan, kun varoja kertyy. Yhdistyksen hallitus ja tilintarkastajat valvovat varojen k\u00e4ytt\u00f6\u00e4.<em>&nbsp;<\/em><\/p>\n\n\n\n<h2 class=\"wp-block-heading\">Ruokaa, kissanhiekkaa ja l\u00e4\u00e4kkeit\u00e4<\/h2>\n\n\n\n<p>Yhdistyksemme ottaa mielell\u00e4\u00e4n vastaan&nbsp;el\u00e4imille tarkoitettuja ruokia, kissanhiekkaa ja l\u00e4\u00e4kint\u00e4tarvikkeita (matol\u00e4\u00e4kkeet, vitamiinilis\u00e4t, korvien\/silmien puhdistusaineet jne).<\/p>\n\n\n\n<p>Valitessasi lahjoitusta huomioi p\u00e4iv\u00e4ys, koska sijaisel\u00e4inten tulo sijaiskoteihin on varsin vaihtelevaa. Joskus ruokaa tarvitsee lyhyell\u00e4 varoitusajalla, pitk\u00e4n ajan p\u00e4\u00e4st\u00e4 edellisest\u00e4 tarpeesta, joten lahjoitusruokien olisi hyv\u00e4 kest\u00e4\u00e4 varastointia. Tarvitsemme p\u00e4\u00e4asiassa kissanruokaa.<\/p>\n\n\n\n<h2 class=\"wp-block-heading\">Tarvikkeita<\/h2>\n\n\n\n<p>Yhdistyksemme sijaiskotiel\u00e4imet tarvitsevat my\u00f6s kuljetusbokseja, hiekkalaatikoita, raapimapuita, leluja ja muita tarvikkeita. Lahjoitathan ainoastaan puhtaita ja ehji\u00e4 tarvikkeita.&nbsp;<br>&nbsp;<\/p>\n\n\n\n<p><strong>Voit sopia lahjoituksen tuomisesta s\u00e4hk\u00f6postilla&nbsp;<a href=\"mailto:oulunesy@gmail.com\">oulunesy@gmail.com<\/a><\/strong><strong>.<\/strong><\/p>\n","protected":false},"excerpt":{"rendered":"<p>Rahaa Voit lahjoittaa yhdistyksellemme rahaa joka k\u00e4ytet\u00e4\u00e4n lyhent\u00e4m\u00e4tt\u00f6m\u00e4n\u00e4 el\u00e4insuojeluty\u00f6h\u00f6n. Lis\u00e4ksi meill\u00e4 on ker\u00e4yslippaita tapahtumissa, el\u00e4inkaupoissa ja el\u00e4inl\u00e4\u00e4k\u00e4riasemilla. Voit my\u00f6s lahjoittaa suoraan tilillemme tilisiirron tai Mobilepayn kautta. Oulun el\u00e4insuojeluyhdistyksell\u00e4 on voimassaoleva rahanker\u00e4yslupa nro&nbsp;RA\/2020\/1487. Luvan on my\u00f6nt\u00e4nyt Oulun poliisilaitos ja lupa on voimassa toistaiseksi 23.11.2020 alkaen. Varat k\u00e4ytet\u00e4\u00e4n lyhent\u00e4m\u00e4tt\u00e4 el\u00e4insuojelutoimintaan, esim. el\u00e4insuojeluneuvonta, el\u00e4insuojeluvalvonta, luonnonvaraisten el\u00e4inten ruokinta, el\u00e4inten [&hellip;]<\/p>\n","protected":false},"author":8,"featured_media":0,"parent":45,"menu_order":0,"comment_status":"closed","ping_status":"closed","template":"","meta":{"_acf_changed":false,"footnotes":""},"class_list":["post-53","page","type-page","status-publish","hentry"],"acf":[],"yoast_head":"<!-- This site is optimized with the Yoast SEO plugin v27.1.1 - https:\/\/yoast.com\/product\/yoast-seo-wordpress\/ -->\n<title>Lahjoita - Oulun seudun el\u00e4insuojeluyhdistys<\/title>\n<meta name=\"robots\" content=\"index, follow, max-snippet:-1, max-image-preview:large, max-video-preview:-1\" \/>\n<link rel=\"canonical\" href=\"https:\/\/sey.fi\/oulu\/oulun-seudun-elainsuojeluyhdistys\/osallistu\/lahjoita\/\" \/>\n<meta property=\"og:locale\" content=\"fi_FI\" \/>\n<meta property=\"og:type\" content=\"article\" \/>\n<meta property=\"og:title\" content=\"Lahjoita - Oulun seudun el\u00e4insuojeluyhdistys\" \/>\n<meta property=\"og:description\" content=\"Rahaa Voit lahjoittaa yhdistyksellemme rahaa joka k\u00e4ytet\u00e4\u00e4n lyhent\u00e4m\u00e4tt\u00f6m\u00e4n\u00e4 el\u00e4insuojeluty\u00f6h\u00f6n. Lis\u00e4ksi meill\u00e4 on ker\u00e4yslippaita tapahtumissa, el\u00e4inkaupoissa ja el\u00e4inl\u00e4\u00e4k\u00e4riasemilla. Voit my\u00f6s lahjoittaa suoraan tilillemme tilisiirron tai Mobilepayn kautta. Oulun el\u00e4insuojeluyhdistyksell\u00e4 on voimassaoleva rahanker\u00e4yslupa nro&nbsp;RA\/2020\/1487. Luvan on my\u00f6nt\u00e4nyt Oulun poliisilaitos ja lupa on voimassa toistaiseksi 23.11.2020 alkaen. Varat k\u00e4ytet\u00e4\u00e4n lyhent\u00e4m\u00e4tt\u00e4 el\u00e4insuojelutoimintaan, esim. el\u00e4insuojeluneuvonta, el\u00e4insuojeluvalvonta, luonnonvaraisten el\u00e4inten ruokinta, el\u00e4inten [&hellip;]\" \/>\n<meta property=\"og:url\" content=\"https:\/\/sey.fi\/oulu\/oulun-seudun-elainsuojeluyhdistys\/osallistu\/lahjoita\/\" \/>\n<meta property=\"og:site_name\" content=\"Oulun seudun el\u00e4insuojeluyhdistys\" \/>\n<meta property=\"article:modified_time\" content=\"2024-04-25T15:09:40+00:00\" \/>\n<meta name=\"twitter:card\" content=\"summary_large_image\" \/>\n<meta name=\"twitter:label1\" content=\"Arvioitu lukuaika\" \/>\n\t<meta name=\"twitter:data1\" content=\"2 minuuttia\" \/>\n<script type=\"application\/ld+json\" class=\"yoast-schema-graph\">{\"@context\":\"https:\/\/schema.org\",\"@graph\":[{\"@type\":\"WebPage\",\"@id\":\"https:\/\/sey.fi\/oulu\/oulun-seudun-elainsuojeluyhdistys\/osallistu\/lahjoita\/\",\"url\":\"https:\/\/sey.fi\/oulu\/oulun-seudun-elainsuojeluyhdistys\/osallistu\/lahjoita\/\",\"name\":\"Lahjoita - Oulun seudun el\u00e4insuojeluyhdistys\",\"isPartOf\":{\"@id\":\"https:\/\/sey.fi\/oulu\/#website\"},\"datePublished\":\"2019-11-04T13:06:34+00:00\",\"dateModified\":\"2024-04-25T15:09:40+00:00\",\"breadcrumb\":{\"@id\":\"https:\/\/sey.fi\/oulu\/oulun-seudun-elainsuojeluyhdistys\/osallistu\/lahjoita\/#breadcrumb\"},\"inLanguage\":\"fi\",\"potentialAction\":[{\"@type\":\"ReadAction\",\"target\":[\"https:\/\/sey.fi\/oulu\/oulun-seudun-elainsuojeluyhdistys\/osallistu\/lahjoita\/\"]}]},{\"@type\":\"BreadcrumbList\",\"@id\":\"https:\/\/sey.fi\/oulu\/oulun-seudun-elainsuojeluyhdistys\/osallistu\/lahjoita\/#breadcrumb\",\"itemListElement\":[{\"@type\":\"ListItem\",\"position\":1,\"name\":\"Home\",\"item\":\"https:\/\/sey.fi\/oulu\/\"},{\"@type\":\"ListItem\",\"position\":2,\"name\":\"Oulun seudun el\u00e4insuojeluyhdistys\",\"item\":\"https:\/\/sey.fi\/oulu\/\"},{\"@type\":\"ListItem\",\"position\":3,\"name\":\"Osallistu\",\"item\":\"https:\/\/sey.fi\/oulu\/oulun-seudun-elainsuojeluyhdistys\/osallistu\/\"},{\"@type\":\"ListItem\",\"position\":4,\"name\":\"Lahjoita\"}]},{\"@type\":\"WebSite\",\"@id\":\"https:\/\/sey.fi\/oulu\/#website\",\"url\":\"https:\/\/sey.fi\/oulu\/\",\"name\":\"Oulun seudun el\u00e4insuojeluyhdistys\",\"description\":\"Uusi SEY J\u00e4senyhdistykset -sivusto\",\"potentialAction\":[{\"@type\":\"SearchAction\",\"target\":{\"@type\":\"EntryPoint\",\"urlTemplate\":\"https:\/\/sey.fi\/oulu\/?s={search_term_string}\"},\"query-input\":{\"@type\":\"PropertyValueSpecification\",\"valueRequired\":true,\"valueName\":\"search_term_string\"}}],\"inLanguage\":\"fi\"}]}<\/script>\n<!-- \/ Yoast SEO plugin. -->","yoast_head_json":{"title":"Lahjoita - Oulun seudun el\u00e4insuojeluyhdistys","robots":{"index":"index","follow":"follow","max-snippet":"max-snippet:-1","max-image-preview":"max-image-preview:large","max-video-preview":"max-video-preview:-1"},"canonical":"https:\/\/sey.fi\/oulu\/oulun-seudun-elainsuojeluyhdistys\/osallistu\/lahjoita\/","og_locale":"fi_FI","og_type":"article","og_title":"Lahjoita - Oulun seudun el\u00e4insuojeluyhdistys","og_description":"Rahaa Voit lahjoittaa yhdistyksellemme rahaa joka k\u00e4ytet\u00e4\u00e4n lyhent\u00e4m\u00e4tt\u00f6m\u00e4n\u00e4 el\u00e4insuojeluty\u00f6h\u00f6n. Lis\u00e4ksi meill\u00e4 on ker\u00e4yslippaita tapahtumissa, el\u00e4inkaupoissa ja el\u00e4inl\u00e4\u00e4k\u00e4riasemilla. Voit my\u00f6s lahjoittaa suoraan tilillemme tilisiirron tai Mobilepayn kautta. Oulun el\u00e4insuojeluyhdistyksell\u00e4 on voimassaoleva rahanker\u00e4yslupa nro&nbsp;RA\/2020\/1487. Luvan on my\u00f6nt\u00e4nyt Oulun poliisilaitos ja lupa on voimassa toistaiseksi 23.11.2020 alkaen. Varat k\u00e4ytet\u00e4\u00e4n lyhent\u00e4m\u00e4tt\u00e4 el\u00e4insuojelutoimintaan, esim. el\u00e4insuojeluneuvonta, el\u00e4insuojeluvalvonta, luonnonvaraisten el\u00e4inten ruokinta, el\u00e4inten [&hellip;]","og_url":"https:\/\/sey.fi\/oulu\/oulun-seudun-elainsuojeluyhdistys\/osallistu\/lahjoita\/","og_site_name":"Oulun seudun el\u00e4insuojeluyhdistys","article_modified_time":"2024-04-25T15:09:40+00:00","twitter_card":"summary_large_image","twitter_misc":{"Arvioitu lukuaika":"2 minuuttia"},"schema":{"@context":"https:\/\/schema.org","@graph":[{"@type":"WebPage","@id":"https:\/\/sey.fi\/oulu\/oulun-seudun-elainsuojeluyhdistys\/osallistu\/lahjoita\/","url":"https:\/\/sey.fi\/oulu\/oulun-seudun-elainsuojeluyhdistys\/osallistu\/lahjoita\/","name":"Lahjoita - Oulun seudun el\u00e4insuojeluyhdistys","isPartOf":{"@id":"https:\/\/sey.fi\/oulu\/#website"},"datePublished":"2019-11-04T13:06:34+00:00","dateModified":"2024-04-25T15:09:40+00:00","breadcrumb":{"@id":"https:\/\/sey.fi\/oulu\/oulun-seudun-elainsuojeluyhdistys\/osallistu\/lahjoita\/#breadcrumb"},"inLanguage":"fi","potentialAction":[{"@type":"ReadAction","target":["https:\/\/sey.fi\/oulu\/oulun-seudun-elainsuojeluyhdistys\/osallistu\/lahjoita\/"]}]},{"@type":"BreadcrumbList","@id":"https:\/\/sey.fi\/oulu\/oulun-seudun-elainsuojeluyhdistys\/osallistu\/lahjoita\/#breadcrumb","itemListElement":[{"@type":"ListItem","position":1,"name":"Home","item":"https:\/\/sey.fi\/oulu\/"},{"@type":"ListItem","position":2,"name":"Oulun seudun el\u00e4insuojeluyhdistys","item":"https:\/\/sey.fi\/oulu\/"},{"@type":"ListItem","position":3,"name":"Osallistu","item":"https:\/\/sey.fi\/oulu\/oulun-seudun-elainsuojeluyhdistys\/osallistu\/"},{"@type":"ListItem","position":4,"name":"Lahjoita"}]},{"@type":"WebSite","@id":"https:\/\/sey.fi\/oulu\/#website","url":"https:\/\/sey.fi\/oulu\/","name":"Oulun seudun el\u00e4insuojeluyhdistys","description":"Uusi SEY J\u00e4senyhdistykset -sivusto","potentialAction":[{"@type":"SearchAction","target":{"@type":"EntryPoint","urlTemplate":"https:\/\/sey.fi\/oulu\/?s={search_term_string}"},"query-input":{"@type":"PropertyValueSpecification","valueRequired":true,"valueName":"search_term_string"}}],"inLanguage":"fi"}]}},"_links":{"self":[{"href":"https:\/\/sey.fi\/oulu\/wp-json\/wp\/v2\/pages\/53","targetHints":{"allow":["GET"]}}],"collection":[{"href":"https:\/\/sey.fi\/oulu\/wp-json\/wp\/v2\/pages"}],"about":[{"href":"https:\/\/sey.fi\/oulu\/wp-json\/wp\/v2\/types\/page"}],"author":[{"embeddable":true,"href":"https:\/\/sey.fi\/oulu\/wp-json\/wp\/v2\/users\/8"}],"replies":[{"embeddable":true,"href":"https:\/\/sey.fi\/oulu\/wp-json\/wp\/v2\/comments?post=53"}],"version-history":[{"count":8,"href":"https:\/\/sey.fi\/oulu\/wp-json\/wp\/v2\/pages\/53\/revisions"}],"predecessor-version":[{"id":303,"href":"https:\/\/sey.fi\/oulu\/wp-json\/wp\/v2\/pages\/53\/revisions\/303"}],"up":[{"embeddable":true,"href":"https:\/\/sey.fi\/oulu\/wp-json\/wp\/v2\/pages\/45"}],"wp:attachment":[{"href":"https:\/\/sey.fi\/oulu\/wp-json\/wp\/v2\/media?parent=53"}],"curies":[{"name":"wp","href":"https:\/\/api.w.org\/{rel}","templated":true}]}}