{"id":18,"date":"2019-11-08T12:19:33","date_gmt":"2019-11-08T12:19:33","guid":{"rendered":"http:\/\/srvr10.xetpoint.com\/~seyfi\/paakaupunkiseudun-elainsuojeluyhdistys\/?page_id=18"},"modified":"2019-11-08T12:19:35","modified_gmt":"2019-11-08T12:19:35","slug":"kesakerays-luonnonvaraisille-elaimille","status":"publish","type":"page","link":"https:\/\/sey.fi\/paakaupunkiseudun-elainsuojeluyhdistys\/pk-esy\/ajankohtaista\/kesakerays-luonnonvaraisille-elaimille\/","title":{"rendered":"Kes\u00e4ker\u00e4ys luonnonvaraisille el\u00e4imille"},"content":{"rendered":"\n<p>Luonnonvaraisten el\u00e4inten hoitotoiminnan kannalta kes\u00e4 on kiireisint\u00e4 aikaa. T\u00e4ll\u00f6in avuntarpeessa olevia el\u00e4imi\u00e4 vastaanotetaan lukuisia p\u00e4ivitt\u00e4in. Suurin osa potilaista on loukkaantuneita, huonokuntoisia tai orpoja poikasia, joiden hoitoaika on pitk\u00e4 kasvatuksineen, vieroituksineen sek\u00e4 luontoon sopeuttamisineen. Pieni osa el\u00e4imist\u00e4 selvi\u00e4\u00e4 takaisin luontoon muutaman p\u00e4iv\u00e4n toipumisella. T\u00e4ll\u00e4 hetkell\u00e4 meill\u00e4 on hoidossamme yli kaksisataa el\u00e4int\u00e4. Lajikirjo on suuri; hoidossamme on erilaisia lintuja ja pienpetoja, hirviel\u00e4imi\u00e4, oravia sek\u00e4 lepakoita. Lis\u00e4ksi t\u00e4h\u00e4n menness\u00e4 olemme vastaanottaneet jo yli sata pient\u00e4 siilinpoikasta.<\/p>\n\n\n\n<p>Teemme t\u00e4t\u00e4 ty\u00f6t\u00e4 rakkaudesta luontoon ja el\u00e4imiin, mutta tekeminen edellytt\u00e4\u00e4 hyv\u00e4n tahdon lis\u00e4ksi my\u00f6s taloudellisia resursseja. Varoja kuluu mm. ruokiin, hoitotarvikkeisiin, kuivikkeisiin, l\u00e4\u00e4kkeisiin, el\u00e4inl\u00e4\u00e4k\u00e4rik\u00e4ynteihin, kuljetuksiin, pyydystysv\u00e4lineisiin ja pitopaikkoihin sek\u00e4 hoitotilojen yll\u00e4pitoon. Kasvaakseen luontoon palauttamiskelpoisiksi el\u00e4inlapset kuluttavat uskomattomia m\u00e4\u00e4ri\u00e4 mm. emonmaidonvastikkeita, toipilasruokia, lihaa, viljatuotteita, hedelmi\u00e4, vihanneksia, hy\u00f6nteisi\u00e4, ravintolisi\u00e4 sek\u00e4 erilaisia lemmikkiel\u00e4imille tarkoitettuja ruokia. Ruokintaan, l\u00e4\u00e4kint\u00e4\u00e4n sek\u00e4 hoitoon tarvitaan my\u00f6s erilaisia v\u00e4lineit\u00e4 kuten ruiskuja, pinsettej\u00e4, tuttipulloja sek\u00e4 l\u00e4\u00e4kitsemistarvikkeita. El\u00e4inten ja niiden tilojen puhtaanapitoon kuluu tuhansia kiloja erilaisia kuivikkeita, litroittain pesu- sek\u00e4 desinfiointiaineita, tuhansia rullia talouspaperia, j\u00e4tes\u00e4kkej\u00e4 ja tiskiharjoja ym. Luonnonvaraisten el\u00e4inten hoitokustannukset nousevatkin vuosittain kymmeniin tuhansiin euroihin. Viime vuonna otimme vastaan miltei 700 apua tarvitsevaa luonnonvaraista el\u00e4int\u00e4.<\/p>\n\n\n\n<p>Edell\u00e4 kuvattuja kuluja kattaaksemme aloitimme Facebookissa Kes\u00e4ker\u00e4yksen luonnonvaraisille el\u00e4imille. L\u00f6yd\u00e4t ker\u00e4yksen&nbsp;<a href=\"https:\/\/www.facebook.com\/donate\/467772224010304\/\">t\u00e4\u00e4lt\u00e4<\/a>. Ker\u00e4ykseen voi osallistua my\u00f6s tekem\u00e4ll\u00e4 lahjoituksen suoraan tilisiirrolla, tuolloin tulee k\u00e4ytt\u00e4\u00e4 luonnonvaraisten viitenumeroa 4446. Ker\u00e4ystilimme numeron ja rahanker\u00e4yslupamme tiedot l\u00f6yd\u00e4t&nbsp;<a href=\"http:\/\/pk-esy.fi\/haluatko-auttaa\/lahjoittaminen\">t\u00e4\u00e4lt\u00e4<\/a>. Meille voi tehd\u00e4 nyt lahjoituksia my\u00f6s MobilePayn kautta. Siell\u00e4 numero on 17090. Lis\u00e4\u00e4 t\u00e4ll\u00f6in kommenttikentt\u00e4\u00e4n edell\u00e4 mainittu viite 4446 ohjetaksesi lahjoituksen luonnonvaraisille el\u00e4imille.<\/p>\n\n\n\n<p>Auta meit\u00e4 auttamaan! Olemme kiitollisia pienimm\u00e4st\u00e4kin lahjoituksesta el\u00e4inten hyv\u00e4ksi.<\/p>\n","protected":false},"excerpt":{"rendered":"<p>Luonnonvaraisten el\u00e4inten hoitotoiminnan kannalta kes\u00e4 on kiireisint\u00e4 aikaa. T\u00e4ll\u00f6in avuntarpeessa olevia el\u00e4imi\u00e4 vastaanotetaan lukuisia p\u00e4ivitt\u00e4in. Suurin osa potilaista on loukkaantuneita, huonokuntoisia tai orpoja poikasia, joiden hoitoaika on pitk\u00e4 kasvatuksineen, vieroituksineen sek\u00e4 luontoon sopeuttamisineen. Pieni osa el\u00e4imist\u00e4 selvi\u00e4\u00e4 takaisin luontoon muutaman p\u00e4iv\u00e4n toipumisella. T\u00e4ll\u00e4 hetkell\u00e4 meill\u00e4 on hoidossamme yli kaksisataa el\u00e4int\u00e4. Lajikirjo on suuri; hoidossamme on [&hellip;]<\/p>\n","protected":false},"author":8,"featured_media":0,"parent":15,"menu_order":0,"comment_status":"closed","ping_status":"closed","template":"","meta":{"_acf_changed":false,"footnotes":""},"class_list":["post-18","page","type-page","status-publish","hentry"],"acf":[],"yoast_head":"<!-- This site is optimized with the Yoast SEO plugin v27.1.1 - https:\/\/yoast.com\/product\/yoast-seo-wordpress\/ -->\n<title>Kes\u00e4ker\u00e4ys luonnonvaraisille el\u00e4imille - P\u00e4\u00e4kaupunkiseudun el\u00e4insuojeluyhdistys<\/title>\n<meta name=\"robots\" content=\"index, follow, max-snippet:-1, max-image-preview:large, max-video-preview:-1\" \/>\n<link rel=\"canonical\" href=\"https:\/\/sey.fi\/paakaupunkiseudun-elainsuojeluyhdistys\/pk-esy\/ajankohtaista\/kesakerays-luonnonvaraisille-elaimille\/\" \/>\n<meta property=\"og:locale\" content=\"fi_FI\" \/>\n<meta property=\"og:type\" content=\"article\" \/>\n<meta property=\"og:title\" content=\"Kes\u00e4ker\u00e4ys luonnonvaraisille el\u00e4imille - P\u00e4\u00e4kaupunkiseudun el\u00e4insuojeluyhdistys\" \/>\n<meta property=\"og:description\" content=\"Luonnonvaraisten el\u00e4inten hoitotoiminnan kannalta kes\u00e4 on kiireisint\u00e4 aikaa. T\u00e4ll\u00f6in avuntarpeessa olevia el\u00e4imi\u00e4 vastaanotetaan lukuisia p\u00e4ivitt\u00e4in. Suurin osa potilaista on loukkaantuneita, huonokuntoisia tai orpoja poikasia, joiden hoitoaika on pitk\u00e4 kasvatuksineen, vieroituksineen sek\u00e4 luontoon sopeuttamisineen. Pieni osa el\u00e4imist\u00e4 selvi\u00e4\u00e4 takaisin luontoon muutaman p\u00e4iv\u00e4n toipumisella. T\u00e4ll\u00e4 hetkell\u00e4 meill\u00e4 on hoidossamme yli kaksisataa el\u00e4int\u00e4. Lajikirjo on suuri; hoidossamme on [&hellip;]\" \/>\n<meta property=\"og:url\" content=\"https:\/\/sey.fi\/paakaupunkiseudun-elainsuojeluyhdistys\/pk-esy\/ajankohtaista\/kesakerays-luonnonvaraisille-elaimille\/\" \/>\n<meta property=\"og:site_name\" content=\"P\u00e4\u00e4kaupunkiseudun el\u00e4insuojeluyhdistys\" \/>\n<meta property=\"article:modified_time\" content=\"2019-11-08T12:19:35+00:00\" \/>\n<meta name=\"twitter:card\" content=\"summary_large_image\" \/>\n<meta name=\"twitter:label1\" content=\"Arvioitu lukuaika\" \/>\n\t<meta name=\"twitter:data1\" content=\"2 minuuttia\" \/>\n<script type=\"application\/ld+json\" class=\"yoast-schema-graph\">{\"@context\":\"https:\/\/schema.org\",\"@graph\":[{\"@type\":\"WebPage\",\"@id\":\"https:\/\/sey.fi\/paakaupunkiseudun-elainsuojeluyhdistys\/pk-esy\/ajankohtaista\/kesakerays-luonnonvaraisille-elaimille\/\",\"url\":\"https:\/\/sey.fi\/paakaupunkiseudun-elainsuojeluyhdistys\/pk-esy\/ajankohtaista\/kesakerays-luonnonvaraisille-elaimille\/\",\"name\":\"Kes\u00e4ker\u00e4ys luonnonvaraisille el\u00e4imille - P\u00e4\u00e4kaupunkiseudun el\u00e4insuojeluyhdistys\",\"isPartOf\":{\"@id\":\"https:\/\/sey.fi\/paakaupunkiseudun-elainsuojeluyhdistys\/#website\"},\"datePublished\":\"2019-11-08T12:19:33+00:00\",\"dateModified\":\"2019-11-08T12:19:35+00:00\",\"breadcrumb\":{\"@id\":\"https:\/\/sey.fi\/paakaupunkiseudun-elainsuojeluyhdistys\/pk-esy\/ajankohtaista\/kesakerays-luonnonvaraisille-elaimille\/#breadcrumb\"},\"inLanguage\":\"fi\",\"potentialAction\":[{\"@type\":\"ReadAction\",\"target\":[\"https:\/\/sey.fi\/paakaupunkiseudun-elainsuojeluyhdistys\/pk-esy\/ajankohtaista\/kesakerays-luonnonvaraisille-elaimille\/\"]}]},{\"@type\":\"BreadcrumbList\",\"@id\":\"https:\/\/sey.fi\/paakaupunkiseudun-elainsuojeluyhdistys\/pk-esy\/ajankohtaista\/kesakerays-luonnonvaraisille-elaimille\/#breadcrumb\",\"itemListElement\":[{\"@type\":\"ListItem\",\"position\":1,\"name\":\"Home\",\"item\":\"https:\/\/sey.fi\/paakaupunkiseudun-elainsuojeluyhdistys\/\"},{\"@type\":\"ListItem\",\"position\":2,\"name\":\"P\u00e4\u00e4kaupunkiseudun el\u00e4insuojeluyhdistys\",\"item\":\"https:\/\/sey.fi\/paakaupunkiseudun-elainsuojeluyhdistys\/\"},{\"@type\":\"ListItem\",\"position\":3,\"name\":\"Ajankohtaista\",\"item\":\"https:\/\/sey.fi\/paakaupunkiseudun-elainsuojeluyhdistys\/pk-esy\/ajankohtaista\/\"},{\"@type\":\"ListItem\",\"position\":4,\"name\":\"Kes\u00e4ker\u00e4ys luonnonvaraisille el\u00e4imille\"}]},{\"@type\":\"WebSite\",\"@id\":\"https:\/\/sey.fi\/paakaupunkiseudun-elainsuojeluyhdistys\/#website\",\"url\":\"https:\/\/sey.fi\/paakaupunkiseudun-elainsuojeluyhdistys\/\",\"name\":\"P\u00e4\u00e4kaupunkiseudun el\u00e4insuojeluyhdistys\",\"description\":\"Just another SEY J\u00e4senyhdistykset site\",\"potentialAction\":[{\"@type\":\"SearchAction\",\"target\":{\"@type\":\"EntryPoint\",\"urlTemplate\":\"https:\/\/sey.fi\/paakaupunkiseudun-elainsuojeluyhdistys\/?s={search_term_string}\"},\"query-input\":{\"@type\":\"PropertyValueSpecification\",\"valueRequired\":true,\"valueName\":\"search_term_string\"}}],\"inLanguage\":\"fi\"}]}<\/script>\n<!-- \/ Yoast SEO plugin. -->","yoast_head_json":{"title":"Kes\u00e4ker\u00e4ys luonnonvaraisille el\u00e4imille - P\u00e4\u00e4kaupunkiseudun el\u00e4insuojeluyhdistys","robots":{"index":"index","follow":"follow","max-snippet":"max-snippet:-1","max-image-preview":"max-image-preview:large","max-video-preview":"max-video-preview:-1"},"canonical":"https:\/\/sey.fi\/paakaupunkiseudun-elainsuojeluyhdistys\/pk-esy\/ajankohtaista\/kesakerays-luonnonvaraisille-elaimille\/","og_locale":"fi_FI","og_type":"article","og_title":"Kes\u00e4ker\u00e4ys luonnonvaraisille el\u00e4imille - P\u00e4\u00e4kaupunkiseudun el\u00e4insuojeluyhdistys","og_description":"Luonnonvaraisten el\u00e4inten hoitotoiminnan kannalta kes\u00e4 on kiireisint\u00e4 aikaa. T\u00e4ll\u00f6in avuntarpeessa olevia el\u00e4imi\u00e4 vastaanotetaan lukuisia p\u00e4ivitt\u00e4in. Suurin osa potilaista on loukkaantuneita, huonokuntoisia tai orpoja poikasia, joiden hoitoaika on pitk\u00e4 kasvatuksineen, vieroituksineen sek\u00e4 luontoon sopeuttamisineen. Pieni osa el\u00e4imist\u00e4 selvi\u00e4\u00e4 takaisin luontoon muutaman p\u00e4iv\u00e4n toipumisella. T\u00e4ll\u00e4 hetkell\u00e4 meill\u00e4 on hoidossamme yli kaksisataa el\u00e4int\u00e4. Lajikirjo on suuri; hoidossamme on [&hellip;]","og_url":"https:\/\/sey.fi\/paakaupunkiseudun-elainsuojeluyhdistys\/pk-esy\/ajankohtaista\/kesakerays-luonnonvaraisille-elaimille\/","og_site_name":"P\u00e4\u00e4kaupunkiseudun el\u00e4insuojeluyhdistys","article_modified_time":"2019-11-08T12:19:35+00:00","twitter_card":"summary_large_image","twitter_misc":{"Arvioitu lukuaika":"2 minuuttia"},"schema":{"@context":"https:\/\/schema.org","@graph":[{"@type":"WebPage","@id":"https:\/\/sey.fi\/paakaupunkiseudun-elainsuojeluyhdistys\/pk-esy\/ajankohtaista\/kesakerays-luonnonvaraisille-elaimille\/","url":"https:\/\/sey.fi\/paakaupunkiseudun-elainsuojeluyhdistys\/pk-esy\/ajankohtaista\/kesakerays-luonnonvaraisille-elaimille\/","name":"Kes\u00e4ker\u00e4ys luonnonvaraisille el\u00e4imille - P\u00e4\u00e4kaupunkiseudun el\u00e4insuojeluyhdistys","isPartOf":{"@id":"https:\/\/sey.fi\/paakaupunkiseudun-elainsuojeluyhdistys\/#website"},"datePublished":"2019-11-08T12:19:33+00:00","dateModified":"2019-11-08T12:19:35+00:00","breadcrumb":{"@id":"https:\/\/sey.fi\/paakaupunkiseudun-elainsuojeluyhdistys\/pk-esy\/ajankohtaista\/kesakerays-luonnonvaraisille-elaimille\/#breadcrumb"},"inLanguage":"fi","potentialAction":[{"@type":"ReadAction","target":["https:\/\/sey.fi\/paakaupunkiseudun-elainsuojeluyhdistys\/pk-esy\/ajankohtaista\/kesakerays-luonnonvaraisille-elaimille\/"]}]},{"@type":"BreadcrumbList","@id":"https:\/\/sey.fi\/paakaupunkiseudun-elainsuojeluyhdistys\/pk-esy\/ajankohtaista\/kesakerays-luonnonvaraisille-elaimille\/#breadcrumb","itemListElement":[{"@type":"ListItem","position":1,"name":"Home","item":"https:\/\/sey.fi\/paakaupunkiseudun-elainsuojeluyhdistys\/"},{"@type":"ListItem","position":2,"name":"P\u00e4\u00e4kaupunkiseudun el\u00e4insuojeluyhdistys","item":"https:\/\/sey.fi\/paakaupunkiseudun-elainsuojeluyhdistys\/"},{"@type":"ListItem","position":3,"name":"Ajankohtaista","item":"https:\/\/sey.fi\/paakaupunkiseudun-elainsuojeluyhdistys\/pk-esy\/ajankohtaista\/"},{"@type":"ListItem","position":4,"name":"Kes\u00e4ker\u00e4ys luonnonvaraisille el\u00e4imille"}]},{"@type":"WebSite","@id":"https:\/\/sey.fi\/paakaupunkiseudun-elainsuojeluyhdistys\/#website","url":"https:\/\/sey.fi\/paakaupunkiseudun-elainsuojeluyhdistys\/","name":"P\u00e4\u00e4kaupunkiseudun el\u00e4insuojeluyhdistys","description":"Just another SEY J\u00e4senyhdistykset site","potentialAction":[{"@type":"SearchAction","target":{"@type":"EntryPoint","urlTemplate":"https:\/\/sey.fi\/paakaupunkiseudun-elainsuojeluyhdistys\/?s={search_term_string}"},"query-input":{"@type":"PropertyValueSpecification","valueRequired":true,"valueName":"search_term_string"}}],"inLanguage":"fi"}]}},"_links":{"self":[{"href":"https:\/\/sey.fi\/paakaupunkiseudun-elainsuojeluyhdistys\/wp-json\/wp\/v2\/pages\/18","targetHints":{"allow":["GET"]}}],"collection":[{"href":"https:\/\/sey.fi\/paakaupunkiseudun-elainsuojeluyhdistys\/wp-json\/wp\/v2\/pages"}],"about":[{"href":"https:\/\/sey.fi\/paakaupunkiseudun-elainsuojeluyhdistys\/wp-json\/wp\/v2\/types\/page"}],"author":[{"embeddable":true,"href":"https:\/\/sey.fi\/paakaupunkiseudun-elainsuojeluyhdistys\/wp-json\/wp\/v2\/users\/8"}],"replies":[{"embeddable":true,"href":"https:\/\/sey.fi\/paakaupunkiseudun-elainsuojeluyhdistys\/wp-json\/wp\/v2\/comments?post=18"}],"version-history":[{"count":1,"href":"https:\/\/sey.fi\/paakaupunkiseudun-elainsuojeluyhdistys\/wp-json\/wp\/v2\/pages\/18\/revisions"}],"predecessor-version":[{"id":19,"href":"https:\/\/sey.fi\/paakaupunkiseudun-elainsuojeluyhdistys\/wp-json\/wp\/v2\/pages\/18\/revisions\/19"}],"up":[{"embeddable":true,"href":"https:\/\/sey.fi\/paakaupunkiseudun-elainsuojeluyhdistys\/wp-json\/wp\/v2\/pages\/15"}],"wp:attachment":[{"href":"https:\/\/sey.fi\/paakaupunkiseudun-elainsuojeluyhdistys\/wp-json\/wp\/v2\/media?parent=18"}],"curies":[{"name":"wp","href":"https:\/\/api.w.org\/{rel}","templated":true}]}}