{"id":24,"date":"2019-11-08T12:21:21","date_gmt":"2019-11-08T12:21:21","guid":{"rendered":"http:\/\/srvr10.xetpoint.com\/~seyfi\/paakaupunkiseudun-elainsuojeluyhdistys\/?page_id=24"},"modified":"2019-11-08T12:21:22","modified_gmt":"2019-11-08T12:21:22","slug":"clarion-hotel-elainten-asialla","status":"publish","type":"page","link":"https:\/\/sey.fi\/paakaupunkiseudun-elainsuojeluyhdistys\/pk-esy\/ajankohtaista\/clarion-hotel-elainten-asialla\/","title":{"rendered":"Clarion Hotel el\u00e4inten asialla"},"content":{"rendered":"\n<p>Clarion Hotel Helsinki Airport j\u00e4rjesti kolmannen kerran menestykseksi nousseen ilotulituksettoman uudenvuoden. Vuoden vaihtuminen on monelle el\u00e4imelle pelottava ja stressaava kokemus. Clarion-hotelli tarjoaa hotelli\u00f6it\u00e4 s\u00e4ikkyville koirille ja heid\u00e4n omistajilleen, jotta vuodenvaihde olisi rauhallinen ja mukava kokemus. Lentokent\u00e4n alueella kun ei saa ampua ilotulitteita. Tapahtuma on saanut kiitosta hyvist\u00e4 j\u00e4rjestelyist\u00e4 ja koirien omasta buffetista.<\/p>\n\n\n\n<figure class=\"wp-block-image\"><img decoding=\"async\" src=\"http:\/\/pk-esy.sey.fi\/images\/koiramarssi2.jpg\" alt=\"\" \/><\/figure>\n\n\n\n<p>Hotelli j\u00e4rjesti uudenvuodenp\u00e4iv\u00e4n\u00e4 my\u00f6s hyv\u00e4ntekev\u00e4isyysmarssin. P\u00e4\u00e4kaupunkiseudun el\u00e4insuojeluyhdistys sai Royal Caninilta lahjoituksena ruokaa kustakin k\u00e4velylle osallistuneesta koirasta. Moni koira ei uskalla l\u00e4hte\u00e4 rakettien paukkumisen j\u00e4lkeen ulos, joten lenkin hyv\u00e4 osallistujam\u00e4\u00e4r\u00e4 ja rento tunnelma osoittivat Clarion hotelliy\u00f6n toimivaksi ratkaisuksi.&nbsp;<a href=\"https:\/\/www.hs.fi\/kotimaa\/art-2000005951309.html?fbclid=IwAR1t1B2XOnTc_oSHR3yFZ8ZYGVEnEt89IN-r8Vt9FOAR7J465GPJGqP7zX0\">T\u00e4st\u00e4<\/a>&nbsp;linkist\u00e4 n\u00e4et Helsingin Sanomien kirjoittaman jutun aiheesta.<\/p>\n\n\n\n<figure class=\"wp-block-image\"><img decoding=\"async\" src=\"http:\/\/pk-esy.sey.fi\/images\/koiramarssi3.jpg\" alt=\"\" \/><\/figure>\n\n\n\n<p>P\u00e4\u00e4kaupunkiseudun el\u00e4insuojeluyhdistys kiitt\u00e4\u00e4 l\u00e4mpim\u00e4sti Clarion-hotellia koira\u00f6iden j\u00e4rjest\u00e4misest\u00e4, Royal Caninia ruokalahjoituksista sek\u00e4 toivottaa menestyksek\u00e4st\u00e4 uutta vuotta 2019!<\/p>\n\n\n\n<figure class=\"wp-block-image\"><img decoding=\"async\" src=\"http:\/\/pk-esy.sey.fi\/images\/koiramarssi1.jpg\" alt=\"\" \/><\/figure>\n","protected":false},"excerpt":{"rendered":"<p>Clarion Hotel Helsinki Airport j\u00e4rjesti kolmannen kerran menestykseksi nousseen ilotulituksettoman uudenvuoden. Vuoden vaihtuminen on monelle el\u00e4imelle pelottava ja stressaava kokemus. Clarion-hotelli tarjoaa hotelli\u00f6it\u00e4 s\u00e4ikkyville koirille ja heid\u00e4n omistajilleen, jotta vuodenvaihde olisi rauhallinen ja mukava kokemus. Lentokent\u00e4n alueella kun ei saa ampua ilotulitteita. Tapahtuma on saanut kiitosta hyvist\u00e4 j\u00e4rjestelyist\u00e4 ja koirien omasta buffetista. Hotelli j\u00e4rjesti uudenvuodenp\u00e4iv\u00e4n\u00e4 [&hellip;]<\/p>\n","protected":false},"author":8,"featured_media":0,"parent":15,"menu_order":0,"comment_status":"closed","ping_status":"closed","template":"","meta":{"_acf_changed":false,"footnotes":""},"class_list":["post-24","page","type-page","status-publish","hentry"],"acf":[],"yoast_head":"<!-- This site is optimized with the Yoast SEO plugin v27.1.1 - https:\/\/yoast.com\/product\/yoast-seo-wordpress\/ -->\n<title>Clarion Hotel el\u00e4inten asialla - P\u00e4\u00e4kaupunkiseudun el\u00e4insuojeluyhdistys<\/title>\n<meta name=\"robots\" content=\"index, follow, max-snippet:-1, max-image-preview:large, max-video-preview:-1\" \/>\n<link rel=\"canonical\" href=\"https:\/\/sey.fi\/paakaupunkiseudun-elainsuojeluyhdistys\/pk-esy\/ajankohtaista\/clarion-hotel-elainten-asialla\/\" \/>\n<meta property=\"og:locale\" content=\"fi_FI\" \/>\n<meta property=\"og:type\" content=\"article\" \/>\n<meta property=\"og:title\" content=\"Clarion Hotel el\u00e4inten asialla - P\u00e4\u00e4kaupunkiseudun el\u00e4insuojeluyhdistys\" \/>\n<meta property=\"og:description\" content=\"Clarion Hotel Helsinki Airport j\u00e4rjesti kolmannen kerran menestykseksi nousseen ilotulituksettoman uudenvuoden. Vuoden vaihtuminen on monelle el\u00e4imelle pelottava ja stressaava kokemus. Clarion-hotelli tarjoaa hotelli\u00f6it\u00e4 s\u00e4ikkyville koirille ja heid\u00e4n omistajilleen, jotta vuodenvaihde olisi rauhallinen ja mukava kokemus. Lentokent\u00e4n alueella kun ei saa ampua ilotulitteita. Tapahtuma on saanut kiitosta hyvist\u00e4 j\u00e4rjestelyist\u00e4 ja koirien omasta buffetista. Hotelli j\u00e4rjesti uudenvuodenp\u00e4iv\u00e4n\u00e4 [&hellip;]\" \/>\n<meta property=\"og:url\" content=\"https:\/\/sey.fi\/paakaupunkiseudun-elainsuojeluyhdistys\/pk-esy\/ajankohtaista\/clarion-hotel-elainten-asialla\/\" \/>\n<meta property=\"og:site_name\" content=\"P\u00e4\u00e4kaupunkiseudun el\u00e4insuojeluyhdistys\" \/>\n<meta property=\"article:modified_time\" content=\"2019-11-08T12:21:22+00:00\" \/>\n<meta property=\"og:image\" content=\"http:\/\/pk-esy.sey.fi\/images\/koiramarssi2.jpg\" \/>\n<meta name=\"twitter:card\" content=\"summary_large_image\" \/>\n<meta name=\"twitter:label1\" content=\"Arvioitu lukuaika\" \/>\n\t<meta name=\"twitter:data1\" content=\"1 minuutti\" \/>\n<script type=\"application\/ld+json\" class=\"yoast-schema-graph\">{\"@context\":\"https:\/\/schema.org\",\"@graph\":[{\"@type\":\"WebPage\",\"@id\":\"https:\/\/sey.fi\/paakaupunkiseudun-elainsuojeluyhdistys\/pk-esy\/ajankohtaista\/clarion-hotel-elainten-asialla\/\",\"url\":\"https:\/\/sey.fi\/paakaupunkiseudun-elainsuojeluyhdistys\/pk-esy\/ajankohtaista\/clarion-hotel-elainten-asialla\/\",\"name\":\"Clarion Hotel el\u00e4inten asialla - P\u00e4\u00e4kaupunkiseudun el\u00e4insuojeluyhdistys\",\"isPartOf\":{\"@id\":\"https:\/\/sey.fi\/paakaupunkiseudun-elainsuojeluyhdistys\/#website\"},\"primaryImageOfPage\":{\"@id\":\"https:\/\/sey.fi\/paakaupunkiseudun-elainsuojeluyhdistys\/pk-esy\/ajankohtaista\/clarion-hotel-elainten-asialla\/#primaryimage\"},\"image\":{\"@id\":\"https:\/\/sey.fi\/paakaupunkiseudun-elainsuojeluyhdistys\/pk-esy\/ajankohtaista\/clarion-hotel-elainten-asialla\/#primaryimage\"},\"thumbnailUrl\":\"http:\/\/pk-esy.sey.fi\/images\/koiramarssi2.jpg\",\"datePublished\":\"2019-11-08T12:21:21+00:00\",\"dateModified\":\"2019-11-08T12:21:22+00:00\",\"breadcrumb\":{\"@id\":\"https:\/\/sey.fi\/paakaupunkiseudun-elainsuojeluyhdistys\/pk-esy\/ajankohtaista\/clarion-hotel-elainten-asialla\/#breadcrumb\"},\"inLanguage\":\"fi\",\"potentialAction\":[{\"@type\":\"ReadAction\",\"target\":[\"https:\/\/sey.fi\/paakaupunkiseudun-elainsuojeluyhdistys\/pk-esy\/ajankohtaista\/clarion-hotel-elainten-asialla\/\"]}]},{\"@type\":\"ImageObject\",\"inLanguage\":\"fi\",\"@id\":\"https:\/\/sey.fi\/paakaupunkiseudun-elainsuojeluyhdistys\/pk-esy\/ajankohtaista\/clarion-hotel-elainten-asialla\/#primaryimage\",\"url\":\"http:\/\/pk-esy.sey.fi\/images\/koiramarssi2.jpg\",\"contentUrl\":\"http:\/\/pk-esy.sey.fi\/images\/koiramarssi2.jpg\"},{\"@type\":\"BreadcrumbList\",\"@id\":\"https:\/\/sey.fi\/paakaupunkiseudun-elainsuojeluyhdistys\/pk-esy\/ajankohtaista\/clarion-hotel-elainten-asialla\/#breadcrumb\",\"itemListElement\":[{\"@type\":\"ListItem\",\"position\":1,\"name\":\"Home\",\"item\":\"https:\/\/sey.fi\/paakaupunkiseudun-elainsuojeluyhdistys\/\"},{\"@type\":\"ListItem\",\"position\":2,\"name\":\"P\u00e4\u00e4kaupunkiseudun el\u00e4insuojeluyhdistys\",\"item\":\"https:\/\/sey.fi\/paakaupunkiseudun-elainsuojeluyhdistys\/\"},{\"@type\":\"ListItem\",\"position\":3,\"name\":\"Ajankohtaista\",\"item\":\"https:\/\/sey.fi\/paakaupunkiseudun-elainsuojeluyhdistys\/pk-esy\/ajankohtaista\/\"},{\"@type\":\"ListItem\",\"position\":4,\"name\":\"Clarion Hotel el\u00e4inten asialla\"}]},{\"@type\":\"WebSite\",\"@id\":\"https:\/\/sey.fi\/paakaupunkiseudun-elainsuojeluyhdistys\/#website\",\"url\":\"https:\/\/sey.fi\/paakaupunkiseudun-elainsuojeluyhdistys\/\",\"name\":\"P\u00e4\u00e4kaupunkiseudun el\u00e4insuojeluyhdistys\",\"description\":\"Just another SEY J\u00e4senyhdistykset site\",\"potentialAction\":[{\"@type\":\"SearchAction\",\"target\":{\"@type\":\"EntryPoint\",\"urlTemplate\":\"https:\/\/sey.fi\/paakaupunkiseudun-elainsuojeluyhdistys\/?s={search_term_string}\"},\"query-input\":{\"@type\":\"PropertyValueSpecification\",\"valueRequired\":true,\"valueName\":\"search_term_string\"}}],\"inLanguage\":\"fi\"}]}<\/script>\n<!-- \/ Yoast SEO plugin. -->","yoast_head_json":{"title":"Clarion Hotel el\u00e4inten asialla - P\u00e4\u00e4kaupunkiseudun el\u00e4insuojeluyhdistys","robots":{"index":"index","follow":"follow","max-snippet":"max-snippet:-1","max-image-preview":"max-image-preview:large","max-video-preview":"max-video-preview:-1"},"canonical":"https:\/\/sey.fi\/paakaupunkiseudun-elainsuojeluyhdistys\/pk-esy\/ajankohtaista\/clarion-hotel-elainten-asialla\/","og_locale":"fi_FI","og_type":"article","og_title":"Clarion Hotel el\u00e4inten asialla - P\u00e4\u00e4kaupunkiseudun el\u00e4insuojeluyhdistys","og_description":"Clarion Hotel Helsinki Airport j\u00e4rjesti kolmannen kerran menestykseksi nousseen ilotulituksettoman uudenvuoden. Vuoden vaihtuminen on monelle el\u00e4imelle pelottava ja stressaava kokemus. Clarion-hotelli tarjoaa hotelli\u00f6it\u00e4 s\u00e4ikkyville koirille ja heid\u00e4n omistajilleen, jotta vuodenvaihde olisi rauhallinen ja mukava kokemus. Lentokent\u00e4n alueella kun ei saa ampua ilotulitteita. Tapahtuma on saanut kiitosta hyvist\u00e4 j\u00e4rjestelyist\u00e4 ja koirien omasta buffetista. Hotelli j\u00e4rjesti uudenvuodenp\u00e4iv\u00e4n\u00e4 [&hellip;]","og_url":"https:\/\/sey.fi\/paakaupunkiseudun-elainsuojeluyhdistys\/pk-esy\/ajankohtaista\/clarion-hotel-elainten-asialla\/","og_site_name":"P\u00e4\u00e4kaupunkiseudun el\u00e4insuojeluyhdistys","article_modified_time":"2019-11-08T12:21:22+00:00","og_image":[{"url":"http:\/\/pk-esy.sey.fi\/images\/koiramarssi2.jpg","type":"","width":"","height":""}],"twitter_card":"summary_large_image","twitter_misc":{"Arvioitu lukuaika":"1 minuutti"},"schema":{"@context":"https:\/\/schema.org","@graph":[{"@type":"WebPage","@id":"https:\/\/sey.fi\/paakaupunkiseudun-elainsuojeluyhdistys\/pk-esy\/ajankohtaista\/clarion-hotel-elainten-asialla\/","url":"https:\/\/sey.fi\/paakaupunkiseudun-elainsuojeluyhdistys\/pk-esy\/ajankohtaista\/clarion-hotel-elainten-asialla\/","name":"Clarion Hotel el\u00e4inten asialla - P\u00e4\u00e4kaupunkiseudun el\u00e4insuojeluyhdistys","isPartOf":{"@id":"https:\/\/sey.fi\/paakaupunkiseudun-elainsuojeluyhdistys\/#website"},"primaryImageOfPage":{"@id":"https:\/\/sey.fi\/paakaupunkiseudun-elainsuojeluyhdistys\/pk-esy\/ajankohtaista\/clarion-hotel-elainten-asialla\/#primaryimage"},"image":{"@id":"https:\/\/sey.fi\/paakaupunkiseudun-elainsuojeluyhdistys\/pk-esy\/ajankohtaista\/clarion-hotel-elainten-asialla\/#primaryimage"},"thumbnailUrl":"http:\/\/pk-esy.sey.fi\/images\/koiramarssi2.jpg","datePublished":"2019-11-08T12:21:21+00:00","dateModified":"2019-11-08T12:21:22+00:00","breadcrumb":{"@id":"https:\/\/sey.fi\/paakaupunkiseudun-elainsuojeluyhdistys\/pk-esy\/ajankohtaista\/clarion-hotel-elainten-asialla\/#breadcrumb"},"inLanguage":"fi","potentialAction":[{"@type":"ReadAction","target":["https:\/\/sey.fi\/paakaupunkiseudun-elainsuojeluyhdistys\/pk-esy\/ajankohtaista\/clarion-hotel-elainten-asialla\/"]}]},{"@type":"ImageObject","inLanguage":"fi","@id":"https:\/\/sey.fi\/paakaupunkiseudun-elainsuojeluyhdistys\/pk-esy\/ajankohtaista\/clarion-hotel-elainten-asialla\/#primaryimage","url":"http:\/\/pk-esy.sey.fi\/images\/koiramarssi2.jpg","contentUrl":"http:\/\/pk-esy.sey.fi\/images\/koiramarssi2.jpg"},{"@type":"BreadcrumbList","@id":"https:\/\/sey.fi\/paakaupunkiseudun-elainsuojeluyhdistys\/pk-esy\/ajankohtaista\/clarion-hotel-elainten-asialla\/#breadcrumb","itemListElement":[{"@type":"ListItem","position":1,"name":"Home","item":"https:\/\/sey.fi\/paakaupunkiseudun-elainsuojeluyhdistys\/"},{"@type":"ListItem","position":2,"name":"P\u00e4\u00e4kaupunkiseudun el\u00e4insuojeluyhdistys","item":"https:\/\/sey.fi\/paakaupunkiseudun-elainsuojeluyhdistys\/"},{"@type":"ListItem","position":3,"name":"Ajankohtaista","item":"https:\/\/sey.fi\/paakaupunkiseudun-elainsuojeluyhdistys\/pk-esy\/ajankohtaista\/"},{"@type":"ListItem","position":4,"name":"Clarion Hotel el\u00e4inten asialla"}]},{"@type":"WebSite","@id":"https:\/\/sey.fi\/paakaupunkiseudun-elainsuojeluyhdistys\/#website","url":"https:\/\/sey.fi\/paakaupunkiseudun-elainsuojeluyhdistys\/","name":"P\u00e4\u00e4kaupunkiseudun el\u00e4insuojeluyhdistys","description":"Just another SEY J\u00e4senyhdistykset site","potentialAction":[{"@type":"SearchAction","target":{"@type":"EntryPoint","urlTemplate":"https:\/\/sey.fi\/paakaupunkiseudun-elainsuojeluyhdistys\/?s={search_term_string}"},"query-input":{"@type":"PropertyValueSpecification","valueRequired":true,"valueName":"search_term_string"}}],"inLanguage":"fi"}]}},"_links":{"self":[{"href":"https:\/\/sey.fi\/paakaupunkiseudun-elainsuojeluyhdistys\/wp-json\/wp\/v2\/pages\/24","targetHints":{"allow":["GET"]}}],"collection":[{"href":"https:\/\/sey.fi\/paakaupunkiseudun-elainsuojeluyhdistys\/wp-json\/wp\/v2\/pages"}],"about":[{"href":"https:\/\/sey.fi\/paakaupunkiseudun-elainsuojeluyhdistys\/wp-json\/wp\/v2\/types\/page"}],"author":[{"embeddable":true,"href":"https:\/\/sey.fi\/paakaupunkiseudun-elainsuojeluyhdistys\/wp-json\/wp\/v2\/users\/8"}],"replies":[{"embeddable":true,"href":"https:\/\/sey.fi\/paakaupunkiseudun-elainsuojeluyhdistys\/wp-json\/wp\/v2\/comments?post=24"}],"version-history":[{"count":1,"href":"https:\/\/sey.fi\/paakaupunkiseudun-elainsuojeluyhdistys\/wp-json\/wp\/v2\/pages\/24\/revisions"}],"predecessor-version":[{"id":26,"href":"https:\/\/sey.fi\/paakaupunkiseudun-elainsuojeluyhdistys\/wp-json\/wp\/v2\/pages\/24\/revisions\/26"}],"up":[{"embeddable":true,"href":"https:\/\/sey.fi\/paakaupunkiseudun-elainsuojeluyhdistys\/wp-json\/wp\/v2\/pages\/15"}],"wp:attachment":[{"href":"https:\/\/sey.fi\/paakaupunkiseudun-elainsuojeluyhdistys\/wp-json\/wp\/v2\/media?parent=24"}],"curies":[{"name":"wp","href":"https:\/\/api.w.org\/{rel}","templated":true}]}}