{"id":34,"date":"2019-11-08T12:24:32","date_gmt":"2019-11-08T12:24:32","guid":{"rendered":"http:\/\/srvr10.xetpoint.com\/~seyfi\/paakaupunkiseudun-elainsuojeluyhdistys\/?page_id=34"},"modified":"2019-11-08T12:24:33","modified_gmt":"2019-11-08T12:24:33","slug":"elainsuojelu","status":"publish","type":"page","link":"https:\/\/sey.fi\/paakaupunkiseudun-elainsuojeluyhdistys\/pk-esy\/elainsuojelu\/","title":{"rendered":"El\u00e4insuojelu"},"content":{"rendered":"\n<p><a href=\"http:\/\/www.finlex.fi\/fi\/laki\/alkup\/1996\/19960247\">El\u00e4insuojelulaki<\/a><\/p>\n\n\n\n<p>P\u00e4\u00e4kaupunkiseudulla on luonnonvaraisten el\u00e4inten lis\u00e4ksi runsaasti lemmikkiel\u00e4imi\u00e4, mm. Helsingiss\u00e4 on noin 17 000 rekister\u00f6ity\u00e4 koiraa ja kissojakin on kymmeni\u00e4 tuhansia.&nbsp;<\/p>\n\n\n\n<p>El\u00e4imet siis n\u00e4kyv\u00e4t ja kuuluvat kaupungissakin. Ihmiset ulkoiluttavat koiriaan. Meren rannoilla n\u00e4kyy paljon lintuja, mm. lokkeja ja sorsia. P\u00e4\u00e4kaupunkiseudulla el\u00e4\u00e4 runsaasti mm. rusakoita, siilej\u00e4 ja muita luonnonvaraisia nis\u00e4kk\u00e4it\u00e4.<\/p>\n\n\n\n<p>Ei ole yhdentekev\u00e4\u00e4 miten el\u00e4imi\u00e4 kohdellaan. El\u00e4inten huonossa kohtelussa on onneksi vain harvoin kysymys julmuudesta.<\/p>\n\n\n\n<p>Yleens\u00e4 el\u00e4insuojeluongelmat liittyv\u00e4t tiet\u00e4m\u00e4tt\u00f6myyteen oikeasta el\u00e4inten hoidosta ja huolenpidosta, mutta v\u00e4linpit\u00e4m\u00e4tt\u00f6myytt\u00e4kin esiintyy.<\/p>\n\n\n\n<h2 class=\"wp-block-heading\">Neuvonta ja koulutus ehk\u00e4isev\u00e4t el\u00e4insuojeluongelmien synty\u00e4<\/h2>\n\n\n\n<p>El\u00e4inten hoitoon ja kohteluun liittyy monia seikkoja ja yksityiskohtia. Siksi P\u00e4\u00e4kaupunkiseudun el\u00e4insuojeluyhdistys keskittyy toiminnassaan erityisesti neuvontaan ja koulutukseen.<\/p>\n\n\n\n<p>J\u00e4rjest\u00e4mme yleis\u00f6luentoja ja muita tapahtumia, joissa kerromme mm. kuinka lemmikkiel\u00e4imet voivat hyvin ja kuinka kaupunkiymp\u00e4rist\u00f6ss\u00e4 tulisi huomioida luonnonvaraiset el\u00e4imet.<\/p>\n\n\n\n<p><br>Eviran julkaisuun&nbsp;<a href=\"http:\/\/www.google.fi\/url?sa=t&amp;rct=j&amp;q=&amp;esrc=s&amp;source=web&amp;cd=1&amp;ved=0CB4QFjAA&amp;url=http%3A%2F%2Fwww.evira.fi%2Ffiles%2Fproducts%2F1306910973039_kissakoira_suomi.pdf&amp;ei=coL8U-u4Mqmo4gSqzICQDA&amp;usg=AFQjCNF6yDyr3hUGPQTzYkk_49xaPe4o_A&amp;sig2=w1jIq-MOwZ_eWw_X1Sj9GQ&amp;bvm=bv.73612305,d.bGQ\">Tavoitteena terve ja hyvinvoiva koira ja kissa<\/a>&nbsp;on koottu yhteen koirien ja kissojen pitoa ja hyvinvointia koskevien t\u00e4rkeimpien el\u00e4insuojelus\u00e4\u00e4d\u00f6sten sis\u00e4lt\u00f6\u00e4.<\/p>\n\n\n\n<figure class=\"wp-block-image\"><img decoding=\"async\" src=\"http:\/\/pk-esy.sey.fi\/images\/remy2.jpg\" alt=\"\" \/><\/figure>\n","protected":false},"excerpt":{"rendered":"<p>El\u00e4insuojelulaki P\u00e4\u00e4kaupunkiseudulla on luonnonvaraisten el\u00e4inten lis\u00e4ksi runsaasti lemmikkiel\u00e4imi\u00e4, mm. Helsingiss\u00e4 on noin 17 000 rekister\u00f6ity\u00e4 koiraa ja kissojakin on kymmeni\u00e4 tuhansia.&nbsp; El\u00e4imet siis n\u00e4kyv\u00e4t ja kuuluvat kaupungissakin. Ihmiset ulkoiluttavat koiriaan. Meren rannoilla n\u00e4kyy paljon lintuja, mm. lokkeja ja sorsia. P\u00e4\u00e4kaupunkiseudulla el\u00e4\u00e4 runsaasti mm. rusakoita, siilej\u00e4 ja muita luonnonvaraisia nis\u00e4kk\u00e4it\u00e4. Ei ole yhdentekev\u00e4\u00e4 miten el\u00e4imi\u00e4 kohdellaan. [&hellip;]<\/p>\n","protected":false},"author":8,"featured_media":0,"parent":2,"menu_order":0,"comment_status":"closed","ping_status":"closed","template":"","meta":{"_acf_changed":false,"footnotes":""},"class_list":["post-34","page","type-page","status-publish","hentry"],"acf":[],"yoast_head":"<!-- This site is optimized with the Yoast SEO plugin v27.1.1 - https:\/\/yoast.com\/product\/yoast-seo-wordpress\/ -->\n<title>El\u00e4insuojelu - P\u00e4\u00e4kaupunkiseudun el\u00e4insuojeluyhdistys<\/title>\n<meta name=\"robots\" content=\"index, follow, max-snippet:-1, max-image-preview:large, max-video-preview:-1\" \/>\n<link rel=\"canonical\" href=\"https:\/\/sey.fi\/paakaupunkiseudun-elainsuojeluyhdistys\/pk-esy\/elainsuojelu\/\" \/>\n<meta property=\"og:locale\" content=\"fi_FI\" \/>\n<meta property=\"og:type\" content=\"article\" \/>\n<meta property=\"og:title\" content=\"El\u00e4insuojelu - P\u00e4\u00e4kaupunkiseudun el\u00e4insuojeluyhdistys\" \/>\n<meta property=\"og:description\" content=\"El\u00e4insuojelulaki P\u00e4\u00e4kaupunkiseudulla on luonnonvaraisten el\u00e4inten lis\u00e4ksi runsaasti lemmikkiel\u00e4imi\u00e4, mm. Helsingiss\u00e4 on noin 17 000 rekister\u00f6ity\u00e4 koiraa ja kissojakin on kymmeni\u00e4 tuhansia.&nbsp; El\u00e4imet siis n\u00e4kyv\u00e4t ja kuuluvat kaupungissakin. Ihmiset ulkoiluttavat koiriaan. Meren rannoilla n\u00e4kyy paljon lintuja, mm. lokkeja ja sorsia. P\u00e4\u00e4kaupunkiseudulla el\u00e4\u00e4 runsaasti mm. rusakoita, siilej\u00e4 ja muita luonnonvaraisia nis\u00e4kk\u00e4it\u00e4. Ei ole yhdentekev\u00e4\u00e4 miten el\u00e4imi\u00e4 kohdellaan. [&hellip;]\" \/>\n<meta property=\"og:url\" content=\"https:\/\/sey.fi\/paakaupunkiseudun-elainsuojeluyhdistys\/pk-esy\/elainsuojelu\/\" \/>\n<meta property=\"og:site_name\" content=\"P\u00e4\u00e4kaupunkiseudun el\u00e4insuojeluyhdistys\" \/>\n<meta property=\"article:modified_time\" content=\"2019-11-08T12:24:33+00:00\" \/>\n<meta property=\"og:image\" content=\"http:\/\/pk-esy.sey.fi\/images\/remy2.jpg\" \/>\n<meta name=\"twitter:card\" content=\"summary_large_image\" \/>\n<meta name=\"twitter:label1\" content=\"Arvioitu lukuaika\" \/>\n\t<meta name=\"twitter:data1\" content=\"1 minuutti\" \/>\n<script type=\"application\/ld+json\" class=\"yoast-schema-graph\">{\"@context\":\"https:\/\/schema.org\",\"@graph\":[{\"@type\":\"WebPage\",\"@id\":\"https:\/\/sey.fi\/paakaupunkiseudun-elainsuojeluyhdistys\/pk-esy\/elainsuojelu\/\",\"url\":\"https:\/\/sey.fi\/paakaupunkiseudun-elainsuojeluyhdistys\/pk-esy\/elainsuojelu\/\",\"name\":\"El\u00e4insuojelu - P\u00e4\u00e4kaupunkiseudun el\u00e4insuojeluyhdistys\",\"isPartOf\":{\"@id\":\"https:\/\/sey.fi\/paakaupunkiseudun-elainsuojeluyhdistys\/#website\"},\"primaryImageOfPage\":{\"@id\":\"https:\/\/sey.fi\/paakaupunkiseudun-elainsuojeluyhdistys\/pk-esy\/elainsuojelu\/#primaryimage\"},\"image\":{\"@id\":\"https:\/\/sey.fi\/paakaupunkiseudun-elainsuojeluyhdistys\/pk-esy\/elainsuojelu\/#primaryimage\"},\"thumbnailUrl\":\"http:\/\/pk-esy.sey.fi\/images\/remy2.jpg\",\"datePublished\":\"2019-11-08T12:24:32+00:00\",\"dateModified\":\"2019-11-08T12:24:33+00:00\",\"breadcrumb\":{\"@id\":\"https:\/\/sey.fi\/paakaupunkiseudun-elainsuojeluyhdistys\/pk-esy\/elainsuojelu\/#breadcrumb\"},\"inLanguage\":\"fi\",\"potentialAction\":[{\"@type\":\"ReadAction\",\"target\":[\"https:\/\/sey.fi\/paakaupunkiseudun-elainsuojeluyhdistys\/pk-esy\/elainsuojelu\/\"]}]},{\"@type\":\"ImageObject\",\"inLanguage\":\"fi\",\"@id\":\"https:\/\/sey.fi\/paakaupunkiseudun-elainsuojeluyhdistys\/pk-esy\/elainsuojelu\/#primaryimage\",\"url\":\"http:\/\/pk-esy.sey.fi\/images\/remy2.jpg\",\"contentUrl\":\"http:\/\/pk-esy.sey.fi\/images\/remy2.jpg\"},{\"@type\":\"BreadcrumbList\",\"@id\":\"https:\/\/sey.fi\/paakaupunkiseudun-elainsuojeluyhdistys\/pk-esy\/elainsuojelu\/#breadcrumb\",\"itemListElement\":[{\"@type\":\"ListItem\",\"position\":1,\"name\":\"Home\",\"item\":\"https:\/\/sey.fi\/paakaupunkiseudun-elainsuojeluyhdistys\/\"},{\"@type\":\"ListItem\",\"position\":2,\"name\":\"P\u00e4\u00e4kaupunkiseudun el\u00e4insuojeluyhdistys\",\"item\":\"https:\/\/sey.fi\/paakaupunkiseudun-elainsuojeluyhdistys\/\"},{\"@type\":\"ListItem\",\"position\":3,\"name\":\"El\u00e4insuojelu\"}]},{\"@type\":\"WebSite\",\"@id\":\"https:\/\/sey.fi\/paakaupunkiseudun-elainsuojeluyhdistys\/#website\",\"url\":\"https:\/\/sey.fi\/paakaupunkiseudun-elainsuojeluyhdistys\/\",\"name\":\"P\u00e4\u00e4kaupunkiseudun el\u00e4insuojeluyhdistys\",\"description\":\"Just another SEY J\u00e4senyhdistykset site\",\"potentialAction\":[{\"@type\":\"SearchAction\",\"target\":{\"@type\":\"EntryPoint\",\"urlTemplate\":\"https:\/\/sey.fi\/paakaupunkiseudun-elainsuojeluyhdistys\/?s={search_term_string}\"},\"query-input\":{\"@type\":\"PropertyValueSpecification\",\"valueRequired\":true,\"valueName\":\"search_term_string\"}}],\"inLanguage\":\"fi\"}]}<\/script>\n<!-- \/ Yoast SEO plugin. -->","yoast_head_json":{"title":"El\u00e4insuojelu - P\u00e4\u00e4kaupunkiseudun el\u00e4insuojeluyhdistys","robots":{"index":"index","follow":"follow","max-snippet":"max-snippet:-1","max-image-preview":"max-image-preview:large","max-video-preview":"max-video-preview:-1"},"canonical":"https:\/\/sey.fi\/paakaupunkiseudun-elainsuojeluyhdistys\/pk-esy\/elainsuojelu\/","og_locale":"fi_FI","og_type":"article","og_title":"El\u00e4insuojelu - P\u00e4\u00e4kaupunkiseudun el\u00e4insuojeluyhdistys","og_description":"El\u00e4insuojelulaki P\u00e4\u00e4kaupunkiseudulla on luonnonvaraisten el\u00e4inten lis\u00e4ksi runsaasti lemmikkiel\u00e4imi\u00e4, mm. Helsingiss\u00e4 on noin 17 000 rekister\u00f6ity\u00e4 koiraa ja kissojakin on kymmeni\u00e4 tuhansia.&nbsp; El\u00e4imet siis n\u00e4kyv\u00e4t ja kuuluvat kaupungissakin. Ihmiset ulkoiluttavat koiriaan. Meren rannoilla n\u00e4kyy paljon lintuja, mm. lokkeja ja sorsia. P\u00e4\u00e4kaupunkiseudulla el\u00e4\u00e4 runsaasti mm. rusakoita, siilej\u00e4 ja muita luonnonvaraisia nis\u00e4kk\u00e4it\u00e4. Ei ole yhdentekev\u00e4\u00e4 miten el\u00e4imi\u00e4 kohdellaan. [&hellip;]","og_url":"https:\/\/sey.fi\/paakaupunkiseudun-elainsuojeluyhdistys\/pk-esy\/elainsuojelu\/","og_site_name":"P\u00e4\u00e4kaupunkiseudun el\u00e4insuojeluyhdistys","article_modified_time":"2019-11-08T12:24:33+00:00","og_image":[{"url":"http:\/\/pk-esy.sey.fi\/images\/remy2.jpg","type":"","width":"","height":""}],"twitter_card":"summary_large_image","twitter_misc":{"Arvioitu lukuaika":"1 minuutti"},"schema":{"@context":"https:\/\/schema.org","@graph":[{"@type":"WebPage","@id":"https:\/\/sey.fi\/paakaupunkiseudun-elainsuojeluyhdistys\/pk-esy\/elainsuojelu\/","url":"https:\/\/sey.fi\/paakaupunkiseudun-elainsuojeluyhdistys\/pk-esy\/elainsuojelu\/","name":"El\u00e4insuojelu - P\u00e4\u00e4kaupunkiseudun el\u00e4insuojeluyhdistys","isPartOf":{"@id":"https:\/\/sey.fi\/paakaupunkiseudun-elainsuojeluyhdistys\/#website"},"primaryImageOfPage":{"@id":"https:\/\/sey.fi\/paakaupunkiseudun-elainsuojeluyhdistys\/pk-esy\/elainsuojelu\/#primaryimage"},"image":{"@id":"https:\/\/sey.fi\/paakaupunkiseudun-elainsuojeluyhdistys\/pk-esy\/elainsuojelu\/#primaryimage"},"thumbnailUrl":"http:\/\/pk-esy.sey.fi\/images\/remy2.jpg","datePublished":"2019-11-08T12:24:32+00:00","dateModified":"2019-11-08T12:24:33+00:00","breadcrumb":{"@id":"https:\/\/sey.fi\/paakaupunkiseudun-elainsuojeluyhdistys\/pk-esy\/elainsuojelu\/#breadcrumb"},"inLanguage":"fi","potentialAction":[{"@type":"ReadAction","target":["https:\/\/sey.fi\/paakaupunkiseudun-elainsuojeluyhdistys\/pk-esy\/elainsuojelu\/"]}]},{"@type":"ImageObject","inLanguage":"fi","@id":"https:\/\/sey.fi\/paakaupunkiseudun-elainsuojeluyhdistys\/pk-esy\/elainsuojelu\/#primaryimage","url":"http:\/\/pk-esy.sey.fi\/images\/remy2.jpg","contentUrl":"http:\/\/pk-esy.sey.fi\/images\/remy2.jpg"},{"@type":"BreadcrumbList","@id":"https:\/\/sey.fi\/paakaupunkiseudun-elainsuojeluyhdistys\/pk-esy\/elainsuojelu\/#breadcrumb","itemListElement":[{"@type":"ListItem","position":1,"name":"Home","item":"https:\/\/sey.fi\/paakaupunkiseudun-elainsuojeluyhdistys\/"},{"@type":"ListItem","position":2,"name":"P\u00e4\u00e4kaupunkiseudun el\u00e4insuojeluyhdistys","item":"https:\/\/sey.fi\/paakaupunkiseudun-elainsuojeluyhdistys\/"},{"@type":"ListItem","position":3,"name":"El\u00e4insuojelu"}]},{"@type":"WebSite","@id":"https:\/\/sey.fi\/paakaupunkiseudun-elainsuojeluyhdistys\/#website","url":"https:\/\/sey.fi\/paakaupunkiseudun-elainsuojeluyhdistys\/","name":"P\u00e4\u00e4kaupunkiseudun el\u00e4insuojeluyhdistys","description":"Just another SEY J\u00e4senyhdistykset site","potentialAction":[{"@type":"SearchAction","target":{"@type":"EntryPoint","urlTemplate":"https:\/\/sey.fi\/paakaupunkiseudun-elainsuojeluyhdistys\/?s={search_term_string}"},"query-input":{"@type":"PropertyValueSpecification","valueRequired":true,"valueName":"search_term_string"}}],"inLanguage":"fi"}]}},"_links":{"self":[{"href":"https:\/\/sey.fi\/paakaupunkiseudun-elainsuojeluyhdistys\/wp-json\/wp\/v2\/pages\/34","targetHints":{"allow":["GET"]}}],"collection":[{"href":"https:\/\/sey.fi\/paakaupunkiseudun-elainsuojeluyhdistys\/wp-json\/wp\/v2\/pages"}],"about":[{"href":"https:\/\/sey.fi\/paakaupunkiseudun-elainsuojeluyhdistys\/wp-json\/wp\/v2\/types\/page"}],"author":[{"embeddable":true,"href":"https:\/\/sey.fi\/paakaupunkiseudun-elainsuojeluyhdistys\/wp-json\/wp\/v2\/users\/8"}],"replies":[{"embeddable":true,"href":"https:\/\/sey.fi\/paakaupunkiseudun-elainsuojeluyhdistys\/wp-json\/wp\/v2\/comments?post=34"}],"version-history":[{"count":1,"href":"https:\/\/sey.fi\/paakaupunkiseudun-elainsuojeluyhdistys\/wp-json\/wp\/v2\/pages\/34\/revisions"}],"predecessor-version":[{"id":35,"href":"https:\/\/sey.fi\/paakaupunkiseudun-elainsuojeluyhdistys\/wp-json\/wp\/v2\/pages\/34\/revisions\/35"}],"up":[{"embeddable":true,"href":"https:\/\/sey.fi\/paakaupunkiseudun-elainsuojeluyhdistys\/wp-json\/wp\/v2\/pages\/2"}],"wp:attachment":[{"href":"https:\/\/sey.fi\/paakaupunkiseudun-elainsuojeluyhdistys\/wp-json\/wp\/v2\/media?parent=34"}],"curies":[{"name":"wp","href":"https:\/\/api.w.org\/{rel}","templated":true}]}}