{"id":36,"date":"2019-11-08T12:25:01","date_gmt":"2019-11-08T12:25:01","guid":{"rendered":"http:\/\/srvr10.xetpoint.com\/~seyfi\/paakaupunkiseudun-elainsuojeluyhdistys\/?page_id=36"},"modified":"2019-11-08T12:25:02","modified_gmt":"2019-11-08T12:25:02","slug":"mista-apua","status":"publish","type":"page","link":"https:\/\/sey.fi\/paakaupunkiseudun-elainsuojeluyhdistys\/pk-esy\/elainsuojelu\/mista-apua\/","title":{"rendered":"Mist\u00e4 apua?"},"content":{"rendered":"\n<p><strong>Helsingiss\u00e4 kaupunginel\u00e4inl\u00e4\u00e4k\u00e4ri Viikki<\/strong><\/p>\n\n\n\n<ul class=\"wp-block-list\"><li><strong>pienel\u00e4inp\u00e4ivystys 0600-97411<\/strong><\/li><li><strong>hevosp\u00e4ivystys 0600-97412<\/strong><\/li><li><strong>tuotantoel\u00e4inp\u00e4ivystys 0600-97413<\/strong><\/li><\/ul>\n\n\n\n<p><strong>Helsingin el\u00e4insuojeluel\u00e4inl\u00e4\u00e4k\u00e4ri puh. (09) 310 31531 (ma-pe 9-10)<br><\/strong><\/p>\n\n\n\n<p><strong>Vantaalla kaupunginel\u00e4inl\u00e4\u00e4k\u00e4rin p\u00e4ivystys Pakkalassa 09-873 1092 tai 09-8392 3105<\/strong><\/p>\n\n\n\n<p><strong>Vantaalla El\u00e4insairaala Aisti Myyrm\u00e4ess\u00e4 24h, 010-4232 142<\/strong><\/p>\n\n\n\n<p><strong>Helsingin kaupungin el\u00e4inpelastusyksikk\u00f6<\/strong><br><strong>puh. 09-310 30151<\/strong><br><br><strong>Poliisi 112<\/strong><\/p>\n\n\n\n<p><strong>Helsinki:<\/strong><\/p>\n\n\n\n<p>El\u00e4inl\u00e4\u00e4k\u00e4rin vastaanotto&nbsp;<a href=\"http:\/\/www.vetmed.helsinki.fi\/elainsairaala\/\">Viikiss\u00e4<\/a>, Koetilantie 2, Helsinki<br>Ajanvaraus puh. 029 415 7201&nbsp;ma-pe 8.15-15.30<\/p>\n\n\n\n<p><a href=\"http:\/\/www.hel.fi\/wps\/wcm\/connect\/HelsinkiV2\/fi\/kulttuuri-ja-vapaa-aika\/muu-vapaa-aika\/lemmikki-ja-kotielaimet\/elainlaakarit\/?1dmy&amp;urile=wcm%3Apath%3A%2Fwps%2Fwcm%2Fconnect%2FHelsinkiV2%2Ffi%2Fsosiaali-ja-terveyspalvelut%2Ftule-mukaan%2F\">El\u00e4inl\u00e4\u00e4k\u00e4ripalvelut<\/a><br>&nbsp;<\/p>\n\n\n\n<p><a href=\"http:\/\/www.espoo.fi\/fi-FI\/Sosiaali_ja_terveyspalvelut\/Terveyspalvelut\/Ymparistoterveydenhuolto\/Elainlaakaripalvelut\"><strong>Espoo ja Kauniainen:&nbsp;<\/strong><\/a><\/p>\n\n\n\n<p>El\u00e4inl\u00e4\u00e4k\u00e4rin vastaanotto Olarissa, Pihat\u00f6rm\u00e4 1 A. Ajanvaraus puh. 09 8168 4458 mieluiten klo 9-10<br>Valvontael\u00e4inl\u00e4\u00e4k\u00e4ri, puh. 09 816 84458 (ma-pe 9-10), elainlaakari(at)espoo.fi<\/p>\n\n\n\n<p><a href=\"http:\/\/www.vantaa.fi\/fi\/sosiaali-_ja_terveyspalvelut\/terveyspalvelut\/ymparistoterveys\/elaimet\/elainsuojelu\"><strong>Vantaa<\/strong><\/a>:<br><br>El\u00e4inl\u00e4\u00e4k\u00e4rin vastaanotto Pakkalankuja 5, puh. 09 873 1092 klo 8.30-11 ja 17-18<br>Valvontael\u00e4inl\u00e4\u00e4k\u00e4ri puh. 040 536 0337<\/p>\n\n\n\n<p><strong>L\u00f6yt\u00f6el\u00e4imet<\/strong><\/p>\n\n\n\n<p>Viikin l\u00f6yt\u00f6el\u00e4intalo<br>l\u00f6yt\u00f6el\u00e4inten vastaanotto ja luovutus<\/p>\n\n\n\n<p>Koetilantie 13, 00790 Helsinki:<br>ma &#8211; pe klo 8 -19<br>la klo 8 -16<br>su klo 10-18<\/p>\n\n\n\n<p>puh. 044 011 0102<\/p>\n\n\n\n<p>tekstiviestit 045 113 4683<\/p>\n\n\n\n<p>loytoelaintalo(at)loytoelaintalo.fi<\/p>\n\n\n\n<p><strong>Apua lemmikin etsint\u00e4\u00e4n<\/strong><\/p>\n\n\n\n<p>Suomen L\u00f6yt\u00f6el\u00e4inapu<br><a href=\"http:\/\/www.karkurit.fi\/\">Karkurit<\/a><br>puh. 045 1693939 (24\/7)<\/p>\n\n\n\n<p><a href=\"http:\/\/www.etsijakoiraliitto.fi\/\">Etsij\u00e4koiraliitto<\/a><br>puh. 040 724 8614<\/p>\n\n\n\n<p><strong>Loukkaantuneet tai sairaat luonnonvaraiset el\u00e4imet<\/strong><\/p>\n\n\n\n<p>Paikallinen pelastuslaitos<br>puh. 112<\/p>\n\n\n\n<p>Helsingiss\u00e4&nbsp;<a href=\"http:\/\/www.hel.fi\/hki\/pela\/fi\/Pelastustoiminta\/Elainpelastus\">Tilannekeskus<\/a>&nbsp;(24\/7)<br>puh. 09 310 30151<\/p>\n\n\n\n<p><a href=\"http:\/\/www.korkeasaari.fi\/suojelutyo\/villielainsairaala\/\">Korkeasaaren el\u00e4intarha<\/a><br>puh. 09 310 37 887<br>s\u00e4hk\u00f6posti: zoo.palosaari(at)korkeasaari.fi<br>&nbsp;&nbsp;<br>Viikin yliopistollinen el\u00e4insairaala<br>(HUOM! vain el\u00e4insuojelullisista syist\u00e4 lopetettavat loukkaantuneet luonnonvaraiset el\u00e4imet)<br>Koetilantie 2, 00790 Helsinki<\/p>\n\n\n\n<p>Sari Valtanen<br>puh. 040 735 4470<\/p>\n\n\n\n<p><strong>Muita neuvojia<\/strong><\/p>\n\n\n\n<p><br><a href=\"http:\/\/www.kennelliitto.fi\/\">Suomen Kennelliitto ry<\/a>:n neuvontapuhelin (09) 887 300 ko 11-17<\/p>\n\n\n\n<p><a href=\"http:\/\/www.kissaliitto.fi\/\">Kissaliitto<\/a><\/p>\n\n\n\n<p><a href=\"http:\/\/www.kaijuli.fi\/\">Lemmikkilinnut&nbsp; Kaijuli ry<\/a><\/p>\n\n\n\n<p>Sammakkoel\u00e4imet ja matelijat&nbsp;<a href=\"http:\/\/heko.herpetomania.fi\/\">Herpille Koti-rinki<\/a><\/p>\n\n\n\n<p><a href=\"http:\/\/www.kaniyhdistys.com\/\">Suomen Kaniyhdistys ry<\/a><\/p>\n\n\n\n<p><strong>Lainattavat pyydykset<\/strong><\/p>\n\n\n\n<p>P\u00e4\u00e4kaupunkiseudun el\u00e4insuojeluyhdistykselt\u00e4 on lainattavissa pyydyksi\u00e4 karanneiden ja heitteille j\u00e4tettyjen el\u00e4inten kiinniottamiseksi.<\/p>\n\n\n\n<p>Pyydys lainataan kahdeksi viikoksi 50 euron panttimaksua vastaan. Lainaaja saa panttimaksun takaisin, kun pyydys palautetaan yhdistykselle ehj\u00e4n\u00e4 ja puhdistettuna.<\/p>\n\n\n\n<p>Lis\u00e4tietoja pk-esy(at)pk-esy.fi tai p\u00e4ivystysnumerostamme 045 135 9726 (iltaisin klo 18-21).&nbsp;Tekstiviesteihin emme pysty vastaamaan.<\/p>\n","protected":false},"excerpt":{"rendered":"<p>Helsingiss\u00e4 kaupunginel\u00e4inl\u00e4\u00e4k\u00e4ri Viikki pienel\u00e4inp\u00e4ivystys 0600-97411 hevosp\u00e4ivystys 0600-97412 tuotantoel\u00e4inp\u00e4ivystys 0600-97413 Helsingin el\u00e4insuojeluel\u00e4inl\u00e4\u00e4k\u00e4ri puh. (09) 310 31531 (ma-pe 9-10) Vantaalla kaupunginel\u00e4inl\u00e4\u00e4k\u00e4rin p\u00e4ivystys Pakkalassa 09-873 1092 tai 09-8392 3105 Vantaalla El\u00e4insairaala Aisti Myyrm\u00e4ess\u00e4 24h, 010-4232 142 Helsingin kaupungin el\u00e4inpelastusyksikk\u00f6puh. 09-310 30151 Poliisi 112 Helsinki: El\u00e4inl\u00e4\u00e4k\u00e4rin vastaanotto&nbsp;Viikiss\u00e4, Koetilantie 2, HelsinkiAjanvaraus puh. 029 415 7201&nbsp;ma-pe 8.15-15.30 El\u00e4inl\u00e4\u00e4k\u00e4ripalvelut&nbsp; Espoo ja Kauniainen:&nbsp; [&hellip;]<\/p>\n","protected":false},"author":8,"featured_media":0,"parent":34,"menu_order":0,"comment_status":"closed","ping_status":"closed","template":"","meta":{"_acf_changed":false,"footnotes":""},"class_list":["post-36","page","type-page","status-publish","hentry"],"acf":[],"yoast_head":"<!-- This site is optimized with the Yoast SEO plugin v27.1.1 - https:\/\/yoast.com\/product\/yoast-seo-wordpress\/ -->\n<title>Mist\u00e4 apua? - P\u00e4\u00e4kaupunkiseudun el\u00e4insuojeluyhdistys<\/title>\n<meta name=\"robots\" content=\"index, follow, max-snippet:-1, max-image-preview:large, max-video-preview:-1\" \/>\n<link rel=\"canonical\" href=\"https:\/\/sey.fi\/paakaupunkiseudun-elainsuojeluyhdistys\/pk-esy\/elainsuojelu\/mista-apua\/\" \/>\n<meta property=\"og:locale\" content=\"fi_FI\" \/>\n<meta property=\"og:type\" content=\"article\" \/>\n<meta property=\"og:title\" content=\"Mist\u00e4 apua? - P\u00e4\u00e4kaupunkiseudun el\u00e4insuojeluyhdistys\" \/>\n<meta property=\"og:description\" content=\"Helsingiss\u00e4 kaupunginel\u00e4inl\u00e4\u00e4k\u00e4ri Viikki pienel\u00e4inp\u00e4ivystys 0600-97411 hevosp\u00e4ivystys 0600-97412 tuotantoel\u00e4inp\u00e4ivystys 0600-97413 Helsingin el\u00e4insuojeluel\u00e4inl\u00e4\u00e4k\u00e4ri puh. (09) 310 31531 (ma-pe 9-10) Vantaalla kaupunginel\u00e4inl\u00e4\u00e4k\u00e4rin p\u00e4ivystys Pakkalassa 09-873 1092 tai 09-8392 3105 Vantaalla El\u00e4insairaala Aisti Myyrm\u00e4ess\u00e4 24h, 010-4232 142 Helsingin kaupungin el\u00e4inpelastusyksikk\u00f6puh. 09-310 30151 Poliisi 112 Helsinki: El\u00e4inl\u00e4\u00e4k\u00e4rin vastaanotto&nbsp;Viikiss\u00e4, Koetilantie 2, HelsinkiAjanvaraus puh. 029 415 7201&nbsp;ma-pe 8.15-15.30 El\u00e4inl\u00e4\u00e4k\u00e4ripalvelut&nbsp; Espoo ja Kauniainen:&nbsp; [&hellip;]\" \/>\n<meta property=\"og:url\" content=\"https:\/\/sey.fi\/paakaupunkiseudun-elainsuojeluyhdistys\/pk-esy\/elainsuojelu\/mista-apua\/\" \/>\n<meta property=\"og:site_name\" content=\"P\u00e4\u00e4kaupunkiseudun el\u00e4insuojeluyhdistys\" \/>\n<meta property=\"article:modified_time\" content=\"2019-11-08T12:25:02+00:00\" \/>\n<meta name=\"twitter:card\" content=\"summary_large_image\" \/>\n<meta name=\"twitter:label1\" content=\"Arvioitu lukuaika\" \/>\n\t<meta name=\"twitter:data1\" content=\"1 minuutti\" \/>\n<script type=\"application\/ld+json\" class=\"yoast-schema-graph\">{\"@context\":\"https:\/\/schema.org\",\"@graph\":[{\"@type\":\"WebPage\",\"@id\":\"https:\/\/sey.fi\/paakaupunkiseudun-elainsuojeluyhdistys\/pk-esy\/elainsuojelu\/mista-apua\/\",\"url\":\"https:\/\/sey.fi\/paakaupunkiseudun-elainsuojeluyhdistys\/pk-esy\/elainsuojelu\/mista-apua\/\",\"name\":\"Mist\u00e4 apua? - P\u00e4\u00e4kaupunkiseudun el\u00e4insuojeluyhdistys\",\"isPartOf\":{\"@id\":\"https:\/\/sey.fi\/paakaupunkiseudun-elainsuojeluyhdistys\/#website\"},\"datePublished\":\"2019-11-08T12:25:01+00:00\",\"dateModified\":\"2019-11-08T12:25:02+00:00\",\"breadcrumb\":{\"@id\":\"https:\/\/sey.fi\/paakaupunkiseudun-elainsuojeluyhdistys\/pk-esy\/elainsuojelu\/mista-apua\/#breadcrumb\"},\"inLanguage\":\"fi\",\"potentialAction\":[{\"@type\":\"ReadAction\",\"target\":[\"https:\/\/sey.fi\/paakaupunkiseudun-elainsuojeluyhdistys\/pk-esy\/elainsuojelu\/mista-apua\/\"]}]},{\"@type\":\"BreadcrumbList\",\"@id\":\"https:\/\/sey.fi\/paakaupunkiseudun-elainsuojeluyhdistys\/pk-esy\/elainsuojelu\/mista-apua\/#breadcrumb\",\"itemListElement\":[{\"@type\":\"ListItem\",\"position\":1,\"name\":\"Home\",\"item\":\"https:\/\/sey.fi\/paakaupunkiseudun-elainsuojeluyhdistys\/\"},{\"@type\":\"ListItem\",\"position\":2,\"name\":\"P\u00e4\u00e4kaupunkiseudun el\u00e4insuojeluyhdistys\",\"item\":\"https:\/\/sey.fi\/paakaupunkiseudun-elainsuojeluyhdistys\/\"},{\"@type\":\"ListItem\",\"position\":3,\"name\":\"El\u00e4insuojelu\",\"item\":\"https:\/\/sey.fi\/paakaupunkiseudun-elainsuojeluyhdistys\/pk-esy\/elainsuojelu\/\"},{\"@type\":\"ListItem\",\"position\":4,\"name\":\"Mist\u00e4 apua?\"}]},{\"@type\":\"WebSite\",\"@id\":\"https:\/\/sey.fi\/paakaupunkiseudun-elainsuojeluyhdistys\/#website\",\"url\":\"https:\/\/sey.fi\/paakaupunkiseudun-elainsuojeluyhdistys\/\",\"name\":\"P\u00e4\u00e4kaupunkiseudun el\u00e4insuojeluyhdistys\",\"description\":\"Just another SEY J\u00e4senyhdistykset site\",\"potentialAction\":[{\"@type\":\"SearchAction\",\"target\":{\"@type\":\"EntryPoint\",\"urlTemplate\":\"https:\/\/sey.fi\/paakaupunkiseudun-elainsuojeluyhdistys\/?s={search_term_string}\"},\"query-input\":{\"@type\":\"PropertyValueSpecification\",\"valueRequired\":true,\"valueName\":\"search_term_string\"}}],\"inLanguage\":\"fi\"}]}<\/script>\n<!-- \/ Yoast SEO plugin. -->","yoast_head_json":{"title":"Mist\u00e4 apua? - P\u00e4\u00e4kaupunkiseudun el\u00e4insuojeluyhdistys","robots":{"index":"index","follow":"follow","max-snippet":"max-snippet:-1","max-image-preview":"max-image-preview:large","max-video-preview":"max-video-preview:-1"},"canonical":"https:\/\/sey.fi\/paakaupunkiseudun-elainsuojeluyhdistys\/pk-esy\/elainsuojelu\/mista-apua\/","og_locale":"fi_FI","og_type":"article","og_title":"Mist\u00e4 apua? - P\u00e4\u00e4kaupunkiseudun el\u00e4insuojeluyhdistys","og_description":"Helsingiss\u00e4 kaupunginel\u00e4inl\u00e4\u00e4k\u00e4ri Viikki pienel\u00e4inp\u00e4ivystys 0600-97411 hevosp\u00e4ivystys 0600-97412 tuotantoel\u00e4inp\u00e4ivystys 0600-97413 Helsingin el\u00e4insuojeluel\u00e4inl\u00e4\u00e4k\u00e4ri puh. (09) 310 31531 (ma-pe 9-10) Vantaalla kaupunginel\u00e4inl\u00e4\u00e4k\u00e4rin p\u00e4ivystys Pakkalassa 09-873 1092 tai 09-8392 3105 Vantaalla El\u00e4insairaala Aisti Myyrm\u00e4ess\u00e4 24h, 010-4232 142 Helsingin kaupungin el\u00e4inpelastusyksikk\u00f6puh. 09-310 30151 Poliisi 112 Helsinki: El\u00e4inl\u00e4\u00e4k\u00e4rin vastaanotto&nbsp;Viikiss\u00e4, Koetilantie 2, HelsinkiAjanvaraus puh. 029 415 7201&nbsp;ma-pe 8.15-15.30 El\u00e4inl\u00e4\u00e4k\u00e4ripalvelut&nbsp; Espoo ja Kauniainen:&nbsp; [&hellip;]","og_url":"https:\/\/sey.fi\/paakaupunkiseudun-elainsuojeluyhdistys\/pk-esy\/elainsuojelu\/mista-apua\/","og_site_name":"P\u00e4\u00e4kaupunkiseudun el\u00e4insuojeluyhdistys","article_modified_time":"2019-11-08T12:25:02+00:00","twitter_card":"summary_large_image","twitter_misc":{"Arvioitu lukuaika":"1 minuutti"},"schema":{"@context":"https:\/\/schema.org","@graph":[{"@type":"WebPage","@id":"https:\/\/sey.fi\/paakaupunkiseudun-elainsuojeluyhdistys\/pk-esy\/elainsuojelu\/mista-apua\/","url":"https:\/\/sey.fi\/paakaupunkiseudun-elainsuojeluyhdistys\/pk-esy\/elainsuojelu\/mista-apua\/","name":"Mist\u00e4 apua? - P\u00e4\u00e4kaupunkiseudun el\u00e4insuojeluyhdistys","isPartOf":{"@id":"https:\/\/sey.fi\/paakaupunkiseudun-elainsuojeluyhdistys\/#website"},"datePublished":"2019-11-08T12:25:01+00:00","dateModified":"2019-11-08T12:25:02+00:00","breadcrumb":{"@id":"https:\/\/sey.fi\/paakaupunkiseudun-elainsuojeluyhdistys\/pk-esy\/elainsuojelu\/mista-apua\/#breadcrumb"},"inLanguage":"fi","potentialAction":[{"@type":"ReadAction","target":["https:\/\/sey.fi\/paakaupunkiseudun-elainsuojeluyhdistys\/pk-esy\/elainsuojelu\/mista-apua\/"]}]},{"@type":"BreadcrumbList","@id":"https:\/\/sey.fi\/paakaupunkiseudun-elainsuojeluyhdistys\/pk-esy\/elainsuojelu\/mista-apua\/#breadcrumb","itemListElement":[{"@type":"ListItem","position":1,"name":"Home","item":"https:\/\/sey.fi\/paakaupunkiseudun-elainsuojeluyhdistys\/"},{"@type":"ListItem","position":2,"name":"P\u00e4\u00e4kaupunkiseudun el\u00e4insuojeluyhdistys","item":"https:\/\/sey.fi\/paakaupunkiseudun-elainsuojeluyhdistys\/"},{"@type":"ListItem","position":3,"name":"El\u00e4insuojelu","item":"https:\/\/sey.fi\/paakaupunkiseudun-elainsuojeluyhdistys\/pk-esy\/elainsuojelu\/"},{"@type":"ListItem","position":4,"name":"Mist\u00e4 apua?"}]},{"@type":"WebSite","@id":"https:\/\/sey.fi\/paakaupunkiseudun-elainsuojeluyhdistys\/#website","url":"https:\/\/sey.fi\/paakaupunkiseudun-elainsuojeluyhdistys\/","name":"P\u00e4\u00e4kaupunkiseudun el\u00e4insuojeluyhdistys","description":"Just another SEY J\u00e4senyhdistykset site","potentialAction":[{"@type":"SearchAction","target":{"@type":"EntryPoint","urlTemplate":"https:\/\/sey.fi\/paakaupunkiseudun-elainsuojeluyhdistys\/?s={search_term_string}"},"query-input":{"@type":"PropertyValueSpecification","valueRequired":true,"valueName":"search_term_string"}}],"inLanguage":"fi"}]}},"_links":{"self":[{"href":"https:\/\/sey.fi\/paakaupunkiseudun-elainsuojeluyhdistys\/wp-json\/wp\/v2\/pages\/36","targetHints":{"allow":["GET"]}}],"collection":[{"href":"https:\/\/sey.fi\/paakaupunkiseudun-elainsuojeluyhdistys\/wp-json\/wp\/v2\/pages"}],"about":[{"href":"https:\/\/sey.fi\/paakaupunkiseudun-elainsuojeluyhdistys\/wp-json\/wp\/v2\/types\/page"}],"author":[{"embeddable":true,"href":"https:\/\/sey.fi\/paakaupunkiseudun-elainsuojeluyhdistys\/wp-json\/wp\/v2\/users\/8"}],"replies":[{"embeddable":true,"href":"https:\/\/sey.fi\/paakaupunkiseudun-elainsuojeluyhdistys\/wp-json\/wp\/v2\/comments?post=36"}],"version-history":[{"count":1,"href":"https:\/\/sey.fi\/paakaupunkiseudun-elainsuojeluyhdistys\/wp-json\/wp\/v2\/pages\/36\/revisions"}],"predecessor-version":[{"id":37,"href":"https:\/\/sey.fi\/paakaupunkiseudun-elainsuojeluyhdistys\/wp-json\/wp\/v2\/pages\/36\/revisions\/37"}],"up":[{"embeddable":true,"href":"https:\/\/sey.fi\/paakaupunkiseudun-elainsuojeluyhdistys\/wp-json\/wp\/v2\/pages\/34"}],"wp:attachment":[{"href":"https:\/\/sey.fi\/paakaupunkiseudun-elainsuojeluyhdistys\/wp-json\/wp\/v2\/media?parent=36"}],"curies":[{"name":"wp","href":"https:\/\/api.w.org\/{rel}","templated":true}]}}