{"id":38,"date":"2019-11-08T12:25:28","date_gmt":"2019-11-08T12:25:28","guid":{"rendered":"http:\/\/srvr10.xetpoint.com\/~seyfi\/paakaupunkiseudun-elainsuojeluyhdistys\/?page_id=38"},"modified":"2019-11-08T12:25:29","modified_gmt":"2019-11-08T12:25:29","slug":"elain-ja-laki","status":"publish","type":"page","link":"https:\/\/sey.fi\/paakaupunkiseudun-elainsuojeluyhdistys\/pk-esy\/elainsuojelu\/elain-ja-laki\/","title":{"rendered":"El\u00e4in ja laki"},"content":{"rendered":"\n<h2 class=\"wp-block-heading\">Lemmikkiel\u00e4imet ja laki<\/h2>\n\n\n\n<p>El\u00e4inten pidosta s\u00e4\u00e4t\u00e4\u00e4 usea laki Suomessa. T\u00e4rkein n\u00e4ist\u00e4 el\u00e4inten kannalta on el\u00e4insuojelulaki, jossa kerrotaan minimivaatimukset el\u00e4inten pitoa ja hoitoa koskien.&nbsp;<\/p>\n\n\n\n<figure class=\"wp-block-image\"><img decoding=\"async\" src=\"http:\/\/pk-esy.sey.fi\/images\/pena2_krista_savola.jpg\" alt=\"\" \/><\/figure>\n\n\n\n<p>J\u00e4rjestyslaista l\u00f6ytyy pyk\u00e4li\u00e4 el\u00e4inten kiinnipidosta ja mets\u00e4styslaki kertoo koska mets\u00e4styskoirat saavat olla mets\u00e4stysty\u00f6ss\u00e4.<\/p>\n\n\n\n<p>Kuluttajansuojalaki rinnastaa el\u00e4imen tavaraan ja mm. el\u00e4imen myyntiin liittyviss\u00e4 kiistoissa voi apu l\u00f6yty\u00e4 kuluttajansuojalaista.<\/p>\n\n\n\n<p>El\u00e4insuojelulain 1 \u00a7 tiivist\u00e4\u00e4 el\u00e4insuojelulain tarkoituksen:<\/p>\n\n\n\n<p><em><strong>T\u00e4m\u00e4n lain tarkoituksena on suojella el\u00e4imi\u00e4 parhaalla mahdollisella tavalla k\u00e4rsimykselt\u00e4, kivulta ja tuskalta. Lain tarkoituksena on my\u00f6s edist\u00e4\u00e4 el\u00e4inten hyvinvointia ja hyv\u00e4\u00e4 kohtelua.<\/strong><\/em><\/p>\n\n\n\n<p><a href=\"http:\/\/www.finlex.fi\/fi\/laki\/ajantasa\/1996\/19960247\">El\u00e4insuojelulaki<\/a><\/p>\n\n\n\n<p>J\u00e4rjestyslaki m\u00e4\u00e4r\u00e4\u00e4 pit\u00e4m\u00e4\u00e4n koirat kytkettyn\u00e4 taajama-alueilla. My\u00f6s kissat on pidett\u00e4v\u00e4 kytkettyn\u00e4 mm. kuntopoluilla ja lasten leikkipaikoilla.<\/p>\n\n\n\n<p><a href=\"http:\/\/www.finlex.fi\/fi\/laki\/ajantasa\/2003\/20030612\">J\u00e4rjestyslaki el\u00e4inten osalta<\/a><\/p>\n\n\n\n<p>Mets\u00e4styslaista l\u00f6ytyv\u00e4t m\u00e4\u00e4r\u00e4ykset mm. koirien kiinni pidosta ja ajankohdat, jolloin mets\u00e4styskoirat saavat olla mets\u00e4stysk\u00e4yt\u00f6ss\u00e4 (<a href=\"http:\/\/www.finlex.fi\/fi\/laki\/ajantasa\/1993\/19930615\">Mets\u00e4styslaki<\/a>&nbsp;luku 8, 51-55 \u00a7). Em. laista l\u00f6ytyy my\u00f6s pyk\u00e4l\u00e4, joka koskee kissan heitteillej\u00e4tt\u00f6\u00e4 ja hylk\u00e4\u00e4mist\u00e4 (luku 11, 85 \u00a7).<\/p>\n\n\n\n<p><a href=\"http:\/\/www.finlex.fi\/fi\/laki\/ajantasa\/1978\/19780038\">Kuluttajansuojalaki<\/a><\/p>\n\n\n\n<p><a href=\"http:\/\/www.finlex.fi\/fi\/laki\/ajantasa\/2010\/20100674\">Seurael\u00e4inten pitoon liittyv\u00e4 lains\u00e4\u00e4d\u00e4nt\u00f6<\/a><\/p>\n\n\n\n<p>Eth\u00e4n kopioi kuvia ilman lupaa.<\/p>\n","protected":false},"excerpt":{"rendered":"<p>Lemmikkiel\u00e4imet ja laki El\u00e4inten pidosta s\u00e4\u00e4t\u00e4\u00e4 usea laki Suomessa. T\u00e4rkein n\u00e4ist\u00e4 el\u00e4inten kannalta on el\u00e4insuojelulaki, jossa kerrotaan minimivaatimukset el\u00e4inten pitoa ja hoitoa koskien.&nbsp; J\u00e4rjestyslaista l\u00f6ytyy pyk\u00e4li\u00e4 el\u00e4inten kiinnipidosta ja mets\u00e4styslaki kertoo koska mets\u00e4styskoirat saavat olla mets\u00e4stysty\u00f6ss\u00e4. Kuluttajansuojalaki rinnastaa el\u00e4imen tavaraan ja mm. el\u00e4imen myyntiin liittyviss\u00e4 kiistoissa voi apu l\u00f6yty\u00e4 kuluttajansuojalaista. El\u00e4insuojelulain 1 \u00a7 tiivist\u00e4\u00e4 el\u00e4insuojelulain [&hellip;]<\/p>\n","protected":false},"author":8,"featured_media":0,"parent":34,"menu_order":0,"comment_status":"closed","ping_status":"closed","template":"","meta":{"_acf_changed":false,"footnotes":""},"class_list":["post-38","page","type-page","status-publish","hentry"],"acf":[],"yoast_head":"<!-- This site is optimized with the Yoast SEO plugin v27.1.1 - https:\/\/yoast.com\/product\/yoast-seo-wordpress\/ -->\n<title>El\u00e4in ja laki - P\u00e4\u00e4kaupunkiseudun el\u00e4insuojeluyhdistys<\/title>\n<meta name=\"robots\" content=\"index, follow, max-snippet:-1, max-image-preview:large, max-video-preview:-1\" \/>\n<link rel=\"canonical\" href=\"https:\/\/sey.fi\/paakaupunkiseudun-elainsuojeluyhdistys\/pk-esy\/elainsuojelu\/elain-ja-laki\/\" \/>\n<meta property=\"og:locale\" content=\"fi_FI\" \/>\n<meta property=\"og:type\" content=\"article\" \/>\n<meta property=\"og:title\" content=\"El\u00e4in ja laki - P\u00e4\u00e4kaupunkiseudun el\u00e4insuojeluyhdistys\" \/>\n<meta property=\"og:description\" content=\"Lemmikkiel\u00e4imet ja laki El\u00e4inten pidosta s\u00e4\u00e4t\u00e4\u00e4 usea laki Suomessa. T\u00e4rkein n\u00e4ist\u00e4 el\u00e4inten kannalta on el\u00e4insuojelulaki, jossa kerrotaan minimivaatimukset el\u00e4inten pitoa ja hoitoa koskien.&nbsp; J\u00e4rjestyslaista l\u00f6ytyy pyk\u00e4li\u00e4 el\u00e4inten kiinnipidosta ja mets\u00e4styslaki kertoo koska mets\u00e4styskoirat saavat olla mets\u00e4stysty\u00f6ss\u00e4. Kuluttajansuojalaki rinnastaa el\u00e4imen tavaraan ja mm. el\u00e4imen myyntiin liittyviss\u00e4 kiistoissa voi apu l\u00f6yty\u00e4 kuluttajansuojalaista. El\u00e4insuojelulain 1 \u00a7 tiivist\u00e4\u00e4 el\u00e4insuojelulain [&hellip;]\" \/>\n<meta property=\"og:url\" content=\"https:\/\/sey.fi\/paakaupunkiseudun-elainsuojeluyhdistys\/pk-esy\/elainsuojelu\/elain-ja-laki\/\" \/>\n<meta property=\"og:site_name\" content=\"P\u00e4\u00e4kaupunkiseudun el\u00e4insuojeluyhdistys\" \/>\n<meta property=\"article:modified_time\" content=\"2019-11-08T12:25:29+00:00\" \/>\n<meta property=\"og:image\" content=\"http:\/\/pk-esy.sey.fi\/images\/pena2_krista_savola.jpg\" \/>\n<meta name=\"twitter:card\" content=\"summary_large_image\" \/>\n<meta name=\"twitter:label1\" content=\"Arvioitu lukuaika\" \/>\n\t<meta name=\"twitter:data1\" content=\"1 minuutti\" \/>\n<script type=\"application\/ld+json\" class=\"yoast-schema-graph\">{\"@context\":\"https:\/\/schema.org\",\"@graph\":[{\"@type\":\"WebPage\",\"@id\":\"https:\/\/sey.fi\/paakaupunkiseudun-elainsuojeluyhdistys\/pk-esy\/elainsuojelu\/elain-ja-laki\/\",\"url\":\"https:\/\/sey.fi\/paakaupunkiseudun-elainsuojeluyhdistys\/pk-esy\/elainsuojelu\/elain-ja-laki\/\",\"name\":\"El\u00e4in ja laki - P\u00e4\u00e4kaupunkiseudun el\u00e4insuojeluyhdistys\",\"isPartOf\":{\"@id\":\"https:\/\/sey.fi\/paakaupunkiseudun-elainsuojeluyhdistys\/#website\"},\"primaryImageOfPage\":{\"@id\":\"https:\/\/sey.fi\/paakaupunkiseudun-elainsuojeluyhdistys\/pk-esy\/elainsuojelu\/elain-ja-laki\/#primaryimage\"},\"image\":{\"@id\":\"https:\/\/sey.fi\/paakaupunkiseudun-elainsuojeluyhdistys\/pk-esy\/elainsuojelu\/elain-ja-laki\/#primaryimage\"},\"thumbnailUrl\":\"http:\/\/pk-esy.sey.fi\/images\/pena2_krista_savola.jpg\",\"datePublished\":\"2019-11-08T12:25:28+00:00\",\"dateModified\":\"2019-11-08T12:25:29+00:00\",\"breadcrumb\":{\"@id\":\"https:\/\/sey.fi\/paakaupunkiseudun-elainsuojeluyhdistys\/pk-esy\/elainsuojelu\/elain-ja-laki\/#breadcrumb\"},\"inLanguage\":\"fi\",\"potentialAction\":[{\"@type\":\"ReadAction\",\"target\":[\"https:\/\/sey.fi\/paakaupunkiseudun-elainsuojeluyhdistys\/pk-esy\/elainsuojelu\/elain-ja-laki\/\"]}]},{\"@type\":\"ImageObject\",\"inLanguage\":\"fi\",\"@id\":\"https:\/\/sey.fi\/paakaupunkiseudun-elainsuojeluyhdistys\/pk-esy\/elainsuojelu\/elain-ja-laki\/#primaryimage\",\"url\":\"http:\/\/pk-esy.sey.fi\/images\/pena2_krista_savola.jpg\",\"contentUrl\":\"http:\/\/pk-esy.sey.fi\/images\/pena2_krista_savola.jpg\"},{\"@type\":\"BreadcrumbList\",\"@id\":\"https:\/\/sey.fi\/paakaupunkiseudun-elainsuojeluyhdistys\/pk-esy\/elainsuojelu\/elain-ja-laki\/#breadcrumb\",\"itemListElement\":[{\"@type\":\"ListItem\",\"position\":1,\"name\":\"Home\",\"item\":\"https:\/\/sey.fi\/paakaupunkiseudun-elainsuojeluyhdistys\/\"},{\"@type\":\"ListItem\",\"position\":2,\"name\":\"P\u00e4\u00e4kaupunkiseudun el\u00e4insuojeluyhdistys\",\"item\":\"https:\/\/sey.fi\/paakaupunkiseudun-elainsuojeluyhdistys\/\"},{\"@type\":\"ListItem\",\"position\":3,\"name\":\"El\u00e4insuojelu\",\"item\":\"https:\/\/sey.fi\/paakaupunkiseudun-elainsuojeluyhdistys\/pk-esy\/elainsuojelu\/\"},{\"@type\":\"ListItem\",\"position\":4,\"name\":\"El\u00e4in ja laki\"}]},{\"@type\":\"WebSite\",\"@id\":\"https:\/\/sey.fi\/paakaupunkiseudun-elainsuojeluyhdistys\/#website\",\"url\":\"https:\/\/sey.fi\/paakaupunkiseudun-elainsuojeluyhdistys\/\",\"name\":\"P\u00e4\u00e4kaupunkiseudun el\u00e4insuojeluyhdistys\",\"description\":\"Just another SEY J\u00e4senyhdistykset site\",\"potentialAction\":[{\"@type\":\"SearchAction\",\"target\":{\"@type\":\"EntryPoint\",\"urlTemplate\":\"https:\/\/sey.fi\/paakaupunkiseudun-elainsuojeluyhdistys\/?s={search_term_string}\"},\"query-input\":{\"@type\":\"PropertyValueSpecification\",\"valueRequired\":true,\"valueName\":\"search_term_string\"}}],\"inLanguage\":\"fi\"}]}<\/script>\n<!-- \/ Yoast SEO plugin. -->","yoast_head_json":{"title":"El\u00e4in ja laki - P\u00e4\u00e4kaupunkiseudun el\u00e4insuojeluyhdistys","robots":{"index":"index","follow":"follow","max-snippet":"max-snippet:-1","max-image-preview":"max-image-preview:large","max-video-preview":"max-video-preview:-1"},"canonical":"https:\/\/sey.fi\/paakaupunkiseudun-elainsuojeluyhdistys\/pk-esy\/elainsuojelu\/elain-ja-laki\/","og_locale":"fi_FI","og_type":"article","og_title":"El\u00e4in ja laki - P\u00e4\u00e4kaupunkiseudun el\u00e4insuojeluyhdistys","og_description":"Lemmikkiel\u00e4imet ja laki El\u00e4inten pidosta s\u00e4\u00e4t\u00e4\u00e4 usea laki Suomessa. T\u00e4rkein n\u00e4ist\u00e4 el\u00e4inten kannalta on el\u00e4insuojelulaki, jossa kerrotaan minimivaatimukset el\u00e4inten pitoa ja hoitoa koskien.&nbsp; J\u00e4rjestyslaista l\u00f6ytyy pyk\u00e4li\u00e4 el\u00e4inten kiinnipidosta ja mets\u00e4styslaki kertoo koska mets\u00e4styskoirat saavat olla mets\u00e4stysty\u00f6ss\u00e4. Kuluttajansuojalaki rinnastaa el\u00e4imen tavaraan ja mm. el\u00e4imen myyntiin liittyviss\u00e4 kiistoissa voi apu l\u00f6yty\u00e4 kuluttajansuojalaista. El\u00e4insuojelulain 1 \u00a7 tiivist\u00e4\u00e4 el\u00e4insuojelulain [&hellip;]","og_url":"https:\/\/sey.fi\/paakaupunkiseudun-elainsuojeluyhdistys\/pk-esy\/elainsuojelu\/elain-ja-laki\/","og_site_name":"P\u00e4\u00e4kaupunkiseudun el\u00e4insuojeluyhdistys","article_modified_time":"2019-11-08T12:25:29+00:00","og_image":[{"url":"http:\/\/pk-esy.sey.fi\/images\/pena2_krista_savola.jpg","type":"","width":"","height":""}],"twitter_card":"summary_large_image","twitter_misc":{"Arvioitu lukuaika":"1 minuutti"},"schema":{"@context":"https:\/\/schema.org","@graph":[{"@type":"WebPage","@id":"https:\/\/sey.fi\/paakaupunkiseudun-elainsuojeluyhdistys\/pk-esy\/elainsuojelu\/elain-ja-laki\/","url":"https:\/\/sey.fi\/paakaupunkiseudun-elainsuojeluyhdistys\/pk-esy\/elainsuojelu\/elain-ja-laki\/","name":"El\u00e4in ja laki - P\u00e4\u00e4kaupunkiseudun el\u00e4insuojeluyhdistys","isPartOf":{"@id":"https:\/\/sey.fi\/paakaupunkiseudun-elainsuojeluyhdistys\/#website"},"primaryImageOfPage":{"@id":"https:\/\/sey.fi\/paakaupunkiseudun-elainsuojeluyhdistys\/pk-esy\/elainsuojelu\/elain-ja-laki\/#primaryimage"},"image":{"@id":"https:\/\/sey.fi\/paakaupunkiseudun-elainsuojeluyhdistys\/pk-esy\/elainsuojelu\/elain-ja-laki\/#primaryimage"},"thumbnailUrl":"http:\/\/pk-esy.sey.fi\/images\/pena2_krista_savola.jpg","datePublished":"2019-11-08T12:25:28+00:00","dateModified":"2019-11-08T12:25:29+00:00","breadcrumb":{"@id":"https:\/\/sey.fi\/paakaupunkiseudun-elainsuojeluyhdistys\/pk-esy\/elainsuojelu\/elain-ja-laki\/#breadcrumb"},"inLanguage":"fi","potentialAction":[{"@type":"ReadAction","target":["https:\/\/sey.fi\/paakaupunkiseudun-elainsuojeluyhdistys\/pk-esy\/elainsuojelu\/elain-ja-laki\/"]}]},{"@type":"ImageObject","inLanguage":"fi","@id":"https:\/\/sey.fi\/paakaupunkiseudun-elainsuojeluyhdistys\/pk-esy\/elainsuojelu\/elain-ja-laki\/#primaryimage","url":"http:\/\/pk-esy.sey.fi\/images\/pena2_krista_savola.jpg","contentUrl":"http:\/\/pk-esy.sey.fi\/images\/pena2_krista_savola.jpg"},{"@type":"BreadcrumbList","@id":"https:\/\/sey.fi\/paakaupunkiseudun-elainsuojeluyhdistys\/pk-esy\/elainsuojelu\/elain-ja-laki\/#breadcrumb","itemListElement":[{"@type":"ListItem","position":1,"name":"Home","item":"https:\/\/sey.fi\/paakaupunkiseudun-elainsuojeluyhdistys\/"},{"@type":"ListItem","position":2,"name":"P\u00e4\u00e4kaupunkiseudun el\u00e4insuojeluyhdistys","item":"https:\/\/sey.fi\/paakaupunkiseudun-elainsuojeluyhdistys\/"},{"@type":"ListItem","position":3,"name":"El\u00e4insuojelu","item":"https:\/\/sey.fi\/paakaupunkiseudun-elainsuojeluyhdistys\/pk-esy\/elainsuojelu\/"},{"@type":"ListItem","position":4,"name":"El\u00e4in ja laki"}]},{"@type":"WebSite","@id":"https:\/\/sey.fi\/paakaupunkiseudun-elainsuojeluyhdistys\/#website","url":"https:\/\/sey.fi\/paakaupunkiseudun-elainsuojeluyhdistys\/","name":"P\u00e4\u00e4kaupunkiseudun el\u00e4insuojeluyhdistys","description":"Just another SEY J\u00e4senyhdistykset site","potentialAction":[{"@type":"SearchAction","target":{"@type":"EntryPoint","urlTemplate":"https:\/\/sey.fi\/paakaupunkiseudun-elainsuojeluyhdistys\/?s={search_term_string}"},"query-input":{"@type":"PropertyValueSpecification","valueRequired":true,"valueName":"search_term_string"}}],"inLanguage":"fi"}]}},"_links":{"self":[{"href":"https:\/\/sey.fi\/paakaupunkiseudun-elainsuojeluyhdistys\/wp-json\/wp\/v2\/pages\/38","targetHints":{"allow":["GET"]}}],"collection":[{"href":"https:\/\/sey.fi\/paakaupunkiseudun-elainsuojeluyhdistys\/wp-json\/wp\/v2\/pages"}],"about":[{"href":"https:\/\/sey.fi\/paakaupunkiseudun-elainsuojeluyhdistys\/wp-json\/wp\/v2\/types\/page"}],"author":[{"embeddable":true,"href":"https:\/\/sey.fi\/paakaupunkiseudun-elainsuojeluyhdistys\/wp-json\/wp\/v2\/users\/8"}],"replies":[{"embeddable":true,"href":"https:\/\/sey.fi\/paakaupunkiseudun-elainsuojeluyhdistys\/wp-json\/wp\/v2\/comments?post=38"}],"version-history":[{"count":1,"href":"https:\/\/sey.fi\/paakaupunkiseudun-elainsuojeluyhdistys\/wp-json\/wp\/v2\/pages\/38\/revisions"}],"predecessor-version":[{"id":39,"href":"https:\/\/sey.fi\/paakaupunkiseudun-elainsuojeluyhdistys\/wp-json\/wp\/v2\/pages\/38\/revisions\/39"}],"up":[{"embeddable":true,"href":"https:\/\/sey.fi\/paakaupunkiseudun-elainsuojeluyhdistys\/wp-json\/wp\/v2\/pages\/34"}],"wp:attachment":[{"href":"https:\/\/sey.fi\/paakaupunkiseudun-elainsuojeluyhdistys\/wp-json\/wp\/v2\/media?parent=38"}],"curies":[{"name":"wp","href":"https:\/\/api.w.org\/{rel}","templated":true}]}}