{"id":42,"date":"2019-11-08T12:26:28","date_gmt":"2019-11-08T12:26:28","guid":{"rendered":"http:\/\/srvr10.xetpoint.com\/~seyfi\/paakaupunkiseudun-elainsuojeluyhdistys\/?page_id=42"},"modified":"2019-11-08T12:26:30","modified_gmt":"2019-11-08T12:26:30","slug":"lyhyet-ensiapuohjeet","status":"publish","type":"page","link":"https:\/\/sey.fi\/paakaupunkiseudun-elainsuojeluyhdistys\/pk-esy\/elainsuojelu\/lyhyet-ensiapuohjeet\/","title":{"rendered":"Lyhyet ensiapuohjeet"},"content":{"rendered":"\n<h2 class=\"wp-block-heading\">J\u00e4niksen ja rusakon ensiapu<\/h2>\n\n\n\n<p>Jos n\u00e4et j\u00e4niksen\/rusakon poikasen yksin maassa todenn\u00e4k\u00f6isesti se ei ole orpo, vaikka n\u00e4ytt\u00e4\u00e4 silt\u00e4. Emo k\u00e4y sy\u00f6tt\u00e4m\u00e4ss\u00e4 poikasta pari kertaa vuorokaudessa vain minuutteja kerrallaan. Emo ei viet\u00e4 poikasen kanssa aikaa, kun poikanen on sy\u00f6nyt, vaan j\u00e4tt\u00e4\u00e4 poikasen yksin, kunnes j\u00e4lleen palaa imett\u00e4m\u00e4\u00e4n sit\u00e4.<\/p>\n\n\n\n<figure class=\"wp-block-image\"><img decoding=\"async\" src=\"http:\/\/pk-esy.sey.fi\/images\/rusakot_3008x2000px_kirsti_pusa_royaltyfree.jpg\" alt=\"\" \/><\/figure>\n\n\n\n<p>\u00c4l\u00e4 koske poikaseen, sill\u00e4 poikasen ainoa puolustuskeino saalistajia kohtaan on hajuttomuus! Jos poikanen on joutunut vahingossa vaaralliseen paikkaan, voit nostaa poikasen varovasti piiloon pensaikkoon lapiolla tai hein\u00e4tupsuja apuna k\u00e4ytt\u00e4en.Vierotettu poikanen on hyvin pienikokoinen, muttei silti tarvitse ihmisen apua. Poikanen saattaa tarvita apuasi, jos sen emo on kuollut tai l\u00e4hell\u00e4 on kuolleita tai loukkaantuneita sisaruksia. Poikanen tarvitsee my\u00f6s apua, jos se on m\u00e4rk\u00e4 ja\/tai kylmiss\u00e4\u00e4n.<\/p>\n\n\n\n<p>Kissan tai koiran k\u00e4sittelyss\u00e4 ollut poikanen t\u00e4ytyy aina toimittaa asiantuntijan tarkastukseen, vaikkei n\u00e4kyvi\u00e4 vammoja olisikaan.<\/p>\n\n\n\n<p>Ota yhteytt\u00e4 asiantuntijaan, ennen kuin kosket poikaseen, h\u00e4n osaa neuvoa, kuinka tilanteessa tulee toimia!<\/p>\n\n\n\n<p><br><strong>Poikasen toimittaminen hoitoon<\/strong><\/p>\n\n\n\n<p>Laita poikanen varovasti laatikkoon, miss\u00e4 on puhdas pyyhe taivutettuna pes\u00e4nmuotoiseksi. Laita laatikko h\u00e4m\u00e4r\u00e4\u00e4n ja rauhalliseen paikkaan. V\u00e4lt\u00e4 \u00e4\u00e4ril\u00e4mp\u00f6tiloja, liian kuuma tai kylm\u00e4 voi olla poikaselle kohtalokasta. Jos poikanen vain makaa ja on heikko\/voimaton, voit tarjota sille hunajavett\u00e4 (vett\u00e4, joka maistuu makealle).Kasta sormenp\u00e4\u00e4 veteen ja anna poikasen nuolla neste sormenp\u00e4\u00e4st\u00e4si. Toista niin monta kertaa kuin poikanen haluaa juoda. Jos poikanen on liian heikko nuolemaan, voit varovasti avata poikasen suuta ja py\u00f6r\u00e4ytt\u00e4\u00e4 hunajavedess\u00e4 kastettua sormenp\u00e4\u00e4t\u00e4 poikasen kielen p\u00e4\u00e4ll\u00e4.<\/p>\n\n\n\n<p>Orpo poikanen tarvitsee aina asiantuntijan apua. \u00c4l\u00e4 yrit\u00e4 itse hoitaa poikasta, ota v\u00e4litt\u00f6m\u00e4sti yhteytt\u00e4 asiantuntijaan.<\/p>\n\n\n\n<p>Kuljeta el\u00e4int\u00e4 aina pime\u00e4ss\u00e4 laatikossa. Muistathan pest\u00e4 k\u00e4tesi el\u00e4imen k\u00e4sittelyn j\u00e4lkeen!<\/p>\n\n\n\n<p>Teksti: Tiina Kinnunen<\/p>\n\n\n\n<h2 class=\"wp-block-heading\">Lintujen ensiapu<\/h2>\n\n\n\n<p><br><strong>Lyhyesti<\/strong><\/p>\n\n\n\n<p>Selvit\u00e4 ensimm\u00e4iseksi, mik\u00e4 lintu on kyseess\u00e4.&nbsp;Jokaiselle lintulajille on omat hoito-ohjeensa. \u00c4l\u00e4 yrit\u00e4 hoitaa lintua itse!<\/p>\n\n\n\n<p>Ota yhteytt\u00e4 asiantuntijaan saadaksesi tarkemmat ohjeet.<\/p>\n\n\n\n<p>Kuljeta loukkaantunut lintu pime\u00e4ss\u00e4 laatikossa. Eth\u00e4n kurki turhaan laatikkoon tai kosketa lintua, lintu voi kuolla stressiin! Muistathan aina pest\u00e4 k\u00e4det k\u00e4sitelty\u00e4si lintua!<\/p>\n\n\n\n<figure class=\"wp-block-image\"><img decoding=\"async\" src=\"http:\/\/pk-esy.sey.fi\/images\/naamakamu_088markku_alanko.jpg\" alt=\"\" \/><\/figure>\n\n\n\n<p><strong>Kun l\u00f6yd\u00e4t linnunpoikasen<\/strong><\/p>\n\n\n\n<p>Kun l\u00f6yd\u00e4t linnunpoikasen, se on harvoin orpo tai vailla ihmisen hoitoa. Jos poikanen on maassa, se on saattanut pudota pes\u00e4st\u00e4 ja se tarvitsee vain nostaa takaisin pes\u00e4\u00e4n. Jos pes\u00e4\u00e4 ei n\u00e4y l\u00e4hell\u00e4, seuraa kauempaa, k\u00e4yk\u00f6 emo sy\u00f6tt\u00e4m\u00e4ss\u00e4 poikasta. Monien lintulajien poikaset l\u00e4htev\u00e4t pes\u00e4st\u00e4 lentokyvytt\u00f6min\u00e4, mutta emo jatkaa maahan pudonneen poikasen ruokkimista. Jos poikanen on joutunut liian l\u00e4helle vaarallista paikkaa, sen voi nostaa turvaan. Emo kyll\u00e4 l\u00f6yt\u00e4\u00e4 poikasen l\u00e4himaastosta. Vain jos poikanen on loukkaantunut, v\u00e4rj\u00f6ttelev\u00e4 tai tuntuu kylm\u00e4lt\u00e4 koskettaessa, se tarvitsee ihmisen apua.<\/p>\n\n\n\n<p>Ennen kuin otat poikasta talteen, ota yhteytt\u00e4 asiantuntijaan. H\u00e4n osaa arvioida linnun voinnin ja mahdollisen avuntarpeen. Poikkeuksena ovat tervap\u00e4\u00e4skyt, jotka t\u00e4ytyy aina maasta l\u00f6ydett\u00e4ess\u00e4 toimittaa hoitoon.<\/p>\n\n\n\n<p>Kaikki linnut, jotka ovat olleet kissan tai koiran k\u00e4sittelyss\u00e4, tulee toimittaa asiantuntijan tarkistukseen, vaikkei n\u00e4kyvi\u00e4 vammoja olisikaan.<br><br><strong>Loukkaantuneen linnun kiinni ottaminen<\/strong><\/p>\n\n\n\n<p>K\u00e4yt\u00e4 apuna isoa pyyhett\u00e4 lintua kiinni ottaessasi.Laita pyyhe linnun p\u00e4\u00e4lle ja nosta lintu pyyhkeen sis\u00e4ll\u00e4 laatikkoon.<\/p>\n\n\n\n<p>Isompien lintujen kyseess\u00e4 ollessa suojaa itsesi nokkimiselta: k\u00e4yt\u00e4 paksuja k\u00e4sineit\u00e4 sek\u00e4 suojalaseja. Laita lintu laatikkoon, jonka pohjalla on alimmaisena sanomalehte\u00e4 ja sen p\u00e4\u00e4ll\u00e4 kangasta. Pienet linnut sek\u00e4 poikaset voi laittaa laatikon sis\u00e4ll\u00e4 esim. pipoon. Vie laatikko rauhalliseen, h\u00e4m\u00e4r\u00e4\u00e4n ja l\u00e4mpim\u00e4\u00e4n paikkaan. Muista varmistaa hapensaanti.<\/p>\n\n\n\n<p>Teksti: Tiina Kinnunen<\/p>\n\n\n\n<p>L\u00e4hteet<\/p>\n\n\n\n<p>http:\/\/www.vinsweb.org\/raptor-center\/rehab-bird-rescue.html<br>Sari Valtanen<\/p>\n\n\n\n<p><strong>Pyyd\u00e4 apua:<\/strong><\/p>\n\n\n\n<p>Sari Valtanen<br>gsm 040 735 4470<\/p>\n\n\n\n<p>Heinolan lintutarhat<br>A.F. Aironkatu 3, 18100 Heinola<br>puh. (03) 849 3221<\/p>\n\n\n\n<p>Korkeasaaren el\u00e4intarha<br>puh. 09 310 37 887<\/p>\n\n\n\n<p>Pyht\u00e4\u00e4n lintuhoitola<br>yhteyshenkil\u00f6: Arto Hokkanen<br>Harjuntie Hiomonraitti, 49270 Pyht\u00e4\u00e4<br>puh. (05) 343 3940 ja 040 5188 976<\/p>\n\n\n\n<p>Lintujen suojelusta ks. esim.:<br><a href=\"http:\/\/www.birdlife.fi\/\">Birdlife Finland<\/a><\/p>\n\n\n\n<p>Lintujen talviruokinta:<br><a href=\"http:\/\/www.birdlife.fi\/lintuharrastus\/talviruokinta.shtml\">http:\/\/www.birdlife.fi\/lintuharrastus\/talviruokinta.shtml<\/a><\/p>\n\n\n\n<h2 class=\"wp-block-heading\">Oravan ensiapu<\/h2>\n\n\n\n<p><br><strong>Orpo poikanen<\/strong><\/p>\n\n\n\n<p>Varmista, ett\u00e4 poikanen on orpo.&nbsp;Jos poikanen on kylm\u00e4 ja m\u00e4rk\u00e4, loukkaantunut tai on y\u00f6, poikanen on todenn\u00e4k\u00f6isesti orpo ja tarvitsee apua. Emo saattaa olla l\u00e4hettyvill\u00e4 ruuanhakumatkalla.Jos poikanen ei ole heikko eik\u00e4 loukkaantunut, voit tarkkailla, tuleeko emo hakemaan sen h\u00e4m\u00e4r\u00e4n ja hiljaisuuden tultua.<\/p>\n\n\n\n<p>Emo on aina paras hoitaja, \u00e4l\u00e4 ota poikasta turhaan hoitoon.<\/p>\n\n\n\n<figure class=\"wp-block-image\"><img decoding=\"async\" src=\"http:\/\/pk-esy.sey.fi\/images\/orava_sohvi_ven_l_inen_005.jpg\" alt=\"\" \/><\/figure>\n\n\n\n<p>Kuva: Sohvi Ven\u00e4l\u00e4inen<br><br><\/p>\n\n\n\n<p>Monesti juuri vieroitettu poikanen ahdistelee ihmisi\u00e4 tai el\u00e4imi\u00e4, t\u00e4llaisissa tapauksissa, ota yhteytt\u00e4 asiantuntijaan ennen kuin toimit.&nbsp;Jos poikanen on ollut kissan tai koiran k\u00e4sittelyss\u00e4, poikanen t\u00e4ytyy aina toimittaa asiantuntijan tarkistukseen, vaikkei n\u00e4kyvi\u00e4 vammoja olisikaan.<\/p>\n\n\n\n<p>Laita poikanen laatikkoon l\u00e4mpim\u00e4n kankaan sis\u00e4\u00e4n, l\u00e4mmin villapipo k\u00e4y oikein hyvin. Muista varmistaa hapen saanti! Tarkista poikasen mahdolliset vammat. Orvot poikaset ovat l\u00f6ydett\u00e4ess\u00e4 usein kylmettyneit\u00e4. Silloin on t\u00e4rke\u00e4\u00e4 saada poikanen l\u00e4mpim\u00e4ksi. Laita laatikkoon kankaaseen k\u00e4\u00e4ritty l\u00e4mmin vesipullo l\u00e4helle poikasta siten, ett\u00e4 pullo l\u00e4mmitt\u00e4\u00e4 poikasta, muttei polta sit\u00e4. Laatikossa tulee olla sen verran tilaa, ett\u00e4 el\u00e4in voi my\u00f6s vet\u00e4yty\u00e4 pois l\u00e4mm\u00f6nl\u00e4hteen luota, mik\u00e4li sen on liian kuuma. Kuumavesipullot j\u00e4\u00e4htyv\u00e4t nopeasti. K\u00e4y koettamassa pullon pintaa ja vaihda uusi kuuma vesi, jos se on j\u00e4\u00e4htynyt. Laita laatikko rauhalliseen, h\u00e4m\u00e4r\u00e4\u00e4n ja l\u00e4mpim\u00e4\u00e4n huoneeseen. Varmista, etteiv\u00e4t kotiel\u00e4imet p\u00e4\u00e4se oravan l\u00e4helle. \u00c4l\u00e4 anna lasten kosketella poikasta tai kurkistella laatikkoon.<\/p>\n\n\n\n<p>Ensiavuksi voit tarjota heikolle poikaselle hunajavett\u00e4 (vett\u00e4 joka maistuu makealle). Kasta sormenp\u00e4\u00e4 hunajaveteen ja tarjoa sit\u00e4 poikaselle. Toista niin monta kertaa kuin poikanen nuolee sormea. Jos poikanen ei nuole sormenp\u00e4\u00e4t\u00e4, voit varovasti aukaista sen suuta ja py\u00f6r\u00e4ytt\u00e4\u00e4 hunajaveteen kastettua sormenp\u00e4\u00e4t\u00e4 poikasen suussa kielen p\u00e4\u00e4ll\u00e4.<\/p>\n\n\n\n<p>Anna poikasen olla laatikossa kankaan\/pipon sis\u00e4ll\u00e4 rauhassa seuraavaan tarkistukseen asti.&nbsp;Jatko hoito-ohjeita varten ota yhteytt\u00e4 asiantuntijaan!<\/p>\n\n\n\n<p><strong>Aikuinen loukkaantunut orava<\/strong><\/p>\n\n\n\n<p>Loukkaantunut aikuinen orava saattaa purra kipe\u00e4sti.&nbsp;\u00c4l\u00e4 laske lapsia tai lemmikkej\u00e4 oravan l\u00e4helle.&nbsp;Suojaa k\u00e4tesi paksuilla k\u00e4sineill\u00e4.&nbsp;Laita loukkaantuneen oravan p\u00e4\u00e4lle paksu pyyhe ja nosta orava laatikkoon pyyhkeen sis\u00e4ll\u00e4.<br>Laatikossa t\u00e4ytyy olla hengitysreiki\u00e4, mutta varmista, ettei orava p\u00e4\u00e4se raoista karkuun.&nbsp;\u00c4l\u00e4 yrit\u00e4 itse hoitaa aikuista loukkaantunutta oravaa.&nbsp;Sen k\u00e4sittely on yleens\u00e4 oravan kunnosta riippuen hankalaa.<\/p>\n\n\n\n<p>Teksti: Tiina Kinnunen<\/p>\n\n\n\n<p>L\u00e4hteet:<br><a href=\"http:\/\/www.mary.cc\/squirrels\/\">http:\/\/www.mary.cc\/squirrels\/<\/a><\/p>\n\n\n\n<figure class=\"wp-block-embed\"><div class=\"wp-block-embed__wrapper\">\nhttp:\/\/www.squirrels.info\/\n<\/div><\/figure>\n\n\n\n<figure class=\"wp-block-embed\"><div class=\"wp-block-embed__wrapper\">\nhttp:\/\/www.hel2.fi\/zoo\/suomi\/elainsuojelu\/oravat.html\n<\/div><\/figure>\n\n\n\n<p><br>Sari Valtanen<\/p>\n\n\n\n<p><strong>Kysy oravien hoidosta:<\/strong><\/p>\n\n\n\n<p>Korkeasaaren el\u00e4intarha<br>puh. 09 310 37 887<\/p>\n\n\n\n<p>Sari Valtanen<br>gsm 040 735 4470<\/p>\n\n\n\n<p>Sohvi Ven\u00e4l\u00e4inen<br>gsm 0400 98 2230<\/p>\n\n\n\n<h2 class=\"wp-block-heading\">Siilin ensiapu<\/h2>\n\n\n\n<p>Siiliemo vierottaa poikaset noin 150 &#8211; 250 gramman painoisena. Poikaset ovat silloin noin nyrkin kokoisia. Poikanen voi n\u00e4ytt\u00e4\u00e4 pienelt\u00e4 ja orvolta, mutta tulee jo hyvin toimeen yksin.<\/p>\n\n\n\n<figure class=\"wp-block-image\"><img decoding=\"async\" src=\"http:\/\/pk-esy.sey.fi\/images\/siili_poik_k_dess_markku_alanko.jpg\" alt=\"\" \/><\/figure>\n\n\n\n<p>Kuva: Markku Alanko<\/p>\n\n\n\n<p>Terveen siilin tunnistaa siit\u00e4, ett\u00e4 se etsii itse touhukkaana ruokaa ja osaa v\u00e4ltt\u00e4\u00e4 vaaroja, kuten l\u00e4hestyv\u00e4\u00e4 ihmist\u00e4. Anna sen jatkaa rauhassa matkaansa.Vierotuspainoa\/-kokoa pienemm\u00e4t poikaset saattavat tarvita ihmisen apua. Orvoksi j\u00e4\u00e4nyt siilinpoikanen ei v\u00e4ltt\u00e4m\u00e4tt\u00e4 pysty eik\u00e4 osaa itse etsi\u00e4 ruokaa, eik\u00e4 edes pel\u00e4t\u00e4 vaaroja.<\/p>\n\n\n\n<p>Jos siiliss\u00e4 on n\u00e4ht\u00e4vill\u00e4 sairauden merkkej\u00e4, se tarvitsee apua.<\/p>\n\n\n\n<p>Sairauden merkkej\u00e4 ovat, ett\u00e4 siili:<\/p>\n\n\n\n<p>* horjuu<br>* ei jaksa k\u00e4vell\u00e4<br>* yskii<br>* on loukkaantunut<br>* kyyh\u00f6tt\u00e4\u00e4 paikallaan<br>* siiliss\u00e4 n\u00e4kyy k\u00e4rp\u00e4sentoukkia<\/p>\n\n\n\n<p>muista oireista ks. Tunnista siili pulassa<\/p>\n\n\n\n<p>My\u00f6s talvella pes\u00e4st\u00e4 liikkeelle l\u00e4hteneet siilit tarvitsevat ihmisen apua.<\/p>\n\n\n\n<p>K\u00e4yt\u00e4th\u00e4n k\u00e4sineit\u00e4 k\u00e4sitelless\u00e4si siili\u00e4!<\/p>\n\n\n\n<p>Siilit ovat l\u00f6ydett\u00e4ess\u00e4 useimmiten alil\u00e4mp\u00f6isi\u00e4 tai menossa horrokseen maattuaan kauan kylm\u00e4ll\u00e4 maalla. Laita hoitoa tarvitseva siili korkeareunaiseen laatikkoon ja sen pohjalle jotain pehme\u00e4\u00e4 kangasta, kuten pyyhe. Siilin l\u00e4mmitt\u00e4miseksi laita sen molemmille puolille kuumavesipullot siten, ett\u00e4 siilin ja pullon v\u00e4liss\u00e4 on kangasta. Pullo ei saa polttaa siili\u00e4. Laatikossa tulee olla sen verran tilaa, ett\u00e4 el\u00e4in voi my\u00f6s vet\u00e4yty\u00e4 pois l\u00e4mm\u00f6nl\u00e4hteen luota, mik\u00e4li sen on liian kuuma. Kuumavesipullot j\u00e4\u00e4htyv\u00e4t nopeasti. K\u00e4y koettamassa pullon pintaa ja vaihda uusi kuuma vesi, jos se on j\u00e4\u00e4htynyt.<\/p>\n\n\n\n<p>Siili tarvitsee my\u00f6s aina piilopaikan laatikon sis\u00e4ll\u00e4. Siihen k\u00e4y hyvin esim. k\u00e4sipyyhkeen tai muun l\u00e4mpim\u00e4n kankaan laittaminen siilin ja pullojen p\u00e4\u00e4lle. Muista huolehtia riitt\u00e4v\u00e4st\u00e4 hapen saannista. Sijoita laatikko rauhalliseen ja l\u00e4mpim\u00e4\u00e4n tilaan. \u00c4l\u00e4 laske lapsia tai lemmikkej\u00e4 siilin l\u00e4helle.<\/p>\n\n\n\n<p>Jos siili liikkuu v\u00e4h\u00e4n ja jaksaa niell\u00e4, voit tarjota sille hunajavett\u00e4 (vett\u00e4, joka maistuu makealta). Ruuaksi k\u00e4y puuromaiseksi, pehme\u00e4ksi m\u00f6ss\u00f6ksi haarukalla hienonnettu kissanruoka. H\u00e4t\u00e4tapauksessa voit tarjota sille my\u00f6s kananmunankeltuaista.<\/p>\n\n\n\n<p>Muistathan pest\u00e4 k\u00e4tesi aina siilin tai siilin tarvikkeiden k\u00e4sittelyn j\u00e4lkeen!<\/p>\n\n\n\n<p>Katso oman alueesi siilien auttaja Siili kiikarissa -verkkosivulta.<\/p>\n\n\n\n<p>Teksti: Tiina Kinnunen ja Tuula Nystr\u00f6m<\/p>\n\n\n\n<p><br><strong>Siilineuvontaa ja hoitopaikka:<\/strong><\/p>\n\n\n\n<p>Sari Valtanen<br>gsm 040 735 4470<br><br>Siilin hoito-ohjeita ja yleistietoa piikkipallosta l\u00f6ytyy my\u00f6s Tuula Nystr\u00f6min ja Tiina Kinnusen kirjasta Eurooppalaisen siilin suojelu ja hoito.<\/p>\n\n\n\n<figure class=\"wp-block-image\"><img decoding=\"async\" src=\"http:\/\/pk-esy.sey.fi\/images\/siilikirjan_kansi.jpg\" alt=\"\" \/><\/figure>\n\n\n\n<p>Ks. my\u00f6s&nbsp;<a href=\"http:\/\/www.siilikiikarissa.fi\/\">Siili kiikarissa&nbsp;<\/a>-sivusto. L\u00f6yd\u00e4t sivulta mm. potilaskertomuksia, mit\u00e4 siilist\u00e4 on kirjoitettu lehdiss\u00e4 ja kirjoissa, siilin yst\u00e4vien kertomia siilistooreja jne.<\/p>\n\n\n\n<p><strong>Tilastoa vuodelta 2012:<\/strong><\/p>\n\n\n\n<p>Pk-Esy osallistui 161 p\u00e4\u00e4kaupunkiseudulta l\u00f6ytyneen apua tarvitsevan luonnonvaraisen el\u00e4imen hoidon kustantamiseen. El\u00e4imist\u00e4 66 l\u00f6ytyi Helsingist\u00e4, 55 Espoosta ja 45 Vantaalta. Luonnonvaraisista el\u00e4imist\u00e4 suurin osa oli erilaisia lintuja, siilej\u00e4 ja oravia.<\/p>\n","protected":false},"excerpt":{"rendered":"<p>J\u00e4niksen ja rusakon ensiapu Jos n\u00e4et j\u00e4niksen\/rusakon poikasen yksin maassa todenn\u00e4k\u00f6isesti se ei ole orpo, vaikka n\u00e4ytt\u00e4\u00e4 silt\u00e4. Emo k\u00e4y sy\u00f6tt\u00e4m\u00e4ss\u00e4 poikasta pari kertaa vuorokaudessa vain minuutteja kerrallaan. Emo ei viet\u00e4 poikasen kanssa aikaa, kun poikanen on sy\u00f6nyt, vaan j\u00e4tt\u00e4\u00e4 poikasen yksin, kunnes j\u00e4lleen palaa imett\u00e4m\u00e4\u00e4n sit\u00e4. \u00c4l\u00e4 koske poikaseen, sill\u00e4 poikasen ainoa puolustuskeino saalistajia [&hellip;]<\/p>\n","protected":false},"author":8,"featured_media":0,"parent":34,"menu_order":0,"comment_status":"closed","ping_status":"closed","template":"","meta":{"_acf_changed":false,"footnotes":""},"class_list":["post-42","page","type-page","status-publish","hentry"],"acf":[],"yoast_head":"<!-- This site is optimized with the Yoast SEO plugin v27.1.1 - https:\/\/yoast.com\/product\/yoast-seo-wordpress\/ -->\n<title>Lyhyet ensiapuohjeet - P\u00e4\u00e4kaupunkiseudun el\u00e4insuojeluyhdistys<\/title>\n<meta name=\"robots\" content=\"index, follow, max-snippet:-1, max-image-preview:large, max-video-preview:-1\" \/>\n<link rel=\"canonical\" href=\"https:\/\/sey.fi\/paakaupunkiseudun-elainsuojeluyhdistys\/pk-esy\/elainsuojelu\/lyhyet-ensiapuohjeet\/\" \/>\n<meta property=\"og:locale\" content=\"fi_FI\" \/>\n<meta property=\"og:type\" content=\"article\" \/>\n<meta property=\"og:title\" content=\"Lyhyet ensiapuohjeet - P\u00e4\u00e4kaupunkiseudun el\u00e4insuojeluyhdistys\" \/>\n<meta property=\"og:description\" content=\"J\u00e4niksen ja rusakon ensiapu Jos n\u00e4et j\u00e4niksen\/rusakon poikasen yksin maassa todenn\u00e4k\u00f6isesti se ei ole orpo, vaikka n\u00e4ytt\u00e4\u00e4 silt\u00e4. Emo k\u00e4y sy\u00f6tt\u00e4m\u00e4ss\u00e4 poikasta pari kertaa vuorokaudessa vain minuutteja kerrallaan. Emo ei viet\u00e4 poikasen kanssa aikaa, kun poikanen on sy\u00f6nyt, vaan j\u00e4tt\u00e4\u00e4 poikasen yksin, kunnes j\u00e4lleen palaa imett\u00e4m\u00e4\u00e4n sit\u00e4. \u00c4l\u00e4 koske poikaseen, sill\u00e4 poikasen ainoa puolustuskeino saalistajia [&hellip;]\" \/>\n<meta property=\"og:url\" content=\"https:\/\/sey.fi\/paakaupunkiseudun-elainsuojeluyhdistys\/pk-esy\/elainsuojelu\/lyhyet-ensiapuohjeet\/\" \/>\n<meta property=\"og:site_name\" content=\"P\u00e4\u00e4kaupunkiseudun el\u00e4insuojeluyhdistys\" \/>\n<meta property=\"article:modified_time\" content=\"2019-11-08T12:26:30+00:00\" \/>\n<meta property=\"og:image\" content=\"http:\/\/pk-esy.sey.fi\/images\/rusakot_3008x2000px_kirsti_pusa_royaltyfree.jpg\" \/>\n<meta name=\"twitter:card\" content=\"summary_large_image\" \/>\n<meta name=\"twitter:label1\" content=\"Arvioitu lukuaika\" \/>\n\t<meta name=\"twitter:data1\" content=\"8 minuuttia\" \/>\n<script type=\"application\/ld+json\" class=\"yoast-schema-graph\">{\"@context\":\"https:\/\/schema.org\",\"@graph\":[{\"@type\":\"WebPage\",\"@id\":\"https:\/\/sey.fi\/paakaupunkiseudun-elainsuojeluyhdistys\/pk-esy\/elainsuojelu\/lyhyet-ensiapuohjeet\/\",\"url\":\"https:\/\/sey.fi\/paakaupunkiseudun-elainsuojeluyhdistys\/pk-esy\/elainsuojelu\/lyhyet-ensiapuohjeet\/\",\"name\":\"Lyhyet ensiapuohjeet - P\u00e4\u00e4kaupunkiseudun el\u00e4insuojeluyhdistys\",\"isPartOf\":{\"@id\":\"https:\/\/sey.fi\/paakaupunkiseudun-elainsuojeluyhdistys\/#website\"},\"primaryImageOfPage\":{\"@id\":\"https:\/\/sey.fi\/paakaupunkiseudun-elainsuojeluyhdistys\/pk-esy\/elainsuojelu\/lyhyet-ensiapuohjeet\/#primaryimage\"},\"image\":{\"@id\":\"https:\/\/sey.fi\/paakaupunkiseudun-elainsuojeluyhdistys\/pk-esy\/elainsuojelu\/lyhyet-ensiapuohjeet\/#primaryimage\"},\"thumbnailUrl\":\"http:\/\/pk-esy.sey.fi\/images\/rusakot_3008x2000px_kirsti_pusa_royaltyfree.jpg\",\"datePublished\":\"2019-11-08T12:26:28+00:00\",\"dateModified\":\"2019-11-08T12:26:30+00:00\",\"breadcrumb\":{\"@id\":\"https:\/\/sey.fi\/paakaupunkiseudun-elainsuojeluyhdistys\/pk-esy\/elainsuojelu\/lyhyet-ensiapuohjeet\/#breadcrumb\"},\"inLanguage\":\"fi\",\"potentialAction\":[{\"@type\":\"ReadAction\",\"target\":[\"https:\/\/sey.fi\/paakaupunkiseudun-elainsuojeluyhdistys\/pk-esy\/elainsuojelu\/lyhyet-ensiapuohjeet\/\"]}]},{\"@type\":\"ImageObject\",\"inLanguage\":\"fi\",\"@id\":\"https:\/\/sey.fi\/paakaupunkiseudun-elainsuojeluyhdistys\/pk-esy\/elainsuojelu\/lyhyet-ensiapuohjeet\/#primaryimage\",\"url\":\"http:\/\/pk-esy.sey.fi\/images\/rusakot_3008x2000px_kirsti_pusa_royaltyfree.jpg\",\"contentUrl\":\"http:\/\/pk-esy.sey.fi\/images\/rusakot_3008x2000px_kirsti_pusa_royaltyfree.jpg\"},{\"@type\":\"BreadcrumbList\",\"@id\":\"https:\/\/sey.fi\/paakaupunkiseudun-elainsuojeluyhdistys\/pk-esy\/elainsuojelu\/lyhyet-ensiapuohjeet\/#breadcrumb\",\"itemListElement\":[{\"@type\":\"ListItem\",\"position\":1,\"name\":\"Home\",\"item\":\"https:\/\/sey.fi\/paakaupunkiseudun-elainsuojeluyhdistys\/\"},{\"@type\":\"ListItem\",\"position\":2,\"name\":\"P\u00e4\u00e4kaupunkiseudun el\u00e4insuojeluyhdistys\",\"item\":\"https:\/\/sey.fi\/paakaupunkiseudun-elainsuojeluyhdistys\/\"},{\"@type\":\"ListItem\",\"position\":3,\"name\":\"El\u00e4insuojelu\",\"item\":\"https:\/\/sey.fi\/paakaupunkiseudun-elainsuojeluyhdistys\/pk-esy\/elainsuojelu\/\"},{\"@type\":\"ListItem\",\"position\":4,\"name\":\"Lyhyet ensiapuohjeet\"}]},{\"@type\":\"WebSite\",\"@id\":\"https:\/\/sey.fi\/paakaupunkiseudun-elainsuojeluyhdistys\/#website\",\"url\":\"https:\/\/sey.fi\/paakaupunkiseudun-elainsuojeluyhdistys\/\",\"name\":\"P\u00e4\u00e4kaupunkiseudun el\u00e4insuojeluyhdistys\",\"description\":\"Just another SEY J\u00e4senyhdistykset site\",\"potentialAction\":[{\"@type\":\"SearchAction\",\"target\":{\"@type\":\"EntryPoint\",\"urlTemplate\":\"https:\/\/sey.fi\/paakaupunkiseudun-elainsuojeluyhdistys\/?s={search_term_string}\"},\"query-input\":{\"@type\":\"PropertyValueSpecification\",\"valueRequired\":true,\"valueName\":\"search_term_string\"}}],\"inLanguage\":\"fi\"}]}<\/script>\n<!-- \/ Yoast SEO plugin. -->","yoast_head_json":{"title":"Lyhyet ensiapuohjeet - P\u00e4\u00e4kaupunkiseudun el\u00e4insuojeluyhdistys","robots":{"index":"index","follow":"follow","max-snippet":"max-snippet:-1","max-image-preview":"max-image-preview:large","max-video-preview":"max-video-preview:-1"},"canonical":"https:\/\/sey.fi\/paakaupunkiseudun-elainsuojeluyhdistys\/pk-esy\/elainsuojelu\/lyhyet-ensiapuohjeet\/","og_locale":"fi_FI","og_type":"article","og_title":"Lyhyet ensiapuohjeet - P\u00e4\u00e4kaupunkiseudun el\u00e4insuojeluyhdistys","og_description":"J\u00e4niksen ja rusakon ensiapu Jos n\u00e4et j\u00e4niksen\/rusakon poikasen yksin maassa todenn\u00e4k\u00f6isesti se ei ole orpo, vaikka n\u00e4ytt\u00e4\u00e4 silt\u00e4. Emo k\u00e4y sy\u00f6tt\u00e4m\u00e4ss\u00e4 poikasta pari kertaa vuorokaudessa vain minuutteja kerrallaan. Emo ei viet\u00e4 poikasen kanssa aikaa, kun poikanen on sy\u00f6nyt, vaan j\u00e4tt\u00e4\u00e4 poikasen yksin, kunnes j\u00e4lleen palaa imett\u00e4m\u00e4\u00e4n sit\u00e4. \u00c4l\u00e4 koske poikaseen, sill\u00e4 poikasen ainoa puolustuskeino saalistajia [&hellip;]","og_url":"https:\/\/sey.fi\/paakaupunkiseudun-elainsuojeluyhdistys\/pk-esy\/elainsuojelu\/lyhyet-ensiapuohjeet\/","og_site_name":"P\u00e4\u00e4kaupunkiseudun el\u00e4insuojeluyhdistys","article_modified_time":"2019-11-08T12:26:30+00:00","og_image":[{"url":"http:\/\/pk-esy.sey.fi\/images\/rusakot_3008x2000px_kirsti_pusa_royaltyfree.jpg","type":"","width":"","height":""}],"twitter_card":"summary_large_image","twitter_misc":{"Arvioitu lukuaika":"8 minuuttia"},"schema":{"@context":"https:\/\/schema.org","@graph":[{"@type":"WebPage","@id":"https:\/\/sey.fi\/paakaupunkiseudun-elainsuojeluyhdistys\/pk-esy\/elainsuojelu\/lyhyet-ensiapuohjeet\/","url":"https:\/\/sey.fi\/paakaupunkiseudun-elainsuojeluyhdistys\/pk-esy\/elainsuojelu\/lyhyet-ensiapuohjeet\/","name":"Lyhyet ensiapuohjeet - P\u00e4\u00e4kaupunkiseudun el\u00e4insuojeluyhdistys","isPartOf":{"@id":"https:\/\/sey.fi\/paakaupunkiseudun-elainsuojeluyhdistys\/#website"},"primaryImageOfPage":{"@id":"https:\/\/sey.fi\/paakaupunkiseudun-elainsuojeluyhdistys\/pk-esy\/elainsuojelu\/lyhyet-ensiapuohjeet\/#primaryimage"},"image":{"@id":"https:\/\/sey.fi\/paakaupunkiseudun-elainsuojeluyhdistys\/pk-esy\/elainsuojelu\/lyhyet-ensiapuohjeet\/#primaryimage"},"thumbnailUrl":"http:\/\/pk-esy.sey.fi\/images\/rusakot_3008x2000px_kirsti_pusa_royaltyfree.jpg","datePublished":"2019-11-08T12:26:28+00:00","dateModified":"2019-11-08T12:26:30+00:00","breadcrumb":{"@id":"https:\/\/sey.fi\/paakaupunkiseudun-elainsuojeluyhdistys\/pk-esy\/elainsuojelu\/lyhyet-ensiapuohjeet\/#breadcrumb"},"inLanguage":"fi","potentialAction":[{"@type":"ReadAction","target":["https:\/\/sey.fi\/paakaupunkiseudun-elainsuojeluyhdistys\/pk-esy\/elainsuojelu\/lyhyet-ensiapuohjeet\/"]}]},{"@type":"ImageObject","inLanguage":"fi","@id":"https:\/\/sey.fi\/paakaupunkiseudun-elainsuojeluyhdistys\/pk-esy\/elainsuojelu\/lyhyet-ensiapuohjeet\/#primaryimage","url":"http:\/\/pk-esy.sey.fi\/images\/rusakot_3008x2000px_kirsti_pusa_royaltyfree.jpg","contentUrl":"http:\/\/pk-esy.sey.fi\/images\/rusakot_3008x2000px_kirsti_pusa_royaltyfree.jpg"},{"@type":"BreadcrumbList","@id":"https:\/\/sey.fi\/paakaupunkiseudun-elainsuojeluyhdistys\/pk-esy\/elainsuojelu\/lyhyet-ensiapuohjeet\/#breadcrumb","itemListElement":[{"@type":"ListItem","position":1,"name":"Home","item":"https:\/\/sey.fi\/paakaupunkiseudun-elainsuojeluyhdistys\/"},{"@type":"ListItem","position":2,"name":"P\u00e4\u00e4kaupunkiseudun el\u00e4insuojeluyhdistys","item":"https:\/\/sey.fi\/paakaupunkiseudun-elainsuojeluyhdistys\/"},{"@type":"ListItem","position":3,"name":"El\u00e4insuojelu","item":"https:\/\/sey.fi\/paakaupunkiseudun-elainsuojeluyhdistys\/pk-esy\/elainsuojelu\/"},{"@type":"ListItem","position":4,"name":"Lyhyet ensiapuohjeet"}]},{"@type":"WebSite","@id":"https:\/\/sey.fi\/paakaupunkiseudun-elainsuojeluyhdistys\/#website","url":"https:\/\/sey.fi\/paakaupunkiseudun-elainsuojeluyhdistys\/","name":"P\u00e4\u00e4kaupunkiseudun el\u00e4insuojeluyhdistys","description":"Just another SEY J\u00e4senyhdistykset site","potentialAction":[{"@type":"SearchAction","target":{"@type":"EntryPoint","urlTemplate":"https:\/\/sey.fi\/paakaupunkiseudun-elainsuojeluyhdistys\/?s={search_term_string}"},"query-input":{"@type":"PropertyValueSpecification","valueRequired":true,"valueName":"search_term_string"}}],"inLanguage":"fi"}]}},"_links":{"self":[{"href":"https:\/\/sey.fi\/paakaupunkiseudun-elainsuojeluyhdistys\/wp-json\/wp\/v2\/pages\/42","targetHints":{"allow":["GET"]}}],"collection":[{"href":"https:\/\/sey.fi\/paakaupunkiseudun-elainsuojeluyhdistys\/wp-json\/wp\/v2\/pages"}],"about":[{"href":"https:\/\/sey.fi\/paakaupunkiseudun-elainsuojeluyhdistys\/wp-json\/wp\/v2\/types\/page"}],"author":[{"embeddable":true,"href":"https:\/\/sey.fi\/paakaupunkiseudun-elainsuojeluyhdistys\/wp-json\/wp\/v2\/users\/8"}],"replies":[{"embeddable":true,"href":"https:\/\/sey.fi\/paakaupunkiseudun-elainsuojeluyhdistys\/wp-json\/wp\/v2\/comments?post=42"}],"version-history":[{"count":1,"href":"https:\/\/sey.fi\/paakaupunkiseudun-elainsuojeluyhdistys\/wp-json\/wp\/v2\/pages\/42\/revisions"}],"predecessor-version":[{"id":43,"href":"https:\/\/sey.fi\/paakaupunkiseudun-elainsuojeluyhdistys\/wp-json\/wp\/v2\/pages\/42\/revisions\/43"}],"up":[{"embeddable":true,"href":"https:\/\/sey.fi\/paakaupunkiseudun-elainsuojeluyhdistys\/wp-json\/wp\/v2\/pages\/34"}],"wp:attachment":[{"href":"https:\/\/sey.fi\/paakaupunkiseudun-elainsuojeluyhdistys\/wp-json\/wp\/v2\/media?parent=42"}],"curies":[{"name":"wp","href":"https:\/\/api.w.org\/{rel}","templated":true}]}}