{"id":46,"date":"2019-11-08T12:28:22","date_gmt":"2019-11-08T12:28:22","guid":{"rendered":"http:\/\/srvr10.xetpoint.com\/~seyfi\/paakaupunkiseudun-elainsuojeluyhdistys\/?page_id=46"},"modified":"2019-11-08T12:28:23","modified_gmt":"2019-11-08T12:28:23","slug":"lemmikkielaimet","status":"publish","type":"page","link":"https:\/\/sey.fi\/paakaupunkiseudun-elainsuojeluyhdistys\/pk-esy\/elainsuojelu\/lemmikkielaimet\/","title":{"rendered":"Lemmikkiel\u00e4imet"},"content":{"rendered":"\n<h1 class=\"wp-block-heading\">Kissa kaupungissa<\/h1>\n\n\n\n<p>Kaupungissa asuvan kissan omistajalla on useita asioita, jotka kannattaa ottaa lemmikin kanssa huomioon.&nbsp;<a href=\"http:\/\/www.sey.fi\/files\/6574\/kissakaupungissa_1ja2.pdf\">Lue lis\u00e4\u00e4<\/a>&nbsp;kissan turvallisesta el\u00e4m\u00e4st\u00e4 kaupungissa.<\/p>\n\n\n\n<figure class=\"wp-block-image\"><img decoding=\"async\" src=\"http:\/\/pk-esy.sey.fi\/images\/emmi_2.jpg\" alt=\"\" \/><\/figure>\n\n\n\n<h1 class=\"wp-block-heading\">Kissa -kasvissy\u00f6j\u00e4?<\/h1>\n\n\n\n<figure class=\"wp-block-image is-resized\"><img loading=\"lazy\" decoding=\"async\" src=\"http:\/\/pk-esy.sey.fi\/images\/ki_vamma_otsassa_istuu_ulk_sey.jpg\" alt=\"\" width=\"391\" height=\"501\" \/><\/figure>\n\n\n\n<p>Jos on itse ollut vuosikausia kasvissy\u00f6j\u00e4, luopunut ehk\u00e4 maitotuotteista ja nahkakengist\u00e4kin sek\u00e4 yritt\u00e4nyt saada my\u00f6s muut perheess\u00e4 j\u00e4tt\u00e4m\u00e4\u00e4n lihan sy\u00f6misen, tulee jossakin vaiheessa ymm\u00e4rrett\u00e4v\u00e4sti mieleen, p\u00e4rj\u00e4isik\u00f6 my\u00f6s lemmikki kasviksilla. Kissojen ja koirien kasvissy\u00f6nnist\u00e4 on samoja etuja kuin ihmistenkin: el\u00e4inten k\u00e4rsimys ja tappaminen v\u00e4henev\u00e4t, samoin kuin ymp\u00e4rist\u00f6n kuormitus. El\u00e4inten itsens\u00e4 kannalta se ei ole kuitenkaan j\u00e4rkev\u00e4\u00e4.<br><br>Kissa on ehdoton lihansy\u00f6j\u00e4. Se tarvitsee mm. koiraa enemm\u00e4n lihan proteiineja ja niist\u00e4 saatavia aminohappoja, kuten tauriinia ja arginiinia. Kissan elimist\u00f6n kyky muodostaa tauriinia on puutteellinen, ja vain el\u00e4inper\u00e4isess\u00e4 ravinnossa on sit\u00e4 kissan tarpeisiin riitt\u00e4v\u00e4sti. Jos valkuaisaineita on ravinnossa vain v\u00e4h\u00e4n, se voi aiheuttaa mm. karvan muuttumisen karkeaksi, ihovaurioita ja apaattisuutta. Pahimmassa tapauksessa tauriinin puute voi johtaa jopa kissan sokeutumiseen. V\u00e4ltt\u00e4m\u00e4tt\u00f6mi\u00e4 aminohappoja korvaavia synteettisi\u00e4 valmisteita on olemassa, mutta niiden riitt\u00e4vyydest\u00e4 ei olla yksimielisi\u00e4.<\/p>\n\n\n\n<p>Kissan t\u00e4ytyy saada ravinnostaan my\u00f6s tarpeellinen m\u00e4\u00e4r\u00e4 el\u00e4inper\u00e4isi\u00e4 rasvoja. Rasva sis\u00e4lt\u00e4\u00e4 v\u00e4ltt\u00e4m\u00e4tt\u00f6mi\u00e4 rasvahappoja, jotka ovat t\u00e4rkeit\u00e4 ihon ja turkin terveydelle sek\u00e4 munuaisten toiminnalle. Lis\u00e4ksi v\u00e4ltt\u00e4m\u00e4tt\u00f6m\u00e4t rasvahapot toimivat elimist\u00f6ss\u00e4 my\u00f6s muissa t\u00e4rkeiss\u00e4 teht\u00e4viss\u00e4, kuten rasvaliukoisten vitamiinien kantajina. Kissat eiv\u00e4t my\u00f6sk\u00e4\u00e4n esimerkiksi pysty valmistamaan beetakaroteenista A-vitamiinia, joten niiden on saatava sit\u00e4 el\u00e4inper\u00e4isest\u00e4 ruoasta.<\/p>\n\n\n\n<p>Kissat eiv\u00e4t v\u00e4ltt\u00e4m\u00e4tt\u00e4 tarvitse hiilihydraatteja ravinnossaan, vaikka voivatkin k\u00e4ytt\u00e4\u00e4 niit\u00e4 energianl\u00e4hteen\u00e4\u00e4n. Ylenm\u00e4\u00e4rin hiilihydraatteja sis\u00e4lt\u00e4v\u00e4\u00e4 ravintoa kissan elimist\u00f6 ei sied\u00e4. Esimerkiksi sokerit ja t\u00e4rkkelys ovat hiilihydraatteja, ja niit\u00e4 on paljon viljatuotteissa. Tasapainoisessa ravinnossa ravinteita on oikea m\u00e4\u00e4r\u00e4 ja kukin ravinne on oikeassa suhteessa energiasis\u00e4lt\u00f6\u00f6n verrattuna. Kissan tulee saada kaikki tarvitsemansa ravintoaineet siit\u00e4 m\u00e4\u00e4r\u00e4st\u00e4 ruokaa, jonka se jaksaa sy\u00f6d\u00e4. Pavut, p\u00e4hkin\u00e4t, siemenet ja vastaavat kasvikunnan proteiinil\u00e4hteet sulavat kissojen elimist\u00f6ss\u00e4 huonosti, sill\u00e4 niiden ruuansulatuskanava on lyhyt verrattuna ihmisen elimist\u00f6\u00f6n. T\u00e4st\u00e4 syyst\u00e4 kissat eiv\u00e4t kykene k\u00e4ytt\u00e4m\u00e4\u00e4n niist\u00e4 saatavia ravintoaineita samalla tavoin hyv\u00e4kseen kuin ihmiset. Kissanpentu kasvaa 15 kertaa nopeammin kuin ihminen, joten seuraukset pentui\u00e4n puutteellisesta ruokavaliosta voivat olla erityisen ik\u00e4v\u00e4t. My\u00f6s emokissan ruokinnan kanssa tulee olla erityisen tarkkana.<\/p>\n\n\n\n<p>Jos kissan ruokinnasta on ep\u00e4varma tai mik\u00e4li muuttaa kissan ruokintaa merkitt\u00e4v\u00e4sti, kannattaa aina kysy\u00e4 ensin el\u00e4inl\u00e4\u00e4k\u00e4rilt\u00e4. T\u00e4m\u00e4 on t\u00e4rke\u00e4\u00e4 varsinkin silloin, kun kissa on vanha tai sill\u00e4 on erityisruokavalio.<\/p>\n\n\n\n<p>Ymp\u00e4rist\u00f6yst\u00e4v\u00e4llisesti tuotetuissa ja luonnonmukaisista raaka-aineista valmistetuissa kissanruuissa on jo valinnanvaraa. Niiss\u00e4 on k\u00e4ytetty s\u00e4il\u00f6nt\u00e4aineina esimerkiksi luonnon mineraaleja. Jos luomu ei k\u00e4y kukkarolle, l\u00e4hikaupan palvelutiskilt\u00e4 saa kotimaista lihaa, riistaa tai kotimaista kalaa.<br>Kissalle kannattaa antaa ruokaa vain sen verran kuin se kerralla sy\u00f6, jottei sy\u00f6m\u00e4tt\u00e4 j\u00e4\u00e4nytt\u00e4 ruokaa tarvitse heitt\u00e4\u00e4 pois. T\u00e4ll\u00e4 tavoin voi halutessaan v\u00e4hent\u00e4\u00e4 lemmikin ravinnosta aiheutuvia ymp\u00e4rist\u00f6haittoja.<\/p>\n\n\n\n<p>Kun p\u00e4\u00e4tyy ottamaan kissan lemmikikseen, sen luontaiset tarpeet tulee tiedostaa. Ei ole eettisesti oikein tehd\u00e4 lihansy\u00f6j\u00e4st\u00e4 \u201dkeinotekoisesti\u201d kasvissy\u00f6j\u00e4\u00e4.<\/p>\n\n\n\n<p><strong>L\u00e4hteet:<\/strong><\/p>\n\n\n\n<p>El\u00e4inl\u00e4\u00e4k\u00e4ri.fi: http:\/\/www.elainlaakari.fi\/klinikat\/kissaklinikka\/hoito-ohjeet\/ravinnon-tarve\/<br>Vihre\u00e4 lanka: http:\/\/www.vihrealanka.fi\/forum\/onko-vihrean-oltava-kasvissyoja,<br>Vegaaniliitto: http:\/\/www.vegaaniliitto.fi\/ukk.html<\/p>\n\n\n\n<p>Teksti: Laura Virtanen<\/p>\n\n\n\n<h1 class=\"wp-block-heading\">Kissan ulkoilu<\/h1>\n\n\n\n<h2 class=\"wp-block-heading\">Hiert\u00e4\u00e4k\u00f6 kissan ulkoilu naapurisuhteitasi?<\/h2>\n\n\n\n<p>Vapaasti ulkoilevat kissat voivat aiheuttaa monenlaista harmia naapurustossa ja siten ymm\u00e4rrett\u00e4v\u00e4stikin kirist\u00e4\u00e4 l\u00e4hialueen asukkaiden hermoja. Oma rakas kissasi ei v\u00e4ltt\u00e4m\u00e4tt\u00e4 her\u00e4t\u00e4 kaikissa naapureissa samoja l\u00e4mpimi\u00e4 ihastuksen tunteita. Kanssaihmisten tuntoja tulisi muistaa kunnioittaa, sill\u00e4 kaikilla on yht\u00e4l\u00e4inen oikeus viihty\u00e4 asuinalueellaan. Lis\u00e4ksi toisinaan erimielisyydet valitettavasti k\u00e4rjistyv\u00e4t vihamielisyyten\u00e4 itse kissaa kohtaan. Turhautuneiden naapureiden on kuitenkin syyt\u00e4 muistaa, ett\u00e4 kissa on lainsuojaa nauttiva lemmikki, jonka kaltoin kohtelu ei miss\u00e4\u00e4n tilanteessa ole ymm\u00e4rrett\u00e4v\u00e4\u00e4 eik\u00e4 hyv\u00e4ksytt\u00e4v\u00e4\u00e4!<\/p>\n\n\n\n<p>Kissan omistaja on aina vastuussa lemmikkins\u00e4 tekosista \u2013 ja turvallisuudesta. Ei pid\u00e4 nimitt\u00e4in my\u00f6sk\u00e4\u00e4n unohtaa kaikkia niit\u00e4 vaaroja, joille vapaasti ulkoileva kissa on jatkuvasti alttiina. Lemmikkikissoja katoaa ja kuolee koko ajan ymp\u00e4ri Suomea. Usein lemmikin kohtalo ei koskaan selvi\u00e4 omistajalle, joka joutuu el\u00e4m\u00e4\u00e4n pitk\u00e4\u00e4n piinaavassa ep\u00e4tietoisuudessa.<\/p>\n\n\n\n<p><strong>Sis\u00e4kissaksi?<\/strong><\/p>\n\n\n\n<p>Ihmisill\u00e4 on nykyp\u00e4iv\u00e4n\u00e4kin usein voimakas tunne, ett\u00e4 vapaan ulkoilun kielt\u00e4minen kissalta on jotenkin ep\u00e4reilua ja luonnotonta. Kissa ei kuitenkaan ole Suomessa luonnonvarainen el\u00e4in vaan lemmikki! Koirat tai esimerkiksi hevoset eiv\u00e4t ulkoile Suomessa vapaasti ilman omistajiaan, eik\u00e4 t\u00e4t\u00e4 pidet\u00e4 mitenk\u00e4\u00e4n kummallisena asiana \u2013 miksi kissan kohdalla olisi toisin?<\/p>\n\n\n\n<p>Vapaastikin ulkoilleet kissat sopeutuvat l\u00e4hes aina sis\u00e4el\u00e4m\u00e4\u00e4n. On huomionarvoista, ett\u00e4 suuri osa el\u00e4insuojeluyhdistyksille p\u00e4\u00e4tyvist\u00e4 kissoista on aiemmin ollut vapaasti ulkoilevia, mutta ne silti luovutetaan l\u00e4hes poikkeuksetta vain valvotusti ulkoileviksi, eritt\u00e4in tyytyv\u00e4isiksi sis\u00e4kissoiksi. Kysymys on siis yleens\u00e4 vain ihmisten omasta asenteesta.<\/p>\n\n\n\n<p>Aluksi sis\u00e4el\u00e4m\u00e4\u00e4n sopeutuminen vaatii hieman k\u00e4rsiv\u00e4llisyytt\u00e4 omistajalta, sill\u00e4 kissa ei tietenk\u00e4\u00e4n itse ymm\u00e4rr\u00e4, miksi se ei en\u00e4\u00e4 p\u00e4\u00e4sek\u00e4\u00e4n ulos. N\u00e4in ollen se todenn\u00e4k\u00f6isesti pyrkii entist\u00e4 tarmokkaammin ulos raapimalla ovea ja ikkunaa sek\u00e4 mekastamalla suureen \u00e4\u00e4neen. Jos omistaja sitke\u00e4sti j\u00e4tt\u00e4\u00e4 t\u00e4m\u00e4n huomiotta ja tarjoaa aktiivisesti kissalle leikkimahdollisuuksia ja hell\u00e4\u00e4 huomiota sis\u00e4ll\u00e4, tilanne rauhoittuu yll\u00e4tt\u00e4v\u00e4n nopeasti.<\/p>\n\n\n\n<p><strong>Aktiivista sis\u00e4el\u00e4m\u00e4\u00e4<\/strong><\/p>\n\n\n\n<p>Leikkeihin panostamisen ei tarvitse v\u00e4ltt\u00e4m\u00e4tt\u00e4 tulla kalliiksi. Narun p\u00e4\u00e4h\u00e4n sidottu karkkipaperi tai suklaamunan yll\u00e4tyskoteloon k\u00e4tketty riisi ovat monien kissojen mielest\u00e4 kiinnostavampia kuin hienot ja kalliit tehdasvalmisteiset lelut. El\u00e4intarvikeliikkeist\u00e4 tai el\u00e4insuojeluyhdistyksist\u00e4 saa varmasti paljon neuvoja, jos oma luovuus loppuu kesken.<\/p>\n\n\n\n<p>Kissalle on liikunnan kannalta t\u00e4rke\u00e4\u00e4 my\u00f6s vertikaalinen eli pystysuuntainen tila, jota voi j\u00e4rjest\u00e4\u00e4 pieneenkin asuntoon. Erilaisia kiipeilypuita ja -rakennelmia on runsaasti markkinoilla pienist\u00e4 raapimapuista kattoon asti ulottuviin tankoihin ja leikkikeskuksiin.<\/p>\n\n\n\n<p>K\u00e4sist\u00e4\u00e4n k\u00e4tev\u00e4 omistaja tai omistajan yst\u00e4v\u00e4 kokoaa kotiin sopivan kiipeilysein\u00e4n itsekin pelk\u00e4ll\u00e4 materiaalien hinnalla. Erilaisia hyllyj\u00e4 ja k\u00f6ydell\u00e4 p\u00e4\u00e4llystettyj\u00e4 puup\u00f6lkkyj\u00e4 tai lautoja voi lis\u00e4ill\u00e4 oman mielikuvituksen mukaisesti tai etsi\u00e4 esim. netist\u00e4 lis\u00e4\u00e4 ideoita. Kaikkien kiipeilypuiden \u2013 niin omatekemien kuin ostettujen \u2013 suhteen tulee aina muistaa varmistaa rakenteiden turvallinen ja kest\u00e4v\u00e4 kiinnitys, jotta ne kest\u00e4v\u00e4t railakkaammankin riehumisen.<\/p>\n\n\n\n<p><strong>Turvallinen ulkoilu<\/strong><\/p>\n\n\n\n<p>Sis\u00e4kissan el\u00e4m\u00e4\u00e4n voi useimmiten yhdist\u00e4\u00e4 my\u00f6s turvallisen ulkoilun. T\u00e4h\u00e4n on useita ratkaisuja. Liian usein kissanomistajat pit\u00e4v\u00e4t hyvi\u00e4 ehdotuksia liian ty\u00f6l\u00e4in\u00e4; onhan helpompaa vain p\u00e4\u00e4st\u00e4\u00e4 lemmikki ulos viihdytt\u00e4m\u00e4\u00e4n itse itse\u00e4\u00e4n. Uusien toimintatapojen omaksumisen ei kuitenkaan tarvitse olla ylivoimaisen hankalaa; pienell\u00e4 viitseli\u00e4isyydell\u00e4 voi tarjota lemmikille turvallisen ja silti mielenkiintoisen el\u00e4m\u00e4n.<\/p>\n\n\n\n<p>Hyv\u00e4 ratkaisu on totuttaa kissa valjasulkoiluun. Kissanvaljaita ja talutushihnoja saa kaikista el\u00e4intarvikeliikkeist\u00e4. Kissa tulee totuttaa valjaisiin ensin pikkuhiljaa sis\u00e4tiloissa pit\u00e4m\u00e4ll\u00e4 niit\u00e4 ensin vain pienen hetken kerrallaan kissan p\u00e4\u00e4ll\u00e4, v\u00e4hitellen pitoaikaa pident\u00e4en. Kun kissa suhtautuu valjaisiin rauhallisesti, voidaan aloittaa ulkoilu. Jotkut kissat eiv\u00e4t harjoittelusta huolimatta koskaan totu valjaisiin, eik\u00e4 siihen koskaan pid\u00e4 pakottaa. Monet kissat kuitenkin nauttivat lenkeist\u00e4\u00e4n niin paljon, ett\u00e4 suorastaan vaativat ulosp\u00e4\u00e4sy\u00e4 oven edess\u00e4, jos tavanomainen iltalenkki uhkaa j\u00e4\u00e4d\u00e4 v\u00e4liin!<\/p>\n\n\n\n<p>Kissan kanssa lenkkeily on aivan erilaista puuhaa kuin koiran kanssa. Kissa tahtoo tarkkailla ymp\u00e4rist\u00f6n el\u00e4m\u00e4\u00e4 omaan verkkaiseen tahtiinsa ja saattaa kyykki\u00e4 saman pensaan alla vartinkin. Nykiminen ei kissaa rohkaise. Omistajan onkin syyt\u00e4 varautua siihen, ett\u00e4 luonnon rauhasta nautitaan valjaslenkill\u00e4 kissan tahtiin, ja varustautua itse esim. kirjalla. Kuntoilun vuoksi lenkkeily t\u00e4ytyy siis yleens\u00e4 hoitaa erikseen\u2026<\/p>\n\n\n\n<p>Jos omistajalla on oma piha, ihanteellinen ratkaisu on rakentaa kissalle ulkotarha. Ulkotarhassa on verkotetut sein\u00e4t ja katto. Tarha sisustetaan kiipeilymahdollisuuksilla, piilopaikoilla, hiekkalaatikolla jne. Talkoovoimin hyvin suunniteltu tarha nousee nopeasti. Ulkotarhassa kissa pystyy edelleen jahtaamaan hy\u00f6nteisi\u00e4 ja seuraamaan maailman muuta menoa aiheuttamatta vaaraa linnuille ja kynt\u00e4m\u00e4tt\u00e4 naapuripihojen kukkapenkkej\u00e4. Turvallisessa ulkotarhassa kodin pihalla kissa on my\u00f6s turvassa autoilta, irti p\u00e4\u00e4sseilt\u00e4 koirilta, yhteenotoilta vieraiden kissojen kanssa sek\u00e4 pahantahtoisilta ihmisilt\u00e4. Ulkotarhan voi mahdollisuuksien mukaan rakentaa esim. niin, ett\u00e4 kissalla on vapaa p\u00e4\u00e4sy avoimesta ikkunasta suoraan tarhaan.<\/p>\n\n\n\n<p>Kerrostaloissa asuville sopiva ratkaisu voi l\u00f6yty\u00e4 parvekkeelta. Oman parvekkeen saa muutettua kissaturvalliseksi ulkoilutilaksi verkottamalla parvekkeen koko korkeudeltaan. My\u00f6s ikkunat tulisi verkottaa tai muutoin suojata siten, ett\u00e4 kissa voi nuuhkia ulkoilmaa p\u00e4\u00e4sem\u00e4tt\u00e4 putoamaan.<\/p>\n\n\n\n<p><strong>Tukea el\u00e4m\u00e4nmuutokseen!<\/strong><\/p>\n\n\n\n<p>Vapaasti ulkoilevien kissojen aiheuttama erimielisyys on aina ajankohtainen ongelma \u2013 sen osoittavat el\u00e4insuojeluyhdistysten saamat monet yhteydenotot aiheesta. Onneksi kuitenkin yh\u00e4 useampi kissanomistaja on viime vuosina tehnyt positiivisen valinnan turvallisen ja naapuriyst\u00e4v\u00e4llisen lemmikinpidon puolesta.<\/p>\n\n\n\n<p>El\u00e4insuojeluyhdistyksilt\u00e4 tai kissaj\u00e4rjest\u00f6ilt\u00e4 \u2013 kuten rotuyhdistyksilt\u00e4 \u2013 saa lis\u00e4\u00e4 neuvoja ja hyvi\u00e4, painavia perusteita valvotun ulkoilun j\u00e4rjest\u00e4miseksi.<\/p>\n\n\n\n<p><strong>Lue lis\u00e4\u00e4:<\/strong><\/p>\n\n\n\n<p>Laine, Kari: Vapaana juoksevat kissat vaarassa &#8211; Liikenne tappaa vuosittain miljoonia pienel\u00e4imi\u00e4 (Turun Sanomat 6.11.2006)<\/p>\n","protected":false},"excerpt":{"rendered":"<p>Kissa kaupungissa Kaupungissa asuvan kissan omistajalla on useita asioita, jotka kannattaa ottaa lemmikin kanssa huomioon.&nbsp;Lue lis\u00e4\u00e4&nbsp;kissan turvallisesta el\u00e4m\u00e4st\u00e4 kaupungissa. Kissa -kasvissy\u00f6j\u00e4? Jos on itse ollut vuosikausia kasvissy\u00f6j\u00e4, luopunut ehk\u00e4 maitotuotteista ja nahkakengist\u00e4kin sek\u00e4 yritt\u00e4nyt saada my\u00f6s muut perheess\u00e4 j\u00e4tt\u00e4m\u00e4\u00e4n lihan sy\u00f6misen, tulee jossakin vaiheessa ymm\u00e4rrett\u00e4v\u00e4sti mieleen, p\u00e4rj\u00e4isik\u00f6 my\u00f6s lemmikki kasviksilla. Kissojen ja koirien kasvissy\u00f6nnist\u00e4 on [&hellip;]<\/p>\n","protected":false},"author":8,"featured_media":0,"parent":34,"menu_order":0,"comment_status":"closed","ping_status":"closed","template":"","meta":{"_acf_changed":false,"footnotes":""},"class_list":["post-46","page","type-page","status-publish","hentry"],"acf":[],"yoast_head":"<!-- This site is optimized with the Yoast SEO plugin v27.1.1 - https:\/\/yoast.com\/product\/yoast-seo-wordpress\/ -->\n<title>Lemmikkiel\u00e4imet - P\u00e4\u00e4kaupunkiseudun el\u00e4insuojeluyhdistys<\/title>\n<meta name=\"robots\" content=\"index, follow, max-snippet:-1, max-image-preview:large, max-video-preview:-1\" \/>\n<link rel=\"canonical\" href=\"https:\/\/sey.fi\/paakaupunkiseudun-elainsuojeluyhdistys\/pk-esy\/elainsuojelu\/lemmikkielaimet\/\" \/>\n<meta property=\"og:locale\" content=\"fi_FI\" \/>\n<meta property=\"og:type\" content=\"article\" \/>\n<meta property=\"og:title\" content=\"Lemmikkiel\u00e4imet - P\u00e4\u00e4kaupunkiseudun el\u00e4insuojeluyhdistys\" \/>\n<meta property=\"og:description\" content=\"Kissa kaupungissa Kaupungissa asuvan kissan omistajalla on useita asioita, jotka kannattaa ottaa lemmikin kanssa huomioon.&nbsp;Lue lis\u00e4\u00e4&nbsp;kissan turvallisesta el\u00e4m\u00e4st\u00e4 kaupungissa. Kissa -kasvissy\u00f6j\u00e4? Jos on itse ollut vuosikausia kasvissy\u00f6j\u00e4, luopunut ehk\u00e4 maitotuotteista ja nahkakengist\u00e4kin sek\u00e4 yritt\u00e4nyt saada my\u00f6s muut perheess\u00e4 j\u00e4tt\u00e4m\u00e4\u00e4n lihan sy\u00f6misen, tulee jossakin vaiheessa ymm\u00e4rrett\u00e4v\u00e4sti mieleen, p\u00e4rj\u00e4isik\u00f6 my\u00f6s lemmikki kasviksilla. Kissojen ja koirien kasvissy\u00f6nnist\u00e4 on [&hellip;]\" \/>\n<meta property=\"og:url\" content=\"https:\/\/sey.fi\/paakaupunkiseudun-elainsuojeluyhdistys\/pk-esy\/elainsuojelu\/lemmikkielaimet\/\" \/>\n<meta property=\"og:site_name\" content=\"P\u00e4\u00e4kaupunkiseudun el\u00e4insuojeluyhdistys\" \/>\n<meta property=\"article:modified_time\" content=\"2019-11-08T12:28:23+00:00\" \/>\n<meta property=\"og:image\" content=\"http:\/\/pk-esy.sey.fi\/images\/emmi_2.jpg\" \/>\n<meta name=\"twitter:card\" content=\"summary_large_image\" \/>\n<meta name=\"twitter:label1\" content=\"Arvioitu lukuaika\" \/>\n\t<meta name=\"twitter:data1\" content=\"7 minuuttia\" \/>\n<script type=\"application\/ld+json\" class=\"yoast-schema-graph\">{\"@context\":\"https:\/\/schema.org\",\"@graph\":[{\"@type\":\"WebPage\",\"@id\":\"https:\/\/sey.fi\/paakaupunkiseudun-elainsuojeluyhdistys\/pk-esy\/elainsuojelu\/lemmikkielaimet\/\",\"url\":\"https:\/\/sey.fi\/paakaupunkiseudun-elainsuojeluyhdistys\/pk-esy\/elainsuojelu\/lemmikkielaimet\/\",\"name\":\"Lemmikkiel\u00e4imet - P\u00e4\u00e4kaupunkiseudun el\u00e4insuojeluyhdistys\",\"isPartOf\":{\"@id\":\"https:\/\/sey.fi\/paakaupunkiseudun-elainsuojeluyhdistys\/#website\"},\"primaryImageOfPage\":{\"@id\":\"https:\/\/sey.fi\/paakaupunkiseudun-elainsuojeluyhdistys\/pk-esy\/elainsuojelu\/lemmikkielaimet\/#primaryimage\"},\"image\":{\"@id\":\"https:\/\/sey.fi\/paakaupunkiseudun-elainsuojeluyhdistys\/pk-esy\/elainsuojelu\/lemmikkielaimet\/#primaryimage\"},\"thumbnailUrl\":\"http:\/\/pk-esy.sey.fi\/images\/emmi_2.jpg\",\"datePublished\":\"2019-11-08T12:28:22+00:00\",\"dateModified\":\"2019-11-08T12:28:23+00:00\",\"breadcrumb\":{\"@id\":\"https:\/\/sey.fi\/paakaupunkiseudun-elainsuojeluyhdistys\/pk-esy\/elainsuojelu\/lemmikkielaimet\/#breadcrumb\"},\"inLanguage\":\"fi\",\"potentialAction\":[{\"@type\":\"ReadAction\",\"target\":[\"https:\/\/sey.fi\/paakaupunkiseudun-elainsuojeluyhdistys\/pk-esy\/elainsuojelu\/lemmikkielaimet\/\"]}]},{\"@type\":\"ImageObject\",\"inLanguage\":\"fi\",\"@id\":\"https:\/\/sey.fi\/paakaupunkiseudun-elainsuojeluyhdistys\/pk-esy\/elainsuojelu\/lemmikkielaimet\/#primaryimage\",\"url\":\"http:\/\/pk-esy.sey.fi\/images\/emmi_2.jpg\",\"contentUrl\":\"http:\/\/pk-esy.sey.fi\/images\/emmi_2.jpg\"},{\"@type\":\"BreadcrumbList\",\"@id\":\"https:\/\/sey.fi\/paakaupunkiseudun-elainsuojeluyhdistys\/pk-esy\/elainsuojelu\/lemmikkielaimet\/#breadcrumb\",\"itemListElement\":[{\"@type\":\"ListItem\",\"position\":1,\"name\":\"Home\",\"item\":\"https:\/\/sey.fi\/paakaupunkiseudun-elainsuojeluyhdistys\/\"},{\"@type\":\"ListItem\",\"position\":2,\"name\":\"P\u00e4\u00e4kaupunkiseudun el\u00e4insuojeluyhdistys\",\"item\":\"https:\/\/sey.fi\/paakaupunkiseudun-elainsuojeluyhdistys\/\"},{\"@type\":\"ListItem\",\"position\":3,\"name\":\"El\u00e4insuojelu\",\"item\":\"https:\/\/sey.fi\/paakaupunkiseudun-elainsuojeluyhdistys\/pk-esy\/elainsuojelu\/\"},{\"@type\":\"ListItem\",\"position\":4,\"name\":\"Lemmikkiel\u00e4imet\"}]},{\"@type\":\"WebSite\",\"@id\":\"https:\/\/sey.fi\/paakaupunkiseudun-elainsuojeluyhdistys\/#website\",\"url\":\"https:\/\/sey.fi\/paakaupunkiseudun-elainsuojeluyhdistys\/\",\"name\":\"P\u00e4\u00e4kaupunkiseudun el\u00e4insuojeluyhdistys\",\"description\":\"Just another SEY J\u00e4senyhdistykset site\",\"potentialAction\":[{\"@type\":\"SearchAction\",\"target\":{\"@type\":\"EntryPoint\",\"urlTemplate\":\"https:\/\/sey.fi\/paakaupunkiseudun-elainsuojeluyhdistys\/?s={search_term_string}\"},\"query-input\":{\"@type\":\"PropertyValueSpecification\",\"valueRequired\":true,\"valueName\":\"search_term_string\"}}],\"inLanguage\":\"fi\"}]}<\/script>\n<!-- \/ Yoast SEO plugin. -->","yoast_head_json":{"title":"Lemmikkiel\u00e4imet - P\u00e4\u00e4kaupunkiseudun el\u00e4insuojeluyhdistys","robots":{"index":"index","follow":"follow","max-snippet":"max-snippet:-1","max-image-preview":"max-image-preview:large","max-video-preview":"max-video-preview:-1"},"canonical":"https:\/\/sey.fi\/paakaupunkiseudun-elainsuojeluyhdistys\/pk-esy\/elainsuojelu\/lemmikkielaimet\/","og_locale":"fi_FI","og_type":"article","og_title":"Lemmikkiel\u00e4imet - P\u00e4\u00e4kaupunkiseudun el\u00e4insuojeluyhdistys","og_description":"Kissa kaupungissa Kaupungissa asuvan kissan omistajalla on useita asioita, jotka kannattaa ottaa lemmikin kanssa huomioon.&nbsp;Lue lis\u00e4\u00e4&nbsp;kissan turvallisesta el\u00e4m\u00e4st\u00e4 kaupungissa. Kissa -kasvissy\u00f6j\u00e4? Jos on itse ollut vuosikausia kasvissy\u00f6j\u00e4, luopunut ehk\u00e4 maitotuotteista ja nahkakengist\u00e4kin sek\u00e4 yritt\u00e4nyt saada my\u00f6s muut perheess\u00e4 j\u00e4tt\u00e4m\u00e4\u00e4n lihan sy\u00f6misen, tulee jossakin vaiheessa ymm\u00e4rrett\u00e4v\u00e4sti mieleen, p\u00e4rj\u00e4isik\u00f6 my\u00f6s lemmikki kasviksilla. Kissojen ja koirien kasvissy\u00f6nnist\u00e4 on [&hellip;]","og_url":"https:\/\/sey.fi\/paakaupunkiseudun-elainsuojeluyhdistys\/pk-esy\/elainsuojelu\/lemmikkielaimet\/","og_site_name":"P\u00e4\u00e4kaupunkiseudun el\u00e4insuojeluyhdistys","article_modified_time":"2019-11-08T12:28:23+00:00","og_image":[{"url":"http:\/\/pk-esy.sey.fi\/images\/emmi_2.jpg","type":"","width":"","height":""}],"twitter_card":"summary_large_image","twitter_misc":{"Arvioitu lukuaika":"7 minuuttia"},"schema":{"@context":"https:\/\/schema.org","@graph":[{"@type":"WebPage","@id":"https:\/\/sey.fi\/paakaupunkiseudun-elainsuojeluyhdistys\/pk-esy\/elainsuojelu\/lemmikkielaimet\/","url":"https:\/\/sey.fi\/paakaupunkiseudun-elainsuojeluyhdistys\/pk-esy\/elainsuojelu\/lemmikkielaimet\/","name":"Lemmikkiel\u00e4imet - P\u00e4\u00e4kaupunkiseudun el\u00e4insuojeluyhdistys","isPartOf":{"@id":"https:\/\/sey.fi\/paakaupunkiseudun-elainsuojeluyhdistys\/#website"},"primaryImageOfPage":{"@id":"https:\/\/sey.fi\/paakaupunkiseudun-elainsuojeluyhdistys\/pk-esy\/elainsuojelu\/lemmikkielaimet\/#primaryimage"},"image":{"@id":"https:\/\/sey.fi\/paakaupunkiseudun-elainsuojeluyhdistys\/pk-esy\/elainsuojelu\/lemmikkielaimet\/#primaryimage"},"thumbnailUrl":"http:\/\/pk-esy.sey.fi\/images\/emmi_2.jpg","datePublished":"2019-11-08T12:28:22+00:00","dateModified":"2019-11-08T12:28:23+00:00","breadcrumb":{"@id":"https:\/\/sey.fi\/paakaupunkiseudun-elainsuojeluyhdistys\/pk-esy\/elainsuojelu\/lemmikkielaimet\/#breadcrumb"},"inLanguage":"fi","potentialAction":[{"@type":"ReadAction","target":["https:\/\/sey.fi\/paakaupunkiseudun-elainsuojeluyhdistys\/pk-esy\/elainsuojelu\/lemmikkielaimet\/"]}]},{"@type":"ImageObject","inLanguage":"fi","@id":"https:\/\/sey.fi\/paakaupunkiseudun-elainsuojeluyhdistys\/pk-esy\/elainsuojelu\/lemmikkielaimet\/#primaryimage","url":"http:\/\/pk-esy.sey.fi\/images\/emmi_2.jpg","contentUrl":"http:\/\/pk-esy.sey.fi\/images\/emmi_2.jpg"},{"@type":"BreadcrumbList","@id":"https:\/\/sey.fi\/paakaupunkiseudun-elainsuojeluyhdistys\/pk-esy\/elainsuojelu\/lemmikkielaimet\/#breadcrumb","itemListElement":[{"@type":"ListItem","position":1,"name":"Home","item":"https:\/\/sey.fi\/paakaupunkiseudun-elainsuojeluyhdistys\/"},{"@type":"ListItem","position":2,"name":"P\u00e4\u00e4kaupunkiseudun el\u00e4insuojeluyhdistys","item":"https:\/\/sey.fi\/paakaupunkiseudun-elainsuojeluyhdistys\/"},{"@type":"ListItem","position":3,"name":"El\u00e4insuojelu","item":"https:\/\/sey.fi\/paakaupunkiseudun-elainsuojeluyhdistys\/pk-esy\/elainsuojelu\/"},{"@type":"ListItem","position":4,"name":"Lemmikkiel\u00e4imet"}]},{"@type":"WebSite","@id":"https:\/\/sey.fi\/paakaupunkiseudun-elainsuojeluyhdistys\/#website","url":"https:\/\/sey.fi\/paakaupunkiseudun-elainsuojeluyhdistys\/","name":"P\u00e4\u00e4kaupunkiseudun el\u00e4insuojeluyhdistys","description":"Just another SEY J\u00e4senyhdistykset site","potentialAction":[{"@type":"SearchAction","target":{"@type":"EntryPoint","urlTemplate":"https:\/\/sey.fi\/paakaupunkiseudun-elainsuojeluyhdistys\/?s={search_term_string}"},"query-input":{"@type":"PropertyValueSpecification","valueRequired":true,"valueName":"search_term_string"}}],"inLanguage":"fi"}]}},"_links":{"self":[{"href":"https:\/\/sey.fi\/paakaupunkiseudun-elainsuojeluyhdistys\/wp-json\/wp\/v2\/pages\/46","targetHints":{"allow":["GET"]}}],"collection":[{"href":"https:\/\/sey.fi\/paakaupunkiseudun-elainsuojeluyhdistys\/wp-json\/wp\/v2\/pages"}],"about":[{"href":"https:\/\/sey.fi\/paakaupunkiseudun-elainsuojeluyhdistys\/wp-json\/wp\/v2\/types\/page"}],"author":[{"embeddable":true,"href":"https:\/\/sey.fi\/paakaupunkiseudun-elainsuojeluyhdistys\/wp-json\/wp\/v2\/users\/8"}],"replies":[{"embeddable":true,"href":"https:\/\/sey.fi\/paakaupunkiseudun-elainsuojeluyhdistys\/wp-json\/wp\/v2\/comments?post=46"}],"version-history":[{"count":1,"href":"https:\/\/sey.fi\/paakaupunkiseudun-elainsuojeluyhdistys\/wp-json\/wp\/v2\/pages\/46\/revisions"}],"predecessor-version":[{"id":47,"href":"https:\/\/sey.fi\/paakaupunkiseudun-elainsuojeluyhdistys\/wp-json\/wp\/v2\/pages\/46\/revisions\/47"}],"up":[{"embeddable":true,"href":"https:\/\/sey.fi\/paakaupunkiseudun-elainsuojeluyhdistys\/wp-json\/wp\/v2\/pages\/34"}],"wp:attachment":[{"href":"https:\/\/sey.fi\/paakaupunkiseudun-elainsuojeluyhdistys\/wp-json\/wp\/v2\/media?parent=46"}],"curies":[{"name":"wp","href":"https:\/\/api.w.org\/{rel}","templated":true}]}}