{"id":48,"date":"2019-11-08T12:29:25","date_gmt":"2019-11-08T12:29:25","guid":{"rendered":"http:\/\/srvr10.xetpoint.com\/~seyfi\/paakaupunkiseudun-elainsuojeluyhdistys\/?page_id=48"},"modified":"2019-11-08T12:29:26","modified_gmt":"2019-11-08T12:29:26","slug":"ymparisto-ja-elain","status":"publish","type":"page","link":"https:\/\/sey.fi\/paakaupunkiseudun-elainsuojeluyhdistys\/pk-esy\/elainsuojelu\/ymparisto-ja-elain\/","title":{"rendered":"Ymp\u00e4rist\u00f6 ja el\u00e4in"},"content":{"rendered":"\n<p><a href=\"https:\/\/sey.fi\/paakaupunkiseudun-elainsuojeluyhdistys\/sample-page\/elainsuojelu\/lemmikkielaimet\/\">Hiert\u00e4\u00e4k\u00f6 kissan ulkoilu naapurisuhteitasi?<\/a><\/p>\n\n\n\n<p><br><strong>Roskaaminen<\/strong><\/p>\n\n\n\n<p>Luontoon joutuessaan kaikenlaiset roskat voivat aiheuttaa sek\u00e4 lemmikkien ett\u00e4 luonnonvaraisten el\u00e4inten vammautumisen tai kuoleman.<\/p>\n\n\n\n<p>Esimerkiksi juomat\u00f6lkkien muoviset pidikerenkaat voivat tarttua lintujen kaulan tai nokan ymp\u00e4rille ja aiheuttaa el\u00e4imen kuristumisen tai n\u00e4lk\u00e4\u00e4n n\u00e4\u00e4ntymisen.Turhaa k\u00e4rsimyst\u00e4 voi omalta osaltaan jokainen v\u00e4hent\u00e4\u00e4 eritt\u00e4in pienell\u00e4 vaivalla tekem\u00e4ll\u00e4 roskat vaarattomiksi.&nbsp;<\/p>\n\n\n\n<p>N\u00e4m\u00e4 vahingoittavat ja tappavat:<\/p>\n\n\n\n<p>Lasinsirut<br>Pullot sek\u00e4 juoma- ja s\u00e4ilykepurkit<br>Juomat\u00f6lkkien muoviset pidikerenkaat<br>T\u00f6lkkien alumiininen avausrengas<br>Muovi- ja karkkipussit yms.<br>Ilmapallot<br>Ilotulitteet<br>Narut ja langat<br>Ongenkoukut ja siimat<br>Kalaverkot ja katiskat<br>Marjapensaiden suojaverkot<\/p>\n\n\n\n<p><br><strong>Lis\u00e4\u00e4 aiheesta<\/strong><\/p>\n\n\n\n<p>Mit\u00e4 voi itse tehd\u00e4<br><a href=\"http:\/\/www.roskapaivassa.net\/\">Roska p\u00e4iv\u00e4ss\u00e4 -liike<\/a><br><a href=\"http:\/\/www.animalia.fi\/sites\/default\/files\/Ymp%C3%A4rist%C3%B6nsuojelu%20ja%20el%C3%A4inten%20oikeudet%20-%20vaikuttamisen%20v%C3%A4lineit%C3%A4%20nuorille%202012.pdf\">Ymp\u00e4rist\u00f6nsuojelu ja el\u00e4inten oikeudet<\/a><\/p>\n","protected":false},"excerpt":{"rendered":"<p>Hiert\u00e4\u00e4k\u00f6 kissan ulkoilu naapurisuhteitasi? Roskaaminen Luontoon joutuessaan kaikenlaiset roskat voivat aiheuttaa sek\u00e4 lemmikkien ett\u00e4 luonnonvaraisten el\u00e4inten vammautumisen tai kuoleman. Esimerkiksi juomat\u00f6lkkien muoviset pidikerenkaat voivat tarttua lintujen kaulan tai nokan ymp\u00e4rille ja aiheuttaa el\u00e4imen kuristumisen tai n\u00e4lk\u00e4\u00e4n n\u00e4\u00e4ntymisen.Turhaa k\u00e4rsimyst\u00e4 voi omalta osaltaan jokainen v\u00e4hent\u00e4\u00e4 eritt\u00e4in pienell\u00e4 vaivalla tekem\u00e4ll\u00e4 roskat vaarattomiksi.&nbsp; N\u00e4m\u00e4 vahingoittavat ja tappavat: LasinsirutPullot sek\u00e4 [&hellip;]<\/p>\n","protected":false},"author":8,"featured_media":0,"parent":34,"menu_order":0,"comment_status":"closed","ping_status":"closed","template":"","meta":{"_acf_changed":false,"footnotes":""},"class_list":["post-48","page","type-page","status-publish","hentry"],"acf":[],"yoast_head":"<!-- This site is optimized with the Yoast SEO plugin v27.1.1 - https:\/\/yoast.com\/product\/yoast-seo-wordpress\/ -->\n<title>Ymp\u00e4rist\u00f6 ja el\u00e4in - P\u00e4\u00e4kaupunkiseudun el\u00e4insuojeluyhdistys<\/title>\n<meta name=\"robots\" content=\"index, follow, max-snippet:-1, max-image-preview:large, max-video-preview:-1\" \/>\n<link rel=\"canonical\" href=\"https:\/\/sey.fi\/paakaupunkiseudun-elainsuojeluyhdistys\/pk-esy\/elainsuojelu\/ymparisto-ja-elain\/\" \/>\n<meta property=\"og:locale\" content=\"fi_FI\" \/>\n<meta property=\"og:type\" content=\"article\" \/>\n<meta property=\"og:title\" content=\"Ymp\u00e4rist\u00f6 ja el\u00e4in - P\u00e4\u00e4kaupunkiseudun el\u00e4insuojeluyhdistys\" \/>\n<meta property=\"og:description\" content=\"Hiert\u00e4\u00e4k\u00f6 kissan ulkoilu naapurisuhteitasi? Roskaaminen Luontoon joutuessaan kaikenlaiset roskat voivat aiheuttaa sek\u00e4 lemmikkien ett\u00e4 luonnonvaraisten el\u00e4inten vammautumisen tai kuoleman. Esimerkiksi juomat\u00f6lkkien muoviset pidikerenkaat voivat tarttua lintujen kaulan tai nokan ymp\u00e4rille ja aiheuttaa el\u00e4imen kuristumisen tai n\u00e4lk\u00e4\u00e4n n\u00e4\u00e4ntymisen.Turhaa k\u00e4rsimyst\u00e4 voi omalta osaltaan jokainen v\u00e4hent\u00e4\u00e4 eritt\u00e4in pienell\u00e4 vaivalla tekem\u00e4ll\u00e4 roskat vaarattomiksi.&nbsp; N\u00e4m\u00e4 vahingoittavat ja tappavat: LasinsirutPullot sek\u00e4 [&hellip;]\" \/>\n<meta property=\"og:url\" content=\"https:\/\/sey.fi\/paakaupunkiseudun-elainsuojeluyhdistys\/pk-esy\/elainsuojelu\/ymparisto-ja-elain\/\" \/>\n<meta property=\"og:site_name\" content=\"P\u00e4\u00e4kaupunkiseudun el\u00e4insuojeluyhdistys\" \/>\n<meta property=\"article:modified_time\" content=\"2019-11-08T12:29:26+00:00\" \/>\n<meta name=\"twitter:card\" content=\"summary_large_image\" \/>\n<meta name=\"twitter:label1\" content=\"Arvioitu lukuaika\" \/>\n\t<meta name=\"twitter:data1\" content=\"1 minuutti\" \/>\n<script type=\"application\/ld+json\" class=\"yoast-schema-graph\">{\"@context\":\"https:\/\/schema.org\",\"@graph\":[{\"@type\":\"WebPage\",\"@id\":\"https:\/\/sey.fi\/paakaupunkiseudun-elainsuojeluyhdistys\/pk-esy\/elainsuojelu\/ymparisto-ja-elain\/\",\"url\":\"https:\/\/sey.fi\/paakaupunkiseudun-elainsuojeluyhdistys\/pk-esy\/elainsuojelu\/ymparisto-ja-elain\/\",\"name\":\"Ymp\u00e4rist\u00f6 ja el\u00e4in - P\u00e4\u00e4kaupunkiseudun el\u00e4insuojeluyhdistys\",\"isPartOf\":{\"@id\":\"https:\/\/sey.fi\/paakaupunkiseudun-elainsuojeluyhdistys\/#website\"},\"datePublished\":\"2019-11-08T12:29:25+00:00\",\"dateModified\":\"2019-11-08T12:29:26+00:00\",\"breadcrumb\":{\"@id\":\"https:\/\/sey.fi\/paakaupunkiseudun-elainsuojeluyhdistys\/pk-esy\/elainsuojelu\/ymparisto-ja-elain\/#breadcrumb\"},\"inLanguage\":\"fi\",\"potentialAction\":[{\"@type\":\"ReadAction\",\"target\":[\"https:\/\/sey.fi\/paakaupunkiseudun-elainsuojeluyhdistys\/pk-esy\/elainsuojelu\/ymparisto-ja-elain\/\"]}]},{\"@type\":\"BreadcrumbList\",\"@id\":\"https:\/\/sey.fi\/paakaupunkiseudun-elainsuojeluyhdistys\/pk-esy\/elainsuojelu\/ymparisto-ja-elain\/#breadcrumb\",\"itemListElement\":[{\"@type\":\"ListItem\",\"position\":1,\"name\":\"Home\",\"item\":\"https:\/\/sey.fi\/paakaupunkiseudun-elainsuojeluyhdistys\/\"},{\"@type\":\"ListItem\",\"position\":2,\"name\":\"P\u00e4\u00e4kaupunkiseudun el\u00e4insuojeluyhdistys\",\"item\":\"https:\/\/sey.fi\/paakaupunkiseudun-elainsuojeluyhdistys\/\"},{\"@type\":\"ListItem\",\"position\":3,\"name\":\"El\u00e4insuojelu\",\"item\":\"https:\/\/sey.fi\/paakaupunkiseudun-elainsuojeluyhdistys\/pk-esy\/elainsuojelu\/\"},{\"@type\":\"ListItem\",\"position\":4,\"name\":\"Ymp\u00e4rist\u00f6 ja el\u00e4in\"}]},{\"@type\":\"WebSite\",\"@id\":\"https:\/\/sey.fi\/paakaupunkiseudun-elainsuojeluyhdistys\/#website\",\"url\":\"https:\/\/sey.fi\/paakaupunkiseudun-elainsuojeluyhdistys\/\",\"name\":\"P\u00e4\u00e4kaupunkiseudun el\u00e4insuojeluyhdistys\",\"description\":\"Just another SEY J\u00e4senyhdistykset site\",\"potentialAction\":[{\"@type\":\"SearchAction\",\"target\":{\"@type\":\"EntryPoint\",\"urlTemplate\":\"https:\/\/sey.fi\/paakaupunkiseudun-elainsuojeluyhdistys\/?s={search_term_string}\"},\"query-input\":{\"@type\":\"PropertyValueSpecification\",\"valueRequired\":true,\"valueName\":\"search_term_string\"}}],\"inLanguage\":\"fi\"}]}<\/script>\n<!-- \/ Yoast SEO plugin. -->","yoast_head_json":{"title":"Ymp\u00e4rist\u00f6 ja el\u00e4in - P\u00e4\u00e4kaupunkiseudun el\u00e4insuojeluyhdistys","robots":{"index":"index","follow":"follow","max-snippet":"max-snippet:-1","max-image-preview":"max-image-preview:large","max-video-preview":"max-video-preview:-1"},"canonical":"https:\/\/sey.fi\/paakaupunkiseudun-elainsuojeluyhdistys\/pk-esy\/elainsuojelu\/ymparisto-ja-elain\/","og_locale":"fi_FI","og_type":"article","og_title":"Ymp\u00e4rist\u00f6 ja el\u00e4in - P\u00e4\u00e4kaupunkiseudun el\u00e4insuojeluyhdistys","og_description":"Hiert\u00e4\u00e4k\u00f6 kissan ulkoilu naapurisuhteitasi? Roskaaminen Luontoon joutuessaan kaikenlaiset roskat voivat aiheuttaa sek\u00e4 lemmikkien ett\u00e4 luonnonvaraisten el\u00e4inten vammautumisen tai kuoleman. Esimerkiksi juomat\u00f6lkkien muoviset pidikerenkaat voivat tarttua lintujen kaulan tai nokan ymp\u00e4rille ja aiheuttaa el\u00e4imen kuristumisen tai n\u00e4lk\u00e4\u00e4n n\u00e4\u00e4ntymisen.Turhaa k\u00e4rsimyst\u00e4 voi omalta osaltaan jokainen v\u00e4hent\u00e4\u00e4 eritt\u00e4in pienell\u00e4 vaivalla tekem\u00e4ll\u00e4 roskat vaarattomiksi.&nbsp; N\u00e4m\u00e4 vahingoittavat ja tappavat: LasinsirutPullot sek\u00e4 [&hellip;]","og_url":"https:\/\/sey.fi\/paakaupunkiseudun-elainsuojeluyhdistys\/pk-esy\/elainsuojelu\/ymparisto-ja-elain\/","og_site_name":"P\u00e4\u00e4kaupunkiseudun el\u00e4insuojeluyhdistys","article_modified_time":"2019-11-08T12:29:26+00:00","twitter_card":"summary_large_image","twitter_misc":{"Arvioitu lukuaika":"1 minuutti"},"schema":{"@context":"https:\/\/schema.org","@graph":[{"@type":"WebPage","@id":"https:\/\/sey.fi\/paakaupunkiseudun-elainsuojeluyhdistys\/pk-esy\/elainsuojelu\/ymparisto-ja-elain\/","url":"https:\/\/sey.fi\/paakaupunkiseudun-elainsuojeluyhdistys\/pk-esy\/elainsuojelu\/ymparisto-ja-elain\/","name":"Ymp\u00e4rist\u00f6 ja el\u00e4in - P\u00e4\u00e4kaupunkiseudun el\u00e4insuojeluyhdistys","isPartOf":{"@id":"https:\/\/sey.fi\/paakaupunkiseudun-elainsuojeluyhdistys\/#website"},"datePublished":"2019-11-08T12:29:25+00:00","dateModified":"2019-11-08T12:29:26+00:00","breadcrumb":{"@id":"https:\/\/sey.fi\/paakaupunkiseudun-elainsuojeluyhdistys\/pk-esy\/elainsuojelu\/ymparisto-ja-elain\/#breadcrumb"},"inLanguage":"fi","potentialAction":[{"@type":"ReadAction","target":["https:\/\/sey.fi\/paakaupunkiseudun-elainsuojeluyhdistys\/pk-esy\/elainsuojelu\/ymparisto-ja-elain\/"]}]},{"@type":"BreadcrumbList","@id":"https:\/\/sey.fi\/paakaupunkiseudun-elainsuojeluyhdistys\/pk-esy\/elainsuojelu\/ymparisto-ja-elain\/#breadcrumb","itemListElement":[{"@type":"ListItem","position":1,"name":"Home","item":"https:\/\/sey.fi\/paakaupunkiseudun-elainsuojeluyhdistys\/"},{"@type":"ListItem","position":2,"name":"P\u00e4\u00e4kaupunkiseudun el\u00e4insuojeluyhdistys","item":"https:\/\/sey.fi\/paakaupunkiseudun-elainsuojeluyhdistys\/"},{"@type":"ListItem","position":3,"name":"El\u00e4insuojelu","item":"https:\/\/sey.fi\/paakaupunkiseudun-elainsuojeluyhdistys\/pk-esy\/elainsuojelu\/"},{"@type":"ListItem","position":4,"name":"Ymp\u00e4rist\u00f6 ja el\u00e4in"}]},{"@type":"WebSite","@id":"https:\/\/sey.fi\/paakaupunkiseudun-elainsuojeluyhdistys\/#website","url":"https:\/\/sey.fi\/paakaupunkiseudun-elainsuojeluyhdistys\/","name":"P\u00e4\u00e4kaupunkiseudun el\u00e4insuojeluyhdistys","description":"Just another SEY J\u00e4senyhdistykset site","potentialAction":[{"@type":"SearchAction","target":{"@type":"EntryPoint","urlTemplate":"https:\/\/sey.fi\/paakaupunkiseudun-elainsuojeluyhdistys\/?s={search_term_string}"},"query-input":{"@type":"PropertyValueSpecification","valueRequired":true,"valueName":"search_term_string"}}],"inLanguage":"fi"}]}},"_links":{"self":[{"href":"https:\/\/sey.fi\/paakaupunkiseudun-elainsuojeluyhdistys\/wp-json\/wp\/v2\/pages\/48","targetHints":{"allow":["GET"]}}],"collection":[{"href":"https:\/\/sey.fi\/paakaupunkiseudun-elainsuojeluyhdistys\/wp-json\/wp\/v2\/pages"}],"about":[{"href":"https:\/\/sey.fi\/paakaupunkiseudun-elainsuojeluyhdistys\/wp-json\/wp\/v2\/types\/page"}],"author":[{"embeddable":true,"href":"https:\/\/sey.fi\/paakaupunkiseudun-elainsuojeluyhdistys\/wp-json\/wp\/v2\/users\/8"}],"replies":[{"embeddable":true,"href":"https:\/\/sey.fi\/paakaupunkiseudun-elainsuojeluyhdistys\/wp-json\/wp\/v2\/comments?post=48"}],"version-history":[{"count":1,"href":"https:\/\/sey.fi\/paakaupunkiseudun-elainsuojeluyhdistys\/wp-json\/wp\/v2\/pages\/48\/revisions"}],"predecessor-version":[{"id":49,"href":"https:\/\/sey.fi\/paakaupunkiseudun-elainsuojeluyhdistys\/wp-json\/wp\/v2\/pages\/48\/revisions\/49"}],"up":[{"embeddable":true,"href":"https:\/\/sey.fi\/paakaupunkiseudun-elainsuojeluyhdistys\/wp-json\/wp\/v2\/pages\/34"}],"wp:attachment":[{"href":"https:\/\/sey.fi\/paakaupunkiseudun-elainsuojeluyhdistys\/wp-json\/wp\/v2\/media?parent=48"}],"curies":[{"name":"wp","href":"https:\/\/api.w.org\/{rel}","templated":true}]}}