{"id":52,"date":"2019-11-08T12:31:01","date_gmt":"2019-11-08T12:31:01","guid":{"rendered":"http:\/\/srvr10.xetpoint.com\/~seyfi\/paakaupunkiseudun-elainsuojeluyhdistys\/?page_id=52"},"modified":"2019-11-08T12:31:02","modified_gmt":"2019-11-08T12:31:02","slug":"mita-voi-itse-tehda","status":"publish","type":"page","link":"https:\/\/sey.fi\/paakaupunkiseudun-elainsuojeluyhdistys\/pk-esy\/elainsuojelu\/mita-voi-itse-tehda\/","title":{"rendered":"Mit\u00e4 voi itse tehd\u00e4?"},"content":{"rendered":"\n<h2 class=\"wp-block-heading\">N\u00e4in teet roskat vaarattomiksi<\/h2>\n\n\n\n<ul class=\"wp-block-list\"><li>Vie kaikki lasipullot kierr\u00e4tykseen! \u00c4l\u00e4 j\u00e4t\u00e4 niit\u00e4 luontoon ehj\u00e4n\u00e4 eik\u00e4 tietenk\u00e4\u00e4n rikottuna. Jos olet jaksanut kantaa t\u00e4yden pullon mukanasi, niin jaksat kyll\u00e4 kantaa sen tyhj\u00e4n\u00e4 poiskin.<\/li><li>Irrota s\u00e4ilykepurkista kansi aina kokonaan. Pudota se tyhj\u00e4n purkin pohjalle. Sitten t\u00e4yt\u00e4 purkki muulla roskalla tai litist\u00e4 purkin suu vaikkapa p\u00e4\u00e4lle astumalla. Silloin el\u00e4imet eiv\u00e4t voi ty\u00f6nt\u00e4\u00e4 p\u00e4\u00e4t\u00e4\u00e4n purkkiin ja j\u00e4\u00e4d\u00e4 kiikkiin eiv\u00e4tk\u00e4 satuttaa itse\u00e4\u00e4n ter\u00e4viin reunoihin. Kysy kunnan j\u00e4teneuvonnasta, onko paikkakunnallanne s\u00e4ilykepurkkien kierr\u00e4tyspistett\u00e4, jonne purkit voi vied\u00e4.<\/li><li>Leikkaa auki jokainen lenkki muovisista t\u00f6lkkien pidikerenkaista. Niiden sitke\u00e4\u00e4 muovia on vaikea saada poikki k\u00e4sin, mutta renkaat ovat kevyit\u00e4 ottaa mukaan, jos saksia tai linkkuveist\u00e4 ei ole l\u00e4hettyvill\u00e4.<\/li><li>Vie my\u00f6s pantittomat juomat\u00f6lkit kierr\u00e4tykseen. Jos t\u00f6lkin alumiininen avauslenkki irtoaa, poimi se talteen.<\/li><li>Korjaa talteen ulkoa l\u00f6yt\u00e4m\u00e4si kuminauhat. Ennen kuin heit\u00e4t vanhan kuminauhan roskikseen, leikkaa se poikki.<\/li><li>Huuhdo roskiin menev\u00e4t, ruokaa sis\u00e4lt\u00e4neet purkit, t\u00f6lkit ja pussit. Silloin niiden tuoksu ei houkuttele el\u00e4imi\u00e4 ty\u00f6nt\u00e4m\u00e4\u00e4n niihin p\u00e4\u00e4t\u00e4\u00e4n.<\/li><li>\u00c4l\u00e4 koskaan heit\u00e4 mit\u00e4\u00e4n roskia veneest\u00e4.<\/li><li>Sido roskiin heitett\u00e4v\u00e4 tyhj\u00e4 muovipussi solmuun, niin se ei lenn\u00e4 niin helposti tuulen mukana. Sido solmu my\u00f6s t\u00e4yden muovisen roskapussin suuhun, niin ett\u00e4 se ei ole avoinna el\u00e4imille. V\u00e4lt\u00e4 yleens\u00e4kin muovipussien turhaa k\u00e4ytt\u00f6\u00e4 ja muovikassien ostamista.<\/li><li>Leikkaa puoliv\u00e4list\u00e4 saksilla kahtia sellaiset muovipullot, joita ei voi vied\u00e4 kierr\u00e4tykseen. Sis\u00e4kk\u00e4in laitettuna ne menev\u00e4t my\u00f6s pienemp\u00e4\u00e4n tilaan.<\/li><li>\u00c4l\u00e4 heit\u00e4 muovia eik\u00e4 muitakaan roskia kadulle, josta ne voivat huuhtoutua sadevesikaivoon ja sielt\u00e4 luontoon.<\/li><li>Jos asusi ja varusteesi sallivat, voit poimia mukaan mets\u00e4st\u00e4 tai puistosta l\u00f6ytyvi\u00e4 purkkeja, t\u00f6lkkej\u00e4, muoviroskia ja lasinsirpaleita ja vied\u00e4 ne roskap\u00f6ntt\u00f6\u00f6n. Se on el\u00e4insuojeluteko.<\/li><li>Jos l\u00e4himetsiss\u00e4 tai -rannoilla on vanhoja piikkilankoja, j\u00e4rjest\u00e4 talkoot, joilla ne ker\u00e4t\u00e4\u00e4n pois. Pyyd\u00e4 paikallinen lehti paikalle tekem\u00e4\u00e4n juttu asiasta, niin muutkin voivat innostua talkoiden j\u00e4rjest\u00e4miseen.<\/li><li>\u00c4l\u00e4 j\u00e4t\u00e4 siimoja tai koukkuja rannalle tai pilkkij\u00e4ille. Ota mukaan kaikki siimat ja ongenkoukut, joita l\u00f6yd\u00e4t luonnosta. Leikkaa siima p\u00e4tkiksi ja k\u00e4\u00e4ri kaikki tiukkaan pakettiin ennen j\u00e4tteisiin laittamista. Nailonverkot ja siimat voi my\u00f6s sulattaa avontulen yll\u00e4 vaarattomaksi m\u00f6ykyksi.<\/li><li>Sulje kuivilla olevat avoimet katiskat ja puhu huonosti j\u00e4tettyjen kalastusv\u00e4lineiden vaarallisuudesta niiden omistajalle.<\/li><li>Liity&nbsp;<a href=\"http:\/\/www.roskapaivassa.net\/\">roskaliikkeeseen<\/a>&nbsp;ja poimi v\u00e4hint\u00e4\u00e4n yksi roska p\u00e4iv\u00e4ss\u00e4. Roskaliikkeen j\u00e4senm\u00e4\u00e4r\u00e4 kasvaa koko ajan hurjaa vauhtia. Voit j\u00e4rjest\u00e4\u00e4 my\u00f6s roskanker\u00e4ystalkoot. Roskien poimiminen on hienoa!<\/li><\/ul>\n","protected":false},"excerpt":{"rendered":"<p>N\u00e4in teet roskat vaarattomiksi Vie kaikki lasipullot kierr\u00e4tykseen! \u00c4l\u00e4 j\u00e4t\u00e4 niit\u00e4 luontoon ehj\u00e4n\u00e4 eik\u00e4 tietenk\u00e4\u00e4n rikottuna. Jos olet jaksanut kantaa t\u00e4yden pullon mukanasi, niin jaksat kyll\u00e4 kantaa sen tyhj\u00e4n\u00e4 poiskin. Irrota s\u00e4ilykepurkista kansi aina kokonaan. Pudota se tyhj\u00e4n purkin pohjalle. Sitten t\u00e4yt\u00e4 purkki muulla roskalla tai litist\u00e4 purkin suu vaikkapa p\u00e4\u00e4lle astumalla. Silloin el\u00e4imet eiv\u00e4t [&hellip;]<\/p>\n","protected":false},"author":8,"featured_media":0,"parent":34,"menu_order":0,"comment_status":"closed","ping_status":"closed","template":"","meta":{"_acf_changed":false,"footnotes":""},"class_list":["post-52","page","type-page","status-publish","hentry"],"acf":[],"yoast_head":"<!-- This site is optimized with the Yoast SEO plugin v27.1.1 - https:\/\/yoast.com\/product\/yoast-seo-wordpress\/ -->\n<title>Mit\u00e4 voi itse tehd\u00e4? - P\u00e4\u00e4kaupunkiseudun el\u00e4insuojeluyhdistys<\/title>\n<meta name=\"robots\" content=\"index, follow, max-snippet:-1, max-image-preview:large, max-video-preview:-1\" \/>\n<link rel=\"canonical\" href=\"https:\/\/sey.fi\/paakaupunkiseudun-elainsuojeluyhdistys\/pk-esy\/elainsuojelu\/mita-voi-itse-tehda\/\" \/>\n<meta property=\"og:locale\" content=\"fi_FI\" \/>\n<meta property=\"og:type\" content=\"article\" \/>\n<meta property=\"og:title\" content=\"Mit\u00e4 voi itse tehd\u00e4? - P\u00e4\u00e4kaupunkiseudun el\u00e4insuojeluyhdistys\" \/>\n<meta property=\"og:description\" content=\"N\u00e4in teet roskat vaarattomiksi Vie kaikki lasipullot kierr\u00e4tykseen! \u00c4l\u00e4 j\u00e4t\u00e4 niit\u00e4 luontoon ehj\u00e4n\u00e4 eik\u00e4 tietenk\u00e4\u00e4n rikottuna. Jos olet jaksanut kantaa t\u00e4yden pullon mukanasi, niin jaksat kyll\u00e4 kantaa sen tyhj\u00e4n\u00e4 poiskin. Irrota s\u00e4ilykepurkista kansi aina kokonaan. Pudota se tyhj\u00e4n purkin pohjalle. Sitten t\u00e4yt\u00e4 purkki muulla roskalla tai litist\u00e4 purkin suu vaikkapa p\u00e4\u00e4lle astumalla. Silloin el\u00e4imet eiv\u00e4t [&hellip;]\" \/>\n<meta property=\"og:url\" content=\"https:\/\/sey.fi\/paakaupunkiseudun-elainsuojeluyhdistys\/pk-esy\/elainsuojelu\/mita-voi-itse-tehda\/\" \/>\n<meta property=\"og:site_name\" content=\"P\u00e4\u00e4kaupunkiseudun el\u00e4insuojeluyhdistys\" \/>\n<meta property=\"article:modified_time\" content=\"2019-11-08T12:31:02+00:00\" \/>\n<meta name=\"twitter:card\" content=\"summary_large_image\" \/>\n<meta name=\"twitter:label1\" content=\"Arvioitu lukuaika\" \/>\n\t<meta name=\"twitter:data1\" content=\"2 minuuttia\" \/>\n<script type=\"application\/ld+json\" class=\"yoast-schema-graph\">{\"@context\":\"https:\/\/schema.org\",\"@graph\":[{\"@type\":\"WebPage\",\"@id\":\"https:\/\/sey.fi\/paakaupunkiseudun-elainsuojeluyhdistys\/pk-esy\/elainsuojelu\/mita-voi-itse-tehda\/\",\"url\":\"https:\/\/sey.fi\/paakaupunkiseudun-elainsuojeluyhdistys\/pk-esy\/elainsuojelu\/mita-voi-itse-tehda\/\",\"name\":\"Mit\u00e4 voi itse tehd\u00e4? - P\u00e4\u00e4kaupunkiseudun el\u00e4insuojeluyhdistys\",\"isPartOf\":{\"@id\":\"https:\/\/sey.fi\/paakaupunkiseudun-elainsuojeluyhdistys\/#website\"},\"datePublished\":\"2019-11-08T12:31:01+00:00\",\"dateModified\":\"2019-11-08T12:31:02+00:00\",\"breadcrumb\":{\"@id\":\"https:\/\/sey.fi\/paakaupunkiseudun-elainsuojeluyhdistys\/pk-esy\/elainsuojelu\/mita-voi-itse-tehda\/#breadcrumb\"},\"inLanguage\":\"fi\",\"potentialAction\":[{\"@type\":\"ReadAction\",\"target\":[\"https:\/\/sey.fi\/paakaupunkiseudun-elainsuojeluyhdistys\/pk-esy\/elainsuojelu\/mita-voi-itse-tehda\/\"]}]},{\"@type\":\"BreadcrumbList\",\"@id\":\"https:\/\/sey.fi\/paakaupunkiseudun-elainsuojeluyhdistys\/pk-esy\/elainsuojelu\/mita-voi-itse-tehda\/#breadcrumb\",\"itemListElement\":[{\"@type\":\"ListItem\",\"position\":1,\"name\":\"Home\",\"item\":\"https:\/\/sey.fi\/paakaupunkiseudun-elainsuojeluyhdistys\/\"},{\"@type\":\"ListItem\",\"position\":2,\"name\":\"P\u00e4\u00e4kaupunkiseudun el\u00e4insuojeluyhdistys\",\"item\":\"https:\/\/sey.fi\/paakaupunkiseudun-elainsuojeluyhdistys\/\"},{\"@type\":\"ListItem\",\"position\":3,\"name\":\"El\u00e4insuojelu\",\"item\":\"https:\/\/sey.fi\/paakaupunkiseudun-elainsuojeluyhdistys\/pk-esy\/elainsuojelu\/\"},{\"@type\":\"ListItem\",\"position\":4,\"name\":\"Mit\u00e4 voi itse tehd\u00e4?\"}]},{\"@type\":\"WebSite\",\"@id\":\"https:\/\/sey.fi\/paakaupunkiseudun-elainsuojeluyhdistys\/#website\",\"url\":\"https:\/\/sey.fi\/paakaupunkiseudun-elainsuojeluyhdistys\/\",\"name\":\"P\u00e4\u00e4kaupunkiseudun el\u00e4insuojeluyhdistys\",\"description\":\"Just another SEY J\u00e4senyhdistykset site\",\"potentialAction\":[{\"@type\":\"SearchAction\",\"target\":{\"@type\":\"EntryPoint\",\"urlTemplate\":\"https:\/\/sey.fi\/paakaupunkiseudun-elainsuojeluyhdistys\/?s={search_term_string}\"},\"query-input\":{\"@type\":\"PropertyValueSpecification\",\"valueRequired\":true,\"valueName\":\"search_term_string\"}}],\"inLanguage\":\"fi\"}]}<\/script>\n<!-- \/ Yoast SEO plugin. -->","yoast_head_json":{"title":"Mit\u00e4 voi itse tehd\u00e4? - P\u00e4\u00e4kaupunkiseudun el\u00e4insuojeluyhdistys","robots":{"index":"index","follow":"follow","max-snippet":"max-snippet:-1","max-image-preview":"max-image-preview:large","max-video-preview":"max-video-preview:-1"},"canonical":"https:\/\/sey.fi\/paakaupunkiseudun-elainsuojeluyhdistys\/pk-esy\/elainsuojelu\/mita-voi-itse-tehda\/","og_locale":"fi_FI","og_type":"article","og_title":"Mit\u00e4 voi itse tehd\u00e4? - P\u00e4\u00e4kaupunkiseudun el\u00e4insuojeluyhdistys","og_description":"N\u00e4in teet roskat vaarattomiksi Vie kaikki lasipullot kierr\u00e4tykseen! \u00c4l\u00e4 j\u00e4t\u00e4 niit\u00e4 luontoon ehj\u00e4n\u00e4 eik\u00e4 tietenk\u00e4\u00e4n rikottuna. Jos olet jaksanut kantaa t\u00e4yden pullon mukanasi, niin jaksat kyll\u00e4 kantaa sen tyhj\u00e4n\u00e4 poiskin. Irrota s\u00e4ilykepurkista kansi aina kokonaan. Pudota se tyhj\u00e4n purkin pohjalle. Sitten t\u00e4yt\u00e4 purkki muulla roskalla tai litist\u00e4 purkin suu vaikkapa p\u00e4\u00e4lle astumalla. Silloin el\u00e4imet eiv\u00e4t [&hellip;]","og_url":"https:\/\/sey.fi\/paakaupunkiseudun-elainsuojeluyhdistys\/pk-esy\/elainsuojelu\/mita-voi-itse-tehda\/","og_site_name":"P\u00e4\u00e4kaupunkiseudun el\u00e4insuojeluyhdistys","article_modified_time":"2019-11-08T12:31:02+00:00","twitter_card":"summary_large_image","twitter_misc":{"Arvioitu lukuaika":"2 minuuttia"},"schema":{"@context":"https:\/\/schema.org","@graph":[{"@type":"WebPage","@id":"https:\/\/sey.fi\/paakaupunkiseudun-elainsuojeluyhdistys\/pk-esy\/elainsuojelu\/mita-voi-itse-tehda\/","url":"https:\/\/sey.fi\/paakaupunkiseudun-elainsuojeluyhdistys\/pk-esy\/elainsuojelu\/mita-voi-itse-tehda\/","name":"Mit\u00e4 voi itse tehd\u00e4? - P\u00e4\u00e4kaupunkiseudun el\u00e4insuojeluyhdistys","isPartOf":{"@id":"https:\/\/sey.fi\/paakaupunkiseudun-elainsuojeluyhdistys\/#website"},"datePublished":"2019-11-08T12:31:01+00:00","dateModified":"2019-11-08T12:31:02+00:00","breadcrumb":{"@id":"https:\/\/sey.fi\/paakaupunkiseudun-elainsuojeluyhdistys\/pk-esy\/elainsuojelu\/mita-voi-itse-tehda\/#breadcrumb"},"inLanguage":"fi","potentialAction":[{"@type":"ReadAction","target":["https:\/\/sey.fi\/paakaupunkiseudun-elainsuojeluyhdistys\/pk-esy\/elainsuojelu\/mita-voi-itse-tehda\/"]}]},{"@type":"BreadcrumbList","@id":"https:\/\/sey.fi\/paakaupunkiseudun-elainsuojeluyhdistys\/pk-esy\/elainsuojelu\/mita-voi-itse-tehda\/#breadcrumb","itemListElement":[{"@type":"ListItem","position":1,"name":"Home","item":"https:\/\/sey.fi\/paakaupunkiseudun-elainsuojeluyhdistys\/"},{"@type":"ListItem","position":2,"name":"P\u00e4\u00e4kaupunkiseudun el\u00e4insuojeluyhdistys","item":"https:\/\/sey.fi\/paakaupunkiseudun-elainsuojeluyhdistys\/"},{"@type":"ListItem","position":3,"name":"El\u00e4insuojelu","item":"https:\/\/sey.fi\/paakaupunkiseudun-elainsuojeluyhdistys\/pk-esy\/elainsuojelu\/"},{"@type":"ListItem","position":4,"name":"Mit\u00e4 voi itse tehd\u00e4?"}]},{"@type":"WebSite","@id":"https:\/\/sey.fi\/paakaupunkiseudun-elainsuojeluyhdistys\/#website","url":"https:\/\/sey.fi\/paakaupunkiseudun-elainsuojeluyhdistys\/","name":"P\u00e4\u00e4kaupunkiseudun el\u00e4insuojeluyhdistys","description":"Just another SEY J\u00e4senyhdistykset site","potentialAction":[{"@type":"SearchAction","target":{"@type":"EntryPoint","urlTemplate":"https:\/\/sey.fi\/paakaupunkiseudun-elainsuojeluyhdistys\/?s={search_term_string}"},"query-input":{"@type":"PropertyValueSpecification","valueRequired":true,"valueName":"search_term_string"}}],"inLanguage":"fi"}]}},"_links":{"self":[{"href":"https:\/\/sey.fi\/paakaupunkiseudun-elainsuojeluyhdistys\/wp-json\/wp\/v2\/pages\/52","targetHints":{"allow":["GET"]}}],"collection":[{"href":"https:\/\/sey.fi\/paakaupunkiseudun-elainsuojeluyhdistys\/wp-json\/wp\/v2\/pages"}],"about":[{"href":"https:\/\/sey.fi\/paakaupunkiseudun-elainsuojeluyhdistys\/wp-json\/wp\/v2\/types\/page"}],"author":[{"embeddable":true,"href":"https:\/\/sey.fi\/paakaupunkiseudun-elainsuojeluyhdistys\/wp-json\/wp\/v2\/users\/8"}],"replies":[{"embeddable":true,"href":"https:\/\/sey.fi\/paakaupunkiseudun-elainsuojeluyhdistys\/wp-json\/wp\/v2\/comments?post=52"}],"version-history":[{"count":1,"href":"https:\/\/sey.fi\/paakaupunkiseudun-elainsuojeluyhdistys\/wp-json\/wp\/v2\/pages\/52\/revisions"}],"predecessor-version":[{"id":53,"href":"https:\/\/sey.fi\/paakaupunkiseudun-elainsuojeluyhdistys\/wp-json\/wp\/v2\/pages\/52\/revisions\/53"}],"up":[{"embeddable":true,"href":"https:\/\/sey.fi\/paakaupunkiseudun-elainsuojeluyhdistys\/wp-json\/wp\/v2\/pages\/34"}],"wp:attachment":[{"href":"https:\/\/sey.fi\/paakaupunkiseudun-elainsuojeluyhdistys\/wp-json\/wp\/v2\/media?parent=52"}],"curies":[{"name":"wp","href":"https:\/\/api.w.org\/{rel}","templated":true}]}}