{"id":56,"date":"2019-11-08T12:34:59","date_gmt":"2019-11-08T12:34:59","guid":{"rendered":"http:\/\/srvr10.xetpoint.com\/~seyfi\/paakaupunkiseudun-elainsuojeluyhdistys\/?page_id=56"},"modified":"2019-11-08T12:35:01","modified_gmt":"2019-11-08T12:35:01","slug":"kadonneet-elaimet","status":"publish","type":"page","link":"https:\/\/sey.fi\/paakaupunkiseudun-elainsuojeluyhdistys\/pk-esy\/kodittomat-elaimet\/kadonneet-elaimet\/","title":{"rendered":"Kadonneet el\u00e4imet"},"content":{"rendered":"\n<p>P\u00e4\u00e4kaupunkiseudulla talteen otetut karanneet lemmikkiel\u00e4imet tulee toimittaa&nbsp;<a href=\"http:\/\/www.loytoelaintalo.fi\/\">l\u00f6yt\u00f6el\u00e4intaloon Viikkiin<\/a>. Karanneesta lemmikist\u00e4 tulee ilmoittaa l\u00f6yt\u00f6el\u00e4intaloon, sielt\u00e4 voi my\u00f6s tiedustella omaa kadonnutta lemmikki\u00e4\u00e4n.<\/p>\n\n\n\n<p>Kadonnut lemmikki kannattaa ilmoittaa v\u00e4litt\u00f6m\u00e4sti&nbsp;<a href=\"http:\/\/www.karkurit.fi\/\">Karkurit<\/a>&nbsp;-sivustolle. Sielt\u00e4 l\u00f6ytyy lis\u00e4tietoja ja apua kadonneen lemmikin etsint\u00e4\u00e4n. My\u00f6s&nbsp;<a href=\"https:\/\/www.etsijakoiraliitto.fi\/\">Etsij\u00e4koiraliitosta<\/a>&nbsp;saa apua lemmikin kadotessa.<\/p>\n\n\n\n<p>Kaikki lemmikit tulisi merkit\u00e4&nbsp;<a href=\"http:\/\/www.turvasiru.fi\/\">Turvasirulla<\/a>, jonka avulla kadonnut lemmikki l\u00f6yt\u00e4\u00e4 kotiinsa varmemmin.<\/p>\n\n\n\n<p>&nbsp;<br><strong>Lainattavat pyydykset<\/strong><\/p>\n\n\n\n<p>P\u00e4\u00e4kaupunkiseudun el\u00e4insuojeluyhdistykselt\u00e4 on lainattavissa pyydyksi\u00e4 karanneiden ja heitteille j\u00e4tettyjen el\u00e4inten kiinniottamiseksi.<\/p>\n\n\n\n<p>Pyydys lainataan kahdeksi viikoksi 50 euron panttimaksua vastaan. Lainaaja saa panttimaksun takaisin, kun pyydys palautetaan yhdistykselle ehj\u00e4n\u00e4 ja puhdistettuna.<\/p>\n\n\n\n<p>Lis\u00e4tietoja pk-esy(\u00e4t)pk-esy.fi tai p\u00e4ivystysnumerostamme 045 135 9726 (iltaisin klo 18-21).&nbsp;Tekstiviesteihin emme pysty vastaamaan.<\/p>\n\n\n\n<figure class=\"wp-block-image\"><img decoding=\"async\" src=\"http:\/\/pk-esy.sey.fi\/images\/ulkokissa.jpg\" alt=\"\" \/><\/figure>\n\n\n\n<h3 class=\"wp-block-heading\">TIESITK\u00d6, ETT\u00c4&#8230;<\/h3>\n\n\n\n<p>El\u00e4insuojelulain 15 \u00a7 mukaan&nbsp;kunnan on huolehdittava alueellaan irrallaan tavattujen ja talteen otettujen koirien ja kissojen sek\u00e4 muiden vastaavien pienikokoisten seura- ja harrastusel\u00e4inten tilap\u00e4isen hoidon j\u00e4rjest\u00e4misest\u00e4. Talteen otettua el\u00e4int\u00e4 on s\u00e4ilytett\u00e4v\u00e4 v\u00e4hint\u00e4\u00e4n 15 vuorokauden ajan, mink\u00e4 j\u00e4lkeen kunnalla on oikeus myyd\u00e4, muutoin luovuttaa tai lopettaa el\u00e4in.<\/p>\n","protected":false},"excerpt":{"rendered":"<p>P\u00e4\u00e4kaupunkiseudulla talteen otetut karanneet lemmikkiel\u00e4imet tulee toimittaa&nbsp;l\u00f6yt\u00f6el\u00e4intaloon Viikkiin. Karanneesta lemmikist\u00e4 tulee ilmoittaa l\u00f6yt\u00f6el\u00e4intaloon, sielt\u00e4 voi my\u00f6s tiedustella omaa kadonnutta lemmikki\u00e4\u00e4n. Kadonnut lemmikki kannattaa ilmoittaa v\u00e4litt\u00f6m\u00e4sti&nbsp;Karkurit&nbsp;-sivustolle. Sielt\u00e4 l\u00f6ytyy lis\u00e4tietoja ja apua kadonneen lemmikin etsint\u00e4\u00e4n. My\u00f6s&nbsp;Etsij\u00e4koiraliitosta&nbsp;saa apua lemmikin kadotessa. Kaikki lemmikit tulisi merkit\u00e4&nbsp;Turvasirulla, jonka avulla kadonnut lemmikki l\u00f6yt\u00e4\u00e4 kotiinsa varmemmin. &nbsp;Lainattavat pyydykset P\u00e4\u00e4kaupunkiseudun el\u00e4insuojeluyhdistykselt\u00e4 on lainattavissa pyydyksi\u00e4 [&hellip;]<\/p>\n","protected":false},"author":8,"featured_media":0,"parent":54,"menu_order":0,"comment_status":"closed","ping_status":"closed","template":"","meta":{"_acf_changed":false,"footnotes":""},"class_list":["post-56","page","type-page","status-publish","hentry"],"acf":[],"yoast_head":"<!-- This site is optimized with the Yoast SEO plugin v27.1.1 - https:\/\/yoast.com\/product\/yoast-seo-wordpress\/ -->\n<title>Kadonneet el\u00e4imet - P\u00e4\u00e4kaupunkiseudun el\u00e4insuojeluyhdistys<\/title>\n<meta name=\"robots\" content=\"index, follow, max-snippet:-1, max-image-preview:large, max-video-preview:-1\" \/>\n<link rel=\"canonical\" href=\"https:\/\/sey.fi\/paakaupunkiseudun-elainsuojeluyhdistys\/pk-esy\/kodittomat-elaimet\/kadonneet-elaimet\/\" \/>\n<meta property=\"og:locale\" content=\"fi_FI\" \/>\n<meta property=\"og:type\" content=\"article\" \/>\n<meta property=\"og:title\" content=\"Kadonneet el\u00e4imet - P\u00e4\u00e4kaupunkiseudun el\u00e4insuojeluyhdistys\" \/>\n<meta property=\"og:description\" content=\"P\u00e4\u00e4kaupunkiseudulla talteen otetut karanneet lemmikkiel\u00e4imet tulee toimittaa&nbsp;l\u00f6yt\u00f6el\u00e4intaloon Viikkiin. Karanneesta lemmikist\u00e4 tulee ilmoittaa l\u00f6yt\u00f6el\u00e4intaloon, sielt\u00e4 voi my\u00f6s tiedustella omaa kadonnutta lemmikki\u00e4\u00e4n. Kadonnut lemmikki kannattaa ilmoittaa v\u00e4litt\u00f6m\u00e4sti&nbsp;Karkurit&nbsp;-sivustolle. Sielt\u00e4 l\u00f6ytyy lis\u00e4tietoja ja apua kadonneen lemmikin etsint\u00e4\u00e4n. My\u00f6s&nbsp;Etsij\u00e4koiraliitosta&nbsp;saa apua lemmikin kadotessa. Kaikki lemmikit tulisi merkit\u00e4&nbsp;Turvasirulla, jonka avulla kadonnut lemmikki l\u00f6yt\u00e4\u00e4 kotiinsa varmemmin. &nbsp;Lainattavat pyydykset P\u00e4\u00e4kaupunkiseudun el\u00e4insuojeluyhdistykselt\u00e4 on lainattavissa pyydyksi\u00e4 [&hellip;]\" \/>\n<meta property=\"og:url\" content=\"https:\/\/sey.fi\/paakaupunkiseudun-elainsuojeluyhdistys\/pk-esy\/kodittomat-elaimet\/kadonneet-elaimet\/\" \/>\n<meta property=\"og:site_name\" content=\"P\u00e4\u00e4kaupunkiseudun el\u00e4insuojeluyhdistys\" \/>\n<meta property=\"article:modified_time\" content=\"2019-11-08T12:35:01+00:00\" \/>\n<meta property=\"og:image\" content=\"http:\/\/pk-esy.sey.fi\/images\/ulkokissa.jpg\" \/>\n<meta name=\"twitter:card\" content=\"summary_large_image\" \/>\n<meta name=\"twitter:label1\" content=\"Arvioitu lukuaika\" \/>\n\t<meta name=\"twitter:data1\" content=\"1 minuutti\" \/>\n<script type=\"application\/ld+json\" class=\"yoast-schema-graph\">{\"@context\":\"https:\/\/schema.org\",\"@graph\":[{\"@type\":\"WebPage\",\"@id\":\"https:\/\/sey.fi\/paakaupunkiseudun-elainsuojeluyhdistys\/pk-esy\/kodittomat-elaimet\/kadonneet-elaimet\/\",\"url\":\"https:\/\/sey.fi\/paakaupunkiseudun-elainsuojeluyhdistys\/pk-esy\/kodittomat-elaimet\/kadonneet-elaimet\/\",\"name\":\"Kadonneet el\u00e4imet - P\u00e4\u00e4kaupunkiseudun el\u00e4insuojeluyhdistys\",\"isPartOf\":{\"@id\":\"https:\/\/sey.fi\/paakaupunkiseudun-elainsuojeluyhdistys\/#website\"},\"primaryImageOfPage\":{\"@id\":\"https:\/\/sey.fi\/paakaupunkiseudun-elainsuojeluyhdistys\/pk-esy\/kodittomat-elaimet\/kadonneet-elaimet\/#primaryimage\"},\"image\":{\"@id\":\"https:\/\/sey.fi\/paakaupunkiseudun-elainsuojeluyhdistys\/pk-esy\/kodittomat-elaimet\/kadonneet-elaimet\/#primaryimage\"},\"thumbnailUrl\":\"http:\/\/pk-esy.sey.fi\/images\/ulkokissa.jpg\",\"datePublished\":\"2019-11-08T12:34:59+00:00\",\"dateModified\":\"2019-11-08T12:35:01+00:00\",\"breadcrumb\":{\"@id\":\"https:\/\/sey.fi\/paakaupunkiseudun-elainsuojeluyhdistys\/pk-esy\/kodittomat-elaimet\/kadonneet-elaimet\/#breadcrumb\"},\"inLanguage\":\"fi\",\"potentialAction\":[{\"@type\":\"ReadAction\",\"target\":[\"https:\/\/sey.fi\/paakaupunkiseudun-elainsuojeluyhdistys\/pk-esy\/kodittomat-elaimet\/kadonneet-elaimet\/\"]}]},{\"@type\":\"ImageObject\",\"inLanguage\":\"fi\",\"@id\":\"https:\/\/sey.fi\/paakaupunkiseudun-elainsuojeluyhdistys\/pk-esy\/kodittomat-elaimet\/kadonneet-elaimet\/#primaryimage\",\"url\":\"http:\/\/pk-esy.sey.fi\/images\/ulkokissa.jpg\",\"contentUrl\":\"http:\/\/pk-esy.sey.fi\/images\/ulkokissa.jpg\"},{\"@type\":\"BreadcrumbList\",\"@id\":\"https:\/\/sey.fi\/paakaupunkiseudun-elainsuojeluyhdistys\/pk-esy\/kodittomat-elaimet\/kadonneet-elaimet\/#breadcrumb\",\"itemListElement\":[{\"@type\":\"ListItem\",\"position\":1,\"name\":\"Home\",\"item\":\"https:\/\/sey.fi\/paakaupunkiseudun-elainsuojeluyhdistys\/\"},{\"@type\":\"ListItem\",\"position\":2,\"name\":\"P\u00e4\u00e4kaupunkiseudun el\u00e4insuojeluyhdistys\",\"item\":\"https:\/\/sey.fi\/paakaupunkiseudun-elainsuojeluyhdistys\/\"},{\"@type\":\"ListItem\",\"position\":3,\"name\":\"Kodittomat el\u00e4imet\",\"item\":\"https:\/\/sey.fi\/paakaupunkiseudun-elainsuojeluyhdistys\/pk-esy\/kodittomat-elaimet\/\"},{\"@type\":\"ListItem\",\"position\":4,\"name\":\"Kadonneet el\u00e4imet\"}]},{\"@type\":\"WebSite\",\"@id\":\"https:\/\/sey.fi\/paakaupunkiseudun-elainsuojeluyhdistys\/#website\",\"url\":\"https:\/\/sey.fi\/paakaupunkiseudun-elainsuojeluyhdistys\/\",\"name\":\"P\u00e4\u00e4kaupunkiseudun el\u00e4insuojeluyhdistys\",\"description\":\"Just another SEY J\u00e4senyhdistykset site\",\"potentialAction\":[{\"@type\":\"SearchAction\",\"target\":{\"@type\":\"EntryPoint\",\"urlTemplate\":\"https:\/\/sey.fi\/paakaupunkiseudun-elainsuojeluyhdistys\/?s={search_term_string}\"},\"query-input\":{\"@type\":\"PropertyValueSpecification\",\"valueRequired\":true,\"valueName\":\"search_term_string\"}}],\"inLanguage\":\"fi\"}]}<\/script>\n<!-- \/ Yoast SEO plugin. -->","yoast_head_json":{"title":"Kadonneet el\u00e4imet - P\u00e4\u00e4kaupunkiseudun el\u00e4insuojeluyhdistys","robots":{"index":"index","follow":"follow","max-snippet":"max-snippet:-1","max-image-preview":"max-image-preview:large","max-video-preview":"max-video-preview:-1"},"canonical":"https:\/\/sey.fi\/paakaupunkiseudun-elainsuojeluyhdistys\/pk-esy\/kodittomat-elaimet\/kadonneet-elaimet\/","og_locale":"fi_FI","og_type":"article","og_title":"Kadonneet el\u00e4imet - P\u00e4\u00e4kaupunkiseudun el\u00e4insuojeluyhdistys","og_description":"P\u00e4\u00e4kaupunkiseudulla talteen otetut karanneet lemmikkiel\u00e4imet tulee toimittaa&nbsp;l\u00f6yt\u00f6el\u00e4intaloon Viikkiin. Karanneesta lemmikist\u00e4 tulee ilmoittaa l\u00f6yt\u00f6el\u00e4intaloon, sielt\u00e4 voi my\u00f6s tiedustella omaa kadonnutta lemmikki\u00e4\u00e4n. Kadonnut lemmikki kannattaa ilmoittaa v\u00e4litt\u00f6m\u00e4sti&nbsp;Karkurit&nbsp;-sivustolle. Sielt\u00e4 l\u00f6ytyy lis\u00e4tietoja ja apua kadonneen lemmikin etsint\u00e4\u00e4n. My\u00f6s&nbsp;Etsij\u00e4koiraliitosta&nbsp;saa apua lemmikin kadotessa. Kaikki lemmikit tulisi merkit\u00e4&nbsp;Turvasirulla, jonka avulla kadonnut lemmikki l\u00f6yt\u00e4\u00e4 kotiinsa varmemmin. &nbsp;Lainattavat pyydykset P\u00e4\u00e4kaupunkiseudun el\u00e4insuojeluyhdistykselt\u00e4 on lainattavissa pyydyksi\u00e4 [&hellip;]","og_url":"https:\/\/sey.fi\/paakaupunkiseudun-elainsuojeluyhdistys\/pk-esy\/kodittomat-elaimet\/kadonneet-elaimet\/","og_site_name":"P\u00e4\u00e4kaupunkiseudun el\u00e4insuojeluyhdistys","article_modified_time":"2019-11-08T12:35:01+00:00","og_image":[{"url":"http:\/\/pk-esy.sey.fi\/images\/ulkokissa.jpg","type":"","width":"","height":""}],"twitter_card":"summary_large_image","twitter_misc":{"Arvioitu lukuaika":"1 minuutti"},"schema":{"@context":"https:\/\/schema.org","@graph":[{"@type":"WebPage","@id":"https:\/\/sey.fi\/paakaupunkiseudun-elainsuojeluyhdistys\/pk-esy\/kodittomat-elaimet\/kadonneet-elaimet\/","url":"https:\/\/sey.fi\/paakaupunkiseudun-elainsuojeluyhdistys\/pk-esy\/kodittomat-elaimet\/kadonneet-elaimet\/","name":"Kadonneet el\u00e4imet - P\u00e4\u00e4kaupunkiseudun el\u00e4insuojeluyhdistys","isPartOf":{"@id":"https:\/\/sey.fi\/paakaupunkiseudun-elainsuojeluyhdistys\/#website"},"primaryImageOfPage":{"@id":"https:\/\/sey.fi\/paakaupunkiseudun-elainsuojeluyhdistys\/pk-esy\/kodittomat-elaimet\/kadonneet-elaimet\/#primaryimage"},"image":{"@id":"https:\/\/sey.fi\/paakaupunkiseudun-elainsuojeluyhdistys\/pk-esy\/kodittomat-elaimet\/kadonneet-elaimet\/#primaryimage"},"thumbnailUrl":"http:\/\/pk-esy.sey.fi\/images\/ulkokissa.jpg","datePublished":"2019-11-08T12:34:59+00:00","dateModified":"2019-11-08T12:35:01+00:00","breadcrumb":{"@id":"https:\/\/sey.fi\/paakaupunkiseudun-elainsuojeluyhdistys\/pk-esy\/kodittomat-elaimet\/kadonneet-elaimet\/#breadcrumb"},"inLanguage":"fi","potentialAction":[{"@type":"ReadAction","target":["https:\/\/sey.fi\/paakaupunkiseudun-elainsuojeluyhdistys\/pk-esy\/kodittomat-elaimet\/kadonneet-elaimet\/"]}]},{"@type":"ImageObject","inLanguage":"fi","@id":"https:\/\/sey.fi\/paakaupunkiseudun-elainsuojeluyhdistys\/pk-esy\/kodittomat-elaimet\/kadonneet-elaimet\/#primaryimage","url":"http:\/\/pk-esy.sey.fi\/images\/ulkokissa.jpg","contentUrl":"http:\/\/pk-esy.sey.fi\/images\/ulkokissa.jpg"},{"@type":"BreadcrumbList","@id":"https:\/\/sey.fi\/paakaupunkiseudun-elainsuojeluyhdistys\/pk-esy\/kodittomat-elaimet\/kadonneet-elaimet\/#breadcrumb","itemListElement":[{"@type":"ListItem","position":1,"name":"Home","item":"https:\/\/sey.fi\/paakaupunkiseudun-elainsuojeluyhdistys\/"},{"@type":"ListItem","position":2,"name":"P\u00e4\u00e4kaupunkiseudun el\u00e4insuojeluyhdistys","item":"https:\/\/sey.fi\/paakaupunkiseudun-elainsuojeluyhdistys\/"},{"@type":"ListItem","position":3,"name":"Kodittomat el\u00e4imet","item":"https:\/\/sey.fi\/paakaupunkiseudun-elainsuojeluyhdistys\/pk-esy\/kodittomat-elaimet\/"},{"@type":"ListItem","position":4,"name":"Kadonneet el\u00e4imet"}]},{"@type":"WebSite","@id":"https:\/\/sey.fi\/paakaupunkiseudun-elainsuojeluyhdistys\/#website","url":"https:\/\/sey.fi\/paakaupunkiseudun-elainsuojeluyhdistys\/","name":"P\u00e4\u00e4kaupunkiseudun el\u00e4insuojeluyhdistys","description":"Just another SEY J\u00e4senyhdistykset site","potentialAction":[{"@type":"SearchAction","target":{"@type":"EntryPoint","urlTemplate":"https:\/\/sey.fi\/paakaupunkiseudun-elainsuojeluyhdistys\/?s={search_term_string}"},"query-input":{"@type":"PropertyValueSpecification","valueRequired":true,"valueName":"search_term_string"}}],"inLanguage":"fi"}]}},"_links":{"self":[{"href":"https:\/\/sey.fi\/paakaupunkiseudun-elainsuojeluyhdistys\/wp-json\/wp\/v2\/pages\/56","targetHints":{"allow":["GET"]}}],"collection":[{"href":"https:\/\/sey.fi\/paakaupunkiseudun-elainsuojeluyhdistys\/wp-json\/wp\/v2\/pages"}],"about":[{"href":"https:\/\/sey.fi\/paakaupunkiseudun-elainsuojeluyhdistys\/wp-json\/wp\/v2\/types\/page"}],"author":[{"embeddable":true,"href":"https:\/\/sey.fi\/paakaupunkiseudun-elainsuojeluyhdistys\/wp-json\/wp\/v2\/users\/8"}],"replies":[{"embeddable":true,"href":"https:\/\/sey.fi\/paakaupunkiseudun-elainsuojeluyhdistys\/wp-json\/wp\/v2\/comments?post=56"}],"version-history":[{"count":1,"href":"https:\/\/sey.fi\/paakaupunkiseudun-elainsuojeluyhdistys\/wp-json\/wp\/v2\/pages\/56\/revisions"}],"predecessor-version":[{"id":57,"href":"https:\/\/sey.fi\/paakaupunkiseudun-elainsuojeluyhdistys\/wp-json\/wp\/v2\/pages\/56\/revisions\/57"}],"up":[{"embeddable":true,"href":"https:\/\/sey.fi\/paakaupunkiseudun-elainsuojeluyhdistys\/wp-json\/wp\/v2\/pages\/54"}],"wp:attachment":[{"href":"https:\/\/sey.fi\/paakaupunkiseudun-elainsuojeluyhdistys\/wp-json\/wp\/v2\/media?parent=56"}],"curies":[{"name":"wp","href":"https:\/\/api.w.org\/{rel}","templated":true}]}}