{"id":62,"date":"2019-11-08T12:37:07","date_gmt":"2019-11-08T12:37:07","guid":{"rendered":"http:\/\/srvr10.xetpoint.com\/~seyfi\/paakaupunkiseudun-elainsuojeluyhdistys\/?page_id=62"},"modified":"2019-11-08T12:37:08","modified_gmt":"2019-11-08T12:37:08","slug":"liity-jaseneksi","status":"publish","type":"page","link":"https:\/\/sey.fi\/paakaupunkiseudun-elainsuojeluyhdistys\/pk-esy\/haluatko-auttaa\/liity-jaseneksi\/","title":{"rendered":"Liity j\u00e4seneksi"},"content":{"rendered":"\n<h2 class=\"wp-block-heading\">Sinua tarvitaan, tule mukaan toimintaan!<\/h2>\n\n\n\n<p>Tarvitsemme joukkoomme el\u00e4insuojelusta ja el\u00e4imist\u00e4 kiinnostuneita ihmisi\u00e4.<\/p>\n\n\n\n<p>J\u00e4senet saavat my\u00f6s nelj\u00e4 kertaa vuodessa ilmestyv\u00e4n Suomen El\u00e4insuojeluyhdistyksen El\u00e4inten yst\u00e4v\u00e4-lehden.<\/p>\n\n\n\n<p>Liity j\u00e4seneksemme&nbsp;<a href=\"https:\/\/www.sey.fi\/tue-toimintaa\/jasenyys\">Suomen El\u00e4insuojeluyhdistysten liiton sivulla<\/a>.<br>Valitse sopiva j\u00e4sentyyppi ja lomakkeen j\u00e4senyhdistyksist\u00e4 P\u00e4\u00e4kaupunpiseudun El\u00e4insuojeluyhdistys ry.<\/p>\n\n\n\n<p>Tai ota yhteytt\u00e4 s\u00e4hk\u00f6postitse<br><a href=\"mailto:pk-esy@pk-esy.fi\">pk-esy@pk-esy.fi<\/a><br>niin kerromme lis\u00e4\u00e4.<\/p>\n\n\n\n<p><br>J\u00e4senmaksut vuonna 2019:<\/p>\n\n\n\n<p>Nuorisoj\u00e4sen (alle 15-vuotiaat), j\u00e4senmaksu 23 \u20ac\/v&nbsp;<br>Varsinainen j\u00e4sen (ik\u00e4 15 v. tai yli), j\u00e4senmaksu 33 \u20ac\/v&nbsp;<br>Kannatusj\u00e4sen, j\u00e4senmaksu 230 \u20ac\/v<br>Perhej\u00e4sen (ei lehte\u00e4, lehden saa joku muu samassa osoitteessa asuva j\u00e4sen), j\u00e4senmaksu 23 \u20ac\/v&nbsp;<br>Ainaisj\u00e4sen, kertamaksu 330 \u20ac&nbsp;&nbsp;&nbsp;&nbsp;&nbsp;&nbsp;&nbsp;&nbsp;&nbsp;&nbsp;&nbsp;&nbsp;&nbsp;&nbsp;&nbsp;<\/p>\n\n\n\n<p>Osoitteenmuutoksen voi tehd\u00e4 s\u00e4hk\u00f6isesti.<\/p>\n","protected":false},"excerpt":{"rendered":"<p>Sinua tarvitaan, tule mukaan toimintaan! Tarvitsemme joukkoomme el\u00e4insuojelusta ja el\u00e4imist\u00e4 kiinnostuneita ihmisi\u00e4. J\u00e4senet saavat my\u00f6s nelj\u00e4 kertaa vuodessa ilmestyv\u00e4n Suomen El\u00e4insuojeluyhdistyksen El\u00e4inten yst\u00e4v\u00e4-lehden. Liity j\u00e4seneksemme&nbsp;Suomen El\u00e4insuojeluyhdistysten liiton sivulla.Valitse sopiva j\u00e4sentyyppi ja lomakkeen j\u00e4senyhdistyksist\u00e4 P\u00e4\u00e4kaupunpiseudun El\u00e4insuojeluyhdistys ry. Tai ota yhteytt\u00e4 s\u00e4hk\u00f6postitsepk-esy@pk-esy.finiin kerromme lis\u00e4\u00e4. J\u00e4senmaksut vuonna 2019: Nuorisoj\u00e4sen (alle 15-vuotiaat), j\u00e4senmaksu 23 \u20ac\/v&nbsp;Varsinainen j\u00e4sen (ik\u00e4 15 v. [&hellip;]<\/p>\n","protected":false},"author":8,"featured_media":0,"parent":58,"menu_order":0,"comment_status":"closed","ping_status":"closed","template":"","meta":{"_acf_changed":false,"footnotes":""},"class_list":["post-62","page","type-page","status-publish","hentry"],"acf":[],"yoast_head":"<!-- This site is optimized with the Yoast SEO plugin v27.1.1 - https:\/\/yoast.com\/product\/yoast-seo-wordpress\/ -->\n<title>Liity j\u00e4seneksi - P\u00e4\u00e4kaupunkiseudun el\u00e4insuojeluyhdistys<\/title>\n<meta name=\"robots\" content=\"index, follow, max-snippet:-1, max-image-preview:large, max-video-preview:-1\" \/>\n<link rel=\"canonical\" href=\"https:\/\/sey.fi\/paakaupunkiseudun-elainsuojeluyhdistys\/pk-esy\/haluatko-auttaa\/liity-jaseneksi\/\" \/>\n<meta property=\"og:locale\" content=\"fi_FI\" \/>\n<meta property=\"og:type\" content=\"article\" \/>\n<meta property=\"og:title\" content=\"Liity j\u00e4seneksi - P\u00e4\u00e4kaupunkiseudun el\u00e4insuojeluyhdistys\" \/>\n<meta property=\"og:description\" content=\"Sinua tarvitaan, tule mukaan toimintaan! Tarvitsemme joukkoomme el\u00e4insuojelusta ja el\u00e4imist\u00e4 kiinnostuneita ihmisi\u00e4. J\u00e4senet saavat my\u00f6s nelj\u00e4 kertaa vuodessa ilmestyv\u00e4n Suomen El\u00e4insuojeluyhdistyksen El\u00e4inten yst\u00e4v\u00e4-lehden. Liity j\u00e4seneksemme&nbsp;Suomen El\u00e4insuojeluyhdistysten liiton sivulla.Valitse sopiva j\u00e4sentyyppi ja lomakkeen j\u00e4senyhdistyksist\u00e4 P\u00e4\u00e4kaupunpiseudun El\u00e4insuojeluyhdistys ry. Tai ota yhteytt\u00e4 s\u00e4hk\u00f6postitsepk-esy@pk-esy.finiin kerromme lis\u00e4\u00e4. J\u00e4senmaksut vuonna 2019: Nuorisoj\u00e4sen (alle 15-vuotiaat), j\u00e4senmaksu 23 \u20ac\/v&nbsp;Varsinainen j\u00e4sen (ik\u00e4 15 v. [&hellip;]\" \/>\n<meta property=\"og:url\" content=\"https:\/\/sey.fi\/paakaupunkiseudun-elainsuojeluyhdistys\/pk-esy\/haluatko-auttaa\/liity-jaseneksi\/\" \/>\n<meta property=\"og:site_name\" content=\"P\u00e4\u00e4kaupunkiseudun el\u00e4insuojeluyhdistys\" \/>\n<meta property=\"article:modified_time\" content=\"2019-11-08T12:37:08+00:00\" \/>\n<meta name=\"twitter:card\" content=\"summary_large_image\" \/>\n<meta name=\"twitter:label1\" content=\"Arvioitu lukuaika\" \/>\n\t<meta name=\"twitter:data1\" content=\"1 minuutti\" \/>\n<script type=\"application\/ld+json\" class=\"yoast-schema-graph\">{\"@context\":\"https:\/\/schema.org\",\"@graph\":[{\"@type\":\"WebPage\",\"@id\":\"https:\/\/sey.fi\/paakaupunkiseudun-elainsuojeluyhdistys\/pk-esy\/haluatko-auttaa\/liity-jaseneksi\/\",\"url\":\"https:\/\/sey.fi\/paakaupunkiseudun-elainsuojeluyhdistys\/pk-esy\/haluatko-auttaa\/liity-jaseneksi\/\",\"name\":\"Liity j\u00e4seneksi - P\u00e4\u00e4kaupunkiseudun el\u00e4insuojeluyhdistys\",\"isPartOf\":{\"@id\":\"https:\/\/sey.fi\/paakaupunkiseudun-elainsuojeluyhdistys\/#website\"},\"datePublished\":\"2019-11-08T12:37:07+00:00\",\"dateModified\":\"2019-11-08T12:37:08+00:00\",\"breadcrumb\":{\"@id\":\"https:\/\/sey.fi\/paakaupunkiseudun-elainsuojeluyhdistys\/pk-esy\/haluatko-auttaa\/liity-jaseneksi\/#breadcrumb\"},\"inLanguage\":\"fi\",\"potentialAction\":[{\"@type\":\"ReadAction\",\"target\":[\"https:\/\/sey.fi\/paakaupunkiseudun-elainsuojeluyhdistys\/pk-esy\/haluatko-auttaa\/liity-jaseneksi\/\"]}]},{\"@type\":\"BreadcrumbList\",\"@id\":\"https:\/\/sey.fi\/paakaupunkiseudun-elainsuojeluyhdistys\/pk-esy\/haluatko-auttaa\/liity-jaseneksi\/#breadcrumb\",\"itemListElement\":[{\"@type\":\"ListItem\",\"position\":1,\"name\":\"Home\",\"item\":\"https:\/\/sey.fi\/paakaupunkiseudun-elainsuojeluyhdistys\/\"},{\"@type\":\"ListItem\",\"position\":2,\"name\":\"P\u00e4\u00e4kaupunkiseudun el\u00e4insuojeluyhdistys\",\"item\":\"https:\/\/sey.fi\/paakaupunkiseudun-elainsuojeluyhdistys\/\"},{\"@type\":\"ListItem\",\"position\":3,\"name\":\"Haluatko auttaa?\",\"item\":\"https:\/\/sey.fi\/paakaupunkiseudun-elainsuojeluyhdistys\/pk-esy\/haluatko-auttaa\/\"},{\"@type\":\"ListItem\",\"position\":4,\"name\":\"Liity j\u00e4seneksi\"}]},{\"@type\":\"WebSite\",\"@id\":\"https:\/\/sey.fi\/paakaupunkiseudun-elainsuojeluyhdistys\/#website\",\"url\":\"https:\/\/sey.fi\/paakaupunkiseudun-elainsuojeluyhdistys\/\",\"name\":\"P\u00e4\u00e4kaupunkiseudun el\u00e4insuojeluyhdistys\",\"description\":\"Just another SEY J\u00e4senyhdistykset site\",\"potentialAction\":[{\"@type\":\"SearchAction\",\"target\":{\"@type\":\"EntryPoint\",\"urlTemplate\":\"https:\/\/sey.fi\/paakaupunkiseudun-elainsuojeluyhdistys\/?s={search_term_string}\"},\"query-input\":{\"@type\":\"PropertyValueSpecification\",\"valueRequired\":true,\"valueName\":\"search_term_string\"}}],\"inLanguage\":\"fi\"}]}<\/script>\n<!-- \/ Yoast SEO plugin. -->","yoast_head_json":{"title":"Liity j\u00e4seneksi - P\u00e4\u00e4kaupunkiseudun el\u00e4insuojeluyhdistys","robots":{"index":"index","follow":"follow","max-snippet":"max-snippet:-1","max-image-preview":"max-image-preview:large","max-video-preview":"max-video-preview:-1"},"canonical":"https:\/\/sey.fi\/paakaupunkiseudun-elainsuojeluyhdistys\/pk-esy\/haluatko-auttaa\/liity-jaseneksi\/","og_locale":"fi_FI","og_type":"article","og_title":"Liity j\u00e4seneksi - P\u00e4\u00e4kaupunkiseudun el\u00e4insuojeluyhdistys","og_description":"Sinua tarvitaan, tule mukaan toimintaan! Tarvitsemme joukkoomme el\u00e4insuojelusta ja el\u00e4imist\u00e4 kiinnostuneita ihmisi\u00e4. J\u00e4senet saavat my\u00f6s nelj\u00e4 kertaa vuodessa ilmestyv\u00e4n Suomen El\u00e4insuojeluyhdistyksen El\u00e4inten yst\u00e4v\u00e4-lehden. Liity j\u00e4seneksemme&nbsp;Suomen El\u00e4insuojeluyhdistysten liiton sivulla.Valitse sopiva j\u00e4sentyyppi ja lomakkeen j\u00e4senyhdistyksist\u00e4 P\u00e4\u00e4kaupunpiseudun El\u00e4insuojeluyhdistys ry. Tai ota yhteytt\u00e4 s\u00e4hk\u00f6postitsepk-esy@pk-esy.finiin kerromme lis\u00e4\u00e4. J\u00e4senmaksut vuonna 2019: Nuorisoj\u00e4sen (alle 15-vuotiaat), j\u00e4senmaksu 23 \u20ac\/v&nbsp;Varsinainen j\u00e4sen (ik\u00e4 15 v. [&hellip;]","og_url":"https:\/\/sey.fi\/paakaupunkiseudun-elainsuojeluyhdistys\/pk-esy\/haluatko-auttaa\/liity-jaseneksi\/","og_site_name":"P\u00e4\u00e4kaupunkiseudun el\u00e4insuojeluyhdistys","article_modified_time":"2019-11-08T12:37:08+00:00","twitter_card":"summary_large_image","twitter_misc":{"Arvioitu lukuaika":"1 minuutti"},"schema":{"@context":"https:\/\/schema.org","@graph":[{"@type":"WebPage","@id":"https:\/\/sey.fi\/paakaupunkiseudun-elainsuojeluyhdistys\/pk-esy\/haluatko-auttaa\/liity-jaseneksi\/","url":"https:\/\/sey.fi\/paakaupunkiseudun-elainsuojeluyhdistys\/pk-esy\/haluatko-auttaa\/liity-jaseneksi\/","name":"Liity j\u00e4seneksi - P\u00e4\u00e4kaupunkiseudun el\u00e4insuojeluyhdistys","isPartOf":{"@id":"https:\/\/sey.fi\/paakaupunkiseudun-elainsuojeluyhdistys\/#website"},"datePublished":"2019-11-08T12:37:07+00:00","dateModified":"2019-11-08T12:37:08+00:00","breadcrumb":{"@id":"https:\/\/sey.fi\/paakaupunkiseudun-elainsuojeluyhdistys\/pk-esy\/haluatko-auttaa\/liity-jaseneksi\/#breadcrumb"},"inLanguage":"fi","potentialAction":[{"@type":"ReadAction","target":["https:\/\/sey.fi\/paakaupunkiseudun-elainsuojeluyhdistys\/pk-esy\/haluatko-auttaa\/liity-jaseneksi\/"]}]},{"@type":"BreadcrumbList","@id":"https:\/\/sey.fi\/paakaupunkiseudun-elainsuojeluyhdistys\/pk-esy\/haluatko-auttaa\/liity-jaseneksi\/#breadcrumb","itemListElement":[{"@type":"ListItem","position":1,"name":"Home","item":"https:\/\/sey.fi\/paakaupunkiseudun-elainsuojeluyhdistys\/"},{"@type":"ListItem","position":2,"name":"P\u00e4\u00e4kaupunkiseudun el\u00e4insuojeluyhdistys","item":"https:\/\/sey.fi\/paakaupunkiseudun-elainsuojeluyhdistys\/"},{"@type":"ListItem","position":3,"name":"Haluatko auttaa?","item":"https:\/\/sey.fi\/paakaupunkiseudun-elainsuojeluyhdistys\/pk-esy\/haluatko-auttaa\/"},{"@type":"ListItem","position":4,"name":"Liity j\u00e4seneksi"}]},{"@type":"WebSite","@id":"https:\/\/sey.fi\/paakaupunkiseudun-elainsuojeluyhdistys\/#website","url":"https:\/\/sey.fi\/paakaupunkiseudun-elainsuojeluyhdistys\/","name":"P\u00e4\u00e4kaupunkiseudun el\u00e4insuojeluyhdistys","description":"Just another SEY J\u00e4senyhdistykset site","potentialAction":[{"@type":"SearchAction","target":{"@type":"EntryPoint","urlTemplate":"https:\/\/sey.fi\/paakaupunkiseudun-elainsuojeluyhdistys\/?s={search_term_string}"},"query-input":{"@type":"PropertyValueSpecification","valueRequired":true,"valueName":"search_term_string"}}],"inLanguage":"fi"}]}},"_links":{"self":[{"href":"https:\/\/sey.fi\/paakaupunkiseudun-elainsuojeluyhdistys\/wp-json\/wp\/v2\/pages\/62","targetHints":{"allow":["GET"]}}],"collection":[{"href":"https:\/\/sey.fi\/paakaupunkiseudun-elainsuojeluyhdistys\/wp-json\/wp\/v2\/pages"}],"about":[{"href":"https:\/\/sey.fi\/paakaupunkiseudun-elainsuojeluyhdistys\/wp-json\/wp\/v2\/types\/page"}],"author":[{"embeddable":true,"href":"https:\/\/sey.fi\/paakaupunkiseudun-elainsuojeluyhdistys\/wp-json\/wp\/v2\/users\/8"}],"replies":[{"embeddable":true,"href":"https:\/\/sey.fi\/paakaupunkiseudun-elainsuojeluyhdistys\/wp-json\/wp\/v2\/comments?post=62"}],"version-history":[{"count":1,"href":"https:\/\/sey.fi\/paakaupunkiseudun-elainsuojeluyhdistys\/wp-json\/wp\/v2\/pages\/62\/revisions"}],"predecessor-version":[{"id":63,"href":"https:\/\/sey.fi\/paakaupunkiseudun-elainsuojeluyhdistys\/wp-json\/wp\/v2\/pages\/62\/revisions\/63"}],"up":[{"embeddable":true,"href":"https:\/\/sey.fi\/paakaupunkiseudun-elainsuojeluyhdistys\/wp-json\/wp\/v2\/pages\/58"}],"wp:attachment":[{"href":"https:\/\/sey.fi\/paakaupunkiseudun-elainsuojeluyhdistys\/wp-json\/wp\/v2\/media?parent=62"}],"curies":[{"name":"wp","href":"https:\/\/api.w.org\/{rel}","templated":true}]}}