{"id":65,"date":"2019-11-08T12:39:02","date_gmt":"2019-11-08T12:39:02","guid":{"rendered":"http:\/\/srvr10.xetpoint.com\/~seyfi\/paakaupunkiseudun-elainsuojeluyhdistys\/?page_id=65"},"modified":"2019-11-08T12:39:03","modified_gmt":"2019-11-08T12:39:03","slug":"yhteystiedot","status":"publish","type":"page","link":"https:\/\/sey.fi\/paakaupunkiseudun-elainsuojeluyhdistys\/pk-esy\/yhteystiedot\/","title":{"rendered":"Yhteystiedot"},"content":{"rendered":"\n<h2 class=\"wp-block-heading\">P\u00c4\u00c4KAUPUNKISEUDUN EL\u00c4INSUOJELUYHDISTYS RY<\/h2>\n\n\n\n<p>Postiosoite: c\/o SEY, Lintulahdenkatu 10, 00500 Helsinki (Laskutusasioissa olethan ensin yhteydess\u00e4 s\u00e4hk\u00f6postitse)<\/p>\n\n\n\n<p>S\u00e4hk\u00f6posti: pk-esy(\u00e4t)pk-esy.fi<\/p>\n\n\n\n<p>P\u00e4ivystyspuhelin: 045 135 9726<\/p>\n\n\n\n<p>Parhaiten tavoitat meid\u00e4t arkisin ja viikonloppuisin soittamalla klo 18-21.<\/p>\n\n\n\n<p>Kiireellisiss\u00e4 tapauksissa ota aina yhteytt\u00e4 soittamalla. Tekstiviesteihin emme pysty vastaamaan.<\/p>\n\n\n\n<p>HUOM!&nbsp;Muistathan, ett\u00e4 yhdistys toimii vapaaehtoisvoimin. Toimihenkil\u00f6mme hoitavat yhdistyksen asioita omalla vapaa-ajallaan t\u00f6idens\u00e4, opiskeluidensa ja muiden harrastustensa ohella. Maltathan siis odottaa, ett\u00e4 vastaamme yhteydenottoosi.<\/p>\n\n\n\n<figure class=\"wp-block-image\"><img decoding=\"async\" src=\"http:\/\/pk-esy.sey.fi\/images\/viiru2.jpg\" alt=\"\" \/><\/figure>\n","protected":false},"excerpt":{"rendered":"<p>P\u00c4\u00c4KAUPUNKISEUDUN EL\u00c4INSUOJELUYHDISTYS RY Postiosoite: c\/o SEY, Lintulahdenkatu 10, 00500 Helsinki (Laskutusasioissa olethan ensin yhteydess\u00e4 s\u00e4hk\u00f6postitse) S\u00e4hk\u00f6posti: pk-esy(\u00e4t)pk-esy.fi P\u00e4ivystyspuhelin: 045 135 9726 Parhaiten tavoitat meid\u00e4t arkisin ja viikonloppuisin soittamalla klo 18-21. Kiireellisiss\u00e4 tapauksissa ota aina yhteytt\u00e4 soittamalla. Tekstiviesteihin emme pysty vastaamaan. HUOM!&nbsp;Muistathan, ett\u00e4 yhdistys toimii vapaaehtoisvoimin. Toimihenkil\u00f6mme hoitavat yhdistyksen asioita omalla vapaa-ajallaan t\u00f6idens\u00e4, opiskeluidensa ja muiden [&hellip;]<\/p>\n","protected":false},"author":8,"featured_media":0,"parent":2,"menu_order":0,"comment_status":"closed","ping_status":"closed","template":"","meta":{"_acf_changed":false,"footnotes":""},"class_list":["post-65","page","type-page","status-publish","hentry"],"acf":[],"yoast_head":"<!-- This site is optimized with the Yoast SEO plugin v27.1.1 - https:\/\/yoast.com\/product\/yoast-seo-wordpress\/ -->\n<title>Yhteystiedot - P\u00e4\u00e4kaupunkiseudun el\u00e4insuojeluyhdistys<\/title>\n<meta name=\"robots\" content=\"index, follow, max-snippet:-1, max-image-preview:large, max-video-preview:-1\" \/>\n<link rel=\"canonical\" href=\"https:\/\/sey.fi\/paakaupunkiseudun-elainsuojeluyhdistys\/pk-esy\/yhteystiedot\/\" \/>\n<meta property=\"og:locale\" content=\"fi_FI\" \/>\n<meta property=\"og:type\" content=\"article\" \/>\n<meta property=\"og:title\" content=\"Yhteystiedot - P\u00e4\u00e4kaupunkiseudun el\u00e4insuojeluyhdistys\" \/>\n<meta property=\"og:description\" content=\"P\u00c4\u00c4KAUPUNKISEUDUN EL\u00c4INSUOJELUYHDISTYS RY Postiosoite: c\/o SEY, Lintulahdenkatu 10, 00500 Helsinki (Laskutusasioissa olethan ensin yhteydess\u00e4 s\u00e4hk\u00f6postitse) S\u00e4hk\u00f6posti: pk-esy(\u00e4t)pk-esy.fi P\u00e4ivystyspuhelin: 045 135 9726 Parhaiten tavoitat meid\u00e4t arkisin ja viikonloppuisin soittamalla klo 18-21. Kiireellisiss\u00e4 tapauksissa ota aina yhteytt\u00e4 soittamalla. Tekstiviesteihin emme pysty vastaamaan. HUOM!&nbsp;Muistathan, ett\u00e4 yhdistys toimii vapaaehtoisvoimin. Toimihenkil\u00f6mme hoitavat yhdistyksen asioita omalla vapaa-ajallaan t\u00f6idens\u00e4, opiskeluidensa ja muiden [&hellip;]\" \/>\n<meta property=\"og:url\" content=\"https:\/\/sey.fi\/paakaupunkiseudun-elainsuojeluyhdistys\/pk-esy\/yhteystiedot\/\" \/>\n<meta property=\"og:site_name\" content=\"P\u00e4\u00e4kaupunkiseudun el\u00e4insuojeluyhdistys\" \/>\n<meta property=\"article:modified_time\" content=\"2019-11-08T12:39:03+00:00\" \/>\n<meta property=\"og:image\" content=\"http:\/\/pk-esy.sey.fi\/images\/viiru2.jpg\" \/>\n<meta name=\"twitter:card\" content=\"summary_large_image\" \/>\n<script type=\"application\/ld+json\" class=\"yoast-schema-graph\">{\"@context\":\"https:\/\/schema.org\",\"@graph\":[{\"@type\":\"WebPage\",\"@id\":\"https:\/\/sey.fi\/paakaupunkiseudun-elainsuojeluyhdistys\/pk-esy\/yhteystiedot\/\",\"url\":\"https:\/\/sey.fi\/paakaupunkiseudun-elainsuojeluyhdistys\/pk-esy\/yhteystiedot\/\",\"name\":\"Yhteystiedot - P\u00e4\u00e4kaupunkiseudun el\u00e4insuojeluyhdistys\",\"isPartOf\":{\"@id\":\"https:\/\/sey.fi\/paakaupunkiseudun-elainsuojeluyhdistys\/#website\"},\"primaryImageOfPage\":{\"@id\":\"https:\/\/sey.fi\/paakaupunkiseudun-elainsuojeluyhdistys\/pk-esy\/yhteystiedot\/#primaryimage\"},\"image\":{\"@id\":\"https:\/\/sey.fi\/paakaupunkiseudun-elainsuojeluyhdistys\/pk-esy\/yhteystiedot\/#primaryimage\"},\"thumbnailUrl\":\"http:\/\/pk-esy.sey.fi\/images\/viiru2.jpg\",\"datePublished\":\"2019-11-08T12:39:02+00:00\",\"dateModified\":\"2019-11-08T12:39:03+00:00\",\"breadcrumb\":{\"@id\":\"https:\/\/sey.fi\/paakaupunkiseudun-elainsuojeluyhdistys\/pk-esy\/yhteystiedot\/#breadcrumb\"},\"inLanguage\":\"fi\",\"potentialAction\":[{\"@type\":\"ReadAction\",\"target\":[\"https:\/\/sey.fi\/paakaupunkiseudun-elainsuojeluyhdistys\/pk-esy\/yhteystiedot\/\"]}]},{\"@type\":\"ImageObject\",\"inLanguage\":\"fi\",\"@id\":\"https:\/\/sey.fi\/paakaupunkiseudun-elainsuojeluyhdistys\/pk-esy\/yhteystiedot\/#primaryimage\",\"url\":\"http:\/\/pk-esy.sey.fi\/images\/viiru2.jpg\",\"contentUrl\":\"http:\/\/pk-esy.sey.fi\/images\/viiru2.jpg\"},{\"@type\":\"BreadcrumbList\",\"@id\":\"https:\/\/sey.fi\/paakaupunkiseudun-elainsuojeluyhdistys\/pk-esy\/yhteystiedot\/#breadcrumb\",\"itemListElement\":[{\"@type\":\"ListItem\",\"position\":1,\"name\":\"Home\",\"item\":\"https:\/\/sey.fi\/paakaupunkiseudun-elainsuojeluyhdistys\/\"},{\"@type\":\"ListItem\",\"position\":2,\"name\":\"P\u00e4\u00e4kaupunkiseudun el\u00e4insuojeluyhdistys\",\"item\":\"https:\/\/sey.fi\/paakaupunkiseudun-elainsuojeluyhdistys\/\"},{\"@type\":\"ListItem\",\"position\":3,\"name\":\"Yhteystiedot\"}]},{\"@type\":\"WebSite\",\"@id\":\"https:\/\/sey.fi\/paakaupunkiseudun-elainsuojeluyhdistys\/#website\",\"url\":\"https:\/\/sey.fi\/paakaupunkiseudun-elainsuojeluyhdistys\/\",\"name\":\"P\u00e4\u00e4kaupunkiseudun el\u00e4insuojeluyhdistys\",\"description\":\"Just another SEY J\u00e4senyhdistykset site\",\"potentialAction\":[{\"@type\":\"SearchAction\",\"target\":{\"@type\":\"EntryPoint\",\"urlTemplate\":\"https:\/\/sey.fi\/paakaupunkiseudun-elainsuojeluyhdistys\/?s={search_term_string}\"},\"query-input\":{\"@type\":\"PropertyValueSpecification\",\"valueRequired\":true,\"valueName\":\"search_term_string\"}}],\"inLanguage\":\"fi\"}]}<\/script>\n<!-- \/ Yoast SEO plugin. -->","yoast_head_json":{"title":"Yhteystiedot - P\u00e4\u00e4kaupunkiseudun el\u00e4insuojeluyhdistys","robots":{"index":"index","follow":"follow","max-snippet":"max-snippet:-1","max-image-preview":"max-image-preview:large","max-video-preview":"max-video-preview:-1"},"canonical":"https:\/\/sey.fi\/paakaupunkiseudun-elainsuojeluyhdistys\/pk-esy\/yhteystiedot\/","og_locale":"fi_FI","og_type":"article","og_title":"Yhteystiedot - P\u00e4\u00e4kaupunkiseudun el\u00e4insuojeluyhdistys","og_description":"P\u00c4\u00c4KAUPUNKISEUDUN EL\u00c4INSUOJELUYHDISTYS RY Postiosoite: c\/o SEY, Lintulahdenkatu 10, 00500 Helsinki (Laskutusasioissa olethan ensin yhteydess\u00e4 s\u00e4hk\u00f6postitse) S\u00e4hk\u00f6posti: pk-esy(\u00e4t)pk-esy.fi P\u00e4ivystyspuhelin: 045 135 9726 Parhaiten tavoitat meid\u00e4t arkisin ja viikonloppuisin soittamalla klo 18-21. Kiireellisiss\u00e4 tapauksissa ota aina yhteytt\u00e4 soittamalla. Tekstiviesteihin emme pysty vastaamaan. HUOM!&nbsp;Muistathan, ett\u00e4 yhdistys toimii vapaaehtoisvoimin. Toimihenkil\u00f6mme hoitavat yhdistyksen asioita omalla vapaa-ajallaan t\u00f6idens\u00e4, opiskeluidensa ja muiden [&hellip;]","og_url":"https:\/\/sey.fi\/paakaupunkiseudun-elainsuojeluyhdistys\/pk-esy\/yhteystiedot\/","og_site_name":"P\u00e4\u00e4kaupunkiseudun el\u00e4insuojeluyhdistys","article_modified_time":"2019-11-08T12:39:03+00:00","og_image":[{"url":"http:\/\/pk-esy.sey.fi\/images\/viiru2.jpg","type":"","width":"","height":""}],"twitter_card":"summary_large_image","schema":{"@context":"https:\/\/schema.org","@graph":[{"@type":"WebPage","@id":"https:\/\/sey.fi\/paakaupunkiseudun-elainsuojeluyhdistys\/pk-esy\/yhteystiedot\/","url":"https:\/\/sey.fi\/paakaupunkiseudun-elainsuojeluyhdistys\/pk-esy\/yhteystiedot\/","name":"Yhteystiedot - P\u00e4\u00e4kaupunkiseudun el\u00e4insuojeluyhdistys","isPartOf":{"@id":"https:\/\/sey.fi\/paakaupunkiseudun-elainsuojeluyhdistys\/#website"},"primaryImageOfPage":{"@id":"https:\/\/sey.fi\/paakaupunkiseudun-elainsuojeluyhdistys\/pk-esy\/yhteystiedot\/#primaryimage"},"image":{"@id":"https:\/\/sey.fi\/paakaupunkiseudun-elainsuojeluyhdistys\/pk-esy\/yhteystiedot\/#primaryimage"},"thumbnailUrl":"http:\/\/pk-esy.sey.fi\/images\/viiru2.jpg","datePublished":"2019-11-08T12:39:02+00:00","dateModified":"2019-11-08T12:39:03+00:00","breadcrumb":{"@id":"https:\/\/sey.fi\/paakaupunkiseudun-elainsuojeluyhdistys\/pk-esy\/yhteystiedot\/#breadcrumb"},"inLanguage":"fi","potentialAction":[{"@type":"ReadAction","target":["https:\/\/sey.fi\/paakaupunkiseudun-elainsuojeluyhdistys\/pk-esy\/yhteystiedot\/"]}]},{"@type":"ImageObject","inLanguage":"fi","@id":"https:\/\/sey.fi\/paakaupunkiseudun-elainsuojeluyhdistys\/pk-esy\/yhteystiedot\/#primaryimage","url":"http:\/\/pk-esy.sey.fi\/images\/viiru2.jpg","contentUrl":"http:\/\/pk-esy.sey.fi\/images\/viiru2.jpg"},{"@type":"BreadcrumbList","@id":"https:\/\/sey.fi\/paakaupunkiseudun-elainsuojeluyhdistys\/pk-esy\/yhteystiedot\/#breadcrumb","itemListElement":[{"@type":"ListItem","position":1,"name":"Home","item":"https:\/\/sey.fi\/paakaupunkiseudun-elainsuojeluyhdistys\/"},{"@type":"ListItem","position":2,"name":"P\u00e4\u00e4kaupunkiseudun el\u00e4insuojeluyhdistys","item":"https:\/\/sey.fi\/paakaupunkiseudun-elainsuojeluyhdistys\/"},{"@type":"ListItem","position":3,"name":"Yhteystiedot"}]},{"@type":"WebSite","@id":"https:\/\/sey.fi\/paakaupunkiseudun-elainsuojeluyhdistys\/#website","url":"https:\/\/sey.fi\/paakaupunkiseudun-elainsuojeluyhdistys\/","name":"P\u00e4\u00e4kaupunkiseudun el\u00e4insuojeluyhdistys","description":"Just another SEY J\u00e4senyhdistykset site","potentialAction":[{"@type":"SearchAction","target":{"@type":"EntryPoint","urlTemplate":"https:\/\/sey.fi\/paakaupunkiseudun-elainsuojeluyhdistys\/?s={search_term_string}"},"query-input":{"@type":"PropertyValueSpecification","valueRequired":true,"valueName":"search_term_string"}}],"inLanguage":"fi"}]}},"_links":{"self":[{"href":"https:\/\/sey.fi\/paakaupunkiseudun-elainsuojeluyhdistys\/wp-json\/wp\/v2\/pages\/65","targetHints":{"allow":["GET"]}}],"collection":[{"href":"https:\/\/sey.fi\/paakaupunkiseudun-elainsuojeluyhdistys\/wp-json\/wp\/v2\/pages"}],"about":[{"href":"https:\/\/sey.fi\/paakaupunkiseudun-elainsuojeluyhdistys\/wp-json\/wp\/v2\/types\/page"}],"author":[{"embeddable":true,"href":"https:\/\/sey.fi\/paakaupunkiseudun-elainsuojeluyhdistys\/wp-json\/wp\/v2\/users\/8"}],"replies":[{"embeddable":true,"href":"https:\/\/sey.fi\/paakaupunkiseudun-elainsuojeluyhdistys\/wp-json\/wp\/v2\/comments?post=65"}],"version-history":[{"count":1,"href":"https:\/\/sey.fi\/paakaupunkiseudun-elainsuojeluyhdistys\/wp-json\/wp\/v2\/pages\/65\/revisions"}],"predecessor-version":[{"id":66,"href":"https:\/\/sey.fi\/paakaupunkiseudun-elainsuojeluyhdistys\/wp-json\/wp\/v2\/pages\/65\/revisions\/66"}],"up":[{"embeddable":true,"href":"https:\/\/sey.fi\/paakaupunkiseudun-elainsuojeluyhdistys\/wp-json\/wp\/v2\/pages\/2"}],"wp:attachment":[{"href":"https:\/\/sey.fi\/paakaupunkiseudun-elainsuojeluyhdistys\/wp-json\/wp\/v2\/media?parent=65"}],"curies":[{"name":"wp","href":"https:\/\/api.w.org\/{rel}","templated":true}]}}