{"id":10,"date":"2019-11-04T15:29:22","date_gmt":"2019-11-04T13:29:22","guid":{"rendered":"http:\/\/srvr10.xetpoint.com\/~seyfi\/pernio\/?page_id=10"},"modified":"2019-11-04T15:36:54","modified_gmt":"2019-11-04T13:36:54","slug":"kotia-etsivat","status":"publish","type":"page","link":"https:\/\/sey.fi\/pernio\/pernion-seudun-elainsuojeluyhdistys\/kotia-etsivat\/","title":{"rendered":"Kotia etsiv\u00e4t"},"content":{"rendered":"\n<figure class=\"wp-block-image is-resized\"><img loading=\"lazy\" decoding=\"async\" src=\"http:\/\/pernio.sey.fi\/images\/kodittomatbanneri.jpg\" alt=\"\" width=\"342\" height=\"161\" \/><\/figure>\n\n\n\n<p>Yhdistyksen uutta kotia etsiv\u00e4t el\u00e4imet kuvineen l\u00f6yd\u00e4t sivuilta<\/p>\n\n\n\n<p><a href=\"https:\/\/www.facebook.com\/242655892694\/photos\/?tab=album&amp;album_id=10150346753227695\">https:\/\/www.facebook.com\/242655892694\/photos\/?tab=album&amp;album_id=10150346753227695<\/a><\/p>\n\n\n\n<p>LUETHAN KOKONAAN ENNEN YHTEYDENOTTOA.<\/p>\n\n\n\n<p>Kissanpentuja ja nuoria kissoja ei luovuteta yksitt\u00e4in kuin perheeseen, jossa on ennest\u00e4\u00e4n kissa. Tarkan harkinnan mukaan pentu voidaan sijoittaa ilman kissakaveria koiraperheeseen.<\/p>\n\n\n\n<p>Kissat luovutetaan loish\u00e4\u00e4dettyin\u00e4, el\u00e4inl\u00e4\u00e4k\u00e4rin tarkastamina, rokotettuina ja tunnistusmerkittyin\u00e4. Kissoille tehd\u00e4\u00e4n my\u00f6s mykoplasmatestit ja tarvittaessa uloste ym. testej\u00e4.<\/p>\n\n\n\n<p>Kissat ruokitaan mahdollisimman luonnollisesti, eli raakaa lihaa, mahdollisimman paljon lihaa sis\u00e4lt\u00e4v\u00e4\u00e4 m\u00e4rk\u00e4ruokaa. Kuivaruokaa tarjolla vain hyvin rajoitetusti. Suurin osa l\u00f6yt\u00f6kissoista k\u00e4rsii alkuaikoina ripulista ja menee viikkoja jopa kuukausia ennen kuin vatsat saadaan kuntoon. Ongelma toistuu helposti &#8221;v\u00e4\u00e4r\u00e4ll\u00e4&#8221; ruokinnalla, siksi uusi hoitaja saa tarkat ohjeet alkuaikojen ruokintaan. Kissat my\u00f6s steriloidaan\/kastroidaan ennen luovutusta, mik\u00e4li se kissan i\u00e4n ja terveydentilan huomioon ottaen on mahdollista. N\u00e4ist\u00e4 aiheutuneet el\u00e4inl\u00e4\u00e4k\u00e4rikulut perit\u00e4\u00e4n osittain kissan uudelta hoitajalta. V. 2017 tytt\u00f6kissan kulut 160 \u20ac ja poikakissan kulut 140 \u20ac (sis\u00e4lt\u00e4\u00e4 2 rokotusta, siru, leikkaus, mahd. laboratoriotestit ja loish\u00e4\u00e4d\u00f6t). Kulukorvaus on pienempi kodinvaihtajilla jos ovat valmiiksi rokotettuja, leikattuja tai sirutettuja.<\/p>\n\n\n\n<p>Mik\u00e4li kissa on leikkaamatta luovutettaessa, hoitokulu perit\u00e4\u00e4n kokonaisuudessaan, mutta kun kissa on k\u00e4ynyt toimenpiteess\u00e4, hoitajalle palautetaan ns. leikkauksen osuus (naaras 60 \u20ac\/ uros 40 \u20ac) Uusi hoitaja sitoutuu sopimuksella hoitamaan kissan leikkauksen heti kun kissa on saavuttanut riitt\u00e4v\u00e4n i\u00e4n.<\/p>\n\n\n\n<p>Uuden kissanhoitajan tulee ottaa huomioon ett\u00e4 kissan ruoat, kissanhiekat ja muut varusteet maksavat jatkossakin huomattavan m\u00e4\u00e4r\u00e4 euroja. Ja kissa pit\u00e4\u00e4 k\u00e4ytt\u00e4\u00e4 jatkossakin el\u00e4inl\u00e4\u00e4k\u00e4riss\u00e4 sen sairastuessa tai sen tarvitessa tehosterokotuksia.<\/p>\n\n\n\n<p>KISSOILLA VOI MY\u00d6S OLLA PIILEVI\u00c4 SAIRAUKSIA.<\/p>\n\n\n\n<p>Kissoja ei luovuteta koteihin joissa on p\u00e4ihteiden v\u00e4\u00e4rink\u00e4ytt\u00f6\u00e4 tai sis\u00e4tiloissa tupakointia. Kissaa kuten ei muutakaan lemmikki\u00e4 ei voida j\u00e4tt\u00e4\u00e4 pitkiksi ajoiksi yksin. Jos lomamatka kest\u00e4\u00e4 vaikka vain laivareissun ajan, pit\u00e4\u00e4 kissa joko vied\u00e4 hoitoon tai hankkia sille luotettava hoitaja, joka k\u00e4y katsomassa kissaa ja ruokkimassa sen v\u00e4hint\u00e4\u00e4n kaksi kertaa p\u00e4iv\u00e4ss\u00e4. Vaikka kissa onkin itsen\u00e4isempi el\u00e4in kuin esimerkiksi koira, se vaatii kuitenkin rakkautta ja huolenpitoa yht\u00e4 lailla.<\/p>\n\n\n\n<p>KISSOJA EI SIJOITETA VAPAASTI ULKOILEVIKSI PIHAKISSOIKSI.<\/p>\n\n\n\n<p>Jo pelk\u00e4st\u00e4\u00e4n kissan turvallisuutta ajatellen on j\u00e4rkev\u00e4mp\u00e4\u00e4 antaa sen ulkoilla vain valjaissa tai tarhassa. El\u00e4insuojelulainkin mukaan el\u00e4imen pitopaikan on oltava turvallinen, suojaava ja karkaamisen est\u00e4v\u00e4. J\u00e4rjestyslain mukaan kissan omistajien on pidett\u00e4v\u00e4 huolta siit\u00e4, ettei el\u00e4in p\u00e4\u00e4se ollenkaan yleiselle uimarannalle, lasten leikkipaikalle, toriaikana torille, urheilukent\u00e4lle tai yleiselle hiihtoladulle. T\u00e4t\u00e4 lakia ei voi noudattaa jos kissa kulkee valvomatta. Kissojen luovutuksesta tehd\u00e4\u00e4n uuden hoitajan kanssa hoitosopimus.<\/p>\n\n\n\n<p>Voit kysell\u00e4 Perni\u00f6n yhdistyksen kotia etsivi\u00e4 kissoja&nbsp;<a href=\"mailto:leena.aho@gmail.com\">leena.aho@gmail.com<\/a>&nbsp;Kerro millaisen kodin olet valmis tarjoamaan. Pennuista ei laiteta kuvia kotia etsiviin. Jos olet kiinnostunut pentukissoista laita s\u00e4hk\u00f6postiin (<a href=\"mailto:leena.aho@gmail.com\">leena.aho@gmail.com<\/a>) tietoja millaisen kodin voit tarjota. Muista ett\u00e4 pentuja ja nuoria kissoja ei luovuteta ainoaksi kissaksi. Kodissa t\u00e4ytyy olla ennest\u00e4\u00e4n kissa tai mahdollisesti koira tai kani. Muussa tapauksessa kissoja tulee ottaa kaksi.<\/p>\n\n\n\n<p>Paljon odotetaan kissan uudelta kodilta, mutta kodin tarjoaja saa my\u00f6s ohjeita ja neuvoja halutessaan, vaikeuksissa autetaan ja mik\u00e4li el\u00e4m\u00e4ntilanne muuttuu esim. allergian vuoksi, kissa otetaan takaisin yhdistyksen hoitoon ja sille haetaan uusi luotettava koti.<\/p>\n\n\n\n<p>PS: UUSIIN KOTEIHIN LUOVUTETUISTA KISSOISTA HALUTAAN KUULLA MY\u00d6S JATKOSSA! Jos siis haluat kissan jonka el\u00e4m\u00e4\u00e4 et halua jakaa h\u00e4nen hoitajansa kanssa, niin \u00c4L\u00c4 ota meilt\u00e4 \ud83d\ude42<\/p>\n\n\n\n<p>Suuri osa kissoista on tullut pienen pienin\u00e4 tai pahasti sairaina, heit\u00e4 on hoidettu ja l\u00e4\u00e4kitty, jotta heid\u00e4t on saatu s\u00e4ilym\u00e4\u00e4n hengiss\u00e4. He ovat meille hoitajille RAKKAITA ja usein mieless\u00e4 ja kuulumiset auttavat jaksamaan t\u00e4ss\u00e4 raskaassa ty\u00f6ss\u00e4.<\/p>\n","protected":false},"excerpt":{"rendered":"<p>Yhdistyksen uutta kotia etsiv\u00e4t el\u00e4imet kuvineen l\u00f6yd\u00e4t sivuilta https:\/\/www.facebook.com\/242655892694\/photos\/?tab=album&amp;album_id=10150346753227695 LUETHAN KOKONAAN ENNEN YHTEYDENOTTOA. Kissanpentuja ja nuoria kissoja ei luovuteta yksitt\u00e4in kuin perheeseen, jossa on ennest\u00e4\u00e4n kissa. Tarkan harkinnan mukaan pentu voidaan sijoittaa ilman kissakaveria koiraperheeseen. Kissat luovutetaan loish\u00e4\u00e4dettyin\u00e4, el\u00e4inl\u00e4\u00e4k\u00e4rin tarkastamina, rokotettuina ja tunnistusmerkittyin\u00e4. Kissoille tehd\u00e4\u00e4n my\u00f6s mykoplasmatestit ja tarvittaessa uloste ym. testej\u00e4. Kissat ruokitaan mahdollisimman [&hellip;]<\/p>\n","protected":false},"author":8,"featured_media":0,"parent":2,"menu_order":0,"comment_status":"closed","ping_status":"closed","template":"","meta":{"_acf_changed":false,"footnotes":""},"class_list":["post-10","page","type-page","status-publish","hentry"],"acf":[],"yoast_head":"<!-- This site is optimized with the Yoast SEO plugin v27.1.1 - https:\/\/yoast.com\/product\/yoast-seo-wordpress\/ -->\n<title>Kotia etsiv\u00e4t - Perni\u00f6n seudun el\u00e4insuojeluyhdistys<\/title>\n<meta name=\"robots\" content=\"index, follow, max-snippet:-1, max-image-preview:large, max-video-preview:-1\" \/>\n<link rel=\"canonical\" href=\"https:\/\/sey.fi\/pernio\/pernion-seudun-elainsuojeluyhdistys\/kotia-etsivat\/\" \/>\n<meta property=\"og:locale\" content=\"fi_FI\" \/>\n<meta property=\"og:type\" content=\"article\" \/>\n<meta property=\"og:title\" content=\"Kotia etsiv\u00e4t - Perni\u00f6n seudun el\u00e4insuojeluyhdistys\" \/>\n<meta property=\"og:description\" content=\"Yhdistyksen uutta kotia etsiv\u00e4t el\u00e4imet kuvineen l\u00f6yd\u00e4t sivuilta https:\/\/www.facebook.com\/242655892694\/photos\/?tab=album&amp;album_id=10150346753227695 LUETHAN KOKONAAN ENNEN YHTEYDENOTTOA. Kissanpentuja ja nuoria kissoja ei luovuteta yksitt\u00e4in kuin perheeseen, jossa on ennest\u00e4\u00e4n kissa. Tarkan harkinnan mukaan pentu voidaan sijoittaa ilman kissakaveria koiraperheeseen. Kissat luovutetaan loish\u00e4\u00e4dettyin\u00e4, el\u00e4inl\u00e4\u00e4k\u00e4rin tarkastamina, rokotettuina ja tunnistusmerkittyin\u00e4. Kissoille tehd\u00e4\u00e4n my\u00f6s mykoplasmatestit ja tarvittaessa uloste ym. testej\u00e4. Kissat ruokitaan mahdollisimman [&hellip;]\" \/>\n<meta property=\"og:url\" content=\"https:\/\/sey.fi\/pernio\/pernion-seudun-elainsuojeluyhdistys\/kotia-etsivat\/\" \/>\n<meta property=\"og:site_name\" content=\"Perni\u00f6n seudun el\u00e4insuojeluyhdistys\" \/>\n<meta property=\"article:modified_time\" content=\"2019-11-04T13:36:54+00:00\" \/>\n<meta property=\"og:image\" content=\"http:\/\/pernio.sey.fi\/images\/kodittomatbanneri.jpg\" \/>\n<meta name=\"twitter:card\" content=\"summary_large_image\" \/>\n<meta name=\"twitter:label1\" content=\"Arvioitu lukuaika\" \/>\n\t<meta name=\"twitter:data1\" content=\"3 minuuttia\" \/>\n<script type=\"application\/ld+json\" class=\"yoast-schema-graph\">{\"@context\":\"https:\/\/schema.org\",\"@graph\":[{\"@type\":\"WebPage\",\"@id\":\"https:\/\/sey.fi\/pernio\/pernion-seudun-elainsuojeluyhdistys\/kotia-etsivat\/\",\"url\":\"https:\/\/sey.fi\/pernio\/pernion-seudun-elainsuojeluyhdistys\/kotia-etsivat\/\",\"name\":\"Kotia etsiv\u00e4t - Perni\u00f6n seudun el\u00e4insuojeluyhdistys\",\"isPartOf\":{\"@id\":\"https:\/\/sey.fi\/pernio\/#website\"},\"primaryImageOfPage\":{\"@id\":\"https:\/\/sey.fi\/pernio\/pernion-seudun-elainsuojeluyhdistys\/kotia-etsivat\/#primaryimage\"},\"image\":{\"@id\":\"https:\/\/sey.fi\/pernio\/pernion-seudun-elainsuojeluyhdistys\/kotia-etsivat\/#primaryimage\"},\"thumbnailUrl\":\"http:\/\/pernio.sey.fi\/images\/kodittomatbanneri.jpg\",\"datePublished\":\"2019-11-04T13:29:22+00:00\",\"dateModified\":\"2019-11-04T13:36:54+00:00\",\"breadcrumb\":{\"@id\":\"https:\/\/sey.fi\/pernio\/pernion-seudun-elainsuojeluyhdistys\/kotia-etsivat\/#breadcrumb\"},\"inLanguage\":\"fi\",\"potentialAction\":[{\"@type\":\"ReadAction\",\"target\":[\"https:\/\/sey.fi\/pernio\/pernion-seudun-elainsuojeluyhdistys\/kotia-etsivat\/\"]}]},{\"@type\":\"ImageObject\",\"inLanguage\":\"fi\",\"@id\":\"https:\/\/sey.fi\/pernio\/pernion-seudun-elainsuojeluyhdistys\/kotia-etsivat\/#primaryimage\",\"url\":\"http:\/\/pernio.sey.fi\/images\/kodittomatbanneri.jpg\",\"contentUrl\":\"http:\/\/pernio.sey.fi\/images\/kodittomatbanneri.jpg\"},{\"@type\":\"BreadcrumbList\",\"@id\":\"https:\/\/sey.fi\/pernio\/pernion-seudun-elainsuojeluyhdistys\/kotia-etsivat\/#breadcrumb\",\"itemListElement\":[{\"@type\":\"ListItem\",\"position\":1,\"name\":\"Home\",\"item\":\"https:\/\/sey.fi\/pernio\/\"},{\"@type\":\"ListItem\",\"position\":2,\"name\":\"Perni\u00f6n seudun el\u00e4insuojeluyhdistys\",\"item\":\"https:\/\/sey.fi\/pernio\/\"},{\"@type\":\"ListItem\",\"position\":3,\"name\":\"Kotia etsiv\u00e4t\"}]},{\"@type\":\"WebSite\",\"@id\":\"https:\/\/sey.fi\/pernio\/#website\",\"url\":\"https:\/\/sey.fi\/pernio\/\",\"name\":\"Perni\u00f6n seudun el\u00e4insuojeluyhdistys\",\"description\":\"Uusi SEY J\u00e4senyhdistykset -sivusto\",\"potentialAction\":[{\"@type\":\"SearchAction\",\"target\":{\"@type\":\"EntryPoint\",\"urlTemplate\":\"https:\/\/sey.fi\/pernio\/?s={search_term_string}\"},\"query-input\":{\"@type\":\"PropertyValueSpecification\",\"valueRequired\":true,\"valueName\":\"search_term_string\"}}],\"inLanguage\":\"fi\"}]}<\/script>\n<!-- \/ Yoast SEO plugin. -->","yoast_head_json":{"title":"Kotia etsiv\u00e4t - Perni\u00f6n seudun el\u00e4insuojeluyhdistys","robots":{"index":"index","follow":"follow","max-snippet":"max-snippet:-1","max-image-preview":"max-image-preview:large","max-video-preview":"max-video-preview:-1"},"canonical":"https:\/\/sey.fi\/pernio\/pernion-seudun-elainsuojeluyhdistys\/kotia-etsivat\/","og_locale":"fi_FI","og_type":"article","og_title":"Kotia etsiv\u00e4t - Perni\u00f6n seudun el\u00e4insuojeluyhdistys","og_description":"Yhdistyksen uutta kotia etsiv\u00e4t el\u00e4imet kuvineen l\u00f6yd\u00e4t sivuilta https:\/\/www.facebook.com\/242655892694\/photos\/?tab=album&amp;album_id=10150346753227695 LUETHAN KOKONAAN ENNEN YHTEYDENOTTOA. Kissanpentuja ja nuoria kissoja ei luovuteta yksitt\u00e4in kuin perheeseen, jossa on ennest\u00e4\u00e4n kissa. Tarkan harkinnan mukaan pentu voidaan sijoittaa ilman kissakaveria koiraperheeseen. Kissat luovutetaan loish\u00e4\u00e4dettyin\u00e4, el\u00e4inl\u00e4\u00e4k\u00e4rin tarkastamina, rokotettuina ja tunnistusmerkittyin\u00e4. Kissoille tehd\u00e4\u00e4n my\u00f6s mykoplasmatestit ja tarvittaessa uloste ym. testej\u00e4. Kissat ruokitaan mahdollisimman [&hellip;]","og_url":"https:\/\/sey.fi\/pernio\/pernion-seudun-elainsuojeluyhdistys\/kotia-etsivat\/","og_site_name":"Perni\u00f6n seudun el\u00e4insuojeluyhdistys","article_modified_time":"2019-11-04T13:36:54+00:00","og_image":[{"url":"http:\/\/pernio.sey.fi\/images\/kodittomatbanneri.jpg","type":"","width":"","height":""}],"twitter_card":"summary_large_image","twitter_misc":{"Arvioitu lukuaika":"3 minuuttia"},"schema":{"@context":"https:\/\/schema.org","@graph":[{"@type":"WebPage","@id":"https:\/\/sey.fi\/pernio\/pernion-seudun-elainsuojeluyhdistys\/kotia-etsivat\/","url":"https:\/\/sey.fi\/pernio\/pernion-seudun-elainsuojeluyhdistys\/kotia-etsivat\/","name":"Kotia etsiv\u00e4t - Perni\u00f6n seudun el\u00e4insuojeluyhdistys","isPartOf":{"@id":"https:\/\/sey.fi\/pernio\/#website"},"primaryImageOfPage":{"@id":"https:\/\/sey.fi\/pernio\/pernion-seudun-elainsuojeluyhdistys\/kotia-etsivat\/#primaryimage"},"image":{"@id":"https:\/\/sey.fi\/pernio\/pernion-seudun-elainsuojeluyhdistys\/kotia-etsivat\/#primaryimage"},"thumbnailUrl":"http:\/\/pernio.sey.fi\/images\/kodittomatbanneri.jpg","datePublished":"2019-11-04T13:29:22+00:00","dateModified":"2019-11-04T13:36:54+00:00","breadcrumb":{"@id":"https:\/\/sey.fi\/pernio\/pernion-seudun-elainsuojeluyhdistys\/kotia-etsivat\/#breadcrumb"},"inLanguage":"fi","potentialAction":[{"@type":"ReadAction","target":["https:\/\/sey.fi\/pernio\/pernion-seudun-elainsuojeluyhdistys\/kotia-etsivat\/"]}]},{"@type":"ImageObject","inLanguage":"fi","@id":"https:\/\/sey.fi\/pernio\/pernion-seudun-elainsuojeluyhdistys\/kotia-etsivat\/#primaryimage","url":"http:\/\/pernio.sey.fi\/images\/kodittomatbanneri.jpg","contentUrl":"http:\/\/pernio.sey.fi\/images\/kodittomatbanneri.jpg"},{"@type":"BreadcrumbList","@id":"https:\/\/sey.fi\/pernio\/pernion-seudun-elainsuojeluyhdistys\/kotia-etsivat\/#breadcrumb","itemListElement":[{"@type":"ListItem","position":1,"name":"Home","item":"https:\/\/sey.fi\/pernio\/"},{"@type":"ListItem","position":2,"name":"Perni\u00f6n seudun el\u00e4insuojeluyhdistys","item":"https:\/\/sey.fi\/pernio\/"},{"@type":"ListItem","position":3,"name":"Kotia etsiv\u00e4t"}]},{"@type":"WebSite","@id":"https:\/\/sey.fi\/pernio\/#website","url":"https:\/\/sey.fi\/pernio\/","name":"Perni\u00f6n seudun el\u00e4insuojeluyhdistys","description":"Uusi SEY J\u00e4senyhdistykset -sivusto","potentialAction":[{"@type":"SearchAction","target":{"@type":"EntryPoint","urlTemplate":"https:\/\/sey.fi\/pernio\/?s={search_term_string}"},"query-input":{"@type":"PropertyValueSpecification","valueRequired":true,"valueName":"search_term_string"}}],"inLanguage":"fi"}]}},"_links":{"self":[{"href":"https:\/\/sey.fi\/pernio\/wp-json\/wp\/v2\/pages\/10","targetHints":{"allow":["GET"]}}],"collection":[{"href":"https:\/\/sey.fi\/pernio\/wp-json\/wp\/v2\/pages"}],"about":[{"href":"https:\/\/sey.fi\/pernio\/wp-json\/wp\/v2\/types\/page"}],"author":[{"embeddable":true,"href":"https:\/\/sey.fi\/pernio\/wp-json\/wp\/v2\/users\/8"}],"replies":[{"embeddable":true,"href":"https:\/\/sey.fi\/pernio\/wp-json\/wp\/v2\/comments?post=10"}],"version-history":[{"count":2,"href":"https:\/\/sey.fi\/pernio\/wp-json\/wp\/v2\/pages\/10\/revisions"}],"predecessor-version":[{"id":24,"href":"https:\/\/sey.fi\/pernio\/wp-json\/wp\/v2\/pages\/10\/revisions\/24"}],"up":[{"embeddable":true,"href":"https:\/\/sey.fi\/pernio\/wp-json\/wp\/v2\/pages\/2"}],"wp:attachment":[{"href":"https:\/\/sey.fi\/pernio\/wp-json\/wp\/v2\/media?parent=10"}],"curies":[{"name":"wp","href":"https:\/\/api.w.org\/{rel}","templated":true}]}}