{"id":14,"date":"2019-11-04T15:30:17","date_gmt":"2019-11-04T13:30:17","guid":{"rendered":"http:\/\/srvr10.xetpoint.com\/~seyfi\/pernio\/?page_id=14"},"modified":"2021-01-18T19:26:40","modified_gmt":"2021-01-18T17:26:40","slug":"yhdistys","status":"publish","type":"page","link":"https:\/\/sey.fi\/pernio\/pernion-seudun-elainsuojeluyhdistys\/yhdistys\/","title":{"rendered":"Yhdistys"},"content":{"rendered":"\n<figure class=\"wp-block-image\"><img decoding=\"async\" src=\"http:\/\/pernio.sey.fi\/images\/etusivu\/kissa.jpg\" alt=\"\" \/><\/figure>\n\n\n\n<h2 class=\"wp-block-heading\"><br>Perni\u00f6n Seudun El\u00e4insuojeluyhdistys<\/h2>\n\n\n\n<p>Perni\u00f6n seudulla on ollut el\u00e4insuojeluyhdistys 70-luvulta alkaen. Nyky\u00e4\u00e4n yhdistykseen kuuluu noin 120 j\u00e4sent\u00e4.<\/p>\n\n\n\n<p>El\u00e4inten olojen parantaminen on alusta asti ollut yksi t\u00e4rkeimmist\u00e4 tavoitteistamme. T\u00e4h\u00e4n pyrit\u00e4\u00e4n antamalla el\u00e4inten omistajille neuvoja ja ohjeita el\u00e4inten hoidossa. Lis\u00e4ksi pyrimme auttamaan kaikissa mahdollisissa ongelmissa joihin el\u00e4inten kanssa voi joutua. Meilt\u00e4 voi pyyt\u00e4\u00e4 apua jos esimerkiksi kissa tarvitsee kuljetuslaatikkoa. Etsimme my\u00f6s parhaamme mukaan el\u00e4imille uusia koteja silloin, kun el\u00e4imist\u00e4 on luovuttava esimerkiksi pitovaikeuksien vuoksi.<br>Auttamme parhaamme mukaan my\u00f6s luonnonvaraisia el\u00e4imi\u00e4.<\/p>\n\n\n\n<p>Perni\u00f6n El\u00e4insuojeluyhdistyksell\u00e4 on sopimus Salon kaupungin kanssa l\u00f6yt\u00f6kissojen vastaanotosta. Pennut, emot ja nuoret kissat j\u00e4\u00e4v\u00e4t yhdistyksen hoitoon odottamaan uutta kotia ja aikuiset l\u00f6yt\u00f6kissat toimitetaan Kemi\u00f6n l\u00f6yt\u00f6el\u00e4inkotiin.<\/p>\n\n\n\n<p>Yhdistyksest\u00e4 uuteen kotiin luovutetut kissat ovat aina loish\u00e4\u00e4dettyj\u00e4, rokotettuja, sirutettuja sek\u00e4 kissan i\u00e4st\u00e4 riippuen steriloituja. Vaikka l\u00f6yt\u00f6kissan kohdalla ei voikaan olla varma esimerkiksi perinn\u00f6llisist\u00e4 sairauksista, on tavoitteemme luovuttaa kissa mahdollisimman terveen\u00e4. Uusi koti osallistuu omalta osaltaan n\u00e4ihin kuluihin, mutta suurin osa kuluista j\u00e4\u00e4 yhdistyksen maksettavaksi.<br>Voit tutustua yhdistyksen kotia etsiviin kissoihin:&nbsp;<a href=\"https:\/\/www.facebook.com\/media\/set\/?set=a.10150346753227695.349383.242655892694&amp;type=3%20\" target=\"_blank\" rel=\"noreferrer noopener\">t\u00e4\u00e4ll\u00e4.<\/a><\/p>\n\n\n\n<p>Hoidettavia kissoja on ollut vuosi vuodelta enemm\u00e4n. Toivomme t\u00e4m\u00e4n johtuvan siit\u00e4, ett\u00e4 ihmiset ottavat herkemmin yhteytt\u00e4 el\u00e4insuojeluyhdistykseen havaitessaan ilman omistajaa liikkuvan kissan. Valistus- ja neuvontaty\u00f6 on edesauttanut kissojen leikkaamisen yleistymist\u00e4 ja kissan arvostus on kohentunut jonkin verran.<br><br><\/p>\n\n\n\n<p>Toimintamme rahoitus koostuu lahjoituksista, j\u00e4senmaksuista, avustuksista ja erilaisista tapahtumissa saamistamme myyntivoitoista. Kaikki tuotto menee lyhent\u00e4m\u00e4tt\u00f6m\u00e4n\u00e4 el\u00e4insuojeluty\u00f6h\u00f6n, el\u00e4inl\u00e4\u00e4k\u00e4rinkuluihin, el\u00e4inl\u00e4\u00e4kkeisiin, hoitokuluihin, tarvikkeisiin ja matkakorvauksiin.<br>Perni\u00f6n el\u00e4insuojeluyhdistys tekee yhteisty\u00f6t\u00e4 el\u00e4insuojeluviranomaisten kanssa. N\u00e4it\u00e4 ovat valvontael\u00e4inl\u00e4\u00e4k\u00e4ri, kaupunginel\u00e4inl\u00e4\u00e4k\u00e4rit, terveystarkastajat ja poliisit. Heille kaikille voi soittaa kaikissa el\u00e4imi\u00e4 koskevissa asioissa.<\/p>\n\n\n\n<p><strong>Muista, el\u00e4in ei voi soittaa, soita sin\u00e4!<\/strong><\/p>\n\n\n\n<p>Ongelmissa voit soittaa Leena Aho 050\u20133396557, Taija Siira 045 212 1151 ja Pernilla Nyman (Kemi\u00f6nsaari) 040\u20137629024<\/p>\n","protected":false},"excerpt":{"rendered":"<p>Perni\u00f6n Seudun El\u00e4insuojeluyhdistys Perni\u00f6n seudulla on ollut el\u00e4insuojeluyhdistys 70-luvulta alkaen. Nyky\u00e4\u00e4n yhdistykseen kuuluu noin 120 j\u00e4sent\u00e4. El\u00e4inten olojen parantaminen on alusta asti ollut yksi t\u00e4rkeimmist\u00e4 tavoitteistamme. T\u00e4h\u00e4n pyrit\u00e4\u00e4n antamalla el\u00e4inten omistajille neuvoja ja ohjeita el\u00e4inten hoidossa. Lis\u00e4ksi pyrimme auttamaan kaikissa mahdollisissa ongelmissa joihin el\u00e4inten kanssa voi joutua. Meilt\u00e4 voi pyyt\u00e4\u00e4 apua jos esimerkiksi kissa tarvitsee [&hellip;]<\/p>\n","protected":false},"author":8,"featured_media":0,"parent":2,"menu_order":0,"comment_status":"closed","ping_status":"closed","template":"","meta":{"_acf_changed":false,"footnotes":""},"class_list":["post-14","page","type-page","status-publish","hentry"],"acf":[],"yoast_head":"<!-- This site is optimized with the Yoast SEO plugin v27.1.1 - https:\/\/yoast.com\/product\/yoast-seo-wordpress\/ -->\n<title>Yhdistys - Perni\u00f6n seudun el\u00e4insuojeluyhdistys<\/title>\n<meta name=\"robots\" content=\"index, follow, max-snippet:-1, max-image-preview:large, max-video-preview:-1\" \/>\n<link rel=\"canonical\" href=\"https:\/\/sey.fi\/pernio\/pernion-seudun-elainsuojeluyhdistys\/yhdistys\/\" \/>\n<meta property=\"og:locale\" content=\"fi_FI\" \/>\n<meta property=\"og:type\" content=\"article\" \/>\n<meta property=\"og:title\" content=\"Yhdistys - Perni\u00f6n seudun el\u00e4insuojeluyhdistys\" \/>\n<meta property=\"og:description\" content=\"Perni\u00f6n Seudun El\u00e4insuojeluyhdistys Perni\u00f6n seudulla on ollut el\u00e4insuojeluyhdistys 70-luvulta alkaen. Nyky\u00e4\u00e4n yhdistykseen kuuluu noin 120 j\u00e4sent\u00e4. El\u00e4inten olojen parantaminen on alusta asti ollut yksi t\u00e4rkeimmist\u00e4 tavoitteistamme. T\u00e4h\u00e4n pyrit\u00e4\u00e4n antamalla el\u00e4inten omistajille neuvoja ja ohjeita el\u00e4inten hoidossa. Lis\u00e4ksi pyrimme auttamaan kaikissa mahdollisissa ongelmissa joihin el\u00e4inten kanssa voi joutua. Meilt\u00e4 voi pyyt\u00e4\u00e4 apua jos esimerkiksi kissa tarvitsee [&hellip;]\" \/>\n<meta property=\"og:url\" content=\"https:\/\/sey.fi\/pernio\/pernion-seudun-elainsuojeluyhdistys\/yhdistys\/\" \/>\n<meta property=\"og:site_name\" content=\"Perni\u00f6n seudun el\u00e4insuojeluyhdistys\" \/>\n<meta property=\"article:modified_time\" content=\"2021-01-18T17:26:40+00:00\" \/>\n<meta property=\"og:image\" content=\"http:\/\/pernio.sey.fi\/images\/etusivu\/kissa.jpg\" \/>\n<meta name=\"twitter:card\" content=\"summary_large_image\" \/>\n<meta name=\"twitter:label1\" content=\"Arvioitu lukuaika\" \/>\n\t<meta name=\"twitter:data1\" content=\"2 minuuttia\" \/>\n<script type=\"application\/ld+json\" class=\"yoast-schema-graph\">{\"@context\":\"https:\/\/schema.org\",\"@graph\":[{\"@type\":\"WebPage\",\"@id\":\"https:\/\/sey.fi\/pernio\/pernion-seudun-elainsuojeluyhdistys\/yhdistys\/\",\"url\":\"https:\/\/sey.fi\/pernio\/pernion-seudun-elainsuojeluyhdistys\/yhdistys\/\",\"name\":\"Yhdistys - Perni\u00f6n seudun el\u00e4insuojeluyhdistys\",\"isPartOf\":{\"@id\":\"https:\/\/sey.fi\/pernio\/#website\"},\"primaryImageOfPage\":{\"@id\":\"https:\/\/sey.fi\/pernio\/pernion-seudun-elainsuojeluyhdistys\/yhdistys\/#primaryimage\"},\"image\":{\"@id\":\"https:\/\/sey.fi\/pernio\/pernion-seudun-elainsuojeluyhdistys\/yhdistys\/#primaryimage\"},\"thumbnailUrl\":\"http:\/\/pernio.sey.fi\/images\/etusivu\/kissa.jpg\",\"datePublished\":\"2019-11-04T13:30:17+00:00\",\"dateModified\":\"2021-01-18T17:26:40+00:00\",\"breadcrumb\":{\"@id\":\"https:\/\/sey.fi\/pernio\/pernion-seudun-elainsuojeluyhdistys\/yhdistys\/#breadcrumb\"},\"inLanguage\":\"fi\",\"potentialAction\":[{\"@type\":\"ReadAction\",\"target\":[\"https:\/\/sey.fi\/pernio\/pernion-seudun-elainsuojeluyhdistys\/yhdistys\/\"]}]},{\"@type\":\"ImageObject\",\"inLanguage\":\"fi\",\"@id\":\"https:\/\/sey.fi\/pernio\/pernion-seudun-elainsuojeluyhdistys\/yhdistys\/#primaryimage\",\"url\":\"http:\/\/pernio.sey.fi\/images\/etusivu\/kissa.jpg\",\"contentUrl\":\"http:\/\/pernio.sey.fi\/images\/etusivu\/kissa.jpg\"},{\"@type\":\"BreadcrumbList\",\"@id\":\"https:\/\/sey.fi\/pernio\/pernion-seudun-elainsuojeluyhdistys\/yhdistys\/#breadcrumb\",\"itemListElement\":[{\"@type\":\"ListItem\",\"position\":1,\"name\":\"Home\",\"item\":\"https:\/\/sey.fi\/pernio\/\"},{\"@type\":\"ListItem\",\"position\":2,\"name\":\"Perni\u00f6n seudun el\u00e4insuojeluyhdistys\",\"item\":\"https:\/\/sey.fi\/pernio\/\"},{\"@type\":\"ListItem\",\"position\":3,\"name\":\"Yhdistys\"}]},{\"@type\":\"WebSite\",\"@id\":\"https:\/\/sey.fi\/pernio\/#website\",\"url\":\"https:\/\/sey.fi\/pernio\/\",\"name\":\"Perni\u00f6n seudun el\u00e4insuojeluyhdistys\",\"description\":\"Uusi SEY J\u00e4senyhdistykset -sivusto\",\"potentialAction\":[{\"@type\":\"SearchAction\",\"target\":{\"@type\":\"EntryPoint\",\"urlTemplate\":\"https:\/\/sey.fi\/pernio\/?s={search_term_string}\"},\"query-input\":{\"@type\":\"PropertyValueSpecification\",\"valueRequired\":true,\"valueName\":\"search_term_string\"}}],\"inLanguage\":\"fi\"}]}<\/script>\n<!-- \/ Yoast SEO plugin. -->","yoast_head_json":{"title":"Yhdistys - Perni\u00f6n seudun el\u00e4insuojeluyhdistys","robots":{"index":"index","follow":"follow","max-snippet":"max-snippet:-1","max-image-preview":"max-image-preview:large","max-video-preview":"max-video-preview:-1"},"canonical":"https:\/\/sey.fi\/pernio\/pernion-seudun-elainsuojeluyhdistys\/yhdistys\/","og_locale":"fi_FI","og_type":"article","og_title":"Yhdistys - Perni\u00f6n seudun el\u00e4insuojeluyhdistys","og_description":"Perni\u00f6n Seudun El\u00e4insuojeluyhdistys Perni\u00f6n seudulla on ollut el\u00e4insuojeluyhdistys 70-luvulta alkaen. Nyky\u00e4\u00e4n yhdistykseen kuuluu noin 120 j\u00e4sent\u00e4. El\u00e4inten olojen parantaminen on alusta asti ollut yksi t\u00e4rkeimmist\u00e4 tavoitteistamme. T\u00e4h\u00e4n pyrit\u00e4\u00e4n antamalla el\u00e4inten omistajille neuvoja ja ohjeita el\u00e4inten hoidossa. Lis\u00e4ksi pyrimme auttamaan kaikissa mahdollisissa ongelmissa joihin el\u00e4inten kanssa voi joutua. Meilt\u00e4 voi pyyt\u00e4\u00e4 apua jos esimerkiksi kissa tarvitsee [&hellip;]","og_url":"https:\/\/sey.fi\/pernio\/pernion-seudun-elainsuojeluyhdistys\/yhdistys\/","og_site_name":"Perni\u00f6n seudun el\u00e4insuojeluyhdistys","article_modified_time":"2021-01-18T17:26:40+00:00","og_image":[{"url":"http:\/\/pernio.sey.fi\/images\/etusivu\/kissa.jpg","type":"","width":"","height":""}],"twitter_card":"summary_large_image","twitter_misc":{"Arvioitu lukuaika":"2 minuuttia"},"schema":{"@context":"https:\/\/schema.org","@graph":[{"@type":"WebPage","@id":"https:\/\/sey.fi\/pernio\/pernion-seudun-elainsuojeluyhdistys\/yhdistys\/","url":"https:\/\/sey.fi\/pernio\/pernion-seudun-elainsuojeluyhdistys\/yhdistys\/","name":"Yhdistys - Perni\u00f6n seudun el\u00e4insuojeluyhdistys","isPartOf":{"@id":"https:\/\/sey.fi\/pernio\/#website"},"primaryImageOfPage":{"@id":"https:\/\/sey.fi\/pernio\/pernion-seudun-elainsuojeluyhdistys\/yhdistys\/#primaryimage"},"image":{"@id":"https:\/\/sey.fi\/pernio\/pernion-seudun-elainsuojeluyhdistys\/yhdistys\/#primaryimage"},"thumbnailUrl":"http:\/\/pernio.sey.fi\/images\/etusivu\/kissa.jpg","datePublished":"2019-11-04T13:30:17+00:00","dateModified":"2021-01-18T17:26:40+00:00","breadcrumb":{"@id":"https:\/\/sey.fi\/pernio\/pernion-seudun-elainsuojeluyhdistys\/yhdistys\/#breadcrumb"},"inLanguage":"fi","potentialAction":[{"@type":"ReadAction","target":["https:\/\/sey.fi\/pernio\/pernion-seudun-elainsuojeluyhdistys\/yhdistys\/"]}]},{"@type":"ImageObject","inLanguage":"fi","@id":"https:\/\/sey.fi\/pernio\/pernion-seudun-elainsuojeluyhdistys\/yhdistys\/#primaryimage","url":"http:\/\/pernio.sey.fi\/images\/etusivu\/kissa.jpg","contentUrl":"http:\/\/pernio.sey.fi\/images\/etusivu\/kissa.jpg"},{"@type":"BreadcrumbList","@id":"https:\/\/sey.fi\/pernio\/pernion-seudun-elainsuojeluyhdistys\/yhdistys\/#breadcrumb","itemListElement":[{"@type":"ListItem","position":1,"name":"Home","item":"https:\/\/sey.fi\/pernio\/"},{"@type":"ListItem","position":2,"name":"Perni\u00f6n seudun el\u00e4insuojeluyhdistys","item":"https:\/\/sey.fi\/pernio\/"},{"@type":"ListItem","position":3,"name":"Yhdistys"}]},{"@type":"WebSite","@id":"https:\/\/sey.fi\/pernio\/#website","url":"https:\/\/sey.fi\/pernio\/","name":"Perni\u00f6n seudun el\u00e4insuojeluyhdistys","description":"Uusi SEY J\u00e4senyhdistykset -sivusto","potentialAction":[{"@type":"SearchAction","target":{"@type":"EntryPoint","urlTemplate":"https:\/\/sey.fi\/pernio\/?s={search_term_string}"},"query-input":{"@type":"PropertyValueSpecification","valueRequired":true,"valueName":"search_term_string"}}],"inLanguage":"fi"}]}},"_links":{"self":[{"href":"https:\/\/sey.fi\/pernio\/wp-json\/wp\/v2\/pages\/14","targetHints":{"allow":["GET"]}}],"collection":[{"href":"https:\/\/sey.fi\/pernio\/wp-json\/wp\/v2\/pages"}],"about":[{"href":"https:\/\/sey.fi\/pernio\/wp-json\/wp\/v2\/types\/page"}],"author":[{"embeddable":true,"href":"https:\/\/sey.fi\/pernio\/wp-json\/wp\/v2\/users\/8"}],"replies":[{"embeddable":true,"href":"https:\/\/sey.fi\/pernio\/wp-json\/wp\/v2\/comments?post=14"}],"version-history":[{"count":3,"href":"https:\/\/sey.fi\/pernio\/wp-json\/wp\/v2\/pages\/14\/revisions"}],"predecessor-version":[{"id":108,"href":"https:\/\/sey.fi\/pernio\/wp-json\/wp\/v2\/pages\/14\/revisions\/108"}],"up":[{"embeddable":true,"href":"https:\/\/sey.fi\/pernio\/wp-json\/wp\/v2\/pages\/2"}],"wp:attachment":[{"href":"https:\/\/sey.fi\/pernio\/wp-json\/wp\/v2\/media?parent=14"}],"curies":[{"name":"wp","href":"https:\/\/api.w.org\/{rel}","templated":true}]}}