{"id":16,"date":"2019-11-04T15:31:20","date_gmt":"2019-11-04T13:31:20","guid":{"rendered":"http:\/\/srvr10.xetpoint.com\/~seyfi\/pernio\/?page_id=16"},"modified":"2021-01-18T19:54:57","modified_gmt":"2021-01-18T17:54:57","slug":"toiminta","status":"publish","type":"page","link":"https:\/\/sey.fi\/pernio\/pernion-seudun-elainsuojeluyhdistys\/yhdistys\/toiminta\/","title":{"rendered":"Toiminta"},"content":{"rendered":"\n<p>Yhdistyksen nimi on Perni\u00f6n Seudun El\u00e4insuojeluyhdistys ry. Sen kotipaikka on 2009 alkaen Salo. Yhdistyksen toiminta-alue k\u00e4sitt\u00e4\u00e4 Perni\u00f6n ymp\u00e4rist\u00f6ineen(Ent. Perni\u00f6n kunta ja S\u00e4rkisalon kunta).<\/p>\n\n\n\n<p><strong>Yhdistyksen tarkoituksena on:<\/strong><br>\u2022 edist\u00e4\u00e4 el\u00e4insuojelua<br>\u2022 suojella el\u00e4imi\u00e4 parhaalla mahdollisella tavalla k\u00e4rsimykselt\u00e4, kivulta ja tuskalta<br>\u2022 edist\u00e4\u00e4 el\u00e4inten hyvinvointia<br>\u2022 opastaa ja neuvoa miten el\u00e4imi\u00e4 kohdellaan hyvin.<\/p>\n\n\n\n<p><strong>Yhdistys harjoittaa:<\/strong><br>\u2022 el\u00e4insuojelua koskevaa valistustoimintaa<br>\u2022 el\u00e4insuojelua koskevan kirjallisuuden levitt\u00e4mist\u00e4<br>\u2022 kokouksien ja el\u00e4insuojelup\u00e4ivien j\u00e4rjest\u00e4mist\u00e4<br>\u2022 el\u00e4insuojeluaatteen edist\u00e4mist\u00e4<\/p>\n\n\n\n<p>Yhdistys voi my\u00f6s ottaa palvelukseensa puhujia, valvojia ja asiamiehi\u00e4.<br>Yhdistys auttaa mahdollisuuksien mukaan lemmikkien uudelleensijoituksissa pitovaikeuksien takia. Yhdistys puuttuu el\u00e4inten huonoon hoitoon yhteisty\u00f6ss\u00e4 viranomaisten kanssa. El\u00e4inten elinolosuhteita pyrit\u00e4\u00e4n parantamaan. Suojelu k\u00e4rsimykselt\u00e4 tarkoittaa joskus my\u00f6s el\u00e4imen lopettamista.<br>Yhdistyksen toiminta perustuu t\u00e4ysin vapaaehtoiseen toimintaan.<br>Olet tervetullut mukaan yhdistyksen toimintaan, jos koet el\u00e4inten oikeuksien olevan l\u00e4hell\u00e4 syd\u00e4nt\u00e4si!<br>Jos olet halukas avustamaan tapahtumissa l\u00e4het\u00e4 s\u00e4hk\u00f6postia\u00a0<a href=\"mailto:leena.aho@gmail.com\">leena.aho@gmail.com<\/a>\u00a0tai soita 050-3396557\u00a0 Taija Siira\u00a0 045 212 1151<\/p>\n\n\n\n<p><strong>Yhdistys hankkii varoja:<\/strong><br>\u2022 j\u00e4senmaksuilla<br>\u2022 osallistumalla myyj\u00e4isiin<br><br>\u2022 ottamalla vastaan tavara- ja rahalahjoituksia<\/p>\n\n\n\n<p><strong>Varoja tarvitaan:<\/strong><br>\u2022 el\u00e4inten hoitokuluihin<br>\u2022 el\u00e4inl\u00e4\u00e4k\u00e4ri- ja l\u00e4\u00e4kekuluihin<br>\u2022 matkakuluihin<\/p>\n\n\n\n<p>Perni\u00f6n Seudun El\u00e4insuojeluyhdistyksen tilit<br><br>FI 83 5334 3140 0312 53<br>SP 432723-227687<br><\/p>\n\n\n\n<p>Yhdistykselle on my\u00f6nnetty rahanker\u00e4yslupa RA\/2020\/1600Rahanker\u00e4ysluvan tili FI37 5334 0020 0487 12, OKOYFIHH <\/p>\n\n\n\n<p><\/p>\n\n\n\n<h4 class=\"wp-block-heading\">Kiit\u00e4mme tuestanne!<\/h4>\n","protected":false},"excerpt":{"rendered":"<p>Yhdistyksen nimi on Perni\u00f6n Seudun El\u00e4insuojeluyhdistys ry. Sen kotipaikka on 2009 alkaen Salo. Yhdistyksen toiminta-alue k\u00e4sitt\u00e4\u00e4 Perni\u00f6n ymp\u00e4rist\u00f6ineen(Ent. Perni\u00f6n kunta ja S\u00e4rkisalon kunta). Yhdistyksen tarkoituksena on:\u2022 edist\u00e4\u00e4 el\u00e4insuojelua\u2022 suojella el\u00e4imi\u00e4 parhaalla mahdollisella tavalla k\u00e4rsimykselt\u00e4, kivulta ja tuskalta\u2022 edist\u00e4\u00e4 el\u00e4inten hyvinvointia\u2022 opastaa ja neuvoa miten el\u00e4imi\u00e4 kohdellaan hyvin. Yhdistys harjoittaa:\u2022 el\u00e4insuojelua koskevaa valistustoimintaa\u2022 el\u00e4insuojelua koskevan kirjallisuuden [&hellip;]<\/p>\n","protected":false},"author":8,"featured_media":0,"parent":14,"menu_order":0,"comment_status":"closed","ping_status":"closed","template":"","meta":{"_acf_changed":false,"footnotes":""},"class_list":["post-16","page","type-page","status-publish","hentry"],"acf":[],"yoast_head":"<!-- This site is optimized with the Yoast SEO plugin v27.1.1 - https:\/\/yoast.com\/product\/yoast-seo-wordpress\/ -->\n<title>Toiminta - Perni\u00f6n seudun el\u00e4insuojeluyhdistys<\/title>\n<meta name=\"robots\" content=\"index, follow, max-snippet:-1, max-image-preview:large, max-video-preview:-1\" \/>\n<link rel=\"canonical\" href=\"https:\/\/sey.fi\/pernio\/pernion-seudun-elainsuojeluyhdistys\/yhdistys\/toiminta\/\" \/>\n<meta property=\"og:locale\" content=\"fi_FI\" \/>\n<meta property=\"og:type\" content=\"article\" \/>\n<meta property=\"og:title\" content=\"Toiminta - Perni\u00f6n seudun el\u00e4insuojeluyhdistys\" \/>\n<meta property=\"og:description\" content=\"Yhdistyksen nimi on Perni\u00f6n Seudun El\u00e4insuojeluyhdistys ry. Sen kotipaikka on 2009 alkaen Salo. Yhdistyksen toiminta-alue k\u00e4sitt\u00e4\u00e4 Perni\u00f6n ymp\u00e4rist\u00f6ineen(Ent. Perni\u00f6n kunta ja S\u00e4rkisalon kunta). Yhdistyksen tarkoituksena on:\u2022 edist\u00e4\u00e4 el\u00e4insuojelua\u2022 suojella el\u00e4imi\u00e4 parhaalla mahdollisella tavalla k\u00e4rsimykselt\u00e4, kivulta ja tuskalta\u2022 edist\u00e4\u00e4 el\u00e4inten hyvinvointia\u2022 opastaa ja neuvoa miten el\u00e4imi\u00e4 kohdellaan hyvin. Yhdistys harjoittaa:\u2022 el\u00e4insuojelua koskevaa valistustoimintaa\u2022 el\u00e4insuojelua koskevan kirjallisuuden [&hellip;]\" \/>\n<meta property=\"og:url\" content=\"https:\/\/sey.fi\/pernio\/pernion-seudun-elainsuojeluyhdistys\/yhdistys\/toiminta\/\" \/>\n<meta property=\"og:site_name\" content=\"Perni\u00f6n seudun el\u00e4insuojeluyhdistys\" \/>\n<meta property=\"article:modified_time\" content=\"2021-01-18T17:54:57+00:00\" \/>\n<meta name=\"twitter:card\" content=\"summary_large_image\" \/>\n<meta name=\"twitter:label1\" content=\"Arvioitu lukuaika\" \/>\n\t<meta name=\"twitter:data1\" content=\"1 minuutti\" \/>\n<script type=\"application\/ld+json\" class=\"yoast-schema-graph\">{\"@context\":\"https:\/\/schema.org\",\"@graph\":[{\"@type\":\"WebPage\",\"@id\":\"https:\/\/sey.fi\/pernio\/pernion-seudun-elainsuojeluyhdistys\/yhdistys\/toiminta\/\",\"url\":\"https:\/\/sey.fi\/pernio\/pernion-seudun-elainsuojeluyhdistys\/yhdistys\/toiminta\/\",\"name\":\"Toiminta - Perni\u00f6n seudun el\u00e4insuojeluyhdistys\",\"isPartOf\":{\"@id\":\"https:\/\/sey.fi\/pernio\/#website\"},\"datePublished\":\"2019-11-04T13:31:20+00:00\",\"dateModified\":\"2021-01-18T17:54:57+00:00\",\"breadcrumb\":{\"@id\":\"https:\/\/sey.fi\/pernio\/pernion-seudun-elainsuojeluyhdistys\/yhdistys\/toiminta\/#breadcrumb\"},\"inLanguage\":\"fi\",\"potentialAction\":[{\"@type\":\"ReadAction\",\"target\":[\"https:\/\/sey.fi\/pernio\/pernion-seudun-elainsuojeluyhdistys\/yhdistys\/toiminta\/\"]}]},{\"@type\":\"BreadcrumbList\",\"@id\":\"https:\/\/sey.fi\/pernio\/pernion-seudun-elainsuojeluyhdistys\/yhdistys\/toiminta\/#breadcrumb\",\"itemListElement\":[{\"@type\":\"ListItem\",\"position\":1,\"name\":\"Home\",\"item\":\"https:\/\/sey.fi\/pernio\/\"},{\"@type\":\"ListItem\",\"position\":2,\"name\":\"Perni\u00f6n seudun el\u00e4insuojeluyhdistys\",\"item\":\"https:\/\/sey.fi\/pernio\/\"},{\"@type\":\"ListItem\",\"position\":3,\"name\":\"Yhdistys\",\"item\":\"https:\/\/sey.fi\/pernio\/pernion-seudun-elainsuojeluyhdistys\/yhdistys\/\"},{\"@type\":\"ListItem\",\"position\":4,\"name\":\"Toiminta\"}]},{\"@type\":\"WebSite\",\"@id\":\"https:\/\/sey.fi\/pernio\/#website\",\"url\":\"https:\/\/sey.fi\/pernio\/\",\"name\":\"Perni\u00f6n seudun el\u00e4insuojeluyhdistys\",\"description\":\"Uusi SEY J\u00e4senyhdistykset -sivusto\",\"potentialAction\":[{\"@type\":\"SearchAction\",\"target\":{\"@type\":\"EntryPoint\",\"urlTemplate\":\"https:\/\/sey.fi\/pernio\/?s={search_term_string}\"},\"query-input\":{\"@type\":\"PropertyValueSpecification\",\"valueRequired\":true,\"valueName\":\"search_term_string\"}}],\"inLanguage\":\"fi\"}]}<\/script>\n<!-- \/ Yoast SEO plugin. -->","yoast_head_json":{"title":"Toiminta - Perni\u00f6n seudun el\u00e4insuojeluyhdistys","robots":{"index":"index","follow":"follow","max-snippet":"max-snippet:-1","max-image-preview":"max-image-preview:large","max-video-preview":"max-video-preview:-1"},"canonical":"https:\/\/sey.fi\/pernio\/pernion-seudun-elainsuojeluyhdistys\/yhdistys\/toiminta\/","og_locale":"fi_FI","og_type":"article","og_title":"Toiminta - Perni\u00f6n seudun el\u00e4insuojeluyhdistys","og_description":"Yhdistyksen nimi on Perni\u00f6n Seudun El\u00e4insuojeluyhdistys ry. Sen kotipaikka on 2009 alkaen Salo. Yhdistyksen toiminta-alue k\u00e4sitt\u00e4\u00e4 Perni\u00f6n ymp\u00e4rist\u00f6ineen(Ent. Perni\u00f6n kunta ja S\u00e4rkisalon kunta). Yhdistyksen tarkoituksena on:\u2022 edist\u00e4\u00e4 el\u00e4insuojelua\u2022 suojella el\u00e4imi\u00e4 parhaalla mahdollisella tavalla k\u00e4rsimykselt\u00e4, kivulta ja tuskalta\u2022 edist\u00e4\u00e4 el\u00e4inten hyvinvointia\u2022 opastaa ja neuvoa miten el\u00e4imi\u00e4 kohdellaan hyvin. Yhdistys harjoittaa:\u2022 el\u00e4insuojelua koskevaa valistustoimintaa\u2022 el\u00e4insuojelua koskevan kirjallisuuden [&hellip;]","og_url":"https:\/\/sey.fi\/pernio\/pernion-seudun-elainsuojeluyhdistys\/yhdistys\/toiminta\/","og_site_name":"Perni\u00f6n seudun el\u00e4insuojeluyhdistys","article_modified_time":"2021-01-18T17:54:57+00:00","twitter_card":"summary_large_image","twitter_misc":{"Arvioitu lukuaika":"1 minuutti"},"schema":{"@context":"https:\/\/schema.org","@graph":[{"@type":"WebPage","@id":"https:\/\/sey.fi\/pernio\/pernion-seudun-elainsuojeluyhdistys\/yhdistys\/toiminta\/","url":"https:\/\/sey.fi\/pernio\/pernion-seudun-elainsuojeluyhdistys\/yhdistys\/toiminta\/","name":"Toiminta - Perni\u00f6n seudun el\u00e4insuojeluyhdistys","isPartOf":{"@id":"https:\/\/sey.fi\/pernio\/#website"},"datePublished":"2019-11-04T13:31:20+00:00","dateModified":"2021-01-18T17:54:57+00:00","breadcrumb":{"@id":"https:\/\/sey.fi\/pernio\/pernion-seudun-elainsuojeluyhdistys\/yhdistys\/toiminta\/#breadcrumb"},"inLanguage":"fi","potentialAction":[{"@type":"ReadAction","target":["https:\/\/sey.fi\/pernio\/pernion-seudun-elainsuojeluyhdistys\/yhdistys\/toiminta\/"]}]},{"@type":"BreadcrumbList","@id":"https:\/\/sey.fi\/pernio\/pernion-seudun-elainsuojeluyhdistys\/yhdistys\/toiminta\/#breadcrumb","itemListElement":[{"@type":"ListItem","position":1,"name":"Home","item":"https:\/\/sey.fi\/pernio\/"},{"@type":"ListItem","position":2,"name":"Perni\u00f6n seudun el\u00e4insuojeluyhdistys","item":"https:\/\/sey.fi\/pernio\/"},{"@type":"ListItem","position":3,"name":"Yhdistys","item":"https:\/\/sey.fi\/pernio\/pernion-seudun-elainsuojeluyhdistys\/yhdistys\/"},{"@type":"ListItem","position":4,"name":"Toiminta"}]},{"@type":"WebSite","@id":"https:\/\/sey.fi\/pernio\/#website","url":"https:\/\/sey.fi\/pernio\/","name":"Perni\u00f6n seudun el\u00e4insuojeluyhdistys","description":"Uusi SEY J\u00e4senyhdistykset -sivusto","potentialAction":[{"@type":"SearchAction","target":{"@type":"EntryPoint","urlTemplate":"https:\/\/sey.fi\/pernio\/?s={search_term_string}"},"query-input":{"@type":"PropertyValueSpecification","valueRequired":true,"valueName":"search_term_string"}}],"inLanguage":"fi"}]}},"_links":{"self":[{"href":"https:\/\/sey.fi\/pernio\/wp-json\/wp\/v2\/pages\/16","targetHints":{"allow":["GET"]}}],"collection":[{"href":"https:\/\/sey.fi\/pernio\/wp-json\/wp\/v2\/pages"}],"about":[{"href":"https:\/\/sey.fi\/pernio\/wp-json\/wp\/v2\/types\/page"}],"author":[{"embeddable":true,"href":"https:\/\/sey.fi\/pernio\/wp-json\/wp\/v2\/users\/8"}],"replies":[{"embeddable":true,"href":"https:\/\/sey.fi\/pernio\/wp-json\/wp\/v2\/comments?post=16"}],"version-history":[{"count":4,"href":"https:\/\/sey.fi\/pernio\/wp-json\/wp\/v2\/pages\/16\/revisions"}],"predecessor-version":[{"id":114,"href":"https:\/\/sey.fi\/pernio\/wp-json\/wp\/v2\/pages\/16\/revisions\/114"}],"up":[{"embeddable":true,"href":"https:\/\/sey.fi\/pernio\/wp-json\/wp\/v2\/pages\/14"}],"wp:attachment":[{"href":"https:\/\/sey.fi\/pernio\/wp-json\/wp\/v2\/media?parent=16"}],"curies":[{"name":"wp","href":"https:\/\/api.w.org\/{rel}","templated":true}]}}