{"id":20,"date":"2019-11-04T15:34:46","date_gmt":"2019-11-04T13:34:46","guid":{"rendered":"http:\/\/srvr10.xetpoint.com\/~seyfi\/pernio\/?page_id=20"},"modified":"2021-01-18T19:51:56","modified_gmt":"2021-01-18T17:51:56","slug":"yhdistyksen-saannot","status":"publish","type":"page","link":"https:\/\/sey.fi\/pernio\/pernion-seudun-elainsuojeluyhdistys\/yhdistys\/yhdistyksen-saannot\/","title":{"rendered":"Yhdistyksen s\u00e4\u00e4nn\u00f6t"},"content":{"rendered":"\n<p>1 \u00a7 Yhdistyksen nimi ja kotipaikka<\/p>\n\n\n\n<p>Yhdistyksen nimi on Perni\u00f6n Seudun El\u00e4insuojeluyhdistys\nry. ja sen kotipaikka on Salo..<\/p>\n\n\n\n<p>Yhdistys on Suomen El\u00e4insuojeluyhdistysten\nLiitto ry:n j\u00e4senyhdistys.<\/p>\n\n\n\n<p>2 \u00a7 Tarkoitus ja toiminnan laatu <\/p>\n\n\n\n<p>Yhdistyksen tarkoituksena on edist\u00e4\u00e4\nel\u00e4insuojelua ja suojella el\u00e4imi\u00e4 parhaalla mahdollisella tavalla\nk\u00e4rsimykselt\u00e4, kivulta ja tuskalta sek\u00e4 edist\u00e4\u00e4 el\u00e4inten hyvinvointia ja\nkohtelua.<\/p>\n\n\n\n<p>Tarkoituksensa toteuttamiseksi yhdistys<\/p>\n\n\n\n<p>&#8211;&nbsp;&nbsp;&nbsp;&nbsp;&nbsp;&nbsp;&nbsp;&nbsp;&nbsp;&nbsp;&nbsp;&nbsp;&nbsp;&nbsp;&nbsp;&nbsp;&nbsp;&nbsp;&nbsp; pyrkii\nvaikuttamaan el\u00e4insuojelulains\u00e4\u00e4d\u00e4nt\u00f6\u00f6n sek\u00e4 viranomaisten p\u00e4\u00e4t\u00f6ksiin ja\ntoimintaan antamalla<\/p>\n\n\n\n<p>lausuntoja, ehdotuksia ja kannanottoja,\njotka edist\u00e4v\u00e4t el\u00e4inten hyv\u00e4\u00e4 kohtelua<\/p>\n\n\n\n<p>&#8211;&nbsp;&nbsp;&nbsp;&nbsp;&nbsp;&nbsp;&nbsp;&nbsp;&nbsp;&nbsp;&nbsp;&nbsp;&nbsp;&nbsp;&nbsp;&nbsp;&nbsp;&nbsp;&nbsp; neuvoo\nja opastaa el\u00e4intenomistajia toimimaan tavalla, joka edist\u00e4\u00e4 el\u00e4inten\nhyvinvointia<\/p>\n\n\n\n<p>&#8211;&nbsp;&nbsp;&nbsp;&nbsp;&nbsp;&nbsp;&nbsp;&nbsp;&nbsp;&nbsp;&nbsp;&nbsp;&nbsp;&nbsp;&nbsp;&nbsp;&nbsp;&nbsp;&nbsp; harjoittaa\ntarkoitusperiens\u00e4 mukaista nuorisotoimintaa.<\/p>\n\n\n\n<p>&#8211;&nbsp;&nbsp;&nbsp;&nbsp;&nbsp;&nbsp;&nbsp;&nbsp;&nbsp;&nbsp;&nbsp;&nbsp;&nbsp;&nbsp;&nbsp;&nbsp;&nbsp;&nbsp;&nbsp; harjoittaa\njulkaisu-, valistus- ja koulutustoimintaa<\/p>\n\n\n\n<p>&#8211;&nbsp;&nbsp;&nbsp;&nbsp;&nbsp;&nbsp;&nbsp;&nbsp;&nbsp;&nbsp;&nbsp;&nbsp;&nbsp;&nbsp;&nbsp;&nbsp;&nbsp;&nbsp;&nbsp; j\u00e4rjest\u00e4\u00e4\nesitelm\u00e4tilaisuuksia, kokouksia, el\u00e4insuojelup\u00e4ivi\u00e4 ja muita samantapaisia\ntilaisuuksia<\/p>\n\n\n\n<p>&#8211; &nbsp;&nbsp;&nbsp;&nbsp;&nbsp;&nbsp;&nbsp;&nbsp;&nbsp;&nbsp;&nbsp;&nbsp;&nbsp;&nbsp;&nbsp;&nbsp;&nbsp;&nbsp; ottaa\npalvelukseensa puhujia, neuvojia, valvojia ja asiamiehi\u00e4<\/p>\n\n\n\n<p>&#8211;&nbsp;&nbsp;&nbsp;&nbsp;&nbsp;&nbsp;&nbsp;&nbsp;&nbsp;&nbsp;&nbsp;&nbsp;&nbsp;&nbsp;&nbsp;&nbsp;&nbsp;&nbsp;&nbsp; toimii\nmuillakin vastaavilla tavoilla, jotta el\u00e4inten hyv\u00e4 kohtelu ja rakkaus el\u00e4imiin\nlis\u00e4\u00e4ntyisiv\u00e4t<\/p>\n\n\n\n<p>&#8211;&nbsp;&nbsp;&nbsp;&nbsp;&nbsp;&nbsp;&nbsp;&nbsp;&nbsp;&nbsp;&nbsp;&nbsp;&nbsp;&nbsp;&nbsp;&nbsp;&nbsp;&nbsp;&nbsp; yll\u00e4pit\u00e4\u00e4\nrekister\u00f6im\u00e4tt\u00f6mi\u00e4 alajaostoja<\/p>\n\n\n\n<p>Toimintansa tukemiseksi yhdistys voi<\/p>\n\n\n\n<p>&#8211; &nbsp;&nbsp;&nbsp;&nbsp;&nbsp;&nbsp;&nbsp;&nbsp;&nbsp;&nbsp;&nbsp;&nbsp;&nbsp;&nbsp;&nbsp;&nbsp;&nbsp;&nbsp; ottaa\nvastaan lahjoituksia ja testamentteja sek\u00e4 hankkia ja omistaa toimintaansa\nvarten tarpeellista kiinte\u00e4\u00e4 ja irtainta omaisuutta<\/p>\n\n\n\n<p>&#8211;&nbsp;&nbsp;&nbsp;&nbsp;&nbsp;&nbsp;&nbsp;&nbsp;&nbsp;&nbsp;&nbsp;&nbsp;&nbsp;&nbsp;&nbsp;&nbsp;&nbsp;&nbsp;&nbsp; j\u00e4rjest\u00e4\u00e4\nmyyj\u00e4isi\u00e4, arpajaisia, varainker\u00e4yksi\u00e4<\/p>\n\n\n\n<p>&#8211; &nbsp;&nbsp;&nbsp;&nbsp;&nbsp;&nbsp;&nbsp;&nbsp;&nbsp;&nbsp;&nbsp;&nbsp;&nbsp;&nbsp;&nbsp;&nbsp;&nbsp;&nbsp; ostaa\nja v\u00e4litt\u00e4\u00e4 j\u00e4senilleen el\u00e4inhoito ja -suojeluv\u00e4lineit\u00e4 sek\u00e4 myyd\u00e4 merkkej\u00e4,\nkortteja ja adresseja sek\u00e4 harjoittaa kioskitoimintaa <\/p>\n\n\n\n<p>Tarvittaessa yhdistys hankkii\ntoimintaansa varten asianmukaisen luvan.<br><\/p>\n\n\n\n<p>3 \u00a7 J\u00e4senet<\/p>\n\n\n\n<p>&nbsp;&nbsp;&nbsp;&nbsp;&nbsp;&nbsp;&nbsp;&nbsp;&nbsp;&nbsp;&nbsp;&nbsp;&nbsp;&nbsp;&nbsp;&nbsp;&nbsp;&nbsp;&nbsp;&nbsp;&nbsp; Yhdistyksell\u00e4\non varsinaisia j\u00e4seni\u00e4 sek\u00e4 nuoriso-, perhe-, kannatus-, ainais- ja &nbsp;&nbsp;&nbsp;&nbsp;&nbsp;&nbsp;&nbsp;&nbsp;&nbsp;&nbsp;&nbsp;&nbsp;&nbsp;&nbsp;&nbsp;&nbsp;&nbsp;&nbsp;&nbsp;&nbsp;&nbsp; kunniaj\u00e4seni\u00e4 ja\nkunniapuheenjohtajia.<\/p>\n\n\n\n<p>Yhdistyksen varsinaiseksi, perhe-, ja\nainaisj\u00e4seneksi voidaan hyv\u00e4ksy\u00e4 henkil\u00f6, joka hyv\u00e4ksyy yhdistyksen\ntarkoituksen. Henkil\u00f6, joka ei ole t\u00e4ytt\u00e4nyt viitt\u00e4toista vuotta hyv\u00e4ksyt\u00e4\u00e4n\nnuorisoj\u00e4seneksi.<\/p>\n\n\n\n<p>Kannatusj\u00e4seneksi voidaan hyv\u00e4ksy\u00e4\nyksityinen henkil\u00f6 tai oikeuskelpoinen yhteis\u00f6, joka haluaa tukea yhdistyksen\ntarkoitusta ja toimintaa.<\/p>\n\n\n\n<p>Varsinaiset j\u00e4senet sek\u00e4 nuoriso-,\nperhe-, ainais- ja kannatusj\u00e4senet hyv\u00e4ksyy hakemuksesta yhdistyksen hallitus.<\/p>\n\n\n\n<p>Kunniapuheenjohtajaksi tai\nkunniaj\u00e4seneksi voidaan hallituksen esityksest\u00e4 yhdistyksen kokouksessa kutsua\nhenkil\u00f6, joka on huomattavasti edist\u00e4nyt ja tukenut yhdistyksen toimintaa.<\/p>\n\n\n\n<p>4 \u00a7 J\u00e4senen eroaminen ja erottaminen<\/p>\n\n\n\n<p>J\u00e4senell\u00e4 on oikeus erota yhdistyksest\u00e4\nilmoittamalla siit\u00e4 kirjallisesti hallitukselle tai sen puheenjohtajalla taikka\nilmoittamalla erosta yhdistyksen kokouksessa merkitt\u00e4v\u00e4ksi p\u00f6yt\u00e4kirjaan.<\/p>\n\n\n\n<p>Hallitus voi erottaa j\u00e4senen\nyhdistyksest\u00e4, jos j\u00e4sen on j\u00e4tt\u00e4nyt er\u00e4\u00e4ntyneen j\u00e4senmaksunsa maksamatta tai\nmuuten j\u00e4tt\u00e4nyt t\u00e4ytt\u00e4m\u00e4tt\u00e4 ne velvoitukset, joihin h\u00e4n on yhdistykseen\nliittym\u00e4ll\u00e4 sitoutunut tai on menettelyll\u00e4\u00e4n yhdistyksess\u00e4 tai sen ulkopuolella\nhuomattavasti vahingoittanut yhdistyst\u00e4 tai ei en\u00e4\u00e4 t\u00e4yt\u00e4 laissa taikka\nyhdistyksen s\u00e4\u00e4nn\u00f6iss\u00e4 mainittuja j\u00e4senyyden ehtoja.<\/p>\n\n\n\n<p>5 \u00a7 J\u00e4senrekisterin pit\u00e4minen<\/p>\n\n\n\n<p>&nbsp;&nbsp;&nbsp;&nbsp;&nbsp;&nbsp;&nbsp;&nbsp;&nbsp;&nbsp;&nbsp;&nbsp;&nbsp;&nbsp;&nbsp;&nbsp;&nbsp;&nbsp;&nbsp;&nbsp;&nbsp; Yhdistyksen\nhallituksen teht\u00e4v\u00e4n\u00e4 on pit\u00e4\u00e4 j\u00e4senrekisteri\u00e4. Yhdistyksen kokous<\/p>\n\n\n\n<p>&nbsp;&nbsp;&nbsp;&nbsp;&nbsp;&nbsp;&nbsp;&nbsp;&nbsp;&nbsp;&nbsp;&nbsp;&nbsp;&nbsp;&nbsp;&nbsp;&nbsp;&nbsp;&nbsp;&nbsp;&nbsp; voi\np\u00e4\u00e4tt\u00e4\u00e4, ett\u00e4 yhdistyksen j\u00e4senrekisterin pit\u00e4minen annetaan Suomen &nbsp;&nbsp;&nbsp;&nbsp;&nbsp;&nbsp;&nbsp;&nbsp;&nbsp;&nbsp;&nbsp;&nbsp;&nbsp;&nbsp;&nbsp;&nbsp;&nbsp;&nbsp;&nbsp;&nbsp;&nbsp; El\u00e4insuojeluyhdistys ry:n\nteht\u00e4v\u00e4ksi<\/p>\n\n\n\n<p>6 \u00a7 Liittymis- ja j\u00e4senmaksu<\/p>\n\n\n\n<p>Varsinaisilta\nj\u00e4senilt\u00e4 sek\u00e4 nuoriso- perhe- ja kannatusj\u00e4senilt\u00e4, ainaisj\u00e4senilt\u00e4 peritt\u00e4v\u00e4n\nliittymismaksun ja vuotuisen j\u00e4senmaksun suuruudessa seurataan Suomen\nel\u00e4insuojeluyhdistysten liiton j\u00e4senmaksuja. <\/p>\n\n\n\n<p>Ainaisj\u00e4sen\non liittymismaksun j\u00e4lkeen vapaa j\u00e4senmaksuvelvollisuudesta. <\/p>\n\n\n\n<p>Kunniapuheenjohtaja ja kunniaj\u00e4senet\neiv\u00e4t suorita j\u00e4senmaksuja.<\/p>\n\n\n\n<p>7 \u00a7 Hallitus<\/p>\n\n\n\n<p>Yhdistyksen asioita hoitaa hallitus,\njohon kuuluu vuosikokouksessa valitut puheenjohtaja ja 3-5 muuta varsinaista\nj\u00e4sent\u00e4 sek\u00e4 2 varaj\u00e4sent\u00e4.<\/p>\n\n\n\n<p>Hallitukseen voidaan valita vain\nj\u00e4seni\u00e4, joiden j\u00e4senmaksu on maksettu.<\/p>\n\n\n\n<p>Hallituksen toimikausi on vuosikokousten\nv\u00e4linen aika. <\/p>\n\n\n\n<p>Hallitus valitsee keskuudestaan\nvarapuheenjohtajan sek\u00e4 ottaa keskuudestaan tai ulkopuoleltaan sihteerin, rahastonhoitajan\nja muut tarvittavat toimihenkil\u00f6t.<\/p>\n\n\n\n<p>Hallitus kokoontuu puheenjohtajan tai\nh\u00e4nen estyneen\u00e4 ollessaan varapuheenjohtajan kutsusta, kun he katsovat siihen\nolevan aihetta tai kun v\u00e4hint\u00e4\u00e4n puolet hallituksen j\u00e4senist\u00e4 sit\u00e4 vaatii.<\/p>\n\n\n\n<p>Hallitus on p\u00e4\u00e4t\u00f6svaltainen, kun l\u00e4sn\u00e4\non yhteens\u00e4 kaksi (2) hallituksen j\u00e4sent\u00e4 sek\u00e4 puheenjohtaja tai\nvarapuheenjohtaja. \u00c4\u00e4nestykset ratkaistaan ehdottomalla enemmist\u00f6ll\u00e4. \u00c4\u00e4nten\nmenness\u00e4 tasan ratkaisee puheenjohtajan \u00e4\u00e4ni, vaaleissa kuitenkin arpa.<br><br><\/p>\n\n\n\n<p>8 \u00a7 Yhdistyksen nimen kirjoittaminen<\/p>\n\n\n\n<p>Yhdistyksen nimen kirjoittaa hallituksen\npuheenjohtaja, sihteeri tai rahastonhoitaja, kaksi yhdess\u00e4.<\/p>\n\n\n\n<p>9 \u00a7 Tilikausi ja tilintarkastus<\/p>\n\n\n\n<p>Yhdistyksen tilikausi on kalenterivuosi.<\/p>\n\n\n\n<p>Tilinp\u00e4\u00e4t\u00f6s\ntarvittavine asiakirjoineen ja hallituksen vuosikertomus on annettava\ntoiminnantarkastaja\/-tarkastajille viimeist\u00e4\u00e4n kolme viikkoa ennen\nvuosikokousta.&nbsp;\nToiminnantarkastajan\/-tarkistajien tulee antaa kirjallinen lausuntonsa\nviimeist\u00e4\u00e4n kaksi viikkoa ennen vuosikokousta hallitukselle.<\/p>\n\n\n\n<p>10 \u00a7 Yhdistyksen kokoukset<\/p>\n\n\n\n<p>Yhdistyksen vuosikokous pidet\u00e4\u00e4n\nvuosittain hallituksen m\u00e4\u00e4r\u00e4\u00e4m\u00e4n\u00e4 p\u00e4iv\u00e4n\u00e4 tammi-toukokuussa. <\/p>\n\n\n\n<p>Ylim\u00e4\u00e4r\u00e4inen kokous pidet\u00e4\u00e4n, kun\nyhdistyksen kokous niin p\u00e4\u00e4tt\u00e4\u00e4 tai kun hallitus katsoo siihen olevan aihetta\ntai kun v\u00e4hint\u00e4\u00e4n kymmenesosa (1\/10) yhdistyksen \u00e4\u00e4nioikeutetuista j\u00e4senist\u00e4\nsit\u00e4 hallitukselta erityisesti ilmoitettua asiaa varten kirjallisesti vaatii.\nKokous on pidett\u00e4v\u00e4 kolmenkymmenen vuorokauden kuluessa siit\u00e4, kun vaatimus sen\npit\u00e4misest\u00e4 on esitetty hallitukselle. <\/p>\n\n\n\n<p>Yhdistyksen kokouksissa on jokaisella\nj\u00e4senmaksunsa maksaneella varsinaisella j\u00e4senell\u00e4, perhe- ja ainaisj\u00e4senell\u00e4,\nkunniapuheenjohtajalla ja kunniaj\u00e4senell\u00e4 yksi \u00e4\u00e4ni. Kannatus- ja\nnuorisoj\u00e4senell\u00e4 on kokouksessa l\u00e4sn\u00e4olo- ja puheoikeus. \u00c4\u00e4nioikeutettu voi valtakirjalla\nvaltuuttaa edustajansa kokoukseen<\/p>\n\n\n\n<p>Yhdistyksen kokoukseen voidaan osallistua hallituksen tai yhdistyksen kokouksen niin p\u00e4\u00e4tt\u00e4ess\u00e4 my\u00f6s postitse taikka tietoliikenneyhteyden tai muun teknisen apuv\u00e4lineen avulla kokouksen aikana tai ennen kokousta<\/p>\n\n\n\n<p>Yhdistyksen kokouksen p\u00e4\u00e4t\u00f6kseksi tulee,\nellei s\u00e4\u00e4nn\u00f6iss\u00e4 ole toisin m\u00e4\u00e4r\u00e4tty, se mielipide, jota on kannattanut yli\npuolet annetuista \u00e4\u00e4nist\u00e4. \u00c4\u00e4nten menness\u00e4 tasan ratkaisee kokouksen\npuheenjohtajan \u00e4\u00e4ni, vaaleissa kuitenkin arpa.<\/p>\n\n\n\n<p>11 \u00a7 Yhdistyksen kokouksen koolle\nkutsuminen<\/p>\n\n\n\n<p>Hallituksen\non kutsuttava yhdistyksen kokoukset koolle v\u00e4hint\u00e4\u00e4n seitsem\u00e4n vuorokautta\nennen kokousta j\u00e4senille l\u00e4hetetyll\u00e4 tiedotteella siihen\ns\u00e4hk\u00f6postiosoitteeseen, jonka ovat yhdistykselle ilmoittaneet, tai yhdistyksen\nkotisivuilla tiedotteessa. <\/p>\n\n\n\n<p>12 \u00a7 Vuosikokous <\/p>\n\n\n\n<p>Yhdistyksen vuosikokouksessa k\u00e4sitell\u00e4\u00e4n\nseuraavat asiat:<\/p>\n\n\n\n<p>1. kokouksen avaus<\/p>\n\n\n\n<p>2. valitaan kokouksen puheenjohtaja,\nsihteeri, kaksi p\u00f6yt\u00e4kirjan tarkastajaa ja tarvittaessa kaksi \u00e4\u00e4ntenlaskijaa<\/p>\n\n\n\n<p>3. todetaan kokouksen laillisuus ja\np\u00e4\u00e4t\u00f6svaltaisuus<\/p>\n\n\n\n<p>4. hyv\u00e4ksyt\u00e4\u00e4n kokouksen esityslista<\/p>\n\n\n\n<p>5. esitet\u00e4\u00e4n tilinp\u00e4\u00e4t\u00f6s, vuosikertomus\nja tilintarkastajien lausunto<\/p>\n\n\n\n<p>6. p\u00e4\u00e4tet\u00e4\u00e4n tilinp\u00e4\u00e4t\u00f6ksen\nvahvistamisesta ja vastuuvapauden my\u00f6nt\u00e4misest\u00e4 hallitukselle ja muille\nvastuuvelvollisille<\/p>\n\n\n\n<p>7. vahvistetaan toimintasuunnitelma,\ntulo- ja menoarvio sek\u00e4 liittymis- ja j\u00e4senmaksujen sek\u00e4 ainaisj\u00e4senmaksun\nsuuruudet<\/p>\n\n\n\n<p>8. valitaan hallituksen puheenjohtaja ja\nmuut j\u00e4senet<\/p>\n\n\n\n<p>9. Valitaan yksi tai kaksi\ntoiminnantarkastajaa ja heille varatoiminnantarkastajat<\/p>\n\n\n\n<p>10. K\u00e4sitell\u00e4\u00e4n muut kokouskutsussa\nmainitut asiat<\/p>\n\n\n\n<p>13 \u00a7 S\u00e4\u00e4nt\u00f6jen muuttaminen ja\nyhdistyksen purkaminen<\/p>\n\n\n\n<p>P\u00e4\u00e4t\u00f6s s\u00e4\u00e4nt\u00f6jen muuttamisesta ja\nyhdistyksen purkamisesta on teht\u00e4v\u00e4 yhdistyksen kokouksessa v\u00e4hint\u00e4\u00e4n kolmen\nnelj\u00e4sosan (3\/4) enemmist\u00f6ll\u00e4 annetuista \u00e4\u00e4nist\u00e4. Kokouskutsussa on mainittava\ns\u00e4\u00e4nt\u00f6jen muuttamisesta tai yhdistyksen purkamisesta.<\/p>\n\n\n\n<p>Yhdistyksen purkautuessa k\u00e4ytet\u00e4\u00e4n\nyhdistyksen varat yhdistyksen edist\u00e4miseen, purkamisesta p\u00e4\u00e4tt\u00e4v\u00e4n kokouksen\nm\u00e4\u00e4r\u00e4\u00e4m\u00e4ll\u00e4 tavalla. Yhdistyksen tullessa lakkautetuksi k\u00e4ytet\u00e4\u00e4n sen varat\nsamaan tarkoitukseen.<\/p>\n\n\n\n<p>14 \u00a7 &nbsp;&nbsp;&nbsp;&nbsp;&nbsp;&nbsp;&nbsp;&nbsp;&nbsp;&nbsp;&nbsp;&nbsp; Saavutetut j\u00e4senoikeudet s\u00e4ilyv\u00e4t<br><\/p>\n","protected":false},"excerpt":{"rendered":"<p>1 \u00a7 Yhdistyksen nimi ja kotipaikka Yhdistyksen nimi on Perni\u00f6n Seudun El\u00e4insuojeluyhdistys ry. ja sen kotipaikka on Salo.. Yhdistys on Suomen El\u00e4insuojeluyhdistysten Liitto ry:n j\u00e4senyhdistys. 2 \u00a7 Tarkoitus ja toiminnan laatu Yhdistyksen tarkoituksena on edist\u00e4\u00e4 el\u00e4insuojelua ja suojella el\u00e4imi\u00e4 parhaalla mahdollisella tavalla k\u00e4rsimykselt\u00e4, kivulta ja tuskalta sek\u00e4 edist\u00e4\u00e4 el\u00e4inten hyvinvointia ja kohtelua. Tarkoituksensa toteuttamiseksi yhdistys [&hellip;]<\/p>\n","protected":false},"author":8,"featured_media":0,"parent":14,"menu_order":0,"comment_status":"closed","ping_status":"closed","template":"","meta":{"_acf_changed":false,"footnotes":""},"class_list":["post-20","page","type-page","status-publish","hentry"],"acf":[],"yoast_head":"<!-- This site is optimized with the Yoast SEO plugin v27.1.1 - https:\/\/yoast.com\/product\/yoast-seo-wordpress\/ -->\n<title>Yhdistyksen s\u00e4\u00e4nn\u00f6t - Perni\u00f6n seudun el\u00e4insuojeluyhdistys<\/title>\n<meta name=\"robots\" content=\"index, follow, max-snippet:-1, max-image-preview:large, max-video-preview:-1\" \/>\n<link rel=\"canonical\" href=\"https:\/\/sey.fi\/pernio\/pernion-seudun-elainsuojeluyhdistys\/yhdistys\/yhdistyksen-saannot\/\" \/>\n<meta property=\"og:locale\" content=\"fi_FI\" \/>\n<meta property=\"og:type\" content=\"article\" \/>\n<meta property=\"og:title\" content=\"Yhdistyksen s\u00e4\u00e4nn\u00f6t - Perni\u00f6n seudun el\u00e4insuojeluyhdistys\" \/>\n<meta property=\"og:description\" content=\"1 \u00a7 Yhdistyksen nimi ja kotipaikka Yhdistyksen nimi on Perni\u00f6n Seudun El\u00e4insuojeluyhdistys ry. ja sen kotipaikka on Salo.. Yhdistys on Suomen El\u00e4insuojeluyhdistysten Liitto ry:n j\u00e4senyhdistys. 2 \u00a7 Tarkoitus ja toiminnan laatu Yhdistyksen tarkoituksena on edist\u00e4\u00e4 el\u00e4insuojelua ja suojella el\u00e4imi\u00e4 parhaalla mahdollisella tavalla k\u00e4rsimykselt\u00e4, kivulta ja tuskalta sek\u00e4 edist\u00e4\u00e4 el\u00e4inten hyvinvointia ja kohtelua. Tarkoituksensa toteuttamiseksi yhdistys [&hellip;]\" \/>\n<meta property=\"og:url\" content=\"https:\/\/sey.fi\/pernio\/pernion-seudun-elainsuojeluyhdistys\/yhdistys\/yhdistyksen-saannot\/\" \/>\n<meta property=\"og:site_name\" content=\"Perni\u00f6n seudun el\u00e4insuojeluyhdistys\" \/>\n<meta property=\"article:modified_time\" content=\"2021-01-18T17:51:56+00:00\" \/>\n<meta name=\"twitter:card\" content=\"summary_large_image\" \/>\n<meta name=\"twitter:label1\" content=\"Arvioitu lukuaika\" \/>\n\t<meta name=\"twitter:data1\" content=\"7 minuuttia\" \/>\n<script type=\"application\/ld+json\" class=\"yoast-schema-graph\">{\"@context\":\"https:\/\/schema.org\",\"@graph\":[{\"@type\":\"WebPage\",\"@id\":\"https:\/\/sey.fi\/pernio\/pernion-seudun-elainsuojeluyhdistys\/yhdistys\/yhdistyksen-saannot\/\",\"url\":\"https:\/\/sey.fi\/pernio\/pernion-seudun-elainsuojeluyhdistys\/yhdistys\/yhdistyksen-saannot\/\",\"name\":\"Yhdistyksen s\u00e4\u00e4nn\u00f6t - Perni\u00f6n seudun el\u00e4insuojeluyhdistys\",\"isPartOf\":{\"@id\":\"https:\/\/sey.fi\/pernio\/#website\"},\"datePublished\":\"2019-11-04T13:34:46+00:00\",\"dateModified\":\"2021-01-18T17:51:56+00:00\",\"breadcrumb\":{\"@id\":\"https:\/\/sey.fi\/pernio\/pernion-seudun-elainsuojeluyhdistys\/yhdistys\/yhdistyksen-saannot\/#breadcrumb\"},\"inLanguage\":\"fi\",\"potentialAction\":[{\"@type\":\"ReadAction\",\"target\":[\"https:\/\/sey.fi\/pernio\/pernion-seudun-elainsuojeluyhdistys\/yhdistys\/yhdistyksen-saannot\/\"]}]},{\"@type\":\"BreadcrumbList\",\"@id\":\"https:\/\/sey.fi\/pernio\/pernion-seudun-elainsuojeluyhdistys\/yhdistys\/yhdistyksen-saannot\/#breadcrumb\",\"itemListElement\":[{\"@type\":\"ListItem\",\"position\":1,\"name\":\"Home\",\"item\":\"https:\/\/sey.fi\/pernio\/\"},{\"@type\":\"ListItem\",\"position\":2,\"name\":\"Perni\u00f6n seudun el\u00e4insuojeluyhdistys\",\"item\":\"https:\/\/sey.fi\/pernio\/\"},{\"@type\":\"ListItem\",\"position\":3,\"name\":\"Yhdistys\",\"item\":\"https:\/\/sey.fi\/pernio\/pernion-seudun-elainsuojeluyhdistys\/yhdistys\/\"},{\"@type\":\"ListItem\",\"position\":4,\"name\":\"Yhdistyksen s\u00e4\u00e4nn\u00f6t\"}]},{\"@type\":\"WebSite\",\"@id\":\"https:\/\/sey.fi\/pernio\/#website\",\"url\":\"https:\/\/sey.fi\/pernio\/\",\"name\":\"Perni\u00f6n seudun el\u00e4insuojeluyhdistys\",\"description\":\"Uusi SEY J\u00e4senyhdistykset -sivusto\",\"potentialAction\":[{\"@type\":\"SearchAction\",\"target\":{\"@type\":\"EntryPoint\",\"urlTemplate\":\"https:\/\/sey.fi\/pernio\/?s={search_term_string}\"},\"query-input\":{\"@type\":\"PropertyValueSpecification\",\"valueRequired\":true,\"valueName\":\"search_term_string\"}}],\"inLanguage\":\"fi\"}]}<\/script>\n<!-- \/ Yoast SEO plugin. -->","yoast_head_json":{"title":"Yhdistyksen s\u00e4\u00e4nn\u00f6t - Perni\u00f6n seudun el\u00e4insuojeluyhdistys","robots":{"index":"index","follow":"follow","max-snippet":"max-snippet:-1","max-image-preview":"max-image-preview:large","max-video-preview":"max-video-preview:-1"},"canonical":"https:\/\/sey.fi\/pernio\/pernion-seudun-elainsuojeluyhdistys\/yhdistys\/yhdistyksen-saannot\/","og_locale":"fi_FI","og_type":"article","og_title":"Yhdistyksen s\u00e4\u00e4nn\u00f6t - Perni\u00f6n seudun el\u00e4insuojeluyhdistys","og_description":"1 \u00a7 Yhdistyksen nimi ja kotipaikka Yhdistyksen nimi on Perni\u00f6n Seudun El\u00e4insuojeluyhdistys ry. ja sen kotipaikka on Salo.. Yhdistys on Suomen El\u00e4insuojeluyhdistysten Liitto ry:n j\u00e4senyhdistys. 2 \u00a7 Tarkoitus ja toiminnan laatu Yhdistyksen tarkoituksena on edist\u00e4\u00e4 el\u00e4insuojelua ja suojella el\u00e4imi\u00e4 parhaalla mahdollisella tavalla k\u00e4rsimykselt\u00e4, kivulta ja tuskalta sek\u00e4 edist\u00e4\u00e4 el\u00e4inten hyvinvointia ja kohtelua. Tarkoituksensa toteuttamiseksi yhdistys [&hellip;]","og_url":"https:\/\/sey.fi\/pernio\/pernion-seudun-elainsuojeluyhdistys\/yhdistys\/yhdistyksen-saannot\/","og_site_name":"Perni\u00f6n seudun el\u00e4insuojeluyhdistys","article_modified_time":"2021-01-18T17:51:56+00:00","twitter_card":"summary_large_image","twitter_misc":{"Arvioitu lukuaika":"7 minuuttia"},"schema":{"@context":"https:\/\/schema.org","@graph":[{"@type":"WebPage","@id":"https:\/\/sey.fi\/pernio\/pernion-seudun-elainsuojeluyhdistys\/yhdistys\/yhdistyksen-saannot\/","url":"https:\/\/sey.fi\/pernio\/pernion-seudun-elainsuojeluyhdistys\/yhdistys\/yhdistyksen-saannot\/","name":"Yhdistyksen s\u00e4\u00e4nn\u00f6t - Perni\u00f6n seudun el\u00e4insuojeluyhdistys","isPartOf":{"@id":"https:\/\/sey.fi\/pernio\/#website"},"datePublished":"2019-11-04T13:34:46+00:00","dateModified":"2021-01-18T17:51:56+00:00","breadcrumb":{"@id":"https:\/\/sey.fi\/pernio\/pernion-seudun-elainsuojeluyhdistys\/yhdistys\/yhdistyksen-saannot\/#breadcrumb"},"inLanguage":"fi","potentialAction":[{"@type":"ReadAction","target":["https:\/\/sey.fi\/pernio\/pernion-seudun-elainsuojeluyhdistys\/yhdistys\/yhdistyksen-saannot\/"]}]},{"@type":"BreadcrumbList","@id":"https:\/\/sey.fi\/pernio\/pernion-seudun-elainsuojeluyhdistys\/yhdistys\/yhdistyksen-saannot\/#breadcrumb","itemListElement":[{"@type":"ListItem","position":1,"name":"Home","item":"https:\/\/sey.fi\/pernio\/"},{"@type":"ListItem","position":2,"name":"Perni\u00f6n seudun el\u00e4insuojeluyhdistys","item":"https:\/\/sey.fi\/pernio\/"},{"@type":"ListItem","position":3,"name":"Yhdistys","item":"https:\/\/sey.fi\/pernio\/pernion-seudun-elainsuojeluyhdistys\/yhdistys\/"},{"@type":"ListItem","position":4,"name":"Yhdistyksen s\u00e4\u00e4nn\u00f6t"}]},{"@type":"WebSite","@id":"https:\/\/sey.fi\/pernio\/#website","url":"https:\/\/sey.fi\/pernio\/","name":"Perni\u00f6n seudun el\u00e4insuojeluyhdistys","description":"Uusi SEY J\u00e4senyhdistykset -sivusto","potentialAction":[{"@type":"SearchAction","target":{"@type":"EntryPoint","urlTemplate":"https:\/\/sey.fi\/pernio\/?s={search_term_string}"},"query-input":{"@type":"PropertyValueSpecification","valueRequired":true,"valueName":"search_term_string"}}],"inLanguage":"fi"}]}},"_links":{"self":[{"href":"https:\/\/sey.fi\/pernio\/wp-json\/wp\/v2\/pages\/20","targetHints":{"allow":["GET"]}}],"collection":[{"href":"https:\/\/sey.fi\/pernio\/wp-json\/wp\/v2\/pages"}],"about":[{"href":"https:\/\/sey.fi\/pernio\/wp-json\/wp\/v2\/types\/page"}],"author":[{"embeddable":true,"href":"https:\/\/sey.fi\/pernio\/wp-json\/wp\/v2\/users\/8"}],"replies":[{"embeddable":true,"href":"https:\/\/sey.fi\/pernio\/wp-json\/wp\/v2\/comments?post=20"}],"version-history":[{"count":2,"href":"https:\/\/sey.fi\/pernio\/wp-json\/wp\/v2\/pages\/20\/revisions"}],"predecessor-version":[{"id":112,"href":"https:\/\/sey.fi\/pernio\/wp-json\/wp\/v2\/pages\/20\/revisions\/112"}],"up":[{"embeddable":true,"href":"https:\/\/sey.fi\/pernio\/wp-json\/wp\/v2\/pages\/14"}],"wp:attachment":[{"href":"https:\/\/sey.fi\/pernio\/wp-json\/wp\/v2\/media?parent=20"}],"curies":[{"name":"wp","href":"https:\/\/api.w.org\/{rel}","templated":true}]}}