{"id":28,"date":"2019-11-04T15:41:46","date_gmt":"2019-11-04T13:41:46","guid":{"rendered":"http:\/\/srvr10.xetpoint.com\/~seyfi\/pernio\/?page_id=28"},"modified":"2019-11-04T15:41:47","modified_gmt":"2019-11-04T13:41:47","slug":"linkit","status":"publish","type":"page","link":"https:\/\/sey.fi\/pernio\/pernion-seudun-elainsuojeluyhdistys\/yhdistys\/linkit\/","title":{"rendered":"Linkit"},"content":{"rendered":"\n<h4 class=\"wp-block-heading\">Linkeist\u00e4 p\u00e4\u00e4set suoraan haluamallesi sivulle.<\/h4>\n\n\n\n<h4 class=\"wp-block-heading\"><a href=\"http:\/\/www.karkurit.fi\/\" target=\"_blank\" rel=\"noreferrer noopener\">Karkurit<\/a><\/h4>\n\n\n\n<h4 class=\"wp-block-heading\"><a href=\"http:\/\/www.kodinvaihtajat.com\/\" target=\"_blank\" rel=\"noreferrer noopener\">Kodinvaihtajat<\/a><\/h4>\n\n\n\n<h3 class=\"wp-block-heading\">Paikallisyhdistykset<\/h3>\n\n\n\n<h4 class=\"wp-block-heading\"><a href=\"http:\/\/ehy.fi\/\" target=\"_blank\" rel=\"noreferrer noopener\">El\u00e4inten Hyv\u00e4ksi ry<\/a><\/h4>\n\n\n\n<h4 class=\"wp-block-heading\"><a href=\"http:\/\/www.onnentassu.fi\/\" target=\"_blank\" rel=\"noreferrer noopener\">El\u00e4intenauttajat ry<\/a><\/h4>\n\n\n\n<h4 class=\"wp-block-heading\"><a href=\"http:\/\/www.dewi.info\/\" target=\"_blank\" rel=\"noreferrer noopener\">El\u00e4insuojeluyhdistys Dewi ry<\/a><\/h4>\n\n\n\n<h4 class=\"wp-block-heading\"><a href=\"http:\/\/www.karkurit.fi\/loytoelaintarhat\" target=\"_blank\" rel=\"noreferrer noopener\">L\u00f6yt\u00f6el\u00e4inten talteenottopaikat kunnittain<\/a><\/h4>\n\n\n\n<h4 class=\"wp-block-heading\"><a href=\"http:\/\/www.sey.fi\/seytoimii\/elainsuojeluneuvonta\" target=\"_blank\" rel=\"noreferrer noopener\">Etsi l\u00e4hin neuvoja<\/a><\/h4>\n\n\n\n<h4 class=\"wp-block-heading\"><strong>Lis\u00e4\u00e4&nbsp;yhdistyksi\u00e4<\/strong><\/h4>\n\n\n\n<h4 class=\"wp-block-heading\"><a href=\"http:\/\/www.sey.fi\/\" target=\"_blank\" rel=\"noreferrer noopener\">Suomen El\u00e4insuojeluyhdistys<\/a><\/h4>\n\n\n\n<h4 class=\"wp-block-heading\"><strong>Koiria<\/strong><\/h4>\n\n\n\n<h4 class=\"wp-block-heading\"><a href=\"http:\/\/www.auringonkoirat.com\/\" target=\"_blank\" rel=\"noreferrer noopener\">Auringonkoirat<\/a><\/h4>\n\n\n\n<h4 class=\"wp-block-heading\"><a href=\"http:\/\/www.dogforceone.com\/\" target=\"_blank\" rel=\"noreferrer noopener\">Dog Force One<\/a><\/h4>\n\n\n\n<h4 class=\"wp-block-heading\"><a href=\"http:\/\/www.espanjankoirat.com\/\" target=\"_blank\" rel=\"noreferrer noopener\">Espanjan koirat<\/a><\/h4>\n\n\n\n<h4 class=\"wp-block-heading\"><a href=\"http:\/\/www.hurttahelppi.fi\/\" target=\"_blank\" rel=\"noreferrer noopener\">HurttaHelppi<\/a><\/h4>\n\n\n\n<h4 class=\"wp-block-heading\"><a href=\"http:\/\/www.kennelliitto.fi\/\" target=\"_blank\" rel=\"noreferrer noopener\">Kennelliitto<\/a><\/h4>\n\n\n\n<h4 class=\"wp-block-heading\"><a href=\"http:\/\/www.kivateam.fi\/\" target=\"_blank\" rel=\"noreferrer noopener\">KIVA-team ry<\/a><\/h4>\n\n\n\n<h4 class=\"wp-block-heading\"><a href=\"http:\/\/www.koirat.com\/\" target=\"_blank\" rel=\"noreferrer noopener\">Koirat.com<\/a><\/h4>\n\n\n\n<h4 class=\"wp-block-heading\"><a href=\"http:\/\/www.koiranjalostus.fi\/\" target=\"_blank\" rel=\"noreferrer noopener\">Kokonaisvaltaisen koiranjalostuksen tuki &#8211; HETI<\/a><\/h4>\n\n\n\n<h4 class=\"wp-block-heading\"><a href=\"http:\/\/nobodysdogfin.wordpress.com\/\">Nobody\u2019s dog<\/a><\/h4>\n\n\n\n<h4 class=\"wp-block-heading\"><a href=\"http:\/\/www.pelastetaankoirat.com\/\" target=\"_blank\" rel=\"noreferrer noopener\">Pelastetaan koirat<\/a><\/h4>\n\n\n\n<h4 class=\"wp-block-heading\"><a href=\"http:\/\/www.rekkurescue.com\/\" target=\"_blank\" rel=\"noreferrer noopener\">Rekku Rescue<\/a><\/h4>\n\n\n\n<h4 class=\"wp-block-heading\"><a href=\"http:\/\/www.tunturisusi.com\/koiralinkit\/index.html\" target=\"_blank\" rel=\"noreferrer noopener\">Tunturisuden koiralinkit<\/a><\/h4>\n\n\n\n<h4 class=\"wp-block-heading\"><a href=\"http:\/\/sitebuilder.viipurinkoirat.fi\/\" target=\"_blank\" rel=\"noreferrer noopener\">Viipurin koirat<\/a><\/h4>\n\n\n\n<h4 class=\"wp-block-heading\"><strong>Kissoja<\/strong><\/h4>\n\n\n\n<h4 class=\"wp-block-heading\"><a href=\"http:\/\/incat.fi\/\" target=\"_blank\" rel=\"noreferrer noopener\">In Cat<\/a><\/h4>\n\n\n\n<h4 class=\"wp-block-heading\"><a href=\"http:\/\/www.kissojenkatastrofiyhdistys.net\/\" target=\"_blank\" rel=\"noreferrer noopener\">Kissojen katastrofiyhdistys<\/a><\/h4>\n\n\n\n<h4 class=\"wp-block-heading\"><a href=\"http:\/\/www.kissojensuojelu.fi\/\" target=\"_blank\" rel=\"noreferrer noopener\">Kissojen suojelu &#8211; Kisu ry&nbsp;<\/a><\/h4>\n\n\n\n<h4 class=\"wp-block-heading\"><a href=\"http:\/\/www.kotikissa.org\/\" target=\"_blank\" rel=\"noreferrer noopener\">Kotikissayhdistys<\/a><\/h4>\n\n\n\n<h4 class=\"wp-block-heading\"><a href=\"http:\/\/www.kissaliitto.fi\/\" target=\"_blank\" rel=\"noreferrer noopener\">Suomen kissaliitto<\/a><\/h4>\n\n\n\n<h4 class=\"wp-block-heading\"><strong>Muuta<\/strong><\/h4>\n\n\n\n<h4 class=\"wp-block-heading\"><a href=\"http:\/\/www.animalia.fi\/\" target=\"_blank\" rel=\"noreferrer noopener\">Animalia<\/a><\/h4>\n\n\n\n<h4 class=\"wp-block-heading\"><a href=\"http:\/\/www.birdlife.fi\/\" target=\"_blank\" rel=\"noreferrer noopener\">Birdlife<\/a><\/h4>\n\n\n\n<h4 class=\"wp-block-heading\"><a href=\"http:\/\/www.wildlynx.suntuubi.com\/\" target=\"_blank\" rel=\"noreferrer noopener\">Ilvesyhdistys Wild Lynx<\/a><\/h4>\n\n\n\n<h4 class=\"wp-block-heading\"><a href=\"http:\/\/www.linnunpontto.com\/\" target=\"_blank\" rel=\"noreferrer noopener\">Linnunp\u00f6ntt\u00f6<\/a><\/h4>\n\n\n\n<h4 class=\"wp-block-heading\"><a href=\"http:\/\/www.luontoliitto.fi\/susiryhma\" target=\"_blank\" rel=\"noreferrer noopener\">Luontoliiton Susiryhma<\/a><\/h4>\n\n\n\n<h4 class=\"wp-block-heading\"><a href=\"http:\/\/www.siilikiikarissa.fi\/\" target=\"_blank\" rel=\"noreferrer noopener\">Siili kiikarissa<\/a><\/h4>\n\n\n\n<h4 class=\"wp-block-heading\"><a href=\"http:\/\/www.sll.fi\/\" target=\"_blank\" rel=\"noreferrer noopener\">Suomen Luonnonsuojeluliitto<\/a><\/h4>\n\n\n\n<h4 class=\"wp-block-heading\"><a href=\"http:\/\/wwf.fi\/\" target=\"_blank\" rel=\"noreferrer noopener\">Suomen WWF<\/a><\/h4>\n\n\n\n<h4 class=\"wp-block-heading\"><a href=\"http:\/\/www.teh.fi\/\" target=\"_blank\" rel=\"noreferrer noopener\">Tuotantoel\u00e4inten hyvinvointiyhdistys<\/a><\/h4>\n\n\n\n<h4 class=\"wp-block-heading\"><strong>Eksoottisemmat el\u00e4imet<\/strong><\/h4>\n\n\n\n<h4 class=\"wp-block-heading\"><a href=\"http:\/\/www.eksoottiset.fi\/\" target=\"_blank\" rel=\"noreferrer noopener\">Eksoottiset<\/a><\/h4>\n\n\n\n<h4 class=\"wp-block-heading\"><strong>Maailmalta<\/strong><\/h4>\n\n\n\n<h4 class=\"wp-block-heading\"><a href=\"http:\/\/www.aasiankarhutarhat.com\/\" target=\"_blank\" rel=\"noreferrer noopener\">Aasian Sappikarhut<\/a><\/h4>\n\n\n\n<h4 class=\"wp-block-heading\"><strong>Lakitietoa<\/strong><\/h4>\n\n\n\n<h4 class=\"wp-block-heading\"><a href=\"http:\/\/www.finlex.fi\/fi\/laki\/ajantasa\/1996\/19960247?search%5Btype%5D=pika&amp;search%5Bpika%5D=el%C3%A4insuojelulaki\" target=\"_blank\" rel=\"noreferrer noopener\">El\u00e4insuojelulaki<\/a><\/h4>\n\n\n\n<h4 class=\"wp-block-heading\"><a href=\"http:\/\/www.finlex.fi\/fi\/laki\/alkup\/1996\/19960396\" target=\"_blank\" rel=\"noreferrer noopener\">El\u00e4insuojeluasetus<\/a><\/h4>\n\n\n\n<h4 class=\"wp-block-heading\"><a href=\"http:\/\/www.finlex.fi\/fi\/laki\/ajantasa\/2003\/20030612?search%5Btype%5D=pika&amp;search%5Bpika%5D=j%C3%A4rjestyslaki\" target=\"_blank\" rel=\"noreferrer noopener\">J\u00e4rjestyslaki<\/a><\/h4>\n\n\n\n<h4 class=\"wp-block-heading\"><a href=\"http:\/\/www.finlex.fi\/fi\/laki\/ajantasa\/1993\/19930615\" target=\"_blank\" rel=\"noreferrer noopener\">Mets\u00e4styslaki<\/a><\/h4>\n\n\n\n<h4 class=\"wp-block-heading\"><a href=\"http:\/\/www.finlex.fi\/fi\/laki\/ajantasa\/1993\/19930666\" target=\"_blank\" rel=\"noreferrer noopener\">Mets\u00e4stysasetus<\/a><\/h4>\n","protected":false},"excerpt":{"rendered":"<p>Linkeist\u00e4 p\u00e4\u00e4set suoraan haluamallesi sivulle. Karkurit Kodinvaihtajat Paikallisyhdistykset El\u00e4inten Hyv\u00e4ksi ry El\u00e4intenauttajat ry El\u00e4insuojeluyhdistys Dewi ry L\u00f6yt\u00f6el\u00e4inten talteenottopaikat kunnittain Etsi l\u00e4hin neuvoja Lis\u00e4\u00e4&nbsp;yhdistyksi\u00e4 Suomen El\u00e4insuojeluyhdistys Koiria Auringonkoirat Dog Force One Espanjan koirat HurttaHelppi Kennelliitto KIVA-team ry Koirat.com Kokonaisvaltaisen koiranjalostuksen tuki &#8211; HETI Nobody\u2019s dog Pelastetaan koirat Rekku Rescue Tunturisuden koiralinkit Viipurin koirat Kissoja In Cat [&hellip;]<\/p>\n","protected":false},"author":8,"featured_media":0,"parent":14,"menu_order":0,"comment_status":"closed","ping_status":"closed","template":"","meta":{"_acf_changed":false,"footnotes":""},"class_list":["post-28","page","type-page","status-publish","hentry"],"acf":[],"yoast_head":"<!-- This site is optimized with the Yoast SEO plugin v27.1.1 - https:\/\/yoast.com\/product\/yoast-seo-wordpress\/ -->\n<title>Linkit - Perni\u00f6n seudun el\u00e4insuojeluyhdistys<\/title>\n<meta name=\"robots\" content=\"index, follow, max-snippet:-1, max-image-preview:large, max-video-preview:-1\" \/>\n<link rel=\"canonical\" href=\"https:\/\/sey.fi\/pernio\/pernion-seudun-elainsuojeluyhdistys\/yhdistys\/linkit\/\" \/>\n<meta property=\"og:locale\" content=\"fi_FI\" \/>\n<meta property=\"og:type\" content=\"article\" \/>\n<meta property=\"og:title\" content=\"Linkit - Perni\u00f6n seudun el\u00e4insuojeluyhdistys\" \/>\n<meta property=\"og:description\" content=\"Linkeist\u00e4 p\u00e4\u00e4set suoraan haluamallesi sivulle. Karkurit Kodinvaihtajat Paikallisyhdistykset El\u00e4inten Hyv\u00e4ksi ry El\u00e4intenauttajat ry El\u00e4insuojeluyhdistys Dewi ry L\u00f6yt\u00f6el\u00e4inten talteenottopaikat kunnittain Etsi l\u00e4hin neuvoja Lis\u00e4\u00e4&nbsp;yhdistyksi\u00e4 Suomen El\u00e4insuojeluyhdistys Koiria Auringonkoirat Dog Force One Espanjan koirat HurttaHelppi Kennelliitto KIVA-team ry Koirat.com Kokonaisvaltaisen koiranjalostuksen tuki &#8211; HETI Nobody\u2019s dog Pelastetaan koirat Rekku Rescue Tunturisuden koiralinkit Viipurin koirat Kissoja In Cat [&hellip;]\" \/>\n<meta property=\"og:url\" content=\"https:\/\/sey.fi\/pernio\/pernion-seudun-elainsuojeluyhdistys\/yhdistys\/linkit\/\" \/>\n<meta property=\"og:site_name\" content=\"Perni\u00f6n seudun el\u00e4insuojeluyhdistys\" \/>\n<meta property=\"article:modified_time\" content=\"2019-11-04T13:41:47+00:00\" \/>\n<meta name=\"twitter:card\" content=\"summary_large_image\" \/>\n<meta name=\"twitter:label1\" content=\"Arvioitu lukuaika\" \/>\n\t<meta name=\"twitter:data1\" content=\"1 minuutti\" \/>\n<script type=\"application\/ld+json\" class=\"yoast-schema-graph\">{\"@context\":\"https:\/\/schema.org\",\"@graph\":[{\"@type\":\"WebPage\",\"@id\":\"https:\/\/sey.fi\/pernio\/pernion-seudun-elainsuojeluyhdistys\/yhdistys\/linkit\/\",\"url\":\"https:\/\/sey.fi\/pernio\/pernion-seudun-elainsuojeluyhdistys\/yhdistys\/linkit\/\",\"name\":\"Linkit - Perni\u00f6n seudun el\u00e4insuojeluyhdistys\",\"isPartOf\":{\"@id\":\"https:\/\/sey.fi\/pernio\/#website\"},\"datePublished\":\"2019-11-04T13:41:46+00:00\",\"dateModified\":\"2019-11-04T13:41:47+00:00\",\"breadcrumb\":{\"@id\":\"https:\/\/sey.fi\/pernio\/pernion-seudun-elainsuojeluyhdistys\/yhdistys\/linkit\/#breadcrumb\"},\"inLanguage\":\"fi\",\"potentialAction\":[{\"@type\":\"ReadAction\",\"target\":[\"https:\/\/sey.fi\/pernio\/pernion-seudun-elainsuojeluyhdistys\/yhdistys\/linkit\/\"]}]},{\"@type\":\"BreadcrumbList\",\"@id\":\"https:\/\/sey.fi\/pernio\/pernion-seudun-elainsuojeluyhdistys\/yhdistys\/linkit\/#breadcrumb\",\"itemListElement\":[{\"@type\":\"ListItem\",\"position\":1,\"name\":\"Home\",\"item\":\"https:\/\/sey.fi\/pernio\/\"},{\"@type\":\"ListItem\",\"position\":2,\"name\":\"Perni\u00f6n seudun el\u00e4insuojeluyhdistys\",\"item\":\"https:\/\/sey.fi\/pernio\/\"},{\"@type\":\"ListItem\",\"position\":3,\"name\":\"Yhdistys\",\"item\":\"https:\/\/sey.fi\/pernio\/pernion-seudun-elainsuojeluyhdistys\/yhdistys\/\"},{\"@type\":\"ListItem\",\"position\":4,\"name\":\"Linkit\"}]},{\"@type\":\"WebSite\",\"@id\":\"https:\/\/sey.fi\/pernio\/#website\",\"url\":\"https:\/\/sey.fi\/pernio\/\",\"name\":\"Perni\u00f6n seudun el\u00e4insuojeluyhdistys\",\"description\":\"Uusi SEY J\u00e4senyhdistykset -sivusto\",\"potentialAction\":[{\"@type\":\"SearchAction\",\"target\":{\"@type\":\"EntryPoint\",\"urlTemplate\":\"https:\/\/sey.fi\/pernio\/?s={search_term_string}\"},\"query-input\":{\"@type\":\"PropertyValueSpecification\",\"valueRequired\":true,\"valueName\":\"search_term_string\"}}],\"inLanguage\":\"fi\"}]}<\/script>\n<!-- \/ Yoast SEO plugin. -->","yoast_head_json":{"title":"Linkit - Perni\u00f6n seudun el\u00e4insuojeluyhdistys","robots":{"index":"index","follow":"follow","max-snippet":"max-snippet:-1","max-image-preview":"max-image-preview:large","max-video-preview":"max-video-preview:-1"},"canonical":"https:\/\/sey.fi\/pernio\/pernion-seudun-elainsuojeluyhdistys\/yhdistys\/linkit\/","og_locale":"fi_FI","og_type":"article","og_title":"Linkit - Perni\u00f6n seudun el\u00e4insuojeluyhdistys","og_description":"Linkeist\u00e4 p\u00e4\u00e4set suoraan haluamallesi sivulle. Karkurit Kodinvaihtajat Paikallisyhdistykset El\u00e4inten Hyv\u00e4ksi ry El\u00e4intenauttajat ry El\u00e4insuojeluyhdistys Dewi ry L\u00f6yt\u00f6el\u00e4inten talteenottopaikat kunnittain Etsi l\u00e4hin neuvoja Lis\u00e4\u00e4&nbsp;yhdistyksi\u00e4 Suomen El\u00e4insuojeluyhdistys Koiria Auringonkoirat Dog Force One Espanjan koirat HurttaHelppi Kennelliitto KIVA-team ry Koirat.com Kokonaisvaltaisen koiranjalostuksen tuki &#8211; HETI Nobody\u2019s dog Pelastetaan koirat Rekku Rescue Tunturisuden koiralinkit Viipurin koirat Kissoja In Cat [&hellip;]","og_url":"https:\/\/sey.fi\/pernio\/pernion-seudun-elainsuojeluyhdistys\/yhdistys\/linkit\/","og_site_name":"Perni\u00f6n seudun el\u00e4insuojeluyhdistys","article_modified_time":"2019-11-04T13:41:47+00:00","twitter_card":"summary_large_image","twitter_misc":{"Arvioitu lukuaika":"1 minuutti"},"schema":{"@context":"https:\/\/schema.org","@graph":[{"@type":"WebPage","@id":"https:\/\/sey.fi\/pernio\/pernion-seudun-elainsuojeluyhdistys\/yhdistys\/linkit\/","url":"https:\/\/sey.fi\/pernio\/pernion-seudun-elainsuojeluyhdistys\/yhdistys\/linkit\/","name":"Linkit - Perni\u00f6n seudun el\u00e4insuojeluyhdistys","isPartOf":{"@id":"https:\/\/sey.fi\/pernio\/#website"},"datePublished":"2019-11-04T13:41:46+00:00","dateModified":"2019-11-04T13:41:47+00:00","breadcrumb":{"@id":"https:\/\/sey.fi\/pernio\/pernion-seudun-elainsuojeluyhdistys\/yhdistys\/linkit\/#breadcrumb"},"inLanguage":"fi","potentialAction":[{"@type":"ReadAction","target":["https:\/\/sey.fi\/pernio\/pernion-seudun-elainsuojeluyhdistys\/yhdistys\/linkit\/"]}]},{"@type":"BreadcrumbList","@id":"https:\/\/sey.fi\/pernio\/pernion-seudun-elainsuojeluyhdistys\/yhdistys\/linkit\/#breadcrumb","itemListElement":[{"@type":"ListItem","position":1,"name":"Home","item":"https:\/\/sey.fi\/pernio\/"},{"@type":"ListItem","position":2,"name":"Perni\u00f6n seudun el\u00e4insuojeluyhdistys","item":"https:\/\/sey.fi\/pernio\/"},{"@type":"ListItem","position":3,"name":"Yhdistys","item":"https:\/\/sey.fi\/pernio\/pernion-seudun-elainsuojeluyhdistys\/yhdistys\/"},{"@type":"ListItem","position":4,"name":"Linkit"}]},{"@type":"WebSite","@id":"https:\/\/sey.fi\/pernio\/#website","url":"https:\/\/sey.fi\/pernio\/","name":"Perni\u00f6n seudun el\u00e4insuojeluyhdistys","description":"Uusi SEY J\u00e4senyhdistykset -sivusto","potentialAction":[{"@type":"SearchAction","target":{"@type":"EntryPoint","urlTemplate":"https:\/\/sey.fi\/pernio\/?s={search_term_string}"},"query-input":{"@type":"PropertyValueSpecification","valueRequired":true,"valueName":"search_term_string"}}],"inLanguage":"fi"}]}},"_links":{"self":[{"href":"https:\/\/sey.fi\/pernio\/wp-json\/wp\/v2\/pages\/28","targetHints":{"allow":["GET"]}}],"collection":[{"href":"https:\/\/sey.fi\/pernio\/wp-json\/wp\/v2\/pages"}],"about":[{"href":"https:\/\/sey.fi\/pernio\/wp-json\/wp\/v2\/types\/page"}],"author":[{"embeddable":true,"href":"https:\/\/sey.fi\/pernio\/wp-json\/wp\/v2\/users\/8"}],"replies":[{"embeddable":true,"href":"https:\/\/sey.fi\/pernio\/wp-json\/wp\/v2\/comments?post=28"}],"version-history":[{"count":1,"href":"https:\/\/sey.fi\/pernio\/wp-json\/wp\/v2\/pages\/28\/revisions"}],"predecessor-version":[{"id":29,"href":"https:\/\/sey.fi\/pernio\/wp-json\/wp\/v2\/pages\/28\/revisions\/29"}],"up":[{"embeddable":true,"href":"https:\/\/sey.fi\/pernio\/wp-json\/wp\/v2\/pages\/14"}],"wp:attachment":[{"href":"https:\/\/sey.fi\/pernio\/wp-json\/wp\/v2\/media?parent=28"}],"curies":[{"name":"wp","href":"https:\/\/api.w.org\/{rel}","templated":true}]}}