{"id":32,"date":"2019-11-04T15:43:58","date_gmt":"2019-11-04T13:43:58","guid":{"rendered":"http:\/\/srvr10.xetpoint.com\/~seyfi\/pernio\/?page_id=32"},"modified":"2019-11-04T15:43:59","modified_gmt":"2019-11-04T13:43:59","slug":"liity-jaseneksi","status":"publish","type":"page","link":"https:\/\/sey.fi\/pernio\/pernion-seudun-elainsuojeluyhdistys\/haluatko-auttaa\/liity-jaseneksi\/","title":{"rendered":"Liity j\u00e4seneksi!"},"content":{"rendered":"\n<p>J\u00e4senen\u00e4 tuet el\u00e4insuojelua ja yhdistyksen toimintaa.<\/p>\n\n\n\n<h3 class=\"wp-block-heading\">J\u00e4senen\u00e4&nbsp;voit vaikuttaa!<\/h3>\n\n\n\n<p>J\u00e4senmaksulasku tulee SEY:lt\u00e4 ja maksetaan SEY:n tilille!<\/p>\n\n\n\n<p>Aikuisj\u00e4senyys (ik\u00e4 15 v. tai yli) 30 \u20ac\/vuosi<br>Nuorisoj\u00e4senyys (alle 15-vuotiaat) 20 \u20ac\/vuosi<br>Ainaisj\u00e4senyys kertamaksu 300 \u20ac<br>Kannatusj\u00e4senyys 200 \u20ac\/vuosi<br>Perhej\u00e4senyys (ei lehte\u00e4, lehden saa joku muu samassa osoitteessa asuva j\u00e4sen) 20 \u20ac\/vuosi<\/p>\n\n\n\n<p>J\u00e4senen\u00e4 saat Suomen El\u00e4insuojeluyhdistysten liiton julkaiseman&nbsp;<a href=\"http:\/\/www.sey.fi\/sey\/elainten_ystava_-lehti\" target=\"_blank\" rel=\"noreferrer noopener\">El\u00e4inten Yst\u00e4v\u00e4t -lehden<\/a>&nbsp;4 kertaa vuodessa.<br><br>Voit liitty\u00e4 j\u00e4seneksi Suomen El\u00e4insuojeluyhdistyksen sivuilta valitsemalla Perni\u00f6n Seudun el\u00e4insuojeluyhdistyksen.&nbsp;<a href=\"https:\/\/rekisteri.sebacon.fi\/seyliittymislomake\/form.php\" target=\"_blank\" rel=\"noreferrer noopener\">Linkki liittymislomakkeeseen!<\/a><\/p>\n\n\n\n<p>Tai ilmoittamalla nimesi ja osoitteesi puhelimitse 050-3396 557 tai s\u00e4hk\u00f6postitse&nbsp;<a href=\"mailto:leena.aho@gmail.com\">leena.aho@gmail.com<\/a><\/p>\n","protected":false},"excerpt":{"rendered":"<p>J\u00e4senen\u00e4 tuet el\u00e4insuojelua ja yhdistyksen toimintaa. J\u00e4senen\u00e4&nbsp;voit vaikuttaa! J\u00e4senmaksulasku tulee SEY:lt\u00e4 ja maksetaan SEY:n tilille! Aikuisj\u00e4senyys (ik\u00e4 15 v. tai yli) 30 \u20ac\/vuosiNuorisoj\u00e4senyys (alle 15-vuotiaat) 20 \u20ac\/vuosiAinaisj\u00e4senyys kertamaksu 300 \u20acKannatusj\u00e4senyys 200 \u20ac\/vuosiPerhej\u00e4senyys (ei lehte\u00e4, lehden saa joku muu samassa osoitteessa asuva j\u00e4sen) 20 \u20ac\/vuosi J\u00e4senen\u00e4 saat Suomen El\u00e4insuojeluyhdistysten liiton julkaiseman&nbsp;El\u00e4inten Yst\u00e4v\u00e4t -lehden&nbsp;4 kertaa vuodessa. Voit [&hellip;]<\/p>\n","protected":false},"author":8,"featured_media":0,"parent":30,"menu_order":0,"comment_status":"closed","ping_status":"closed","template":"","meta":{"_acf_changed":false,"footnotes":""},"class_list":["post-32","page","type-page","status-publish","hentry"],"acf":[],"yoast_head":"<!-- This site is optimized with the Yoast SEO plugin v27.1.1 - https:\/\/yoast.com\/product\/yoast-seo-wordpress\/ -->\n<title>Liity j\u00e4seneksi! - Perni\u00f6n seudun el\u00e4insuojeluyhdistys<\/title>\n<meta name=\"robots\" content=\"index, follow, max-snippet:-1, max-image-preview:large, max-video-preview:-1\" \/>\n<link rel=\"canonical\" href=\"https:\/\/sey.fi\/pernio\/pernion-seudun-elainsuojeluyhdistys\/haluatko-auttaa\/liity-jaseneksi\/\" \/>\n<meta property=\"og:locale\" content=\"fi_FI\" \/>\n<meta property=\"og:type\" content=\"article\" \/>\n<meta property=\"og:title\" content=\"Liity j\u00e4seneksi! - Perni\u00f6n seudun el\u00e4insuojeluyhdistys\" \/>\n<meta property=\"og:description\" content=\"J\u00e4senen\u00e4 tuet el\u00e4insuojelua ja yhdistyksen toimintaa. J\u00e4senen\u00e4&nbsp;voit vaikuttaa! J\u00e4senmaksulasku tulee SEY:lt\u00e4 ja maksetaan SEY:n tilille! Aikuisj\u00e4senyys (ik\u00e4 15 v. tai yli) 30 \u20ac\/vuosiNuorisoj\u00e4senyys (alle 15-vuotiaat) 20 \u20ac\/vuosiAinaisj\u00e4senyys kertamaksu 300 \u20acKannatusj\u00e4senyys 200 \u20ac\/vuosiPerhej\u00e4senyys (ei lehte\u00e4, lehden saa joku muu samassa osoitteessa asuva j\u00e4sen) 20 \u20ac\/vuosi J\u00e4senen\u00e4 saat Suomen El\u00e4insuojeluyhdistysten liiton julkaiseman&nbsp;El\u00e4inten Yst\u00e4v\u00e4t -lehden&nbsp;4 kertaa vuodessa. Voit [&hellip;]\" \/>\n<meta property=\"og:url\" content=\"https:\/\/sey.fi\/pernio\/pernion-seudun-elainsuojeluyhdistys\/haluatko-auttaa\/liity-jaseneksi\/\" \/>\n<meta property=\"og:site_name\" content=\"Perni\u00f6n seudun el\u00e4insuojeluyhdistys\" \/>\n<meta property=\"article:modified_time\" content=\"2019-11-04T13:43:59+00:00\" \/>\n<meta name=\"twitter:card\" content=\"summary_large_image\" \/>\n<meta name=\"twitter:label1\" content=\"Arvioitu lukuaika\" \/>\n\t<meta name=\"twitter:data1\" content=\"1 minuutti\" \/>\n<script type=\"application\/ld+json\" class=\"yoast-schema-graph\">{\"@context\":\"https:\/\/schema.org\",\"@graph\":[{\"@type\":\"WebPage\",\"@id\":\"https:\/\/sey.fi\/pernio\/pernion-seudun-elainsuojeluyhdistys\/haluatko-auttaa\/liity-jaseneksi\/\",\"url\":\"https:\/\/sey.fi\/pernio\/pernion-seudun-elainsuojeluyhdistys\/haluatko-auttaa\/liity-jaseneksi\/\",\"name\":\"Liity j\u00e4seneksi! - Perni\u00f6n seudun el\u00e4insuojeluyhdistys\",\"isPartOf\":{\"@id\":\"https:\/\/sey.fi\/pernio\/#website\"},\"datePublished\":\"2019-11-04T13:43:58+00:00\",\"dateModified\":\"2019-11-04T13:43:59+00:00\",\"breadcrumb\":{\"@id\":\"https:\/\/sey.fi\/pernio\/pernion-seudun-elainsuojeluyhdistys\/haluatko-auttaa\/liity-jaseneksi\/#breadcrumb\"},\"inLanguage\":\"fi\",\"potentialAction\":[{\"@type\":\"ReadAction\",\"target\":[\"https:\/\/sey.fi\/pernio\/pernion-seudun-elainsuojeluyhdistys\/haluatko-auttaa\/liity-jaseneksi\/\"]}]},{\"@type\":\"BreadcrumbList\",\"@id\":\"https:\/\/sey.fi\/pernio\/pernion-seudun-elainsuojeluyhdistys\/haluatko-auttaa\/liity-jaseneksi\/#breadcrumb\",\"itemListElement\":[{\"@type\":\"ListItem\",\"position\":1,\"name\":\"Home\",\"item\":\"https:\/\/sey.fi\/pernio\/\"},{\"@type\":\"ListItem\",\"position\":2,\"name\":\"Perni\u00f6n seudun el\u00e4insuojeluyhdistys\",\"item\":\"https:\/\/sey.fi\/pernio\/\"},{\"@type\":\"ListItem\",\"position\":3,\"name\":\"Haluatko auttaa?\",\"item\":\"https:\/\/sey.fi\/pernio\/pernion-seudun-elainsuojeluyhdistys\/haluatko-auttaa\/\"},{\"@type\":\"ListItem\",\"position\":4,\"name\":\"Liity j\u00e4seneksi!\"}]},{\"@type\":\"WebSite\",\"@id\":\"https:\/\/sey.fi\/pernio\/#website\",\"url\":\"https:\/\/sey.fi\/pernio\/\",\"name\":\"Perni\u00f6n seudun el\u00e4insuojeluyhdistys\",\"description\":\"Uusi SEY J\u00e4senyhdistykset -sivusto\",\"potentialAction\":[{\"@type\":\"SearchAction\",\"target\":{\"@type\":\"EntryPoint\",\"urlTemplate\":\"https:\/\/sey.fi\/pernio\/?s={search_term_string}\"},\"query-input\":{\"@type\":\"PropertyValueSpecification\",\"valueRequired\":true,\"valueName\":\"search_term_string\"}}],\"inLanguage\":\"fi\"}]}<\/script>\n<!-- \/ Yoast SEO plugin. -->","yoast_head_json":{"title":"Liity j\u00e4seneksi! - Perni\u00f6n seudun el\u00e4insuojeluyhdistys","robots":{"index":"index","follow":"follow","max-snippet":"max-snippet:-1","max-image-preview":"max-image-preview:large","max-video-preview":"max-video-preview:-1"},"canonical":"https:\/\/sey.fi\/pernio\/pernion-seudun-elainsuojeluyhdistys\/haluatko-auttaa\/liity-jaseneksi\/","og_locale":"fi_FI","og_type":"article","og_title":"Liity j\u00e4seneksi! - Perni\u00f6n seudun el\u00e4insuojeluyhdistys","og_description":"J\u00e4senen\u00e4 tuet el\u00e4insuojelua ja yhdistyksen toimintaa. J\u00e4senen\u00e4&nbsp;voit vaikuttaa! J\u00e4senmaksulasku tulee SEY:lt\u00e4 ja maksetaan SEY:n tilille! Aikuisj\u00e4senyys (ik\u00e4 15 v. tai yli) 30 \u20ac\/vuosiNuorisoj\u00e4senyys (alle 15-vuotiaat) 20 \u20ac\/vuosiAinaisj\u00e4senyys kertamaksu 300 \u20acKannatusj\u00e4senyys 200 \u20ac\/vuosiPerhej\u00e4senyys (ei lehte\u00e4, lehden saa joku muu samassa osoitteessa asuva j\u00e4sen) 20 \u20ac\/vuosi J\u00e4senen\u00e4 saat Suomen El\u00e4insuojeluyhdistysten liiton julkaiseman&nbsp;El\u00e4inten Yst\u00e4v\u00e4t -lehden&nbsp;4 kertaa vuodessa. Voit [&hellip;]","og_url":"https:\/\/sey.fi\/pernio\/pernion-seudun-elainsuojeluyhdistys\/haluatko-auttaa\/liity-jaseneksi\/","og_site_name":"Perni\u00f6n seudun el\u00e4insuojeluyhdistys","article_modified_time":"2019-11-04T13:43:59+00:00","twitter_card":"summary_large_image","twitter_misc":{"Arvioitu lukuaika":"1 minuutti"},"schema":{"@context":"https:\/\/schema.org","@graph":[{"@type":"WebPage","@id":"https:\/\/sey.fi\/pernio\/pernion-seudun-elainsuojeluyhdistys\/haluatko-auttaa\/liity-jaseneksi\/","url":"https:\/\/sey.fi\/pernio\/pernion-seudun-elainsuojeluyhdistys\/haluatko-auttaa\/liity-jaseneksi\/","name":"Liity j\u00e4seneksi! - Perni\u00f6n seudun el\u00e4insuojeluyhdistys","isPartOf":{"@id":"https:\/\/sey.fi\/pernio\/#website"},"datePublished":"2019-11-04T13:43:58+00:00","dateModified":"2019-11-04T13:43:59+00:00","breadcrumb":{"@id":"https:\/\/sey.fi\/pernio\/pernion-seudun-elainsuojeluyhdistys\/haluatko-auttaa\/liity-jaseneksi\/#breadcrumb"},"inLanguage":"fi","potentialAction":[{"@type":"ReadAction","target":["https:\/\/sey.fi\/pernio\/pernion-seudun-elainsuojeluyhdistys\/haluatko-auttaa\/liity-jaseneksi\/"]}]},{"@type":"BreadcrumbList","@id":"https:\/\/sey.fi\/pernio\/pernion-seudun-elainsuojeluyhdistys\/haluatko-auttaa\/liity-jaseneksi\/#breadcrumb","itemListElement":[{"@type":"ListItem","position":1,"name":"Home","item":"https:\/\/sey.fi\/pernio\/"},{"@type":"ListItem","position":2,"name":"Perni\u00f6n seudun el\u00e4insuojeluyhdistys","item":"https:\/\/sey.fi\/pernio\/"},{"@type":"ListItem","position":3,"name":"Haluatko auttaa?","item":"https:\/\/sey.fi\/pernio\/pernion-seudun-elainsuojeluyhdistys\/haluatko-auttaa\/"},{"@type":"ListItem","position":4,"name":"Liity j\u00e4seneksi!"}]},{"@type":"WebSite","@id":"https:\/\/sey.fi\/pernio\/#website","url":"https:\/\/sey.fi\/pernio\/","name":"Perni\u00f6n seudun el\u00e4insuojeluyhdistys","description":"Uusi SEY J\u00e4senyhdistykset -sivusto","potentialAction":[{"@type":"SearchAction","target":{"@type":"EntryPoint","urlTemplate":"https:\/\/sey.fi\/pernio\/?s={search_term_string}"},"query-input":{"@type":"PropertyValueSpecification","valueRequired":true,"valueName":"search_term_string"}}],"inLanguage":"fi"}]}},"_links":{"self":[{"href":"https:\/\/sey.fi\/pernio\/wp-json\/wp\/v2\/pages\/32","targetHints":{"allow":["GET"]}}],"collection":[{"href":"https:\/\/sey.fi\/pernio\/wp-json\/wp\/v2\/pages"}],"about":[{"href":"https:\/\/sey.fi\/pernio\/wp-json\/wp\/v2\/types\/page"}],"author":[{"embeddable":true,"href":"https:\/\/sey.fi\/pernio\/wp-json\/wp\/v2\/users\/8"}],"replies":[{"embeddable":true,"href":"https:\/\/sey.fi\/pernio\/wp-json\/wp\/v2\/comments?post=32"}],"version-history":[{"count":1,"href":"https:\/\/sey.fi\/pernio\/wp-json\/wp\/v2\/pages\/32\/revisions"}],"predecessor-version":[{"id":33,"href":"https:\/\/sey.fi\/pernio\/wp-json\/wp\/v2\/pages\/32\/revisions\/33"}],"up":[{"embeddable":true,"href":"https:\/\/sey.fi\/pernio\/wp-json\/wp\/v2\/pages\/30"}],"wp:attachment":[{"href":"https:\/\/sey.fi\/pernio\/wp-json\/wp\/v2\/media?parent=32"}],"curies":[{"name":"wp","href":"https:\/\/api.w.org\/{rel}","templated":true}]}}