{"id":34,"date":"2019-11-04T15:44:49","date_gmt":"2019-11-04T13:44:49","guid":{"rendered":"http:\/\/srvr10.xetpoint.com\/~seyfi\/pernio\/?page_id=34"},"modified":"2019-11-04T15:44:50","modified_gmt":"2019-11-04T13:44:50","slug":"loytoelaimet","status":"publish","type":"page","link":"https:\/\/sey.fi\/pernio\/pernion-seudun-elainsuojeluyhdistys\/loytoelaimet\/","title":{"rendered":"L\u00f6yt\u00f6el\u00e4imet"},"content":{"rendered":"\n<h4 class=\"wp-block-heading\"><strong>Kadonneiden ja l\u00f6ytyneiden kuvat l\u00f6ytyv\u00e4t yhdistyksen Facebook-sivuilta:&nbsp;<a href=\"https:\/\/www.facebook.com\/pages\/Perni%C3%B6n-Seudun-El%C3%A4insuojeluyhdistys-ry\/242655892694?v=wall\" target=\"_blank\" rel=\"noreferrer noopener\">t\u00e4\u00e4lt\u00e4.<\/a><br><\/strong><\/h4>\n\n\n\n<h4 class=\"wp-block-heading\"><strong>Kannattaa tehd\u00e4 ilmoitus my\u00f6s osoitteeseen&nbsp;<a href=\"http:\/\/www.karkurit.fi\/\" target=\"_blank\" rel=\"noreferrer noopener\">www.karkurit.fi<\/a><\/strong><\/h4>\n\n\n\n<p>L\u00f6yt\u00f6el\u00e4imet<br>Lain mukaan l\u00f6yt\u00f6el\u00e4imist\u00e4 huolehtiminen kuuluu kunnille. T\u00e4lt\u00e4 sivulta l\u00f6yd\u00e4t tietoa siit\u00e4 miten Salon talousalueen kunnat ovat sopineet l\u00f6yt\u00f6el\u00e4inten hoidosta. Salon kaupungilla on 3 l\u00f6yt\u00f6el\u00e4inten hoitopaikkaa.&nbsp; My\u00f6s Salon Seudun El\u00e4insuojeluyhdistys ja Perni\u00f6n Seudun El\u00e4insuojeluyhdistys ovat tehneet kaupungin kanssa sopimukset l\u00f6yt\u00f6el\u00e4inten vastaanottamisesta<\/p>\n\n\n\n<p><br>Talteenotetut el\u00e4imet \/ El\u00e4insuojelulaki&nbsp; 15 \u00a7&nbsp;&nbsp;<br>Kunnan on huolehdittava alueellaan irrallaan tavattujen ja talteenotettujen koirien ja kissojen sek\u00e4 muiden vastaavien pienikokoisten seura- ja harrastusel\u00e4inten tilap\u00e4isen hoidon j\u00e4rjest\u00e4misest\u00e4. Talteenotettua el\u00e4int\u00e4 on s\u00e4ilytett\u00e4v\u00e4 v\u00e4hint\u00e4\u00e4n 15 p\u00e4iv\u00e4n ajan, mink\u00e4 j\u00e4lkeen kunnalla on oikeus myyd\u00e4, muutoin luovuttaa tai lopettaa el\u00e4in. Kunnalla on oikeus peri\u00e4 el\u00e4imen omistajalta tai haltijalta korvaus el\u00e4imen talteenotosta, hoidosta ja mahdollisesta lopettamisesta aiheutuneista kustannuksista.<\/p>\n\n\n\n<p>Jos poliisille on tehty mets\u00e4styslain (615\/93) 55 \u00a7:ss\u00e4 tarkoitettu ilmoitus koiran talteenotosta, tulee poliisin ilmoittaa talteenotosta kunnan l\u00f6yt\u00f6el\u00e4inten talteenottopaikkaan.<\/p>\n\n\n\n<p>L\u00f6yt\u00f6el\u00e4inten talteenotto ja kuljetus sek\u00e4 ilmoitukset<br>L\u00f6yt\u00e4j\u00e4 voi ilmoittaa el\u00e4imest\u00e4&nbsp;Salon l\u00f6yt\u00f6el\u00e4inp\u00e4ivystys 044 778 4617&nbsp;&nbsp; Leena Aho 050 33 96557<\/p>\n\n\n\n<p>Kadotettuasi lemmikin tai l\u00f6ydetty\u00e4si harhailevan lemmikkiel\u00e4imen ilmoita paikalliseen el\u00e4insuojeluyhdistykseen, joilla saattaa olla tietoa asiasta.<\/p>\n\n\n\n<p>L\u00f6yt\u00e4j\u00e4 voi my\u00f6s ilmoittaa el\u00e4imest\u00e4 ymp\u00e4rist\u00f6terveydenhuoltoon, josta el\u00e4imen kuljetus j\u00e4rjestet\u00e4\u00e4n.<\/p>\n\n\n\n<p>Jos viet l\u00f6yt\u00f6el\u00e4imen kaupungin hoitopaikkaan, tee hakemus ymp\u00e4rist\u00f6terveydenhuoltoon kilometrikorvauksen maksamiseksi. Kts. kohta: Kilometrikorvaukset t\u00e4ll\u00e4 sivulla&nbsp;tai Salon kaupunki \/asuminen ja ymp\u00e4rist\u00f6\/el\u00e4imet\/L\u00f6yt\u00f6el\u00e4imet<\/p>\n\n\n\n<p>L\u00f6yt\u00f6el\u00e4inten hoitopaikat<br>&nbsp;<br>1. Axxel Brusaby naturbruksenhet, Kemi\u00f6 &nbsp; =&nbsp;Kissojen ensisijainen vientipaikka.<\/p>\n\n\n\n<p>Salon kaupungista talteenotettujen l\u00f6yt\u00f6el\u00e4inten hoitopaikka on Kemi\u00f6ss\u00e4 sijaitseva Axxell Brusaby naturbruksenhet.<\/p>\n\n\n\n<p>L\u00f6yt\u00f6el\u00e4inhoitolan p\u00e4ivystys arkisin klo 08:00 &#8211; 16:00. Puhelin 044-739 7118&nbsp;<br>Os. Axxell Brusaby, Brusabyv\u00e4gen 2, 25700 Kemi\u00f6<br>s\u00e4hk\u00f6posti:&nbsp;<a href=\"mailto:brusaby@axxell.fi\">brusaby@axxell.fi<\/a><br>Hoito sis\u00e4lt\u00e4\u00e4 el\u00e4inl\u00e4\u00e4k\u00e4rin tarkastuksen, rokotuksen ja loish\u00e4\u00e4d\u00f6n.<\/p>\n\n\n\n<p>2. Koira- ja kissahoitola Aaltonen, Angelniemi&nbsp; &nbsp;= Koirien ensisijainen vientipaikka<\/p>\n\n\n\n<p>Paula Aaltonen, Halikko, Angelniemi &nbsp; Puh. (02) 736 7225<br>Paula 040 518 3860 &nbsp; &nbsp; &nbsp;&nbsp;Jarmo 0400 858 103.<br>Kotisivut: Koira- ja kissahoitola Aaltonen<\/p>\n\n\n\n<p>3. Lemmikkihotelli Nella, Pertteli<\/p>\n\n\n\n<p>Os. Toukolantie 30, 25370,Pertteli<br>Puh. 044-5749870 tai 044-2701357 (in english).<\/p>\n\n\n\n<p>S-posti:&nbsp;<a href=\"mailto:info@lemmikkihotellinella.com\">info@lemmikkihotellinella.com<\/a><br>Kotisivut: www.lemmikkihotellinella.com<\/p>\n\n\n\n<p>&nbsp;<br>Kilometrikorvaukset&nbsp;<br>Jos viet l\u00f6yt\u00f6el\u00e4imen johonkin yll\u00e4 olevista kaupungin hoitopaikoista, tee hakemus ymp\u00e4rist\u00f6nsuojeluyksikk\u00f6\u00f6n kilometrikorvauksen maksamiseksi.<\/p>\n\n\n\n<p>Kilometrikorvauksen haku:<br>Salon kaupunki, Ymp\u00e4rist\u00f6terveydenhuolto<br>PL77<br>24101 Salo<br><a href=\"mailto:ymparistoterveydenhuolto@salo.fi\">ymparistoterveydenhuolto@salo.fi<\/a><\/p>\n\n\n\n<p><br>Toimiston aukioloajat:<br>ma &#8211; to 8.00 &#8211; 16.00<br>pe 8.00 &#8211; 14.45<\/p>\n\n\n\n<p>K\u00e4yntisoite:<br>Hornintie 2-4, 24800 Halikko<\/p>\n\n\n\n<p>Postiosoite:<br>Salon kaupunki<br>Ymp\u00e4rist\u00f6terveydenhuolto<br>PL 77<br>24101 Salo<br>S\u00e4hk\u00f6posti:<br><a href=\"mailto:ymparistoterveydenhuolto@salo.fi\">ymparistoterveydenhuolto@salo.fi<\/a><\/p>\n\n\n\n<p><br>&nbsp;<br>Lis\u00e4tietoja:<br>toimistosihteeri<\/p>\n\n\n\n<p>Soile Blomqvist<\/p>\n\n\n\n<p>02&nbsp;778 4606<\/p>\n\n\n\n<p>ymparistoterveydenhuolto@salo. fi<\/p>\n\n\n\n<p><br>Ymp\u00e4rist\u00f6terveydenhuollon p\u00e4\u00e4llikk\u00f6<br>Riitta Suutari<br>(02) 778 4601<br><a href=\"mailto:riitta.suutari@salo.fi\">riitta.suutari@salo.fi<\/a><\/p>\n\n\n\n<p>Valvontael\u00e4inl\u00e4\u00e4k\u00e4ri<br><br>(02) 778 4619<br><a href=\"mailto:elainvalvonta@salo.fi\">elainvalvonta@salo.fi<\/a><br>&nbsp;&nbsp;<br>El\u00e4insuojeluyhdistykset<br>Salon Seudun El\u00e4insuojeluyhdistys ry.<br>Perni\u00f6n Seudun El\u00e4insuojeluyhdistys ry.<\/p>\n\n\n\n<p>Pienel\u00e4inp\u00e4ivystys: Puh.&nbsp;0600 12444<\/p>\n","protected":false},"excerpt":{"rendered":"<p>Kadonneiden ja l\u00f6ytyneiden kuvat l\u00f6ytyv\u00e4t yhdistyksen Facebook-sivuilta:&nbsp;t\u00e4\u00e4lt\u00e4. Kannattaa tehd\u00e4 ilmoitus my\u00f6s osoitteeseen&nbsp;www.karkurit.fi L\u00f6yt\u00f6el\u00e4imetLain mukaan l\u00f6yt\u00f6el\u00e4imist\u00e4 huolehtiminen kuuluu kunnille. T\u00e4lt\u00e4 sivulta l\u00f6yd\u00e4t tietoa siit\u00e4 miten Salon talousalueen kunnat ovat sopineet l\u00f6yt\u00f6el\u00e4inten hoidosta. Salon kaupungilla on 3 l\u00f6yt\u00f6el\u00e4inten hoitopaikkaa.&nbsp; My\u00f6s Salon Seudun El\u00e4insuojeluyhdistys ja Perni\u00f6n Seudun El\u00e4insuojeluyhdistys ovat tehneet kaupungin kanssa sopimukset l\u00f6yt\u00f6el\u00e4inten vastaanottamisesta Talteenotetut el\u00e4imet \/ [&hellip;]<\/p>\n","protected":false},"author":8,"featured_media":0,"parent":2,"menu_order":0,"comment_status":"closed","ping_status":"closed","template":"","meta":{"_acf_changed":false,"footnotes":""},"class_list":["post-34","page","type-page","status-publish","hentry"],"acf":[],"yoast_head":"<!-- This site is optimized with the Yoast SEO plugin v27.1.1 - https:\/\/yoast.com\/product\/yoast-seo-wordpress\/ -->\n<title>L\u00f6yt\u00f6el\u00e4imet - Perni\u00f6n seudun el\u00e4insuojeluyhdistys<\/title>\n<meta name=\"robots\" content=\"index, follow, max-snippet:-1, max-image-preview:large, max-video-preview:-1\" \/>\n<link rel=\"canonical\" href=\"https:\/\/sey.fi\/pernio\/pernion-seudun-elainsuojeluyhdistys\/loytoelaimet\/\" \/>\n<meta property=\"og:locale\" content=\"fi_FI\" \/>\n<meta property=\"og:type\" content=\"article\" \/>\n<meta property=\"og:title\" content=\"L\u00f6yt\u00f6el\u00e4imet - Perni\u00f6n seudun el\u00e4insuojeluyhdistys\" \/>\n<meta property=\"og:description\" content=\"Kadonneiden ja l\u00f6ytyneiden kuvat l\u00f6ytyv\u00e4t yhdistyksen Facebook-sivuilta:&nbsp;t\u00e4\u00e4lt\u00e4. Kannattaa tehd\u00e4 ilmoitus my\u00f6s osoitteeseen&nbsp;www.karkurit.fi L\u00f6yt\u00f6el\u00e4imetLain mukaan l\u00f6yt\u00f6el\u00e4imist\u00e4 huolehtiminen kuuluu kunnille. T\u00e4lt\u00e4 sivulta l\u00f6yd\u00e4t tietoa siit\u00e4 miten Salon talousalueen kunnat ovat sopineet l\u00f6yt\u00f6el\u00e4inten hoidosta. Salon kaupungilla on 3 l\u00f6yt\u00f6el\u00e4inten hoitopaikkaa.&nbsp; My\u00f6s Salon Seudun El\u00e4insuojeluyhdistys ja Perni\u00f6n Seudun El\u00e4insuojeluyhdistys ovat tehneet kaupungin kanssa sopimukset l\u00f6yt\u00f6el\u00e4inten vastaanottamisesta Talteenotetut el\u00e4imet \/ [&hellip;]\" \/>\n<meta property=\"og:url\" content=\"https:\/\/sey.fi\/pernio\/pernion-seudun-elainsuojeluyhdistys\/loytoelaimet\/\" \/>\n<meta property=\"og:site_name\" content=\"Perni\u00f6n seudun el\u00e4insuojeluyhdistys\" \/>\n<meta property=\"article:modified_time\" content=\"2019-11-04T13:44:50+00:00\" \/>\n<meta name=\"twitter:card\" content=\"summary_large_image\" \/>\n<meta name=\"twitter:label1\" content=\"Arvioitu lukuaika\" \/>\n\t<meta name=\"twitter:data1\" content=\"2 minuuttia\" \/>\n<script type=\"application\/ld+json\" class=\"yoast-schema-graph\">{\"@context\":\"https:\/\/schema.org\",\"@graph\":[{\"@type\":\"WebPage\",\"@id\":\"https:\/\/sey.fi\/pernio\/pernion-seudun-elainsuojeluyhdistys\/loytoelaimet\/\",\"url\":\"https:\/\/sey.fi\/pernio\/pernion-seudun-elainsuojeluyhdistys\/loytoelaimet\/\",\"name\":\"L\u00f6yt\u00f6el\u00e4imet - Perni\u00f6n seudun el\u00e4insuojeluyhdistys\",\"isPartOf\":{\"@id\":\"https:\/\/sey.fi\/pernio\/#website\"},\"datePublished\":\"2019-11-04T13:44:49+00:00\",\"dateModified\":\"2019-11-04T13:44:50+00:00\",\"breadcrumb\":{\"@id\":\"https:\/\/sey.fi\/pernio\/pernion-seudun-elainsuojeluyhdistys\/loytoelaimet\/#breadcrumb\"},\"inLanguage\":\"fi\",\"potentialAction\":[{\"@type\":\"ReadAction\",\"target\":[\"https:\/\/sey.fi\/pernio\/pernion-seudun-elainsuojeluyhdistys\/loytoelaimet\/\"]}]},{\"@type\":\"BreadcrumbList\",\"@id\":\"https:\/\/sey.fi\/pernio\/pernion-seudun-elainsuojeluyhdistys\/loytoelaimet\/#breadcrumb\",\"itemListElement\":[{\"@type\":\"ListItem\",\"position\":1,\"name\":\"Home\",\"item\":\"https:\/\/sey.fi\/pernio\/\"},{\"@type\":\"ListItem\",\"position\":2,\"name\":\"Perni\u00f6n seudun el\u00e4insuojeluyhdistys\",\"item\":\"https:\/\/sey.fi\/pernio\/\"},{\"@type\":\"ListItem\",\"position\":3,\"name\":\"L\u00f6yt\u00f6el\u00e4imet\"}]},{\"@type\":\"WebSite\",\"@id\":\"https:\/\/sey.fi\/pernio\/#website\",\"url\":\"https:\/\/sey.fi\/pernio\/\",\"name\":\"Perni\u00f6n seudun el\u00e4insuojeluyhdistys\",\"description\":\"Uusi SEY J\u00e4senyhdistykset -sivusto\",\"potentialAction\":[{\"@type\":\"SearchAction\",\"target\":{\"@type\":\"EntryPoint\",\"urlTemplate\":\"https:\/\/sey.fi\/pernio\/?s={search_term_string}\"},\"query-input\":{\"@type\":\"PropertyValueSpecification\",\"valueRequired\":true,\"valueName\":\"search_term_string\"}}],\"inLanguage\":\"fi\"}]}<\/script>\n<!-- \/ Yoast SEO plugin. -->","yoast_head_json":{"title":"L\u00f6yt\u00f6el\u00e4imet - Perni\u00f6n seudun el\u00e4insuojeluyhdistys","robots":{"index":"index","follow":"follow","max-snippet":"max-snippet:-1","max-image-preview":"max-image-preview:large","max-video-preview":"max-video-preview:-1"},"canonical":"https:\/\/sey.fi\/pernio\/pernion-seudun-elainsuojeluyhdistys\/loytoelaimet\/","og_locale":"fi_FI","og_type":"article","og_title":"L\u00f6yt\u00f6el\u00e4imet - Perni\u00f6n seudun el\u00e4insuojeluyhdistys","og_description":"Kadonneiden ja l\u00f6ytyneiden kuvat l\u00f6ytyv\u00e4t yhdistyksen Facebook-sivuilta:&nbsp;t\u00e4\u00e4lt\u00e4. Kannattaa tehd\u00e4 ilmoitus my\u00f6s osoitteeseen&nbsp;www.karkurit.fi L\u00f6yt\u00f6el\u00e4imetLain mukaan l\u00f6yt\u00f6el\u00e4imist\u00e4 huolehtiminen kuuluu kunnille. T\u00e4lt\u00e4 sivulta l\u00f6yd\u00e4t tietoa siit\u00e4 miten Salon talousalueen kunnat ovat sopineet l\u00f6yt\u00f6el\u00e4inten hoidosta. Salon kaupungilla on 3 l\u00f6yt\u00f6el\u00e4inten hoitopaikkaa.&nbsp; My\u00f6s Salon Seudun El\u00e4insuojeluyhdistys ja Perni\u00f6n Seudun El\u00e4insuojeluyhdistys ovat tehneet kaupungin kanssa sopimukset l\u00f6yt\u00f6el\u00e4inten vastaanottamisesta Talteenotetut el\u00e4imet \/ [&hellip;]","og_url":"https:\/\/sey.fi\/pernio\/pernion-seudun-elainsuojeluyhdistys\/loytoelaimet\/","og_site_name":"Perni\u00f6n seudun el\u00e4insuojeluyhdistys","article_modified_time":"2019-11-04T13:44:50+00:00","twitter_card":"summary_large_image","twitter_misc":{"Arvioitu lukuaika":"2 minuuttia"},"schema":{"@context":"https:\/\/schema.org","@graph":[{"@type":"WebPage","@id":"https:\/\/sey.fi\/pernio\/pernion-seudun-elainsuojeluyhdistys\/loytoelaimet\/","url":"https:\/\/sey.fi\/pernio\/pernion-seudun-elainsuojeluyhdistys\/loytoelaimet\/","name":"L\u00f6yt\u00f6el\u00e4imet - Perni\u00f6n seudun el\u00e4insuojeluyhdistys","isPartOf":{"@id":"https:\/\/sey.fi\/pernio\/#website"},"datePublished":"2019-11-04T13:44:49+00:00","dateModified":"2019-11-04T13:44:50+00:00","breadcrumb":{"@id":"https:\/\/sey.fi\/pernio\/pernion-seudun-elainsuojeluyhdistys\/loytoelaimet\/#breadcrumb"},"inLanguage":"fi","potentialAction":[{"@type":"ReadAction","target":["https:\/\/sey.fi\/pernio\/pernion-seudun-elainsuojeluyhdistys\/loytoelaimet\/"]}]},{"@type":"BreadcrumbList","@id":"https:\/\/sey.fi\/pernio\/pernion-seudun-elainsuojeluyhdistys\/loytoelaimet\/#breadcrumb","itemListElement":[{"@type":"ListItem","position":1,"name":"Home","item":"https:\/\/sey.fi\/pernio\/"},{"@type":"ListItem","position":2,"name":"Perni\u00f6n seudun el\u00e4insuojeluyhdistys","item":"https:\/\/sey.fi\/pernio\/"},{"@type":"ListItem","position":3,"name":"L\u00f6yt\u00f6el\u00e4imet"}]},{"@type":"WebSite","@id":"https:\/\/sey.fi\/pernio\/#website","url":"https:\/\/sey.fi\/pernio\/","name":"Perni\u00f6n seudun el\u00e4insuojeluyhdistys","description":"Uusi SEY J\u00e4senyhdistykset -sivusto","potentialAction":[{"@type":"SearchAction","target":{"@type":"EntryPoint","urlTemplate":"https:\/\/sey.fi\/pernio\/?s={search_term_string}"},"query-input":{"@type":"PropertyValueSpecification","valueRequired":true,"valueName":"search_term_string"}}],"inLanguage":"fi"}]}},"_links":{"self":[{"href":"https:\/\/sey.fi\/pernio\/wp-json\/wp\/v2\/pages\/34","targetHints":{"allow":["GET"]}}],"collection":[{"href":"https:\/\/sey.fi\/pernio\/wp-json\/wp\/v2\/pages"}],"about":[{"href":"https:\/\/sey.fi\/pernio\/wp-json\/wp\/v2\/types\/page"}],"author":[{"embeddable":true,"href":"https:\/\/sey.fi\/pernio\/wp-json\/wp\/v2\/users\/8"}],"replies":[{"embeddable":true,"href":"https:\/\/sey.fi\/pernio\/wp-json\/wp\/v2\/comments?post=34"}],"version-history":[{"count":1,"href":"https:\/\/sey.fi\/pernio\/wp-json\/wp\/v2\/pages\/34\/revisions"}],"predecessor-version":[{"id":35,"href":"https:\/\/sey.fi\/pernio\/wp-json\/wp\/v2\/pages\/34\/revisions\/35"}],"up":[{"embeddable":true,"href":"https:\/\/sey.fi\/pernio\/wp-json\/wp\/v2\/pages\/2"}],"wp:attachment":[{"href":"https:\/\/sey.fi\/pernio\/wp-json\/wp\/v2\/media?parent=34"}],"curies":[{"name":"wp","href":"https:\/\/api.w.org\/{rel}","templated":true}]}}