{"id":36,"date":"2019-11-04T15:45:50","date_gmt":"2019-11-04T13:45:50","guid":{"rendered":"http:\/\/srvr10.xetpoint.com\/~seyfi\/pernio\/?page_id=36"},"modified":"2019-11-04T15:45:51","modified_gmt":"2019-11-04T13:45:51","slug":"luonnonvaraiset-elaimet","status":"publish","type":"page","link":"https:\/\/sey.fi\/pernio\/pernion-seudun-elainsuojeluyhdistys\/loytoelaimet\/luonnonvaraiset-elaimet\/","title":{"rendered":"Luonnonvaraiset el\u00e4imet"},"content":{"rendered":"\n<p>Luonnonvaraiset el\u00e4imet ovat tavallaan v\u00e4liinputoajia koska lakis\u00e4\u00e4teist\u00e4 hoitopaikkaverkostoa ei Suomessa ole, vaan hoito kaatuu p\u00e4\u00e4asiassa olemassa oleville kaupallisille el\u00e4intarhoille.<br>Suomen ainoa valtion rahoittama el\u00e4inhoitola on Pyht\u00e4\u00e4ll\u00e4. Pyht\u00e4\u00e4n hoitola on vain linnuille tarkoitettu hoitola. Samantyyppisi\u00e4 hoitoloita tulisi perustaa koko maan kattava verkosto joka ottaisi vastaan my\u00f6s nis\u00e4kk\u00e4it\u00e4.<br>Jokainen meist\u00e4 t\u00f6rm\u00e4\u00e4 joskus avuntarpeessa olevaan el\u00e4imeen ja miettii mit\u00e4 pit\u00e4isi tehd\u00e4. Laki velvoittaa jokaista ihmist\u00e4 auttamaan apua tarvitsevaa el\u00e4int\u00e4. Tilanteeseen ei saa rynn\u00e4t\u00e4 suinp\u00e4in, vaan pieni harkinta-aika on aina paikallaan &#8211; oma turvallisuus t\u00e4ytyy muistaa ensin.<\/p>\n\n\n\n<p>T\u00e4ss\u00e4 muutama k\u00e4yt\u00e4nn\u00f6n vinkki:<br>\u2022 Toimi aina rauhallisesti koska pelastettava on varmasti enemm\u00e4n peloissaan kuin sin\u00e4.<br>\u2022 V\u00e4lt\u00e4 tuottamasta tarpeetonta kipua, tuskaa tai k\u00e4rsimyst\u00e4 pelastettavalle.<br>\u2022 Varo petolinnuilla varsinkin kynsi\u00e4.<br>\u2022 Muilla isokokoisilla linnuilla on syyt\u00e4 varoa nokkaa.<br>\u2022 Joutsenilla ja hanhilla on varottava siipi\u00e4 joilla ne puolustavat itse\u00e4\u00e4n.<br>\u2022 Tumma kangas (takki, pusero) el\u00e4imen yli heitettyn\u00e4 yleens\u00e4 rauhoittaa el\u00e4imen.<br>\u2022 Nis\u00e4kk\u00e4\u00e4t purevat tai raapivat.<br>\u2022 Jos et pysty auttamaan ota aina yhteys viranomaisiin ja kerro miss\u00e4 apua tarvitaan.<br>\u2022 \u00c4l\u00e4 tee turhia huostaanottoja poikasaikaan, koska emo on aina l\u00e4hettyvill\u00e4 vaikka sin\u00e4 et sit\u00e4 havaitsekaan.<\/p>\n\n\n\n<h4 class=\"wp-block-heading\"><br><strong>Mit\u00e4\u00e4n luonnonvaraista el\u00e4int\u00e4 ei saa ottaa tai pit\u00e4\u00e4 lemmikkin\u00e4!<\/strong><\/h4>\n","protected":false},"excerpt":{"rendered":"<p>Luonnonvaraiset el\u00e4imet ovat tavallaan v\u00e4liinputoajia koska lakis\u00e4\u00e4teist\u00e4 hoitopaikkaverkostoa ei Suomessa ole, vaan hoito kaatuu p\u00e4\u00e4asiassa olemassa oleville kaupallisille el\u00e4intarhoille.Suomen ainoa valtion rahoittama el\u00e4inhoitola on Pyht\u00e4\u00e4ll\u00e4. Pyht\u00e4\u00e4n hoitola on vain linnuille tarkoitettu hoitola. Samantyyppisi\u00e4 hoitoloita tulisi perustaa koko maan kattava verkosto joka ottaisi vastaan my\u00f6s nis\u00e4kk\u00e4it\u00e4.Jokainen meist\u00e4 t\u00f6rm\u00e4\u00e4 joskus avuntarpeessa olevaan el\u00e4imeen ja miettii mit\u00e4 pit\u00e4isi [&hellip;]<\/p>\n","protected":false},"author":8,"featured_media":0,"parent":34,"menu_order":0,"comment_status":"closed","ping_status":"closed","template":"","meta":{"_acf_changed":false,"footnotes":""},"class_list":["post-36","page","type-page","status-publish","hentry"],"acf":[],"yoast_head":"<!-- This site is optimized with the Yoast SEO plugin v27.1.1 - https:\/\/yoast.com\/product\/yoast-seo-wordpress\/ -->\n<title>Luonnonvaraiset el\u00e4imet - Perni\u00f6n seudun el\u00e4insuojeluyhdistys<\/title>\n<meta name=\"robots\" content=\"index, follow, max-snippet:-1, max-image-preview:large, max-video-preview:-1\" \/>\n<link rel=\"canonical\" href=\"https:\/\/sey.fi\/pernio\/pernion-seudun-elainsuojeluyhdistys\/loytoelaimet\/luonnonvaraiset-elaimet\/\" \/>\n<meta property=\"og:locale\" content=\"fi_FI\" \/>\n<meta property=\"og:type\" content=\"article\" \/>\n<meta property=\"og:title\" content=\"Luonnonvaraiset el\u00e4imet - Perni\u00f6n seudun el\u00e4insuojeluyhdistys\" \/>\n<meta property=\"og:description\" content=\"Luonnonvaraiset el\u00e4imet ovat tavallaan v\u00e4liinputoajia koska lakis\u00e4\u00e4teist\u00e4 hoitopaikkaverkostoa ei Suomessa ole, vaan hoito kaatuu p\u00e4\u00e4asiassa olemassa oleville kaupallisille el\u00e4intarhoille.Suomen ainoa valtion rahoittama el\u00e4inhoitola on Pyht\u00e4\u00e4ll\u00e4. Pyht\u00e4\u00e4n hoitola on vain linnuille tarkoitettu hoitola. Samantyyppisi\u00e4 hoitoloita tulisi perustaa koko maan kattava verkosto joka ottaisi vastaan my\u00f6s nis\u00e4kk\u00e4it\u00e4.Jokainen meist\u00e4 t\u00f6rm\u00e4\u00e4 joskus avuntarpeessa olevaan el\u00e4imeen ja miettii mit\u00e4 pit\u00e4isi [&hellip;]\" \/>\n<meta property=\"og:url\" content=\"https:\/\/sey.fi\/pernio\/pernion-seudun-elainsuojeluyhdistys\/loytoelaimet\/luonnonvaraiset-elaimet\/\" \/>\n<meta property=\"og:site_name\" content=\"Perni\u00f6n seudun el\u00e4insuojeluyhdistys\" \/>\n<meta property=\"article:modified_time\" content=\"2019-11-04T13:45:51+00:00\" \/>\n<meta name=\"twitter:card\" content=\"summary_large_image\" \/>\n<meta name=\"twitter:label1\" content=\"Arvioitu lukuaika\" \/>\n\t<meta name=\"twitter:data1\" content=\"1 minuutti\" \/>\n<script type=\"application\/ld+json\" class=\"yoast-schema-graph\">{\"@context\":\"https:\/\/schema.org\",\"@graph\":[{\"@type\":\"WebPage\",\"@id\":\"https:\/\/sey.fi\/pernio\/pernion-seudun-elainsuojeluyhdistys\/loytoelaimet\/luonnonvaraiset-elaimet\/\",\"url\":\"https:\/\/sey.fi\/pernio\/pernion-seudun-elainsuojeluyhdistys\/loytoelaimet\/luonnonvaraiset-elaimet\/\",\"name\":\"Luonnonvaraiset el\u00e4imet - Perni\u00f6n seudun el\u00e4insuojeluyhdistys\",\"isPartOf\":{\"@id\":\"https:\/\/sey.fi\/pernio\/#website\"},\"datePublished\":\"2019-11-04T13:45:50+00:00\",\"dateModified\":\"2019-11-04T13:45:51+00:00\",\"breadcrumb\":{\"@id\":\"https:\/\/sey.fi\/pernio\/pernion-seudun-elainsuojeluyhdistys\/loytoelaimet\/luonnonvaraiset-elaimet\/#breadcrumb\"},\"inLanguage\":\"fi\",\"potentialAction\":[{\"@type\":\"ReadAction\",\"target\":[\"https:\/\/sey.fi\/pernio\/pernion-seudun-elainsuojeluyhdistys\/loytoelaimet\/luonnonvaraiset-elaimet\/\"]}]},{\"@type\":\"BreadcrumbList\",\"@id\":\"https:\/\/sey.fi\/pernio\/pernion-seudun-elainsuojeluyhdistys\/loytoelaimet\/luonnonvaraiset-elaimet\/#breadcrumb\",\"itemListElement\":[{\"@type\":\"ListItem\",\"position\":1,\"name\":\"Home\",\"item\":\"https:\/\/sey.fi\/pernio\/\"},{\"@type\":\"ListItem\",\"position\":2,\"name\":\"Perni\u00f6n seudun el\u00e4insuojeluyhdistys\",\"item\":\"https:\/\/sey.fi\/pernio\/\"},{\"@type\":\"ListItem\",\"position\":3,\"name\":\"L\u00f6yt\u00f6el\u00e4imet\",\"item\":\"https:\/\/sey.fi\/pernio\/pernion-seudun-elainsuojeluyhdistys\/loytoelaimet\/\"},{\"@type\":\"ListItem\",\"position\":4,\"name\":\"Luonnonvaraiset el\u00e4imet\"}]},{\"@type\":\"WebSite\",\"@id\":\"https:\/\/sey.fi\/pernio\/#website\",\"url\":\"https:\/\/sey.fi\/pernio\/\",\"name\":\"Perni\u00f6n seudun el\u00e4insuojeluyhdistys\",\"description\":\"Uusi SEY J\u00e4senyhdistykset -sivusto\",\"potentialAction\":[{\"@type\":\"SearchAction\",\"target\":{\"@type\":\"EntryPoint\",\"urlTemplate\":\"https:\/\/sey.fi\/pernio\/?s={search_term_string}\"},\"query-input\":{\"@type\":\"PropertyValueSpecification\",\"valueRequired\":true,\"valueName\":\"search_term_string\"}}],\"inLanguage\":\"fi\"}]}<\/script>\n<!-- \/ Yoast SEO plugin. -->","yoast_head_json":{"title":"Luonnonvaraiset el\u00e4imet - Perni\u00f6n seudun el\u00e4insuojeluyhdistys","robots":{"index":"index","follow":"follow","max-snippet":"max-snippet:-1","max-image-preview":"max-image-preview:large","max-video-preview":"max-video-preview:-1"},"canonical":"https:\/\/sey.fi\/pernio\/pernion-seudun-elainsuojeluyhdistys\/loytoelaimet\/luonnonvaraiset-elaimet\/","og_locale":"fi_FI","og_type":"article","og_title":"Luonnonvaraiset el\u00e4imet - Perni\u00f6n seudun el\u00e4insuojeluyhdistys","og_description":"Luonnonvaraiset el\u00e4imet ovat tavallaan v\u00e4liinputoajia koska lakis\u00e4\u00e4teist\u00e4 hoitopaikkaverkostoa ei Suomessa ole, vaan hoito kaatuu p\u00e4\u00e4asiassa olemassa oleville kaupallisille el\u00e4intarhoille.Suomen ainoa valtion rahoittama el\u00e4inhoitola on Pyht\u00e4\u00e4ll\u00e4. Pyht\u00e4\u00e4n hoitola on vain linnuille tarkoitettu hoitola. Samantyyppisi\u00e4 hoitoloita tulisi perustaa koko maan kattava verkosto joka ottaisi vastaan my\u00f6s nis\u00e4kk\u00e4it\u00e4.Jokainen meist\u00e4 t\u00f6rm\u00e4\u00e4 joskus avuntarpeessa olevaan el\u00e4imeen ja miettii mit\u00e4 pit\u00e4isi [&hellip;]","og_url":"https:\/\/sey.fi\/pernio\/pernion-seudun-elainsuojeluyhdistys\/loytoelaimet\/luonnonvaraiset-elaimet\/","og_site_name":"Perni\u00f6n seudun el\u00e4insuojeluyhdistys","article_modified_time":"2019-11-04T13:45:51+00:00","twitter_card":"summary_large_image","twitter_misc":{"Arvioitu lukuaika":"1 minuutti"},"schema":{"@context":"https:\/\/schema.org","@graph":[{"@type":"WebPage","@id":"https:\/\/sey.fi\/pernio\/pernion-seudun-elainsuojeluyhdistys\/loytoelaimet\/luonnonvaraiset-elaimet\/","url":"https:\/\/sey.fi\/pernio\/pernion-seudun-elainsuojeluyhdistys\/loytoelaimet\/luonnonvaraiset-elaimet\/","name":"Luonnonvaraiset el\u00e4imet - Perni\u00f6n seudun el\u00e4insuojeluyhdistys","isPartOf":{"@id":"https:\/\/sey.fi\/pernio\/#website"},"datePublished":"2019-11-04T13:45:50+00:00","dateModified":"2019-11-04T13:45:51+00:00","breadcrumb":{"@id":"https:\/\/sey.fi\/pernio\/pernion-seudun-elainsuojeluyhdistys\/loytoelaimet\/luonnonvaraiset-elaimet\/#breadcrumb"},"inLanguage":"fi","potentialAction":[{"@type":"ReadAction","target":["https:\/\/sey.fi\/pernio\/pernion-seudun-elainsuojeluyhdistys\/loytoelaimet\/luonnonvaraiset-elaimet\/"]}]},{"@type":"BreadcrumbList","@id":"https:\/\/sey.fi\/pernio\/pernion-seudun-elainsuojeluyhdistys\/loytoelaimet\/luonnonvaraiset-elaimet\/#breadcrumb","itemListElement":[{"@type":"ListItem","position":1,"name":"Home","item":"https:\/\/sey.fi\/pernio\/"},{"@type":"ListItem","position":2,"name":"Perni\u00f6n seudun el\u00e4insuojeluyhdistys","item":"https:\/\/sey.fi\/pernio\/"},{"@type":"ListItem","position":3,"name":"L\u00f6yt\u00f6el\u00e4imet","item":"https:\/\/sey.fi\/pernio\/pernion-seudun-elainsuojeluyhdistys\/loytoelaimet\/"},{"@type":"ListItem","position":4,"name":"Luonnonvaraiset el\u00e4imet"}]},{"@type":"WebSite","@id":"https:\/\/sey.fi\/pernio\/#website","url":"https:\/\/sey.fi\/pernio\/","name":"Perni\u00f6n seudun el\u00e4insuojeluyhdistys","description":"Uusi SEY J\u00e4senyhdistykset -sivusto","potentialAction":[{"@type":"SearchAction","target":{"@type":"EntryPoint","urlTemplate":"https:\/\/sey.fi\/pernio\/?s={search_term_string}"},"query-input":{"@type":"PropertyValueSpecification","valueRequired":true,"valueName":"search_term_string"}}],"inLanguage":"fi"}]}},"_links":{"self":[{"href":"https:\/\/sey.fi\/pernio\/wp-json\/wp\/v2\/pages\/36","targetHints":{"allow":["GET"]}}],"collection":[{"href":"https:\/\/sey.fi\/pernio\/wp-json\/wp\/v2\/pages"}],"about":[{"href":"https:\/\/sey.fi\/pernio\/wp-json\/wp\/v2\/types\/page"}],"author":[{"embeddable":true,"href":"https:\/\/sey.fi\/pernio\/wp-json\/wp\/v2\/users\/8"}],"replies":[{"embeddable":true,"href":"https:\/\/sey.fi\/pernio\/wp-json\/wp\/v2\/comments?post=36"}],"version-history":[{"count":1,"href":"https:\/\/sey.fi\/pernio\/wp-json\/wp\/v2\/pages\/36\/revisions"}],"predecessor-version":[{"id":37,"href":"https:\/\/sey.fi\/pernio\/wp-json\/wp\/v2\/pages\/36\/revisions\/37"}],"up":[{"embeddable":true,"href":"https:\/\/sey.fi\/pernio\/wp-json\/wp\/v2\/pages\/34"}],"wp:attachment":[{"href":"https:\/\/sey.fi\/pernio\/wp-json\/wp\/v2\/media?parent=36"}],"curies":[{"name":"wp","href":"https:\/\/api.w.org\/{rel}","templated":true}]}}