{"id":38,"date":"2019-11-04T15:47:33","date_gmt":"2019-11-04T13:47:33","guid":{"rendered":"http:\/\/srvr10.xetpoint.com\/~seyfi\/pernio\/?page_id=38"},"modified":"2019-11-04T15:47:34","modified_gmt":"2019-11-04T13:47:34","slug":"linnunpoikanen","status":"publish","type":"page","link":"https:\/\/sey.fi\/pernio\/pernion-seudun-elainsuojeluyhdistys\/loytoelaimet\/luonnonvaraiset-elaimet\/linnunpoikanen\/","title":{"rendered":"Linnunpoikanen"},"content":{"rendered":"\n<h4 class=\"wp-block-heading\"><strong>Vesilinnun poikanen<\/strong><\/h4>\n\n\n\n<p>Emot l\u00e4htev\u00e4t siirt\u00e4m\u00e4\u00e4n poikuettaan veden \u00e4\u00e4reen heti niiden kuoriuduttua. Mik\u00e4li se joutuu<br>siirt\u00e4m\u00e4\u00e4n poikaset autotien yli, liian usein k\u00e4y niin, ett\u00e4 huolimaton autoilija ajaa poikueen p\u00e4\u00e4lle.<br>Jos emo menehtyy, poikaset j\u00e4\u00e4v\u00e4t oman onnensa nojaan. Mik\u00e4li satut paikalle onnettomuuden sattuessa, yrit\u00e4 omaa turvallisuuttasi vaarantamatta pys\u00e4ytt\u00e4\u00e4 muu liikenne ja ker\u00e4t\u00e4 poikaset talteen. Toimita poikaset el\u00e4inhoitolaan mahdollisimman nopeasti. Poikaset tarvitsevat kuivan ja l\u00e4mpim\u00e4n suojan. Stressaantuneet poikaset eiv\u00e4t kest\u00e4 kastumista, eik\u00e4 niit\u00e4 voi vied\u00e4 veteen ilman emoaan. Ensi h\u00e4t\u00e4\u00e4n niille voi tarjota ruoaksi veteen kastettua vaaleaa leip\u00e4\u00e4 ja ruohosilppua.<\/p>\n\n\n\n<h4 class=\"wp-block-heading\"><strong>Linnunpoikanen<\/strong><\/h4>\n\n\n\n<p>Tuulisella s\u00e4\u00e4ll\u00e4 saattaa puusta tipahtaa kokonainen linnunpes\u00e4. N\u00e4iden poikasten kanssa on todella<br>kiire, ne eiv\u00e4t kauaakaan ilman ruokaa tai juomaa selvi\u00e4. Maasta l\u00f6ytyneet linnunpojat on siis saatava hoitoon mahdollisimman nopeasti. Ensiapuna voi antaa tulitikun poltetulla k\u00e4rjell\u00e4 hy\u00f6nteisi\u00e4 avonaisiin nokkiin. My\u00f6s raaka jauheliha ajaa saman asian.<\/p>\n\n\n\n<h4 class=\"wp-block-heading\"><strong>Isomman linnun poikanen<\/strong><\/h4>\n\n\n\n<p>Rastaan, samoin kuin variksen ja harakanpoikaset kasvavat ulos pes\u00e4st\u00e4\u00e4n jo varhain. Ne ovat<br>lentokyvytt\u00f6mi\u00e4 viel\u00e4 pitk\u00e4\u00e4n sen j\u00e4lkeen kun ovat pes\u00e4st\u00e4\u00e4n l\u00e4hteneet. Emot kuitenkin vartioivat<br>maassa ruokaa odottavia poikasiaan hyvinkin aggressiivisesti. Jos emolintuja l\u00e4hipuissa n\u00e4kyy, on<br>oman jakauksen kannalta j\u00e4rkev\u00e4mp\u00e4\u00e4 j\u00e4tt\u00e4\u00e4 poikaset rauhaan. Mik\u00e4li emoja ei kuitenkaan n\u00e4y, ja<br>poikanen on h\u00e4t\u00e4\u00e4 k\u00e4rsim\u00e4ss\u00e4 se ja pit\u00e4\u00e4 ottaa turvaan. Isoillekin linnunpoikasille voidaan tarjota<br>hy\u00f6nteisi\u00e4 (rastaille mieluiten kastematoja) tai jauhelihaa.<\/p>\n\n\n\n<p>(tekstit lainattu Turun el\u00e4insuojeluyhdistyksen sivuilta)<\/p>\n\n\n\n<h4 class=\"wp-block-heading\"><strong>Muista aina varmistua ett\u00e4 luonnosta l\u00f6yt\u00e4m\u00e4si poikanen on avun tarpeessa.<\/strong><\/h4>\n\n\n\n<p>Ep\u00e4selviss\u00e4 tapauksissa ota ensin yhteys yhdistyksen neuvojaan 050\u20133396557\/Aho tai 040\u20137629024\/Nyman<\/p>\n","protected":false},"excerpt":{"rendered":"<p>Vesilinnun poikanen Emot l\u00e4htev\u00e4t siirt\u00e4m\u00e4\u00e4n poikuettaan veden \u00e4\u00e4reen heti niiden kuoriuduttua. Mik\u00e4li se joutuusiirt\u00e4m\u00e4\u00e4n poikaset autotien yli, liian usein k\u00e4y niin, ett\u00e4 huolimaton autoilija ajaa poikueen p\u00e4\u00e4lle.Jos emo menehtyy, poikaset j\u00e4\u00e4v\u00e4t oman onnensa nojaan. Mik\u00e4li satut paikalle onnettomuuden sattuessa, yrit\u00e4 omaa turvallisuuttasi vaarantamatta pys\u00e4ytt\u00e4\u00e4 muu liikenne ja ker\u00e4t\u00e4 poikaset talteen. Toimita poikaset el\u00e4inhoitolaan mahdollisimman nopeasti. [&hellip;]<\/p>\n","protected":false},"author":8,"featured_media":0,"parent":36,"menu_order":0,"comment_status":"closed","ping_status":"closed","template":"","meta":{"_acf_changed":false,"footnotes":""},"class_list":["post-38","page","type-page","status-publish","hentry"],"acf":[],"yoast_head":"<!-- This site is optimized with the Yoast SEO plugin v27.1.1 - https:\/\/yoast.com\/product\/yoast-seo-wordpress\/ -->\n<title>Linnunpoikanen - Perni\u00f6n seudun el\u00e4insuojeluyhdistys<\/title>\n<meta name=\"robots\" content=\"index, follow, max-snippet:-1, max-image-preview:large, max-video-preview:-1\" \/>\n<link rel=\"canonical\" href=\"https:\/\/sey.fi\/pernio\/pernion-seudun-elainsuojeluyhdistys\/loytoelaimet\/luonnonvaraiset-elaimet\/linnunpoikanen\/\" \/>\n<meta property=\"og:locale\" content=\"fi_FI\" \/>\n<meta property=\"og:type\" content=\"article\" \/>\n<meta property=\"og:title\" content=\"Linnunpoikanen - Perni\u00f6n seudun el\u00e4insuojeluyhdistys\" \/>\n<meta property=\"og:description\" content=\"Vesilinnun poikanen Emot l\u00e4htev\u00e4t siirt\u00e4m\u00e4\u00e4n poikuettaan veden \u00e4\u00e4reen heti niiden kuoriuduttua. Mik\u00e4li se joutuusiirt\u00e4m\u00e4\u00e4n poikaset autotien yli, liian usein k\u00e4y niin, ett\u00e4 huolimaton autoilija ajaa poikueen p\u00e4\u00e4lle.Jos emo menehtyy, poikaset j\u00e4\u00e4v\u00e4t oman onnensa nojaan. Mik\u00e4li satut paikalle onnettomuuden sattuessa, yrit\u00e4 omaa turvallisuuttasi vaarantamatta pys\u00e4ytt\u00e4\u00e4 muu liikenne ja ker\u00e4t\u00e4 poikaset talteen. Toimita poikaset el\u00e4inhoitolaan mahdollisimman nopeasti. [&hellip;]\" \/>\n<meta property=\"og:url\" content=\"https:\/\/sey.fi\/pernio\/pernion-seudun-elainsuojeluyhdistys\/loytoelaimet\/luonnonvaraiset-elaimet\/linnunpoikanen\/\" \/>\n<meta property=\"og:site_name\" content=\"Perni\u00f6n seudun el\u00e4insuojeluyhdistys\" \/>\n<meta property=\"article:modified_time\" content=\"2019-11-04T13:47:34+00:00\" \/>\n<meta name=\"twitter:card\" content=\"summary_large_image\" \/>\n<meta name=\"twitter:label1\" content=\"Arvioitu lukuaika\" \/>\n\t<meta name=\"twitter:data1\" content=\"1 minuutti\" \/>\n<script type=\"application\/ld+json\" class=\"yoast-schema-graph\">{\"@context\":\"https:\/\/schema.org\",\"@graph\":[{\"@type\":\"WebPage\",\"@id\":\"https:\/\/sey.fi\/pernio\/pernion-seudun-elainsuojeluyhdistys\/loytoelaimet\/luonnonvaraiset-elaimet\/linnunpoikanen\/\",\"url\":\"https:\/\/sey.fi\/pernio\/pernion-seudun-elainsuojeluyhdistys\/loytoelaimet\/luonnonvaraiset-elaimet\/linnunpoikanen\/\",\"name\":\"Linnunpoikanen - Perni\u00f6n seudun el\u00e4insuojeluyhdistys\",\"isPartOf\":{\"@id\":\"https:\/\/sey.fi\/pernio\/#website\"},\"datePublished\":\"2019-11-04T13:47:33+00:00\",\"dateModified\":\"2019-11-04T13:47:34+00:00\",\"breadcrumb\":{\"@id\":\"https:\/\/sey.fi\/pernio\/pernion-seudun-elainsuojeluyhdistys\/loytoelaimet\/luonnonvaraiset-elaimet\/linnunpoikanen\/#breadcrumb\"},\"inLanguage\":\"fi\",\"potentialAction\":[{\"@type\":\"ReadAction\",\"target\":[\"https:\/\/sey.fi\/pernio\/pernion-seudun-elainsuojeluyhdistys\/loytoelaimet\/luonnonvaraiset-elaimet\/linnunpoikanen\/\"]}]},{\"@type\":\"BreadcrumbList\",\"@id\":\"https:\/\/sey.fi\/pernio\/pernion-seudun-elainsuojeluyhdistys\/loytoelaimet\/luonnonvaraiset-elaimet\/linnunpoikanen\/#breadcrumb\",\"itemListElement\":[{\"@type\":\"ListItem\",\"position\":1,\"name\":\"Home\",\"item\":\"https:\/\/sey.fi\/pernio\/\"},{\"@type\":\"ListItem\",\"position\":2,\"name\":\"Perni\u00f6n seudun el\u00e4insuojeluyhdistys\",\"item\":\"https:\/\/sey.fi\/pernio\/\"},{\"@type\":\"ListItem\",\"position\":3,\"name\":\"L\u00f6yt\u00f6el\u00e4imet\",\"item\":\"https:\/\/sey.fi\/pernio\/pernion-seudun-elainsuojeluyhdistys\/loytoelaimet\/\"},{\"@type\":\"ListItem\",\"position\":4,\"name\":\"Luonnonvaraiset el\u00e4imet\",\"item\":\"https:\/\/sey.fi\/pernio\/pernion-seudun-elainsuojeluyhdistys\/loytoelaimet\/luonnonvaraiset-elaimet\/\"},{\"@type\":\"ListItem\",\"position\":5,\"name\":\"Linnunpoikanen\"}]},{\"@type\":\"WebSite\",\"@id\":\"https:\/\/sey.fi\/pernio\/#website\",\"url\":\"https:\/\/sey.fi\/pernio\/\",\"name\":\"Perni\u00f6n seudun el\u00e4insuojeluyhdistys\",\"description\":\"Uusi SEY J\u00e4senyhdistykset -sivusto\",\"potentialAction\":[{\"@type\":\"SearchAction\",\"target\":{\"@type\":\"EntryPoint\",\"urlTemplate\":\"https:\/\/sey.fi\/pernio\/?s={search_term_string}\"},\"query-input\":{\"@type\":\"PropertyValueSpecification\",\"valueRequired\":true,\"valueName\":\"search_term_string\"}}],\"inLanguage\":\"fi\"}]}<\/script>\n<!-- \/ Yoast SEO plugin. -->","yoast_head_json":{"title":"Linnunpoikanen - Perni\u00f6n seudun el\u00e4insuojeluyhdistys","robots":{"index":"index","follow":"follow","max-snippet":"max-snippet:-1","max-image-preview":"max-image-preview:large","max-video-preview":"max-video-preview:-1"},"canonical":"https:\/\/sey.fi\/pernio\/pernion-seudun-elainsuojeluyhdistys\/loytoelaimet\/luonnonvaraiset-elaimet\/linnunpoikanen\/","og_locale":"fi_FI","og_type":"article","og_title":"Linnunpoikanen - Perni\u00f6n seudun el\u00e4insuojeluyhdistys","og_description":"Vesilinnun poikanen Emot l\u00e4htev\u00e4t siirt\u00e4m\u00e4\u00e4n poikuettaan veden \u00e4\u00e4reen heti niiden kuoriuduttua. Mik\u00e4li se joutuusiirt\u00e4m\u00e4\u00e4n poikaset autotien yli, liian usein k\u00e4y niin, ett\u00e4 huolimaton autoilija ajaa poikueen p\u00e4\u00e4lle.Jos emo menehtyy, poikaset j\u00e4\u00e4v\u00e4t oman onnensa nojaan. Mik\u00e4li satut paikalle onnettomuuden sattuessa, yrit\u00e4 omaa turvallisuuttasi vaarantamatta pys\u00e4ytt\u00e4\u00e4 muu liikenne ja ker\u00e4t\u00e4 poikaset talteen. Toimita poikaset el\u00e4inhoitolaan mahdollisimman nopeasti. [&hellip;]","og_url":"https:\/\/sey.fi\/pernio\/pernion-seudun-elainsuojeluyhdistys\/loytoelaimet\/luonnonvaraiset-elaimet\/linnunpoikanen\/","og_site_name":"Perni\u00f6n seudun el\u00e4insuojeluyhdistys","article_modified_time":"2019-11-04T13:47:34+00:00","twitter_card":"summary_large_image","twitter_misc":{"Arvioitu lukuaika":"1 minuutti"},"schema":{"@context":"https:\/\/schema.org","@graph":[{"@type":"WebPage","@id":"https:\/\/sey.fi\/pernio\/pernion-seudun-elainsuojeluyhdistys\/loytoelaimet\/luonnonvaraiset-elaimet\/linnunpoikanen\/","url":"https:\/\/sey.fi\/pernio\/pernion-seudun-elainsuojeluyhdistys\/loytoelaimet\/luonnonvaraiset-elaimet\/linnunpoikanen\/","name":"Linnunpoikanen - Perni\u00f6n seudun el\u00e4insuojeluyhdistys","isPartOf":{"@id":"https:\/\/sey.fi\/pernio\/#website"},"datePublished":"2019-11-04T13:47:33+00:00","dateModified":"2019-11-04T13:47:34+00:00","breadcrumb":{"@id":"https:\/\/sey.fi\/pernio\/pernion-seudun-elainsuojeluyhdistys\/loytoelaimet\/luonnonvaraiset-elaimet\/linnunpoikanen\/#breadcrumb"},"inLanguage":"fi","potentialAction":[{"@type":"ReadAction","target":["https:\/\/sey.fi\/pernio\/pernion-seudun-elainsuojeluyhdistys\/loytoelaimet\/luonnonvaraiset-elaimet\/linnunpoikanen\/"]}]},{"@type":"BreadcrumbList","@id":"https:\/\/sey.fi\/pernio\/pernion-seudun-elainsuojeluyhdistys\/loytoelaimet\/luonnonvaraiset-elaimet\/linnunpoikanen\/#breadcrumb","itemListElement":[{"@type":"ListItem","position":1,"name":"Home","item":"https:\/\/sey.fi\/pernio\/"},{"@type":"ListItem","position":2,"name":"Perni\u00f6n seudun el\u00e4insuojeluyhdistys","item":"https:\/\/sey.fi\/pernio\/"},{"@type":"ListItem","position":3,"name":"L\u00f6yt\u00f6el\u00e4imet","item":"https:\/\/sey.fi\/pernio\/pernion-seudun-elainsuojeluyhdistys\/loytoelaimet\/"},{"@type":"ListItem","position":4,"name":"Luonnonvaraiset el\u00e4imet","item":"https:\/\/sey.fi\/pernio\/pernion-seudun-elainsuojeluyhdistys\/loytoelaimet\/luonnonvaraiset-elaimet\/"},{"@type":"ListItem","position":5,"name":"Linnunpoikanen"}]},{"@type":"WebSite","@id":"https:\/\/sey.fi\/pernio\/#website","url":"https:\/\/sey.fi\/pernio\/","name":"Perni\u00f6n seudun el\u00e4insuojeluyhdistys","description":"Uusi SEY J\u00e4senyhdistykset -sivusto","potentialAction":[{"@type":"SearchAction","target":{"@type":"EntryPoint","urlTemplate":"https:\/\/sey.fi\/pernio\/?s={search_term_string}"},"query-input":{"@type":"PropertyValueSpecification","valueRequired":true,"valueName":"search_term_string"}}],"inLanguage":"fi"}]}},"_links":{"self":[{"href":"https:\/\/sey.fi\/pernio\/wp-json\/wp\/v2\/pages\/38","targetHints":{"allow":["GET"]}}],"collection":[{"href":"https:\/\/sey.fi\/pernio\/wp-json\/wp\/v2\/pages"}],"about":[{"href":"https:\/\/sey.fi\/pernio\/wp-json\/wp\/v2\/types\/page"}],"author":[{"embeddable":true,"href":"https:\/\/sey.fi\/pernio\/wp-json\/wp\/v2\/users\/8"}],"replies":[{"embeddable":true,"href":"https:\/\/sey.fi\/pernio\/wp-json\/wp\/v2\/comments?post=38"}],"version-history":[{"count":1,"href":"https:\/\/sey.fi\/pernio\/wp-json\/wp\/v2\/pages\/38\/revisions"}],"predecessor-version":[{"id":39,"href":"https:\/\/sey.fi\/pernio\/wp-json\/wp\/v2\/pages\/38\/revisions\/39"}],"up":[{"embeddable":true,"href":"https:\/\/sey.fi\/pernio\/wp-json\/wp\/v2\/pages\/36"}],"wp:attachment":[{"href":"https:\/\/sey.fi\/pernio\/wp-json\/wp\/v2\/media?parent=38"}],"curies":[{"name":"wp","href":"https:\/\/api.w.org\/{rel}","templated":true}]}}