{"id":40,"date":"2019-11-04T15:48:14","date_gmt":"2019-11-04T13:48:14","guid":{"rendered":"http:\/\/srvr10.xetpoint.com\/~seyfi\/pernio\/?page_id=40"},"modified":"2019-11-04T15:48:15","modified_gmt":"2019-11-04T13:48:15","slug":"oravanpoikanen","status":"publish","type":"page","link":"https:\/\/sey.fi\/pernio\/pernion-seudun-elainsuojeluyhdistys\/loytoelaimet\/luonnonvaraiset-elaimet\/oravanpoikanen\/","title":{"rendered":"Oravanpoikanen"},"content":{"rendered":"\n<p>Ensimm\u00e4iset oravanpoikaset aloittelevat kiipeilyharjoituksia kotipes\u00e4ns\u00e4 l\u00e4hettyvill\u00e4 huhtikuussa. Ja aivan kuten ihmistenkin keskuudessa, n\u00e4m\u00e4 pienet hurjap\u00e4iset pojannaskalit saattavat tipahtaa puusta kerran jos toisenkin ennen kuin oppivat mestareiksi. Oravanpoikaset saattavat k\u00e4ytt\u00e4yty\u00e4 kovinkin kesyn oloisesti, ennen kuin oppivat varomaan ihmist\u00e4. Ne saattavat jopa l\u00e4hte\u00e4&nbsp;kiipe\u00e4m\u00e4\u00e4n lahjetta pitkin yl\u00f6s. Emo-oravat huolestuneiden \u00e4itien tavoin seuraavat tilannetta l\u00e4hist\u00f6lt\u00e4 ja tulevat hakemaan pudonneet poikasensa pes\u00e4n turviin, kun tilanne rauhoittuu. Mik\u00e4li kuitenkin oravanpoikasen ymp\u00e4rill\u00e4 h\u00e4\u00e4rii ihmisi\u00e4, se ei uskalla tulla paikalle. Jos siis t\u00e4llaisen oravanpoikasen maassa n\u00e4kee, kannattaa ensin j\u00e4\u00e4d\u00e4 tarkkailemaan tilannetta kauempaa. Mik\u00e4li emoa ei kuitenkaan paikalle puolen tunnin kuluessa ilmaannu ja poikanen edelleen py\u00f6rii maan tasossa, on aika toimia. Samoin jos saalistajat ovat havainneet ahdingossa olevan oravanpoikasen.<\/p>\n\n\n\n<p>Oravaa voi pit\u00e4\u00e4 kotona odottamassa kuljetusta el\u00e4inhoitolaan esim. ilmarei`ill\u00e4 varustetussa pahvilaatikossa, jossa on pohjalla pehmusteita ja nukkumapaikaksi esim. vanha talvipipo. Ruoaksi voi tarjota banaania, rouhittua p\u00e4hkin\u00e4\u00e4, pieni\u00e4 omena- tai porkkanakuutioita ja leiv\u00e4nmuruja. Juomaksi hunajalla tai sokerilla ter\u00e4stetty\u00e4 vett\u00e4 varovasti pipetill\u00e4 suuhun tai jos poikanen on aivan pieni (h\u00e4nt\u00e4 ei viel\u00e4 p\u00f6rr\u00f6inen), k\u00e4denl\u00e4mp\u00f6ist\u00e4 \u00e4idinmaidonvastiketta. Juoma-astiaa ei saa j\u00e4tt\u00e4\u00e4 laatikkoon.<\/p>\n\n\n\n<p>(teksti lainattu Turun el\u00e4insuojeluyhdistyksen sivuilta)<\/p>\n\n\n\n<h4 class=\"wp-block-heading\"><strong>Muista aina varmistua ett\u00e4 luonnosta l\u00f6yt\u00e4m\u00e4si poikanen on avun tarpeessa.<\/strong><\/h4>\n\n\n\n<h4 class=\"wp-block-heading\">Ep\u00e4selviss\u00e4 tapauksissa ota ensin yhteys yhdistyksen neuvojaan 050\u20133396557\/Aho tai 040\u20137629024\/Nyman<\/h4>\n","protected":false},"excerpt":{"rendered":"<p>Ensimm\u00e4iset oravanpoikaset aloittelevat kiipeilyharjoituksia kotipes\u00e4ns\u00e4 l\u00e4hettyvill\u00e4 huhtikuussa. Ja aivan kuten ihmistenkin keskuudessa, n\u00e4m\u00e4 pienet hurjap\u00e4iset pojannaskalit saattavat tipahtaa puusta kerran jos toisenkin ennen kuin oppivat mestareiksi. Oravanpoikaset saattavat k\u00e4ytt\u00e4yty\u00e4 kovinkin kesyn oloisesti, ennen kuin oppivat varomaan ihmist\u00e4. Ne saattavat jopa l\u00e4hte\u00e4&nbsp;kiipe\u00e4m\u00e4\u00e4n lahjetta pitkin yl\u00f6s. Emo-oravat huolestuneiden \u00e4itien tavoin seuraavat tilannetta l\u00e4hist\u00f6lt\u00e4 ja tulevat hakemaan pudonneet [&hellip;]<\/p>\n","protected":false},"author":8,"featured_media":0,"parent":36,"menu_order":0,"comment_status":"closed","ping_status":"closed","template":"","meta":{"_acf_changed":false,"footnotes":""},"class_list":["post-40","page","type-page","status-publish","hentry"],"acf":[],"yoast_head":"<!-- This site is optimized with the Yoast SEO plugin v27.1.1 - https:\/\/yoast.com\/product\/yoast-seo-wordpress\/ -->\n<title>Oravanpoikanen - Perni\u00f6n seudun el\u00e4insuojeluyhdistys<\/title>\n<meta name=\"robots\" content=\"index, follow, max-snippet:-1, max-image-preview:large, max-video-preview:-1\" \/>\n<link rel=\"canonical\" href=\"https:\/\/sey.fi\/pernio\/pernion-seudun-elainsuojeluyhdistys\/loytoelaimet\/luonnonvaraiset-elaimet\/oravanpoikanen\/\" \/>\n<meta property=\"og:locale\" content=\"fi_FI\" \/>\n<meta property=\"og:type\" content=\"article\" \/>\n<meta property=\"og:title\" content=\"Oravanpoikanen - Perni\u00f6n seudun el\u00e4insuojeluyhdistys\" \/>\n<meta property=\"og:description\" content=\"Ensimm\u00e4iset oravanpoikaset aloittelevat kiipeilyharjoituksia kotipes\u00e4ns\u00e4 l\u00e4hettyvill\u00e4 huhtikuussa. Ja aivan kuten ihmistenkin keskuudessa, n\u00e4m\u00e4 pienet hurjap\u00e4iset pojannaskalit saattavat tipahtaa puusta kerran jos toisenkin ennen kuin oppivat mestareiksi. Oravanpoikaset saattavat k\u00e4ytt\u00e4yty\u00e4 kovinkin kesyn oloisesti, ennen kuin oppivat varomaan ihmist\u00e4. Ne saattavat jopa l\u00e4hte\u00e4&nbsp;kiipe\u00e4m\u00e4\u00e4n lahjetta pitkin yl\u00f6s. Emo-oravat huolestuneiden \u00e4itien tavoin seuraavat tilannetta l\u00e4hist\u00f6lt\u00e4 ja tulevat hakemaan pudonneet [&hellip;]\" \/>\n<meta property=\"og:url\" content=\"https:\/\/sey.fi\/pernio\/pernion-seudun-elainsuojeluyhdistys\/loytoelaimet\/luonnonvaraiset-elaimet\/oravanpoikanen\/\" \/>\n<meta property=\"og:site_name\" content=\"Perni\u00f6n seudun el\u00e4insuojeluyhdistys\" \/>\n<meta property=\"article:modified_time\" content=\"2019-11-04T13:48:15+00:00\" \/>\n<meta name=\"twitter:card\" content=\"summary_large_image\" \/>\n<meta name=\"twitter:label1\" content=\"Arvioitu lukuaika\" \/>\n\t<meta name=\"twitter:data1\" content=\"1 minuutti\" \/>\n<script type=\"application\/ld+json\" class=\"yoast-schema-graph\">{\"@context\":\"https:\/\/schema.org\",\"@graph\":[{\"@type\":\"WebPage\",\"@id\":\"https:\/\/sey.fi\/pernio\/pernion-seudun-elainsuojeluyhdistys\/loytoelaimet\/luonnonvaraiset-elaimet\/oravanpoikanen\/\",\"url\":\"https:\/\/sey.fi\/pernio\/pernion-seudun-elainsuojeluyhdistys\/loytoelaimet\/luonnonvaraiset-elaimet\/oravanpoikanen\/\",\"name\":\"Oravanpoikanen - Perni\u00f6n seudun el\u00e4insuojeluyhdistys\",\"isPartOf\":{\"@id\":\"https:\/\/sey.fi\/pernio\/#website\"},\"datePublished\":\"2019-11-04T13:48:14+00:00\",\"dateModified\":\"2019-11-04T13:48:15+00:00\",\"breadcrumb\":{\"@id\":\"https:\/\/sey.fi\/pernio\/pernion-seudun-elainsuojeluyhdistys\/loytoelaimet\/luonnonvaraiset-elaimet\/oravanpoikanen\/#breadcrumb\"},\"inLanguage\":\"fi\",\"potentialAction\":[{\"@type\":\"ReadAction\",\"target\":[\"https:\/\/sey.fi\/pernio\/pernion-seudun-elainsuojeluyhdistys\/loytoelaimet\/luonnonvaraiset-elaimet\/oravanpoikanen\/\"]}]},{\"@type\":\"BreadcrumbList\",\"@id\":\"https:\/\/sey.fi\/pernio\/pernion-seudun-elainsuojeluyhdistys\/loytoelaimet\/luonnonvaraiset-elaimet\/oravanpoikanen\/#breadcrumb\",\"itemListElement\":[{\"@type\":\"ListItem\",\"position\":1,\"name\":\"Home\",\"item\":\"https:\/\/sey.fi\/pernio\/\"},{\"@type\":\"ListItem\",\"position\":2,\"name\":\"Perni\u00f6n seudun el\u00e4insuojeluyhdistys\",\"item\":\"https:\/\/sey.fi\/pernio\/\"},{\"@type\":\"ListItem\",\"position\":3,\"name\":\"L\u00f6yt\u00f6el\u00e4imet\",\"item\":\"https:\/\/sey.fi\/pernio\/pernion-seudun-elainsuojeluyhdistys\/loytoelaimet\/\"},{\"@type\":\"ListItem\",\"position\":4,\"name\":\"Luonnonvaraiset el\u00e4imet\",\"item\":\"https:\/\/sey.fi\/pernio\/pernion-seudun-elainsuojeluyhdistys\/loytoelaimet\/luonnonvaraiset-elaimet\/\"},{\"@type\":\"ListItem\",\"position\":5,\"name\":\"Oravanpoikanen\"}]},{\"@type\":\"WebSite\",\"@id\":\"https:\/\/sey.fi\/pernio\/#website\",\"url\":\"https:\/\/sey.fi\/pernio\/\",\"name\":\"Perni\u00f6n seudun el\u00e4insuojeluyhdistys\",\"description\":\"Uusi SEY J\u00e4senyhdistykset -sivusto\",\"potentialAction\":[{\"@type\":\"SearchAction\",\"target\":{\"@type\":\"EntryPoint\",\"urlTemplate\":\"https:\/\/sey.fi\/pernio\/?s={search_term_string}\"},\"query-input\":{\"@type\":\"PropertyValueSpecification\",\"valueRequired\":true,\"valueName\":\"search_term_string\"}}],\"inLanguage\":\"fi\"}]}<\/script>\n<!-- \/ Yoast SEO plugin. -->","yoast_head_json":{"title":"Oravanpoikanen - Perni\u00f6n seudun el\u00e4insuojeluyhdistys","robots":{"index":"index","follow":"follow","max-snippet":"max-snippet:-1","max-image-preview":"max-image-preview:large","max-video-preview":"max-video-preview:-1"},"canonical":"https:\/\/sey.fi\/pernio\/pernion-seudun-elainsuojeluyhdistys\/loytoelaimet\/luonnonvaraiset-elaimet\/oravanpoikanen\/","og_locale":"fi_FI","og_type":"article","og_title":"Oravanpoikanen - Perni\u00f6n seudun el\u00e4insuojeluyhdistys","og_description":"Ensimm\u00e4iset oravanpoikaset aloittelevat kiipeilyharjoituksia kotipes\u00e4ns\u00e4 l\u00e4hettyvill\u00e4 huhtikuussa. Ja aivan kuten ihmistenkin keskuudessa, n\u00e4m\u00e4 pienet hurjap\u00e4iset pojannaskalit saattavat tipahtaa puusta kerran jos toisenkin ennen kuin oppivat mestareiksi. Oravanpoikaset saattavat k\u00e4ytt\u00e4yty\u00e4 kovinkin kesyn oloisesti, ennen kuin oppivat varomaan ihmist\u00e4. Ne saattavat jopa l\u00e4hte\u00e4&nbsp;kiipe\u00e4m\u00e4\u00e4n lahjetta pitkin yl\u00f6s. Emo-oravat huolestuneiden \u00e4itien tavoin seuraavat tilannetta l\u00e4hist\u00f6lt\u00e4 ja tulevat hakemaan pudonneet [&hellip;]","og_url":"https:\/\/sey.fi\/pernio\/pernion-seudun-elainsuojeluyhdistys\/loytoelaimet\/luonnonvaraiset-elaimet\/oravanpoikanen\/","og_site_name":"Perni\u00f6n seudun el\u00e4insuojeluyhdistys","article_modified_time":"2019-11-04T13:48:15+00:00","twitter_card":"summary_large_image","twitter_misc":{"Arvioitu lukuaika":"1 minuutti"},"schema":{"@context":"https:\/\/schema.org","@graph":[{"@type":"WebPage","@id":"https:\/\/sey.fi\/pernio\/pernion-seudun-elainsuojeluyhdistys\/loytoelaimet\/luonnonvaraiset-elaimet\/oravanpoikanen\/","url":"https:\/\/sey.fi\/pernio\/pernion-seudun-elainsuojeluyhdistys\/loytoelaimet\/luonnonvaraiset-elaimet\/oravanpoikanen\/","name":"Oravanpoikanen - Perni\u00f6n seudun el\u00e4insuojeluyhdistys","isPartOf":{"@id":"https:\/\/sey.fi\/pernio\/#website"},"datePublished":"2019-11-04T13:48:14+00:00","dateModified":"2019-11-04T13:48:15+00:00","breadcrumb":{"@id":"https:\/\/sey.fi\/pernio\/pernion-seudun-elainsuojeluyhdistys\/loytoelaimet\/luonnonvaraiset-elaimet\/oravanpoikanen\/#breadcrumb"},"inLanguage":"fi","potentialAction":[{"@type":"ReadAction","target":["https:\/\/sey.fi\/pernio\/pernion-seudun-elainsuojeluyhdistys\/loytoelaimet\/luonnonvaraiset-elaimet\/oravanpoikanen\/"]}]},{"@type":"BreadcrumbList","@id":"https:\/\/sey.fi\/pernio\/pernion-seudun-elainsuojeluyhdistys\/loytoelaimet\/luonnonvaraiset-elaimet\/oravanpoikanen\/#breadcrumb","itemListElement":[{"@type":"ListItem","position":1,"name":"Home","item":"https:\/\/sey.fi\/pernio\/"},{"@type":"ListItem","position":2,"name":"Perni\u00f6n seudun el\u00e4insuojeluyhdistys","item":"https:\/\/sey.fi\/pernio\/"},{"@type":"ListItem","position":3,"name":"L\u00f6yt\u00f6el\u00e4imet","item":"https:\/\/sey.fi\/pernio\/pernion-seudun-elainsuojeluyhdistys\/loytoelaimet\/"},{"@type":"ListItem","position":4,"name":"Luonnonvaraiset el\u00e4imet","item":"https:\/\/sey.fi\/pernio\/pernion-seudun-elainsuojeluyhdistys\/loytoelaimet\/luonnonvaraiset-elaimet\/"},{"@type":"ListItem","position":5,"name":"Oravanpoikanen"}]},{"@type":"WebSite","@id":"https:\/\/sey.fi\/pernio\/#website","url":"https:\/\/sey.fi\/pernio\/","name":"Perni\u00f6n seudun el\u00e4insuojeluyhdistys","description":"Uusi SEY J\u00e4senyhdistykset -sivusto","potentialAction":[{"@type":"SearchAction","target":{"@type":"EntryPoint","urlTemplate":"https:\/\/sey.fi\/pernio\/?s={search_term_string}"},"query-input":{"@type":"PropertyValueSpecification","valueRequired":true,"valueName":"search_term_string"}}],"inLanguage":"fi"}]}},"_links":{"self":[{"href":"https:\/\/sey.fi\/pernio\/wp-json\/wp\/v2\/pages\/40","targetHints":{"allow":["GET"]}}],"collection":[{"href":"https:\/\/sey.fi\/pernio\/wp-json\/wp\/v2\/pages"}],"about":[{"href":"https:\/\/sey.fi\/pernio\/wp-json\/wp\/v2\/types\/page"}],"author":[{"embeddable":true,"href":"https:\/\/sey.fi\/pernio\/wp-json\/wp\/v2\/users\/8"}],"replies":[{"embeddable":true,"href":"https:\/\/sey.fi\/pernio\/wp-json\/wp\/v2\/comments?post=40"}],"version-history":[{"count":1,"href":"https:\/\/sey.fi\/pernio\/wp-json\/wp\/v2\/pages\/40\/revisions"}],"predecessor-version":[{"id":41,"href":"https:\/\/sey.fi\/pernio\/wp-json\/wp\/v2\/pages\/40\/revisions\/41"}],"up":[{"embeddable":true,"href":"https:\/\/sey.fi\/pernio\/wp-json\/wp\/v2\/pages\/36"}],"wp:attachment":[{"href":"https:\/\/sey.fi\/pernio\/wp-json\/wp\/v2\/media?parent=40"}],"curies":[{"name":"wp","href":"https:\/\/api.w.org\/{rel}","templated":true}]}}