{"id":42,"date":"2019-11-04T15:48:49","date_gmt":"2019-11-04T13:48:49","guid":{"rendered":"http:\/\/srvr10.xetpoint.com\/~seyfi\/pernio\/?page_id=42"},"modified":"2019-11-04T15:48:50","modified_gmt":"2019-11-04T13:48:50","slug":"rusakonpoikanen","status":"publish","type":"page","link":"https:\/\/sey.fi\/pernio\/pernion-seudun-elainsuojeluyhdistys\/loytoelaimet\/luonnonvaraiset-elaimet\/rusakonpoikanen\/","title":{"rendered":"Rusakonpoikanen"},"content":{"rendered":"\n<p>Rusakonpoikanen on tummanruskean ja mustan kirjava pienimmill\u00e4\u00e4n alle 10 cm pituinen karvapallo.<br>Hyv\u00e4n\u00e4 tuntomerkkin\u00e4 toimii my\u00f6s otsalla n\u00e4kyv\u00e4 pieni valkoinen \u201dt\u00e4hti\u201d. Rusakkoemo ei tee pes\u00e4\u00e4 lainkaan. Se synnytt\u00e4\u00e4 2-5 poikastaan eri paikkoihin parin metrin p\u00e4\u00e4h\u00e4n toisistaan ja k\u00e4y imett\u00e4m\u00e4ss\u00e4 niit\u00e4 vain kerran pari y\u00f6ss\u00e4. Muun ajan poikaset kyyh\u00f6tt\u00e4v\u00e4t paikoillaan luottaen suojav\u00e4riins\u00e4 ja hajuttomuuteensa. Koirakin saattaa ohittaa rusakonpoikasen vajaan metrin p\u00e4\u00e4st\u00e4 havaitsematta sit\u00e4. Mik\u00e4li rusakonpoikaseen kosketaan, se menett\u00e4\u00e4 hajuttomuuden suojan ja on sen j\u00e4lkeen t\u00e4ysin petoel\u00e4inten armoilla.<\/p>\n\n\n\n<p>Mik\u00e4li rusakonpoikanen on pakko siirt\u00e4\u00e4, siihen ei saa koskea paljain k\u00e4sin. Paras tapa on ker\u00e4t\u00e4 l\u00e4hist\u00f6lt\u00e4 esim. hein\u00e4tukkoja ja nostaa poikanen niiden varassa parempaan paikkaan. Kuitenkin max. 5 metrin p\u00e4\u00e4h\u00e4n alkuper\u00e4isest\u00e4, muuten emo ei en\u00e4\u00e4 l\u00f6yd\u00e4 sit\u00e4 ja hylk\u00e4\u00e4 sen. Jos vahinko on kuitenkin jo tapahtunut ja poikanen on vaarassa j\u00e4\u00e4d\u00e4 hyl\u00e4tyksi, ota yhteys valvojaan. Y\u00f6n yli sen voi s\u00e4ilytt\u00e4\u00e4 l\u00e4mpim\u00e4ss\u00e4, h\u00e4m\u00e4r\u00e4ss\u00e4 paikassa, esim. hein\u00e4ll\u00e4 tai sanomapaperilla vuoratussa pahvilaatikossa. Ruoaksi voi tarjota tuoretta hein\u00e4\u00e4, voikukanlehti\u00e4 ja k\u00e4denl\u00e4mp\u00f6ist\u00e4 \u00e4idinmaidonvastiketta varovasti pipetill\u00e4 suuhun. Vesi- tai muuta astiaa ei laatikkoon saa j\u00e4tt\u00e4\u00e4.<\/p>\n\n\n\n<p>(teksti lainattu Turun el\u00e4insuojeluyhdistyksen sivuilta)<\/p>\n\n\n\n<h4 class=\"wp-block-heading\"><strong>Muista aina varmistua ett\u00e4 luonnosta l\u00f6yt\u00e4m\u00e4si poikanen on avun tarpeessa.<\/strong><\/h4>\n\n\n\n<h4 class=\"wp-block-heading\">Ep\u00e4selviss\u00e4 tapauksissa ota ensin yhteys yhdistyksen neuvojaan 050\u20133396557\/Aho tai 040\u20137629024\/Nyman<br><br><\/h4>\n\n\n\n<h4 class=\"wp-block-heading\"><strong>HUOM!&nbsp;Varmista, ett\u00e4 rusakonpoikanen on todellakin avun tarpeessa. Keinoruokinnalla kasvatetuista poikasista vain puolet selvi\u00e4v\u00e4t aikuiseksi!<\/strong><\/h4>\n","protected":false},"excerpt":{"rendered":"<p>Rusakonpoikanen on tummanruskean ja mustan kirjava pienimmill\u00e4\u00e4n alle 10 cm pituinen karvapallo.Hyv\u00e4n\u00e4 tuntomerkkin\u00e4 toimii my\u00f6s otsalla n\u00e4kyv\u00e4 pieni valkoinen \u201dt\u00e4hti\u201d. Rusakkoemo ei tee pes\u00e4\u00e4 lainkaan. Se synnytt\u00e4\u00e4 2-5 poikastaan eri paikkoihin parin metrin p\u00e4\u00e4h\u00e4n toisistaan ja k\u00e4y imett\u00e4m\u00e4ss\u00e4 niit\u00e4 vain kerran pari y\u00f6ss\u00e4. Muun ajan poikaset kyyh\u00f6tt\u00e4v\u00e4t paikoillaan luottaen suojav\u00e4riins\u00e4 ja hajuttomuuteensa. Koirakin saattaa ohittaa [&hellip;]<\/p>\n","protected":false},"author":8,"featured_media":0,"parent":36,"menu_order":0,"comment_status":"closed","ping_status":"closed","template":"","meta":{"_acf_changed":false,"footnotes":""},"class_list":["post-42","page","type-page","status-publish","hentry"],"acf":[],"yoast_head":"<!-- This site is optimized with the Yoast SEO plugin v27.1.1 - https:\/\/yoast.com\/product\/yoast-seo-wordpress\/ -->\n<title>Rusakonpoikanen - Perni\u00f6n seudun el\u00e4insuojeluyhdistys<\/title>\n<meta name=\"robots\" content=\"index, follow, max-snippet:-1, max-image-preview:large, max-video-preview:-1\" \/>\n<link rel=\"canonical\" href=\"https:\/\/sey.fi\/pernio\/pernion-seudun-elainsuojeluyhdistys\/loytoelaimet\/luonnonvaraiset-elaimet\/rusakonpoikanen\/\" \/>\n<meta property=\"og:locale\" content=\"fi_FI\" \/>\n<meta property=\"og:type\" content=\"article\" \/>\n<meta property=\"og:title\" content=\"Rusakonpoikanen - Perni\u00f6n seudun el\u00e4insuojeluyhdistys\" \/>\n<meta property=\"og:description\" content=\"Rusakonpoikanen on tummanruskean ja mustan kirjava pienimmill\u00e4\u00e4n alle 10 cm pituinen karvapallo.Hyv\u00e4n\u00e4 tuntomerkkin\u00e4 toimii my\u00f6s otsalla n\u00e4kyv\u00e4 pieni valkoinen \u201dt\u00e4hti\u201d. Rusakkoemo ei tee pes\u00e4\u00e4 lainkaan. Se synnytt\u00e4\u00e4 2-5 poikastaan eri paikkoihin parin metrin p\u00e4\u00e4h\u00e4n toisistaan ja k\u00e4y imett\u00e4m\u00e4ss\u00e4 niit\u00e4 vain kerran pari y\u00f6ss\u00e4. Muun ajan poikaset kyyh\u00f6tt\u00e4v\u00e4t paikoillaan luottaen suojav\u00e4riins\u00e4 ja hajuttomuuteensa. Koirakin saattaa ohittaa [&hellip;]\" \/>\n<meta property=\"og:url\" content=\"https:\/\/sey.fi\/pernio\/pernion-seudun-elainsuojeluyhdistys\/loytoelaimet\/luonnonvaraiset-elaimet\/rusakonpoikanen\/\" \/>\n<meta property=\"og:site_name\" content=\"Perni\u00f6n seudun el\u00e4insuojeluyhdistys\" \/>\n<meta property=\"article:modified_time\" content=\"2019-11-04T13:48:50+00:00\" \/>\n<meta name=\"twitter:card\" content=\"summary_large_image\" \/>\n<meta name=\"twitter:label1\" content=\"Arvioitu lukuaika\" \/>\n\t<meta name=\"twitter:data1\" content=\"1 minuutti\" \/>\n<script type=\"application\/ld+json\" class=\"yoast-schema-graph\">{\"@context\":\"https:\/\/schema.org\",\"@graph\":[{\"@type\":\"WebPage\",\"@id\":\"https:\/\/sey.fi\/pernio\/pernion-seudun-elainsuojeluyhdistys\/loytoelaimet\/luonnonvaraiset-elaimet\/rusakonpoikanen\/\",\"url\":\"https:\/\/sey.fi\/pernio\/pernion-seudun-elainsuojeluyhdistys\/loytoelaimet\/luonnonvaraiset-elaimet\/rusakonpoikanen\/\",\"name\":\"Rusakonpoikanen - Perni\u00f6n seudun el\u00e4insuojeluyhdistys\",\"isPartOf\":{\"@id\":\"https:\/\/sey.fi\/pernio\/#website\"},\"datePublished\":\"2019-11-04T13:48:49+00:00\",\"dateModified\":\"2019-11-04T13:48:50+00:00\",\"breadcrumb\":{\"@id\":\"https:\/\/sey.fi\/pernio\/pernion-seudun-elainsuojeluyhdistys\/loytoelaimet\/luonnonvaraiset-elaimet\/rusakonpoikanen\/#breadcrumb\"},\"inLanguage\":\"fi\",\"potentialAction\":[{\"@type\":\"ReadAction\",\"target\":[\"https:\/\/sey.fi\/pernio\/pernion-seudun-elainsuojeluyhdistys\/loytoelaimet\/luonnonvaraiset-elaimet\/rusakonpoikanen\/\"]}]},{\"@type\":\"BreadcrumbList\",\"@id\":\"https:\/\/sey.fi\/pernio\/pernion-seudun-elainsuojeluyhdistys\/loytoelaimet\/luonnonvaraiset-elaimet\/rusakonpoikanen\/#breadcrumb\",\"itemListElement\":[{\"@type\":\"ListItem\",\"position\":1,\"name\":\"Home\",\"item\":\"https:\/\/sey.fi\/pernio\/\"},{\"@type\":\"ListItem\",\"position\":2,\"name\":\"Perni\u00f6n seudun el\u00e4insuojeluyhdistys\",\"item\":\"https:\/\/sey.fi\/pernio\/\"},{\"@type\":\"ListItem\",\"position\":3,\"name\":\"L\u00f6yt\u00f6el\u00e4imet\",\"item\":\"https:\/\/sey.fi\/pernio\/pernion-seudun-elainsuojeluyhdistys\/loytoelaimet\/\"},{\"@type\":\"ListItem\",\"position\":4,\"name\":\"Luonnonvaraiset el\u00e4imet\",\"item\":\"https:\/\/sey.fi\/pernio\/pernion-seudun-elainsuojeluyhdistys\/loytoelaimet\/luonnonvaraiset-elaimet\/\"},{\"@type\":\"ListItem\",\"position\":5,\"name\":\"Rusakonpoikanen\"}]},{\"@type\":\"WebSite\",\"@id\":\"https:\/\/sey.fi\/pernio\/#website\",\"url\":\"https:\/\/sey.fi\/pernio\/\",\"name\":\"Perni\u00f6n seudun el\u00e4insuojeluyhdistys\",\"description\":\"Uusi SEY J\u00e4senyhdistykset -sivusto\",\"potentialAction\":[{\"@type\":\"SearchAction\",\"target\":{\"@type\":\"EntryPoint\",\"urlTemplate\":\"https:\/\/sey.fi\/pernio\/?s={search_term_string}\"},\"query-input\":{\"@type\":\"PropertyValueSpecification\",\"valueRequired\":true,\"valueName\":\"search_term_string\"}}],\"inLanguage\":\"fi\"}]}<\/script>\n<!-- \/ Yoast SEO plugin. -->","yoast_head_json":{"title":"Rusakonpoikanen - Perni\u00f6n seudun el\u00e4insuojeluyhdistys","robots":{"index":"index","follow":"follow","max-snippet":"max-snippet:-1","max-image-preview":"max-image-preview:large","max-video-preview":"max-video-preview:-1"},"canonical":"https:\/\/sey.fi\/pernio\/pernion-seudun-elainsuojeluyhdistys\/loytoelaimet\/luonnonvaraiset-elaimet\/rusakonpoikanen\/","og_locale":"fi_FI","og_type":"article","og_title":"Rusakonpoikanen - Perni\u00f6n seudun el\u00e4insuojeluyhdistys","og_description":"Rusakonpoikanen on tummanruskean ja mustan kirjava pienimmill\u00e4\u00e4n alle 10 cm pituinen karvapallo.Hyv\u00e4n\u00e4 tuntomerkkin\u00e4 toimii my\u00f6s otsalla n\u00e4kyv\u00e4 pieni valkoinen \u201dt\u00e4hti\u201d. Rusakkoemo ei tee pes\u00e4\u00e4 lainkaan. Se synnytt\u00e4\u00e4 2-5 poikastaan eri paikkoihin parin metrin p\u00e4\u00e4h\u00e4n toisistaan ja k\u00e4y imett\u00e4m\u00e4ss\u00e4 niit\u00e4 vain kerran pari y\u00f6ss\u00e4. Muun ajan poikaset kyyh\u00f6tt\u00e4v\u00e4t paikoillaan luottaen suojav\u00e4riins\u00e4 ja hajuttomuuteensa. Koirakin saattaa ohittaa [&hellip;]","og_url":"https:\/\/sey.fi\/pernio\/pernion-seudun-elainsuojeluyhdistys\/loytoelaimet\/luonnonvaraiset-elaimet\/rusakonpoikanen\/","og_site_name":"Perni\u00f6n seudun el\u00e4insuojeluyhdistys","article_modified_time":"2019-11-04T13:48:50+00:00","twitter_card":"summary_large_image","twitter_misc":{"Arvioitu lukuaika":"1 minuutti"},"schema":{"@context":"https:\/\/schema.org","@graph":[{"@type":"WebPage","@id":"https:\/\/sey.fi\/pernio\/pernion-seudun-elainsuojeluyhdistys\/loytoelaimet\/luonnonvaraiset-elaimet\/rusakonpoikanen\/","url":"https:\/\/sey.fi\/pernio\/pernion-seudun-elainsuojeluyhdistys\/loytoelaimet\/luonnonvaraiset-elaimet\/rusakonpoikanen\/","name":"Rusakonpoikanen - Perni\u00f6n seudun el\u00e4insuojeluyhdistys","isPartOf":{"@id":"https:\/\/sey.fi\/pernio\/#website"},"datePublished":"2019-11-04T13:48:49+00:00","dateModified":"2019-11-04T13:48:50+00:00","breadcrumb":{"@id":"https:\/\/sey.fi\/pernio\/pernion-seudun-elainsuojeluyhdistys\/loytoelaimet\/luonnonvaraiset-elaimet\/rusakonpoikanen\/#breadcrumb"},"inLanguage":"fi","potentialAction":[{"@type":"ReadAction","target":["https:\/\/sey.fi\/pernio\/pernion-seudun-elainsuojeluyhdistys\/loytoelaimet\/luonnonvaraiset-elaimet\/rusakonpoikanen\/"]}]},{"@type":"BreadcrumbList","@id":"https:\/\/sey.fi\/pernio\/pernion-seudun-elainsuojeluyhdistys\/loytoelaimet\/luonnonvaraiset-elaimet\/rusakonpoikanen\/#breadcrumb","itemListElement":[{"@type":"ListItem","position":1,"name":"Home","item":"https:\/\/sey.fi\/pernio\/"},{"@type":"ListItem","position":2,"name":"Perni\u00f6n seudun el\u00e4insuojeluyhdistys","item":"https:\/\/sey.fi\/pernio\/"},{"@type":"ListItem","position":3,"name":"L\u00f6yt\u00f6el\u00e4imet","item":"https:\/\/sey.fi\/pernio\/pernion-seudun-elainsuojeluyhdistys\/loytoelaimet\/"},{"@type":"ListItem","position":4,"name":"Luonnonvaraiset el\u00e4imet","item":"https:\/\/sey.fi\/pernio\/pernion-seudun-elainsuojeluyhdistys\/loytoelaimet\/luonnonvaraiset-elaimet\/"},{"@type":"ListItem","position":5,"name":"Rusakonpoikanen"}]},{"@type":"WebSite","@id":"https:\/\/sey.fi\/pernio\/#website","url":"https:\/\/sey.fi\/pernio\/","name":"Perni\u00f6n seudun el\u00e4insuojeluyhdistys","description":"Uusi SEY J\u00e4senyhdistykset -sivusto","potentialAction":[{"@type":"SearchAction","target":{"@type":"EntryPoint","urlTemplate":"https:\/\/sey.fi\/pernio\/?s={search_term_string}"},"query-input":{"@type":"PropertyValueSpecification","valueRequired":true,"valueName":"search_term_string"}}],"inLanguage":"fi"}]}},"_links":{"self":[{"href":"https:\/\/sey.fi\/pernio\/wp-json\/wp\/v2\/pages\/42","targetHints":{"allow":["GET"]}}],"collection":[{"href":"https:\/\/sey.fi\/pernio\/wp-json\/wp\/v2\/pages"}],"about":[{"href":"https:\/\/sey.fi\/pernio\/wp-json\/wp\/v2\/types\/page"}],"author":[{"embeddable":true,"href":"https:\/\/sey.fi\/pernio\/wp-json\/wp\/v2\/users\/8"}],"replies":[{"embeddable":true,"href":"https:\/\/sey.fi\/pernio\/wp-json\/wp\/v2\/comments?post=42"}],"version-history":[{"count":1,"href":"https:\/\/sey.fi\/pernio\/wp-json\/wp\/v2\/pages\/42\/revisions"}],"predecessor-version":[{"id":43,"href":"https:\/\/sey.fi\/pernio\/wp-json\/wp\/v2\/pages\/42\/revisions\/43"}],"up":[{"embeddable":true,"href":"https:\/\/sey.fi\/pernio\/wp-json\/wp\/v2\/pages\/36"}],"wp:attachment":[{"href":"https:\/\/sey.fi\/pernio\/wp-json\/wp\/v2\/media?parent=42"}],"curies":[{"name":"wp","href":"https:\/\/api.w.org\/{rel}","templated":true}]}}