{"id":44,"date":"2019-11-04T15:50:08","date_gmt":"2019-11-04T13:50:08","guid":{"rendered":"http:\/\/srvr10.xetpoint.com\/~seyfi\/pernio\/?page_id=44"},"modified":"2021-01-18T19:15:46","modified_gmt":"2021-01-18T17:15:46","slug":"salon-alueen-loytoelainkodit","status":"publish","type":"page","link":"https:\/\/sey.fi\/pernio\/pernion-seudun-elainsuojeluyhdistys\/loytoelaimet\/salon-alueen-loytoelainkodit\/","title":{"rendered":"Salon alueen l\u00f6yt\u00f6el\u00e4inkodit"},"content":{"rendered":"\n<p>Salon kaupungilla (Salo, Halikko, Pertteli, Kuusjoki, Suomusj\u00e4rvi, S\u00e4rkisalo, Perni\u00f6, Kiikala, Kisko) on viisi sopimusta l\u00f6yt\u00f6el\u00e4inten vastaanotosta.<\/p>\n\n\n\n<p>Kunnan on huolehdittava alueellaan irrallaan tavattujen ja talteenotettujen koirien ja kissojen sek\u00e4 muiden vastaavien pienikokoisten seura- ja harrastusel\u00e4inten tilap\u00e4isen hoidon j\u00e4rjest\u00e4misest\u00e4.<\/p>\n\n\n\n<p>Talteenotettua el\u00e4int\u00e4 on s\u00e4ilytett\u00e4v\u00e4 v\u00e4hint\u00e4\u00e4n 15 p\u00e4iv\u00e4n ajan, mink\u00e4 j\u00e4lkeen kunnalla on oikeus myyd\u00e4, muutoin luovuttaa tai lopettaa el\u00e4in.<\/p>\n\n\n\n<p>Kunnalla\/l\u00f6yt\u00f6el\u00e4imen vastaanottajalla on oikeus peri\u00e4 el\u00e4imen omistajalta tai haltijalta korvaus el\u00e4imen talteenotosta, hoidosta ja mahdollisesta lopettamisesta aiheutuneista kustannuksista.<\/p>\n\n\n\n<h2 class=\"wp-block-heading\">Yhdistyksen hoidossa oleville kissoille etsit\u00e4\u00e4n uusia koteja.<\/h2>\n\n\n\n<p>Kissat luovutetaan loish\u00e4\u00e4dettyin\u00e4, rokotettuina, tunnistusmerkittyin\u00e4 ja el\u00e4inl\u00e4\u00e4k\u00e4rin tarkastamina. Kissat my\u00f6s steriloidaan ennen luovutusta, mik\u00e4li se kissan i\u00e4n ja terveydentilan huomioon ottaen on mahdollista. N\u00e4ist\u00e4 aiheutuneet el\u00e4inl\u00e4\u00e4k\u00e4rikulut perit\u00e4\u00e4n osittain kissan uudelta kodilta.<\/p>\n\n\n\n<p><strong>AIKUISTEN KISSOJEN ENSISIJAINEN PAIKKA<\/strong><br>Axxell Brusaby naturbruksenhet -oppilaitos Kemi\u00f6ss\u00e4<br>Brusabyntie 2, 25700 Kemi\u00f6<br>Puh. 044 739 7118<br>P\u00e4ivystys arkisin klo 8-16.<br>Axxellin p\u00e4ivystysajan ulkopuolella iltaisin ja viikonloppuisin yhteys&nbsp;Salon l\u00f6yt\u00f6el\u00e4inp\u00e4ivystys 044 778 4617 tai Perni\u00f6n El\u00e4insuojeluyhdistykseen 050-33 96 557 l\u00f6yt\u00f6el\u00e4imen (kissan) hoidon j\u00e4rjest\u00e4miseksi.<br><a href=\"http:\/\/www.axxell.fi\/sv\/enheter\/kimito\/hittedjur.html\" target=\"_blank\" rel=\"noreferrer noopener\">Axxell &#8211; l\u00f6yt\u00f6el\u00e4insivu<\/a><br><br><strong>PENNUT, EMOT JA NUORET KISSAT<\/strong><br>Perni\u00f6n Seudun El\u00e4insuojeluyhdistys<br>Salon Seudun El\u00e4insuojeluyhdistys<br>Salon l\u00f6yt\u00f6el\u00e4inp\u00e4ivystys 044 778 4617 tai 050-33 96 557<br>Toimii my\u00f6s aikuisten kissojen v\u00e4liaikaisena sijoituspaikkana Axxelin p\u00e4ivystysajan ulkopuolella iltaisin ja viikonloppuisin.<\/p>\n\n\n\n<p>Koira- ja kissahoitola Aaltonen Halikossa<br>Kokkilantie 692, 25230 Angelniemi<br>Puh. (02) 736 7225, Paula 040 518 3860, Jarmo 0400 858 103<br><a rel=\"noreferrer noopener\" href=\"http:\/\/www.koirahoitolaaaltonen.net\/\" target=\"_blank\">www.koirahoitolaaaltonen.net<\/a><br><br>Lemmikkihotelli Nella Pertteliss\u00e4<br>Toukolantie 30, 25370, Pertteli<br>Puh. 044 574 9870, 044 270 1357 (in english).<br><a rel=\"noreferrer noopener\" href=\"https:\/\/www.facebook.com\/lemmikkihotelli.nella?ref=ts&amp;fref=ts\" target=\"_blank\">Lemmikkihotelli Nella Facebookissa<\/a><br><a rel=\"noreferrer noopener\" href=\"http:\/\/www.lemmikkihotellinella.com\/\" target=\"_blank\">www.lemmikkihotellinella.com<\/a><br><br>Jos et tavoita hoitoloista ket\u00e4\u00e4n, ota yhteytt\u00e4\u00a0 Salon l\u00f6yt\u00f6el\u00e4inp\u00e4ivystys 044 778 4617, Leena Aho 050\u20133396557 tai Taija Siira 045-2121 151<\/p>\n\n\n\n<p>L\u00f6yt\u00f6el\u00e4inasiat ovat siirtyneet vuoden 2013 alusta ymp\u00e4rist\u00f6terveydenhuollolle.<\/p>\n\n\n\n<h3 class=\"wp-block-heading\"><strong>L\u00f6yt\u00f6el\u00e4inten talteenotto ja kuljetus<\/strong><\/h3>\n\n\n\n<p>L\u00f6yt\u00e4j\u00e4 ilmoittaa el\u00e4imest\u00e4 Perni\u00f6n tai Salon Seudun El\u00e4insuojeluyhdistys ry:lle<\/p>\n\n\n\n<p>Kadotettuasi lemmikin tai l\u00f6ydetty\u00e4si harhailevan lemmikkiel\u00e4imen ilmoita el\u00e4insuojeluyhdistykseen, joilla saattaa olla tietoa asiasta.<br>Jos viet l\u00f6yt\u00f6el\u00e4imen yll\u00e4 olevaan kaupungin hoitopaikkaan, tee hakemus ymp\u00e4rist\u00f6terveydenhuoltoon kilometrikorvauksen maksamiseksi.<\/p>\n","protected":false},"excerpt":{"rendered":"<p>Salon kaupungilla (Salo, Halikko, Pertteli, Kuusjoki, Suomusj\u00e4rvi, S\u00e4rkisalo, Perni\u00f6, Kiikala, Kisko) on viisi sopimusta l\u00f6yt\u00f6el\u00e4inten vastaanotosta. Kunnan on huolehdittava alueellaan irrallaan tavattujen ja talteenotettujen koirien ja kissojen sek\u00e4 muiden vastaavien pienikokoisten seura- ja harrastusel\u00e4inten tilap\u00e4isen hoidon j\u00e4rjest\u00e4misest\u00e4. Talteenotettua el\u00e4int\u00e4 on s\u00e4ilytett\u00e4v\u00e4 v\u00e4hint\u00e4\u00e4n 15 p\u00e4iv\u00e4n ajan, mink\u00e4 j\u00e4lkeen kunnalla on oikeus myyd\u00e4, muutoin luovuttaa tai lopettaa [&hellip;]<\/p>\n","protected":false},"author":8,"featured_media":0,"parent":34,"menu_order":0,"comment_status":"closed","ping_status":"closed","template":"","meta":{"_acf_changed":false,"footnotes":""},"class_list":["post-44","page","type-page","status-publish","hentry"],"acf":[],"yoast_head":"<!-- This site is optimized with the Yoast SEO plugin v27.1.1 - https:\/\/yoast.com\/product\/yoast-seo-wordpress\/ -->\n<title>Salon alueen l\u00f6yt\u00f6el\u00e4inkodit - Perni\u00f6n seudun el\u00e4insuojeluyhdistys<\/title>\n<meta name=\"robots\" content=\"index, follow, max-snippet:-1, max-image-preview:large, max-video-preview:-1\" \/>\n<link rel=\"canonical\" href=\"https:\/\/sey.fi\/pernio\/pernion-seudun-elainsuojeluyhdistys\/loytoelaimet\/salon-alueen-loytoelainkodit\/\" \/>\n<meta property=\"og:locale\" content=\"fi_FI\" \/>\n<meta property=\"og:type\" content=\"article\" \/>\n<meta property=\"og:title\" content=\"Salon alueen l\u00f6yt\u00f6el\u00e4inkodit - Perni\u00f6n seudun el\u00e4insuojeluyhdistys\" \/>\n<meta property=\"og:description\" content=\"Salon kaupungilla (Salo, Halikko, Pertteli, Kuusjoki, Suomusj\u00e4rvi, S\u00e4rkisalo, Perni\u00f6, Kiikala, Kisko) on viisi sopimusta l\u00f6yt\u00f6el\u00e4inten vastaanotosta. Kunnan on huolehdittava alueellaan irrallaan tavattujen ja talteenotettujen koirien ja kissojen sek\u00e4 muiden vastaavien pienikokoisten seura- ja harrastusel\u00e4inten tilap\u00e4isen hoidon j\u00e4rjest\u00e4misest\u00e4. Talteenotettua el\u00e4int\u00e4 on s\u00e4ilytett\u00e4v\u00e4 v\u00e4hint\u00e4\u00e4n 15 p\u00e4iv\u00e4n ajan, mink\u00e4 j\u00e4lkeen kunnalla on oikeus myyd\u00e4, muutoin luovuttaa tai lopettaa [&hellip;]\" \/>\n<meta property=\"og:url\" content=\"https:\/\/sey.fi\/pernio\/pernion-seudun-elainsuojeluyhdistys\/loytoelaimet\/salon-alueen-loytoelainkodit\/\" \/>\n<meta property=\"og:site_name\" content=\"Perni\u00f6n seudun el\u00e4insuojeluyhdistys\" \/>\n<meta property=\"article:modified_time\" content=\"2021-01-18T17:15:46+00:00\" \/>\n<meta name=\"twitter:card\" content=\"summary_large_image\" \/>\n<meta name=\"twitter:label1\" content=\"Arvioitu lukuaika\" \/>\n\t<meta name=\"twitter:data1\" content=\"2 minuuttia\" \/>\n<script type=\"application\/ld+json\" class=\"yoast-schema-graph\">{\"@context\":\"https:\/\/schema.org\",\"@graph\":[{\"@type\":\"WebPage\",\"@id\":\"https:\/\/sey.fi\/pernio\/pernion-seudun-elainsuojeluyhdistys\/loytoelaimet\/salon-alueen-loytoelainkodit\/\",\"url\":\"https:\/\/sey.fi\/pernio\/pernion-seudun-elainsuojeluyhdistys\/loytoelaimet\/salon-alueen-loytoelainkodit\/\",\"name\":\"Salon alueen l\u00f6yt\u00f6el\u00e4inkodit - Perni\u00f6n seudun el\u00e4insuojeluyhdistys\",\"isPartOf\":{\"@id\":\"https:\/\/sey.fi\/pernio\/#website\"},\"datePublished\":\"2019-11-04T13:50:08+00:00\",\"dateModified\":\"2021-01-18T17:15:46+00:00\",\"breadcrumb\":{\"@id\":\"https:\/\/sey.fi\/pernio\/pernion-seudun-elainsuojeluyhdistys\/loytoelaimet\/salon-alueen-loytoelainkodit\/#breadcrumb\"},\"inLanguage\":\"fi\",\"potentialAction\":[{\"@type\":\"ReadAction\",\"target\":[\"https:\/\/sey.fi\/pernio\/pernion-seudun-elainsuojeluyhdistys\/loytoelaimet\/salon-alueen-loytoelainkodit\/\"]}]},{\"@type\":\"BreadcrumbList\",\"@id\":\"https:\/\/sey.fi\/pernio\/pernion-seudun-elainsuojeluyhdistys\/loytoelaimet\/salon-alueen-loytoelainkodit\/#breadcrumb\",\"itemListElement\":[{\"@type\":\"ListItem\",\"position\":1,\"name\":\"Home\",\"item\":\"https:\/\/sey.fi\/pernio\/\"},{\"@type\":\"ListItem\",\"position\":2,\"name\":\"Perni\u00f6n seudun el\u00e4insuojeluyhdistys\",\"item\":\"https:\/\/sey.fi\/pernio\/\"},{\"@type\":\"ListItem\",\"position\":3,\"name\":\"L\u00f6yt\u00f6el\u00e4imet\",\"item\":\"https:\/\/sey.fi\/pernio\/pernion-seudun-elainsuojeluyhdistys\/loytoelaimet\/\"},{\"@type\":\"ListItem\",\"position\":4,\"name\":\"Salon alueen l\u00f6yt\u00f6el\u00e4inkodit\"}]},{\"@type\":\"WebSite\",\"@id\":\"https:\/\/sey.fi\/pernio\/#website\",\"url\":\"https:\/\/sey.fi\/pernio\/\",\"name\":\"Perni\u00f6n seudun el\u00e4insuojeluyhdistys\",\"description\":\"Uusi SEY J\u00e4senyhdistykset -sivusto\",\"potentialAction\":[{\"@type\":\"SearchAction\",\"target\":{\"@type\":\"EntryPoint\",\"urlTemplate\":\"https:\/\/sey.fi\/pernio\/?s={search_term_string}\"},\"query-input\":{\"@type\":\"PropertyValueSpecification\",\"valueRequired\":true,\"valueName\":\"search_term_string\"}}],\"inLanguage\":\"fi\"}]}<\/script>\n<!-- \/ Yoast SEO plugin. -->","yoast_head_json":{"title":"Salon alueen l\u00f6yt\u00f6el\u00e4inkodit - Perni\u00f6n seudun el\u00e4insuojeluyhdistys","robots":{"index":"index","follow":"follow","max-snippet":"max-snippet:-1","max-image-preview":"max-image-preview:large","max-video-preview":"max-video-preview:-1"},"canonical":"https:\/\/sey.fi\/pernio\/pernion-seudun-elainsuojeluyhdistys\/loytoelaimet\/salon-alueen-loytoelainkodit\/","og_locale":"fi_FI","og_type":"article","og_title":"Salon alueen l\u00f6yt\u00f6el\u00e4inkodit - Perni\u00f6n seudun el\u00e4insuojeluyhdistys","og_description":"Salon kaupungilla (Salo, Halikko, Pertteli, Kuusjoki, Suomusj\u00e4rvi, S\u00e4rkisalo, Perni\u00f6, Kiikala, Kisko) on viisi sopimusta l\u00f6yt\u00f6el\u00e4inten vastaanotosta. Kunnan on huolehdittava alueellaan irrallaan tavattujen ja talteenotettujen koirien ja kissojen sek\u00e4 muiden vastaavien pienikokoisten seura- ja harrastusel\u00e4inten tilap\u00e4isen hoidon j\u00e4rjest\u00e4misest\u00e4. Talteenotettua el\u00e4int\u00e4 on s\u00e4ilytett\u00e4v\u00e4 v\u00e4hint\u00e4\u00e4n 15 p\u00e4iv\u00e4n ajan, mink\u00e4 j\u00e4lkeen kunnalla on oikeus myyd\u00e4, muutoin luovuttaa tai lopettaa [&hellip;]","og_url":"https:\/\/sey.fi\/pernio\/pernion-seudun-elainsuojeluyhdistys\/loytoelaimet\/salon-alueen-loytoelainkodit\/","og_site_name":"Perni\u00f6n seudun el\u00e4insuojeluyhdistys","article_modified_time":"2021-01-18T17:15:46+00:00","twitter_card":"summary_large_image","twitter_misc":{"Arvioitu lukuaika":"2 minuuttia"},"schema":{"@context":"https:\/\/schema.org","@graph":[{"@type":"WebPage","@id":"https:\/\/sey.fi\/pernio\/pernion-seudun-elainsuojeluyhdistys\/loytoelaimet\/salon-alueen-loytoelainkodit\/","url":"https:\/\/sey.fi\/pernio\/pernion-seudun-elainsuojeluyhdistys\/loytoelaimet\/salon-alueen-loytoelainkodit\/","name":"Salon alueen l\u00f6yt\u00f6el\u00e4inkodit - Perni\u00f6n seudun el\u00e4insuojeluyhdistys","isPartOf":{"@id":"https:\/\/sey.fi\/pernio\/#website"},"datePublished":"2019-11-04T13:50:08+00:00","dateModified":"2021-01-18T17:15:46+00:00","breadcrumb":{"@id":"https:\/\/sey.fi\/pernio\/pernion-seudun-elainsuojeluyhdistys\/loytoelaimet\/salon-alueen-loytoelainkodit\/#breadcrumb"},"inLanguage":"fi","potentialAction":[{"@type":"ReadAction","target":["https:\/\/sey.fi\/pernio\/pernion-seudun-elainsuojeluyhdistys\/loytoelaimet\/salon-alueen-loytoelainkodit\/"]}]},{"@type":"BreadcrumbList","@id":"https:\/\/sey.fi\/pernio\/pernion-seudun-elainsuojeluyhdistys\/loytoelaimet\/salon-alueen-loytoelainkodit\/#breadcrumb","itemListElement":[{"@type":"ListItem","position":1,"name":"Home","item":"https:\/\/sey.fi\/pernio\/"},{"@type":"ListItem","position":2,"name":"Perni\u00f6n seudun el\u00e4insuojeluyhdistys","item":"https:\/\/sey.fi\/pernio\/"},{"@type":"ListItem","position":3,"name":"L\u00f6yt\u00f6el\u00e4imet","item":"https:\/\/sey.fi\/pernio\/pernion-seudun-elainsuojeluyhdistys\/loytoelaimet\/"},{"@type":"ListItem","position":4,"name":"Salon alueen l\u00f6yt\u00f6el\u00e4inkodit"}]},{"@type":"WebSite","@id":"https:\/\/sey.fi\/pernio\/#website","url":"https:\/\/sey.fi\/pernio\/","name":"Perni\u00f6n seudun el\u00e4insuojeluyhdistys","description":"Uusi SEY J\u00e4senyhdistykset -sivusto","potentialAction":[{"@type":"SearchAction","target":{"@type":"EntryPoint","urlTemplate":"https:\/\/sey.fi\/pernio\/?s={search_term_string}"},"query-input":{"@type":"PropertyValueSpecification","valueRequired":true,"valueName":"search_term_string"}}],"inLanguage":"fi"}]}},"_links":{"self":[{"href":"https:\/\/sey.fi\/pernio\/wp-json\/wp\/v2\/pages\/44","targetHints":{"allow":["GET"]}}],"collection":[{"href":"https:\/\/sey.fi\/pernio\/wp-json\/wp\/v2\/pages"}],"about":[{"href":"https:\/\/sey.fi\/pernio\/wp-json\/wp\/v2\/types\/page"}],"author":[{"embeddable":true,"href":"https:\/\/sey.fi\/pernio\/wp-json\/wp\/v2\/users\/8"}],"replies":[{"embeddable":true,"href":"https:\/\/sey.fi\/pernio\/wp-json\/wp\/v2\/comments?post=44"}],"version-history":[{"count":2,"href":"https:\/\/sey.fi\/pernio\/wp-json\/wp\/v2\/pages\/44\/revisions"}],"predecessor-version":[{"id":107,"href":"https:\/\/sey.fi\/pernio\/wp-json\/wp\/v2\/pages\/44\/revisions\/107"}],"up":[{"embeddable":true,"href":"https:\/\/sey.fi\/pernio\/wp-json\/wp\/v2\/pages\/34"}],"wp:attachment":[{"href":"https:\/\/sey.fi\/pernio\/wp-json\/wp\/v2\/media?parent=44"}],"curies":[{"name":"wp","href":"https:\/\/api.w.org\/{rel}","templated":true}]}}